{"id":24178,"date":"2021-02-24T18:56:36","date_gmt":"2021-02-24T16:56:36","guid":{"rendered":"https:\/\/mylipfiller.com\/?post_type=product&#038;p=24178"},"modified":"2026-02-17T15:27:25","modified_gmt":"2026-02-17T13:27:25","slug":"dr-cyj-hair-filler-1-x-1ml","status":"publish","type":"product","link":"https:\/\/mylipfiller.com\/es\/dr-cyj-hair-filler-1-x-1ml\/","title":{"rendered":"Relleno capilar Dr. CYJ (2 x 1 ml)"},"content":{"rendered":"<p>Caregon se destaca por el uso de p\u00e9ptidos en sus productos. Uno de los principales fabricantes de soluciones de mesoterapia, ha patentado m\u00e1s de 120 p\u00e9ptidos. Utilizando su conocimiento de los p\u00e9ptidos, la empresa desarroll\u00f3 el primer relleno para el cabello del mercado. Combin\u00f3 siete p\u00e9ptidos y \u00e1cido hialur\u00f3nico para estimular el crecimiento del cabello en el \u00e1rea del cuero cabelludo tanto en pacientes masculinos como femeninos. Es una forma de tratamiento directo de la alopecia para hombres y mujeres. Dr. CYJ Hair Filler ayudar\u00e1 a los pacientes con adelgazamiento del cabello y es un tratamiento postrasplante de cabello recomendado para aumentar y retener los resultados del trasplante de cabello.<\/p>\n<p>El producto funciona bien con otras soluciones de estimulaci\u00f3n del crecimiento del cabello y Dr. CYJ Hair Filler es muy eficaz cuando se combina con Dermaheal HL de Caregen y, especialmente, Dermaheal Stem C&#039;rum HL. Se pueden utilizar para formar una terapia anti-ca\u00edda de cabello altamente efectiva, que mejorar\u00e1 el tama\u00f1o y la fuerza del fol\u00edculo piloso. El relleno de cabello no solo detendr\u00e1 la ca\u00edda del cabello, sino que se observar\u00e1 una reversi\u00f3n visible del proceso de ca\u00edda del cabello despu\u00e9s de solo dos meses de la inyecci\u00f3n.<\/p>\n<h3>Protocolo de inyecci\u00f3n<\/h3>\n<p>El Dr. CYJ Hair Filler se inyecta directamente en el cuero cabelludo, una vez dos veces al mes (con dos semanas de diferencia) para un total de cuatro sesiones.<\/p>","protected":false},"excerpt":{"rendered":"<p>Dr. CYJ Hair Filler es un producto innovador: el primer relleno de cabello HA en el mercado, entregado por el gigante de la industria m\u00e9dica coreana Caregen y llamado as\u00ed por el fundador de la compa\u00f1\u00eda, el Dr. Chung Young Ji. Combinando el poder de los p\u00e9ptidos con los efectos beneficiosos del \u00e1cido hialur\u00f3nico, este relleno para el cabello puede brindar excelentes resultados a los pacientes en solo dos meses de seguir el protocolo de inyecci\u00f3n. El producto estimula directamente el proceso de reconstrucci\u00f3n del cuero cabelludo y estimula el crecimiento del cabello.<\/p>","protected":false},"featured_media":24180,"template":"","meta":{"_acf_changed":false},"product_brand":[],"product_cat":[158,18,32],"product_tag":[117,145,137,119,148],"class_list":{"0":"post-24178","1":"product","2":"type-product","3":"status-publish","4":"has-post-thumbnail","6":"product_cat-caregen","7":"product_cat-mesotherapy","8":"product_cat-soft","9":"product_tag-low-density","10":"product_tag-nourishing","11":"product_tag-south-korea","12":"product_tag-up-to-9-months","13":"product_tag-upper-dermis","15":"first","16":"instock","17":"taxable","18":"shipping-taxable","19":"purchasable","20":"product-type-simple"},"acf":[],"yoast_head":"<!-- This site is optimized with the Yoast SEO plugin v27.4 - https:\/\/yoast.com\/product\/yoast-seo-wordpress\/ -->\n<title>Buy Dr. CYJ Hair Filler (2 x 1ml) - Fillers from My Lip Filler<\/title>\n<meta name=\"description\" content=\"\u2765Buy Dr. CYJ Hair Filler (2 x 1ml) \u23e9 My Lip Filler online store \u27a6 Quality assurance, reviews, ingredients, best prices!\" \/>\n<meta name=\"robots\" content=\"index, follow, max-snippet:-1, max-image-preview:large, max-video-preview:-1\" \/>\n<link rel=\"canonical\" href=\"https:\/\/mylipfiller.com\/es\/dr-cyj-hair-filler-1-x-1ml\/\" \/>\n<meta property=\"og:locale\" content=\"es_MX\" \/>\n<meta property=\"og:type\" content=\"article\" \/>\n<meta property=\"og:title\" content=\"Buy Dr. CYJ Hair Filler (2 x 1ml) - Fillers from My Lip Filler\" \/>\n<meta property=\"og:description\" content=\"\u2765Buy Dr. CYJ Hair Filler (2 x 1ml) \u23e9 My Lip Filler online store \u27a6 Quality assurance, reviews, ingredients, best prices!\" \/>\n<meta property=\"og:url\" content=\"https:\/\/mylipfiller.com\/es\/dr-cyj-hair-filler-1-x-1ml\/\" \/>\n<meta property=\"og:site_name\" content=\"My Lip Filler\" \/>\n<meta property=\"article:modified_time\" content=\"2026-02-17T13:27:25+00:00\" \/>\n<meta property=\"og:image\" content=\"https:\/\/cdn.mylipfiller.com\/wp-content\/uploads\/2021\/02\/Dr.-CYJ-Hair-Filler.jpg\" \/>\n\t<meta property=\"og:image:width\" content=\"600\" \/>\n\t<meta property=\"og:image:height\" content=\"599\" \/>\n\t<meta property=\"og:image:type\" content=\"image\/jpeg\" \/>\n<meta name=\"twitter:card\" content=\"summary_large_image\" \/>\n<meta name=\"twitter:label1\" content=\"Tiempo de lectura\" \/>\n\t<meta name=\"twitter:data1\" content=\"2 minutos\" \/>\n<script type=\"application\/ld+json\" class=\"yoast-schema-graph\">{\"@context\":\"https:\\\/\\\/schema.org\",\"@graph\":[{\"@type\":\"WebPage\",\"@id\":\"https:\\\/\\\/mylipfiller.com\\\/dr-cyj-hair-filler-1-x-1ml\\\/\",\"url\":\"https:\\\/\\\/mylipfiller.com\\\/dr-cyj-hair-filler-1-x-1ml\\\/\",\"name\":\"Buy Dr. CYJ Hair Filler (2 x 1ml) - Fillers from My Lip Filler\",\"isPartOf\":{\"@id\":\"https:\\\/\\\/mylipfiller.com\\\/#website\"},\"primaryImageOfPage\":{\"@id\":\"https:\\\/\\\/mylipfiller.com\\\/dr-cyj-hair-filler-1-x-1ml\\\/#primaryimage\"},\"image\":{\"@id\":\"https:\\\/\\\/mylipfiller.com\\\/dr-cyj-hair-filler-1-x-1ml\\\/#primaryimage\"},\"thumbnailUrl\":\"https:\\\/\\\/mylipfiller.com\\\/wp-content\\\/uploads\\\/2021\\\/02\\\/Dr.-CYJ-Hair-Filler.jpg\",\"datePublished\":\"2021-02-24T16:56:36+00:00\",\"dateModified\":\"2026-02-17T13:27:25+00:00\",\"description\":\"\u2765Buy Dr. CYJ Hair Filler (2 x 1ml) \u23e9 My Lip Filler online store \u27a6 Quality assurance, reviews, ingredients, best prices!\",\"breadcrumb\":{\"@id\":\"https:\\\/\\\/mylipfiller.com\\\/dr-cyj-hair-filler-1-x-1ml\\\/#breadcrumb\"},\"inLanguage\":\"es\",\"potentialAction\":[{\"@type\":\"ReadAction\",\"target\":[\"https:\\\/\\\/mylipfiller.com\\\/dr-cyj-hair-filler-1-x-1ml\\\/\"]}]},{\"@type\":\"ImageObject\",\"inLanguage\":\"es\",\"@id\":\"https:\\\/\\\/mylipfiller.com\\\/dr-cyj-hair-filler-1-x-1ml\\\/#primaryimage\",\"url\":\"https:\\\/\\\/mylipfiller.com\\\/wp-content\\\/uploads\\\/2021\\\/02\\\/Dr.-CYJ-Hair-Filler.jpg\",\"contentUrl\":\"https:\\\/\\\/mylipfiller.com\\\/wp-content\\\/uploads\\\/2021\\\/02\\\/Dr.-CYJ-Hair-Filler.jpg\",\"width\":600,\"height\":599,\"caption\":\"Dr. CYJ Hair Filler\"},{\"@type\":\"BreadcrumbList\",\"@id\":\"https:\\\/\\\/mylipfiller.com\\\/dr-cyj-hair-filler-1-x-1ml\\\/#breadcrumb\",\"itemListElement\":[{\"@type\":\"ListItem\",\"position\":1,\"name\":\"Home\",\"item\":\"https:\\\/\\\/mylipfiller.com\\\/\"},{\"@type\":\"ListItem\",\"position\":2,\"name\":\"Shop\",\"item\":\"https:\\\/\\\/mylipfiller.com\\\/shop\\\/\"},{\"@type\":\"ListItem\",\"position\":3,\"name\":\"Dr. CYJ Hair Filler (2 x 1ml)\"}]},{\"@type\":\"WebSite\",\"@id\":\"https:\\\/\\\/mylipfiller.com\\\/#website\",\"url\":\"https:\\\/\\\/mylipfiller.com\\\/\",\"name\":\"My Lip Filler\",\"description\":\"Hyaluronic Acid Lip and Dermal Fillers\",\"publisher\":{\"@id\":\"https:\\\/\\\/mylipfiller.com\\\/#organization\"},\"potentialAction\":[{\"@type\":\"SearchAction\",\"target\":{\"@type\":\"EntryPoint\",\"urlTemplate\":\"https:\\\/\\\/mylipfiller.com\\\/?s={search_term_string}\"},\"query-input\":{\"@type\":\"PropertyValueSpecification\",\"valueRequired\":true,\"valueName\":\"search_term_string\"}}],\"inLanguage\":\"es\"},{\"@type\":\"Organization\",\"@id\":\"https:\\\/\\\/mylipfiller.com\\\/#organization\",\"name\":\"My Lip Filler\",\"url\":\"https:\\\/\\\/mylipfiller.com\\\/\",\"logo\":{\"@type\":\"ImageObject\",\"inLanguage\":\"es\",\"@id\":\"https:\\\/\\\/mylipfiller.com\\\/#\\\/schema\\\/logo\\\/image\\\/\",\"url\":\"https:\\\/\\\/mylipfiller.com\\\/wp-content\\\/uploads\\\/2019\\\/02\\\/cropped-My-Lip-Filler-Logo.png\",\"contentUrl\":\"https:\\\/\\\/mylipfiller.com\\\/wp-content\\\/uploads\\\/2019\\\/02\\\/cropped-My-Lip-Filler-Logo.png\",\"width\":240,\"height\":88,\"caption\":\"My Lip Filler\"},\"image\":{\"@id\":\"https:\\\/\\\/mylipfiller.com\\\/#\\\/schema\\\/logo\\\/image\\\/\"}}]}<\/script>\n<!-- \/ Yoast SEO plugin. -->","yoast_head_json":{"title":"Comprar relleno capilar Dr. CYJ (2 x 1 ml) - Rellenos de My Lip Filler","description":"\u2765Comprar Dr. CYJ Rellenador Capilar (2 x 1ml) \u23e9 Mi tienda online de Rellenador de Labios \u27a6 \u00a1Garant\u00eda de calidad, opiniones, ingredientes, mejores precios!","robots":{"index":"index","follow":"follow","max-snippet":"max-snippet:-1","max-image-preview":"max-image-preview:large","max-video-preview":"max-video-preview:-1"},"canonical":"https:\/\/mylipfiller.com\/es\/dr-cyj-hair-filler-1-x-1ml\/","og_locale":"es_MX","og_type":"article","og_title":"Buy Dr. CYJ Hair Filler (2 x 1ml) - Fillers from My Lip Filler","og_description":"\u2765Buy Dr. CYJ Hair Filler (2 x 1ml) \u23e9 My Lip Filler online store \u27a6 Quality assurance, reviews, ingredients, best prices!","og_url":"https:\/\/mylipfiller.com\/es\/dr-cyj-hair-filler-1-x-1ml\/","og_site_name":"My Lip Filler","article_modified_time":"2026-02-17T13:27:25+00:00","og_image":[{"width":600,"height":599,"url":"https:\/\/cdn.mylipfiller.com\/wp-content\/uploads\/2021\/02\/Dr.-CYJ-Hair-Filler.jpg","type":"image\/jpeg"}],"twitter_card":"summary_large_image","twitter_misc":{"Tiempo de lectura":"2 minutos"},"schema":{"@context":"https:\/\/schema.org","@graph":[{"@type":"WebPage","@id":"https:\/\/mylipfiller.com\/dr-cyj-hair-filler-1-x-1ml\/","url":"https:\/\/mylipfiller.com\/dr-cyj-hair-filler-1-x-1ml\/","name":"Comprar relleno capilar Dr. CYJ (2 x 1 ml) - Rellenos de My Lip Filler","isPartOf":{"@id":"https:\/\/mylipfiller.com\/#website"},"primaryImageOfPage":{"@id":"https:\/\/mylipfiller.com\/dr-cyj-hair-filler-1-x-1ml\/#primaryimage"},"image":{"@id":"https:\/\/mylipfiller.com\/dr-cyj-hair-filler-1-x-1ml\/#primaryimage"},"thumbnailUrl":"https:\/\/cdn.mylipfiller.com\/wp-content\/uploads\/2021\/02\/Dr.-CYJ-Hair-Filler.jpg","datePublished":"2021-02-24T16:56:36+00:00","dateModified":"2026-02-17T13:27:25+00:00","description":"\u2765Comprar Dr. CYJ Rellenador Capilar (2 x 1ml) \u23e9 Mi tienda online de Rellenador de Labios \u27a6 \u00a1Garant\u00eda de calidad, opiniones, ingredientes, mejores precios!","breadcrumb":{"@id":"https:\/\/mylipfiller.com\/dr-cyj-hair-filler-1-x-1ml\/#breadcrumb"},"inLanguage":"es","potentialAction":[{"@type":"ReadAction","target":["https:\/\/mylipfiller.com\/dr-cyj-hair-filler-1-x-1ml\/"]}]},{"@type":"ImageObject","inLanguage":"es","@id":"https:\/\/mylipfiller.com\/dr-cyj-hair-filler-1-x-1ml\/#primaryimage","url":"https:\/\/cdn.mylipfiller.com\/wp-content\/uploads\/2021\/02\/Dr.-CYJ-Hair-Filler.jpg","contentUrl":"https:\/\/cdn.mylipfiller.com\/wp-content\/uploads\/2021\/02\/Dr.-CYJ-Hair-Filler.jpg","width":600,"height":599,"caption":"Dr. CYJ Hair Filler"},{"@type":"BreadcrumbList","@id":"https:\/\/mylipfiller.com\/dr-cyj-hair-filler-1-x-1ml\/#breadcrumb","itemListElement":[{"@type":"ListItem","position":1,"name":"Home","item":"https:\/\/mylipfiller.com\/"},{"@type":"ListItem","position":2,"name":"Shop","item":"https:\/\/mylipfiller.com\/shop\/"},{"@type":"ListItem","position":3,"name":"Dr. CYJ Hair Filler (2 x 1ml)"}]},{"@type":"WebSite","@id":"https:\/\/mylipfiller.com\/#website","url":"https:\/\/mylipfiller.com\/","name":"Mi relleno de labios","description":"Rellenos d\u00e9rmicos y de labios con \u00e1cido hialur\u00f3nico","publisher":{"@id":"https:\/\/mylipfiller.com\/#organization"},"potentialAction":[{"@type":"SearchAction","target":{"@type":"EntryPoint","urlTemplate":"https:\/\/mylipfiller.com\/?s={search_term_string}"},"query-input":{"@type":"PropertyValueSpecification","valueRequired":true,"valueName":"search_term_string"}}],"inLanguage":"es"},{"@type":"Organization","@id":"https:\/\/mylipfiller.com\/#organization","name":"Mi relleno de labios","url":"https:\/\/mylipfiller.com\/","logo":{"@type":"ImageObject","inLanguage":"es","@id":"https:\/\/mylipfiller.com\/#\/schema\/logo\/image\/","url":"https:\/\/cdn.mylipfiller.com\/wp-content\/uploads\/2019\/02\/cropped-My-Lip-Filler-Logo.png","contentUrl":"https:\/\/cdn.mylipfiller.com\/wp-content\/uploads\/2019\/02\/cropped-My-Lip-Filler-Logo.png","width":240,"height":88,"caption":"My Lip Filler"},"image":{"@id":"https:\/\/mylipfiller.com\/#\/schema\/logo\/image\/"}}]}},"_links":{"self":[{"href":"https:\/\/mylipfiller.com\/es\/wp-json\/wp\/v2\/product\/24178","targetHints":{"allow":["GET"]}}],"collection":[{"href":"https:\/\/mylipfiller.com\/es\/wp-json\/wp\/v2\/product"}],"about":[{"href":"https:\/\/mylipfiller.com\/es\/wp-json\/wp\/v2\/types\/product"}],"wp:featuredmedia":[{"embeddable":true,"href":"https:\/\/mylipfiller.com\/es\/wp-json\/wp\/v2\/media\/24180"}],"wp:attachment":[{"href":"https:\/\/mylipfiller.com\/es\/wp-json\/wp\/v2\/media?parent=24178"}],"wp:term":[{"taxonomy":"product_brand","embeddable":true,"href":"https:\/\/mylipfiller.com\/es\/wp-json\/wp\/v2\/product_brand?post=24178"},{"taxonomy":"product_cat","embeddable":true,"href":"https:\/\/mylipfiller.com\/es\/wp-json\/wp\/v2\/product_cat?post=24178"},{"taxonomy":"product_tag","embeddable":true,"href":"https:\/\/mylipfiller.com\/es\/wp-json\/wp\/v2\/product_tag?post=24178"}],"curies":[{"name":"gracias","href":"https:\/\/api.w.org\/{rel}","templated":true}]}}