{"id":26396,"date":"2021-05-25T17:10:34","date_gmt":"2021-05-25T15:10:34","guid":{"rendered":"https:\/\/mylipfiller.com\/?post_type=product&#038;p=26396"},"modified":"2024-07-03T17:33:04","modified_gmt":"2024-07-03T15:33:04","slug":"e-p-t-q-s100-with-0-3-lidocaine-1-x-1-1ml","status":"publish","type":"product","link":"https:\/\/mylipfiller.com\/es\/e-p-t-q-s100-with-0-3-lidocaine-1-x-1-1ml\/","title":{"rendered":"EPTQ S100 con 0.3% Lidoca\u00edna (1 x 1.1ml)"},"content":{"rendered":"","protected":false},"excerpt":{"rendered":"<p>Con EPTQ S100 con lidoca\u00edna (EPTQ S100), es f\u00e1cil combatir los signos del envejecimiento cut\u00e1neo. Utilizando el poder del \u00e1cido hialur\u00f3nico, este relleno d\u00e9rmico est\u00e1 especialmente dise\u00f1ado para tratar incluso las l\u00edneas y arrugas m\u00e1s finas de la piel, rellen\u00e1ndolas delicadamente con gel HA, para suavizarlas por completo, al tiempo que ofrece un \u00faltimo efecto en la mejora de la hidrataci\u00f3n de la piel. El EPTQ S100 no solo eliminar\u00e1 las patas de gallo y las l\u00edneas glabelares, sino que tambi\u00e9n restaurar\u00e1 los niveles naturales de hidrataci\u00f3n de la piel.<\/p>","protected":false},"featured_media":26400,"template":"","meta":{"_acf_changed":false},"product_brand":[],"product_cat":[80,160,32],"product_tag":[144,125,111,126,151,117,106,113,146,137,108,119,148,116,127],"class_list":{"0":"post-26396","1":"product","2":"type-product","3":"status-publish","4":"has-post-thumbnail","6":"product_cat-eptq","7":"product_cat-jetema","8":"product_cat-soft","9":"product_tag-anti-wrinkle","10":"product_tag-crows-feet","11":"product_tag-face","12":"product_tag-fine-lines","13":"product_tag-hyaluronic-acid-ha-fillers","14":"product_tag-low-density","15":"product_tag-nasolacrimal-furrows","16":"product_tag-periorbital-area","17":"product_tag-smoothing","18":"product_tag-south-korea","19":"product_tag-under-eye","20":"product_tag-up-to-9-months","21":"product_tag-upper-dermis","22":"product_tag-with-lidocaine","23":"product_tag-wrinkles-around-the-eyes","25":"first","26":"outofstock","27":"taxable","28":"shipping-taxable","29":"purchasable","30":"product-type-simple"},"acf":[],"yoast_head":"<!-- This site is optimized with the Yoast SEO plugin v27.3 - https:\/\/yoast.com\/product\/yoast-seo-wordpress\/ -->\n<title>Buy E.P.T.Q. S100 with 0.3% Lidocaine (1 x 1.1ml) - Fillers from My Lip Filler<\/title>\n<meta name=\"description\" content=\"\u2765Buy E.P.T.Q. S100 with 0.3% Lidocaine (1 x 1.1ml) \u23e9 My Lip Filler online store \u27a6 Quality assurance, reviews, ingredients, best prices!\" \/>\n<meta name=\"robots\" content=\"index, follow, max-snippet:-1, max-image-preview:large, max-video-preview:-1\" \/>\n<link rel=\"canonical\" href=\"https:\/\/mylipfiller.com\/es\/e-p-t-q-s100-with-0-3-lidocaine-1-x-1-1ml\/\" \/>\n<meta property=\"og:locale\" content=\"es_MX\" \/>\n<meta property=\"og:type\" content=\"article\" \/>\n<meta property=\"og:title\" content=\"Buy E.P.T.Q. S100 with 0.3% Lidocaine (1 x 1.1ml) - Fillers from My Lip Filler\" \/>\n<meta property=\"og:description\" content=\"\u2765Buy E.P.T.Q. S100 with 0.3% Lidocaine (1 x 1.1ml) \u23e9 My Lip Filler online store \u27a6 Quality assurance, reviews, ingredients, best prices!\" \/>\n<meta property=\"og:url\" content=\"https:\/\/mylipfiller.com\/es\/e-p-t-q-s100-with-0-3-lidocaine-1-x-1-1ml\/\" \/>\n<meta property=\"og:site_name\" content=\"My Lip Filler\" \/>\n<meta property=\"article:modified_time\" content=\"2024-07-03T15:33:04+00:00\" \/>\n<meta property=\"og:image\" content=\"https:\/\/cdn.mylipfiller.com\/wp-content\/uploads\/2021\/05\/E.P.T.Q-S100-Lidocaine.jpg\" \/>\n\t<meta property=\"og:image:width\" content=\"600\" \/>\n\t<meta property=\"og:image:height\" content=\"600\" \/>\n\t<meta property=\"og:image:type\" content=\"image\/jpeg\" \/>\n<meta name=\"twitter:card\" content=\"summary_large_image\" \/>\n<meta name=\"twitter:label1\" content=\"Tiempo de lectura\" \/>\n\t<meta name=\"twitter:data1\" content=\"1 minuto\" \/>\n<script type=\"application\/ld+json\" class=\"yoast-schema-graph\">{\"@context\":\"https:\\\/\\\/schema.org\",\"@graph\":[{\"@type\":\"WebPage\",\"@id\":\"https:\\\/\\\/mylipfiller.com\\\/e-p-t-q-s100-with-0-3-lidocaine-1-x-1-1ml\\\/\",\"url\":\"https:\\\/\\\/mylipfiller.com\\\/e-p-t-q-s100-with-0-3-lidocaine-1-x-1-1ml\\\/\",\"name\":\"Buy E.P.T.Q. S100 with 0.3% Lidocaine (1 x 1.1ml) - Fillers from My Lip Filler\",\"isPartOf\":{\"@id\":\"https:\\\/\\\/mylipfiller.com\\\/#website\"},\"primaryImageOfPage\":{\"@id\":\"https:\\\/\\\/mylipfiller.com\\\/e-p-t-q-s100-with-0-3-lidocaine-1-x-1-1ml\\\/#primaryimage\"},\"image\":{\"@id\":\"https:\\\/\\\/mylipfiller.com\\\/e-p-t-q-s100-with-0-3-lidocaine-1-x-1-1ml\\\/#primaryimage\"},\"thumbnailUrl\":\"https:\\\/\\\/mylipfiller.com\\\/wp-content\\\/uploads\\\/2021\\\/05\\\/E.P.T.Q-S100-Lidocaine.jpg\",\"datePublished\":\"2021-05-25T15:10:34+00:00\",\"dateModified\":\"2024-07-03T15:33:04+00:00\",\"description\":\"\u2765Buy E.P.T.Q. S100 with 0.3% Lidocaine (1 x 1.1ml) \u23e9 My Lip Filler online store \u27a6 Quality assurance, reviews, ingredients, best prices!\",\"breadcrumb\":{\"@id\":\"https:\\\/\\\/mylipfiller.com\\\/e-p-t-q-s100-with-0-3-lidocaine-1-x-1-1ml\\\/#breadcrumb\"},\"inLanguage\":\"es\",\"potentialAction\":[{\"@type\":\"ReadAction\",\"target\":[\"https:\\\/\\\/mylipfiller.com\\\/e-p-t-q-s100-with-0-3-lidocaine-1-x-1-1ml\\\/\"]}]},{\"@type\":\"ImageObject\",\"inLanguage\":\"es\",\"@id\":\"https:\\\/\\\/mylipfiller.com\\\/e-p-t-q-s100-with-0-3-lidocaine-1-x-1-1ml\\\/#primaryimage\",\"url\":\"https:\\\/\\\/mylipfiller.com\\\/wp-content\\\/uploads\\\/2021\\\/05\\\/E.P.T.Q-S100-Lidocaine.jpg\",\"contentUrl\":\"https:\\\/\\\/mylipfiller.com\\\/wp-content\\\/uploads\\\/2021\\\/05\\\/E.P.T.Q-S100-Lidocaine.jpg\",\"width\":600,\"height\":600,\"caption\":\"E.P.T.Q. S100 Lidocaine\"},{\"@type\":\"BreadcrumbList\",\"@id\":\"https:\\\/\\\/mylipfiller.com\\\/e-p-t-q-s100-with-0-3-lidocaine-1-x-1-1ml\\\/#breadcrumb\",\"itemListElement\":[{\"@type\":\"ListItem\",\"position\":1,\"name\":\"Home\",\"item\":\"https:\\\/\\\/mylipfiller.com\\\/\"},{\"@type\":\"ListItem\",\"position\":2,\"name\":\"Shop\",\"item\":\"https:\\\/\\\/mylipfiller.com\\\/shop\\\/\"},{\"@type\":\"ListItem\",\"position\":3,\"name\":\"E.P.T.Q. S100 with 0.3% Lidocaine (1 x 1.1ml)\"}]},{\"@type\":\"WebSite\",\"@id\":\"https:\\\/\\\/mylipfiller.com\\\/#website\",\"url\":\"https:\\\/\\\/mylipfiller.com\\\/\",\"name\":\"My Lip Filler\",\"description\":\"Hyaluronic Acid Lip and Dermal Fillers\",\"publisher\":{\"@id\":\"https:\\\/\\\/mylipfiller.com\\\/#organization\"},\"potentialAction\":[{\"@type\":\"SearchAction\",\"target\":{\"@type\":\"EntryPoint\",\"urlTemplate\":\"https:\\\/\\\/mylipfiller.com\\\/?s={search_term_string}\"},\"query-input\":{\"@type\":\"PropertyValueSpecification\",\"valueRequired\":true,\"valueName\":\"search_term_string\"}}],\"inLanguage\":\"es\"},{\"@type\":\"Organization\",\"@id\":\"https:\\\/\\\/mylipfiller.com\\\/#organization\",\"name\":\"My Lip Filler\",\"url\":\"https:\\\/\\\/mylipfiller.com\\\/\",\"logo\":{\"@type\":\"ImageObject\",\"inLanguage\":\"es\",\"@id\":\"https:\\\/\\\/mylipfiller.com\\\/#\\\/schema\\\/logo\\\/image\\\/\",\"url\":\"https:\\\/\\\/mylipfiller.com\\\/wp-content\\\/uploads\\\/2019\\\/02\\\/cropped-My-Lip-Filler-Logo.png\",\"contentUrl\":\"https:\\\/\\\/mylipfiller.com\\\/wp-content\\\/uploads\\\/2019\\\/02\\\/cropped-My-Lip-Filler-Logo.png\",\"width\":240,\"height\":88,\"caption\":\"My Lip Filler\"},\"image\":{\"@id\":\"https:\\\/\\\/mylipfiller.com\\\/#\\\/schema\\\/logo\\\/image\\\/\"}}]}<\/script>\n<!-- \/ Yoast SEO plugin. -->","yoast_head_json":{"title":"Compre E.P.T.Q. S100 con lidoca\u00edna 0,3% (1 x 1,1 ml) - Rellenos de My Lip Filler","description":"\u2765Compre E.P.T.Q. S100 con lidoca\u00edna 0.3% (1 x 1.1ml) \u23e9 Tienda online My Lip Filler \u27a6 Garant\u00eda de calidad, rese\u00f1as, ingredientes, \u00a1los mejores precios!","robots":{"index":"index","follow":"follow","max-snippet":"max-snippet:-1","max-image-preview":"max-image-preview:large","max-video-preview":"max-video-preview:-1"},"canonical":"https:\/\/mylipfiller.com\/es\/e-p-t-q-s100-with-0-3-lidocaine-1-x-1-1ml\/","og_locale":"es_MX","og_type":"article","og_title":"Buy E.P.T.Q. S100 with 0.3% Lidocaine (1 x 1.1ml) - Fillers from My Lip Filler","og_description":"\u2765Buy E.P.T.Q. S100 with 0.3% Lidocaine (1 x 1.1ml) \u23e9 My Lip Filler online store \u27a6 Quality assurance, reviews, ingredients, best prices!","og_url":"https:\/\/mylipfiller.com\/es\/e-p-t-q-s100-with-0-3-lidocaine-1-x-1-1ml\/","og_site_name":"My Lip Filler","article_modified_time":"2024-07-03T15:33:04+00:00","og_image":[{"width":600,"height":600,"url":"https:\/\/cdn.mylipfiller.com\/wp-content\/uploads\/2021\/05\/E.P.T.Q-S100-Lidocaine.jpg","type":"image\/jpeg"}],"twitter_card":"summary_large_image","twitter_misc":{"Tiempo de lectura":"1 minuto"},"schema":{"@context":"https:\/\/schema.org","@graph":[{"@type":"WebPage","@id":"https:\/\/mylipfiller.com\/e-p-t-q-s100-with-0-3-lidocaine-1-x-1-1ml\/","url":"https:\/\/mylipfiller.com\/e-p-t-q-s100-with-0-3-lidocaine-1-x-1-1ml\/","name":"Compre E.P.T.Q. S100 con lidoca\u00edna 0,3% (1 x 1,1 ml) - Rellenos de My Lip Filler","isPartOf":{"@id":"https:\/\/mylipfiller.com\/#website"},"primaryImageOfPage":{"@id":"https:\/\/mylipfiller.com\/e-p-t-q-s100-with-0-3-lidocaine-1-x-1-1ml\/#primaryimage"},"image":{"@id":"https:\/\/mylipfiller.com\/e-p-t-q-s100-with-0-3-lidocaine-1-x-1-1ml\/#primaryimage"},"thumbnailUrl":"https:\/\/cdn.mylipfiller.com\/wp-content\/uploads\/2021\/05\/E.P.T.Q-S100-Lidocaine.jpg","datePublished":"2021-05-25T15:10:34+00:00","dateModified":"2024-07-03T15:33:04+00:00","description":"\u2765Compre E.P.T.Q. S100 con lidoca\u00edna 0.3% (1 x 1.1ml) \u23e9 Tienda online My Lip Filler \u27a6 Garant\u00eda de calidad, rese\u00f1as, ingredientes, \u00a1los mejores precios!","breadcrumb":{"@id":"https:\/\/mylipfiller.com\/e-p-t-q-s100-with-0-3-lidocaine-1-x-1-1ml\/#breadcrumb"},"inLanguage":"es","potentialAction":[{"@type":"ReadAction","target":["https:\/\/mylipfiller.com\/e-p-t-q-s100-with-0-3-lidocaine-1-x-1-1ml\/"]}]},{"@type":"ImageObject","inLanguage":"es","@id":"https:\/\/mylipfiller.com\/e-p-t-q-s100-with-0-3-lidocaine-1-x-1-1ml\/#primaryimage","url":"https:\/\/cdn.mylipfiller.com\/wp-content\/uploads\/2021\/05\/E.P.T.Q-S100-Lidocaine.jpg","contentUrl":"https:\/\/cdn.mylipfiller.com\/wp-content\/uploads\/2021\/05\/E.P.T.Q-S100-Lidocaine.jpg","width":600,"height":600,"caption":"E.P.T.Q. S100 Lidocaine"},{"@type":"BreadcrumbList","@id":"https:\/\/mylipfiller.com\/e-p-t-q-s100-with-0-3-lidocaine-1-x-1-1ml\/#breadcrumb","itemListElement":[{"@type":"ListItem","position":1,"name":"Home","item":"https:\/\/mylipfiller.com\/"},{"@type":"ListItem","position":2,"name":"Shop","item":"https:\/\/mylipfiller.com\/shop\/"},{"@type":"ListItem","position":3,"name":"E.P.T.Q. S100 with 0.3% Lidocaine (1 x 1.1ml)"}]},{"@type":"WebSite","@id":"https:\/\/mylipfiller.com\/#website","url":"https:\/\/mylipfiller.com\/","name":"Mi relleno de labios","description":"Rellenos d\u00e9rmicos y de labios con \u00e1cido hialur\u00f3nico","publisher":{"@id":"https:\/\/mylipfiller.com\/#organization"},"potentialAction":[{"@type":"SearchAction","target":{"@type":"EntryPoint","urlTemplate":"https:\/\/mylipfiller.com\/?s={search_term_string}"},"query-input":{"@type":"PropertyValueSpecification","valueRequired":true,"valueName":"search_term_string"}}],"inLanguage":"es"},{"@type":"Organization","@id":"https:\/\/mylipfiller.com\/#organization","name":"Mi relleno de labios","url":"https:\/\/mylipfiller.com\/","logo":{"@type":"ImageObject","inLanguage":"es","@id":"https:\/\/mylipfiller.com\/#\/schema\/logo\/image\/","url":"https:\/\/cdn.mylipfiller.com\/wp-content\/uploads\/2019\/02\/cropped-My-Lip-Filler-Logo.png","contentUrl":"https:\/\/cdn.mylipfiller.com\/wp-content\/uploads\/2019\/02\/cropped-My-Lip-Filler-Logo.png","width":240,"height":88,"caption":"My Lip Filler"},"image":{"@id":"https:\/\/mylipfiller.com\/#\/schema\/logo\/image\/"}}]}},"_links":{"self":[{"href":"https:\/\/mylipfiller.com\/es\/wp-json\/wp\/v2\/product\/26396","targetHints":{"allow":["GET"]}}],"collection":[{"href":"https:\/\/mylipfiller.com\/es\/wp-json\/wp\/v2\/product"}],"about":[{"href":"https:\/\/mylipfiller.com\/es\/wp-json\/wp\/v2\/types\/product"}],"wp:featuredmedia":[{"embeddable":true,"href":"https:\/\/mylipfiller.com\/es\/wp-json\/wp\/v2\/media\/26400"}],"wp:attachment":[{"href":"https:\/\/mylipfiller.com\/es\/wp-json\/wp\/v2\/media?parent=26396"}],"wp:term":[{"taxonomy":"product_brand","embeddable":true,"href":"https:\/\/mylipfiller.com\/es\/wp-json\/wp\/v2\/product_brand?post=26396"},{"taxonomy":"product_cat","embeddable":true,"href":"https:\/\/mylipfiller.com\/es\/wp-json\/wp\/v2\/product_cat?post=26396"},{"taxonomy":"product_tag","embeddable":true,"href":"https:\/\/mylipfiller.com\/es\/wp-json\/wp\/v2\/product_tag?post=26396"}],"curies":[{"name":"gracias","href":"https:\/\/api.w.org\/{rel}","templated":true}]}}