{"id":2916,"date":"2019-07-24T09:50:33","date_gmt":"2019-07-24T07:50:33","guid":{"rendered":"https:\/\/mylipfiller.com\/?post_type=product&#038;p=2916"},"modified":"2024-07-03T17:32:57","modified_gmt":"2024-07-03T15:32:57","slug":"optivisc-1-x-2ml","status":"publish","type":"product","link":"https:\/\/mylipfiller.com\/es\/optivisc-1-x-2ml\/","title":{"rendered":"Optivisc (1 x 2 ml)"},"content":{"rendered":"<h3>Terapia no farmacol\u00f3gica basada en HA<\/h3>\n<p>Optivisc es un <u>pionera en inyecci\u00f3n de \u00e1cido hialur\u00f3nico<\/u> desarrollado y producido por Biotech Healthcare Group, una empresa biotecnol\u00f3gica suiza l\u00edder. Est\u00e1 clasificado como un viscosuplemento no farmacol\u00f3gico de m\u00e1xima calidad. Con \u00e9l, los m\u00e9dicos calificados pueden proporcionar a los pacientes con OA una terapia de nueva generaci\u00f3n que aliviar\u00e1 de manera efectiva o incluso eliminar\u00e1 por completo una larga lista de s\u00edntomas relacionados con la osteoartritis al brindar:<\/p>\n<ul>\n<li><em>Alivio r\u00e1pido del dolor articular<\/em><\/li>\n<li><em>Movilidad articular significativamente mejorada<\/em><\/li>\n<li><em>F\u00e1cil tratamiento de las inflamaciones de Synovium.<\/em><\/li>\n<li><em>Impresionante lubricaci\u00f3n de articulaciones<\/em><\/li>\n<li><em>Reducci\u00f3n r\u00e1pida de la rigidez<\/em><\/li>\n<\/ul>\n<p>Despu\u00e9s de un solo tratamiento con este innovador suplemento inyectable de \u00e1cido hialur\u00f3nico, la calidad de vida del paciente mejora r\u00e1pidamente. Aunque los resultados de la terapia son temporales, pueden extenderse f\u00e1cilmente a trav\u00e9s de citas regulares cada 6 meses.<\/p>\n<h3>Optivisc: un viscosuplemento asequible<\/h3>\n<p>Este producto de confianza est\u00e1 especialmente dise\u00f1ado para tratar a pacientes con osteoartritis de rodilla (OA). Sirve como una alternativa no quir\u00fargica y econ\u00f3mica a los procedimientos invasivos y riesgosos como la cirug\u00eda de rodilla. Cada sesi\u00f3n de inyecci\u00f3n toma solo unos minutos para realizarse y no requiere ninguna prueba especial u otras preparaciones. Incluso el tiempo de inactividad despu\u00e9s del procedimiento se minimiza hasta un punto en el que pr\u00e1cticamente no existe. Esto se debe a que el principal ingrediente activo de Optivisc es <u>\u00e1cido hialur\u00f3nico no animal<\/u>. Est\u00e1 comprobado que es seguro, biocompatible y biodegradable y cuando se inyecta en la zona de la rodilla, lo lubrica, <em>restaura las funciones de las articulaciones<\/em> y mejora sus capacidades de absorci\u00f3n de impactos. Nosotros, de My Lip Filler, distribuimos este viscosuplemento duradero con env\u00edo internacional r\u00e1pido.<\/p>","protected":false},"excerpt":{"rendered":"<p><strong>Optivisc<\/strong> de Biotech Healthcare Group es un viscosuplemento avanzado que proporciona <em>tratamiento duradero de la osteoartritis<\/em> (OA) s\u00edntomas. Con su f\u00f3rmula de \u00e1cido hialur\u00f3nico de vanguardia, este producto extraordinario puede proporcionar un alivio garantizado del dolor de rodilla, mejorar la movilidad articular limitada, etc. Solicite este inyectable HA asequible a trav\u00e9s de My Lip Filler para disfrutar de precios a\u00fan m\u00e1s competitivos.<\/p>","protected":false},"featured_media":2923,"template":"","meta":{"_acf_changed":false},"product_brand":[],"product_cat":[176,47,48],"product_tag":[],"class_list":{"0":"post-2916","1":"product","2":"type-product","3":"status-publish","4":"has-post-thumbnail","6":"product_cat-biotech","7":"product_cat-optivisc","8":"product_cat-orthopedics","10":"first","11":"outofstock","12":"taxable","13":"shipping-taxable","14":"purchasable","15":"product-type-simple"},"acf":[],"yoast_head":"<!-- This site is optimized with the Yoast SEO plugin v27.3 - https:\/\/yoast.com\/product\/yoast-seo-wordpress\/ -->\n<title>Buy Optivisc (1 x 2ml) - Fillers from My Lip Filler<\/title>\n<meta name=\"description\" content=\"\u2765Buy Optivisc (1 x 2ml) \u23e9 My Lip Filler online store \u27a6 Quality assurance, reviews, ingredients, best prices!\" \/>\n<meta name=\"robots\" content=\"index, follow, max-snippet:-1, max-image-preview:large, max-video-preview:-1\" \/>\n<link rel=\"canonical\" href=\"https:\/\/mylipfiller.com\/es\/optivisc-1-x-2ml\/\" \/>\n<meta property=\"og:locale\" content=\"es_MX\" \/>\n<meta property=\"og:type\" content=\"article\" \/>\n<meta property=\"og:title\" content=\"Buy Optivisc (1 x 2ml) - Fillers from My Lip Filler\" \/>\n<meta property=\"og:description\" content=\"\u2765Buy Optivisc (1 x 2ml) \u23e9 My Lip Filler online store \u27a6 Quality assurance, reviews, ingredients, best prices!\" \/>\n<meta property=\"og:url\" content=\"https:\/\/mylipfiller.com\/es\/optivisc-1-x-2ml\/\" \/>\n<meta property=\"og:site_name\" content=\"My Lip Filler\" \/>\n<meta property=\"article:modified_time\" content=\"2024-07-03T15:32:57+00:00\" \/>\n<meta property=\"og:image\" content=\"https:\/\/cdn.mylipfiller.com\/wp-content\/uploads\/2019\/07\/Optivisc-1.jpg\" \/>\n\t<meta property=\"og:image:width\" content=\"600\" \/>\n\t<meta property=\"og:image:height\" content=\"600\" \/>\n\t<meta property=\"og:image:type\" content=\"image\/jpeg\" \/>\n<meta name=\"twitter:card\" content=\"summary_large_image\" \/>\n<meta name=\"twitter:label1\" content=\"Tiempo de lectura\" \/>\n\t<meta name=\"twitter:data1\" content=\"2 minutos\" \/>\n<script type=\"application\/ld+json\" class=\"yoast-schema-graph\">{\"@context\":\"https:\\\/\\\/schema.org\",\"@graph\":[{\"@type\":\"WebPage\",\"@id\":\"https:\\\/\\\/mylipfiller.com\\\/optivisc-1-x-2ml\\\/\",\"url\":\"https:\\\/\\\/mylipfiller.com\\\/optivisc-1-x-2ml\\\/\",\"name\":\"Buy Optivisc (1 x 2ml) - Fillers from My Lip Filler\",\"isPartOf\":{\"@id\":\"https:\\\/\\\/mylipfiller.com\\\/#website\"},\"primaryImageOfPage\":{\"@id\":\"https:\\\/\\\/mylipfiller.com\\\/optivisc-1-x-2ml\\\/#primaryimage\"},\"image\":{\"@id\":\"https:\\\/\\\/mylipfiller.com\\\/optivisc-1-x-2ml\\\/#primaryimage\"},\"thumbnailUrl\":\"https:\\\/\\\/mylipfiller.com\\\/wp-content\\\/uploads\\\/2019\\\/07\\\/Optivisc-1.jpg\",\"datePublished\":\"2019-07-24T07:50:33+00:00\",\"dateModified\":\"2024-07-03T15:32:57+00:00\",\"description\":\"\u2765Buy Optivisc (1 x 2ml) \u23e9 My Lip Filler online store \u27a6 Quality assurance, reviews, ingredients, best prices!\",\"breadcrumb\":{\"@id\":\"https:\\\/\\\/mylipfiller.com\\\/optivisc-1-x-2ml\\\/#breadcrumb\"},\"inLanguage\":\"es\",\"potentialAction\":[{\"@type\":\"ReadAction\",\"target\":[\"https:\\\/\\\/mylipfiller.com\\\/optivisc-1-x-2ml\\\/\"]}]},{\"@type\":\"ImageObject\",\"inLanguage\":\"es\",\"@id\":\"https:\\\/\\\/mylipfiller.com\\\/optivisc-1-x-2ml\\\/#primaryimage\",\"url\":\"https:\\\/\\\/mylipfiller.com\\\/wp-content\\\/uploads\\\/2019\\\/07\\\/Optivisc-1.jpg\",\"contentUrl\":\"https:\\\/\\\/mylipfiller.com\\\/wp-content\\\/uploads\\\/2019\\\/07\\\/Optivisc-1.jpg\",\"width\":600,\"height\":600,\"caption\":\"Optivisc\"},{\"@type\":\"BreadcrumbList\",\"@id\":\"https:\\\/\\\/mylipfiller.com\\\/optivisc-1-x-2ml\\\/#breadcrumb\",\"itemListElement\":[{\"@type\":\"ListItem\",\"position\":1,\"name\":\"Home\",\"item\":\"https:\\\/\\\/mylipfiller.com\\\/\"},{\"@type\":\"ListItem\",\"position\":2,\"name\":\"Shop\",\"item\":\"https:\\\/\\\/mylipfiller.com\\\/shop\\\/\"},{\"@type\":\"ListItem\",\"position\":3,\"name\":\"Optivisc (1 x 2ml)\"}]},{\"@type\":\"WebSite\",\"@id\":\"https:\\\/\\\/mylipfiller.com\\\/#website\",\"url\":\"https:\\\/\\\/mylipfiller.com\\\/\",\"name\":\"My Lip Filler\",\"description\":\"Hyaluronic Acid Lip and Dermal Fillers\",\"publisher\":{\"@id\":\"https:\\\/\\\/mylipfiller.com\\\/#organization\"},\"potentialAction\":[{\"@type\":\"SearchAction\",\"target\":{\"@type\":\"EntryPoint\",\"urlTemplate\":\"https:\\\/\\\/mylipfiller.com\\\/?s={search_term_string}\"},\"query-input\":{\"@type\":\"PropertyValueSpecification\",\"valueRequired\":true,\"valueName\":\"search_term_string\"}}],\"inLanguage\":\"es\"},{\"@type\":\"Organization\",\"@id\":\"https:\\\/\\\/mylipfiller.com\\\/#organization\",\"name\":\"My Lip Filler\",\"url\":\"https:\\\/\\\/mylipfiller.com\\\/\",\"logo\":{\"@type\":\"ImageObject\",\"inLanguage\":\"es\",\"@id\":\"https:\\\/\\\/mylipfiller.com\\\/#\\\/schema\\\/logo\\\/image\\\/\",\"url\":\"https:\\\/\\\/mylipfiller.com\\\/wp-content\\\/uploads\\\/2019\\\/02\\\/cropped-My-Lip-Filler-Logo.png\",\"contentUrl\":\"https:\\\/\\\/mylipfiller.com\\\/wp-content\\\/uploads\\\/2019\\\/02\\\/cropped-My-Lip-Filler-Logo.png\",\"width\":240,\"height\":88,\"caption\":\"My Lip Filler\"},\"image\":{\"@id\":\"https:\\\/\\\/mylipfiller.com\\\/#\\\/schema\\\/logo\\\/image\\\/\"}}]}<\/script>\n<!-- \/ Yoast SEO plugin. -->","yoast_head_json":{"title":"Comprar Optivisc (1 x 2ml) - Rellenos de My Lip Filler","description":"\u2765Compra Optivisc (1 x 2ml) \u23e9 Tienda online My Lip Filler \u27a6 Garant\u00eda de calidad, rese\u00f1as, ingredientes, \u00a1los mejores precios!","robots":{"index":"index","follow":"follow","max-snippet":"max-snippet:-1","max-image-preview":"max-image-preview:large","max-video-preview":"max-video-preview:-1"},"canonical":"https:\/\/mylipfiller.com\/es\/optivisc-1-x-2ml\/","og_locale":"es_MX","og_type":"article","og_title":"Buy Optivisc (1 x 2ml) - Fillers from My Lip Filler","og_description":"\u2765Buy Optivisc (1 x 2ml) \u23e9 My Lip Filler online store \u27a6 Quality assurance, reviews, ingredients, best prices!","og_url":"https:\/\/mylipfiller.com\/es\/optivisc-1-x-2ml\/","og_site_name":"My Lip Filler","article_modified_time":"2024-07-03T15:32:57+00:00","og_image":[{"width":600,"height":600,"url":"https:\/\/cdn.mylipfiller.com\/wp-content\/uploads\/2019\/07\/Optivisc-1.jpg","type":"image\/jpeg"}],"twitter_card":"summary_large_image","twitter_misc":{"Tiempo de lectura":"2 minutos"},"schema":{"@context":"https:\/\/schema.org","@graph":[{"@type":"WebPage","@id":"https:\/\/mylipfiller.com\/optivisc-1-x-2ml\/","url":"https:\/\/mylipfiller.com\/optivisc-1-x-2ml\/","name":"Comprar Optivisc (1 x 2ml) - Rellenos de My Lip Filler","isPartOf":{"@id":"https:\/\/mylipfiller.com\/#website"},"primaryImageOfPage":{"@id":"https:\/\/mylipfiller.com\/optivisc-1-x-2ml\/#primaryimage"},"image":{"@id":"https:\/\/mylipfiller.com\/optivisc-1-x-2ml\/#primaryimage"},"thumbnailUrl":"https:\/\/cdn.mylipfiller.com\/wp-content\/uploads\/2019\/07\/Optivisc-1.jpg","datePublished":"2019-07-24T07:50:33+00:00","dateModified":"2024-07-03T15:32:57+00:00","description":"\u2765Compra Optivisc (1 x 2ml) \u23e9 Tienda online My Lip Filler \u27a6 Garant\u00eda de calidad, rese\u00f1as, ingredientes, \u00a1los mejores precios!","breadcrumb":{"@id":"https:\/\/mylipfiller.com\/optivisc-1-x-2ml\/#breadcrumb"},"inLanguage":"es","potentialAction":[{"@type":"ReadAction","target":["https:\/\/mylipfiller.com\/optivisc-1-x-2ml\/"]}]},{"@type":"ImageObject","inLanguage":"es","@id":"https:\/\/mylipfiller.com\/optivisc-1-x-2ml\/#primaryimage","url":"https:\/\/cdn.mylipfiller.com\/wp-content\/uploads\/2019\/07\/Optivisc-1.jpg","contentUrl":"https:\/\/cdn.mylipfiller.com\/wp-content\/uploads\/2019\/07\/Optivisc-1.jpg","width":600,"height":600,"caption":"Optivisc"},{"@type":"BreadcrumbList","@id":"https:\/\/mylipfiller.com\/optivisc-1-x-2ml\/#breadcrumb","itemListElement":[{"@type":"ListItem","position":1,"name":"Home","item":"https:\/\/mylipfiller.com\/"},{"@type":"ListItem","position":2,"name":"Shop","item":"https:\/\/mylipfiller.com\/shop\/"},{"@type":"ListItem","position":3,"name":"Optivisc (1 x 2ml)"}]},{"@type":"WebSite","@id":"https:\/\/mylipfiller.com\/#website","url":"https:\/\/mylipfiller.com\/","name":"Mi relleno de labios","description":"Rellenos d\u00e9rmicos y de labios con \u00e1cido hialur\u00f3nico","publisher":{"@id":"https:\/\/mylipfiller.com\/#organization"},"potentialAction":[{"@type":"SearchAction","target":{"@type":"EntryPoint","urlTemplate":"https:\/\/mylipfiller.com\/?s={search_term_string}"},"query-input":{"@type":"PropertyValueSpecification","valueRequired":true,"valueName":"search_term_string"}}],"inLanguage":"es"},{"@type":"Organization","@id":"https:\/\/mylipfiller.com\/#organization","name":"Mi relleno de labios","url":"https:\/\/mylipfiller.com\/","logo":{"@type":"ImageObject","inLanguage":"es","@id":"https:\/\/mylipfiller.com\/#\/schema\/logo\/image\/","url":"https:\/\/cdn.mylipfiller.com\/wp-content\/uploads\/2019\/02\/cropped-My-Lip-Filler-Logo.png","contentUrl":"https:\/\/cdn.mylipfiller.com\/wp-content\/uploads\/2019\/02\/cropped-My-Lip-Filler-Logo.png","width":240,"height":88,"caption":"My Lip Filler"},"image":{"@id":"https:\/\/mylipfiller.com\/#\/schema\/logo\/image\/"}}]}},"_links":{"self":[{"href":"https:\/\/mylipfiller.com\/es\/wp-json\/wp\/v2\/product\/2916","targetHints":{"allow":["GET"]}}],"collection":[{"href":"https:\/\/mylipfiller.com\/es\/wp-json\/wp\/v2\/product"}],"about":[{"href":"https:\/\/mylipfiller.com\/es\/wp-json\/wp\/v2\/types\/product"}],"wp:featuredmedia":[{"embeddable":true,"href":"https:\/\/mylipfiller.com\/es\/wp-json\/wp\/v2\/media\/2923"}],"wp:attachment":[{"href":"https:\/\/mylipfiller.com\/es\/wp-json\/wp\/v2\/media?parent=2916"}],"wp:term":[{"taxonomy":"product_brand","embeddable":true,"href":"https:\/\/mylipfiller.com\/es\/wp-json\/wp\/v2\/product_brand?post=2916"},{"taxonomy":"product_cat","embeddable":true,"href":"https:\/\/mylipfiller.com\/es\/wp-json\/wp\/v2\/product_cat?post=2916"},{"taxonomy":"product_tag","embeddable":true,"href":"https:\/\/mylipfiller.com\/es\/wp-json\/wp\/v2\/product_tag?post=2916"}],"curies":[{"name":"gracias","href":"https:\/\/api.w.org\/{rel}","templated":true}]}}