{"id":2917,"date":"2019-07-24T09:50:44","date_gmt":"2019-07-24T07:50:44","guid":{"rendered":"https:\/\/mylipfiller.com\/?post_type=product&#038;p=2917"},"modified":"2024-07-03T17:32:57","modified_gmt":"2024-07-03T15:32:57","slug":"optivisc-plus-1-x-2-ml","status":"publish","type":"product","link":"https:\/\/mylipfiller.com\/es\/optivisc-plus-1-x-2-ml\/","title":{"rendered":"Optivisc Plus (1 x 2 ml)"},"content":{"rendered":"<h3>Especificaciones y caracteristicas<\/h3>\n<ul>\n<li>\u00c1cido hialur\u00f3nico: 40 mg \/ 2 ml con un PH de 7.2 y un peso molecular de 4.2 - 4.5 Mio Dalton<\/li>\n<li>Tama\u00f1o de c\u00e1nula recomendado: 18G - 25G<\/li>\n<li>Lugar de inyecci\u00f3n: intraarticular (en la rodilla)<\/li>\n<li>Longevidad de los efectos: hasta medio a\u00f1o<\/li>\n<\/ul>\n<p>Optivisc Plus es un dispositivo m\u00e9dico muy f\u00e1cil de usar. Se vende en una jeringa precargada desechable que permite a los m\u00e9dicos proporcionar r\u00e1pidamente a sus pacientes un <u>Terapia de OA sin complicaciones<\/u>. El \u00e1cido hialur\u00f3nico en su f\u00f3rmula se ha derivado a trav\u00e9s de un proceso conocido como biofermantaci\u00f3n. Por lo tanto, este producto es de origen no animal que considerablemente <em>reduce el riesgo de efectos adversos<\/em> ya que lo hace completamente biocompatible. De hecho, el HA es una sustancia que se puede encontrar en nuestro cuerpo, por lo que no es probable que provoque alergias.<\/p>\n<h3>S\u00edntomas que Optivisc Plus trata eficazmente<\/h3>\n<p>La mayor ventaja de este viscosuplemento amigable para el paciente es que ofrece un tratamiento integral para la osteoartritis. Eso es porque es <u>aborda una amplia gama de s\u00edntomas cl\u00e1sicos de OA<\/u> por:<\/p>\n<ul>\n<li>Reducir r\u00e1pidamente el dolor en las articulaciones de la rodilla<\/li>\n<li>Reducir visiblemente la hinchaz\u00f3n en el \u00e1rea de tratamiento.<\/li>\n<li>Incre\u00edblemente mejorando la movilidad<\/li>\n<li>Eliminando r\u00e1pidamente la rigidez<\/li>\n<li>Gran hidrataci\u00f3n y lubricaci\u00f3n de las articulaciones de la rodilla.<\/li>\n<\/ul>\n<p>Muchas de las incre\u00edbles propiedades curativas de Optivisc Plus dif\u00edcilmente se pueden lograr incluso con una cirug\u00eda que ha convertido esta inyecci\u00f3n de \u00e1cido hialur\u00f3nico bien recibida en la opci\u00f3n de terapia de OA preferida por los pacientes. Con la ayuda de My Lip Filler, este innovador suplemento puede llegar a su puerta en poco tiempo.<\/p>","protected":false},"excerpt":{"rendered":"<p>Optivisc Plus forma parte de la gama de productos ortop\u00e9dicos de primera clase de Biotech Healthcare Group. Este dispositivo m\u00e9dico de primera calidad est\u00e1 dise\u00f1ado como un <em>Viscosuplemento a base de HA para la osteoartritis de rodilla<\/em>. Brinda a los pacientes una comodidad adicional a trav\u00e9s de un procedimiento no quir\u00fargico de tres inyecciones al ofrecer un alivio r\u00e1pido del dolor y <strong>mejorando significativamente la movilidad de la articulaci\u00f3n de la rodilla<\/strong>. Como parte del impresionante cat\u00e1logo de productos de My Lip Filler, este suplemento inyectable de \u00e1cido hialur\u00f3nico optimizado ofrece satisfacci\u00f3n garantizada al paciente.<\/p>","protected":false},"featured_media":2921,"template":"","meta":{"_acf_changed":false},"product_brand":[],"product_cat":[176,47,48],"product_tag":[],"class_list":{"0":"post-2917","1":"product","2":"type-product","3":"status-publish","4":"has-post-thumbnail","6":"product_cat-biotech","7":"product_cat-optivisc","8":"product_cat-orthopedics","10":"first","11":"outofstock","12":"taxable","13":"shipping-taxable","14":"purchasable","15":"product-type-simple"},"acf":[],"yoast_head":"<!-- This site is optimized with the Yoast SEO plugin v27.2 - https:\/\/yoast.com\/product\/yoast-seo-wordpress\/ -->\n<title>Buy Optivisc Plus (1 x 2 ml) - Fillers from My Lip Filler<\/title>\n<meta name=\"description\" content=\"\u2765Buy Optivisc Plus (1 x 2 ml) \u23e9 My Lip Filler online store \u27a6 Quality assurance, reviews, ingredients, best prices!\" \/>\n<meta name=\"robots\" content=\"index, follow, max-snippet:-1, max-image-preview:large, max-video-preview:-1\" \/>\n<link rel=\"canonical\" href=\"https:\/\/mylipfiller.com\/es\/optivisc-plus-1-x-2-ml\/\" \/>\n<meta property=\"og:locale\" content=\"es_MX\" \/>\n<meta property=\"og:type\" content=\"article\" \/>\n<meta property=\"og:title\" content=\"Buy Optivisc Plus (1 x 2 ml) - Fillers from My Lip Filler\" \/>\n<meta property=\"og:description\" content=\"\u2765Buy Optivisc Plus (1 x 2 ml) \u23e9 My Lip Filler online store \u27a6 Quality assurance, reviews, ingredients, best prices!\" \/>\n<meta property=\"og:url\" content=\"https:\/\/mylipfiller.com\/es\/optivisc-plus-1-x-2-ml\/\" \/>\n<meta property=\"og:site_name\" content=\"My Lip Filler\" \/>\n<meta property=\"article:modified_time\" content=\"2024-07-03T15:32:57+00:00\" \/>\n<meta property=\"og:image\" content=\"https:\/\/cdn.mylipfiller.com\/wp-content\/uploads\/2019\/07\/Optivisc-Plus.jpg\" \/>\n\t<meta property=\"og:image:width\" content=\"600\" \/>\n\t<meta property=\"og:image:height\" content=\"600\" \/>\n\t<meta property=\"og:image:type\" content=\"image\/jpeg\" \/>\n<meta name=\"twitter:card\" content=\"summary_large_image\" \/>\n<meta name=\"twitter:label1\" content=\"Tiempo de lectura\" \/>\n\t<meta name=\"twitter:data1\" content=\"2 minutos\" \/>\n<script type=\"application\/ld+json\" class=\"yoast-schema-graph\">{\"@context\":\"https:\/\/schema.org\",\"@graph\":[{\"@type\":\"WebPage\",\"@id\":\"https:\/\/mylipfiller.com\/optivisc-plus-1-x-2-ml\/\",\"url\":\"https:\/\/mylipfiller.com\/optivisc-plus-1-x-2-ml\/\",\"name\":\"Buy Optivisc Plus (1 x 2 ml) - Fillers from My Lip Filler\",\"isPartOf\":{\"@id\":\"https:\/\/mylipfiller.com\/#website\"},\"primaryImageOfPage\":{\"@id\":\"https:\/\/mylipfiller.com\/optivisc-plus-1-x-2-ml\/#primaryimage\"},\"image\":{\"@id\":\"https:\/\/mylipfiller.com\/optivisc-plus-1-x-2-ml\/#primaryimage\"},\"thumbnailUrl\":\"https:\/\/cdn.mylipfiller.com\/wp-content\/uploads\/2019\/07\/Optivisc-Plus.jpg\",\"datePublished\":\"2019-07-24T07:50:44+00:00\",\"dateModified\":\"2024-07-03T15:32:57+00:00\",\"description\":\"\u2765Buy Optivisc Plus (1 x 2 ml) \u23e9 My Lip Filler online store \u27a6 Quality assurance, reviews, ingredients, best prices!\",\"breadcrumb\":{\"@id\":\"https:\/\/mylipfiller.com\/optivisc-plus-1-x-2-ml\/#breadcrumb\"},\"inLanguage\":\"es\",\"potentialAction\":[{\"@type\":\"ReadAction\",\"target\":[\"https:\/\/mylipfiller.com\/optivisc-plus-1-x-2-ml\/\"]}]},{\"@type\":\"ImageObject\",\"inLanguage\":\"es\",\"@id\":\"https:\/\/mylipfiller.com\/optivisc-plus-1-x-2-ml\/#primaryimage\",\"url\":\"https:\/\/cdn.mylipfiller.com\/wp-content\/uploads\/2019\/07\/Optivisc-Plus.jpg\",\"contentUrl\":\"https:\/\/cdn.mylipfiller.com\/wp-content\/uploads\/2019\/07\/Optivisc-Plus.jpg\",\"width\":600,\"height\":600,\"caption\":\"Optivisc Plus\"},{\"@type\":\"BreadcrumbList\",\"@id\":\"https:\/\/mylipfiller.com\/optivisc-plus-1-x-2-ml\/#breadcrumb\",\"itemListElement\":[{\"@type\":\"ListItem\",\"position\":1,\"name\":\"Home\",\"item\":\"https:\/\/mylipfiller.com\/\"},{\"@type\":\"ListItem\",\"position\":2,\"name\":\"Shop\",\"item\":\"https:\/\/mylipfiller.com\/shop\/\"},{\"@type\":\"ListItem\",\"position\":3,\"name\":\"Optivisc Plus (1 x 2 ml)\"}]},{\"@type\":\"WebSite\",\"@id\":\"https:\/\/mylipfiller.com\/#website\",\"url\":\"https:\/\/mylipfiller.com\/\",\"name\":\"My Lip Filler\",\"description\":\"Hyaluronic Acid Lip and Dermal Fillers\",\"publisher\":{\"@id\":\"https:\/\/mylipfiller.com\/#organization\"},\"potentialAction\":[{\"@type\":\"SearchAction\",\"target\":{\"@type\":\"EntryPoint\",\"urlTemplate\":\"https:\/\/mylipfiller.com\/?s={search_term_string}\"},\"query-input\":{\"@type\":\"PropertyValueSpecification\",\"valueRequired\":true,\"valueName\":\"search_term_string\"}}],\"inLanguage\":\"es\"},{\"@type\":\"Organization\",\"@id\":\"https:\/\/mylipfiller.com\/#organization\",\"name\":\"My Lip Filler\",\"url\":\"https:\/\/mylipfiller.com\/\",\"logo\":{\"@type\":\"ImageObject\",\"inLanguage\":\"es\",\"@id\":\"https:\/\/mylipfiller.com\/#\/schema\/logo\/image\/\",\"url\":\"https:\/\/cdn.mylipfiller.com\/wp-content\/uploads\/2019\/02\/cropped-My-Lip-Filler-Logo.png\",\"contentUrl\":\"https:\/\/cdn.mylipfiller.com\/wp-content\/uploads\/2019\/02\/cropped-My-Lip-Filler-Logo.png\",\"width\":240,\"height\":88,\"caption\":\"My Lip Filler\"},\"image\":{\"@id\":\"https:\/\/mylipfiller.com\/#\/schema\/logo\/image\/\"}}]}<\/script>\n<!-- \/ Yoast SEO plugin. -->","yoast_head_json":{"title":"Comprar Optivisc Plus (1 x 2 ml) - Rellenos de My Lip Filler","description":"\u2765Compra Optivisc Plus (1 x 2 ml) \u23e9 Tienda online My Lip Filler \u27a6 Garant\u00eda de calidad, rese\u00f1as, ingredientes, \u00a1los mejores precios!","robots":{"index":"index","follow":"follow","max-snippet":"max-snippet:-1","max-image-preview":"max-image-preview:large","max-video-preview":"max-video-preview:-1"},"canonical":"https:\/\/mylipfiller.com\/es\/optivisc-plus-1-x-2-ml\/","og_locale":"es_MX","og_type":"article","og_title":"Buy Optivisc Plus (1 x 2 ml) - Fillers from My Lip Filler","og_description":"\u2765Buy Optivisc Plus (1 x 2 ml) \u23e9 My Lip Filler online store \u27a6 Quality assurance, reviews, ingredients, best prices!","og_url":"https:\/\/mylipfiller.com\/es\/optivisc-plus-1-x-2-ml\/","og_site_name":"My Lip Filler","article_modified_time":"2024-07-03T15:32:57+00:00","og_image":[{"width":600,"height":600,"url":"https:\/\/cdn.mylipfiller.com\/wp-content\/uploads\/2019\/07\/Optivisc-Plus.jpg","type":"image\/jpeg"}],"twitter_card":"summary_large_image","twitter_misc":{"Tiempo de lectura":"2 minutos"},"schema":{"@context":"https:\/\/schema.org","@graph":[{"@type":"WebPage","@id":"https:\/\/mylipfiller.com\/optivisc-plus-1-x-2-ml\/","url":"https:\/\/mylipfiller.com\/optivisc-plus-1-x-2-ml\/","name":"Comprar Optivisc Plus (1 x 2 ml) - Rellenos de My Lip Filler","isPartOf":{"@id":"https:\/\/mylipfiller.com\/#website"},"primaryImageOfPage":{"@id":"https:\/\/mylipfiller.com\/optivisc-plus-1-x-2-ml\/#primaryimage"},"image":{"@id":"https:\/\/mylipfiller.com\/optivisc-plus-1-x-2-ml\/#primaryimage"},"thumbnailUrl":"https:\/\/cdn.mylipfiller.com\/wp-content\/uploads\/2019\/07\/Optivisc-Plus.jpg","datePublished":"2019-07-24T07:50:44+00:00","dateModified":"2024-07-03T15:32:57+00:00","description":"\u2765Compra Optivisc Plus (1 x 2 ml) \u23e9 Tienda online My Lip Filler \u27a6 Garant\u00eda de calidad, rese\u00f1as, ingredientes, \u00a1los mejores precios!","breadcrumb":{"@id":"https:\/\/mylipfiller.com\/optivisc-plus-1-x-2-ml\/#breadcrumb"},"inLanguage":"es","potentialAction":[{"@type":"ReadAction","target":["https:\/\/mylipfiller.com\/optivisc-plus-1-x-2-ml\/"]}]},{"@type":"ImageObject","inLanguage":"es","@id":"https:\/\/mylipfiller.com\/optivisc-plus-1-x-2-ml\/#primaryimage","url":"https:\/\/cdn.mylipfiller.com\/wp-content\/uploads\/2019\/07\/Optivisc-Plus.jpg","contentUrl":"https:\/\/cdn.mylipfiller.com\/wp-content\/uploads\/2019\/07\/Optivisc-Plus.jpg","width":600,"height":600,"caption":"Optivisc Plus"},{"@type":"BreadcrumbList","@id":"https:\/\/mylipfiller.com\/optivisc-plus-1-x-2-ml\/#breadcrumb","itemListElement":[{"@type":"ListItem","position":1,"name":"Home","item":"https:\/\/mylipfiller.com\/"},{"@type":"ListItem","position":2,"name":"Shop","item":"https:\/\/mylipfiller.com\/shop\/"},{"@type":"ListItem","position":3,"name":"Optivisc Plus (1 x 2 ml)"}]},{"@type":"WebSite","@id":"https:\/\/mylipfiller.com\/#website","url":"https:\/\/mylipfiller.com\/","name":"Mi relleno de labios","description":"Rellenos d\u00e9rmicos y de labios con \u00e1cido hialur\u00f3nico","publisher":{"@id":"https:\/\/mylipfiller.com\/#organization"},"potentialAction":[{"@type":"SearchAction","target":{"@type":"EntryPoint","urlTemplate":"https:\/\/mylipfiller.com\/?s={search_term_string}"},"query-input":{"@type":"PropertyValueSpecification","valueRequired":true,"valueName":"search_term_string"}}],"inLanguage":"es"},{"@type":"Organization","@id":"https:\/\/mylipfiller.com\/#organization","name":"Mi relleno de labios","url":"https:\/\/mylipfiller.com\/","logo":{"@type":"ImageObject","inLanguage":"es","@id":"https:\/\/mylipfiller.com\/#\/schema\/logo\/image\/","url":"https:\/\/cdn.mylipfiller.com\/wp-content\/uploads\/2019\/02\/cropped-My-Lip-Filler-Logo.png","contentUrl":"https:\/\/cdn.mylipfiller.com\/wp-content\/uploads\/2019\/02\/cropped-My-Lip-Filler-Logo.png","width":240,"height":88,"caption":"My Lip Filler"},"image":{"@id":"https:\/\/mylipfiller.com\/#\/schema\/logo\/image\/"}}]}},"_links":{"self":[{"href":"https:\/\/mylipfiller.com\/es\/wp-json\/wp\/v2\/product\/2917","targetHints":{"allow":["GET"]}}],"collection":[{"href":"https:\/\/mylipfiller.com\/es\/wp-json\/wp\/v2\/product"}],"about":[{"href":"https:\/\/mylipfiller.com\/es\/wp-json\/wp\/v2\/types\/product"}],"wp:featuredmedia":[{"embeddable":true,"href":"https:\/\/mylipfiller.com\/es\/wp-json\/wp\/v2\/media\/2921"}],"wp:attachment":[{"href":"https:\/\/mylipfiller.com\/es\/wp-json\/wp\/v2\/media?parent=2917"}],"wp:term":[{"taxonomy":"product_brand","embeddable":true,"href":"https:\/\/mylipfiller.com\/es\/wp-json\/wp\/v2\/product_brand?post=2917"},{"taxonomy":"product_cat","embeddable":true,"href":"https:\/\/mylipfiller.com\/es\/wp-json\/wp\/v2\/product_cat?post=2917"},{"taxonomy":"product_tag","embeddable":true,"href":"https:\/\/mylipfiller.com\/es\/wp-json\/wp\/v2\/product_tag?post=2917"}],"curies":[{"name":"gracias","href":"https:\/\/api.w.org\/{rel}","templated":true}]}}