{"id":2918,"date":"2019-07-24T09:51:51","date_gmt":"2019-07-24T07:51:51","guid":{"rendered":"https:\/\/mylipfiller.com\/?post_type=product&#038;p=2918"},"modified":"2024-07-03T17:32:57","modified_gmt":"2024-07-03T15:32:57","slug":"optivisc-m-1-x-2ml","status":"publish","type":"product","link":"https:\/\/mylipfiller.com\/es\/optivisc-m-1-x-2ml\/","title":{"rendered":"Optivisc M (1 x 2 ml)"},"content":{"rendered":"<ul>\n<li>Ingrediente activo clave: \u00e1cido hialur\u00f3nico no animal (40 mg \/ ml)<\/li>\n<li>En el paquete: 1 jeringa precargada de un solo uso de 2 ml<\/li>\n<li>Otros ingredientes: 0.5% Manitol<\/li>\n<li>Durabilidad: hasta 6 meses.<\/li>\n<\/ul>\n<h3>Principales indicaciones de Optivisc M<\/h3>\n<p>Este producto m\u00e9dico de excelente calidad es especialmente adecuado para pacientes que padecen <em>osteoartritis leve a moderada<\/em>. Tambi\u00e9n conocida como OA, esta condici\u00f3n se caracteriza por diversas alteraciones funcionales, dolor articular, agrietamiento, hinchaz\u00f3n, rigidez e incluso con una movilidad cada vez m\u00e1s limitada en la zona del articulador. Optivisc M es <u>un viscosuplemento de tres inyecciones<\/u> que puede mejorar la afecci\u00f3n y eliminar o, al menos, reducir muchos de los s\u00edntomas enumerados anteriormente hasta por medio a\u00f1o. La empresa que lo produce, Biotech Healthcare Group, lo promueve principalmente como una terapia m\u00ednimamente invasiva para la osteoartritis de rodilla. Esto se debe al hecho de que el \u00e1cido hialur\u00f3nico libre de riesgos que contiene de manera eficaz <em>lubrica, protege y calma las articulaciones de la rodilla<\/em>.<\/p>\n<h3>\u00bfEn qu\u00e9 consiste el tratamiento?<\/h3>\n<p>Esta es una de las terapias de OA m\u00e1s r\u00e1pidas, seguras y efectivas que existen en la actualidad. No requiere bistur\u00ed, tiempo de recuperaci\u00f3n extenso y pr\u00e1cticamente indoloro. El producto simplemente se inyecta en las articulaciones y all\u00ed, el HA purificado en \u00e9l. <u>forma una nueva capa protectora<\/u> que minimiza r\u00e1pidamente el dolor articular y mejora la absorci\u00f3n de impactos. El \u00e1cido hialur\u00f3nico de este suplemento se disuelve gradualmente, por lo que los pacientes deber\u00e1n someterse a tratamientos repetidos cada 6 meses para prolongar sus efectos.<\/p>","protected":false},"excerpt":{"rendered":"<p>Personas que sufren <em>osteoartritis de rodilla<\/em> ahora tenga la incre\u00edble oportunidad de dejar atr\u00e1s algunos de los s\u00edntomas m\u00e1s molestos de la OA. Eso es posible gracias a una nueva, <u>viscosuplemento de primera categor\u00eda llamado Optivisc M<\/u>. Ahora disponible en la tienda en l\u00ednea de My Lip Filler a un precio exclusivo, este producto superior sirve como un <strong>fuente de \u00e1cido hialur\u00f3nico ex\u00f3geno<\/strong>. Por eso, proporciona una protecci\u00f3n duradera de las articulaciones, reduce el dolor, las inflamaciones y mejora enormemente la movilidad.<\/p>","protected":false},"featured_media":2920,"template":"","meta":{"_acf_changed":false},"product_brand":[],"product_cat":[176,47,48],"product_tag":[],"class_list":{"0":"post-2918","1":"product","2":"type-product","3":"status-publish","4":"has-post-thumbnail","6":"product_cat-biotech","7":"product_cat-optivisc","8":"product_cat-orthopedics","10":"first","11":"outofstock","12":"taxable","13":"shipping-taxable","14":"purchasable","15":"product-type-simple"},"acf":[],"yoast_head":"<!-- This site is optimized with the Yoast SEO plugin v27.3 - https:\/\/yoast.com\/product\/yoast-seo-wordpress\/ -->\n<title>Buy Optivisc M (1 x 2ml) - Fillers from My Lip Filler<\/title>\n<meta name=\"description\" content=\"\u2765Buy Optivisc M (1 x 2ml) \u23e9 My Lip Filler online store \u27a6 Quality assurance, reviews, ingredients, best prices!\" \/>\n<meta name=\"robots\" content=\"index, follow, max-snippet:-1, max-image-preview:large, max-video-preview:-1\" \/>\n<link rel=\"canonical\" href=\"https:\/\/mylipfiller.com\/es\/optivisc-m-1-x-2ml\/\" \/>\n<meta property=\"og:locale\" content=\"es_MX\" \/>\n<meta property=\"og:type\" content=\"article\" \/>\n<meta property=\"og:title\" content=\"Buy Optivisc M (1 x 2ml) - Fillers from My Lip Filler\" \/>\n<meta property=\"og:description\" content=\"\u2765Buy Optivisc M (1 x 2ml) \u23e9 My Lip Filler online store \u27a6 Quality assurance, reviews, ingredients, best prices!\" \/>\n<meta property=\"og:url\" content=\"https:\/\/mylipfiller.com\/es\/optivisc-m-1-x-2ml\/\" \/>\n<meta property=\"og:site_name\" content=\"My Lip Filler\" \/>\n<meta property=\"article:modified_time\" content=\"2024-07-03T15:32:57+00:00\" \/>\n<meta property=\"og:image\" content=\"https:\/\/cdn.mylipfiller.com\/wp-content\/uploads\/2019\/07\/Optivisc-M.jpg\" \/>\n\t<meta property=\"og:image:width\" content=\"600\" \/>\n\t<meta property=\"og:image:height\" content=\"600\" \/>\n\t<meta property=\"og:image:type\" content=\"image\/jpeg\" \/>\n<meta name=\"twitter:card\" content=\"summary_large_image\" \/>\n<meta name=\"twitter:label1\" content=\"Tiempo de lectura\" \/>\n\t<meta name=\"twitter:data1\" content=\"2 minutos\" \/>\n<script type=\"application\/ld+json\" class=\"yoast-schema-graph\">{\"@context\":\"https:\\\/\\\/schema.org\",\"@graph\":[{\"@type\":\"WebPage\",\"@id\":\"https:\\\/\\\/mylipfiller.com\\\/optivisc-m-1-x-2ml\\\/\",\"url\":\"https:\\\/\\\/mylipfiller.com\\\/optivisc-m-1-x-2ml\\\/\",\"name\":\"Buy Optivisc M (1 x 2ml) - Fillers from My Lip Filler\",\"isPartOf\":{\"@id\":\"https:\\\/\\\/mylipfiller.com\\\/#website\"},\"primaryImageOfPage\":{\"@id\":\"https:\\\/\\\/mylipfiller.com\\\/optivisc-m-1-x-2ml\\\/#primaryimage\"},\"image\":{\"@id\":\"https:\\\/\\\/mylipfiller.com\\\/optivisc-m-1-x-2ml\\\/#primaryimage\"},\"thumbnailUrl\":\"https:\\\/\\\/mylipfiller.com\\\/wp-content\\\/uploads\\\/2019\\\/07\\\/Optivisc-M.jpg\",\"datePublished\":\"2019-07-24T07:51:51+00:00\",\"dateModified\":\"2024-07-03T15:32:57+00:00\",\"description\":\"\u2765Buy Optivisc M (1 x 2ml) \u23e9 My Lip Filler online store \u27a6 Quality assurance, reviews, ingredients, best prices!\",\"breadcrumb\":{\"@id\":\"https:\\\/\\\/mylipfiller.com\\\/optivisc-m-1-x-2ml\\\/#breadcrumb\"},\"inLanguage\":\"es\",\"potentialAction\":[{\"@type\":\"ReadAction\",\"target\":[\"https:\\\/\\\/mylipfiller.com\\\/optivisc-m-1-x-2ml\\\/\"]}]},{\"@type\":\"ImageObject\",\"inLanguage\":\"es\",\"@id\":\"https:\\\/\\\/mylipfiller.com\\\/optivisc-m-1-x-2ml\\\/#primaryimage\",\"url\":\"https:\\\/\\\/mylipfiller.com\\\/wp-content\\\/uploads\\\/2019\\\/07\\\/Optivisc-M.jpg\",\"contentUrl\":\"https:\\\/\\\/mylipfiller.com\\\/wp-content\\\/uploads\\\/2019\\\/07\\\/Optivisc-M.jpg\",\"width\":600,\"height\":600,\"caption\":\"Optivisc M\"},{\"@type\":\"BreadcrumbList\",\"@id\":\"https:\\\/\\\/mylipfiller.com\\\/optivisc-m-1-x-2ml\\\/#breadcrumb\",\"itemListElement\":[{\"@type\":\"ListItem\",\"position\":1,\"name\":\"Home\",\"item\":\"https:\\\/\\\/mylipfiller.com\\\/\"},{\"@type\":\"ListItem\",\"position\":2,\"name\":\"Shop\",\"item\":\"https:\\\/\\\/mylipfiller.com\\\/shop\\\/\"},{\"@type\":\"ListItem\",\"position\":3,\"name\":\"Optivisc M (1 x 2ml)\"}]},{\"@type\":\"WebSite\",\"@id\":\"https:\\\/\\\/mylipfiller.com\\\/#website\",\"url\":\"https:\\\/\\\/mylipfiller.com\\\/\",\"name\":\"My Lip Filler\",\"description\":\"Hyaluronic Acid Lip and Dermal Fillers\",\"publisher\":{\"@id\":\"https:\\\/\\\/mylipfiller.com\\\/#organization\"},\"potentialAction\":[{\"@type\":\"SearchAction\",\"target\":{\"@type\":\"EntryPoint\",\"urlTemplate\":\"https:\\\/\\\/mylipfiller.com\\\/?s={search_term_string}\"},\"query-input\":{\"@type\":\"PropertyValueSpecification\",\"valueRequired\":true,\"valueName\":\"search_term_string\"}}],\"inLanguage\":\"es\"},{\"@type\":\"Organization\",\"@id\":\"https:\\\/\\\/mylipfiller.com\\\/#organization\",\"name\":\"My Lip Filler\",\"url\":\"https:\\\/\\\/mylipfiller.com\\\/\",\"logo\":{\"@type\":\"ImageObject\",\"inLanguage\":\"es\",\"@id\":\"https:\\\/\\\/mylipfiller.com\\\/#\\\/schema\\\/logo\\\/image\\\/\",\"url\":\"https:\\\/\\\/mylipfiller.com\\\/wp-content\\\/uploads\\\/2019\\\/02\\\/cropped-My-Lip-Filler-Logo.png\",\"contentUrl\":\"https:\\\/\\\/mylipfiller.com\\\/wp-content\\\/uploads\\\/2019\\\/02\\\/cropped-My-Lip-Filler-Logo.png\",\"width\":240,\"height\":88,\"caption\":\"My Lip Filler\"},\"image\":{\"@id\":\"https:\\\/\\\/mylipfiller.com\\\/#\\\/schema\\\/logo\\\/image\\\/\"}}]}<\/script>\n<!-- \/ Yoast SEO plugin. -->","yoast_head_json":{"title":"Comprar Optivisc M (1 x 2ml) - Rellenos de My Lip Filler","description":"\u2765Compra Optivisc M (1 x 2ml) \u23e9 Tienda online My Lip Filler \u27a6 Garant\u00eda de calidad, rese\u00f1as, ingredientes, \u00a1los mejores precios!","robots":{"index":"index","follow":"follow","max-snippet":"max-snippet:-1","max-image-preview":"max-image-preview:large","max-video-preview":"max-video-preview:-1"},"canonical":"https:\/\/mylipfiller.com\/es\/optivisc-m-1-x-2ml\/","og_locale":"es_MX","og_type":"article","og_title":"Buy Optivisc M (1 x 2ml) - Fillers from My Lip Filler","og_description":"\u2765Buy Optivisc M (1 x 2ml) \u23e9 My Lip Filler online store \u27a6 Quality assurance, reviews, ingredients, best prices!","og_url":"https:\/\/mylipfiller.com\/es\/optivisc-m-1-x-2ml\/","og_site_name":"My Lip Filler","article_modified_time":"2024-07-03T15:32:57+00:00","og_image":[{"width":600,"height":600,"url":"https:\/\/cdn.mylipfiller.com\/wp-content\/uploads\/2019\/07\/Optivisc-M.jpg","type":"image\/jpeg"}],"twitter_card":"summary_large_image","twitter_misc":{"Tiempo de lectura":"2 minutos"},"schema":{"@context":"https:\/\/schema.org","@graph":[{"@type":"WebPage","@id":"https:\/\/mylipfiller.com\/optivisc-m-1-x-2ml\/","url":"https:\/\/mylipfiller.com\/optivisc-m-1-x-2ml\/","name":"Comprar Optivisc M (1 x 2ml) - Rellenos de My Lip Filler","isPartOf":{"@id":"https:\/\/mylipfiller.com\/#website"},"primaryImageOfPage":{"@id":"https:\/\/mylipfiller.com\/optivisc-m-1-x-2ml\/#primaryimage"},"image":{"@id":"https:\/\/mylipfiller.com\/optivisc-m-1-x-2ml\/#primaryimage"},"thumbnailUrl":"https:\/\/cdn.mylipfiller.com\/wp-content\/uploads\/2019\/07\/Optivisc-M.jpg","datePublished":"2019-07-24T07:51:51+00:00","dateModified":"2024-07-03T15:32:57+00:00","description":"\u2765Compra Optivisc M (1 x 2ml) \u23e9 Tienda online My Lip Filler \u27a6 Garant\u00eda de calidad, rese\u00f1as, ingredientes, \u00a1los mejores precios!","breadcrumb":{"@id":"https:\/\/mylipfiller.com\/optivisc-m-1-x-2ml\/#breadcrumb"},"inLanguage":"es","potentialAction":[{"@type":"ReadAction","target":["https:\/\/mylipfiller.com\/optivisc-m-1-x-2ml\/"]}]},{"@type":"ImageObject","inLanguage":"es","@id":"https:\/\/mylipfiller.com\/optivisc-m-1-x-2ml\/#primaryimage","url":"https:\/\/cdn.mylipfiller.com\/wp-content\/uploads\/2019\/07\/Optivisc-M.jpg","contentUrl":"https:\/\/cdn.mylipfiller.com\/wp-content\/uploads\/2019\/07\/Optivisc-M.jpg","width":600,"height":600,"caption":"Optivisc M"},{"@type":"BreadcrumbList","@id":"https:\/\/mylipfiller.com\/optivisc-m-1-x-2ml\/#breadcrumb","itemListElement":[{"@type":"ListItem","position":1,"name":"Home","item":"https:\/\/mylipfiller.com\/"},{"@type":"ListItem","position":2,"name":"Shop","item":"https:\/\/mylipfiller.com\/shop\/"},{"@type":"ListItem","position":3,"name":"Optivisc M (1 x 2ml)"}]},{"@type":"WebSite","@id":"https:\/\/mylipfiller.com\/#website","url":"https:\/\/mylipfiller.com\/","name":"Mi relleno de labios","description":"Rellenos d\u00e9rmicos y de labios con \u00e1cido hialur\u00f3nico","publisher":{"@id":"https:\/\/mylipfiller.com\/#organization"},"potentialAction":[{"@type":"SearchAction","target":{"@type":"EntryPoint","urlTemplate":"https:\/\/mylipfiller.com\/?s={search_term_string}"},"query-input":{"@type":"PropertyValueSpecification","valueRequired":true,"valueName":"search_term_string"}}],"inLanguage":"es"},{"@type":"Organization","@id":"https:\/\/mylipfiller.com\/#organization","name":"Mi relleno de labios","url":"https:\/\/mylipfiller.com\/","logo":{"@type":"ImageObject","inLanguage":"es","@id":"https:\/\/mylipfiller.com\/#\/schema\/logo\/image\/","url":"https:\/\/cdn.mylipfiller.com\/wp-content\/uploads\/2019\/02\/cropped-My-Lip-Filler-Logo.png","contentUrl":"https:\/\/cdn.mylipfiller.com\/wp-content\/uploads\/2019\/02\/cropped-My-Lip-Filler-Logo.png","width":240,"height":88,"caption":"My Lip Filler"},"image":{"@id":"https:\/\/mylipfiller.com\/#\/schema\/logo\/image\/"}}]}},"_links":{"self":[{"href":"https:\/\/mylipfiller.com\/es\/wp-json\/wp\/v2\/product\/2918","targetHints":{"allow":["GET"]}}],"collection":[{"href":"https:\/\/mylipfiller.com\/es\/wp-json\/wp\/v2\/product"}],"about":[{"href":"https:\/\/mylipfiller.com\/es\/wp-json\/wp\/v2\/types\/product"}],"wp:featuredmedia":[{"embeddable":true,"href":"https:\/\/mylipfiller.com\/es\/wp-json\/wp\/v2\/media\/2920"}],"wp:attachment":[{"href":"https:\/\/mylipfiller.com\/es\/wp-json\/wp\/v2\/media?parent=2918"}],"wp:term":[{"taxonomy":"product_brand","embeddable":true,"href":"https:\/\/mylipfiller.com\/es\/wp-json\/wp\/v2\/product_brand?post=2918"},{"taxonomy":"product_cat","embeddable":true,"href":"https:\/\/mylipfiller.com\/es\/wp-json\/wp\/v2\/product_cat?post=2918"},{"taxonomy":"product_tag","embeddable":true,"href":"https:\/\/mylipfiller.com\/es\/wp-json\/wp\/v2\/product_tag?post=2918"}],"curies":[{"name":"gracias","href":"https:\/\/api.w.org\/{rel}","templated":true}]}}