{"id":2925,"date":"2019-07-24T10:53:05","date_gmt":"2019-07-24T08:53:05","guid":{"rendered":"https:\/\/mylipfiller.com\/?post_type=product&#038;p=2925"},"modified":"2024-07-03T17:32:57","modified_gmt":"2024-07-03T15:32:57","slug":"hyafilia-petit-1-x-1ml","status":"publish","type":"product","link":"https:\/\/mylipfiller.com\/es\/hyafilia-petit-1-x-1ml\/","title":{"rendered":"Hyafilia Petit (1 x 1 ml)"},"content":{"rendered":"<ul>\n<li>Tama\u00f1o de grano de HA: un promedio de 200 \u00b5m<\/li>\n<li>Concentraci\u00f3n de HA: 20 mg \/ ml (reticulado)<\/li>\n<li>Profundidad de inyecci\u00f3n recomendada: dermis superficial<\/li>\n<li>Longevidad: un m\u00e1ximo de 12 meses<\/li>\n<\/ul>\n<h3>\u00bfQu\u00e9 diferencia a HyaFilia Petit de otros rellenos HA?<\/h3>\n<p>Este es un producto de rejuvenecimiento cosm\u00e9tico de nueva generaci\u00f3n. Tiene una estructura bif\u00e1sica especial. Esto significa que una parte est\u00e1 estabilizada y el resto no est\u00e1 estabilizado (ratio respectivo 85:15). De esa forma, este producto ofrece un equilibrio perfecto entre dar volumen y <u>Relleno de l\u00edneas finas y arrugas en la cara, cuello.<\/u>, escote y dorso de las manos.<\/p>\n<h3>Longevidad esperada de sus efectos anti-envejecimiento<\/h3>\n<p>Este gel inyectable tambi\u00e9n est\u00e1 compuesto por microesferas de HA de diferentes tama\u00f1os, por lo que sus efectos antiarrugas de aspecto natural son varias veces m\u00e1s duraderos en comparaci\u00f3n con los de los rellenos monof\u00e1sicos. En este caso, los pacientes pueden disfrutar de su apariencia rejuvenecida y sin arrugas durante <u>hasta 1 a\u00f1o<\/u> con una sola sesi\u00f3n de inyecci\u00f3n. Esta es una mejora impresionante dado que la mayor\u00eda de los otros productos de este tipo tienen efectos que apenas duran 4 meses. La longevidad prolongada de los resultados del tratamiento tambi\u00e9n significa que los pacientes no se ver\u00e1n obligados a someterse a frecuentes sesiones de inyecci\u00f3n de retoques para conservar su apariencia. Eso, junto con el precio asequible de HyaFilia Petit, significa que una terapia antienvejecimiento con este relleno de tejidos blandos l\u00edder <em>te costar\u00e1 una peque\u00f1a suma de dinero<\/em>, especialmente si compra esta obra maestra a trav\u00e9s del sitio web de My Lip Filler.<\/p>","protected":false},"excerpt":{"rendered":"<p>Las arrugas superficiales y las l\u00edneas superficiales tienen un nuevo enemigo mortal y su nombre es <u>HyaFilia Petit<\/u>. Fabricado por uno de los principales productores de dispositivos y productos m\u00e9dicos de Corea, CHA Meditech Co.Ltd., Este <em>relleno de \u00e1cido hialur\u00f3nico de mayor duraci\u00f3n<\/em> est\u00e1 cient\u00edficamente probado que es seguro y bastante eficaz cuando se trata de rejuvenecimiento cut\u00e1neo no invasivo. Nosotros, de My Lip Filler, ofrecemos este extraordinario producto a un precio de ganga.<\/p>","protected":false},"featured_media":2930,"template":"","meta":{"_acf_changed":false},"product_brand":[],"product_cat":[166,49,32],"product_tag":[144,125,111,126,112,128,151,117,106,113,146,137,119,148,127],"class_list":{"0":"post-2925","1":"product","2":"type-product","3":"status-publish","4":"has-post-thumbnail","6":"product_cat-cha-meditech","7":"product_cat-hyafilia","8":"product_cat-soft","9":"product_tag-anti-wrinkle","10":"product_tag-crows-feet","11":"product_tag-face","12":"product_tag-fine-lines","13":"product_tag-forehead","14":"product_tag-forehead-wrinkles","15":"product_tag-hyaluronic-acid-ha-fillers","16":"product_tag-low-density","17":"product_tag-nasolacrimal-furrows","18":"product_tag-periorbital-area","19":"product_tag-smoothing","20":"product_tag-south-korea","21":"product_tag-up-to-9-months","22":"product_tag-upper-dermis","23":"product_tag-wrinkles-around-the-eyes","25":"first","26":"outofstock","27":"taxable","28":"shipping-taxable","29":"purchasable","30":"product-type-simple"},"acf":[],"yoast_head":"<!-- This site is optimized with the Yoast SEO plugin v27.2 - https:\/\/yoast.com\/product\/yoast-seo-wordpress\/ -->\n<title>Buy Hyafilia Petit (1 x 1ml) - Fillers from My Lip Filler<\/title>\n<meta name=\"description\" content=\"\u2765Buy Hyafilia Petit (1 x 1ml) \u23e9 My Lip Filler online store \u27a6 Quality assurance, reviews, ingredients, best prices!\" \/>\n<meta name=\"robots\" content=\"index, follow, max-snippet:-1, max-image-preview:large, max-video-preview:-1\" \/>\n<link rel=\"canonical\" href=\"https:\/\/mylipfiller.com\/es\/hyafilia-petit-1-x-1ml\/\" \/>\n<meta property=\"og:locale\" content=\"es_MX\" \/>\n<meta property=\"og:type\" content=\"article\" \/>\n<meta property=\"og:title\" content=\"Buy Hyafilia Petit (1 x 1ml) - Fillers from My Lip Filler\" \/>\n<meta property=\"og:description\" content=\"\u2765Buy Hyafilia Petit (1 x 1ml) \u23e9 My Lip Filler online store \u27a6 Quality assurance, reviews, ingredients, best prices!\" \/>\n<meta property=\"og:url\" content=\"https:\/\/mylipfiller.com\/es\/hyafilia-petit-1-x-1ml\/\" \/>\n<meta property=\"og:site_name\" content=\"My Lip Filler\" \/>\n<meta property=\"article:modified_time\" content=\"2024-07-03T15:32:57+00:00\" \/>\n<meta property=\"og:image\" content=\"https:\/\/cdn.mylipfiller.com\/wp-content\/uploads\/2019\/07\/Hyafilia-Petit.jpg\" \/>\n\t<meta property=\"og:image:width\" content=\"600\" \/>\n\t<meta property=\"og:image:height\" content=\"600\" \/>\n\t<meta property=\"og:image:type\" content=\"image\/jpeg\" \/>\n<meta name=\"twitter:card\" content=\"summary_large_image\" \/>\n<meta name=\"twitter:label1\" content=\"Tiempo de lectura\" \/>\n\t<meta name=\"twitter:data1\" content=\"2 minutos\" \/>\n<script type=\"application\/ld+json\" class=\"yoast-schema-graph\">{\"@context\":\"https:\/\/schema.org\",\"@graph\":[{\"@type\":\"WebPage\",\"@id\":\"https:\/\/mylipfiller.com\/hyafilia-petit-1-x-1ml\/\",\"url\":\"https:\/\/mylipfiller.com\/hyafilia-petit-1-x-1ml\/\",\"name\":\"Buy Hyafilia Petit (1 x 1ml) - Fillers from My Lip Filler\",\"isPartOf\":{\"@id\":\"https:\/\/mylipfiller.com\/#website\"},\"primaryImageOfPage\":{\"@id\":\"https:\/\/mylipfiller.com\/hyafilia-petit-1-x-1ml\/#primaryimage\"},\"image\":{\"@id\":\"https:\/\/mylipfiller.com\/hyafilia-petit-1-x-1ml\/#primaryimage\"},\"thumbnailUrl\":\"https:\/\/cdn.mylipfiller.com\/wp-content\/uploads\/2019\/07\/Hyafilia-Petit.jpg\",\"datePublished\":\"2019-07-24T08:53:05+00:00\",\"dateModified\":\"2024-07-03T15:32:57+00:00\",\"description\":\"\u2765Buy Hyafilia Petit (1 x 1ml) \u23e9 My Lip Filler online store \u27a6 Quality assurance, reviews, ingredients, best prices!\",\"breadcrumb\":{\"@id\":\"https:\/\/mylipfiller.com\/hyafilia-petit-1-x-1ml\/#breadcrumb\"},\"inLanguage\":\"es\",\"potentialAction\":[{\"@type\":\"ReadAction\",\"target\":[\"https:\/\/mylipfiller.com\/hyafilia-petit-1-x-1ml\/\"]}]},{\"@type\":\"ImageObject\",\"inLanguage\":\"es\",\"@id\":\"https:\/\/mylipfiller.com\/hyafilia-petit-1-x-1ml\/#primaryimage\",\"url\":\"https:\/\/cdn.mylipfiller.com\/wp-content\/uploads\/2019\/07\/Hyafilia-Petit.jpg\",\"contentUrl\":\"https:\/\/cdn.mylipfiller.com\/wp-content\/uploads\/2019\/07\/Hyafilia-Petit.jpg\",\"width\":600,\"height\":600,\"caption\":\"Hyafilia Petit\"},{\"@type\":\"BreadcrumbList\",\"@id\":\"https:\/\/mylipfiller.com\/hyafilia-petit-1-x-1ml\/#breadcrumb\",\"itemListElement\":[{\"@type\":\"ListItem\",\"position\":1,\"name\":\"Home\",\"item\":\"https:\/\/mylipfiller.com\/\"},{\"@type\":\"ListItem\",\"position\":2,\"name\":\"Shop\",\"item\":\"https:\/\/mylipfiller.com\/shop\/\"},{\"@type\":\"ListItem\",\"position\":3,\"name\":\"Hyafilia Petit (1 x 1ml)\"}]},{\"@type\":\"WebSite\",\"@id\":\"https:\/\/mylipfiller.com\/#website\",\"url\":\"https:\/\/mylipfiller.com\/\",\"name\":\"My Lip Filler\",\"description\":\"Hyaluronic Acid Lip and Dermal Fillers\",\"publisher\":{\"@id\":\"https:\/\/mylipfiller.com\/#organization\"},\"potentialAction\":[{\"@type\":\"SearchAction\",\"target\":{\"@type\":\"EntryPoint\",\"urlTemplate\":\"https:\/\/mylipfiller.com\/?s={search_term_string}\"},\"query-input\":{\"@type\":\"PropertyValueSpecification\",\"valueRequired\":true,\"valueName\":\"search_term_string\"}}],\"inLanguage\":\"es\"},{\"@type\":\"Organization\",\"@id\":\"https:\/\/mylipfiller.com\/#organization\",\"name\":\"My Lip Filler\",\"url\":\"https:\/\/mylipfiller.com\/\",\"logo\":{\"@type\":\"ImageObject\",\"inLanguage\":\"es\",\"@id\":\"https:\/\/mylipfiller.com\/#\/schema\/logo\/image\/\",\"url\":\"https:\/\/cdn.mylipfiller.com\/wp-content\/uploads\/2019\/02\/cropped-My-Lip-Filler-Logo.png\",\"contentUrl\":\"https:\/\/cdn.mylipfiller.com\/wp-content\/uploads\/2019\/02\/cropped-My-Lip-Filler-Logo.png\",\"width\":240,\"height\":88,\"caption\":\"My Lip Filler\"},\"image\":{\"@id\":\"https:\/\/mylipfiller.com\/#\/schema\/logo\/image\/\"}}]}<\/script>\n<!-- \/ Yoast SEO plugin. -->","yoast_head_json":{"title":"Comprar Hyafilia Petit (1 x 1ml) - Rellenos de My Lip Filler","description":"\u2765Compra Hyafilia Petit (1 x 1ml) \u23e9 Tienda online My Lip Filler \u27a6 Garant\u00eda de calidad, rese\u00f1as, ingredientes, \u00a1los mejores precios!","robots":{"index":"index","follow":"follow","max-snippet":"max-snippet:-1","max-image-preview":"max-image-preview:large","max-video-preview":"max-video-preview:-1"},"canonical":"https:\/\/mylipfiller.com\/es\/hyafilia-petit-1-x-1ml\/","og_locale":"es_MX","og_type":"article","og_title":"Buy Hyafilia Petit (1 x 1ml) - Fillers from My Lip Filler","og_description":"\u2765Buy Hyafilia Petit (1 x 1ml) \u23e9 My Lip Filler online store \u27a6 Quality assurance, reviews, ingredients, best prices!","og_url":"https:\/\/mylipfiller.com\/es\/hyafilia-petit-1-x-1ml\/","og_site_name":"My Lip Filler","article_modified_time":"2024-07-03T15:32:57+00:00","og_image":[{"width":600,"height":600,"url":"https:\/\/cdn.mylipfiller.com\/wp-content\/uploads\/2019\/07\/Hyafilia-Petit.jpg","type":"image\/jpeg"}],"twitter_card":"summary_large_image","twitter_misc":{"Tiempo de lectura":"2 minutos"},"schema":{"@context":"https:\/\/schema.org","@graph":[{"@type":"WebPage","@id":"https:\/\/mylipfiller.com\/hyafilia-petit-1-x-1ml\/","url":"https:\/\/mylipfiller.com\/hyafilia-petit-1-x-1ml\/","name":"Comprar Hyafilia Petit (1 x 1ml) - Rellenos de My Lip Filler","isPartOf":{"@id":"https:\/\/mylipfiller.com\/#website"},"primaryImageOfPage":{"@id":"https:\/\/mylipfiller.com\/hyafilia-petit-1-x-1ml\/#primaryimage"},"image":{"@id":"https:\/\/mylipfiller.com\/hyafilia-petit-1-x-1ml\/#primaryimage"},"thumbnailUrl":"https:\/\/cdn.mylipfiller.com\/wp-content\/uploads\/2019\/07\/Hyafilia-Petit.jpg","datePublished":"2019-07-24T08:53:05+00:00","dateModified":"2024-07-03T15:32:57+00:00","description":"\u2765Compra Hyafilia Petit (1 x 1ml) \u23e9 Tienda online My Lip Filler \u27a6 Garant\u00eda de calidad, rese\u00f1as, ingredientes, \u00a1los mejores precios!","breadcrumb":{"@id":"https:\/\/mylipfiller.com\/hyafilia-petit-1-x-1ml\/#breadcrumb"},"inLanguage":"es","potentialAction":[{"@type":"ReadAction","target":["https:\/\/mylipfiller.com\/hyafilia-petit-1-x-1ml\/"]}]},{"@type":"ImageObject","inLanguage":"es","@id":"https:\/\/mylipfiller.com\/hyafilia-petit-1-x-1ml\/#primaryimage","url":"https:\/\/cdn.mylipfiller.com\/wp-content\/uploads\/2019\/07\/Hyafilia-Petit.jpg","contentUrl":"https:\/\/cdn.mylipfiller.com\/wp-content\/uploads\/2019\/07\/Hyafilia-Petit.jpg","width":600,"height":600,"caption":"Hyafilia Petit"},{"@type":"BreadcrumbList","@id":"https:\/\/mylipfiller.com\/hyafilia-petit-1-x-1ml\/#breadcrumb","itemListElement":[{"@type":"ListItem","position":1,"name":"Home","item":"https:\/\/mylipfiller.com\/"},{"@type":"ListItem","position":2,"name":"Shop","item":"https:\/\/mylipfiller.com\/shop\/"},{"@type":"ListItem","position":3,"name":"Hyafilia Petit (1 x 1ml)"}]},{"@type":"WebSite","@id":"https:\/\/mylipfiller.com\/#website","url":"https:\/\/mylipfiller.com\/","name":"Mi relleno de labios","description":"Rellenos d\u00e9rmicos y de labios con \u00e1cido hialur\u00f3nico","publisher":{"@id":"https:\/\/mylipfiller.com\/#organization"},"potentialAction":[{"@type":"SearchAction","target":{"@type":"EntryPoint","urlTemplate":"https:\/\/mylipfiller.com\/?s={search_term_string}"},"query-input":{"@type":"PropertyValueSpecification","valueRequired":true,"valueName":"search_term_string"}}],"inLanguage":"es"},{"@type":"Organization","@id":"https:\/\/mylipfiller.com\/#organization","name":"Mi relleno de labios","url":"https:\/\/mylipfiller.com\/","logo":{"@type":"ImageObject","inLanguage":"es","@id":"https:\/\/mylipfiller.com\/#\/schema\/logo\/image\/","url":"https:\/\/cdn.mylipfiller.com\/wp-content\/uploads\/2019\/02\/cropped-My-Lip-Filler-Logo.png","contentUrl":"https:\/\/cdn.mylipfiller.com\/wp-content\/uploads\/2019\/02\/cropped-My-Lip-Filler-Logo.png","width":240,"height":88,"caption":"My Lip Filler"},"image":{"@id":"https:\/\/mylipfiller.com\/#\/schema\/logo\/image\/"}}]}},"_links":{"self":[{"href":"https:\/\/mylipfiller.com\/es\/wp-json\/wp\/v2\/product\/2925","targetHints":{"allow":["GET"]}}],"collection":[{"href":"https:\/\/mylipfiller.com\/es\/wp-json\/wp\/v2\/product"}],"about":[{"href":"https:\/\/mylipfiller.com\/es\/wp-json\/wp\/v2\/types\/product"}],"wp:featuredmedia":[{"embeddable":true,"href":"https:\/\/mylipfiller.com\/es\/wp-json\/wp\/v2\/media\/2930"}],"wp:attachment":[{"href":"https:\/\/mylipfiller.com\/es\/wp-json\/wp\/v2\/media?parent=2925"}],"wp:term":[{"taxonomy":"product_brand","embeddable":true,"href":"https:\/\/mylipfiller.com\/es\/wp-json\/wp\/v2\/product_brand?post=2925"},{"taxonomy":"product_cat","embeddable":true,"href":"https:\/\/mylipfiller.com\/es\/wp-json\/wp\/v2\/product_cat?post=2925"},{"taxonomy":"product_tag","embeddable":true,"href":"https:\/\/mylipfiller.com\/es\/wp-json\/wp\/v2\/product_tag?post=2925"}],"curies":[{"name":"gracias","href":"https:\/\/api.w.org\/{rel}","templated":true}]}}