{"id":2927,"date":"2019-07-24T10:53:40","date_gmt":"2019-07-24T08:53:40","guid":{"rendered":"https:\/\/mylipfiller.com\/?post_type=product&#038;p=2927"},"modified":"2024-07-03T17:32:57","modified_gmt":"2024-07-03T15:32:57","slug":"hyafilia-grand-1-x-1ml","status":"publish","type":"product","link":"https:\/\/mylipfiller.com\/es\/hyafilia-grand-1-x-1ml\/","title":{"rendered":"Hyafilia Grand (1 x 1 ml)"},"content":{"rendered":"<h3>Ventajas que ofrece el relleno de belleza HyaFilia Grand<\/h3>\n<p>Este es un producto avanzado de rejuvenecimiento de la piel desarrollado por una empresa m\u00e9dica coreana bien establecida, CHA Meditech Co. Ltd., conocida por su enfoque innovador y por utilizar las \u00faltimas tecnolog\u00edas de fabricaci\u00f3n posibles. Este relleno de piel optimizado tiene un <u>estructura de gel bif\u00e1sico<\/u> y es capaz de preservar los efectos del tratamiento hasta por 12 meses. Entre las otras ventajas \u00fanicas de este producto se encuentran:<\/p>\n<ul>\n<li><em>Plasticidad de gel notablemente alta <\/em><\/li>\n<li><em>Tasa de migraci\u00f3n de gel baja<\/em><\/li>\n<li><em>Riesgo reducido de efectos adversos.<\/em><\/li>\n<li><em>Robustas habilidades hidratantes<\/em><\/li>\n<li><em>Excelente relaci\u00f3n calidad-precio<\/em><\/li>\n<\/ul>\n<p>Aunque HyaFilia Grand contiene una peque\u00f1a cantidad de residuos de BDDE (ya que se ha reticulado), sigue siendo seguro de usar en un amplio espectro de pacientes sin ning\u00fan riesgo de reacciones no deseadas. Con \u00e9l, la reducci\u00f3n de arrugas profundas m\u00ednimamente invasiva es una experiencia sin complicaciones que es f\u00e1cil para la billetera y la piel del paciente.<\/p>\n<h3>Pacientes que son buenos candidatos para este tratamiento.<\/h3>\n<p>Las personas que est\u00e9n tomando medicamentos anticoagulantes o que tengan alergia a algunas de las sustancias que se encuentran en este producto, no deben someterse a un tratamiento antienvejecimiento con HyaFilia Grand. Las mujeres embarazadas o en per\u00edodo de lactancia deben posponer su terapia de rejuvenecimiento cosm\u00e9tico. De lo contrario, la mayor\u00eda de los adultos que desean suavizar r\u00e1pidamente los pliegues profundos de la cara o el cuello o <u>mejorar la apariencia de la barbilla, la nariz, los labios, las mejillas o las sienes<\/u>, se beneficiar\u00e1 del uso de este poderoso relleno de HA.<\/p>","protected":false},"excerpt":{"rendered":"<p><strong>HyaFilia Grand<\/strong> es una gran innovaci\u00f3n en el campo del rejuvenecimiento cosm\u00e9tico no quir\u00fargico porque <u>corrige instant\u00e1neamente las arrugas profundas<\/u>, mejora considerablemente la estructura de la piel y ofrece resultados de contorno facial de aspecto natural. Para lograr estos efectos inmejorables, este excelente relleno d\u00e9rmico se basa principalmente en las propiedades naturales de relleno, hidrataci\u00f3n y voluminizaci\u00f3n del \u00e1cido hialur\u00f3nico reticulado. Es seguro, econ\u00f3mico y est\u00e1 f\u00e1cilmente disponible en la tienda en l\u00ednea de My Lip Filler.<\/p>","protected":false},"featured_media":2932,"template":"","meta":{"_acf_changed":false},"product_brand":[],"product_cat":[166,34,49],"product_tag":[123,130,131,115,114,111,118,151,141,142,135,137,110,122,124],"class_list":{"0":"post-2927","1":"product","2":"type-product","3":"status-publish","4":"has-post-thumbnail","6":"product_cat-cha-meditech","7":"product_cat-hard","8":"product_cat-hyafilia","9":"product_tag-asymmetry","10":"product_tag-cheek-volume","11":"product_tag-cheekbone-contour","12":"product_tag-cheekbones","13":"product_tag-chin","14":"product_tag-face","15":"product_tag-high-density","16":"product_tag-hyaluronic-acid-ha-fillers","17":"product_tag-lifting","18":"product_tag-modeling","19":"product_tag-small-chin","20":"product_tag-south-korea","21":"product_tag-temple","22":"product_tag-up-to-18-months","23":"product_tag-volume","25":"first","26":"outofstock","27":"taxable","28":"shipping-taxable","29":"purchasable","30":"product-type-simple"},"acf":[],"yoast_head":"<!-- This site is optimized with the Yoast SEO plugin v27.4 - https:\/\/yoast.com\/product\/yoast-seo-wordpress\/ -->\n<title>Buy Hyafilia Grand (1 x 1ml) - Fillers from My Lip Filler<\/title>\n<meta name=\"description\" content=\"\u2765Buy Hyafilia Grand (1 x 1ml) \u23e9 My Lip Filler online store \u27a6 Quality assurance, reviews, ingredients, best prices!\" \/>\n<meta name=\"robots\" content=\"index, follow, max-snippet:-1, max-image-preview:large, max-video-preview:-1\" \/>\n<link rel=\"canonical\" href=\"https:\/\/mylipfiller.com\/es\/hyafilia-grand-1-x-1ml\/\" \/>\n<meta property=\"og:locale\" content=\"es_MX\" \/>\n<meta property=\"og:type\" content=\"article\" \/>\n<meta property=\"og:title\" content=\"Buy Hyafilia Grand (1 x 1ml) - Fillers from My Lip Filler\" \/>\n<meta property=\"og:description\" content=\"\u2765Buy Hyafilia Grand (1 x 1ml) \u23e9 My Lip Filler online store \u27a6 Quality assurance, reviews, ingredients, best prices!\" \/>\n<meta property=\"og:url\" content=\"https:\/\/mylipfiller.com\/es\/hyafilia-grand-1-x-1ml\/\" \/>\n<meta property=\"og:site_name\" content=\"My Lip Filler\" \/>\n<meta property=\"article:modified_time\" content=\"2024-07-03T15:32:57+00:00\" \/>\n<meta property=\"og:image\" content=\"https:\/\/cdn.mylipfiller.com\/wp-content\/uploads\/2019\/07\/Hyafilia-Grand.jpg\" \/>\n\t<meta property=\"og:image:width\" content=\"600\" \/>\n\t<meta property=\"og:image:height\" content=\"600\" \/>\n\t<meta property=\"og:image:type\" content=\"image\/jpeg\" \/>\n<meta name=\"twitter:card\" content=\"summary_large_image\" \/>\n<meta name=\"twitter:label1\" content=\"Tiempo de lectura\" \/>\n\t<meta name=\"twitter:data1\" content=\"2 minutos\" \/>\n<script type=\"application\/ld+json\" class=\"yoast-schema-graph\">{\"@context\":\"https:\\\/\\\/schema.org\",\"@graph\":[{\"@type\":\"WebPage\",\"@id\":\"https:\\\/\\\/mylipfiller.com\\\/hyafilia-grand-1-x-1ml\\\/\",\"url\":\"https:\\\/\\\/mylipfiller.com\\\/hyafilia-grand-1-x-1ml\\\/\",\"name\":\"Buy Hyafilia Grand (1 x 1ml) - Fillers from My Lip Filler\",\"isPartOf\":{\"@id\":\"https:\\\/\\\/mylipfiller.com\\\/#website\"},\"primaryImageOfPage\":{\"@id\":\"https:\\\/\\\/mylipfiller.com\\\/hyafilia-grand-1-x-1ml\\\/#primaryimage\"},\"image\":{\"@id\":\"https:\\\/\\\/mylipfiller.com\\\/hyafilia-grand-1-x-1ml\\\/#primaryimage\"},\"thumbnailUrl\":\"https:\\\/\\\/mylipfiller.com\\\/wp-content\\\/uploads\\\/2019\\\/07\\\/Hyafilia-Grand.jpg\",\"datePublished\":\"2019-07-24T08:53:40+00:00\",\"dateModified\":\"2024-07-03T15:32:57+00:00\",\"description\":\"\u2765Buy Hyafilia Grand (1 x 1ml) \u23e9 My Lip Filler online store \u27a6 Quality assurance, reviews, ingredients, best prices!\",\"breadcrumb\":{\"@id\":\"https:\\\/\\\/mylipfiller.com\\\/hyafilia-grand-1-x-1ml\\\/#breadcrumb\"},\"inLanguage\":\"es\",\"potentialAction\":[{\"@type\":\"ReadAction\",\"target\":[\"https:\\\/\\\/mylipfiller.com\\\/hyafilia-grand-1-x-1ml\\\/\"]}]},{\"@type\":\"ImageObject\",\"inLanguage\":\"es\",\"@id\":\"https:\\\/\\\/mylipfiller.com\\\/hyafilia-grand-1-x-1ml\\\/#primaryimage\",\"url\":\"https:\\\/\\\/mylipfiller.com\\\/wp-content\\\/uploads\\\/2019\\\/07\\\/Hyafilia-Grand.jpg\",\"contentUrl\":\"https:\\\/\\\/mylipfiller.com\\\/wp-content\\\/uploads\\\/2019\\\/07\\\/Hyafilia-Grand.jpg\",\"width\":600,\"height\":600,\"caption\":\"Hyafilia Grand\"},{\"@type\":\"BreadcrumbList\",\"@id\":\"https:\\\/\\\/mylipfiller.com\\\/hyafilia-grand-1-x-1ml\\\/#breadcrumb\",\"itemListElement\":[{\"@type\":\"ListItem\",\"position\":1,\"name\":\"Home\",\"item\":\"https:\\\/\\\/mylipfiller.com\\\/\"},{\"@type\":\"ListItem\",\"position\":2,\"name\":\"Shop\",\"item\":\"https:\\\/\\\/mylipfiller.com\\\/shop\\\/\"},{\"@type\":\"ListItem\",\"position\":3,\"name\":\"Hyafilia Grand (1 x 1ml)\"}]},{\"@type\":\"WebSite\",\"@id\":\"https:\\\/\\\/mylipfiller.com\\\/#website\",\"url\":\"https:\\\/\\\/mylipfiller.com\\\/\",\"name\":\"My Lip Filler\",\"description\":\"Hyaluronic Acid Lip and Dermal Fillers\",\"publisher\":{\"@id\":\"https:\\\/\\\/mylipfiller.com\\\/#organization\"},\"potentialAction\":[{\"@type\":\"SearchAction\",\"target\":{\"@type\":\"EntryPoint\",\"urlTemplate\":\"https:\\\/\\\/mylipfiller.com\\\/?s={search_term_string}\"},\"query-input\":{\"@type\":\"PropertyValueSpecification\",\"valueRequired\":true,\"valueName\":\"search_term_string\"}}],\"inLanguage\":\"es\"},{\"@type\":\"Organization\",\"@id\":\"https:\\\/\\\/mylipfiller.com\\\/#organization\",\"name\":\"My Lip Filler\",\"url\":\"https:\\\/\\\/mylipfiller.com\\\/\",\"logo\":{\"@type\":\"ImageObject\",\"inLanguage\":\"es\",\"@id\":\"https:\\\/\\\/mylipfiller.com\\\/#\\\/schema\\\/logo\\\/image\\\/\",\"url\":\"https:\\\/\\\/mylipfiller.com\\\/wp-content\\\/uploads\\\/2019\\\/02\\\/cropped-My-Lip-Filler-Logo.png\",\"contentUrl\":\"https:\\\/\\\/mylipfiller.com\\\/wp-content\\\/uploads\\\/2019\\\/02\\\/cropped-My-Lip-Filler-Logo.png\",\"width\":240,\"height\":88,\"caption\":\"My Lip Filler\"},\"image\":{\"@id\":\"https:\\\/\\\/mylipfiller.com\\\/#\\\/schema\\\/logo\\\/image\\\/\"}}]}<\/script>\n<!-- \/ Yoast SEO plugin. -->","yoast_head_json":{"title":"Comprar Hyafilia Grand (1 x 1ml) - Rellenos de My Lip Filler","description":"\u2765Compra Hyafilia Grand (1 x 1ml) \u23e9 Tienda online My Lip Filler \u27a6 Garant\u00eda de calidad, rese\u00f1as, ingredientes, \u00a1los mejores precios!","robots":{"index":"index","follow":"follow","max-snippet":"max-snippet:-1","max-image-preview":"max-image-preview:large","max-video-preview":"max-video-preview:-1"},"canonical":"https:\/\/mylipfiller.com\/es\/hyafilia-grand-1-x-1ml\/","og_locale":"es_MX","og_type":"article","og_title":"Buy Hyafilia Grand (1 x 1ml) - Fillers from My Lip Filler","og_description":"\u2765Buy Hyafilia Grand (1 x 1ml) \u23e9 My Lip Filler online store \u27a6 Quality assurance, reviews, ingredients, best prices!","og_url":"https:\/\/mylipfiller.com\/es\/hyafilia-grand-1-x-1ml\/","og_site_name":"My Lip Filler","article_modified_time":"2024-07-03T15:32:57+00:00","og_image":[{"width":600,"height":600,"url":"https:\/\/cdn.mylipfiller.com\/wp-content\/uploads\/2019\/07\/Hyafilia-Grand.jpg","type":"image\/jpeg"}],"twitter_card":"summary_large_image","twitter_misc":{"Tiempo de lectura":"2 minutos"},"schema":{"@context":"https:\/\/schema.org","@graph":[{"@type":"WebPage","@id":"https:\/\/mylipfiller.com\/hyafilia-grand-1-x-1ml\/","url":"https:\/\/mylipfiller.com\/hyafilia-grand-1-x-1ml\/","name":"Comprar Hyafilia Grand (1 x 1ml) - Rellenos de My Lip Filler","isPartOf":{"@id":"https:\/\/mylipfiller.com\/#website"},"primaryImageOfPage":{"@id":"https:\/\/mylipfiller.com\/hyafilia-grand-1-x-1ml\/#primaryimage"},"image":{"@id":"https:\/\/mylipfiller.com\/hyafilia-grand-1-x-1ml\/#primaryimage"},"thumbnailUrl":"https:\/\/cdn.mylipfiller.com\/wp-content\/uploads\/2019\/07\/Hyafilia-Grand.jpg","datePublished":"2019-07-24T08:53:40+00:00","dateModified":"2024-07-03T15:32:57+00:00","description":"\u2765Compra Hyafilia Grand (1 x 1ml) \u23e9 Tienda online My Lip Filler \u27a6 Garant\u00eda de calidad, rese\u00f1as, ingredientes, \u00a1los mejores precios!","breadcrumb":{"@id":"https:\/\/mylipfiller.com\/hyafilia-grand-1-x-1ml\/#breadcrumb"},"inLanguage":"es","potentialAction":[{"@type":"ReadAction","target":["https:\/\/mylipfiller.com\/hyafilia-grand-1-x-1ml\/"]}]},{"@type":"ImageObject","inLanguage":"es","@id":"https:\/\/mylipfiller.com\/hyafilia-grand-1-x-1ml\/#primaryimage","url":"https:\/\/cdn.mylipfiller.com\/wp-content\/uploads\/2019\/07\/Hyafilia-Grand.jpg","contentUrl":"https:\/\/cdn.mylipfiller.com\/wp-content\/uploads\/2019\/07\/Hyafilia-Grand.jpg","width":600,"height":600,"caption":"Hyafilia Grand"},{"@type":"BreadcrumbList","@id":"https:\/\/mylipfiller.com\/hyafilia-grand-1-x-1ml\/#breadcrumb","itemListElement":[{"@type":"ListItem","position":1,"name":"Home","item":"https:\/\/mylipfiller.com\/"},{"@type":"ListItem","position":2,"name":"Shop","item":"https:\/\/mylipfiller.com\/shop\/"},{"@type":"ListItem","position":3,"name":"Hyafilia Grand (1 x 1ml)"}]},{"@type":"WebSite","@id":"https:\/\/mylipfiller.com\/#website","url":"https:\/\/mylipfiller.com\/","name":"Mi relleno de labios","description":"Rellenos d\u00e9rmicos y de labios con \u00e1cido hialur\u00f3nico","publisher":{"@id":"https:\/\/mylipfiller.com\/#organization"},"potentialAction":[{"@type":"SearchAction","target":{"@type":"EntryPoint","urlTemplate":"https:\/\/mylipfiller.com\/?s={search_term_string}"},"query-input":{"@type":"PropertyValueSpecification","valueRequired":true,"valueName":"search_term_string"}}],"inLanguage":"es"},{"@type":"Organization","@id":"https:\/\/mylipfiller.com\/#organization","name":"Mi relleno de labios","url":"https:\/\/mylipfiller.com\/","logo":{"@type":"ImageObject","inLanguage":"es","@id":"https:\/\/mylipfiller.com\/#\/schema\/logo\/image\/","url":"https:\/\/cdn.mylipfiller.com\/wp-content\/uploads\/2019\/02\/cropped-My-Lip-Filler-Logo.png","contentUrl":"https:\/\/cdn.mylipfiller.com\/wp-content\/uploads\/2019\/02\/cropped-My-Lip-Filler-Logo.png","width":240,"height":88,"caption":"My Lip Filler"},"image":{"@id":"https:\/\/mylipfiller.com\/#\/schema\/logo\/image\/"}}]}},"_links":{"self":[{"href":"https:\/\/mylipfiller.com\/es\/wp-json\/wp\/v2\/product\/2927","targetHints":{"allow":["GET"]}}],"collection":[{"href":"https:\/\/mylipfiller.com\/es\/wp-json\/wp\/v2\/product"}],"about":[{"href":"https:\/\/mylipfiller.com\/es\/wp-json\/wp\/v2\/types\/product"}],"wp:featuredmedia":[{"embeddable":true,"href":"https:\/\/mylipfiller.com\/es\/wp-json\/wp\/v2\/media\/2932"}],"wp:attachment":[{"href":"https:\/\/mylipfiller.com\/es\/wp-json\/wp\/v2\/media?parent=2927"}],"wp:term":[{"taxonomy":"product_brand","embeddable":true,"href":"https:\/\/mylipfiller.com\/es\/wp-json\/wp\/v2\/product_brand?post=2927"},{"taxonomy":"product_cat","embeddable":true,"href":"https:\/\/mylipfiller.com\/es\/wp-json\/wp\/v2\/product_cat?post=2927"},{"taxonomy":"product_tag","embeddable":true,"href":"https:\/\/mylipfiller.com\/es\/wp-json\/wp\/v2\/product_tag?post=2927"}],"curies":[{"name":"gracias","href":"https:\/\/api.w.org\/{rel}","templated":true}]}}