{"id":2942,"date":"2019-07-24T11:48:05","date_gmt":"2019-07-24T09:48:05","guid":{"rendered":"https:\/\/mylipfiller.com\/?post_type=product&#038;p=2942"},"modified":"2026-01-28T13:52:48","modified_gmt":"2026-01-28T11:52:48","slug":"jalupro-2-amps-2-vials","status":"publish","type":"product","link":"https:\/\/mylipfiller.com\/es\/jalupro-2-amps-2-vials\/","title":{"rendered":"Jalupro (2 amperios + 2 viales)"},"content":{"rendered":"<h3>Utilice Jalupro para tratamientos integrales de mesoterapia<\/h3>\n<p>Muchos cirujanos pl\u00e1sticos certificados por la junta y dermat\u00f3logos experimentados eligen trabajar con Jalupro porque es un biorevitalizador HA verdaderamente universal. Se puede aplicar a:<\/p>\n<ul>\n<li><em>Cara<\/em><\/li>\n<li><em>Abdomen<\/em><\/li>\n<li><em>Cuello<\/em><\/li>\n<li><em>Muslos (el lado interno)<\/em><\/li>\n<li><em>Escote<\/em><\/li>\n<li><em>Por encima de las rodillas<\/em><\/li>\n<li><em>Axilas<\/em><\/li>\n<\/ul>\n<p>Por lo tanto, se puede decir que esta excelente inyecci\u00f3n de mesoterapia ofrece un tratamiento antienvejecimiento completo y casi para todo el cuerpo. Desde reducir temporalmente la apariencia de arrugas faciales y estr\u00edas molestas hasta <u>tratar los signos del fotoenvejecimiento<\/u> en la cara y el cuerpo e hidrataci\u00f3n de la piel: los superpoderes de esta soluci\u00f3n inyectable reabsorbible de primer nivel son muchos y todos son impresionantes. Los pacientes no estar\u00e1n expuestos a efectos secundarios da\u00f1inos porque el principal ingrediente activo de Jalupro es el \u00e1cido hialur\u00f3nico perfectamente esterilizado producido mediante biofermantaci\u00f3n.<\/p>\n<h3>\u00bfPor qu\u00e9 este producto contiene amino\u00e1cidos?<\/h3>\n<p>Adem\u00e1s del \u00e1cido hialur\u00f3nico, las confiables inyecciones de mesoterapia Jalupro tambi\u00e9n presentan varios tipos diferentes de amino\u00e1cidos entre los que se encuentran:<\/p>\n<ul>\n<li>L-lisina<\/li>\n<li>L-prolina<\/li>\n<li>L-leucina<\/li>\n<\/ul>\n<p>Esto se debe a que tienen la asombrosa capacidad de ralentizar e incluso revertir parcialmente el proceso de envejecimiento natural al <u>estimular la producci\u00f3n de nuevas c\u00e9lulas cut\u00e1neas<\/u>, as\u00ed como aumentando la vitalidad de las c\u00e9lulas ya existentes. Al hacerlo, este biorevitalizador de vanguardia le da a la piel un aspecto rejuvenecido, renovado y revitalizado. Nosotros, de My Lip Filler, por otro lado, le daremos el precio m\u00e1s bajo en Jalupro.<\/p>","protected":false},"excerpt":{"rendered":"<p><u>Jalupro de Professional Derma<\/u> es una soluci\u00f3n de mesoterapia tan avanzada que a menudo se la conoce como <strong>producto biorevitalizante de grado profesional<\/strong>. Al depender de una supercombo de \u00e1cido hialur\u00f3nico no animal y una larga lista de amino\u00e1cidos importantes, reduce gradualmente la aparici\u00f3n de arrugas, hidrata la piel y mejora su textura y apariencia general en m\u00e1s de una forma. Distribuido por My Lip Filler, se encuentra entre las mejores soluciones de rejuvenecimiento cosm\u00e9tico de la actualidad.<\/p>","protected":false},"featured_media":2946,"template":"","meta":{"_acf_changed":false},"product_brand":[],"product_cat":[89,50,18,169],"product_tag":[90,138,111,147,129,145,143],"class_list":{"0":"post-2942","1":"product","2":"type-product","3":"status-publish","4":"has-post-thumbnail","6":"product_cat-big-holiday-sale","7":"product_cat-jalupro","8":"product_cat-mesotherapy","9":"product_cat-professional-derma","10":"product_tag-90","11":"product_tag-anti-aging","12":"product_tag-face","13":"product_tag-moisturizing","14":"product_tag-neck-wrinkles","15":"product_tag-nourishing","16":"product_tag-rejuvenating","18":"first","19":"outofstock","20":"sale","21":"taxable","22":"shipping-taxable","23":"purchasable","24":"product-type-simple"},"acf":[],"yoast_head":"<!-- This site is optimized with the Yoast SEO plugin v27.4 - https:\/\/yoast.com\/product\/yoast-seo-wordpress\/ -->\n<title>Buy Jalupro (2 amps + 2 vials) - Fillers from My Lip Filler<\/title>\n<meta name=\"description\" content=\"\u2765Buy Jalupro (2 amps + 2 vials) \u23e9 My Lip Filler online store \u27a6 Quality assurance, reviews, ingredients, best prices!\" \/>\n<meta name=\"robots\" content=\"index, follow, max-snippet:-1, max-image-preview:large, max-video-preview:-1\" \/>\n<link rel=\"canonical\" href=\"https:\/\/mylipfiller.com\/es\/jalupro-2-amps-2-vials\/\" \/>\n<meta property=\"og:locale\" content=\"es_MX\" \/>\n<meta property=\"og:type\" content=\"article\" \/>\n<meta property=\"og:title\" content=\"Buy Jalupro (2 amps + 2 vials) - Fillers from My Lip Filler\" \/>\n<meta property=\"og:description\" content=\"\u2765Buy Jalupro (2 amps + 2 vials) \u23e9 My Lip Filler online store \u27a6 Quality assurance, reviews, ingredients, best prices!\" \/>\n<meta property=\"og:url\" content=\"https:\/\/mylipfiller.com\/es\/jalupro-2-amps-2-vials\/\" \/>\n<meta property=\"og:site_name\" content=\"My Lip Filler\" \/>\n<meta property=\"article:modified_time\" content=\"2026-01-28T11:52:48+00:00\" \/>\n<meta property=\"og:image\" content=\"https:\/\/cdn.mylipfiller.com\/wp-content\/uploads\/2019\/07\/Jalupro-1.jpg\" \/>\n\t<meta property=\"og:image:width\" content=\"600\" \/>\n\t<meta property=\"og:image:height\" content=\"600\" \/>\n\t<meta property=\"og:image:type\" content=\"image\/jpeg\" \/>\n<meta name=\"twitter:card\" content=\"summary_large_image\" \/>\n<meta name=\"twitter:label1\" content=\"Tiempo de lectura\" \/>\n\t<meta name=\"twitter:data1\" content=\"2 minutos\" \/>\n<script type=\"application\/ld+json\" class=\"yoast-schema-graph\">{\"@context\":\"https:\\\/\\\/schema.org\",\"@graph\":[{\"@type\":\"WebPage\",\"@id\":\"https:\\\/\\\/mylipfiller.com\\\/jalupro-2-amps-2-vials\\\/\",\"url\":\"https:\\\/\\\/mylipfiller.com\\\/jalupro-2-amps-2-vials\\\/\",\"name\":\"Buy Jalupro (2 amps + 2 vials) - Fillers from My Lip Filler\",\"isPartOf\":{\"@id\":\"https:\\\/\\\/mylipfiller.com\\\/#website\"},\"primaryImageOfPage\":{\"@id\":\"https:\\\/\\\/mylipfiller.com\\\/jalupro-2-amps-2-vials\\\/#primaryimage\"},\"image\":{\"@id\":\"https:\\\/\\\/mylipfiller.com\\\/jalupro-2-amps-2-vials\\\/#primaryimage\"},\"thumbnailUrl\":\"https:\\\/\\\/mylipfiller.com\\\/wp-content\\\/uploads\\\/2019\\\/07\\\/Jalupro-1.jpg\",\"datePublished\":\"2019-07-24T09:48:05+00:00\",\"dateModified\":\"2026-01-28T11:52:48+00:00\",\"description\":\"\u2765Buy Jalupro (2 amps + 2 vials) \u23e9 My Lip Filler online store \u27a6 Quality assurance, reviews, ingredients, best prices!\",\"breadcrumb\":{\"@id\":\"https:\\\/\\\/mylipfiller.com\\\/jalupro-2-amps-2-vials\\\/#breadcrumb\"},\"inLanguage\":\"es\",\"potentialAction\":[{\"@type\":\"ReadAction\",\"target\":[\"https:\\\/\\\/mylipfiller.com\\\/jalupro-2-amps-2-vials\\\/\"]}]},{\"@type\":\"ImageObject\",\"inLanguage\":\"es\",\"@id\":\"https:\\\/\\\/mylipfiller.com\\\/jalupro-2-amps-2-vials\\\/#primaryimage\",\"url\":\"https:\\\/\\\/mylipfiller.com\\\/wp-content\\\/uploads\\\/2019\\\/07\\\/Jalupro-1.jpg\",\"contentUrl\":\"https:\\\/\\\/mylipfiller.com\\\/wp-content\\\/uploads\\\/2019\\\/07\\\/Jalupro-1.jpg\",\"width\":600,\"height\":600,\"caption\":\"Jalupro\"},{\"@type\":\"BreadcrumbList\",\"@id\":\"https:\\\/\\\/mylipfiller.com\\\/jalupro-2-amps-2-vials\\\/#breadcrumb\",\"itemListElement\":[{\"@type\":\"ListItem\",\"position\":1,\"name\":\"Home\",\"item\":\"https:\\\/\\\/mylipfiller.com\\\/\"},{\"@type\":\"ListItem\",\"position\":2,\"name\":\"Shop\",\"item\":\"https:\\\/\\\/mylipfiller.com\\\/shop\\\/\"},{\"@type\":\"ListItem\",\"position\":3,\"name\":\"Jalupro (2 amps + 2 vials)\"}]},{\"@type\":\"WebSite\",\"@id\":\"https:\\\/\\\/mylipfiller.com\\\/#website\",\"url\":\"https:\\\/\\\/mylipfiller.com\\\/\",\"name\":\"My Lip Filler\",\"description\":\"Hyaluronic Acid Lip and Dermal Fillers\",\"publisher\":{\"@id\":\"https:\\\/\\\/mylipfiller.com\\\/#organization\"},\"potentialAction\":[{\"@type\":\"SearchAction\",\"target\":{\"@type\":\"EntryPoint\",\"urlTemplate\":\"https:\\\/\\\/mylipfiller.com\\\/?s={search_term_string}\"},\"query-input\":{\"@type\":\"PropertyValueSpecification\",\"valueRequired\":true,\"valueName\":\"search_term_string\"}}],\"inLanguage\":\"es\"},{\"@type\":\"Organization\",\"@id\":\"https:\\\/\\\/mylipfiller.com\\\/#organization\",\"name\":\"My Lip Filler\",\"url\":\"https:\\\/\\\/mylipfiller.com\\\/\",\"logo\":{\"@type\":\"ImageObject\",\"inLanguage\":\"es\",\"@id\":\"https:\\\/\\\/mylipfiller.com\\\/#\\\/schema\\\/logo\\\/image\\\/\",\"url\":\"https:\\\/\\\/mylipfiller.com\\\/wp-content\\\/uploads\\\/2019\\\/02\\\/cropped-My-Lip-Filler-Logo.png\",\"contentUrl\":\"https:\\\/\\\/mylipfiller.com\\\/wp-content\\\/uploads\\\/2019\\\/02\\\/cropped-My-Lip-Filler-Logo.png\",\"width\":240,\"height\":88,\"caption\":\"My Lip Filler\"},\"image\":{\"@id\":\"https:\\\/\\\/mylipfiller.com\\\/#\\\/schema\\\/logo\\\/image\\\/\"}}]}<\/script>\n<!-- \/ Yoast SEO plugin. -->","yoast_head_json":{"title":"Compre Jalupro (2 amperios + 2 viales) - Rellenos de My Lip Filler","description":"\u2765Compra Jalupro (2 amperios + 2 viales) \u23e9 Tienda online My Lip Filler \u27a6 Garant\u00eda de calidad, rese\u00f1as, ingredientes, \u00a1los mejores precios!","robots":{"index":"index","follow":"follow","max-snippet":"max-snippet:-1","max-image-preview":"max-image-preview:large","max-video-preview":"max-video-preview:-1"},"canonical":"https:\/\/mylipfiller.com\/es\/jalupro-2-amps-2-vials\/","og_locale":"es_MX","og_type":"article","og_title":"Buy Jalupro (2 amps + 2 vials) - Fillers from My Lip Filler","og_description":"\u2765Buy Jalupro (2 amps + 2 vials) \u23e9 My Lip Filler online store \u27a6 Quality assurance, reviews, ingredients, best prices!","og_url":"https:\/\/mylipfiller.com\/es\/jalupro-2-amps-2-vials\/","og_site_name":"My Lip Filler","article_modified_time":"2026-01-28T11:52:48+00:00","og_image":[{"width":600,"height":600,"url":"https:\/\/cdn.mylipfiller.com\/wp-content\/uploads\/2019\/07\/Jalupro-1.jpg","type":"image\/jpeg"}],"twitter_card":"summary_large_image","twitter_misc":{"Tiempo de lectura":"2 minutos"},"schema":{"@context":"https:\/\/schema.org","@graph":[{"@type":"WebPage","@id":"https:\/\/mylipfiller.com\/jalupro-2-amps-2-vials\/","url":"https:\/\/mylipfiller.com\/jalupro-2-amps-2-vials\/","name":"Compre Jalupro (2 amperios + 2 viales) - Rellenos de My Lip Filler","isPartOf":{"@id":"https:\/\/mylipfiller.com\/#website"},"primaryImageOfPage":{"@id":"https:\/\/mylipfiller.com\/jalupro-2-amps-2-vials\/#primaryimage"},"image":{"@id":"https:\/\/mylipfiller.com\/jalupro-2-amps-2-vials\/#primaryimage"},"thumbnailUrl":"https:\/\/cdn.mylipfiller.com\/wp-content\/uploads\/2019\/07\/Jalupro-1.jpg","datePublished":"2019-07-24T09:48:05+00:00","dateModified":"2026-01-28T11:52:48+00:00","description":"\u2765Compra Jalupro (2 amperios + 2 viales) \u23e9 Tienda online My Lip Filler \u27a6 Garant\u00eda de calidad, rese\u00f1as, ingredientes, \u00a1los mejores precios!","breadcrumb":{"@id":"https:\/\/mylipfiller.com\/jalupro-2-amps-2-vials\/#breadcrumb"},"inLanguage":"es","potentialAction":[{"@type":"ReadAction","target":["https:\/\/mylipfiller.com\/jalupro-2-amps-2-vials\/"]}]},{"@type":"ImageObject","inLanguage":"es","@id":"https:\/\/mylipfiller.com\/jalupro-2-amps-2-vials\/#primaryimage","url":"https:\/\/cdn.mylipfiller.com\/wp-content\/uploads\/2019\/07\/Jalupro-1.jpg","contentUrl":"https:\/\/cdn.mylipfiller.com\/wp-content\/uploads\/2019\/07\/Jalupro-1.jpg","width":600,"height":600,"caption":"Jalupro"},{"@type":"BreadcrumbList","@id":"https:\/\/mylipfiller.com\/jalupro-2-amps-2-vials\/#breadcrumb","itemListElement":[{"@type":"ListItem","position":1,"name":"Home","item":"https:\/\/mylipfiller.com\/"},{"@type":"ListItem","position":2,"name":"Shop","item":"https:\/\/mylipfiller.com\/shop\/"},{"@type":"ListItem","position":3,"name":"Jalupro (2 amps + 2 vials)"}]},{"@type":"WebSite","@id":"https:\/\/mylipfiller.com\/#website","url":"https:\/\/mylipfiller.com\/","name":"Mi relleno de labios","description":"Rellenos d\u00e9rmicos y de labios con \u00e1cido hialur\u00f3nico","publisher":{"@id":"https:\/\/mylipfiller.com\/#organization"},"potentialAction":[{"@type":"SearchAction","target":{"@type":"EntryPoint","urlTemplate":"https:\/\/mylipfiller.com\/?s={search_term_string}"},"query-input":{"@type":"PropertyValueSpecification","valueRequired":true,"valueName":"search_term_string"}}],"inLanguage":"es"},{"@type":"Organization","@id":"https:\/\/mylipfiller.com\/#organization","name":"Mi relleno de labios","url":"https:\/\/mylipfiller.com\/","logo":{"@type":"ImageObject","inLanguage":"es","@id":"https:\/\/mylipfiller.com\/#\/schema\/logo\/image\/","url":"https:\/\/cdn.mylipfiller.com\/wp-content\/uploads\/2019\/02\/cropped-My-Lip-Filler-Logo.png","contentUrl":"https:\/\/cdn.mylipfiller.com\/wp-content\/uploads\/2019\/02\/cropped-My-Lip-Filler-Logo.png","width":240,"height":88,"caption":"My Lip Filler"},"image":{"@id":"https:\/\/mylipfiller.com\/#\/schema\/logo\/image\/"}}]}},"_links":{"self":[{"href":"https:\/\/mylipfiller.com\/es\/wp-json\/wp\/v2\/product\/2942","targetHints":{"allow":["GET"]}}],"collection":[{"href":"https:\/\/mylipfiller.com\/es\/wp-json\/wp\/v2\/product"}],"about":[{"href":"https:\/\/mylipfiller.com\/es\/wp-json\/wp\/v2\/types\/product"}],"wp:featuredmedia":[{"embeddable":true,"href":"https:\/\/mylipfiller.com\/es\/wp-json\/wp\/v2\/media\/2946"}],"wp:attachment":[{"href":"https:\/\/mylipfiller.com\/es\/wp-json\/wp\/v2\/media?parent=2942"}],"wp:term":[{"taxonomy":"product_brand","embeddable":true,"href":"https:\/\/mylipfiller.com\/es\/wp-json\/wp\/v2\/product_brand?post=2942"},{"taxonomy":"product_cat","embeddable":true,"href":"https:\/\/mylipfiller.com\/es\/wp-json\/wp\/v2\/product_cat?post=2942"},{"taxonomy":"product_tag","embeddable":true,"href":"https:\/\/mylipfiller.com\/es\/wp-json\/wp\/v2\/product_tag?post=2942"}],"curies":[{"name":"gracias","href":"https:\/\/api.w.org\/{rel}","templated":true}]}}