{"id":2943,"date":"2019-07-24T11:48:33","date_gmt":"2019-07-24T09:48:33","guid":{"rendered":"https:\/\/mylipfiller.com\/?post_type=product&#038;p=2943"},"modified":"2026-01-28T13:52:41","modified_gmt":"2026-01-28T11:52:41","slug":"jalupro-hmw-1-x-1-5ml-1-x-1ml","status":"publish","type":"product","link":"https:\/\/mylipfiller.com\/es\/jalupro-hmw-1-x-1-5ml-1-x-1ml\/","title":{"rendered":"Jalupro HMW (1 x 1,5 ml + 1 x 1 ml)"},"content":{"rendered":"<h3>\u00bfQu\u00e9 puede esperar despu\u00e9s del tratamiento con Jalupro HMW?<\/h3>\n<p>Los incre\u00edbles efectos anti-envejecimiento de este producto de mesoterapia amigable para el paciente aparecen de manera gradual pero visible. Por lo tanto, con cada sesi\u00f3n de inyecci\u00f3n, los resultados obtenidos ser\u00e1n cada vez m\u00e1s pronunciados y:<\/p>\n<ul>\n<li>Corrija de forma segura las arrugas y depresiones faciales de diferente profundidad<\/li>\n<li><em>Restaura de forma eficaz el equilibrio h\u00eddrico \u00f3ptimo de la piel.<\/em><\/li>\n<li><u>Revitalizar y mejorar la textura de la piel del cuerpo.<\/u><\/li>\n<li>Reducir la aparici\u00f3n de cicatrices.<\/li>\n<\/ul>\n<p>Todo eso es posible gracias a las inigualables propiedades cosm\u00e9ticas rejuvenecedoras de los ingredientes que se encuentran en este producto: \u00c1cido Hialur\u00f3nico no animal purificado y amino\u00e1cidos cuidadosamente seleccionados. Dado que son 100% biocompatibles y biodegradables, el uso de este <strong>producto de mesoterapia rentable<\/strong> es notablemente seguro. Es por eso que se puede utilizar durante un per\u00edodo de tiempo prolongado. Adem\u00e1s, Jalupro HMW se puede combinar f\u00e1cilmente con otros tratamientos anti-envejecimiento (por ejemplo, cirug\u00eda pl\u00e1stica, terapia con l\u00e1ser, etc.) para proporcionar resultados m\u00e1s duraderos.<\/p>\n<h3>Sitios de inyecci\u00f3n<\/h3>\n<p>Este biorevitalizador de alta calidad se vende en una jeringa precargada de un solo uso y debe ser administrado por un m\u00e9dico calificado y examinado a trav\u00e9s de una inyecci\u00f3n. Jalupro HMW se puede aplicar f\u00e1cilmente en varios lugares de inyecci\u00f3n, como:<\/p>\n<ul>\n<li><em>Escote y cuello<\/em><\/li>\n<li><em>Alrededor de las rodillas<\/em><\/li>\n<li><em>En la parte interna de los muslos<\/em><\/li>\n<li><em>Cara<\/em><\/li>\n<li><em>Axilas<\/em><\/li>\n<li><em>Abdomen <\/em><\/li>\n<li><em>Dorso de manos<\/em><\/li>\n<\/ul>\n<p>Los efectos que ofrece este producto solo duran hasta medio a\u00f1o.<\/p>","protected":false},"excerpt":{"rendered":"<p><em>Jalupro HMW<\/em> es un producto de mesoterapia \u00fanico en su tipo que es particularmente adecuado para adultos que tienen la piel seca y desean <u>Reduce f\u00e1cilmente el envejecimiento natural y los signos fotogr\u00e1ficos.<\/u> tales como arrugas, l\u00edneas, depresiones faciales y otros defectos de la piel sin tener que pasar por el quir\u00f3fano. Producido por la empresa biotecnol\u00f3gica suiza Professional Derma y distribuido por el minorista mayorista en l\u00ednea confiable My Lip Filler, este biorevitalizador de nueva generaci\u00f3n se destaca por su calidad superior y precio accesible.<\/p>","protected":false},"featured_media":2947,"template":"","meta":{"_acf_changed":false},"product_brand":[],"product_cat":[50,18,169],"product_tag":[138,111,147,129,145,143],"class_list":{"0":"post-2943","1":"product","2":"type-product","3":"status-publish","4":"has-post-thumbnail","6":"product_cat-jalupro","7":"product_cat-mesotherapy","8":"product_cat-professional-derma","9":"product_tag-anti-aging","10":"product_tag-face","11":"product_tag-moisturizing","12":"product_tag-neck-wrinkles","13":"product_tag-nourishing","14":"product_tag-rejuvenating","16":"first","17":"outofstock","18":"taxable","19":"shipping-taxable","20":"purchasable","21":"product-type-simple"},"acf":[],"yoast_head":"<!-- This site is optimized with the Yoast SEO plugin v27.2 - https:\/\/yoast.com\/product\/yoast-seo-wordpress\/ -->\n<title>Buy Jalupro HMW (1 x 1.5ml + 1 x 1ml) - Fillers from My Lip Filler<\/title>\n<meta name=\"description\" content=\"\u2765Buy Jalupro HMW (1 x 1.5ml + 1 x 1ml) \u23e9 My Lip Filler online store \u27a6 Quality assurance, reviews, ingredients, best prices!\" \/>\n<meta name=\"robots\" content=\"index, follow, max-snippet:-1, max-image-preview:large, max-video-preview:-1\" \/>\n<link rel=\"canonical\" href=\"https:\/\/mylipfiller.com\/es\/jalupro-hmw-1-x-1-5ml-1-x-1ml\/\" \/>\n<meta property=\"og:locale\" content=\"es_MX\" \/>\n<meta property=\"og:type\" content=\"article\" \/>\n<meta property=\"og:title\" content=\"Buy Jalupro HMW (1 x 1.5ml + 1 x 1ml) - Fillers from My Lip Filler\" \/>\n<meta property=\"og:description\" content=\"\u2765Buy Jalupro HMW (1 x 1.5ml + 1 x 1ml) \u23e9 My Lip Filler online store \u27a6 Quality assurance, reviews, ingredients, best prices!\" \/>\n<meta property=\"og:url\" content=\"https:\/\/mylipfiller.com\/es\/jalupro-hmw-1-x-1-5ml-1-x-1ml\/\" \/>\n<meta property=\"og:site_name\" content=\"My Lip Filler\" \/>\n<meta property=\"article:modified_time\" content=\"2026-01-28T11:52:41+00:00\" \/>\n<meta property=\"og:image\" content=\"https:\/\/cdn.mylipfiller.com\/wp-content\/uploads\/2019\/07\/Jalupro-HMW.jpg\" \/>\n\t<meta property=\"og:image:width\" content=\"600\" \/>\n\t<meta property=\"og:image:height\" content=\"600\" \/>\n\t<meta property=\"og:image:type\" content=\"image\/jpeg\" \/>\n<meta name=\"twitter:card\" content=\"summary_large_image\" \/>\n<meta name=\"twitter:label1\" content=\"Tiempo de lectura\" \/>\n\t<meta name=\"twitter:data1\" content=\"2 minutos\" \/>\n<script type=\"application\/ld+json\" class=\"yoast-schema-graph\">{\"@context\":\"https:\/\/schema.org\",\"@graph\":[{\"@type\":\"WebPage\",\"@id\":\"https:\/\/mylipfiller.com\/jalupro-hmw-1-x-1-5ml-1-x-1ml\/\",\"url\":\"https:\/\/mylipfiller.com\/jalupro-hmw-1-x-1-5ml-1-x-1ml\/\",\"name\":\"Buy Jalupro HMW (1 x 1.5ml + 1 x 1ml) - Fillers from My Lip Filler\",\"isPartOf\":{\"@id\":\"https:\/\/mylipfiller.com\/#website\"},\"primaryImageOfPage\":{\"@id\":\"https:\/\/mylipfiller.com\/jalupro-hmw-1-x-1-5ml-1-x-1ml\/#primaryimage\"},\"image\":{\"@id\":\"https:\/\/mylipfiller.com\/jalupro-hmw-1-x-1-5ml-1-x-1ml\/#primaryimage\"},\"thumbnailUrl\":\"https:\/\/cdn.mylipfiller.com\/wp-content\/uploads\/2019\/07\/Jalupro-HMW.jpg\",\"datePublished\":\"2019-07-24T09:48:33+00:00\",\"dateModified\":\"2026-01-28T11:52:41+00:00\",\"description\":\"\u2765Buy Jalupro HMW (1 x 1.5ml + 1 x 1ml) \u23e9 My Lip Filler online store \u27a6 Quality assurance, reviews, ingredients, best prices!\",\"breadcrumb\":{\"@id\":\"https:\/\/mylipfiller.com\/jalupro-hmw-1-x-1-5ml-1-x-1ml\/#breadcrumb\"},\"inLanguage\":\"es\",\"potentialAction\":[{\"@type\":\"ReadAction\",\"target\":[\"https:\/\/mylipfiller.com\/jalupro-hmw-1-x-1-5ml-1-x-1ml\/\"]}]},{\"@type\":\"ImageObject\",\"inLanguage\":\"es\",\"@id\":\"https:\/\/mylipfiller.com\/jalupro-hmw-1-x-1-5ml-1-x-1ml\/#primaryimage\",\"url\":\"https:\/\/cdn.mylipfiller.com\/wp-content\/uploads\/2019\/07\/Jalupro-HMW.jpg\",\"contentUrl\":\"https:\/\/cdn.mylipfiller.com\/wp-content\/uploads\/2019\/07\/Jalupro-HMW.jpg\",\"width\":600,\"height\":600,\"caption\":\"Jalupro HMW\"},{\"@type\":\"BreadcrumbList\",\"@id\":\"https:\/\/mylipfiller.com\/jalupro-hmw-1-x-1-5ml-1-x-1ml\/#breadcrumb\",\"itemListElement\":[{\"@type\":\"ListItem\",\"position\":1,\"name\":\"Home\",\"item\":\"https:\/\/mylipfiller.com\/\"},{\"@type\":\"ListItem\",\"position\":2,\"name\":\"Shop\",\"item\":\"https:\/\/mylipfiller.com\/shop\/\"},{\"@type\":\"ListItem\",\"position\":3,\"name\":\"Jalupro HMW (1 x 1.5ml + 1 x 1ml)\"}]},{\"@type\":\"WebSite\",\"@id\":\"https:\/\/mylipfiller.com\/#website\",\"url\":\"https:\/\/mylipfiller.com\/\",\"name\":\"My Lip Filler\",\"description\":\"Hyaluronic Acid Lip and Dermal Fillers\",\"publisher\":{\"@id\":\"https:\/\/mylipfiller.com\/#organization\"},\"potentialAction\":[{\"@type\":\"SearchAction\",\"target\":{\"@type\":\"EntryPoint\",\"urlTemplate\":\"https:\/\/mylipfiller.com\/?s={search_term_string}\"},\"query-input\":{\"@type\":\"PropertyValueSpecification\",\"valueRequired\":true,\"valueName\":\"search_term_string\"}}],\"inLanguage\":\"es\"},{\"@type\":\"Organization\",\"@id\":\"https:\/\/mylipfiller.com\/#organization\",\"name\":\"My Lip Filler\",\"url\":\"https:\/\/mylipfiller.com\/\",\"logo\":{\"@type\":\"ImageObject\",\"inLanguage\":\"es\",\"@id\":\"https:\/\/mylipfiller.com\/#\/schema\/logo\/image\/\",\"url\":\"https:\/\/cdn.mylipfiller.com\/wp-content\/uploads\/2019\/02\/cropped-My-Lip-Filler-Logo.png\",\"contentUrl\":\"https:\/\/cdn.mylipfiller.com\/wp-content\/uploads\/2019\/02\/cropped-My-Lip-Filler-Logo.png\",\"width\":240,\"height\":88,\"caption\":\"My Lip Filler\"},\"image\":{\"@id\":\"https:\/\/mylipfiller.com\/#\/schema\/logo\/image\/\"}}]}<\/script>\n<!-- \/ Yoast SEO plugin. -->","yoast_head_json":{"title":"Compre Jalupro HMW (1 x 1,5 ml + 1 x 1 ml) - Rellenos de My Lip Filler","description":"\u2765Compra Jalupro HMW (1 x 1,5 ml + 1 x 1 ml) \u23e9 Tienda online My Lip Filler \u27a6 Garant\u00eda de calidad, rese\u00f1as, ingredientes, \u00a1los mejores precios!","robots":{"index":"index","follow":"follow","max-snippet":"max-snippet:-1","max-image-preview":"max-image-preview:large","max-video-preview":"max-video-preview:-1"},"canonical":"https:\/\/mylipfiller.com\/es\/jalupro-hmw-1-x-1-5ml-1-x-1ml\/","og_locale":"es_MX","og_type":"article","og_title":"Buy Jalupro HMW (1 x 1.5ml + 1 x 1ml) - Fillers from My Lip Filler","og_description":"\u2765Buy Jalupro HMW (1 x 1.5ml + 1 x 1ml) \u23e9 My Lip Filler online store \u27a6 Quality assurance, reviews, ingredients, best prices!","og_url":"https:\/\/mylipfiller.com\/es\/jalupro-hmw-1-x-1-5ml-1-x-1ml\/","og_site_name":"My Lip Filler","article_modified_time":"2026-01-28T11:52:41+00:00","og_image":[{"width":600,"height":600,"url":"https:\/\/cdn.mylipfiller.com\/wp-content\/uploads\/2019\/07\/Jalupro-HMW.jpg","type":"image\/jpeg"}],"twitter_card":"summary_large_image","twitter_misc":{"Tiempo de lectura":"2 minutos"},"schema":{"@context":"https:\/\/schema.org","@graph":[{"@type":"WebPage","@id":"https:\/\/mylipfiller.com\/jalupro-hmw-1-x-1-5ml-1-x-1ml\/","url":"https:\/\/mylipfiller.com\/jalupro-hmw-1-x-1-5ml-1-x-1ml\/","name":"Compre Jalupro HMW (1 x 1,5 ml + 1 x 1 ml) - Rellenos de My Lip Filler","isPartOf":{"@id":"https:\/\/mylipfiller.com\/#website"},"primaryImageOfPage":{"@id":"https:\/\/mylipfiller.com\/jalupro-hmw-1-x-1-5ml-1-x-1ml\/#primaryimage"},"image":{"@id":"https:\/\/mylipfiller.com\/jalupro-hmw-1-x-1-5ml-1-x-1ml\/#primaryimage"},"thumbnailUrl":"https:\/\/cdn.mylipfiller.com\/wp-content\/uploads\/2019\/07\/Jalupro-HMW.jpg","datePublished":"2019-07-24T09:48:33+00:00","dateModified":"2026-01-28T11:52:41+00:00","description":"\u2765Compra Jalupro HMW (1 x 1,5 ml + 1 x 1 ml) \u23e9 Tienda online My Lip Filler \u27a6 Garant\u00eda de calidad, rese\u00f1as, ingredientes, \u00a1los mejores precios!","breadcrumb":{"@id":"https:\/\/mylipfiller.com\/jalupro-hmw-1-x-1-5ml-1-x-1ml\/#breadcrumb"},"inLanguage":"es","potentialAction":[{"@type":"ReadAction","target":["https:\/\/mylipfiller.com\/jalupro-hmw-1-x-1-5ml-1-x-1ml\/"]}]},{"@type":"ImageObject","inLanguage":"es","@id":"https:\/\/mylipfiller.com\/jalupro-hmw-1-x-1-5ml-1-x-1ml\/#primaryimage","url":"https:\/\/cdn.mylipfiller.com\/wp-content\/uploads\/2019\/07\/Jalupro-HMW.jpg","contentUrl":"https:\/\/cdn.mylipfiller.com\/wp-content\/uploads\/2019\/07\/Jalupro-HMW.jpg","width":600,"height":600,"caption":"Jalupro HMW"},{"@type":"BreadcrumbList","@id":"https:\/\/mylipfiller.com\/jalupro-hmw-1-x-1-5ml-1-x-1ml\/#breadcrumb","itemListElement":[{"@type":"ListItem","position":1,"name":"Home","item":"https:\/\/mylipfiller.com\/"},{"@type":"ListItem","position":2,"name":"Shop","item":"https:\/\/mylipfiller.com\/shop\/"},{"@type":"ListItem","position":3,"name":"Jalupro HMW (1 x 1.5ml + 1 x 1ml)"}]},{"@type":"WebSite","@id":"https:\/\/mylipfiller.com\/#website","url":"https:\/\/mylipfiller.com\/","name":"Mi relleno de labios","description":"Rellenos d\u00e9rmicos y de labios con \u00e1cido hialur\u00f3nico","publisher":{"@id":"https:\/\/mylipfiller.com\/#organization"},"potentialAction":[{"@type":"SearchAction","target":{"@type":"EntryPoint","urlTemplate":"https:\/\/mylipfiller.com\/?s={search_term_string}"},"query-input":{"@type":"PropertyValueSpecification","valueRequired":true,"valueName":"search_term_string"}}],"inLanguage":"es"},{"@type":"Organization","@id":"https:\/\/mylipfiller.com\/#organization","name":"Mi relleno de labios","url":"https:\/\/mylipfiller.com\/","logo":{"@type":"ImageObject","inLanguage":"es","@id":"https:\/\/mylipfiller.com\/#\/schema\/logo\/image\/","url":"https:\/\/cdn.mylipfiller.com\/wp-content\/uploads\/2019\/02\/cropped-My-Lip-Filler-Logo.png","contentUrl":"https:\/\/cdn.mylipfiller.com\/wp-content\/uploads\/2019\/02\/cropped-My-Lip-Filler-Logo.png","width":240,"height":88,"caption":"My Lip Filler"},"image":{"@id":"https:\/\/mylipfiller.com\/#\/schema\/logo\/image\/"}}]}},"_links":{"self":[{"href":"https:\/\/mylipfiller.com\/es\/wp-json\/wp\/v2\/product\/2943","targetHints":{"allow":["GET"]}}],"collection":[{"href":"https:\/\/mylipfiller.com\/es\/wp-json\/wp\/v2\/product"}],"about":[{"href":"https:\/\/mylipfiller.com\/es\/wp-json\/wp\/v2\/types\/product"}],"wp:featuredmedia":[{"embeddable":true,"href":"https:\/\/mylipfiller.com\/es\/wp-json\/wp\/v2\/media\/2947"}],"wp:attachment":[{"href":"https:\/\/mylipfiller.com\/es\/wp-json\/wp\/v2\/media?parent=2943"}],"wp:term":[{"taxonomy":"product_brand","embeddable":true,"href":"https:\/\/mylipfiller.com\/es\/wp-json\/wp\/v2\/product_brand?post=2943"},{"taxonomy":"product_cat","embeddable":true,"href":"https:\/\/mylipfiller.com\/es\/wp-json\/wp\/v2\/product_cat?post=2943"},{"taxonomy":"product_tag","embeddable":true,"href":"https:\/\/mylipfiller.com\/es\/wp-json\/wp\/v2\/product_tag?post=2943"}],"curies":[{"name":"gracias","href":"https:\/\/api.w.org\/{rel}","templated":true}]}}