{"id":2952,"date":"2019-07-24T13:33:52","date_gmt":"2019-07-24T11:33:52","guid":{"rendered":"https:\/\/mylipfiller.com\/?post_type=product&#038;p=2952"},"modified":"2024-07-03T17:32:56","modified_gmt":"2024-07-03T15:32:56","slug":"stylage-s-2-x-0-8ml","status":"publish","type":"product","link":"https:\/\/mylipfiller.com\/es\/stylage-s-2-x-0-8ml\/","title":{"rendered":"Stylage S (2 x 0,8 ml)"},"content":{"rendered":"<h3>Relleno cut\u00e1neo de calidad con beneficios antioxidantes.<\/h3>\n<p>Laboratories VIVACY ha incorporado un m\u00e9todo de marca especial en la fabricaci\u00f3n de este refinado relleno para la piel: <u>Tecnolog\u00eda similar a IPN<\/u>. Eso ha permitido a la empresa crear un producto antienvejecimiento basado en HA cuidadosamente modificado que tiene un <em>efecto lifting m\u00e1s pronunciado pero de aspecto natural<\/em>. Esta tecnolog\u00eda de fabricaci\u00f3n \u00fanica ha mejorado con \u00e9xito la elasticidad del gel inyectable en Stylage S y ha optimizado su viscosidad para que pueda aplicarse eficazmente incluso en \u00e1reas muy delicadas de la cara donde la piel es bastante fina y , por lo tanto, bastante complicado de tratar. Este innovador relleno de tejidos blandos tambi\u00e9n contiene manitol, un valioso antioxidante que ralentiza la degradaci\u00f3n del \u00e1cido hialur\u00f3nico, preservando los incre\u00edbles resultados antiarrugas logrados con este producto durante m\u00e1s tiempo (aproximadamente 9 meses).<\/p>\n<h3>Indicaciones de Stylage S<\/h3>\n<p>Dado que Stylage S se ha personalizado correctamente para apuntar a zonas m\u00e1s sensibles y delicadas del rostro, es extremadamente adecuado para la correcci\u00f3n instant\u00e1nea de las l\u00edneas finas que se han formado all\u00ed. Esos pueden ser:<\/p>\n<ul>\n<li><em>Comisuras orales<\/em><\/li>\n<li><em>patas de gallo<\/em><\/li>\n<li><em>L\u00edneas glabelares del ce\u00f1o<\/em><\/li>\n<li><em>L\u00edneas periorales<\/em><\/li>\n<li><em>Revisa las arrugas<\/em><\/li>\n<\/ul>\n<p>Los cirujanos est\u00e9ticos experimentados tampoco deben dudar en aplicar esta fant\u00e1stica inyecci\u00f3n de relleno en el \u00e1rea de la l\u00e1grima. Tambi\u00e9n se puede utilizar para <u>reducci\u00f3n m\u00ednimamente invasiva de las ojeras<\/u> o la eliminaci\u00f3n de los huecos de los ojos. Con My Lip Filler, obtienes este producto altamente calificado a un precio justo.<\/p>","protected":false},"excerpt":{"rendered":"<p>Stylage S es <u>un relleno d\u00e9rmico confiable<\/u> que est\u00e1 dise\u00f1ado para <em>reducir de forma segura la apariencia de las l\u00edneas faciales finas<\/em> como las arrugas superficiales de las mejillas y las l\u00edneas periorbitales superficiales. Forma parte de la gama cl\u00e1sica de productos inyectables para el rejuvenecimiento de la piel de nueva generaci\u00f3n de Laboratories VIVACY y contiene potentes ingredientes como el \u00e1cido hialur\u00f3nico optimizado y el manitol. Nosotros, de My Lip Filler, somos uno de los distribuidores m\u00e1s confiables de esta innovadora soluci\u00f3n anti-envejecimiento.<\/p>","protected":false},"featured_media":2957,"template":"","meta":{"_acf_changed":false},"product_brand":[],"product_cat":[32,51,181],"product_tag":[144,125,111,126,136,151,117,146,119,148,127],"class_list":{"0":"post-2952","1":"product","2":"type-product","3":"status-publish","4":"has-post-thumbnail","6":"product_cat-soft","7":"product_cat-stylage","8":"product_cat-vivacy","9":"product_tag-anti-wrinkle","10":"product_tag-crows-feet","11":"product_tag-face","12":"product_tag-fine-lines","13":"product_tag-france","14":"product_tag-hyaluronic-acid-ha-fillers","15":"product_tag-low-density","16":"product_tag-smoothing","17":"product_tag-up-to-9-months","18":"product_tag-upper-dermis","19":"product_tag-wrinkles-around-the-eyes","21":"first","22":"outofstock","23":"taxable","24":"shipping-taxable","25":"purchasable","26":"product-type-simple"},"acf":[],"yoast_head":"<!-- This site is optimized with the Yoast SEO plugin v27.4 - https:\/\/yoast.com\/product\/yoast-seo-wordpress\/ -->\n<title>Buy Stylage S (2 x 0.8ml) - Fillers from My Lip Filler<\/title>\n<meta name=\"description\" content=\"\u2765Buy Stylage S (2 x 0.8ml) \u23e9 My Lip Filler online store \u27a6 Quality assurance, reviews, ingredients, best prices!\" \/>\n<meta name=\"robots\" content=\"index, follow, max-snippet:-1, max-image-preview:large, max-video-preview:-1\" \/>\n<link rel=\"canonical\" href=\"https:\/\/mylipfiller.com\/es\/stylage-s-2-x-0-8ml\/\" \/>\n<meta property=\"og:locale\" content=\"es_MX\" \/>\n<meta property=\"og:type\" content=\"article\" \/>\n<meta property=\"og:title\" content=\"Buy Stylage S (2 x 0.8ml) - Fillers from My Lip Filler\" \/>\n<meta property=\"og:description\" content=\"\u2765Buy Stylage S (2 x 0.8ml) \u23e9 My Lip Filler online store \u27a6 Quality assurance, reviews, ingredients, best prices!\" \/>\n<meta property=\"og:url\" content=\"https:\/\/mylipfiller.com\/es\/stylage-s-2-x-0-8ml\/\" \/>\n<meta property=\"og:site_name\" content=\"My Lip Filler\" \/>\n<meta property=\"article:modified_time\" content=\"2024-07-03T15:32:56+00:00\" \/>\n<meta property=\"og:image\" content=\"https:\/\/cdn.mylipfiller.com\/wp-content\/uploads\/2019\/07\/Stylage-S.jpg\" \/>\n\t<meta property=\"og:image:width\" content=\"600\" \/>\n\t<meta property=\"og:image:height\" content=\"600\" \/>\n\t<meta property=\"og:image:type\" content=\"image\/jpeg\" \/>\n<meta name=\"twitter:card\" content=\"summary_large_image\" \/>\n<meta name=\"twitter:label1\" content=\"Tiempo de lectura\" \/>\n\t<meta name=\"twitter:data1\" content=\"2 minutos\" \/>\n<script type=\"application\/ld+json\" class=\"yoast-schema-graph\">{\"@context\":\"https:\\\/\\\/schema.org\",\"@graph\":[{\"@type\":\"WebPage\",\"@id\":\"https:\\\/\\\/mylipfiller.com\\\/stylage-s-2-x-0-8ml\\\/\",\"url\":\"https:\\\/\\\/mylipfiller.com\\\/stylage-s-2-x-0-8ml\\\/\",\"name\":\"Buy Stylage S (2 x 0.8ml) - Fillers from My Lip Filler\",\"isPartOf\":{\"@id\":\"https:\\\/\\\/mylipfiller.com\\\/#website\"},\"primaryImageOfPage\":{\"@id\":\"https:\\\/\\\/mylipfiller.com\\\/stylage-s-2-x-0-8ml\\\/#primaryimage\"},\"image\":{\"@id\":\"https:\\\/\\\/mylipfiller.com\\\/stylage-s-2-x-0-8ml\\\/#primaryimage\"},\"thumbnailUrl\":\"https:\\\/\\\/mylipfiller.com\\\/wp-content\\\/uploads\\\/2019\\\/07\\\/Stylage-S.jpg\",\"datePublished\":\"2019-07-24T11:33:52+00:00\",\"dateModified\":\"2024-07-03T15:32:56+00:00\",\"description\":\"\u2765Buy Stylage S (2 x 0.8ml) \u23e9 My Lip Filler online store \u27a6 Quality assurance, reviews, ingredients, best prices!\",\"breadcrumb\":{\"@id\":\"https:\\\/\\\/mylipfiller.com\\\/stylage-s-2-x-0-8ml\\\/#breadcrumb\"},\"inLanguage\":\"es\",\"potentialAction\":[{\"@type\":\"ReadAction\",\"target\":[\"https:\\\/\\\/mylipfiller.com\\\/stylage-s-2-x-0-8ml\\\/\"]}]},{\"@type\":\"ImageObject\",\"inLanguage\":\"es\",\"@id\":\"https:\\\/\\\/mylipfiller.com\\\/stylage-s-2-x-0-8ml\\\/#primaryimage\",\"url\":\"https:\\\/\\\/mylipfiller.com\\\/wp-content\\\/uploads\\\/2019\\\/07\\\/Stylage-S.jpg\",\"contentUrl\":\"https:\\\/\\\/mylipfiller.com\\\/wp-content\\\/uploads\\\/2019\\\/07\\\/Stylage-S.jpg\",\"width\":600,\"height\":600,\"caption\":\"Stylage S\"},{\"@type\":\"BreadcrumbList\",\"@id\":\"https:\\\/\\\/mylipfiller.com\\\/stylage-s-2-x-0-8ml\\\/#breadcrumb\",\"itemListElement\":[{\"@type\":\"ListItem\",\"position\":1,\"name\":\"Home\",\"item\":\"https:\\\/\\\/mylipfiller.com\\\/\"},{\"@type\":\"ListItem\",\"position\":2,\"name\":\"Shop\",\"item\":\"https:\\\/\\\/mylipfiller.com\\\/shop\\\/\"},{\"@type\":\"ListItem\",\"position\":3,\"name\":\"Stylage S (2 x 0.8ml)\"}]},{\"@type\":\"WebSite\",\"@id\":\"https:\\\/\\\/mylipfiller.com\\\/#website\",\"url\":\"https:\\\/\\\/mylipfiller.com\\\/\",\"name\":\"My Lip Filler\",\"description\":\"Hyaluronic Acid Lip and Dermal Fillers\",\"publisher\":{\"@id\":\"https:\\\/\\\/mylipfiller.com\\\/#organization\"},\"potentialAction\":[{\"@type\":\"SearchAction\",\"target\":{\"@type\":\"EntryPoint\",\"urlTemplate\":\"https:\\\/\\\/mylipfiller.com\\\/?s={search_term_string}\"},\"query-input\":{\"@type\":\"PropertyValueSpecification\",\"valueRequired\":true,\"valueName\":\"search_term_string\"}}],\"inLanguage\":\"es\"},{\"@type\":\"Organization\",\"@id\":\"https:\\\/\\\/mylipfiller.com\\\/#organization\",\"name\":\"My Lip Filler\",\"url\":\"https:\\\/\\\/mylipfiller.com\\\/\",\"logo\":{\"@type\":\"ImageObject\",\"inLanguage\":\"es\",\"@id\":\"https:\\\/\\\/mylipfiller.com\\\/#\\\/schema\\\/logo\\\/image\\\/\",\"url\":\"https:\\\/\\\/mylipfiller.com\\\/wp-content\\\/uploads\\\/2019\\\/02\\\/cropped-My-Lip-Filler-Logo.png\",\"contentUrl\":\"https:\\\/\\\/mylipfiller.com\\\/wp-content\\\/uploads\\\/2019\\\/02\\\/cropped-My-Lip-Filler-Logo.png\",\"width\":240,\"height\":88,\"caption\":\"My Lip Filler\"},\"image\":{\"@id\":\"https:\\\/\\\/mylipfiller.com\\\/#\\\/schema\\\/logo\\\/image\\\/\"}}]}<\/script>\n<!-- \/ Yoast SEO plugin. -->","yoast_head_json":{"title":"Compre Stylage S (2 x 0,8 ml) - Rellenos de My Lip Filler","description":"\u2765Compre Stylage S (2 x 0,8 ml) \u23e9 Tienda online My Lip Filler \u27a6 Garant\u00eda de calidad, rese\u00f1as, ingredientes, \u00a1los mejores precios!","robots":{"index":"index","follow":"follow","max-snippet":"max-snippet:-1","max-image-preview":"max-image-preview:large","max-video-preview":"max-video-preview:-1"},"canonical":"https:\/\/mylipfiller.com\/es\/stylage-s-2-x-0-8ml\/","og_locale":"es_MX","og_type":"article","og_title":"Buy Stylage S (2 x 0.8ml) - Fillers from My Lip Filler","og_description":"\u2765Buy Stylage S (2 x 0.8ml) \u23e9 My Lip Filler online store \u27a6 Quality assurance, reviews, ingredients, best prices!","og_url":"https:\/\/mylipfiller.com\/es\/stylage-s-2-x-0-8ml\/","og_site_name":"My Lip Filler","article_modified_time":"2024-07-03T15:32:56+00:00","og_image":[{"width":600,"height":600,"url":"https:\/\/cdn.mylipfiller.com\/wp-content\/uploads\/2019\/07\/Stylage-S.jpg","type":"image\/jpeg"}],"twitter_card":"summary_large_image","twitter_misc":{"Tiempo de lectura":"2 minutos"},"schema":{"@context":"https:\/\/schema.org","@graph":[{"@type":"WebPage","@id":"https:\/\/mylipfiller.com\/stylage-s-2-x-0-8ml\/","url":"https:\/\/mylipfiller.com\/stylage-s-2-x-0-8ml\/","name":"Compre Stylage S (2 x 0,8 ml) - Rellenos de My Lip Filler","isPartOf":{"@id":"https:\/\/mylipfiller.com\/#website"},"primaryImageOfPage":{"@id":"https:\/\/mylipfiller.com\/stylage-s-2-x-0-8ml\/#primaryimage"},"image":{"@id":"https:\/\/mylipfiller.com\/stylage-s-2-x-0-8ml\/#primaryimage"},"thumbnailUrl":"https:\/\/cdn.mylipfiller.com\/wp-content\/uploads\/2019\/07\/Stylage-S.jpg","datePublished":"2019-07-24T11:33:52+00:00","dateModified":"2024-07-03T15:32:56+00:00","description":"\u2765Compre Stylage S (2 x 0,8 ml) \u23e9 Tienda online My Lip Filler \u27a6 Garant\u00eda de calidad, rese\u00f1as, ingredientes, \u00a1los mejores precios!","breadcrumb":{"@id":"https:\/\/mylipfiller.com\/stylage-s-2-x-0-8ml\/#breadcrumb"},"inLanguage":"es","potentialAction":[{"@type":"ReadAction","target":["https:\/\/mylipfiller.com\/stylage-s-2-x-0-8ml\/"]}]},{"@type":"ImageObject","inLanguage":"es","@id":"https:\/\/mylipfiller.com\/stylage-s-2-x-0-8ml\/#primaryimage","url":"https:\/\/cdn.mylipfiller.com\/wp-content\/uploads\/2019\/07\/Stylage-S.jpg","contentUrl":"https:\/\/cdn.mylipfiller.com\/wp-content\/uploads\/2019\/07\/Stylage-S.jpg","width":600,"height":600,"caption":"Stylage S"},{"@type":"BreadcrumbList","@id":"https:\/\/mylipfiller.com\/stylage-s-2-x-0-8ml\/#breadcrumb","itemListElement":[{"@type":"ListItem","position":1,"name":"Home","item":"https:\/\/mylipfiller.com\/"},{"@type":"ListItem","position":2,"name":"Shop","item":"https:\/\/mylipfiller.com\/shop\/"},{"@type":"ListItem","position":3,"name":"Stylage S (2 x 0.8ml)"}]},{"@type":"WebSite","@id":"https:\/\/mylipfiller.com\/#website","url":"https:\/\/mylipfiller.com\/","name":"Mi relleno de labios","description":"Rellenos d\u00e9rmicos y de labios con \u00e1cido hialur\u00f3nico","publisher":{"@id":"https:\/\/mylipfiller.com\/#organization"},"potentialAction":[{"@type":"SearchAction","target":{"@type":"EntryPoint","urlTemplate":"https:\/\/mylipfiller.com\/?s={search_term_string}"},"query-input":{"@type":"PropertyValueSpecification","valueRequired":true,"valueName":"search_term_string"}}],"inLanguage":"es"},{"@type":"Organization","@id":"https:\/\/mylipfiller.com\/#organization","name":"Mi relleno de labios","url":"https:\/\/mylipfiller.com\/","logo":{"@type":"ImageObject","inLanguage":"es","@id":"https:\/\/mylipfiller.com\/#\/schema\/logo\/image\/","url":"https:\/\/cdn.mylipfiller.com\/wp-content\/uploads\/2019\/02\/cropped-My-Lip-Filler-Logo.png","contentUrl":"https:\/\/cdn.mylipfiller.com\/wp-content\/uploads\/2019\/02\/cropped-My-Lip-Filler-Logo.png","width":240,"height":88,"caption":"My Lip Filler"},"image":{"@id":"https:\/\/mylipfiller.com\/#\/schema\/logo\/image\/"}}]}},"_links":{"self":[{"href":"https:\/\/mylipfiller.com\/es\/wp-json\/wp\/v2\/product\/2952","targetHints":{"allow":["GET"]}}],"collection":[{"href":"https:\/\/mylipfiller.com\/es\/wp-json\/wp\/v2\/product"}],"about":[{"href":"https:\/\/mylipfiller.com\/es\/wp-json\/wp\/v2\/types\/product"}],"wp:featuredmedia":[{"embeddable":true,"href":"https:\/\/mylipfiller.com\/es\/wp-json\/wp\/v2\/media\/2957"}],"wp:attachment":[{"href":"https:\/\/mylipfiller.com\/es\/wp-json\/wp\/v2\/media?parent=2952"}],"wp:term":[{"taxonomy":"product_brand","embeddable":true,"href":"https:\/\/mylipfiller.com\/es\/wp-json\/wp\/v2\/product_brand?post=2952"},{"taxonomy":"product_cat","embeddable":true,"href":"https:\/\/mylipfiller.com\/es\/wp-json\/wp\/v2\/product_cat?post=2952"},{"taxonomy":"product_tag","embeddable":true,"href":"https:\/\/mylipfiller.com\/es\/wp-json\/wp\/v2\/product_tag?post=2952"}],"curies":[{"name":"gracias","href":"https:\/\/api.w.org\/{rel}","templated":true}]}}