{"id":2953,"date":"2019-07-24T13:33:44","date_gmt":"2019-07-24T11:33:44","guid":{"rendered":"https:\/\/mylipfiller.com\/?post_type=product&#038;p=2953"},"modified":"2024-08-05T13:01:44","modified_gmt":"2024-08-05T11:01:44","slug":"stylage-m-2-x-1ml","status":"publish","type":"product","link":"https:\/\/mylipfiller.com\/es\/stylage-m-2-x-1ml\/","title":{"rendered":"Stylage M (2 x 1 ml)"},"content":{"rendered":"<h3>Tecnolog\u00eda avanzada similar a IPN de Stylage M<\/h3>\n<p>Lo primero que notar\u00e1 sobre este innovador relleno de tejidos blandos es que tiene una f\u00f3rmula y propiedades \u00fanicas y altamente mejoradas. Tiene la viscosidad adecuada para llenar y <u>suavizar arrugas y pliegues<\/u> apareciendo en la dermis media o profunda (pliegues nasogenianos, l\u00edneas de marioneta, arrugas en las mejillas, etc.) pero sin darles un aspecto sobrecargado o antinatural. Adem\u00e1s, tiene una elasticidad especialmente dise\u00f1ada para que pueda ser f\u00e1cil de inyectar pero uniforme, estable y con una baja tasa de migraci\u00f3n. Estas dos caracter\u00edsticas sobresalientes de Stylage M se logran a trav\u00e9s de una tecnolog\u00eda similar a IPN desarrollada por la misma empresa con visi\u00f3n de futuro que produce estos rellenos de \u00e1cido hialur\u00f3nico de primera categor\u00eda: Laboratories VIVACY. Con \u00e9l, el gigante de la biotecnolog\u00eda ha logrado personalizar casi todos los aspectos de su producto, haci\u00e9ndolo m\u00e1s duradero (los efectos duran hasta 12 meses), m\u00e1s efectivo y amigable para el paciente. Incluso contiene una peque\u00f1a cantidad de <em>el antioxidante manitol<\/em> que refuerza a\u00fan m\u00e1s sus excelentes poderes rejuvenecedores de la piel.<\/p>\n<h3>Cumplimiento de los est\u00e1ndares de seguridad globales<\/h3>\n<p>Stylage M es un dispositivo m\u00e9dico de Clase III de grado profesional que se produce de acuerdo con todos los est\u00e1ndares internacionales de seguridad y salud. Como resultado:<\/p>\n<ul>\n<li><strong>No produce efectos secundarios graves.<\/strong><\/li>\n<li>Viene sin tiempo de inactividad despu\u00e9s del tratamiento.<\/li>\n<li>Es perfectamente biocompatible con el cuerpo humano.<\/li>\n<li><u>Completamente biodegradables<\/u> (de una manera bastante gradual)<\/li>\n<\/ul>\n<p>Para disfrutar de una eliminaci\u00f3n r\u00e1pida de arrugas de media a severa, simplemente solicite Stylage M a trav\u00e9s de My Lip Filler.<\/p>","protected":false},"excerpt":{"rendered":"<p>La mejor cura contra las arrugas medias a profundas es <strong>relleno de piel m\u00e1s vendido Stylage M<\/strong>. \u00bfPor qu\u00e9? Porque ofrece una calidad superior inigualable, una durabilidad impresionante (hasta un a\u00f1o), resultados equilibrados y un atajo sin dolor para <em>un rostro joven y terso<\/em>. Y con la ayuda de My Lip Filler, ahora viene con otro beneficio: un precio s\u00faper bajo.<\/p>","protected":false},"featured_media":2958,"template":"","meta":{"_acf_changed":false},"product_brand":[],"product_cat":[33,51,181],"product_tag":[111,136,151,133,107,134,120],"class_list":{"0":"post-2953","1":"product","2":"type-product","3":"status-publish","4":"has-post-thumbnail","6":"product_cat-lip","7":"product_cat-stylage","8":"product_cat-vivacy","9":"product_tag-face","10":"product_tag-france","11":"product_tag-hyaluronic-acid-ha-fillers","12":"product_tag-marionette-lines","13":"product_tag-nasolabial-folds","14":"product_tag-small-lips","15":"product_tag-up-to-12-months","17":"first","18":"instock","19":"taxable","20":"shipping-taxable","21":"purchasable","22":"product-type-simple"},"acf":[],"yoast_head":"<!-- This site is optimized with the Yoast SEO plugin v27.3 - https:\/\/yoast.com\/product\/yoast-seo-wordpress\/ -->\n<title>Buy Stylage M (2 x 1ml) - Fillers from My Lip Filler<\/title>\n<meta name=\"description\" content=\"\u2765Buy Stylage M (2 x 1ml) \u23e9 My Lip Filler online store \u27a6 Quality assurance, reviews, ingredients, best prices!\" \/>\n<meta name=\"robots\" content=\"index, follow, max-snippet:-1, max-image-preview:large, max-video-preview:-1\" \/>\n<link rel=\"canonical\" href=\"https:\/\/mylipfiller.com\/es\/stylage-m-2-x-1ml\/\" \/>\n<meta property=\"og:locale\" content=\"es_MX\" \/>\n<meta property=\"og:type\" content=\"article\" \/>\n<meta property=\"og:title\" content=\"Buy Stylage M (2 x 1ml) - Fillers from My Lip Filler\" \/>\n<meta property=\"og:description\" content=\"\u2765Buy Stylage M (2 x 1ml) \u23e9 My Lip Filler online store \u27a6 Quality assurance, reviews, ingredients, best prices!\" \/>\n<meta property=\"og:url\" content=\"https:\/\/mylipfiller.com\/es\/stylage-m-2-x-1ml\/\" \/>\n<meta property=\"og:site_name\" content=\"My Lip Filler\" \/>\n<meta property=\"article:modified_time\" content=\"2024-08-05T11:01:44+00:00\" \/>\n<meta property=\"og:image\" content=\"https:\/\/cdn.mylipfiller.com\/wp-content\/uploads\/2019\/07\/Stylage-M.jpg\" \/>\n\t<meta property=\"og:image:width\" content=\"600\" \/>\n\t<meta property=\"og:image:height\" content=\"600\" \/>\n\t<meta property=\"og:image:type\" content=\"image\/jpeg\" \/>\n<meta name=\"twitter:card\" content=\"summary_large_image\" \/>\n<meta name=\"twitter:label1\" content=\"Tiempo de lectura\" \/>\n\t<meta name=\"twitter:data1\" content=\"2 minutos\" \/>\n<script type=\"application\/ld+json\" class=\"yoast-schema-graph\">{\"@context\":\"https:\\\/\\\/schema.org\",\"@graph\":[{\"@type\":\"WebPage\",\"@id\":\"https:\\\/\\\/mylipfiller.com\\\/stylage-m-2-x-1ml\\\/\",\"url\":\"https:\\\/\\\/mylipfiller.com\\\/stylage-m-2-x-1ml\\\/\",\"name\":\"Buy Stylage M (2 x 1ml) - Fillers from My Lip Filler\",\"isPartOf\":{\"@id\":\"https:\\\/\\\/mylipfiller.com\\\/#website\"},\"primaryImageOfPage\":{\"@id\":\"https:\\\/\\\/mylipfiller.com\\\/stylage-m-2-x-1ml\\\/#primaryimage\"},\"image\":{\"@id\":\"https:\\\/\\\/mylipfiller.com\\\/stylage-m-2-x-1ml\\\/#primaryimage\"},\"thumbnailUrl\":\"https:\\\/\\\/mylipfiller.com\\\/wp-content\\\/uploads\\\/2019\\\/07\\\/Stylage-M.jpg\",\"datePublished\":\"2019-07-24T11:33:44+00:00\",\"dateModified\":\"2024-08-05T11:01:44+00:00\",\"description\":\"\u2765Buy Stylage M (2 x 1ml) \u23e9 My Lip Filler online store \u27a6 Quality assurance, reviews, ingredients, best prices!\",\"breadcrumb\":{\"@id\":\"https:\\\/\\\/mylipfiller.com\\\/stylage-m-2-x-1ml\\\/#breadcrumb\"},\"inLanguage\":\"es\",\"potentialAction\":[{\"@type\":\"ReadAction\",\"target\":[\"https:\\\/\\\/mylipfiller.com\\\/stylage-m-2-x-1ml\\\/\"]}]},{\"@type\":\"ImageObject\",\"inLanguage\":\"es\",\"@id\":\"https:\\\/\\\/mylipfiller.com\\\/stylage-m-2-x-1ml\\\/#primaryimage\",\"url\":\"https:\\\/\\\/mylipfiller.com\\\/wp-content\\\/uploads\\\/2019\\\/07\\\/Stylage-M.jpg\",\"contentUrl\":\"https:\\\/\\\/mylipfiller.com\\\/wp-content\\\/uploads\\\/2019\\\/07\\\/Stylage-M.jpg\",\"width\":600,\"height\":600,\"caption\":\"Stylage M\"},{\"@type\":\"BreadcrumbList\",\"@id\":\"https:\\\/\\\/mylipfiller.com\\\/stylage-m-2-x-1ml\\\/#breadcrumb\",\"itemListElement\":[{\"@type\":\"ListItem\",\"position\":1,\"name\":\"Home\",\"item\":\"https:\\\/\\\/mylipfiller.com\\\/\"},{\"@type\":\"ListItem\",\"position\":2,\"name\":\"Shop\",\"item\":\"https:\\\/\\\/mylipfiller.com\\\/shop\\\/\"},{\"@type\":\"ListItem\",\"position\":3,\"name\":\"Stylage M (2 x 1ml)\"}]},{\"@type\":\"WebSite\",\"@id\":\"https:\\\/\\\/mylipfiller.com\\\/#website\",\"url\":\"https:\\\/\\\/mylipfiller.com\\\/\",\"name\":\"My Lip Filler\",\"description\":\"Hyaluronic Acid Lip and Dermal Fillers\",\"publisher\":{\"@id\":\"https:\\\/\\\/mylipfiller.com\\\/#organization\"},\"potentialAction\":[{\"@type\":\"SearchAction\",\"target\":{\"@type\":\"EntryPoint\",\"urlTemplate\":\"https:\\\/\\\/mylipfiller.com\\\/?s={search_term_string}\"},\"query-input\":{\"@type\":\"PropertyValueSpecification\",\"valueRequired\":true,\"valueName\":\"search_term_string\"}}],\"inLanguage\":\"es\"},{\"@type\":\"Organization\",\"@id\":\"https:\\\/\\\/mylipfiller.com\\\/#organization\",\"name\":\"My Lip Filler\",\"url\":\"https:\\\/\\\/mylipfiller.com\\\/\",\"logo\":{\"@type\":\"ImageObject\",\"inLanguage\":\"es\",\"@id\":\"https:\\\/\\\/mylipfiller.com\\\/#\\\/schema\\\/logo\\\/image\\\/\",\"url\":\"https:\\\/\\\/mylipfiller.com\\\/wp-content\\\/uploads\\\/2019\\\/02\\\/cropped-My-Lip-Filler-Logo.png\",\"contentUrl\":\"https:\\\/\\\/mylipfiller.com\\\/wp-content\\\/uploads\\\/2019\\\/02\\\/cropped-My-Lip-Filler-Logo.png\",\"width\":240,\"height\":88,\"caption\":\"My Lip Filler\"},\"image\":{\"@id\":\"https:\\\/\\\/mylipfiller.com\\\/#\\\/schema\\\/logo\\\/image\\\/\"}}]}<\/script>\n<!-- \/ Yoast SEO plugin. -->","yoast_head_json":{"title":"Comprar Stylage M (2 x 1ml) - Rellenos de My Lip Filler","description":"\u2765Compra Stylage M (2 x 1ml) \u23e9 Tienda online My Lip Filler \u27a6 Garant\u00eda de calidad, rese\u00f1as, ingredientes, \u00a1los mejores precios!","robots":{"index":"index","follow":"follow","max-snippet":"max-snippet:-1","max-image-preview":"max-image-preview:large","max-video-preview":"max-video-preview:-1"},"canonical":"https:\/\/mylipfiller.com\/es\/stylage-m-2-x-1ml\/","og_locale":"es_MX","og_type":"article","og_title":"Buy Stylage M (2 x 1ml) - Fillers from My Lip Filler","og_description":"\u2765Buy Stylage M (2 x 1ml) \u23e9 My Lip Filler online store \u27a6 Quality assurance, reviews, ingredients, best prices!","og_url":"https:\/\/mylipfiller.com\/es\/stylage-m-2-x-1ml\/","og_site_name":"My Lip Filler","article_modified_time":"2024-08-05T11:01:44+00:00","og_image":[{"width":600,"height":600,"url":"https:\/\/cdn.mylipfiller.com\/wp-content\/uploads\/2019\/07\/Stylage-M.jpg","type":"image\/jpeg"}],"twitter_card":"summary_large_image","twitter_misc":{"Tiempo de lectura":"2 minutos"},"schema":{"@context":"https:\/\/schema.org","@graph":[{"@type":"WebPage","@id":"https:\/\/mylipfiller.com\/stylage-m-2-x-1ml\/","url":"https:\/\/mylipfiller.com\/stylage-m-2-x-1ml\/","name":"Comprar Stylage M (2 x 1ml) - Rellenos de My Lip Filler","isPartOf":{"@id":"https:\/\/mylipfiller.com\/#website"},"primaryImageOfPage":{"@id":"https:\/\/mylipfiller.com\/stylage-m-2-x-1ml\/#primaryimage"},"image":{"@id":"https:\/\/mylipfiller.com\/stylage-m-2-x-1ml\/#primaryimage"},"thumbnailUrl":"https:\/\/cdn.mylipfiller.com\/wp-content\/uploads\/2019\/07\/Stylage-M.jpg","datePublished":"2019-07-24T11:33:44+00:00","dateModified":"2024-08-05T11:01:44+00:00","description":"\u2765Compra Stylage M (2 x 1ml) \u23e9 Tienda online My Lip Filler \u27a6 Garant\u00eda de calidad, rese\u00f1as, ingredientes, \u00a1los mejores precios!","breadcrumb":{"@id":"https:\/\/mylipfiller.com\/stylage-m-2-x-1ml\/#breadcrumb"},"inLanguage":"es","potentialAction":[{"@type":"ReadAction","target":["https:\/\/mylipfiller.com\/stylage-m-2-x-1ml\/"]}]},{"@type":"ImageObject","inLanguage":"es","@id":"https:\/\/mylipfiller.com\/stylage-m-2-x-1ml\/#primaryimage","url":"https:\/\/cdn.mylipfiller.com\/wp-content\/uploads\/2019\/07\/Stylage-M.jpg","contentUrl":"https:\/\/cdn.mylipfiller.com\/wp-content\/uploads\/2019\/07\/Stylage-M.jpg","width":600,"height":600,"caption":"Stylage M"},{"@type":"BreadcrumbList","@id":"https:\/\/mylipfiller.com\/stylage-m-2-x-1ml\/#breadcrumb","itemListElement":[{"@type":"ListItem","position":1,"name":"Home","item":"https:\/\/mylipfiller.com\/"},{"@type":"ListItem","position":2,"name":"Shop","item":"https:\/\/mylipfiller.com\/shop\/"},{"@type":"ListItem","position":3,"name":"Stylage M (2 x 1ml)"}]},{"@type":"WebSite","@id":"https:\/\/mylipfiller.com\/#website","url":"https:\/\/mylipfiller.com\/","name":"Mi relleno de labios","description":"Rellenos d\u00e9rmicos y de labios con \u00e1cido hialur\u00f3nico","publisher":{"@id":"https:\/\/mylipfiller.com\/#organization"},"potentialAction":[{"@type":"SearchAction","target":{"@type":"EntryPoint","urlTemplate":"https:\/\/mylipfiller.com\/?s={search_term_string}"},"query-input":{"@type":"PropertyValueSpecification","valueRequired":true,"valueName":"search_term_string"}}],"inLanguage":"es"},{"@type":"Organization","@id":"https:\/\/mylipfiller.com\/#organization","name":"Mi relleno de labios","url":"https:\/\/mylipfiller.com\/","logo":{"@type":"ImageObject","inLanguage":"es","@id":"https:\/\/mylipfiller.com\/#\/schema\/logo\/image\/","url":"https:\/\/cdn.mylipfiller.com\/wp-content\/uploads\/2019\/02\/cropped-My-Lip-Filler-Logo.png","contentUrl":"https:\/\/cdn.mylipfiller.com\/wp-content\/uploads\/2019\/02\/cropped-My-Lip-Filler-Logo.png","width":240,"height":88,"caption":"My Lip Filler"},"image":{"@id":"https:\/\/mylipfiller.com\/#\/schema\/logo\/image\/"}}]}},"_links":{"self":[{"href":"https:\/\/mylipfiller.com\/es\/wp-json\/wp\/v2\/product\/2953","targetHints":{"allow":["GET"]}}],"collection":[{"href":"https:\/\/mylipfiller.com\/es\/wp-json\/wp\/v2\/product"}],"about":[{"href":"https:\/\/mylipfiller.com\/es\/wp-json\/wp\/v2\/types\/product"}],"wp:featuredmedia":[{"embeddable":true,"href":"https:\/\/mylipfiller.com\/es\/wp-json\/wp\/v2\/media\/2958"}],"wp:attachment":[{"href":"https:\/\/mylipfiller.com\/es\/wp-json\/wp\/v2\/media?parent=2953"}],"wp:term":[{"taxonomy":"product_brand","embeddable":true,"href":"https:\/\/mylipfiller.com\/es\/wp-json\/wp\/v2\/product_brand?post=2953"},{"taxonomy":"product_cat","embeddable":true,"href":"https:\/\/mylipfiller.com\/es\/wp-json\/wp\/v2\/product_cat?post=2953"},{"taxonomy":"product_tag","embeddable":true,"href":"https:\/\/mylipfiller.com\/es\/wp-json\/wp\/v2\/product_tag?post=2953"}],"curies":[{"name":"gracias","href":"https:\/\/api.w.org\/{rel}","templated":true}]}}