{"id":2954,"date":"2019-07-24T13:33:32","date_gmt":"2019-07-24T11:33:32","guid":{"rendered":"https:\/\/mylipfiller.com\/?post_type=product&#038;p=2954"},"modified":"2024-08-07T10:34:47","modified_gmt":"2024-08-07T08:34:47","slug":"stylage-l-2-x-1ml","status":"publish","type":"product","link":"https:\/\/mylipfiller.com\/es\/stylage-l-2-x-1ml\/","title":{"rendered":"Stylage L (2 x 1 ml)"},"content":{"rendered":"<h3>Stylage L: un relleno HA incre\u00edblemente resistente<\/h3>\n<p>Si bien la mayor\u00eda de los rellenos cut\u00e1neos a base de HA m\u00e1s conocidos del mercado solo pueden ofrecer resultados que duran aproximadamente 4 meses, los efectos de volumen y relleno de Stylage L seguir\u00e1n siendo fuertes y perceptibles. <strong>hasta por 1 a\u00f1o<\/strong> permitiendo a los pacientes conservar su apariencia rejuvenecida por m\u00e1s tiempo sin gastar tiempo o dinero en molestas sesiones de inyecci\u00f3n de mantenimiento. Lo principal que hace que este producto antiarrugas sin riesgos sea tan duradero es su naturaleza resistente. El HA en su gel inyectable se disuelve lentamente, su elasticidad no permite ninguna migraci\u00f3n de gel y su viscosidad se modifica para ofrecer tanto una larga duraci\u00f3n como <em>reducci\u00f3n est\u00e9ticamente atractiva de arrugas profundas<\/em> y pliegues. Esta combinaci\u00f3n perfecta es el resultado de <u>la presencia de antioxidantes en su estructura<\/u> y el hecho de que fue elaborado a trav\u00e9s de una innovadora tecnolog\u00eda similar a IPN.<\/p>\n<ul>\n<li><strong>Principio activo principal:<\/strong> \u00e1cido hialur\u00f3nico reticulado (24 mg \/ ml)<\/li>\n<li><strong>Sitios de inyecci\u00f3n:<\/strong> cara y manos<\/li>\n<li><strong>Profundidad de inyecci\u00f3n:<\/strong> dermis profunda<\/li>\n<li><strong>Otros ingredientes:<\/strong> Manitol (un antioxidante)<\/li>\n<li><strong>Longevidad:<\/strong> aproximadamente 12 meses<\/li>\n<\/ul>\n<h3>Contraindicaciones<\/h3>\n<p>Stylage L es un relleno d\u00e9rmico de bajo riesgo. Por lo general, conduce <em>solo a efectos secundarios menores<\/em> como hinchaz\u00f3n, hematomas, enrojecimiento y sensibilidad alrededor de los puntos de inyecci\u00f3n. Sin embargo, no debe usarse en pacientes propensos a la formaci\u00f3n de queloides, que padecen trastornos hemorr\u00e1gicos o en mujeres embarazadas o en per\u00edodo de lactancia.<\/p>\n<p>Ordene este relleno d\u00e9rmico avanzado de My Lip Filler hoy.<\/p>","protected":false},"excerpt":{"rendered":"<p>Los rellenos d\u00e9rmicos de primera clase basados en \u00e1cido hialur\u00f3nico de primera calidad pueden hacer m\u00e1s que corregir peque\u00f1as l\u00edneas de expresi\u00f3n. Los mejores y m\u00e1s poderosos de ellos pueden asumir f\u00e1cilmente arrugas y pliegues profundos y Stylage L es el ejemplo ideal para eso. Esta extraordinaria inyecci\u00f3n de relleno de tejidos blandos puede <em>Elimina sin dolor las l\u00edneas de marioneta profundas y los pliegues nasolabiales.<\/em>. Gracias a su f\u00f3rmula \u00fanica, tambi\u00e9n se pueden utilizar para <u>aumento de ment\u00f3n de aspecto natural<\/u> e incluso rejuvenecimiento de manos.<\/p>","protected":false},"featured_media":2959,"template":"","meta":{"_acf_changed":false},"product_brand":[],"product_cat":[89,34,51,181],"product_tag":[123,130,131,115,114,111,136,118,151,141,142,135,110,122,124],"class_list":{"0":"post-2954","1":"product","2":"type-product","3":"status-publish","4":"has-post-thumbnail","6":"product_cat-big-holiday-sale","7":"product_cat-hard","8":"product_cat-stylage","9":"product_cat-vivacy","10":"product_tag-asymmetry","11":"product_tag-cheek-volume","12":"product_tag-cheekbone-contour","13":"product_tag-cheekbones","14":"product_tag-chin","15":"product_tag-face","16":"product_tag-france","17":"product_tag-high-density","18":"product_tag-hyaluronic-acid-ha-fillers","19":"product_tag-lifting","20":"product_tag-modeling","21":"product_tag-small-chin","22":"product_tag-temple","23":"product_tag-up-to-18-months","24":"product_tag-volume","26":"first","27":"instock","28":"taxable","29":"shipping-taxable","30":"purchasable","31":"product-type-simple"},"acf":[],"yoast_head":"<!-- This site is optimized with the Yoast SEO plugin v27.4 - https:\/\/yoast.com\/product\/yoast-seo-wordpress\/ -->\n<title>Stylage L - Buy Stylage L Lidocaine for Superior Results at My Lip Filler<\/title>\n<meta name=\"description\" content=\"Shop Stylage L and Stylage L Lidocaine for effective treatments. Get top quality and results. Buy now at My Lip Filler for the best value and care\" \/>\n<meta name=\"robots\" content=\"index, follow, max-snippet:-1, max-image-preview:large, max-video-preview:-1\" \/>\n<link rel=\"canonical\" href=\"https:\/\/mylipfiller.com\/es\/stylage-l-2-x-1ml\/\" \/>\n<meta property=\"og:locale\" content=\"es_MX\" \/>\n<meta property=\"og:type\" content=\"article\" \/>\n<meta property=\"og:title\" content=\"Stylage L - Buy Stylage L Lidocaine for Superior Results at My Lip Filler\" \/>\n<meta property=\"og:description\" content=\"Shop Stylage L and Stylage L Lidocaine for effective treatments. Get top quality and results. Buy now at My Lip Filler for the best value and care\" \/>\n<meta property=\"og:url\" content=\"https:\/\/mylipfiller.com\/es\/stylage-l-2-x-1ml\/\" \/>\n<meta property=\"og:site_name\" content=\"My Lip Filler\" \/>\n<meta property=\"article:modified_time\" content=\"2024-08-07T08:34:47+00:00\" \/>\n<meta property=\"og:image\" content=\"https:\/\/cdn.mylipfiller.com\/wp-content\/uploads\/2019\/07\/Stylage-L.jpg\" \/>\n\t<meta property=\"og:image:width\" content=\"600\" \/>\n\t<meta property=\"og:image:height\" content=\"600\" \/>\n\t<meta property=\"og:image:type\" content=\"image\/jpeg\" \/>\n<meta name=\"twitter:card\" content=\"summary_large_image\" \/>\n<meta name=\"twitter:label1\" content=\"Tiempo de lectura\" \/>\n\t<meta name=\"twitter:data1\" content=\"2 minutos\" \/>\n<script type=\"application\/ld+json\" class=\"yoast-schema-graph\">{\"@context\":\"https:\\\/\\\/schema.org\",\"@graph\":[{\"@type\":\"WebPage\",\"@id\":\"https:\\\/\\\/mylipfiller.com\\\/stylage-l-2-x-1ml\\\/\",\"url\":\"https:\\\/\\\/mylipfiller.com\\\/stylage-l-2-x-1ml\\\/\",\"name\":\"Stylage L - Buy Stylage L Lidocaine for Superior Results at My Lip Filler\",\"isPartOf\":{\"@id\":\"https:\\\/\\\/mylipfiller.com\\\/#website\"},\"primaryImageOfPage\":{\"@id\":\"https:\\\/\\\/mylipfiller.com\\\/stylage-l-2-x-1ml\\\/#primaryimage\"},\"image\":{\"@id\":\"https:\\\/\\\/mylipfiller.com\\\/stylage-l-2-x-1ml\\\/#primaryimage\"},\"thumbnailUrl\":\"https:\\\/\\\/mylipfiller.com\\\/wp-content\\\/uploads\\\/2019\\\/07\\\/Stylage-L.jpg\",\"datePublished\":\"2019-07-24T11:33:32+00:00\",\"dateModified\":\"2024-08-07T08:34:47+00:00\",\"description\":\"Shop Stylage L and Stylage L Lidocaine for effective treatments. Get top quality and results. Buy now at My Lip Filler for the best value and care\",\"breadcrumb\":{\"@id\":\"https:\\\/\\\/mylipfiller.com\\\/stylage-l-2-x-1ml\\\/#breadcrumb\"},\"inLanguage\":\"es\",\"potentialAction\":[{\"@type\":\"ReadAction\",\"target\":[\"https:\\\/\\\/mylipfiller.com\\\/stylage-l-2-x-1ml\\\/\"]}]},{\"@type\":\"ImageObject\",\"inLanguage\":\"es\",\"@id\":\"https:\\\/\\\/mylipfiller.com\\\/stylage-l-2-x-1ml\\\/#primaryimage\",\"url\":\"https:\\\/\\\/mylipfiller.com\\\/wp-content\\\/uploads\\\/2019\\\/07\\\/Stylage-L.jpg\",\"contentUrl\":\"https:\\\/\\\/mylipfiller.com\\\/wp-content\\\/uploads\\\/2019\\\/07\\\/Stylage-L.jpg\",\"width\":600,\"height\":600,\"caption\":\"Stylage L\"},{\"@type\":\"BreadcrumbList\",\"@id\":\"https:\\\/\\\/mylipfiller.com\\\/stylage-l-2-x-1ml\\\/#breadcrumb\",\"itemListElement\":[{\"@type\":\"ListItem\",\"position\":1,\"name\":\"Home\",\"item\":\"https:\\\/\\\/mylipfiller.com\\\/\"},{\"@type\":\"ListItem\",\"position\":2,\"name\":\"Shop\",\"item\":\"https:\\\/\\\/mylipfiller.com\\\/shop\\\/\"},{\"@type\":\"ListItem\",\"position\":3,\"name\":\"Stylage L (2 x 1ml)\"}]},{\"@type\":\"WebSite\",\"@id\":\"https:\\\/\\\/mylipfiller.com\\\/#website\",\"url\":\"https:\\\/\\\/mylipfiller.com\\\/\",\"name\":\"My Lip Filler\",\"description\":\"Hyaluronic Acid Lip and Dermal Fillers\",\"publisher\":{\"@id\":\"https:\\\/\\\/mylipfiller.com\\\/#organization\"},\"potentialAction\":[{\"@type\":\"SearchAction\",\"target\":{\"@type\":\"EntryPoint\",\"urlTemplate\":\"https:\\\/\\\/mylipfiller.com\\\/?s={search_term_string}\"},\"query-input\":{\"@type\":\"PropertyValueSpecification\",\"valueRequired\":true,\"valueName\":\"search_term_string\"}}],\"inLanguage\":\"es\"},{\"@type\":\"Organization\",\"@id\":\"https:\\\/\\\/mylipfiller.com\\\/#organization\",\"name\":\"My Lip Filler\",\"url\":\"https:\\\/\\\/mylipfiller.com\\\/\",\"logo\":{\"@type\":\"ImageObject\",\"inLanguage\":\"es\",\"@id\":\"https:\\\/\\\/mylipfiller.com\\\/#\\\/schema\\\/logo\\\/image\\\/\",\"url\":\"https:\\\/\\\/mylipfiller.com\\\/wp-content\\\/uploads\\\/2019\\\/02\\\/cropped-My-Lip-Filler-Logo.png\",\"contentUrl\":\"https:\\\/\\\/mylipfiller.com\\\/wp-content\\\/uploads\\\/2019\\\/02\\\/cropped-My-Lip-Filler-Logo.png\",\"width\":240,\"height\":88,\"caption\":\"My Lip Filler\"},\"image\":{\"@id\":\"https:\\\/\\\/mylipfiller.com\\\/#\\\/schema\\\/logo\\\/image\\\/\"}}]}<\/script>\n<!-- \/ Yoast SEO plugin. -->","yoast_head_json":{"title":"Stylage L - Compre lidoca\u00edna Stylage L para obtener resultados superiores en My Lip Filler","description":"Compre lidoca\u00edna Stylage L y Stylage L para tratamientos efectivos. Obtenga la m\u00e1xima calidad y resultados. Compre ahora en My Lip Filler para obtener el mejor valor y cuidado.","robots":{"index":"index","follow":"follow","max-snippet":"max-snippet:-1","max-image-preview":"max-image-preview:large","max-video-preview":"max-video-preview:-1"},"canonical":"https:\/\/mylipfiller.com\/es\/stylage-l-2-x-1ml\/","og_locale":"es_MX","og_type":"article","og_title":"Stylage L - Buy Stylage L Lidocaine for Superior Results at My Lip Filler","og_description":"Shop Stylage L and Stylage L Lidocaine for effective treatments. Get top quality and results. Buy now at My Lip Filler for the best value and care","og_url":"https:\/\/mylipfiller.com\/es\/stylage-l-2-x-1ml\/","og_site_name":"My Lip Filler","article_modified_time":"2024-08-07T08:34:47+00:00","og_image":[{"width":600,"height":600,"url":"https:\/\/cdn.mylipfiller.com\/wp-content\/uploads\/2019\/07\/Stylage-L.jpg","type":"image\/jpeg"}],"twitter_card":"summary_large_image","twitter_misc":{"Tiempo de lectura":"2 minutos"},"schema":{"@context":"https:\/\/schema.org","@graph":[{"@type":"WebPage","@id":"https:\/\/mylipfiller.com\/stylage-l-2-x-1ml\/","url":"https:\/\/mylipfiller.com\/stylage-l-2-x-1ml\/","name":"Stylage L - Compre lidoca\u00edna Stylage L para obtener resultados superiores en My Lip Filler","isPartOf":{"@id":"https:\/\/mylipfiller.com\/#website"},"primaryImageOfPage":{"@id":"https:\/\/mylipfiller.com\/stylage-l-2-x-1ml\/#primaryimage"},"image":{"@id":"https:\/\/mylipfiller.com\/stylage-l-2-x-1ml\/#primaryimage"},"thumbnailUrl":"https:\/\/cdn.mylipfiller.com\/wp-content\/uploads\/2019\/07\/Stylage-L.jpg","datePublished":"2019-07-24T11:33:32+00:00","dateModified":"2024-08-07T08:34:47+00:00","description":"Compre lidoca\u00edna Stylage L y Stylage L para tratamientos efectivos. Obtenga la m\u00e1xima calidad y resultados. Compre ahora en My Lip Filler para obtener el mejor valor y cuidado.","breadcrumb":{"@id":"https:\/\/mylipfiller.com\/stylage-l-2-x-1ml\/#breadcrumb"},"inLanguage":"es","potentialAction":[{"@type":"ReadAction","target":["https:\/\/mylipfiller.com\/stylage-l-2-x-1ml\/"]}]},{"@type":"ImageObject","inLanguage":"es","@id":"https:\/\/mylipfiller.com\/stylage-l-2-x-1ml\/#primaryimage","url":"https:\/\/cdn.mylipfiller.com\/wp-content\/uploads\/2019\/07\/Stylage-L.jpg","contentUrl":"https:\/\/cdn.mylipfiller.com\/wp-content\/uploads\/2019\/07\/Stylage-L.jpg","width":600,"height":600,"caption":"Stylage L"},{"@type":"BreadcrumbList","@id":"https:\/\/mylipfiller.com\/stylage-l-2-x-1ml\/#breadcrumb","itemListElement":[{"@type":"ListItem","position":1,"name":"Home","item":"https:\/\/mylipfiller.com\/"},{"@type":"ListItem","position":2,"name":"Shop","item":"https:\/\/mylipfiller.com\/shop\/"},{"@type":"ListItem","position":3,"name":"Stylage L (2 x 1ml)"}]},{"@type":"WebSite","@id":"https:\/\/mylipfiller.com\/#website","url":"https:\/\/mylipfiller.com\/","name":"Mi relleno de labios","description":"Rellenos d\u00e9rmicos y de labios con \u00e1cido hialur\u00f3nico","publisher":{"@id":"https:\/\/mylipfiller.com\/#organization"},"potentialAction":[{"@type":"SearchAction","target":{"@type":"EntryPoint","urlTemplate":"https:\/\/mylipfiller.com\/?s={search_term_string}"},"query-input":{"@type":"PropertyValueSpecification","valueRequired":true,"valueName":"search_term_string"}}],"inLanguage":"es"},{"@type":"Organization","@id":"https:\/\/mylipfiller.com\/#organization","name":"Mi relleno de labios","url":"https:\/\/mylipfiller.com\/","logo":{"@type":"ImageObject","inLanguage":"es","@id":"https:\/\/mylipfiller.com\/#\/schema\/logo\/image\/","url":"https:\/\/cdn.mylipfiller.com\/wp-content\/uploads\/2019\/02\/cropped-My-Lip-Filler-Logo.png","contentUrl":"https:\/\/cdn.mylipfiller.com\/wp-content\/uploads\/2019\/02\/cropped-My-Lip-Filler-Logo.png","width":240,"height":88,"caption":"My Lip Filler"},"image":{"@id":"https:\/\/mylipfiller.com\/#\/schema\/logo\/image\/"}}]}},"_links":{"self":[{"href":"https:\/\/mylipfiller.com\/es\/wp-json\/wp\/v2\/product\/2954","targetHints":{"allow":["GET"]}}],"collection":[{"href":"https:\/\/mylipfiller.com\/es\/wp-json\/wp\/v2\/product"}],"about":[{"href":"https:\/\/mylipfiller.com\/es\/wp-json\/wp\/v2\/types\/product"}],"wp:featuredmedia":[{"embeddable":true,"href":"https:\/\/mylipfiller.com\/es\/wp-json\/wp\/v2\/media\/2959"}],"wp:attachment":[{"href":"https:\/\/mylipfiller.com\/es\/wp-json\/wp\/v2\/media?parent=2954"}],"wp:term":[{"taxonomy":"product_brand","embeddable":true,"href":"https:\/\/mylipfiller.com\/es\/wp-json\/wp\/v2\/product_brand?post=2954"},{"taxonomy":"product_cat","embeddable":true,"href":"https:\/\/mylipfiller.com\/es\/wp-json\/wp\/v2\/product_cat?post=2954"},{"taxonomy":"product_tag","embeddable":true,"href":"https:\/\/mylipfiller.com\/es\/wp-json\/wp\/v2\/product_tag?post=2954"}],"curies":[{"name":"gracias","href":"https:\/\/api.w.org\/{rel}","templated":true}]}}