{"id":2955,"date":"2019-07-24T13:33:17","date_gmt":"2019-07-24T11:33:17","guid":{"rendered":"https:\/\/mylipfiller.com\/?post_type=product&#038;p=2955"},"modified":"2024-08-05T13:02:05","modified_gmt":"2024-08-05T11:02:05","slug":"stylage-l-with-lidocaine-2-x-1ml","status":"publish","type":"product","link":"https:\/\/mylipfiller.com\/es\/stylage-l-with-lidocaine-2-x-1ml\/","title":{"rendered":"Stylage L con lidoca\u00edna (2 x 1ml)"},"content":{"rendered":"<h3>El \u00fanico relleno a base de HA con antioxidantes y lidoca\u00edna<\/h3>\n<p><strong>Stylage L con lidoca\u00edna<\/strong> es m\u00e1s que una versi\u00f3n mejorada de una inyecci\u00f3n de relleno cut\u00e1nea reconocida. Es una obra maestra por derecho propio porque es el primer relleno de HA del mundo que contiene anest\u00e9sico local (0.3%) y manitol, un poderoso antioxidante que estimula la salud. La lidoca\u00edna en su f\u00f3rmula hace que el proceso de tratamiento <em>indoloro y m\u00e1s c\u00f3modo para el paciente<\/em>. En cuanto al manitol, reduce la velocidad con la que se disuelve el magn\u00edfico \u00e1cido hialur\u00f3nico de este implante de gel para garantizar que los efectos de este inyectable <u>durar m\u00e1s de lo habitual<\/u> (hasta 12 meses en contraposici\u00f3n a una durabilidad t\u00edpica de 3-4 meses).<\/p>\n<h3>Aplicaciones de Stylage L con lidoca\u00edna<\/h3>\n<p>La presencia de anest\u00e9sico local en esta innovadora soluci\u00f3n cosm\u00e9tica rejuvenecedora no reduce en modo alguno su <strong>impresionantes efectos anti-envejecimiento<\/strong>. Stylage L con lidoca\u00edna es un excelente relleno d\u00e9rmico que tiene la capacidad de:<\/p>\n<ul>\n<li>Restaura y mantiene notablemente el equilibrio h\u00eddrico de la piel.<\/li>\n<li>Rellenar inmediatamente los pliegues nasolabiales.<\/li>\n<li><u>Rejuvenece eficazmente el dorso de las manos.<\/u> (reduciendo la apariencia de venas y tendones subyacentes)<\/li>\n<li>Restaura visiblemente el volumen en el rostro<\/li>\n<li><em>Corrija instant\u00e1neamente las l\u00edneas de marionetas<\/em><\/li>\n<li>Mejora el ment\u00f3n y el contorno facial de apariencia natural<\/li>\n<\/ul>\n<p>My Lip Filler distribuye este relleno d\u00e9rmico optimizado en su caja original. Ofrecemos nada menos que un producto aut\u00e9ntico para resultados duraderos y rejuvenecedores de la piel.<\/p>","protected":false},"excerpt":{"rendered":"<p>Laboratorios VIVACY, conocido por su <u>rellenos de \u00e1cido hialur\u00f3nico de excelente calidad<\/u>, ha lanzado versiones mejoradas de algunos de sus productos rejuvenecedores de la piel m\u00e1s vendidos, entre los que se encuentra Stylage L con lidoca\u00edna. Es tan poderoso y confiable como su predecesor sin lidoca\u00edna, pero hace la correcci\u00f3n r\u00e1pida de arrugas y pliegues profundos. <em>completamente libre de dolor<\/em>. Nosotros, de My Lip Filler, por otro lado, hacemos que el tratamiento con este producto sea m\u00e1s asequible con nuestros precios asequibles.<\/p>","protected":false},"featured_media":2960,"template":"","meta":{"_acf_changed":false},"product_brand":[],"product_cat":[89,34,51,181],"product_tag":[123,130,131,115,114,111,136,118,151,141,142,135,110,122,124,116],"class_list":{"0":"post-2955","1":"product","2":"type-product","3":"status-publish","4":"has-post-thumbnail","6":"product_cat-big-holiday-sale","7":"product_cat-hard","8":"product_cat-stylage","9":"product_cat-vivacy","10":"product_tag-asymmetry","11":"product_tag-cheek-volume","12":"product_tag-cheekbone-contour","13":"product_tag-cheekbones","14":"product_tag-chin","15":"product_tag-face","16":"product_tag-france","17":"product_tag-high-density","18":"product_tag-hyaluronic-acid-ha-fillers","19":"product_tag-lifting","20":"product_tag-modeling","21":"product_tag-small-chin","22":"product_tag-temple","23":"product_tag-up-to-18-months","24":"product_tag-volume","25":"product_tag-with-lidocaine","27":"first","28":"instock","29":"taxable","30":"shipping-taxable","31":"purchasable","32":"product-type-simple"},"acf":[],"yoast_head":"<!-- This site is optimized with the Yoast SEO plugin v27.2 - https:\/\/yoast.com\/product\/yoast-seo-wordpress\/ -->\n<title>Buy Stylage L with Lidocaine (2 x 1ml) - Fillers from My Lip Filler<\/title>\n<meta name=\"description\" content=\"\u2765Buy Stylage L with Lidocaine (2 x 1ml) \u23e9 My Lip Filler online store \u27a6 Quality assurance, reviews, ingredients, best prices!\" \/>\n<meta name=\"robots\" content=\"index, follow, max-snippet:-1, max-image-preview:large, max-video-preview:-1\" \/>\n<link rel=\"canonical\" href=\"https:\/\/mylipfiller.com\/es\/stylage-l-with-lidocaine-2-x-1ml\/\" \/>\n<meta property=\"og:locale\" content=\"es_MX\" \/>\n<meta property=\"og:type\" content=\"article\" \/>\n<meta property=\"og:title\" content=\"Buy Stylage L with Lidocaine (2 x 1ml) - Fillers from My Lip Filler\" \/>\n<meta property=\"og:description\" content=\"\u2765Buy Stylage L with Lidocaine (2 x 1ml) \u23e9 My Lip Filler online store \u27a6 Quality assurance, reviews, ingredients, best prices!\" \/>\n<meta property=\"og:url\" content=\"https:\/\/mylipfiller.com\/es\/stylage-l-with-lidocaine-2-x-1ml\/\" \/>\n<meta property=\"og:site_name\" content=\"My Lip Filler\" \/>\n<meta property=\"article:modified_time\" content=\"2024-08-05T11:02:05+00:00\" \/>\n<meta property=\"og:image\" content=\"https:\/\/cdn.mylipfiller.com\/wp-content\/uploads\/2019\/07\/Stylage-L-Lidocaine.jpg\" \/>\n\t<meta property=\"og:image:width\" content=\"600\" \/>\n\t<meta property=\"og:image:height\" content=\"600\" \/>\n\t<meta property=\"og:image:type\" content=\"image\/jpeg\" \/>\n<meta name=\"twitter:card\" content=\"summary_large_image\" \/>\n<meta name=\"twitter:label1\" content=\"Tiempo de lectura\" \/>\n\t<meta name=\"twitter:data1\" content=\"2 minutos\" \/>\n<script type=\"application\/ld+json\" class=\"yoast-schema-graph\">{\"@context\":\"https:\/\/schema.org\",\"@graph\":[{\"@type\":\"WebPage\",\"@id\":\"https:\/\/mylipfiller.com\/stylage-l-with-lidocaine-2-x-1ml\/\",\"url\":\"https:\/\/mylipfiller.com\/stylage-l-with-lidocaine-2-x-1ml\/\",\"name\":\"Buy Stylage L with Lidocaine (2 x 1ml) - Fillers from My Lip Filler\",\"isPartOf\":{\"@id\":\"https:\/\/mylipfiller.com\/#website\"},\"primaryImageOfPage\":{\"@id\":\"https:\/\/mylipfiller.com\/stylage-l-with-lidocaine-2-x-1ml\/#primaryimage\"},\"image\":{\"@id\":\"https:\/\/mylipfiller.com\/stylage-l-with-lidocaine-2-x-1ml\/#primaryimage\"},\"thumbnailUrl\":\"https:\/\/cdn.mylipfiller.com\/wp-content\/uploads\/2019\/07\/Stylage-L-Lidocaine.jpg\",\"datePublished\":\"2019-07-24T11:33:17+00:00\",\"dateModified\":\"2024-08-05T11:02:05+00:00\",\"description\":\"\u2765Buy Stylage L with Lidocaine (2 x 1ml) \u23e9 My Lip Filler online store \u27a6 Quality assurance, reviews, ingredients, best prices!\",\"breadcrumb\":{\"@id\":\"https:\/\/mylipfiller.com\/stylage-l-with-lidocaine-2-x-1ml\/#breadcrumb\"},\"inLanguage\":\"es\",\"potentialAction\":[{\"@type\":\"ReadAction\",\"target\":[\"https:\/\/mylipfiller.com\/stylage-l-with-lidocaine-2-x-1ml\/\"]}]},{\"@type\":\"ImageObject\",\"inLanguage\":\"es\",\"@id\":\"https:\/\/mylipfiller.com\/stylage-l-with-lidocaine-2-x-1ml\/#primaryimage\",\"url\":\"https:\/\/cdn.mylipfiller.com\/wp-content\/uploads\/2019\/07\/Stylage-L-Lidocaine.jpg\",\"contentUrl\":\"https:\/\/cdn.mylipfiller.com\/wp-content\/uploads\/2019\/07\/Stylage-L-Lidocaine.jpg\",\"width\":600,\"height\":600,\"caption\":\"Stylage L Lidocaine\"},{\"@type\":\"BreadcrumbList\",\"@id\":\"https:\/\/mylipfiller.com\/stylage-l-with-lidocaine-2-x-1ml\/#breadcrumb\",\"itemListElement\":[{\"@type\":\"ListItem\",\"position\":1,\"name\":\"Home\",\"item\":\"https:\/\/mylipfiller.com\/\"},{\"@type\":\"ListItem\",\"position\":2,\"name\":\"Shop\",\"item\":\"https:\/\/mylipfiller.com\/shop\/\"},{\"@type\":\"ListItem\",\"position\":3,\"name\":\"Stylage L with Lidocaine (2 x 1ml)\"}]},{\"@type\":\"WebSite\",\"@id\":\"https:\/\/mylipfiller.com\/#website\",\"url\":\"https:\/\/mylipfiller.com\/\",\"name\":\"My Lip Filler\",\"description\":\"Hyaluronic Acid Lip and Dermal Fillers\",\"publisher\":{\"@id\":\"https:\/\/mylipfiller.com\/#organization\"},\"potentialAction\":[{\"@type\":\"SearchAction\",\"target\":{\"@type\":\"EntryPoint\",\"urlTemplate\":\"https:\/\/mylipfiller.com\/?s={search_term_string}\"},\"query-input\":{\"@type\":\"PropertyValueSpecification\",\"valueRequired\":true,\"valueName\":\"search_term_string\"}}],\"inLanguage\":\"es\"},{\"@type\":\"Organization\",\"@id\":\"https:\/\/mylipfiller.com\/#organization\",\"name\":\"My Lip Filler\",\"url\":\"https:\/\/mylipfiller.com\/\",\"logo\":{\"@type\":\"ImageObject\",\"inLanguage\":\"es\",\"@id\":\"https:\/\/mylipfiller.com\/#\/schema\/logo\/image\/\",\"url\":\"https:\/\/cdn.mylipfiller.com\/wp-content\/uploads\/2019\/02\/cropped-My-Lip-Filler-Logo.png\",\"contentUrl\":\"https:\/\/cdn.mylipfiller.com\/wp-content\/uploads\/2019\/02\/cropped-My-Lip-Filler-Logo.png\",\"width\":240,\"height\":88,\"caption\":\"My Lip Filler\"},\"image\":{\"@id\":\"https:\/\/mylipfiller.com\/#\/schema\/logo\/image\/\"}}]}<\/script>\n<!-- \/ Yoast SEO plugin. -->","yoast_head_json":{"title":"Compre Stylage L con lidoca\u00edna (2 x 1 ml) - Rellenos de My Lip Filler","description":"\u2765Compra Stylage L con Lidoca\u00edna (2 x 1ml) \u23e9 Tienda online My Lip Filler \u27a6 Garant\u00eda de calidad, rese\u00f1as, ingredientes, \u00a1los mejores precios!","robots":{"index":"index","follow":"follow","max-snippet":"max-snippet:-1","max-image-preview":"max-image-preview:large","max-video-preview":"max-video-preview:-1"},"canonical":"https:\/\/mylipfiller.com\/es\/stylage-l-with-lidocaine-2-x-1ml\/","og_locale":"es_MX","og_type":"article","og_title":"Buy Stylage L with Lidocaine (2 x 1ml) - Fillers from My Lip Filler","og_description":"\u2765Buy Stylage L with Lidocaine (2 x 1ml) \u23e9 My Lip Filler online store \u27a6 Quality assurance, reviews, ingredients, best prices!","og_url":"https:\/\/mylipfiller.com\/es\/stylage-l-with-lidocaine-2-x-1ml\/","og_site_name":"My Lip Filler","article_modified_time":"2024-08-05T11:02:05+00:00","og_image":[{"width":600,"height":600,"url":"https:\/\/cdn.mylipfiller.com\/wp-content\/uploads\/2019\/07\/Stylage-L-Lidocaine.jpg","type":"image\/jpeg"}],"twitter_card":"summary_large_image","twitter_misc":{"Tiempo de lectura":"2 minutos"},"schema":{"@context":"https:\/\/schema.org","@graph":[{"@type":"WebPage","@id":"https:\/\/mylipfiller.com\/stylage-l-with-lidocaine-2-x-1ml\/","url":"https:\/\/mylipfiller.com\/stylage-l-with-lidocaine-2-x-1ml\/","name":"Compre Stylage L con lidoca\u00edna (2 x 1 ml) - Rellenos de My Lip Filler","isPartOf":{"@id":"https:\/\/mylipfiller.com\/#website"},"primaryImageOfPage":{"@id":"https:\/\/mylipfiller.com\/stylage-l-with-lidocaine-2-x-1ml\/#primaryimage"},"image":{"@id":"https:\/\/mylipfiller.com\/stylage-l-with-lidocaine-2-x-1ml\/#primaryimage"},"thumbnailUrl":"https:\/\/cdn.mylipfiller.com\/wp-content\/uploads\/2019\/07\/Stylage-L-Lidocaine.jpg","datePublished":"2019-07-24T11:33:17+00:00","dateModified":"2024-08-05T11:02:05+00:00","description":"\u2765Compra Stylage L con Lidoca\u00edna (2 x 1ml) \u23e9 Tienda online My Lip Filler \u27a6 Garant\u00eda de calidad, rese\u00f1as, ingredientes, \u00a1los mejores precios!","breadcrumb":{"@id":"https:\/\/mylipfiller.com\/stylage-l-with-lidocaine-2-x-1ml\/#breadcrumb"},"inLanguage":"es","potentialAction":[{"@type":"ReadAction","target":["https:\/\/mylipfiller.com\/stylage-l-with-lidocaine-2-x-1ml\/"]}]},{"@type":"ImageObject","inLanguage":"es","@id":"https:\/\/mylipfiller.com\/stylage-l-with-lidocaine-2-x-1ml\/#primaryimage","url":"https:\/\/cdn.mylipfiller.com\/wp-content\/uploads\/2019\/07\/Stylage-L-Lidocaine.jpg","contentUrl":"https:\/\/cdn.mylipfiller.com\/wp-content\/uploads\/2019\/07\/Stylage-L-Lidocaine.jpg","width":600,"height":600,"caption":"Stylage L Lidocaine"},{"@type":"BreadcrumbList","@id":"https:\/\/mylipfiller.com\/stylage-l-with-lidocaine-2-x-1ml\/#breadcrumb","itemListElement":[{"@type":"ListItem","position":1,"name":"Home","item":"https:\/\/mylipfiller.com\/"},{"@type":"ListItem","position":2,"name":"Shop","item":"https:\/\/mylipfiller.com\/shop\/"},{"@type":"ListItem","position":3,"name":"Stylage L with Lidocaine (2 x 1ml)"}]},{"@type":"WebSite","@id":"https:\/\/mylipfiller.com\/#website","url":"https:\/\/mylipfiller.com\/","name":"Mi relleno de labios","description":"Rellenos d\u00e9rmicos y de labios con \u00e1cido hialur\u00f3nico","publisher":{"@id":"https:\/\/mylipfiller.com\/#organization"},"potentialAction":[{"@type":"SearchAction","target":{"@type":"EntryPoint","urlTemplate":"https:\/\/mylipfiller.com\/?s={search_term_string}"},"query-input":{"@type":"PropertyValueSpecification","valueRequired":true,"valueName":"search_term_string"}}],"inLanguage":"es"},{"@type":"Organization","@id":"https:\/\/mylipfiller.com\/#organization","name":"Mi relleno de labios","url":"https:\/\/mylipfiller.com\/","logo":{"@type":"ImageObject","inLanguage":"es","@id":"https:\/\/mylipfiller.com\/#\/schema\/logo\/image\/","url":"https:\/\/cdn.mylipfiller.com\/wp-content\/uploads\/2019\/02\/cropped-My-Lip-Filler-Logo.png","contentUrl":"https:\/\/cdn.mylipfiller.com\/wp-content\/uploads\/2019\/02\/cropped-My-Lip-Filler-Logo.png","width":240,"height":88,"caption":"My Lip Filler"},"image":{"@id":"https:\/\/mylipfiller.com\/#\/schema\/logo\/image\/"}}]}},"_links":{"self":[{"href":"https:\/\/mylipfiller.com\/es\/wp-json\/wp\/v2\/product\/2955","targetHints":{"allow":["GET"]}}],"collection":[{"href":"https:\/\/mylipfiller.com\/es\/wp-json\/wp\/v2\/product"}],"about":[{"href":"https:\/\/mylipfiller.com\/es\/wp-json\/wp\/v2\/types\/product"}],"wp:featuredmedia":[{"embeddable":true,"href":"https:\/\/mylipfiller.com\/es\/wp-json\/wp\/v2\/media\/2960"}],"wp:attachment":[{"href":"https:\/\/mylipfiller.com\/es\/wp-json\/wp\/v2\/media?parent=2955"}],"wp:term":[{"taxonomy":"product_brand","embeddable":true,"href":"https:\/\/mylipfiller.com\/es\/wp-json\/wp\/v2\/product_brand?post=2955"},{"taxonomy":"product_cat","embeddable":true,"href":"https:\/\/mylipfiller.com\/es\/wp-json\/wp\/v2\/product_cat?post=2955"},{"taxonomy":"product_tag","embeddable":true,"href":"https:\/\/mylipfiller.com\/es\/wp-json\/wp\/v2\/product_tag?post=2955"}],"curies":[{"name":"gracias","href":"https:\/\/api.w.org\/{rel}","templated":true}]}}