{"id":2956,"date":"2019-07-24T13:33:12","date_gmt":"2019-07-24T11:33:12","guid":{"rendered":"https:\/\/mylipfiller.com\/?post_type=product&#038;p=2956"},"modified":"2024-07-03T17:32:57","modified_gmt":"2024-07-03T15:32:57","slug":"stylage-hydro-1-x-1ml","status":"publish","type":"product","link":"https:\/\/mylipfiller.com\/es\/stylage-hydro-1-x-1ml\/","title":{"rendered":"Stylage Hydro (1 x 1 ml)"},"content":{"rendered":"<h3>Mesoterapia eficaz de una nueva generaci\u00f3n.<\/h3>\n<p>Cada jeringa precargada de Stylage Hydro contiene 14 mg \/ ml de HA reticulado derivado de un proceso llamado biofermantaci\u00f3n. Esto hace que esta soluci\u00f3n de mesoterapia \u00fanica est\u00e9 libre de riesgos, ya que no contiene ingredientes de origen animal y no representa una amenaza de efectos adversos. Gracias a la presencia de <u>\u00e1cido hialur\u00f3nico de alta calidad<\/u> en este producto, los pacientes disfrutan de:<\/p>\n<ul>\n<li>Una piel bien hidratada que tiene un mejor tono y una estructura mejorada<\/li>\n<li>Apariencia suavizada de l\u00edneas y arrugas faciales<\/li>\n<li>Un brillo juvenil y natural.<\/li>\n<li>Textura de piel m\u00e1s firme<\/li>\n<\/ul>\n<p>Los antioxidantes que se incluyen en este avanzado producto de mesoterapia rejuvenecedor de la piel tambi\u00e9n juegan un papel importante. Hacen que la HA sea m\u00e1s resistente a la degradaci\u00f3n y, de esa manera, considerablemente <em>prolongar los fant\u00e1sticos efectos anti-envejecimiento<\/em> de esta innovadora soluci\u00f3n, haci\u00e9ndola varias veces m\u00e1s duradera que la mayor\u00eda de los productos de clase mundial en este nicho de mercado.<\/p>\n<h3>Protocolo de inyecci\u00f3n recomendado<\/h3>\n<p>Stylage Hydro es un <u>inyecci\u00f3n de mesoterapia de primera calidad<\/u> que est\u00e1 dise\u00f1ado para ser aplicado en las capas superficiales de la dermis con una aguja est\u00e9tica superfina. Para que los pacientes disfruten de los mejores resultados antienvejecimiento posibles, se recomienda a cirujanos est\u00e9ticos y dermat\u00f3logos est\u00e9ticos capacitados que realicen 3 sesiones de inyecci\u00f3n separadas. Cada uno de ellos debe programarse dentro de las 3 semanas siguientes a los dem\u00e1s. Entonces el tratamiento debe ser <em>repetido cada 3 a 6 meses<\/em>. \u00a1P\u00eddelo hoy a trav\u00e9s de My Lip Filler!<\/p>","protected":false},"excerpt":{"rendered":"<p>Para un tono de piel muy mejorado, un efecto antienvejecimiento robusto y una hidrataci\u00f3n profunda de la piel, conf\u00ede siempre en <strong>Stylage Hydro<\/strong>. Esta <em>producto innovador de mesoterapia<\/em> by Laboratories VIVACY se aplica mediante un procedimiento de inyecci\u00f3n que ahorra tiempo y, sin embargo, ofrece resultados de rejuvenecimiento cosm\u00e9tico duraderos. Contiene \u00c1cido Hialur\u00f3nico esterilizado y el antioxidante especial Manitol. Es por eso que sus efectos son tan impresionantes y por qu\u00e9 nosotros, en My Lip Filler, hemos incluido este producto de primer nivel en nuestro cat\u00e1logo.<\/p>","protected":false},"featured_media":2961,"template":"","meta":{"_acf_changed":false},"product_brand":[],"product_cat":[18,32,51,181],"product_tag":[138,144,125,111,126,136,151,117,147,129,143,146,119,148,127],"class_list":{"0":"post-2956","1":"product","2":"type-product","3":"status-publish","4":"has-post-thumbnail","6":"product_cat-mesotherapy","7":"product_cat-soft","8":"product_cat-stylage","9":"product_cat-vivacy","10":"product_tag-anti-aging","11":"product_tag-anti-wrinkle","12":"product_tag-crows-feet","13":"product_tag-face","14":"product_tag-fine-lines","15":"product_tag-france","16":"product_tag-hyaluronic-acid-ha-fillers","17":"product_tag-low-density","18":"product_tag-moisturizing","19":"product_tag-neck-wrinkles","20":"product_tag-rejuvenating","21":"product_tag-smoothing","22":"product_tag-up-to-9-months","23":"product_tag-upper-dermis","24":"product_tag-wrinkles-around-the-eyes","26":"first","27":"outofstock","28":"taxable","29":"shipping-taxable","30":"purchasable","31":"product-type-simple"},"acf":[],"yoast_head":"<!-- This site is optimized with the Yoast SEO plugin v27.2 - https:\/\/yoast.com\/product\/yoast-seo-wordpress\/ -->\n<title>Buy Stylage Hydro (1 x 1ml) - Fillers from My Lip Filler<\/title>\n<meta name=\"description\" content=\"\u2765Buy Stylage Hydro (1 x 1ml) \u23e9 My Lip Filler online store \u27a6 Quality assurance, reviews, ingredients, best prices!\" \/>\n<meta name=\"robots\" content=\"index, follow, max-snippet:-1, max-image-preview:large, max-video-preview:-1\" \/>\n<link rel=\"canonical\" href=\"https:\/\/mylipfiller.com\/es\/stylage-hydro-1-x-1ml\/\" \/>\n<meta property=\"og:locale\" content=\"es_MX\" \/>\n<meta property=\"og:type\" content=\"article\" \/>\n<meta property=\"og:title\" content=\"Buy Stylage Hydro (1 x 1ml) - Fillers from My Lip Filler\" \/>\n<meta property=\"og:description\" content=\"\u2765Buy Stylage Hydro (1 x 1ml) \u23e9 My Lip Filler online store \u27a6 Quality assurance, reviews, ingredients, best prices!\" \/>\n<meta property=\"og:url\" content=\"https:\/\/mylipfiller.com\/es\/stylage-hydro-1-x-1ml\/\" \/>\n<meta property=\"og:site_name\" content=\"My Lip Filler\" \/>\n<meta property=\"article:modified_time\" content=\"2024-07-03T15:32:57+00:00\" \/>\n<meta property=\"og:image\" content=\"https:\/\/cdn.mylipfiller.com\/wp-content\/uploads\/2019\/07\/Stylage-Hydro.jpg\" \/>\n\t<meta property=\"og:image:width\" content=\"600\" \/>\n\t<meta property=\"og:image:height\" content=\"600\" \/>\n\t<meta property=\"og:image:type\" content=\"image\/jpeg\" \/>\n<meta name=\"twitter:card\" content=\"summary_large_image\" \/>\n<meta name=\"twitter:label1\" content=\"Tiempo de lectura\" \/>\n\t<meta name=\"twitter:data1\" content=\"2 minutos\" \/>\n<script type=\"application\/ld+json\" class=\"yoast-schema-graph\">{\"@context\":\"https:\/\/schema.org\",\"@graph\":[{\"@type\":\"WebPage\",\"@id\":\"https:\/\/mylipfiller.com\/stylage-hydro-1-x-1ml\/\",\"url\":\"https:\/\/mylipfiller.com\/stylage-hydro-1-x-1ml\/\",\"name\":\"Buy Stylage Hydro (1 x 1ml) - Fillers from My Lip Filler\",\"isPartOf\":{\"@id\":\"https:\/\/mylipfiller.com\/#website\"},\"primaryImageOfPage\":{\"@id\":\"https:\/\/mylipfiller.com\/stylage-hydro-1-x-1ml\/#primaryimage\"},\"image\":{\"@id\":\"https:\/\/mylipfiller.com\/stylage-hydro-1-x-1ml\/#primaryimage\"},\"thumbnailUrl\":\"https:\/\/cdn.mylipfiller.com\/wp-content\/uploads\/2019\/07\/Stylage-Hydro.jpg\",\"datePublished\":\"2019-07-24T11:33:12+00:00\",\"dateModified\":\"2024-07-03T15:32:57+00:00\",\"description\":\"\u2765Buy Stylage Hydro (1 x 1ml) \u23e9 My Lip Filler online store \u27a6 Quality assurance, reviews, ingredients, best prices!\",\"breadcrumb\":{\"@id\":\"https:\/\/mylipfiller.com\/stylage-hydro-1-x-1ml\/#breadcrumb\"},\"inLanguage\":\"es\",\"potentialAction\":[{\"@type\":\"ReadAction\",\"target\":[\"https:\/\/mylipfiller.com\/stylage-hydro-1-x-1ml\/\"]}]},{\"@type\":\"ImageObject\",\"inLanguage\":\"es\",\"@id\":\"https:\/\/mylipfiller.com\/stylage-hydro-1-x-1ml\/#primaryimage\",\"url\":\"https:\/\/cdn.mylipfiller.com\/wp-content\/uploads\/2019\/07\/Stylage-Hydro.jpg\",\"contentUrl\":\"https:\/\/cdn.mylipfiller.com\/wp-content\/uploads\/2019\/07\/Stylage-Hydro.jpg\",\"width\":600,\"height\":600,\"caption\":\"Stylage Hydro\"},{\"@type\":\"BreadcrumbList\",\"@id\":\"https:\/\/mylipfiller.com\/stylage-hydro-1-x-1ml\/#breadcrumb\",\"itemListElement\":[{\"@type\":\"ListItem\",\"position\":1,\"name\":\"Home\",\"item\":\"https:\/\/mylipfiller.com\/\"},{\"@type\":\"ListItem\",\"position\":2,\"name\":\"Shop\",\"item\":\"https:\/\/mylipfiller.com\/shop\/\"},{\"@type\":\"ListItem\",\"position\":3,\"name\":\"Stylage Hydro (1 x 1ml)\"}]},{\"@type\":\"WebSite\",\"@id\":\"https:\/\/mylipfiller.com\/#website\",\"url\":\"https:\/\/mylipfiller.com\/\",\"name\":\"My Lip Filler\",\"description\":\"Hyaluronic Acid Lip and Dermal Fillers\",\"publisher\":{\"@id\":\"https:\/\/mylipfiller.com\/#organization\"},\"potentialAction\":[{\"@type\":\"SearchAction\",\"target\":{\"@type\":\"EntryPoint\",\"urlTemplate\":\"https:\/\/mylipfiller.com\/?s={search_term_string}\"},\"query-input\":{\"@type\":\"PropertyValueSpecification\",\"valueRequired\":true,\"valueName\":\"search_term_string\"}}],\"inLanguage\":\"es\"},{\"@type\":\"Organization\",\"@id\":\"https:\/\/mylipfiller.com\/#organization\",\"name\":\"My Lip Filler\",\"url\":\"https:\/\/mylipfiller.com\/\",\"logo\":{\"@type\":\"ImageObject\",\"inLanguage\":\"es\",\"@id\":\"https:\/\/mylipfiller.com\/#\/schema\/logo\/image\/\",\"url\":\"https:\/\/cdn.mylipfiller.com\/wp-content\/uploads\/2019\/02\/cropped-My-Lip-Filler-Logo.png\",\"contentUrl\":\"https:\/\/cdn.mylipfiller.com\/wp-content\/uploads\/2019\/02\/cropped-My-Lip-Filler-Logo.png\",\"width\":240,\"height\":88,\"caption\":\"My Lip Filler\"},\"image\":{\"@id\":\"https:\/\/mylipfiller.com\/#\/schema\/logo\/image\/\"}}]}<\/script>\n<!-- \/ Yoast SEO plugin. -->","yoast_head_json":{"title":"Comprar Stylage Hydro (1 x 1ml) - Rellenos de My Lip Filler","description":"\u2765Compra Stylage Hydro (1 x 1ml) \u23e9 Tienda online My Lip Filler \u27a6 Garant\u00eda de calidad, rese\u00f1as, ingredientes, \u00a1los mejores precios!","robots":{"index":"index","follow":"follow","max-snippet":"max-snippet:-1","max-image-preview":"max-image-preview:large","max-video-preview":"max-video-preview:-1"},"canonical":"https:\/\/mylipfiller.com\/es\/stylage-hydro-1-x-1ml\/","og_locale":"es_MX","og_type":"article","og_title":"Buy Stylage Hydro (1 x 1ml) - Fillers from My Lip Filler","og_description":"\u2765Buy Stylage Hydro (1 x 1ml) \u23e9 My Lip Filler online store \u27a6 Quality assurance, reviews, ingredients, best prices!","og_url":"https:\/\/mylipfiller.com\/es\/stylage-hydro-1-x-1ml\/","og_site_name":"My Lip Filler","article_modified_time":"2024-07-03T15:32:57+00:00","og_image":[{"width":600,"height":600,"url":"https:\/\/cdn.mylipfiller.com\/wp-content\/uploads\/2019\/07\/Stylage-Hydro.jpg","type":"image\/jpeg"}],"twitter_card":"summary_large_image","twitter_misc":{"Tiempo de lectura":"2 minutos"},"schema":{"@context":"https:\/\/schema.org","@graph":[{"@type":"WebPage","@id":"https:\/\/mylipfiller.com\/stylage-hydro-1-x-1ml\/","url":"https:\/\/mylipfiller.com\/stylage-hydro-1-x-1ml\/","name":"Comprar Stylage Hydro (1 x 1ml) - Rellenos de My Lip Filler","isPartOf":{"@id":"https:\/\/mylipfiller.com\/#website"},"primaryImageOfPage":{"@id":"https:\/\/mylipfiller.com\/stylage-hydro-1-x-1ml\/#primaryimage"},"image":{"@id":"https:\/\/mylipfiller.com\/stylage-hydro-1-x-1ml\/#primaryimage"},"thumbnailUrl":"https:\/\/cdn.mylipfiller.com\/wp-content\/uploads\/2019\/07\/Stylage-Hydro.jpg","datePublished":"2019-07-24T11:33:12+00:00","dateModified":"2024-07-03T15:32:57+00:00","description":"\u2765Compra Stylage Hydro (1 x 1ml) \u23e9 Tienda online My Lip Filler \u27a6 Garant\u00eda de calidad, rese\u00f1as, ingredientes, \u00a1los mejores precios!","breadcrumb":{"@id":"https:\/\/mylipfiller.com\/stylage-hydro-1-x-1ml\/#breadcrumb"},"inLanguage":"es","potentialAction":[{"@type":"ReadAction","target":["https:\/\/mylipfiller.com\/stylage-hydro-1-x-1ml\/"]}]},{"@type":"ImageObject","inLanguage":"es","@id":"https:\/\/mylipfiller.com\/stylage-hydro-1-x-1ml\/#primaryimage","url":"https:\/\/cdn.mylipfiller.com\/wp-content\/uploads\/2019\/07\/Stylage-Hydro.jpg","contentUrl":"https:\/\/cdn.mylipfiller.com\/wp-content\/uploads\/2019\/07\/Stylage-Hydro.jpg","width":600,"height":600,"caption":"Stylage Hydro"},{"@type":"BreadcrumbList","@id":"https:\/\/mylipfiller.com\/stylage-hydro-1-x-1ml\/#breadcrumb","itemListElement":[{"@type":"ListItem","position":1,"name":"Home","item":"https:\/\/mylipfiller.com\/"},{"@type":"ListItem","position":2,"name":"Shop","item":"https:\/\/mylipfiller.com\/shop\/"},{"@type":"ListItem","position":3,"name":"Stylage Hydro (1 x 1ml)"}]},{"@type":"WebSite","@id":"https:\/\/mylipfiller.com\/#website","url":"https:\/\/mylipfiller.com\/","name":"Mi relleno de labios","description":"Rellenos d\u00e9rmicos y de labios con \u00e1cido hialur\u00f3nico","publisher":{"@id":"https:\/\/mylipfiller.com\/#organization"},"potentialAction":[{"@type":"SearchAction","target":{"@type":"EntryPoint","urlTemplate":"https:\/\/mylipfiller.com\/?s={search_term_string}"},"query-input":{"@type":"PropertyValueSpecification","valueRequired":true,"valueName":"search_term_string"}}],"inLanguage":"es"},{"@type":"Organization","@id":"https:\/\/mylipfiller.com\/#organization","name":"Mi relleno de labios","url":"https:\/\/mylipfiller.com\/","logo":{"@type":"ImageObject","inLanguage":"es","@id":"https:\/\/mylipfiller.com\/#\/schema\/logo\/image\/","url":"https:\/\/cdn.mylipfiller.com\/wp-content\/uploads\/2019\/02\/cropped-My-Lip-Filler-Logo.png","contentUrl":"https:\/\/cdn.mylipfiller.com\/wp-content\/uploads\/2019\/02\/cropped-My-Lip-Filler-Logo.png","width":240,"height":88,"caption":"My Lip Filler"},"image":{"@id":"https:\/\/mylipfiller.com\/#\/schema\/logo\/image\/"}}]}},"_links":{"self":[{"href":"https:\/\/mylipfiller.com\/es\/wp-json\/wp\/v2\/product\/2956","targetHints":{"allow":["GET"]}}],"collection":[{"href":"https:\/\/mylipfiller.com\/es\/wp-json\/wp\/v2\/product"}],"about":[{"href":"https:\/\/mylipfiller.com\/es\/wp-json\/wp\/v2\/types\/product"}],"wp:featuredmedia":[{"embeddable":true,"href":"https:\/\/mylipfiller.com\/es\/wp-json\/wp\/v2\/media\/2961"}],"wp:attachment":[{"href":"https:\/\/mylipfiller.com\/es\/wp-json\/wp\/v2\/media?parent=2956"}],"wp:term":[{"taxonomy":"product_brand","embeddable":true,"href":"https:\/\/mylipfiller.com\/es\/wp-json\/wp\/v2\/product_brand?post=2956"},{"taxonomy":"product_cat","embeddable":true,"href":"https:\/\/mylipfiller.com\/es\/wp-json\/wp\/v2\/product_cat?post=2956"},{"taxonomy":"product_tag","embeddable":true,"href":"https:\/\/mylipfiller.com\/es\/wp-json\/wp\/v2\/product_tag?post=2956"}],"curies":[{"name":"gracias","href":"https:\/\/api.w.org\/{rel}","templated":true}]}}