{"id":2968,"date":"2019-07-24T15:34:13","date_gmt":"2019-07-24T13:34:13","guid":{"rendered":"https:\/\/mylipfiller.com\/?post_type=product&#038;p=2968"},"modified":"2024-07-03T17:32:56","modified_gmt":"2024-07-03T15:32:56","slug":"filler-x-pcl-ha-filler-1-x-1ml","status":"publish","type":"product","link":"https:\/\/mylipfiller.com\/es\/filler-x-pcl-ha-filler-1-x-1ml\/","title":{"rendered":"Relleno X (relleno PCL + HA) - 1 x 1 ml"},"content":{"rendered":"<h3>El mejor relleno d\u00e9rmico nuevo del mundo<\/h3>\n<p>Aunque Filler X se lanz\u00f3 al mercado global hace relativamente poco tiempo, ya hab\u00eda generado bastante revuelo. Eso tiene mucho que ver con el hecho de que es un producto bastante \u00fanico. Est\u00e1 <em>un relleno de \u00e1cido hialur\u00f3nico modificado que tambi\u00e9n contiene PCL<\/em>, tambi\u00e9n conocida como policaprolactona, de ah\u00ed sus inmejorables efectos longevidad (2-4 a\u00f1os) y polivalente aplicaci\u00f3n que se puede resumir de la siguiente manera:<\/p>\n<ul>\n<li>Reducci\u00f3n r\u00e1pida de arrugas y pliegues (por ejemplo, pliegues nasolabiales)<\/li>\n<li>Remodelaci\u00f3n segura del puente nasal<\/li>\n<li>Aumento de ment\u00f3n m\u00ednimamente invasivo<\/li>\n<li>Realce de mejillas sin dolor<\/li>\n<li>Hidrataci\u00f3n profunda de la piel.<\/li>\n<\/ul>\n<p>Este excelente producto rejuvenecedor de la piel se disuelve gradualmente hasta desaparecer por completo, sin dejar rastros en el cuerpo del paciente. No es t\u00f3xico y est\u00e1 probado que es totalmente biocompatible. En pocas palabras, <u>los efectos secundarios no est\u00e1n en el men\u00fa<\/u> con esta pionera inyecci\u00f3n de relleno.<\/p>\n<h3>Filler X como un potente refuerzo de col\u00e1geno<\/h3>\n<p>El PCL es un pol\u00edmero y, como tal, el organismo humano lo reconoce como un cuerpo extra\u00f1o. Esto desencadena un proceso sin riesgos que <em>aumenta la producci\u00f3n de col\u00e1geno<\/em> y alisa y rejuvenece a\u00fan m\u00e1s la piel del paciente. Este efecto comienza alrededor de 4-6 semanas despu\u00e9s de la sesi\u00f3n de inyecci\u00f3n inicial y dura hasta que el implante de gel se degrada por completo y desaparece.<\/p>\n<p>El relleno X es un <u>relleno HA \u00fanico en su tipo<\/u> que puede comprar a trav\u00e9s de My Lip Filler con un clic del mouse.<\/p>","protected":false},"excerpt":{"rendered":"<p><em>Relleno X<\/em> es uno de los m\u00e1s <u>inyecciones de relleno d\u00e9rmico duraderas<\/u> de la exquisita gama antienvejecimiento de GANA I + D y posiblemente en el mercado global en su conjunto. Vendida por My Lip Filler, esta soluci\u00f3n de rejuvenecimiento cosm\u00e9tico de nueva generaci\u00f3n tiene una duraci\u00f3n de hasta 4 a\u00f1os porque tambi\u00e9n presenta una peque\u00f1a cantidad de PCL. Esta es tambi\u00e9n la raz\u00f3n por la que <em>aumenta constantemente los niveles de col\u00e1geno<\/em> en la piel para obtener resultados antiarrugas a\u00fan m\u00e1s naturales.<\/p>","protected":false},"featured_media":2979,"template":"","meta":{"_acf_changed":false},"product_brand":[],"product_cat":[52,162,34,18],"product_tag":[123,131,115,114,111,118,142,135,137,124],"class_list":{"0":"post-2968","1":"product","2":"type-product","3":"status-publish","4":"has-post-thumbnail","6":"product_cat-gana","7":"product_cat-gana-rd","8":"product_cat-hard","9":"product_cat-mesotherapy","10":"product_tag-asymmetry","11":"product_tag-cheekbone-contour","12":"product_tag-cheekbones","13":"product_tag-chin","14":"product_tag-face","15":"product_tag-high-density","16":"product_tag-modeling","17":"product_tag-small-chin","18":"product_tag-south-korea","19":"product_tag-volume","21":"first","22":"outofstock","23":"taxable","24":"shipping-taxable","25":"purchasable","26":"product-type-simple"},"acf":[],"yoast_head":"<!-- This site is optimized with the Yoast SEO plugin v27.3 - https:\/\/yoast.com\/product\/yoast-seo-wordpress\/ -->\n<title>Buy Filler X (PCL + HA filler) \u2013 1 x 1ml - Fillers from My Lip Filler<\/title>\n<meta name=\"description\" content=\"\u2765Buy Filler X (PCL + HA filler) \u2013 1 x 1ml \u23e9 My Lip Filler online store \u27a6 Quality assurance, reviews, ingredients, best prices!\" \/>\n<meta name=\"robots\" content=\"index, follow, max-snippet:-1, max-image-preview:large, max-video-preview:-1\" \/>\n<link rel=\"canonical\" href=\"https:\/\/mylipfiller.com\/es\/filler-x-pcl-ha-filler-1-x-1ml\/\" \/>\n<meta property=\"og:locale\" content=\"es_MX\" \/>\n<meta property=\"og:type\" content=\"article\" \/>\n<meta property=\"og:title\" content=\"Buy Filler X (PCL + HA filler) \u2013 1 x 1ml - Fillers from My Lip Filler\" \/>\n<meta property=\"og:description\" content=\"\u2765Buy Filler X (PCL + HA filler) \u2013 1 x 1ml \u23e9 My Lip Filler online store \u27a6 Quality assurance, reviews, ingredients, best prices!\" \/>\n<meta property=\"og:url\" content=\"https:\/\/mylipfiller.com\/es\/filler-x-pcl-ha-filler-1-x-1ml\/\" \/>\n<meta property=\"og:site_name\" content=\"My Lip Filler\" \/>\n<meta property=\"article:modified_time\" content=\"2024-07-03T15:32:56+00:00\" \/>\n<meta property=\"og:image\" content=\"https:\/\/cdn.mylipfiller.com\/wp-content\/uploads\/2019\/07\/Filler-X.jpg\" \/>\n\t<meta property=\"og:image:width\" content=\"600\" \/>\n\t<meta property=\"og:image:height\" content=\"600\" \/>\n\t<meta property=\"og:image:type\" content=\"image\/jpeg\" \/>\n<meta name=\"twitter:card\" content=\"summary_large_image\" \/>\n<meta name=\"twitter:label1\" content=\"Tiempo de lectura\" \/>\n\t<meta name=\"twitter:data1\" content=\"2 minutos\" \/>\n<script type=\"application\/ld+json\" class=\"yoast-schema-graph\">{\"@context\":\"https:\\\/\\\/schema.org\",\"@graph\":[{\"@type\":\"WebPage\",\"@id\":\"https:\\\/\\\/mylipfiller.com\\\/filler-x-pcl-ha-filler-1-x-1ml\\\/\",\"url\":\"https:\\\/\\\/mylipfiller.com\\\/filler-x-pcl-ha-filler-1-x-1ml\\\/\",\"name\":\"Buy Filler X (PCL + HA filler) \u2013 1 x 1ml - Fillers from My Lip Filler\",\"isPartOf\":{\"@id\":\"https:\\\/\\\/mylipfiller.com\\\/#website\"},\"primaryImageOfPage\":{\"@id\":\"https:\\\/\\\/mylipfiller.com\\\/filler-x-pcl-ha-filler-1-x-1ml\\\/#primaryimage\"},\"image\":{\"@id\":\"https:\\\/\\\/mylipfiller.com\\\/filler-x-pcl-ha-filler-1-x-1ml\\\/#primaryimage\"},\"thumbnailUrl\":\"https:\\\/\\\/mylipfiller.com\\\/wp-content\\\/uploads\\\/2019\\\/07\\\/Filler-X.jpg\",\"datePublished\":\"2019-07-24T13:34:13+00:00\",\"dateModified\":\"2024-07-03T15:32:56+00:00\",\"description\":\"\u2765Buy Filler X (PCL + HA filler) \u2013 1 x 1ml \u23e9 My Lip Filler online store \u27a6 Quality assurance, reviews, ingredients, best prices!\",\"breadcrumb\":{\"@id\":\"https:\\\/\\\/mylipfiller.com\\\/filler-x-pcl-ha-filler-1-x-1ml\\\/#breadcrumb\"},\"inLanguage\":\"es\",\"potentialAction\":[{\"@type\":\"ReadAction\",\"target\":[\"https:\\\/\\\/mylipfiller.com\\\/filler-x-pcl-ha-filler-1-x-1ml\\\/\"]}]},{\"@type\":\"ImageObject\",\"inLanguage\":\"es\",\"@id\":\"https:\\\/\\\/mylipfiller.com\\\/filler-x-pcl-ha-filler-1-x-1ml\\\/#primaryimage\",\"url\":\"https:\\\/\\\/mylipfiller.com\\\/wp-content\\\/uploads\\\/2019\\\/07\\\/Filler-X.jpg\",\"contentUrl\":\"https:\\\/\\\/mylipfiller.com\\\/wp-content\\\/uploads\\\/2019\\\/07\\\/Filler-X.jpg\",\"width\":600,\"height\":600,\"caption\":\"Filler X\"},{\"@type\":\"BreadcrumbList\",\"@id\":\"https:\\\/\\\/mylipfiller.com\\\/filler-x-pcl-ha-filler-1-x-1ml\\\/#breadcrumb\",\"itemListElement\":[{\"@type\":\"ListItem\",\"position\":1,\"name\":\"Home\",\"item\":\"https:\\\/\\\/mylipfiller.com\\\/\"},{\"@type\":\"ListItem\",\"position\":2,\"name\":\"Shop\",\"item\":\"https:\\\/\\\/mylipfiller.com\\\/shop\\\/\"},{\"@type\":\"ListItem\",\"position\":3,\"name\":\"Filler X (PCL + HA filler) \u2013 1 x 1ml\"}]},{\"@type\":\"WebSite\",\"@id\":\"https:\\\/\\\/mylipfiller.com\\\/#website\",\"url\":\"https:\\\/\\\/mylipfiller.com\\\/\",\"name\":\"My Lip Filler\",\"description\":\"Hyaluronic Acid Lip and Dermal Fillers\",\"publisher\":{\"@id\":\"https:\\\/\\\/mylipfiller.com\\\/#organization\"},\"potentialAction\":[{\"@type\":\"SearchAction\",\"target\":{\"@type\":\"EntryPoint\",\"urlTemplate\":\"https:\\\/\\\/mylipfiller.com\\\/?s={search_term_string}\"},\"query-input\":{\"@type\":\"PropertyValueSpecification\",\"valueRequired\":true,\"valueName\":\"search_term_string\"}}],\"inLanguage\":\"es\"},{\"@type\":\"Organization\",\"@id\":\"https:\\\/\\\/mylipfiller.com\\\/#organization\",\"name\":\"My Lip Filler\",\"url\":\"https:\\\/\\\/mylipfiller.com\\\/\",\"logo\":{\"@type\":\"ImageObject\",\"inLanguage\":\"es\",\"@id\":\"https:\\\/\\\/mylipfiller.com\\\/#\\\/schema\\\/logo\\\/image\\\/\",\"url\":\"https:\\\/\\\/mylipfiller.com\\\/wp-content\\\/uploads\\\/2019\\\/02\\\/cropped-My-Lip-Filler-Logo.png\",\"contentUrl\":\"https:\\\/\\\/mylipfiller.com\\\/wp-content\\\/uploads\\\/2019\\\/02\\\/cropped-My-Lip-Filler-Logo.png\",\"width\":240,\"height\":88,\"caption\":\"My Lip Filler\"},\"image\":{\"@id\":\"https:\\\/\\\/mylipfiller.com\\\/#\\\/schema\\\/logo\\\/image\\\/\"}}]}<\/script>\n<!-- \/ Yoast SEO plugin. -->","yoast_head_json":{"title":"Compre Filler X (PCL + relleno HA) - 1 x 1 ml - Rellenos de My Lip Filler","description":"\u2765Compre Filler X (PCL + relleno HA) - 1 x 1 ml \u23e9 Tienda online My Lip Filler \u27a6 Garant\u00eda de calidad, rese\u00f1as, ingredientes, \u00a1los mejores precios!","robots":{"index":"index","follow":"follow","max-snippet":"max-snippet:-1","max-image-preview":"max-image-preview:large","max-video-preview":"max-video-preview:-1"},"canonical":"https:\/\/mylipfiller.com\/es\/filler-x-pcl-ha-filler-1-x-1ml\/","og_locale":"es_MX","og_type":"article","og_title":"Buy Filler X (PCL + HA filler) \u2013 1 x 1ml - Fillers from My Lip Filler","og_description":"\u2765Buy Filler X (PCL + HA filler) \u2013 1 x 1ml \u23e9 My Lip Filler online store \u27a6 Quality assurance, reviews, ingredients, best prices!","og_url":"https:\/\/mylipfiller.com\/es\/filler-x-pcl-ha-filler-1-x-1ml\/","og_site_name":"My Lip Filler","article_modified_time":"2024-07-03T15:32:56+00:00","og_image":[{"width":600,"height":600,"url":"https:\/\/cdn.mylipfiller.com\/wp-content\/uploads\/2019\/07\/Filler-X.jpg","type":"image\/jpeg"}],"twitter_card":"summary_large_image","twitter_misc":{"Tiempo de lectura":"2 minutos"},"schema":{"@context":"https:\/\/schema.org","@graph":[{"@type":"WebPage","@id":"https:\/\/mylipfiller.com\/filler-x-pcl-ha-filler-1-x-1ml\/","url":"https:\/\/mylipfiller.com\/filler-x-pcl-ha-filler-1-x-1ml\/","name":"Compre Filler X (PCL + relleno HA) - 1 x 1 ml - Rellenos de My Lip Filler","isPartOf":{"@id":"https:\/\/mylipfiller.com\/#website"},"primaryImageOfPage":{"@id":"https:\/\/mylipfiller.com\/filler-x-pcl-ha-filler-1-x-1ml\/#primaryimage"},"image":{"@id":"https:\/\/mylipfiller.com\/filler-x-pcl-ha-filler-1-x-1ml\/#primaryimage"},"thumbnailUrl":"https:\/\/cdn.mylipfiller.com\/wp-content\/uploads\/2019\/07\/Filler-X.jpg","datePublished":"2019-07-24T13:34:13+00:00","dateModified":"2024-07-03T15:32:56+00:00","description":"\u2765Compre Filler X (PCL + relleno HA) - 1 x 1 ml \u23e9 Tienda online My Lip Filler \u27a6 Garant\u00eda de calidad, rese\u00f1as, ingredientes, \u00a1los mejores precios!","breadcrumb":{"@id":"https:\/\/mylipfiller.com\/filler-x-pcl-ha-filler-1-x-1ml\/#breadcrumb"},"inLanguage":"es","potentialAction":[{"@type":"ReadAction","target":["https:\/\/mylipfiller.com\/filler-x-pcl-ha-filler-1-x-1ml\/"]}]},{"@type":"ImageObject","inLanguage":"es","@id":"https:\/\/mylipfiller.com\/filler-x-pcl-ha-filler-1-x-1ml\/#primaryimage","url":"https:\/\/cdn.mylipfiller.com\/wp-content\/uploads\/2019\/07\/Filler-X.jpg","contentUrl":"https:\/\/cdn.mylipfiller.com\/wp-content\/uploads\/2019\/07\/Filler-X.jpg","width":600,"height":600,"caption":"Filler X"},{"@type":"BreadcrumbList","@id":"https:\/\/mylipfiller.com\/filler-x-pcl-ha-filler-1-x-1ml\/#breadcrumb","itemListElement":[{"@type":"ListItem","position":1,"name":"Home","item":"https:\/\/mylipfiller.com\/"},{"@type":"ListItem","position":2,"name":"Shop","item":"https:\/\/mylipfiller.com\/shop\/"},{"@type":"ListItem","position":3,"name":"Filler X (PCL + HA filler) \u2013 1 x 1ml"}]},{"@type":"WebSite","@id":"https:\/\/mylipfiller.com\/#website","url":"https:\/\/mylipfiller.com\/","name":"Mi relleno de labios","description":"Rellenos d\u00e9rmicos y de labios con \u00e1cido hialur\u00f3nico","publisher":{"@id":"https:\/\/mylipfiller.com\/#organization"},"potentialAction":[{"@type":"SearchAction","target":{"@type":"EntryPoint","urlTemplate":"https:\/\/mylipfiller.com\/?s={search_term_string}"},"query-input":{"@type":"PropertyValueSpecification","valueRequired":true,"valueName":"search_term_string"}}],"inLanguage":"es"},{"@type":"Organization","@id":"https:\/\/mylipfiller.com\/#organization","name":"Mi relleno de labios","url":"https:\/\/mylipfiller.com\/","logo":{"@type":"ImageObject","inLanguage":"es","@id":"https:\/\/mylipfiller.com\/#\/schema\/logo\/image\/","url":"https:\/\/cdn.mylipfiller.com\/wp-content\/uploads\/2019\/02\/cropped-My-Lip-Filler-Logo.png","contentUrl":"https:\/\/cdn.mylipfiller.com\/wp-content\/uploads\/2019\/02\/cropped-My-Lip-Filler-Logo.png","width":240,"height":88,"caption":"My Lip Filler"},"image":{"@id":"https:\/\/mylipfiller.com\/#\/schema\/logo\/image\/"}}]}},"_links":{"self":[{"href":"https:\/\/mylipfiller.com\/es\/wp-json\/wp\/v2\/product\/2968","targetHints":{"allow":["GET"]}}],"collection":[{"href":"https:\/\/mylipfiller.com\/es\/wp-json\/wp\/v2\/product"}],"about":[{"href":"https:\/\/mylipfiller.com\/es\/wp-json\/wp\/v2\/types\/product"}],"wp:featuredmedia":[{"embeddable":true,"href":"https:\/\/mylipfiller.com\/es\/wp-json\/wp\/v2\/media\/2979"}],"wp:attachment":[{"href":"https:\/\/mylipfiller.com\/es\/wp-json\/wp\/v2\/media?parent=2968"}],"wp:term":[{"taxonomy":"product_brand","embeddable":true,"href":"https:\/\/mylipfiller.com\/es\/wp-json\/wp\/v2\/product_brand?post=2968"},{"taxonomy":"product_cat","embeddable":true,"href":"https:\/\/mylipfiller.com\/es\/wp-json\/wp\/v2\/product_cat?post=2968"},{"taxonomy":"product_tag","embeddable":true,"href":"https:\/\/mylipfiller.com\/es\/wp-json\/wp\/v2\/product_tag?post=2968"}],"curies":[{"name":"gracias","href":"https:\/\/api.w.org\/{rel}","templated":true}]}}