{"id":2969,"date":"2019-07-24T15:34:21","date_gmt":"2019-07-24T13:34:21","guid":{"rendered":"https:\/\/mylipfiller.com\/?post_type=product&#038;p=2969"},"modified":"2024-07-03T17:32:56","modified_gmt":"2024-07-03T15:32:56","slug":"gana-ch-calcium-ha-filler-1-x-1ml","status":"publish","type":"product","link":"https:\/\/mylipfiller.com\/es\/gana-ch-calcium-ha-filler-1-x-1ml\/","title":{"rendered":"GANA CH (relleno de calcio + HA) - 1 x 1ml"},"content":{"rendered":"<h3>El doble poder anti-envejecimiento de GANA CH<\/h3>\n<p>Los rellenos d\u00e9rmicos fiables basados en HA son conocidos por su naturaleza de bajo riesgo, pero no ofrecen resultados antiarrugas duraderos. Los inyectables a base de calcio, por otro lado, brindan efectos rejuvenecedores cosm\u00e9ticos excepcionales que permanecen visibles <u>durante unos 3 a\u00f1os<\/u> pero dan lugar a varios efectos secundarios. GANA CH es una mezcla de estos dos tipos de productos. La empresa responsable de su existencia, GANA R&amp;D, lo ha dise\u00f1ado y adaptado de tal manera que solo ofrece ventajas y desventajas. Por eso es que:<\/p>\n<ul>\n<li>Ofrece notables efectos anti-envejecimiento que duran de 2 a 3 a\u00f1os.<\/li>\n<li>No expone a los pacientes a efectos secundarios da\u00f1inos.<\/li>\n<li>La hinchaz\u00f3n posterior al tratamiento se minimiza en gran medida.<\/li>\n<li>El riesgo de migraci\u00f3n de gel se elimina por completo.<\/li>\n<\/ul>\n<p>Con este producto optimizado, remodelaci\u00f3n equilibrada de la nariz, <u>aumento de ment\u00f3n<\/u> y la eliminaci\u00f3n de las arrugas de la frente es posible con un m\u00ednimo de esfuerzo, presupuesto o tiempo.<\/p>\n<h3>Protocolo de tratamiento est\u00e1ndar<\/h3>\n<p>GANA CH debe inyectarse en la dermis profunda en una de las tres \u00e1reas faciales: <strong>barbilla, nariz o barbilla<\/strong>. No est\u00e1 dise\u00f1ado para usarse en las mejillas o alrededor de los labios. Dado que este relleno d\u00e9rmico de alto rendimiento tiene una longevidad de efectos de hasta 3 a\u00f1os, no es necesario realizar sesiones de inyecci\u00f3n con regularidad. Sin embargo, los m\u00e9dicos pueden programar una cita de retoque varias semanas despu\u00e9s de la inicial para mejorar los resultados del contorno facial.<\/p>","protected":false},"excerpt":{"rendered":"<p>Las inyecciones de relleno rejuvenecedoras de la piel simplemente mejoraron y para eso, solo tenemos <strong>GANA CH<\/strong> culpar. Este revolucionario producto antienvejecimiento contiene \u00e1cido hialur\u00f3nico e hidroxiapatita de calcio, lo que lo hace m\u00e1s seguro y duradero que sus rivales. Es m\u00e1s, incorpora lidoca\u00edna para que los pacientes no tengan que soportar molestias o dolores durante el tratamiento. Con My Lip Filler, puede pedir este <em>relleno de tejidos blandos de calidad<\/em> \u00a1de donde sea!<\/p>","protected":false},"featured_media":2980,"template":"","meta":{"_acf_changed":false},"product_brand":[],"product_cat":[52,162,34,18],"product_tag":[123,131,115,114,111,118,142,135,137,124],"class_list":{"0":"post-2969","1":"product","2":"type-product","3":"status-publish","4":"has-post-thumbnail","6":"product_cat-gana","7":"product_cat-gana-rd","8":"product_cat-hard","9":"product_cat-mesotherapy","10":"product_tag-asymmetry","11":"product_tag-cheekbone-contour","12":"product_tag-cheekbones","13":"product_tag-chin","14":"product_tag-face","15":"product_tag-high-density","16":"product_tag-modeling","17":"product_tag-small-chin","18":"product_tag-south-korea","19":"product_tag-volume","21":"first","22":"outofstock","23":"taxable","24":"shipping-taxable","25":"purchasable","26":"product-type-simple"},"acf":[],"yoast_head":"<!-- This site is optimized with the Yoast SEO plugin v27.3 - https:\/\/yoast.com\/product\/yoast-seo-wordpress\/ -->\n<title>Buy GANA CH (Calcium + HA filler) \u2013 1 x 1ml - Fillers from My Lip Filler<\/title>\n<meta name=\"description\" content=\"\u2765Buy GANA CH (Calcium + HA filler) \u2013 1 x 1ml \u23e9 My Lip Filler online store \u27a6 Quality assurance, reviews, ingredients, best prices!\" \/>\n<meta name=\"robots\" content=\"index, follow, max-snippet:-1, max-image-preview:large, max-video-preview:-1\" \/>\n<link rel=\"canonical\" href=\"https:\/\/mylipfiller.com\/es\/gana-ch-calcium-ha-filler-1-x-1ml\/\" \/>\n<meta property=\"og:locale\" content=\"es_MX\" \/>\n<meta property=\"og:type\" content=\"article\" \/>\n<meta property=\"og:title\" content=\"Buy GANA CH (Calcium + HA filler) \u2013 1 x 1ml - Fillers from My Lip Filler\" \/>\n<meta property=\"og:description\" content=\"\u2765Buy GANA CH (Calcium + HA filler) \u2013 1 x 1ml \u23e9 My Lip Filler online store \u27a6 Quality assurance, reviews, ingredients, best prices!\" \/>\n<meta property=\"og:url\" content=\"https:\/\/mylipfiller.com\/es\/gana-ch-calcium-ha-filler-1-x-1ml\/\" \/>\n<meta property=\"og:site_name\" content=\"My Lip Filler\" \/>\n<meta property=\"article:modified_time\" content=\"2024-07-03T15:32:56+00:00\" \/>\n<meta property=\"og:image\" content=\"https:\/\/cdn.mylipfiller.com\/wp-content\/uploads\/2019\/07\/GANA-CH.jpg\" \/>\n\t<meta property=\"og:image:width\" content=\"600\" \/>\n\t<meta property=\"og:image:height\" content=\"600\" \/>\n\t<meta property=\"og:image:type\" content=\"image\/jpeg\" \/>\n<meta name=\"twitter:card\" content=\"summary_large_image\" \/>\n<meta name=\"twitter:label1\" content=\"Tiempo de lectura\" \/>\n\t<meta name=\"twitter:data1\" content=\"2 minutos\" \/>\n<script type=\"application\/ld+json\" class=\"yoast-schema-graph\">{\"@context\":\"https:\\\/\\\/schema.org\",\"@graph\":[{\"@type\":\"WebPage\",\"@id\":\"https:\\\/\\\/mylipfiller.com\\\/gana-ch-calcium-ha-filler-1-x-1ml\\\/\",\"url\":\"https:\\\/\\\/mylipfiller.com\\\/gana-ch-calcium-ha-filler-1-x-1ml\\\/\",\"name\":\"Buy GANA CH (Calcium + HA filler) \u2013 1 x 1ml - Fillers from My Lip Filler\",\"isPartOf\":{\"@id\":\"https:\\\/\\\/mylipfiller.com\\\/#website\"},\"primaryImageOfPage\":{\"@id\":\"https:\\\/\\\/mylipfiller.com\\\/gana-ch-calcium-ha-filler-1-x-1ml\\\/#primaryimage\"},\"image\":{\"@id\":\"https:\\\/\\\/mylipfiller.com\\\/gana-ch-calcium-ha-filler-1-x-1ml\\\/#primaryimage\"},\"thumbnailUrl\":\"https:\\\/\\\/mylipfiller.com\\\/wp-content\\\/uploads\\\/2019\\\/07\\\/GANA-CH.jpg\",\"datePublished\":\"2019-07-24T13:34:21+00:00\",\"dateModified\":\"2024-07-03T15:32:56+00:00\",\"description\":\"\u2765Buy GANA CH (Calcium + HA filler) \u2013 1 x 1ml \u23e9 My Lip Filler online store \u27a6 Quality assurance, reviews, ingredients, best prices!\",\"breadcrumb\":{\"@id\":\"https:\\\/\\\/mylipfiller.com\\\/gana-ch-calcium-ha-filler-1-x-1ml\\\/#breadcrumb\"},\"inLanguage\":\"es\",\"potentialAction\":[{\"@type\":\"ReadAction\",\"target\":[\"https:\\\/\\\/mylipfiller.com\\\/gana-ch-calcium-ha-filler-1-x-1ml\\\/\"]}]},{\"@type\":\"ImageObject\",\"inLanguage\":\"es\",\"@id\":\"https:\\\/\\\/mylipfiller.com\\\/gana-ch-calcium-ha-filler-1-x-1ml\\\/#primaryimage\",\"url\":\"https:\\\/\\\/mylipfiller.com\\\/wp-content\\\/uploads\\\/2019\\\/07\\\/GANA-CH.jpg\",\"contentUrl\":\"https:\\\/\\\/mylipfiller.com\\\/wp-content\\\/uploads\\\/2019\\\/07\\\/GANA-CH.jpg\",\"width\":600,\"height\":600,\"caption\":\"GANA CH\"},{\"@type\":\"BreadcrumbList\",\"@id\":\"https:\\\/\\\/mylipfiller.com\\\/gana-ch-calcium-ha-filler-1-x-1ml\\\/#breadcrumb\",\"itemListElement\":[{\"@type\":\"ListItem\",\"position\":1,\"name\":\"Home\",\"item\":\"https:\\\/\\\/mylipfiller.com\\\/\"},{\"@type\":\"ListItem\",\"position\":2,\"name\":\"Shop\",\"item\":\"https:\\\/\\\/mylipfiller.com\\\/shop\\\/\"},{\"@type\":\"ListItem\",\"position\":3,\"name\":\"GANA CH (Calcium + HA filler) \u2013 1 x 1ml\"}]},{\"@type\":\"WebSite\",\"@id\":\"https:\\\/\\\/mylipfiller.com\\\/#website\",\"url\":\"https:\\\/\\\/mylipfiller.com\\\/\",\"name\":\"My Lip Filler\",\"description\":\"Hyaluronic Acid Lip and Dermal Fillers\",\"publisher\":{\"@id\":\"https:\\\/\\\/mylipfiller.com\\\/#organization\"},\"potentialAction\":[{\"@type\":\"SearchAction\",\"target\":{\"@type\":\"EntryPoint\",\"urlTemplate\":\"https:\\\/\\\/mylipfiller.com\\\/?s={search_term_string}\"},\"query-input\":{\"@type\":\"PropertyValueSpecification\",\"valueRequired\":true,\"valueName\":\"search_term_string\"}}],\"inLanguage\":\"es\"},{\"@type\":\"Organization\",\"@id\":\"https:\\\/\\\/mylipfiller.com\\\/#organization\",\"name\":\"My Lip Filler\",\"url\":\"https:\\\/\\\/mylipfiller.com\\\/\",\"logo\":{\"@type\":\"ImageObject\",\"inLanguage\":\"es\",\"@id\":\"https:\\\/\\\/mylipfiller.com\\\/#\\\/schema\\\/logo\\\/image\\\/\",\"url\":\"https:\\\/\\\/mylipfiller.com\\\/wp-content\\\/uploads\\\/2019\\\/02\\\/cropped-My-Lip-Filler-Logo.png\",\"contentUrl\":\"https:\\\/\\\/mylipfiller.com\\\/wp-content\\\/uploads\\\/2019\\\/02\\\/cropped-My-Lip-Filler-Logo.png\",\"width\":240,\"height\":88,\"caption\":\"My Lip Filler\"},\"image\":{\"@id\":\"https:\\\/\\\/mylipfiller.com\\\/#\\\/schema\\\/logo\\\/image\\\/\"}}]}<\/script>\n<!-- \/ Yoast SEO plugin. -->","yoast_head_json":{"title":"Compre GANA CH (relleno de calcio + HA) - 1 x 1 ml - Rellenos de My Lip Filler","description":"\u2765Compre GANA CH (relleno de calcio + HA) - 1 x 1 ml \u23e9 Tienda en l\u00ednea My Lip Filler \u27a6 Garant\u00eda de calidad, rese\u00f1as, ingredientes, \u00a1los mejores precios!","robots":{"index":"index","follow":"follow","max-snippet":"max-snippet:-1","max-image-preview":"max-image-preview:large","max-video-preview":"max-video-preview:-1"},"canonical":"https:\/\/mylipfiller.com\/es\/gana-ch-calcium-ha-filler-1-x-1ml\/","og_locale":"es_MX","og_type":"article","og_title":"Buy GANA CH (Calcium + HA filler) \u2013 1 x 1ml - Fillers from My Lip Filler","og_description":"\u2765Buy GANA CH (Calcium + HA filler) \u2013 1 x 1ml \u23e9 My Lip Filler online store \u27a6 Quality assurance, reviews, ingredients, best prices!","og_url":"https:\/\/mylipfiller.com\/es\/gana-ch-calcium-ha-filler-1-x-1ml\/","og_site_name":"My Lip Filler","article_modified_time":"2024-07-03T15:32:56+00:00","og_image":[{"width":600,"height":600,"url":"https:\/\/cdn.mylipfiller.com\/wp-content\/uploads\/2019\/07\/GANA-CH.jpg","type":"image\/jpeg"}],"twitter_card":"summary_large_image","twitter_misc":{"Tiempo de lectura":"2 minutos"},"schema":{"@context":"https:\/\/schema.org","@graph":[{"@type":"WebPage","@id":"https:\/\/mylipfiller.com\/gana-ch-calcium-ha-filler-1-x-1ml\/","url":"https:\/\/mylipfiller.com\/gana-ch-calcium-ha-filler-1-x-1ml\/","name":"Compre GANA CH (relleno de calcio + HA) - 1 x 1 ml - Rellenos de My Lip Filler","isPartOf":{"@id":"https:\/\/mylipfiller.com\/#website"},"primaryImageOfPage":{"@id":"https:\/\/mylipfiller.com\/gana-ch-calcium-ha-filler-1-x-1ml\/#primaryimage"},"image":{"@id":"https:\/\/mylipfiller.com\/gana-ch-calcium-ha-filler-1-x-1ml\/#primaryimage"},"thumbnailUrl":"https:\/\/cdn.mylipfiller.com\/wp-content\/uploads\/2019\/07\/GANA-CH.jpg","datePublished":"2019-07-24T13:34:21+00:00","dateModified":"2024-07-03T15:32:56+00:00","description":"\u2765Compre GANA CH (relleno de calcio + HA) - 1 x 1 ml \u23e9 Tienda en l\u00ednea My Lip Filler \u27a6 Garant\u00eda de calidad, rese\u00f1as, ingredientes, \u00a1los mejores precios!","breadcrumb":{"@id":"https:\/\/mylipfiller.com\/gana-ch-calcium-ha-filler-1-x-1ml\/#breadcrumb"},"inLanguage":"es","potentialAction":[{"@type":"ReadAction","target":["https:\/\/mylipfiller.com\/gana-ch-calcium-ha-filler-1-x-1ml\/"]}]},{"@type":"ImageObject","inLanguage":"es","@id":"https:\/\/mylipfiller.com\/gana-ch-calcium-ha-filler-1-x-1ml\/#primaryimage","url":"https:\/\/cdn.mylipfiller.com\/wp-content\/uploads\/2019\/07\/GANA-CH.jpg","contentUrl":"https:\/\/cdn.mylipfiller.com\/wp-content\/uploads\/2019\/07\/GANA-CH.jpg","width":600,"height":600,"caption":"GANA CH"},{"@type":"BreadcrumbList","@id":"https:\/\/mylipfiller.com\/gana-ch-calcium-ha-filler-1-x-1ml\/#breadcrumb","itemListElement":[{"@type":"ListItem","position":1,"name":"Home","item":"https:\/\/mylipfiller.com\/"},{"@type":"ListItem","position":2,"name":"Shop","item":"https:\/\/mylipfiller.com\/shop\/"},{"@type":"ListItem","position":3,"name":"GANA CH (Calcium + HA filler) \u2013 1 x 1ml"}]},{"@type":"WebSite","@id":"https:\/\/mylipfiller.com\/#website","url":"https:\/\/mylipfiller.com\/","name":"Mi relleno de labios","description":"Rellenos d\u00e9rmicos y de labios con \u00e1cido hialur\u00f3nico","publisher":{"@id":"https:\/\/mylipfiller.com\/#organization"},"potentialAction":[{"@type":"SearchAction","target":{"@type":"EntryPoint","urlTemplate":"https:\/\/mylipfiller.com\/?s={search_term_string}"},"query-input":{"@type":"PropertyValueSpecification","valueRequired":true,"valueName":"search_term_string"}}],"inLanguage":"es"},{"@type":"Organization","@id":"https:\/\/mylipfiller.com\/#organization","name":"Mi relleno de labios","url":"https:\/\/mylipfiller.com\/","logo":{"@type":"ImageObject","inLanguage":"es","@id":"https:\/\/mylipfiller.com\/#\/schema\/logo\/image\/","url":"https:\/\/cdn.mylipfiller.com\/wp-content\/uploads\/2019\/02\/cropped-My-Lip-Filler-Logo.png","contentUrl":"https:\/\/cdn.mylipfiller.com\/wp-content\/uploads\/2019\/02\/cropped-My-Lip-Filler-Logo.png","width":240,"height":88,"caption":"My Lip Filler"},"image":{"@id":"https:\/\/mylipfiller.com\/#\/schema\/logo\/image\/"}}]}},"_links":{"self":[{"href":"https:\/\/mylipfiller.com\/es\/wp-json\/wp\/v2\/product\/2969","targetHints":{"allow":["GET"]}}],"collection":[{"href":"https:\/\/mylipfiller.com\/es\/wp-json\/wp\/v2\/product"}],"about":[{"href":"https:\/\/mylipfiller.com\/es\/wp-json\/wp\/v2\/types\/product"}],"wp:featuredmedia":[{"embeddable":true,"href":"https:\/\/mylipfiller.com\/es\/wp-json\/wp\/v2\/media\/2980"}],"wp:attachment":[{"href":"https:\/\/mylipfiller.com\/es\/wp-json\/wp\/v2\/media?parent=2969"}],"wp:term":[{"taxonomy":"product_brand","embeddable":true,"href":"https:\/\/mylipfiller.com\/es\/wp-json\/wp\/v2\/product_brand?post=2969"},{"taxonomy":"product_cat","embeddable":true,"href":"https:\/\/mylipfiller.com\/es\/wp-json\/wp\/v2\/product_cat?post=2969"},{"taxonomy":"product_tag","embeddable":true,"href":"https:\/\/mylipfiller.com\/es\/wp-json\/wp\/v2\/product_tag?post=2969"}],"curies":[{"name":"gracias","href":"https:\/\/api.w.org\/{rel}","templated":true}]}}