{"id":2971,"date":"2019-07-24T15:34:56","date_gmt":"2019-07-24T13:34:56","guid":{"rendered":"https:\/\/mylipfiller.com\/?post_type=product&#038;p=2971"},"modified":"2024-07-03T17:32:56","modified_gmt":"2024-07-03T15:32:56","slug":"gana-ha-type-b-1-x-1-2ml","status":"publish","type":"product","link":"https:\/\/mylipfiller.com\/es\/gana-ha-type-b-1-x-1-2ml\/","title":{"rendered":"GANA HA Tipo B - 1 x 1.2ml"},"content":{"rendered":"<h3>Un relleno de piel excepcionalmente innovador<\/h3>\n<p>La innovaci\u00f3n de una nueva generaci\u00f3n es la mejor forma de describir GANA HA Tipo B. Su gel inyectable se ha dise\u00f1ado meticulosamente para presentar part\u00edculas de HA realmente peque\u00f1as para ayudar a los cirujanos pl\u00e1sticos capacitados a tener m\u00e1s control durante el procedimiento de inyecci\u00f3n para <u>resultados m\u00e1s precisos<\/u>. Este producto se aplica directamente sobre las \u00e1reas problem\u00e1ticas (en la dermis profunda) para ofrecer a los pacientes con:<\/p>\n<ul>\n<li><em>Reducci\u00f3n inmediata de l\u00edneas glabelares profundas<\/em><\/li>\n<li>Correcci\u00f3n sin riesgo de pliegues nasolabiales graves<\/li>\n<li><strong>Eliminaci\u00f3n indolora de arrugas faciales medianas.<\/strong><\/li>\n<li>Realce de labios de larga duraci\u00f3n<\/li>\n<\/ul>\n<h3>\u00bfC\u00f3mo se compara GANA HA Type B con sus rivales?<\/h3>\n<p>Dise\u00f1ado y producido por el reconocido fabricante coreano GANA R&amp;D, este <u>relleno d\u00e9rmico pionero<\/u> tiene una relaci\u00f3n de reticulaci\u00f3n de 10%. Por el contrario, la mayor\u00eda de los productos de rejuvenecimiento cosm\u00e9ticos basados en HA tienen una relaci\u00f3n media de aproximadamente 5%. Esto significa que la inyecci\u00f3n de relleno modificada que est\u00e1 viendo en este momento es <em>dos veces m\u00e1s duradero y resistente<\/em> que los superventas actuales en este nicho. Similar es el caso de la viscosidad de este producto, que es m\u00e1s alta que la de casi todas las dem\u00e1s inyecciones de relleno confiables que existen en la actualidad.<\/p>\n<p>Si bien GANA HA Tipo B claramente no tiene competencia en el mercado, My Lip Filler no tiene competencia en lo que respecta a los precios. Es por eso que no debe dudar en comprar este y otros productos antienvejecimiento de primer nivel a trav\u00e9s de nuestro sitio web.<\/p>","protected":false},"excerpt":{"rendered":"<p>\u00bfEliminaci\u00f3n r\u00e1pida de arrugas y pliegues faciales profundos durante 12 a 18 meses con un relleno cut\u00e1neo a base de HA? \u00bfEs eso siquiera posible? Es si esa inyecci\u00f3n de relleno de vanguardia es <u>GANA HA Tipo B<\/u>. Es capaz de proporcionar resultados incre\u00edblemente duraderos debido a su alta relaci\u00f3n de reticulaci\u00f3n y f\u00f3rmula de gel optimizada. Este excelente producto anti-envejecimiento tambi\u00e9n ofrece <em>aumento de labios de aspecto natural<\/em> resultados. Para conseguirlo, debes saber que puedes confiar en My Lip Filler.<\/p>","protected":false},"featured_media":2982,"template":"","meta":{"_acf_changed":false},"product_brand":[],"product_cat":[89,52,162,33],"product_tag":[92,111,151,133,107,134,137,120],"class_list":{"0":"post-2971","1":"product","2":"type-product","3":"status-publish","4":"has-post-thumbnail","6":"product_cat-big-holiday-sale","7":"product_cat-gana","8":"product_cat-gana-rd","9":"product_cat-lip","10":"product_tag-92","11":"product_tag-face","12":"product_tag-hyaluronic-acid-ha-fillers","13":"product_tag-marionette-lines","14":"product_tag-nasolabial-folds","15":"product_tag-small-lips","16":"product_tag-south-korea","17":"product_tag-up-to-12-months","19":"first","20":"outofstock","21":"sale","22":"taxable","23":"shipping-taxable","24":"purchasable","25":"product-type-simple"},"acf":[],"yoast_head":"<!-- This site is optimized with the Yoast SEO plugin v27.4 - https:\/\/yoast.com\/product\/yoast-seo-wordpress\/ -->\n<title>Buy GANA HA Type B - 1 x 1.2ml - Fillers from My Lip Filler<\/title>\n<meta name=\"description\" content=\"\u2765Buy GANA HA Type B - 1 x 1.2ml \u23e9 My Lip Filler online store \u27a6 Quality assurance, reviews, ingredients, best prices!\" \/>\n<meta name=\"robots\" content=\"index, follow, max-snippet:-1, max-image-preview:large, max-video-preview:-1\" \/>\n<link rel=\"canonical\" href=\"https:\/\/mylipfiller.com\/es\/gana-ha-type-b-1-x-1-2ml\/\" \/>\n<meta property=\"og:locale\" content=\"es_MX\" \/>\n<meta property=\"og:type\" content=\"article\" \/>\n<meta property=\"og:title\" content=\"Buy GANA HA Type B - 1 x 1.2ml - Fillers from My Lip Filler\" \/>\n<meta property=\"og:description\" content=\"\u2765Buy GANA HA Type B - 1 x 1.2ml \u23e9 My Lip Filler online store \u27a6 Quality assurance, reviews, ingredients, best prices!\" \/>\n<meta property=\"og:url\" content=\"https:\/\/mylipfiller.com\/es\/gana-ha-type-b-1-x-1-2ml\/\" \/>\n<meta property=\"og:site_name\" content=\"My Lip Filler\" \/>\n<meta property=\"article:modified_time\" content=\"2024-07-03T15:32:56+00:00\" \/>\n<meta property=\"og:image\" content=\"https:\/\/cdn.mylipfiller.com\/wp-content\/uploads\/2019\/07\/Gana-Type-B.jpg\" \/>\n\t<meta property=\"og:image:width\" content=\"600\" \/>\n\t<meta property=\"og:image:height\" content=\"600\" \/>\n\t<meta property=\"og:image:type\" content=\"image\/jpeg\" \/>\n<meta name=\"twitter:card\" content=\"summary_large_image\" \/>\n<meta name=\"twitter:label1\" content=\"Tiempo de lectura\" \/>\n\t<meta name=\"twitter:data1\" content=\"2 minutos\" \/>\n<script type=\"application\/ld+json\" class=\"yoast-schema-graph\">{\"@context\":\"https:\\\/\\\/schema.org\",\"@graph\":[{\"@type\":\"WebPage\",\"@id\":\"https:\\\/\\\/mylipfiller.com\\\/gana-ha-type-b-1-x-1-2ml\\\/\",\"url\":\"https:\\\/\\\/mylipfiller.com\\\/gana-ha-type-b-1-x-1-2ml\\\/\",\"name\":\"Buy GANA HA Type B - 1 x 1.2ml - Fillers from My Lip Filler\",\"isPartOf\":{\"@id\":\"https:\\\/\\\/mylipfiller.com\\\/#website\"},\"primaryImageOfPage\":{\"@id\":\"https:\\\/\\\/mylipfiller.com\\\/gana-ha-type-b-1-x-1-2ml\\\/#primaryimage\"},\"image\":{\"@id\":\"https:\\\/\\\/mylipfiller.com\\\/gana-ha-type-b-1-x-1-2ml\\\/#primaryimage\"},\"thumbnailUrl\":\"https:\\\/\\\/mylipfiller.com\\\/wp-content\\\/uploads\\\/2019\\\/07\\\/Gana-Type-B.jpg\",\"datePublished\":\"2019-07-24T13:34:56+00:00\",\"dateModified\":\"2024-07-03T15:32:56+00:00\",\"description\":\"\u2765Buy GANA HA Type B - 1 x 1.2ml \u23e9 My Lip Filler online store \u27a6 Quality assurance, reviews, ingredients, best prices!\",\"breadcrumb\":{\"@id\":\"https:\\\/\\\/mylipfiller.com\\\/gana-ha-type-b-1-x-1-2ml\\\/#breadcrumb\"},\"inLanguage\":\"es\",\"potentialAction\":[{\"@type\":\"ReadAction\",\"target\":[\"https:\\\/\\\/mylipfiller.com\\\/gana-ha-type-b-1-x-1-2ml\\\/\"]}]},{\"@type\":\"ImageObject\",\"inLanguage\":\"es\",\"@id\":\"https:\\\/\\\/mylipfiller.com\\\/gana-ha-type-b-1-x-1-2ml\\\/#primaryimage\",\"url\":\"https:\\\/\\\/mylipfiller.com\\\/wp-content\\\/uploads\\\/2019\\\/07\\\/Gana-Type-B.jpg\",\"contentUrl\":\"https:\\\/\\\/mylipfiller.com\\\/wp-content\\\/uploads\\\/2019\\\/07\\\/Gana-Type-B.jpg\",\"width\":600,\"height\":600,\"caption\":\"Gana Type B\"},{\"@type\":\"BreadcrumbList\",\"@id\":\"https:\\\/\\\/mylipfiller.com\\\/gana-ha-type-b-1-x-1-2ml\\\/#breadcrumb\",\"itemListElement\":[{\"@type\":\"ListItem\",\"position\":1,\"name\":\"Home\",\"item\":\"https:\\\/\\\/mylipfiller.com\\\/\"},{\"@type\":\"ListItem\",\"position\":2,\"name\":\"Shop\",\"item\":\"https:\\\/\\\/mylipfiller.com\\\/shop\\\/\"},{\"@type\":\"ListItem\",\"position\":3,\"name\":\"GANA HA Type B &#8211; 1 x 1.2ml\"}]},{\"@type\":\"WebSite\",\"@id\":\"https:\\\/\\\/mylipfiller.com\\\/#website\",\"url\":\"https:\\\/\\\/mylipfiller.com\\\/\",\"name\":\"My Lip Filler\",\"description\":\"Hyaluronic Acid Lip and Dermal Fillers\",\"publisher\":{\"@id\":\"https:\\\/\\\/mylipfiller.com\\\/#organization\"},\"potentialAction\":[{\"@type\":\"SearchAction\",\"target\":{\"@type\":\"EntryPoint\",\"urlTemplate\":\"https:\\\/\\\/mylipfiller.com\\\/?s={search_term_string}\"},\"query-input\":{\"@type\":\"PropertyValueSpecification\",\"valueRequired\":true,\"valueName\":\"search_term_string\"}}],\"inLanguage\":\"es\"},{\"@type\":\"Organization\",\"@id\":\"https:\\\/\\\/mylipfiller.com\\\/#organization\",\"name\":\"My Lip Filler\",\"url\":\"https:\\\/\\\/mylipfiller.com\\\/\",\"logo\":{\"@type\":\"ImageObject\",\"inLanguage\":\"es\",\"@id\":\"https:\\\/\\\/mylipfiller.com\\\/#\\\/schema\\\/logo\\\/image\\\/\",\"url\":\"https:\\\/\\\/mylipfiller.com\\\/wp-content\\\/uploads\\\/2019\\\/02\\\/cropped-My-Lip-Filler-Logo.png\",\"contentUrl\":\"https:\\\/\\\/mylipfiller.com\\\/wp-content\\\/uploads\\\/2019\\\/02\\\/cropped-My-Lip-Filler-Logo.png\",\"width\":240,\"height\":88,\"caption\":\"My Lip Filler\"},\"image\":{\"@id\":\"https:\\\/\\\/mylipfiller.com\\\/#\\\/schema\\\/logo\\\/image\\\/\"}}]}<\/script>\n<!-- \/ Yoast SEO plugin. -->","yoast_head_json":{"title":"Compre GANA HA Type B - 1 x 1,2 ml - Rellenos de My Lip Filler","description":"\u2765Compra GANA HA Type B - 1 x 1,2 ml \u23e9 Tienda online My Lip Filler \u27a6 Garant\u00eda de calidad, rese\u00f1as, ingredientes, \u00a1los mejores precios!","robots":{"index":"index","follow":"follow","max-snippet":"max-snippet:-1","max-image-preview":"max-image-preview:large","max-video-preview":"max-video-preview:-1"},"canonical":"https:\/\/mylipfiller.com\/es\/gana-ha-type-b-1-x-1-2ml\/","og_locale":"es_MX","og_type":"article","og_title":"Buy GANA HA Type B - 1 x 1.2ml - Fillers from My Lip Filler","og_description":"\u2765Buy GANA HA Type B - 1 x 1.2ml \u23e9 My Lip Filler online store \u27a6 Quality assurance, reviews, ingredients, best prices!","og_url":"https:\/\/mylipfiller.com\/es\/gana-ha-type-b-1-x-1-2ml\/","og_site_name":"My Lip Filler","article_modified_time":"2024-07-03T15:32:56+00:00","og_image":[{"width":600,"height":600,"url":"https:\/\/cdn.mylipfiller.com\/wp-content\/uploads\/2019\/07\/Gana-Type-B.jpg","type":"image\/jpeg"}],"twitter_card":"summary_large_image","twitter_misc":{"Tiempo de lectura":"2 minutos"},"schema":{"@context":"https:\/\/schema.org","@graph":[{"@type":"WebPage","@id":"https:\/\/mylipfiller.com\/gana-ha-type-b-1-x-1-2ml\/","url":"https:\/\/mylipfiller.com\/gana-ha-type-b-1-x-1-2ml\/","name":"Compre GANA HA Type B - 1 x 1,2 ml - Rellenos de My Lip Filler","isPartOf":{"@id":"https:\/\/mylipfiller.com\/#website"},"primaryImageOfPage":{"@id":"https:\/\/mylipfiller.com\/gana-ha-type-b-1-x-1-2ml\/#primaryimage"},"image":{"@id":"https:\/\/mylipfiller.com\/gana-ha-type-b-1-x-1-2ml\/#primaryimage"},"thumbnailUrl":"https:\/\/cdn.mylipfiller.com\/wp-content\/uploads\/2019\/07\/Gana-Type-B.jpg","datePublished":"2019-07-24T13:34:56+00:00","dateModified":"2024-07-03T15:32:56+00:00","description":"\u2765Compra GANA HA Type B - 1 x 1,2 ml \u23e9 Tienda online My Lip Filler \u27a6 Garant\u00eda de calidad, rese\u00f1as, ingredientes, \u00a1los mejores precios!","breadcrumb":{"@id":"https:\/\/mylipfiller.com\/gana-ha-type-b-1-x-1-2ml\/#breadcrumb"},"inLanguage":"es","potentialAction":[{"@type":"ReadAction","target":["https:\/\/mylipfiller.com\/gana-ha-type-b-1-x-1-2ml\/"]}]},{"@type":"ImageObject","inLanguage":"es","@id":"https:\/\/mylipfiller.com\/gana-ha-type-b-1-x-1-2ml\/#primaryimage","url":"https:\/\/cdn.mylipfiller.com\/wp-content\/uploads\/2019\/07\/Gana-Type-B.jpg","contentUrl":"https:\/\/cdn.mylipfiller.com\/wp-content\/uploads\/2019\/07\/Gana-Type-B.jpg","width":600,"height":600,"caption":"Gana Type B"},{"@type":"BreadcrumbList","@id":"https:\/\/mylipfiller.com\/gana-ha-type-b-1-x-1-2ml\/#breadcrumb","itemListElement":[{"@type":"ListItem","position":1,"name":"Home","item":"https:\/\/mylipfiller.com\/"},{"@type":"ListItem","position":2,"name":"Shop","item":"https:\/\/mylipfiller.com\/shop\/"},{"@type":"ListItem","position":3,"name":"GANA HA Type B &#8211; 1 x 1.2ml"}]},{"@type":"WebSite","@id":"https:\/\/mylipfiller.com\/#website","url":"https:\/\/mylipfiller.com\/","name":"Mi relleno de labios","description":"Rellenos d\u00e9rmicos y de labios con \u00e1cido hialur\u00f3nico","publisher":{"@id":"https:\/\/mylipfiller.com\/#organization"},"potentialAction":[{"@type":"SearchAction","target":{"@type":"EntryPoint","urlTemplate":"https:\/\/mylipfiller.com\/?s={search_term_string}"},"query-input":{"@type":"PropertyValueSpecification","valueRequired":true,"valueName":"search_term_string"}}],"inLanguage":"es"},{"@type":"Organization","@id":"https:\/\/mylipfiller.com\/#organization","name":"Mi relleno de labios","url":"https:\/\/mylipfiller.com\/","logo":{"@type":"ImageObject","inLanguage":"es","@id":"https:\/\/mylipfiller.com\/#\/schema\/logo\/image\/","url":"https:\/\/cdn.mylipfiller.com\/wp-content\/uploads\/2019\/02\/cropped-My-Lip-Filler-Logo.png","contentUrl":"https:\/\/cdn.mylipfiller.com\/wp-content\/uploads\/2019\/02\/cropped-My-Lip-Filler-Logo.png","width":240,"height":88,"caption":"My Lip Filler"},"image":{"@id":"https:\/\/mylipfiller.com\/#\/schema\/logo\/image\/"}}]}},"_links":{"self":[{"href":"https:\/\/mylipfiller.com\/es\/wp-json\/wp\/v2\/product\/2971","targetHints":{"allow":["GET"]}}],"collection":[{"href":"https:\/\/mylipfiller.com\/es\/wp-json\/wp\/v2\/product"}],"about":[{"href":"https:\/\/mylipfiller.com\/es\/wp-json\/wp\/v2\/types\/product"}],"wp:featuredmedia":[{"embeddable":true,"href":"https:\/\/mylipfiller.com\/es\/wp-json\/wp\/v2\/media\/2982"}],"wp:attachment":[{"href":"https:\/\/mylipfiller.com\/es\/wp-json\/wp\/v2\/media?parent=2971"}],"wp:term":[{"taxonomy":"product_brand","embeddable":true,"href":"https:\/\/mylipfiller.com\/es\/wp-json\/wp\/v2\/product_brand?post=2971"},{"taxonomy":"product_cat","embeddable":true,"href":"https:\/\/mylipfiller.com\/es\/wp-json\/wp\/v2\/product_cat?post=2971"},{"taxonomy":"product_tag","embeddable":true,"href":"https:\/\/mylipfiller.com\/es\/wp-json\/wp\/v2\/product_tag?post=2971"}],"curies":[{"name":"gracias","href":"https:\/\/api.w.org\/{rel}","templated":true}]}}