{"id":2972,"date":"2019-07-24T15:35:02","date_gmt":"2019-07-24T13:35:02","guid":{"rendered":"https:\/\/mylipfiller.com\/?post_type=product&#038;p=2972"},"modified":"2024-07-03T17:32:56","modified_gmt":"2024-07-03T15:32:56","slug":"gana-ha-type-c-1-x-1-2ml","status":"publish","type":"product","link":"https:\/\/mylipfiller.com\/es\/gana-ha-type-c-1-x-1-2ml\/","title":{"rendered":"GANA HA Tipo C - 1 x 1.2ml"},"content":{"rendered":"<h3>F\u00e1cil eliminaci\u00f3n de arrugas superficiales m\u00ednimamente invasiva<\/h3>\n<p>GANA HA Tipo C puede corregir con \u00e9xito l\u00edneas poco profundas que son el resultado de la <em>proceso de envejecimiento natural, fotoenvejecimiento, envejecimiento prematuro<\/em>, opciones de estilo de vida poco saludables (fumar, una dieta deficiente, etc.) y m\u00e1s. Para hacerlo posible, se basa en un gel de \u00e1cido hialur\u00f3nico mejorado que tiene una concentraci\u00f3n de 22 mg \/ ml y una relaci\u00f3n de reticulaci\u00f3n s\u00faper alta de 10%. Un procedimiento anti-envejecimiento est\u00e1ndar con esta inyecci\u00f3n de relleno de HA de bajo riesgo:<\/p>\n<ul>\n<li>No requiere un tiempo de recuperaci\u00f3n prolongado (si corresponde)<\/li>\n<li><strong>Rara vez provoca efectos secundarios<\/strong> (por ejemplo, picaz\u00f3n, enrojecimiento, sensibilidad, hematomas)<\/li>\n<li>Ofrece resultados inmediatos incre\u00edblemente equilibrados<\/li>\n<li>Se puede realizar con una fuerza de extrusi\u00f3n reducida, lo que lo hace m\u00e1s <strong>indoloro para los pacientes<\/strong><\/li>\n<\/ul>\n<p>Debido a su composici\u00f3n excelentemente adaptada, este avanzado relleno de tejido blando puede suavizar r\u00e1pidamente las l\u00edneas de preocupaci\u00f3n, as\u00ed como las arrugas superficiales alrededor de la boca y los ojos.<\/p>\n<h3>Durabilidad de los efectos dif\u00edciles de superar<\/h3>\n<p>Por lo general, las inyecciones de relleno de \u00e1cido hialur\u00f3nico de bajo riesgo que se dirigen a zonas faciales sensibles y delicadas ofrecen resultados de corta duraci\u00f3n. Sin embargo, este no es el caso de GANA HA Tipo C porque sus fant\u00e1sticos efectos antiarrugas pueden durar <u>por m\u00e1s de un a\u00f1o<\/u>. Eso, junto con su precio asequible, ofrecen la relaci\u00f3n calidad-precio perfecta. Aunque este revolucionario producto rejuvenecedor de la piel utiliza BDDE como \u00edndice de reticulaci\u00f3n, es excepcionalmente seguro y muy agradable para el paciente. Obt\u00e9n este producto a trav\u00e9s de My Lip Filler para disfrutar de una calidad aut\u00e9ntica.<\/p>","protected":false},"excerpt":{"rendered":"<p>Para el \u00e9xito <strong>correcci\u00f3n de l\u00edneas finas<\/strong> en zonas faciales delicadas como el \u00e1rea periorbital, el uso de un relleno de piel refinado es imprescindible. Aqu\u00ed es donde <u>GANA HA Tipo C por GANA R&amp;D<\/u> Este producto de rejuvenecimiento cosm\u00e9tico econ\u00f3mico, que ahora forma parte de la creciente selecci\u00f3n de productos de My Lip Filler, puede proporcionar una correcci\u00f3n equilibrada y sin riesgos de los ojos hundidos y la eliminaci\u00f3n instant\u00e1nea de las arrugas superficiales en las zonas m\u00e1s delicadas del rostro.<\/p>","protected":false},"featured_media":2983,"template":"","meta":{"_acf_changed":false},"product_brand":[],"product_cat":[89,52,162,32],"product_tag":[93,144,125,111,126,112,128,151,117,106,113,146,137,108,119,148,127],"class_list":{"0":"post-2972","1":"product","2":"type-product","3":"status-publish","4":"has-post-thumbnail","6":"product_cat-big-holiday-sale","7":"product_cat-gana","8":"product_cat-gana-rd","9":"product_cat-soft","10":"product_tag-93","11":"product_tag-anti-wrinkle","12":"product_tag-crows-feet","13":"product_tag-face","14":"product_tag-fine-lines","15":"product_tag-forehead","16":"product_tag-forehead-wrinkles","17":"product_tag-hyaluronic-acid-ha-fillers","18":"product_tag-low-density","19":"product_tag-nasolacrimal-furrows","20":"product_tag-periorbital-area","21":"product_tag-smoothing","22":"product_tag-south-korea","23":"product_tag-under-eye","24":"product_tag-up-to-9-months","25":"product_tag-upper-dermis","26":"product_tag-wrinkles-around-the-eyes","28":"first","29":"outofstock","30":"sale","31":"taxable","32":"shipping-taxable","33":"purchasable","34":"product-type-simple"},"acf":[],"yoast_head":"<!-- This site is optimized with the Yoast SEO plugin v27.3 - https:\/\/yoast.com\/product\/yoast-seo-wordpress\/ -->\n<title>Buy GANA HA Type C - 1 x 1.2ml - Fillers from My Lip Filler<\/title>\n<meta name=\"description\" content=\"\u2765Buy GANA HA Type C - 1 x 1.2ml \u23e9 My Lip Filler online store \u27a6 Quality assurance, reviews, ingredients, best prices!\" \/>\n<meta name=\"robots\" content=\"index, follow, max-snippet:-1, max-image-preview:large, max-video-preview:-1\" \/>\n<link rel=\"canonical\" href=\"https:\/\/mylipfiller.com\/es\/gana-ha-type-c-1-x-1-2ml\/\" \/>\n<meta property=\"og:locale\" content=\"es_MX\" \/>\n<meta property=\"og:type\" content=\"article\" \/>\n<meta property=\"og:title\" content=\"Buy GANA HA Type C - 1 x 1.2ml - Fillers from My Lip Filler\" \/>\n<meta property=\"og:description\" content=\"\u2765Buy GANA HA Type C - 1 x 1.2ml \u23e9 My Lip Filler online store \u27a6 Quality assurance, reviews, ingredients, best prices!\" \/>\n<meta property=\"og:url\" content=\"https:\/\/mylipfiller.com\/es\/gana-ha-type-c-1-x-1-2ml\/\" \/>\n<meta property=\"og:site_name\" content=\"My Lip Filler\" \/>\n<meta property=\"article:modified_time\" content=\"2024-07-03T15:32:56+00:00\" \/>\n<meta property=\"og:image\" content=\"https:\/\/cdn.mylipfiller.com\/wp-content\/uploads\/2019\/07\/Gana-Type-C.jpg\" \/>\n\t<meta property=\"og:image:width\" content=\"600\" \/>\n\t<meta property=\"og:image:height\" content=\"600\" \/>\n\t<meta property=\"og:image:type\" content=\"image\/jpeg\" \/>\n<meta name=\"twitter:card\" content=\"summary_large_image\" \/>\n<meta name=\"twitter:label1\" content=\"Tiempo de lectura\" \/>\n\t<meta name=\"twitter:data1\" content=\"2 minutos\" \/>\n<script type=\"application\/ld+json\" class=\"yoast-schema-graph\">{\"@context\":\"https:\\\/\\\/schema.org\",\"@graph\":[{\"@type\":\"WebPage\",\"@id\":\"https:\\\/\\\/mylipfiller.com\\\/gana-ha-type-c-1-x-1-2ml\\\/\",\"url\":\"https:\\\/\\\/mylipfiller.com\\\/gana-ha-type-c-1-x-1-2ml\\\/\",\"name\":\"Buy GANA HA Type C - 1 x 1.2ml - Fillers from My Lip Filler\",\"isPartOf\":{\"@id\":\"https:\\\/\\\/mylipfiller.com\\\/#website\"},\"primaryImageOfPage\":{\"@id\":\"https:\\\/\\\/mylipfiller.com\\\/gana-ha-type-c-1-x-1-2ml\\\/#primaryimage\"},\"image\":{\"@id\":\"https:\\\/\\\/mylipfiller.com\\\/gana-ha-type-c-1-x-1-2ml\\\/#primaryimage\"},\"thumbnailUrl\":\"https:\\\/\\\/mylipfiller.com\\\/wp-content\\\/uploads\\\/2019\\\/07\\\/Gana-Type-C.jpg\",\"datePublished\":\"2019-07-24T13:35:02+00:00\",\"dateModified\":\"2024-07-03T15:32:56+00:00\",\"description\":\"\u2765Buy GANA HA Type C - 1 x 1.2ml \u23e9 My Lip Filler online store \u27a6 Quality assurance, reviews, ingredients, best prices!\",\"breadcrumb\":{\"@id\":\"https:\\\/\\\/mylipfiller.com\\\/gana-ha-type-c-1-x-1-2ml\\\/#breadcrumb\"},\"inLanguage\":\"es\",\"potentialAction\":[{\"@type\":\"ReadAction\",\"target\":[\"https:\\\/\\\/mylipfiller.com\\\/gana-ha-type-c-1-x-1-2ml\\\/\"]}]},{\"@type\":\"ImageObject\",\"inLanguage\":\"es\",\"@id\":\"https:\\\/\\\/mylipfiller.com\\\/gana-ha-type-c-1-x-1-2ml\\\/#primaryimage\",\"url\":\"https:\\\/\\\/mylipfiller.com\\\/wp-content\\\/uploads\\\/2019\\\/07\\\/Gana-Type-C.jpg\",\"contentUrl\":\"https:\\\/\\\/mylipfiller.com\\\/wp-content\\\/uploads\\\/2019\\\/07\\\/Gana-Type-C.jpg\",\"width\":600,\"height\":600,\"caption\":\"Gana Type C\"},{\"@type\":\"BreadcrumbList\",\"@id\":\"https:\\\/\\\/mylipfiller.com\\\/gana-ha-type-c-1-x-1-2ml\\\/#breadcrumb\",\"itemListElement\":[{\"@type\":\"ListItem\",\"position\":1,\"name\":\"Home\",\"item\":\"https:\\\/\\\/mylipfiller.com\\\/\"},{\"@type\":\"ListItem\",\"position\":2,\"name\":\"Shop\",\"item\":\"https:\\\/\\\/mylipfiller.com\\\/shop\\\/\"},{\"@type\":\"ListItem\",\"position\":3,\"name\":\"GANA HA Type C &#8211; 1 x 1.2ml\"}]},{\"@type\":\"WebSite\",\"@id\":\"https:\\\/\\\/mylipfiller.com\\\/#website\",\"url\":\"https:\\\/\\\/mylipfiller.com\\\/\",\"name\":\"My Lip Filler\",\"description\":\"Hyaluronic Acid Lip and Dermal Fillers\",\"publisher\":{\"@id\":\"https:\\\/\\\/mylipfiller.com\\\/#organization\"},\"potentialAction\":[{\"@type\":\"SearchAction\",\"target\":{\"@type\":\"EntryPoint\",\"urlTemplate\":\"https:\\\/\\\/mylipfiller.com\\\/?s={search_term_string}\"},\"query-input\":{\"@type\":\"PropertyValueSpecification\",\"valueRequired\":true,\"valueName\":\"search_term_string\"}}],\"inLanguage\":\"es\"},{\"@type\":\"Organization\",\"@id\":\"https:\\\/\\\/mylipfiller.com\\\/#organization\",\"name\":\"My Lip Filler\",\"url\":\"https:\\\/\\\/mylipfiller.com\\\/\",\"logo\":{\"@type\":\"ImageObject\",\"inLanguage\":\"es\",\"@id\":\"https:\\\/\\\/mylipfiller.com\\\/#\\\/schema\\\/logo\\\/image\\\/\",\"url\":\"https:\\\/\\\/mylipfiller.com\\\/wp-content\\\/uploads\\\/2019\\\/02\\\/cropped-My-Lip-Filler-Logo.png\",\"contentUrl\":\"https:\\\/\\\/mylipfiller.com\\\/wp-content\\\/uploads\\\/2019\\\/02\\\/cropped-My-Lip-Filler-Logo.png\",\"width\":240,\"height\":88,\"caption\":\"My Lip Filler\"},\"image\":{\"@id\":\"https:\\\/\\\/mylipfiller.com\\\/#\\\/schema\\\/logo\\\/image\\\/\"}}]}<\/script>\n<!-- \/ Yoast SEO plugin. -->","yoast_head_json":{"title":"Comprar GANA HA Type C - 1 x 1,2 ml - Rellenos de My Lip Filler","description":"\u2765Compra GANA HA Type C - 1 x 1,2 ml \u23e9 Tienda online My Lip Filler \u27a6 Garant\u00eda de calidad, rese\u00f1as, ingredientes, \u00a1los mejores precios!","robots":{"index":"index","follow":"follow","max-snippet":"max-snippet:-1","max-image-preview":"max-image-preview:large","max-video-preview":"max-video-preview:-1"},"canonical":"https:\/\/mylipfiller.com\/es\/gana-ha-type-c-1-x-1-2ml\/","og_locale":"es_MX","og_type":"article","og_title":"Buy GANA HA Type C - 1 x 1.2ml - Fillers from My Lip Filler","og_description":"\u2765Buy GANA HA Type C - 1 x 1.2ml \u23e9 My Lip Filler online store \u27a6 Quality assurance, reviews, ingredients, best prices!","og_url":"https:\/\/mylipfiller.com\/es\/gana-ha-type-c-1-x-1-2ml\/","og_site_name":"My Lip Filler","article_modified_time":"2024-07-03T15:32:56+00:00","og_image":[{"width":600,"height":600,"url":"https:\/\/cdn.mylipfiller.com\/wp-content\/uploads\/2019\/07\/Gana-Type-C.jpg","type":"image\/jpeg"}],"twitter_card":"summary_large_image","twitter_misc":{"Tiempo de lectura":"2 minutos"},"schema":{"@context":"https:\/\/schema.org","@graph":[{"@type":"WebPage","@id":"https:\/\/mylipfiller.com\/gana-ha-type-c-1-x-1-2ml\/","url":"https:\/\/mylipfiller.com\/gana-ha-type-c-1-x-1-2ml\/","name":"Comprar GANA HA Type C - 1 x 1,2 ml - Rellenos de My Lip Filler","isPartOf":{"@id":"https:\/\/mylipfiller.com\/#website"},"primaryImageOfPage":{"@id":"https:\/\/mylipfiller.com\/gana-ha-type-c-1-x-1-2ml\/#primaryimage"},"image":{"@id":"https:\/\/mylipfiller.com\/gana-ha-type-c-1-x-1-2ml\/#primaryimage"},"thumbnailUrl":"https:\/\/cdn.mylipfiller.com\/wp-content\/uploads\/2019\/07\/Gana-Type-C.jpg","datePublished":"2019-07-24T13:35:02+00:00","dateModified":"2024-07-03T15:32:56+00:00","description":"\u2765Compra GANA HA Type C - 1 x 1,2 ml \u23e9 Tienda online My Lip Filler \u27a6 Garant\u00eda de calidad, rese\u00f1as, ingredientes, \u00a1los mejores precios!","breadcrumb":{"@id":"https:\/\/mylipfiller.com\/gana-ha-type-c-1-x-1-2ml\/#breadcrumb"},"inLanguage":"es","potentialAction":[{"@type":"ReadAction","target":["https:\/\/mylipfiller.com\/gana-ha-type-c-1-x-1-2ml\/"]}]},{"@type":"ImageObject","inLanguage":"es","@id":"https:\/\/mylipfiller.com\/gana-ha-type-c-1-x-1-2ml\/#primaryimage","url":"https:\/\/cdn.mylipfiller.com\/wp-content\/uploads\/2019\/07\/Gana-Type-C.jpg","contentUrl":"https:\/\/cdn.mylipfiller.com\/wp-content\/uploads\/2019\/07\/Gana-Type-C.jpg","width":600,"height":600,"caption":"Gana Type C"},{"@type":"BreadcrumbList","@id":"https:\/\/mylipfiller.com\/gana-ha-type-c-1-x-1-2ml\/#breadcrumb","itemListElement":[{"@type":"ListItem","position":1,"name":"Home","item":"https:\/\/mylipfiller.com\/"},{"@type":"ListItem","position":2,"name":"Shop","item":"https:\/\/mylipfiller.com\/shop\/"},{"@type":"ListItem","position":3,"name":"GANA HA Type C &#8211; 1 x 1.2ml"}]},{"@type":"WebSite","@id":"https:\/\/mylipfiller.com\/#website","url":"https:\/\/mylipfiller.com\/","name":"Mi relleno de labios","description":"Rellenos d\u00e9rmicos y de labios con \u00e1cido hialur\u00f3nico","publisher":{"@id":"https:\/\/mylipfiller.com\/#organization"},"potentialAction":[{"@type":"SearchAction","target":{"@type":"EntryPoint","urlTemplate":"https:\/\/mylipfiller.com\/?s={search_term_string}"},"query-input":{"@type":"PropertyValueSpecification","valueRequired":true,"valueName":"search_term_string"}}],"inLanguage":"es"},{"@type":"Organization","@id":"https:\/\/mylipfiller.com\/#organization","name":"Mi relleno de labios","url":"https:\/\/mylipfiller.com\/","logo":{"@type":"ImageObject","inLanguage":"es","@id":"https:\/\/mylipfiller.com\/#\/schema\/logo\/image\/","url":"https:\/\/cdn.mylipfiller.com\/wp-content\/uploads\/2019\/02\/cropped-My-Lip-Filler-Logo.png","contentUrl":"https:\/\/cdn.mylipfiller.com\/wp-content\/uploads\/2019\/02\/cropped-My-Lip-Filler-Logo.png","width":240,"height":88,"caption":"My Lip Filler"},"image":{"@id":"https:\/\/mylipfiller.com\/#\/schema\/logo\/image\/"}}]}},"_links":{"self":[{"href":"https:\/\/mylipfiller.com\/es\/wp-json\/wp\/v2\/product\/2972","targetHints":{"allow":["GET"]}}],"collection":[{"href":"https:\/\/mylipfiller.com\/es\/wp-json\/wp\/v2\/product"}],"about":[{"href":"https:\/\/mylipfiller.com\/es\/wp-json\/wp\/v2\/types\/product"}],"wp:featuredmedia":[{"embeddable":true,"href":"https:\/\/mylipfiller.com\/es\/wp-json\/wp\/v2\/media\/2983"}],"wp:attachment":[{"href":"https:\/\/mylipfiller.com\/es\/wp-json\/wp\/v2\/media?parent=2972"}],"wp:term":[{"taxonomy":"product_brand","embeddable":true,"href":"https:\/\/mylipfiller.com\/es\/wp-json\/wp\/v2\/product_brand?post=2972"},{"taxonomy":"product_cat","embeddable":true,"href":"https:\/\/mylipfiller.com\/es\/wp-json\/wp\/v2\/product_cat?post=2972"},{"taxonomy":"product_tag","embeddable":true,"href":"https:\/\/mylipfiller.com\/es\/wp-json\/wp\/v2\/product_tag?post=2972"}],"curies":[{"name":"gracias","href":"https:\/\/api.w.org\/{rel}","templated":true}]}}