{"id":2973,"date":"2019-07-24T15:35:13","date_gmt":"2019-07-24T13:35:13","guid":{"rendered":"https:\/\/mylipfiller.com\/?post_type=product&#038;p=2973"},"modified":"2024-07-03T17:32:56","modified_gmt":"2024-07-03T15:32:56","slug":"gana-ph-plla-ha-filler-1-x-1-2ml","status":"publish","type":"product","link":"https:\/\/mylipfiller.com\/es\/gana-ph-plla-ha-filler-1-x-1-2ml\/","title":{"rendered":"GANA PH (relleno PLLA + HA) - 1 x 1.2ml"},"content":{"rendered":"<h3>Contorno facial y eliminaci\u00f3n de arrugas sin riesgos<\/h3>\n<p>Muchos pacientes se mantienen alejados de las inyecciones de relleno de PLLA porque se clasifican como geles inyectables semipermanentes. Pero GANA PH es una raza diferente de relleno de tejidos blandos de grado profesional porque est\u00e1 compuesto de <u>\u00e1cido hialur\u00f3nico no animal<\/u> y un <u>\u00c1cido poli-L-l\u00e1ctico de primera calidad<\/u>. Esta combinaci\u00f3n especial le permite brindar a los pacientes un realce de aspecto natural de las mejillas, aumento del ment\u00f3n y reestructuraci\u00f3n del puente de la nariz en cuesti\u00f3n de minutos a trav\u00e9s de un procedimiento simple, no quir\u00fargico que ni siquiera requiere tiempo de recuperaci\u00f3n. los <em>correcci\u00f3n eficaz de las arrugas faciales<\/em> y depresiones tambi\u00e9n es una misi\u00f3n posible con este relleno antienvejecimiento de primera categor\u00eda de GANA R&amp;D. Sin embargo, debido a la textura firme y la alta concentraci\u00f3n de gel de este producto, es principalmente adecuado para la eliminaci\u00f3n de arrugas y pliegues profundos a severos y no debe inyectarse en \u00e1reas suaves (alrededor de los ojos o la boca).<\/p>\n<h3>Principales ventajas de GANA PH<\/h3>\n<p>Hay muchas razones por las que cirujanos pl\u00e1sticos examinados de todo el mundo eligen GANA PH. Este innovador relleno de PLLA y HA ofrece muchos beneficios incre\u00edbles, entre los que se encuentran:<\/p>\n<ul>\n<li>Sin tasa de migraci\u00f3n<\/li>\n<li><strong>Cero tiempo de inactividad<\/strong><\/li>\n<li><strong>Durabilidad de hasta 3 a\u00f1os.<\/strong><\/li>\n<li>Reduce los efectos posteriores al tratamiento.<\/li>\n<li>Efectos inmediatos<\/li>\n<li>Biodegradaci\u00f3n y compatibilidad biol\u00f3gica garantizadas<\/li>\n<li><u>Estimulaci\u00f3n de la producci\u00f3n de col\u00e1geno.<\/u><\/li>\n<\/ul>\n<p>Con My Lip Filler, los clientes disfrutan de otra gran ventaja: un precio competitivo.<\/p>","protected":false},"excerpt":{"rendered":"<p>GANA PH puede describirse como un <u>relleno d\u00e9rmico avanzado<\/u> que tiene las propiedades de los geles inyectables HA y PLLA, es decir, biocompatibilidad 100%, excelentes poderes de hidrataci\u00f3n de la piel y una longevidad de efectos dif\u00edciles de igualar. \u00bfEs secreto? Contiene ambas sustancias, proporcionando un aumento equilibrado y <em>remodelaci\u00f3n de mejillas, nariz y ment\u00f3n<\/em>, as\u00ed como una r\u00e1pida eliminaci\u00f3n de arrugas profundas. My Lip Filler es el lugar ideal si desea este producto confiable que aumenta el col\u00e1geno.<\/p>","protected":false},"featured_media":2984,"template":"","meta":{"_acf_changed":false},"product_brand":[],"product_cat":[52,162,34,18],"product_tag":[123,131,115,114,111,118,142,135,137,124],"class_list":{"0":"post-2973","1":"product","2":"type-product","3":"status-publish","4":"has-post-thumbnail","6":"product_cat-gana","7":"product_cat-gana-rd","8":"product_cat-hard","9":"product_cat-mesotherapy","10":"product_tag-asymmetry","11":"product_tag-cheekbone-contour","12":"product_tag-cheekbones","13":"product_tag-chin","14":"product_tag-face","15":"product_tag-high-density","16":"product_tag-modeling","17":"product_tag-small-chin","18":"product_tag-south-korea","19":"product_tag-volume","21":"first","22":"outofstock","23":"taxable","24":"shipping-taxable","25":"purchasable","26":"product-type-simple"},"acf":[],"yoast_head":"<!-- This site is optimized with the Yoast SEO plugin v27.2 - https:\/\/yoast.com\/product\/yoast-seo-wordpress\/ -->\n<title>Buy GANA PH (PLLA + HA filler) \u2013 1 x 1.2ml - Fillers from My Lip Filler<\/title>\n<meta name=\"description\" content=\"\u2765Buy GANA PH (PLLA + HA filler) \u2013 1 x 1.2ml \u23e9 My Lip Filler online store \u27a6 Quality assurance, reviews, ingredients, best prices!\" \/>\n<meta name=\"robots\" content=\"index, follow, max-snippet:-1, max-image-preview:large, max-video-preview:-1\" \/>\n<link rel=\"canonical\" href=\"https:\/\/mylipfiller.com\/es\/gana-ph-plla-ha-filler-1-x-1-2ml\/\" \/>\n<meta property=\"og:locale\" content=\"es_MX\" \/>\n<meta property=\"og:type\" content=\"article\" \/>\n<meta property=\"og:title\" content=\"Buy GANA PH (PLLA + HA filler) \u2013 1 x 1.2ml - Fillers from My Lip Filler\" \/>\n<meta property=\"og:description\" content=\"\u2765Buy GANA PH (PLLA + HA filler) \u2013 1 x 1.2ml \u23e9 My Lip Filler online store \u27a6 Quality assurance, reviews, ingredients, best prices!\" \/>\n<meta property=\"og:url\" content=\"https:\/\/mylipfiller.com\/es\/gana-ph-plla-ha-filler-1-x-1-2ml\/\" \/>\n<meta property=\"og:site_name\" content=\"My Lip Filler\" \/>\n<meta property=\"article:modified_time\" content=\"2024-07-03T15:32:56+00:00\" \/>\n<meta property=\"og:image\" content=\"https:\/\/cdn.mylipfiller.com\/wp-content\/uploads\/2019\/07\/GANA-PH.jpg\" \/>\n\t<meta property=\"og:image:width\" content=\"600\" \/>\n\t<meta property=\"og:image:height\" content=\"600\" \/>\n\t<meta property=\"og:image:type\" content=\"image\/jpeg\" \/>\n<meta name=\"twitter:card\" content=\"summary_large_image\" \/>\n<meta name=\"twitter:label1\" content=\"Tiempo de lectura\" \/>\n\t<meta name=\"twitter:data1\" content=\"2 minutos\" \/>\n<script type=\"application\/ld+json\" class=\"yoast-schema-graph\">{\"@context\":\"https:\/\/schema.org\",\"@graph\":[{\"@type\":\"WebPage\",\"@id\":\"https:\/\/mylipfiller.com\/gana-ph-plla-ha-filler-1-x-1-2ml\/\",\"url\":\"https:\/\/mylipfiller.com\/gana-ph-plla-ha-filler-1-x-1-2ml\/\",\"name\":\"Buy GANA PH (PLLA + HA filler) \u2013 1 x 1.2ml - Fillers from My Lip Filler\",\"isPartOf\":{\"@id\":\"https:\/\/mylipfiller.com\/#website\"},\"primaryImageOfPage\":{\"@id\":\"https:\/\/mylipfiller.com\/gana-ph-plla-ha-filler-1-x-1-2ml\/#primaryimage\"},\"image\":{\"@id\":\"https:\/\/mylipfiller.com\/gana-ph-plla-ha-filler-1-x-1-2ml\/#primaryimage\"},\"thumbnailUrl\":\"https:\/\/cdn.mylipfiller.com\/wp-content\/uploads\/2019\/07\/GANA-PH.jpg\",\"datePublished\":\"2019-07-24T13:35:13+00:00\",\"dateModified\":\"2024-07-03T15:32:56+00:00\",\"description\":\"\u2765Buy GANA PH (PLLA + HA filler) \u2013 1 x 1.2ml \u23e9 My Lip Filler online store \u27a6 Quality assurance, reviews, ingredients, best prices!\",\"breadcrumb\":{\"@id\":\"https:\/\/mylipfiller.com\/gana-ph-plla-ha-filler-1-x-1-2ml\/#breadcrumb\"},\"inLanguage\":\"es\",\"potentialAction\":[{\"@type\":\"ReadAction\",\"target\":[\"https:\/\/mylipfiller.com\/gana-ph-plla-ha-filler-1-x-1-2ml\/\"]}]},{\"@type\":\"ImageObject\",\"inLanguage\":\"es\",\"@id\":\"https:\/\/mylipfiller.com\/gana-ph-plla-ha-filler-1-x-1-2ml\/#primaryimage\",\"url\":\"https:\/\/cdn.mylipfiller.com\/wp-content\/uploads\/2019\/07\/GANA-PH.jpg\",\"contentUrl\":\"https:\/\/cdn.mylipfiller.com\/wp-content\/uploads\/2019\/07\/GANA-PH.jpg\",\"width\":600,\"height\":600,\"caption\":\"GANA PH\"},{\"@type\":\"BreadcrumbList\",\"@id\":\"https:\/\/mylipfiller.com\/gana-ph-plla-ha-filler-1-x-1-2ml\/#breadcrumb\",\"itemListElement\":[{\"@type\":\"ListItem\",\"position\":1,\"name\":\"Home\",\"item\":\"https:\/\/mylipfiller.com\/\"},{\"@type\":\"ListItem\",\"position\":2,\"name\":\"Shop\",\"item\":\"https:\/\/mylipfiller.com\/shop\/\"},{\"@type\":\"ListItem\",\"position\":3,\"name\":\"GANA PH (PLLA + HA filler) \u2013 1 x 1.2ml\"}]},{\"@type\":\"WebSite\",\"@id\":\"https:\/\/mylipfiller.com\/#website\",\"url\":\"https:\/\/mylipfiller.com\/\",\"name\":\"My Lip Filler\",\"description\":\"Hyaluronic Acid Lip and Dermal Fillers\",\"publisher\":{\"@id\":\"https:\/\/mylipfiller.com\/#organization\"},\"potentialAction\":[{\"@type\":\"SearchAction\",\"target\":{\"@type\":\"EntryPoint\",\"urlTemplate\":\"https:\/\/mylipfiller.com\/?s={search_term_string}\"},\"query-input\":{\"@type\":\"PropertyValueSpecification\",\"valueRequired\":true,\"valueName\":\"search_term_string\"}}],\"inLanguage\":\"es\"},{\"@type\":\"Organization\",\"@id\":\"https:\/\/mylipfiller.com\/#organization\",\"name\":\"My Lip Filler\",\"url\":\"https:\/\/mylipfiller.com\/\",\"logo\":{\"@type\":\"ImageObject\",\"inLanguage\":\"es\",\"@id\":\"https:\/\/mylipfiller.com\/#\/schema\/logo\/image\/\",\"url\":\"https:\/\/cdn.mylipfiller.com\/wp-content\/uploads\/2019\/02\/cropped-My-Lip-Filler-Logo.png\",\"contentUrl\":\"https:\/\/cdn.mylipfiller.com\/wp-content\/uploads\/2019\/02\/cropped-My-Lip-Filler-Logo.png\",\"width\":240,\"height\":88,\"caption\":\"My Lip Filler\"},\"image\":{\"@id\":\"https:\/\/mylipfiller.com\/#\/schema\/logo\/image\/\"}}]}<\/script>\n<!-- \/ Yoast SEO plugin. -->","yoast_head_json":{"title":"Compre GANA PH (relleno PLLA + HA) - 1 x 1,2 ml - Rellenos de My Lip Filler","description":"\u2765Compre GANA PH (relleno PLLA + HA) - 1 x 1,2 ml \u23e9 Tienda online My Lip Filler \u27a6 Garant\u00eda de calidad, rese\u00f1as, ingredientes, \u00a1los mejores precios!","robots":{"index":"index","follow":"follow","max-snippet":"max-snippet:-1","max-image-preview":"max-image-preview:large","max-video-preview":"max-video-preview:-1"},"canonical":"https:\/\/mylipfiller.com\/es\/gana-ph-plla-ha-filler-1-x-1-2ml\/","og_locale":"es_MX","og_type":"article","og_title":"Buy GANA PH (PLLA + HA filler) \u2013 1 x 1.2ml - Fillers from My Lip Filler","og_description":"\u2765Buy GANA PH (PLLA + HA filler) \u2013 1 x 1.2ml \u23e9 My Lip Filler online store \u27a6 Quality assurance, reviews, ingredients, best prices!","og_url":"https:\/\/mylipfiller.com\/es\/gana-ph-plla-ha-filler-1-x-1-2ml\/","og_site_name":"My Lip Filler","article_modified_time":"2024-07-03T15:32:56+00:00","og_image":[{"width":600,"height":600,"url":"https:\/\/cdn.mylipfiller.com\/wp-content\/uploads\/2019\/07\/GANA-PH.jpg","type":"image\/jpeg"}],"twitter_card":"summary_large_image","twitter_misc":{"Tiempo de lectura":"2 minutos"},"schema":{"@context":"https:\/\/schema.org","@graph":[{"@type":"WebPage","@id":"https:\/\/mylipfiller.com\/gana-ph-plla-ha-filler-1-x-1-2ml\/","url":"https:\/\/mylipfiller.com\/gana-ph-plla-ha-filler-1-x-1-2ml\/","name":"Compre GANA PH (relleno PLLA + HA) - 1 x 1,2 ml - Rellenos de My Lip Filler","isPartOf":{"@id":"https:\/\/mylipfiller.com\/#website"},"primaryImageOfPage":{"@id":"https:\/\/mylipfiller.com\/gana-ph-plla-ha-filler-1-x-1-2ml\/#primaryimage"},"image":{"@id":"https:\/\/mylipfiller.com\/gana-ph-plla-ha-filler-1-x-1-2ml\/#primaryimage"},"thumbnailUrl":"https:\/\/cdn.mylipfiller.com\/wp-content\/uploads\/2019\/07\/GANA-PH.jpg","datePublished":"2019-07-24T13:35:13+00:00","dateModified":"2024-07-03T15:32:56+00:00","description":"\u2765Compre GANA PH (relleno PLLA + HA) - 1 x 1,2 ml \u23e9 Tienda online My Lip Filler \u27a6 Garant\u00eda de calidad, rese\u00f1as, ingredientes, \u00a1los mejores precios!","breadcrumb":{"@id":"https:\/\/mylipfiller.com\/gana-ph-plla-ha-filler-1-x-1-2ml\/#breadcrumb"},"inLanguage":"es","potentialAction":[{"@type":"ReadAction","target":["https:\/\/mylipfiller.com\/gana-ph-plla-ha-filler-1-x-1-2ml\/"]}]},{"@type":"ImageObject","inLanguage":"es","@id":"https:\/\/mylipfiller.com\/gana-ph-plla-ha-filler-1-x-1-2ml\/#primaryimage","url":"https:\/\/cdn.mylipfiller.com\/wp-content\/uploads\/2019\/07\/GANA-PH.jpg","contentUrl":"https:\/\/cdn.mylipfiller.com\/wp-content\/uploads\/2019\/07\/GANA-PH.jpg","width":600,"height":600,"caption":"GANA PH"},{"@type":"BreadcrumbList","@id":"https:\/\/mylipfiller.com\/gana-ph-plla-ha-filler-1-x-1-2ml\/#breadcrumb","itemListElement":[{"@type":"ListItem","position":1,"name":"Home","item":"https:\/\/mylipfiller.com\/"},{"@type":"ListItem","position":2,"name":"Shop","item":"https:\/\/mylipfiller.com\/shop\/"},{"@type":"ListItem","position":3,"name":"GANA PH (PLLA + HA filler) \u2013 1 x 1.2ml"}]},{"@type":"WebSite","@id":"https:\/\/mylipfiller.com\/#website","url":"https:\/\/mylipfiller.com\/","name":"Mi relleno de labios","description":"Rellenos d\u00e9rmicos y de labios con \u00e1cido hialur\u00f3nico","publisher":{"@id":"https:\/\/mylipfiller.com\/#organization"},"potentialAction":[{"@type":"SearchAction","target":{"@type":"EntryPoint","urlTemplate":"https:\/\/mylipfiller.com\/?s={search_term_string}"},"query-input":{"@type":"PropertyValueSpecification","valueRequired":true,"valueName":"search_term_string"}}],"inLanguage":"es"},{"@type":"Organization","@id":"https:\/\/mylipfiller.com\/#organization","name":"Mi relleno de labios","url":"https:\/\/mylipfiller.com\/","logo":{"@type":"ImageObject","inLanguage":"es","@id":"https:\/\/mylipfiller.com\/#\/schema\/logo\/image\/","url":"https:\/\/cdn.mylipfiller.com\/wp-content\/uploads\/2019\/02\/cropped-My-Lip-Filler-Logo.png","contentUrl":"https:\/\/cdn.mylipfiller.com\/wp-content\/uploads\/2019\/02\/cropped-My-Lip-Filler-Logo.png","width":240,"height":88,"caption":"My Lip Filler"},"image":{"@id":"https:\/\/mylipfiller.com\/#\/schema\/logo\/image\/"}}]}},"_links":{"self":[{"href":"https:\/\/mylipfiller.com\/es\/wp-json\/wp\/v2\/product\/2973","targetHints":{"allow":["GET"]}}],"collection":[{"href":"https:\/\/mylipfiller.com\/es\/wp-json\/wp\/v2\/product"}],"about":[{"href":"https:\/\/mylipfiller.com\/es\/wp-json\/wp\/v2\/types\/product"}],"wp:featuredmedia":[{"embeddable":true,"href":"https:\/\/mylipfiller.com\/es\/wp-json\/wp\/v2\/media\/2984"}],"wp:attachment":[{"href":"https:\/\/mylipfiller.com\/es\/wp-json\/wp\/v2\/media?parent=2973"}],"wp:term":[{"taxonomy":"product_brand","embeddable":true,"href":"https:\/\/mylipfiller.com\/es\/wp-json\/wp\/v2\/product_brand?post=2973"},{"taxonomy":"product_cat","embeddable":true,"href":"https:\/\/mylipfiller.com\/es\/wp-json\/wp\/v2\/product_cat?post=2973"},{"taxonomy":"product_tag","embeddable":true,"href":"https:\/\/mylipfiller.com\/es\/wp-json\/wp\/v2\/product_tag?post=2973"}],"curies":[{"name":"gracias","href":"https:\/\/api.w.org\/{rel}","templated":true}]}}