{"id":2974,"date":"2019-07-24T15:35:20","date_gmt":"2019-07-24T13:35:20","guid":{"rendered":"https:\/\/mylipfiller.com\/?post_type=product&#038;p=2974"},"modified":"2024-07-03T17:32:55","modified_gmt":"2024-07-03T15:32:55","slug":"gana-pns-pdrn-filler-1-x-1-2ml","status":"publish","type":"product","link":"https:\/\/mylipfiller.com\/es\/gana-pns-pdrn-filler-1-x-1-2ml\/","title":{"rendered":"GANA PNS (relleno de PDRN) - 1 x 1,2 ml"},"content":{"rendered":"<h3>Relleno HA de excelente calidad con PDRN<\/h3>\n<p>En esencia, GANA PNS es un relleno a base de HA de alta calidad, por lo que hace un excelente trabajo en <u>restaurar el equilibrio h\u00eddrico de la piel<\/u>, proporcionando a los pacientes una apariencia renovada y rejuvenecida, <em>l\u00edneas de relleno temporales y arrugas<\/em>, etc. Sin embargo, tambi\u00e9n presenta 2% de PDRN que es conocido por sus impresionantes propiedades para esculpir el rostro. Este ingrediente especial tambi\u00e9n puede reparar las c\u00e9lulas da\u00f1adas para brindar resultados antienvejecimiento m\u00e1s duraderos y efectivos.<\/p>\n<h3>\u00bfGANA PNS tiene alguna contraindicaci\u00f3n?<\/h3>\n<p>Uno de los principales ingredientes activos de este relleno d\u00e9rmico de venta r\u00e1pida es el PDRN, que es una sustancia derivada de la extracci\u00f3n de esperma de salm\u00f3n. A pesar del origen animal de este excelente gel inyectable, <u>no oculta ning\u00fan riesgo para los pacientes<\/u>. En el caso de los efectos secundarios, estos generalmente no son causados por el producto en s\u00ed por el procedimiento de inyecci\u00f3n. Por lo tanto, incluso si se producen reacciones no deseadas despu\u00e9s del tratamiento, se limitar\u00e1n a uno o m\u00e1s de los siguientes s\u00edntomas temporales:<\/p>\n<ul>\n<li><em>Sensibilidad y ternura<\/em><\/li>\n<li><em>Picaz\u00f3n y enrojecimiento<\/em><\/li>\n<li><em>Moretones<\/em><\/li>\n<li><em>Hinchaz\u00f3n<\/em><\/li>\n<\/ul>\n<p>Sin embargo, los m\u00e9dicos deben abstenerse de usar este relleno de piel confiable en mujeres embarazadas o lactantes, personas que toman medicamentos anticoagulantes o personas al\u00e9rgicas al polidesoxirribonucle\u00f3tido. Haga su pedido en My Lip Filler hoy y le entregaremos r\u00e1pidamente este avanzado producto a su puerta.<\/p>","protected":false},"excerpt":{"rendered":"<p>El PDRN o polidesoxirribonucle\u00f3tido es un ingrediente robusto que tiene excelentes superpoderes antienvejecimiento. Es por eso que la empresa biotecnol\u00f3gica coreana GANA R&amp;D ha basado su <u>relleno de tejidos blandos de primer nivel GANA PNS <\/u>es decir, en \u00e9l. Junto con eso, ha agregado un excelente \u00e1cido hialur\u00f3nico al gel para que los pacientes puedan disfrutar de una terapia de rejuvenecimiento cosm\u00e9tico integral que suaviza las arrugas. <em>repara las c\u00e9lulas de la piel<\/em> y m\u00e1s. My Lip Filler es un minorista en l\u00ednea con licencia que ofrece este fant\u00e1stico producto.<\/p>","protected":false},"featured_media":2985,"template":"","meta":{"_acf_changed":false},"product_brand":[],"product_cat":[52,162,18,32],"product_tag":[138,123,111,118,147,145,143,139,137,122,124],"class_list":{"0":"post-2974","1":"product","2":"type-product","3":"status-publish","4":"has-post-thumbnail","6":"product_cat-gana","7":"product_cat-gana-rd","8":"product_cat-mesotherapy","9":"product_cat-soft","10":"product_tag-anti-aging","11":"product_tag-asymmetry","12":"product_tag-face","13":"product_tag-high-density","14":"product_tag-moisturizing","15":"product_tag-nourishing","16":"product_tag-rejuvenating","17":"product_tag-restoration","18":"product_tag-south-korea","19":"product_tag-up-to-18-months","20":"product_tag-volume","22":"first","23":"outofstock","24":"taxable","25":"shipping-taxable","26":"purchasable","27":"product-type-simple"},"acf":[],"yoast_head":"<!-- This site is optimized with the Yoast SEO plugin v27.3 - https:\/\/yoast.com\/product\/yoast-seo-wordpress\/ -->\n<title>Buy GANA PNS (PDRN filler) \u2013 1 x 1.2ml - Fillers from My Lip Filler<\/title>\n<meta name=\"description\" content=\"\u2765Buy GANA PNS (PDRN filler) \u2013 1 x 1.2ml \u23e9 My Lip Filler online store \u27a6 Quality assurance, reviews, ingredients, best prices!\" \/>\n<meta name=\"robots\" content=\"index, follow, max-snippet:-1, max-image-preview:large, max-video-preview:-1\" \/>\n<link rel=\"canonical\" href=\"https:\/\/mylipfiller.com\/es\/gana-pns-pdrn-filler-1-x-1-2ml\/\" \/>\n<meta property=\"og:locale\" content=\"es_MX\" \/>\n<meta property=\"og:type\" content=\"article\" \/>\n<meta property=\"og:title\" content=\"Buy GANA PNS (PDRN filler) \u2013 1 x 1.2ml - Fillers from My Lip Filler\" \/>\n<meta property=\"og:description\" content=\"\u2765Buy GANA PNS (PDRN filler) \u2013 1 x 1.2ml \u23e9 My Lip Filler online store \u27a6 Quality assurance, reviews, ingredients, best prices!\" \/>\n<meta property=\"og:url\" content=\"https:\/\/mylipfiller.com\/es\/gana-pns-pdrn-filler-1-x-1-2ml\/\" \/>\n<meta property=\"og:site_name\" content=\"My Lip Filler\" \/>\n<meta property=\"article:modified_time\" content=\"2024-07-03T15:32:55+00:00\" \/>\n<meta property=\"og:image\" content=\"https:\/\/cdn.mylipfiller.com\/wp-content\/uploads\/2019\/07\/GANA-PNS.jpg\" \/>\n\t<meta property=\"og:image:width\" content=\"600\" \/>\n\t<meta property=\"og:image:height\" content=\"600\" \/>\n\t<meta property=\"og:image:type\" content=\"image\/jpeg\" \/>\n<meta name=\"twitter:card\" content=\"summary_large_image\" \/>\n<meta name=\"twitter:label1\" content=\"Tiempo de lectura\" \/>\n\t<meta name=\"twitter:data1\" content=\"1 minuto\" \/>\n<script type=\"application\/ld+json\" class=\"yoast-schema-graph\">{\"@context\":\"https:\\\/\\\/schema.org\",\"@graph\":[{\"@type\":\"WebPage\",\"@id\":\"https:\\\/\\\/mylipfiller.com\\\/gana-pns-pdrn-filler-1-x-1-2ml\\\/\",\"url\":\"https:\\\/\\\/mylipfiller.com\\\/gana-pns-pdrn-filler-1-x-1-2ml\\\/\",\"name\":\"Buy GANA PNS (PDRN filler) \u2013 1 x 1.2ml - Fillers from My Lip Filler\",\"isPartOf\":{\"@id\":\"https:\\\/\\\/mylipfiller.com\\\/#website\"},\"primaryImageOfPage\":{\"@id\":\"https:\\\/\\\/mylipfiller.com\\\/gana-pns-pdrn-filler-1-x-1-2ml\\\/#primaryimage\"},\"image\":{\"@id\":\"https:\\\/\\\/mylipfiller.com\\\/gana-pns-pdrn-filler-1-x-1-2ml\\\/#primaryimage\"},\"thumbnailUrl\":\"https:\\\/\\\/mylipfiller.com\\\/wp-content\\\/uploads\\\/2019\\\/07\\\/GANA-PNS.jpg\",\"datePublished\":\"2019-07-24T13:35:20+00:00\",\"dateModified\":\"2024-07-03T15:32:55+00:00\",\"description\":\"\u2765Buy GANA PNS (PDRN filler) \u2013 1 x 1.2ml \u23e9 My Lip Filler online store \u27a6 Quality assurance, reviews, ingredients, best prices!\",\"breadcrumb\":{\"@id\":\"https:\\\/\\\/mylipfiller.com\\\/gana-pns-pdrn-filler-1-x-1-2ml\\\/#breadcrumb\"},\"inLanguage\":\"es\",\"potentialAction\":[{\"@type\":\"ReadAction\",\"target\":[\"https:\\\/\\\/mylipfiller.com\\\/gana-pns-pdrn-filler-1-x-1-2ml\\\/\"]}]},{\"@type\":\"ImageObject\",\"inLanguage\":\"es\",\"@id\":\"https:\\\/\\\/mylipfiller.com\\\/gana-pns-pdrn-filler-1-x-1-2ml\\\/#primaryimage\",\"url\":\"https:\\\/\\\/mylipfiller.com\\\/wp-content\\\/uploads\\\/2019\\\/07\\\/GANA-PNS.jpg\",\"contentUrl\":\"https:\\\/\\\/mylipfiller.com\\\/wp-content\\\/uploads\\\/2019\\\/07\\\/GANA-PNS.jpg\",\"width\":600,\"height\":600,\"caption\":\"GANA PNS\"},{\"@type\":\"BreadcrumbList\",\"@id\":\"https:\\\/\\\/mylipfiller.com\\\/gana-pns-pdrn-filler-1-x-1-2ml\\\/#breadcrumb\",\"itemListElement\":[{\"@type\":\"ListItem\",\"position\":1,\"name\":\"Home\",\"item\":\"https:\\\/\\\/mylipfiller.com\\\/\"},{\"@type\":\"ListItem\",\"position\":2,\"name\":\"Shop\",\"item\":\"https:\\\/\\\/mylipfiller.com\\\/shop\\\/\"},{\"@type\":\"ListItem\",\"position\":3,\"name\":\"GANA PNS (PDRN filler) \u2013 1 x 1.2ml\"}]},{\"@type\":\"WebSite\",\"@id\":\"https:\\\/\\\/mylipfiller.com\\\/#website\",\"url\":\"https:\\\/\\\/mylipfiller.com\\\/\",\"name\":\"My Lip Filler\",\"description\":\"Hyaluronic Acid Lip and Dermal Fillers\",\"publisher\":{\"@id\":\"https:\\\/\\\/mylipfiller.com\\\/#organization\"},\"potentialAction\":[{\"@type\":\"SearchAction\",\"target\":{\"@type\":\"EntryPoint\",\"urlTemplate\":\"https:\\\/\\\/mylipfiller.com\\\/?s={search_term_string}\"},\"query-input\":{\"@type\":\"PropertyValueSpecification\",\"valueRequired\":true,\"valueName\":\"search_term_string\"}}],\"inLanguage\":\"es\"},{\"@type\":\"Organization\",\"@id\":\"https:\\\/\\\/mylipfiller.com\\\/#organization\",\"name\":\"My Lip Filler\",\"url\":\"https:\\\/\\\/mylipfiller.com\\\/\",\"logo\":{\"@type\":\"ImageObject\",\"inLanguage\":\"es\",\"@id\":\"https:\\\/\\\/mylipfiller.com\\\/#\\\/schema\\\/logo\\\/image\\\/\",\"url\":\"https:\\\/\\\/mylipfiller.com\\\/wp-content\\\/uploads\\\/2019\\\/02\\\/cropped-My-Lip-Filler-Logo.png\",\"contentUrl\":\"https:\\\/\\\/mylipfiller.com\\\/wp-content\\\/uploads\\\/2019\\\/02\\\/cropped-My-Lip-Filler-Logo.png\",\"width\":240,\"height\":88,\"caption\":\"My Lip Filler\"},\"image\":{\"@id\":\"https:\\\/\\\/mylipfiller.com\\\/#\\\/schema\\\/logo\\\/image\\\/\"}}]}<\/script>\n<!-- \/ Yoast SEO plugin. -->","yoast_head_json":{"title":"Compre GANA PNS (relleno PDRN) - 1 x 1,2 ml - Rellenos de My Lip Filler","description":"\u2765Compre GANA PNS (relleno PDRN) - 1 x 1,2 ml \u23e9 Tienda online My Lip Filler \u27a6 Garant\u00eda de calidad, rese\u00f1as, ingredientes, \u00a1los mejores precios!","robots":{"index":"index","follow":"follow","max-snippet":"max-snippet:-1","max-image-preview":"max-image-preview:large","max-video-preview":"max-video-preview:-1"},"canonical":"https:\/\/mylipfiller.com\/es\/gana-pns-pdrn-filler-1-x-1-2ml\/","og_locale":"es_MX","og_type":"article","og_title":"Buy GANA PNS (PDRN filler) \u2013 1 x 1.2ml - Fillers from My Lip Filler","og_description":"\u2765Buy GANA PNS (PDRN filler) \u2013 1 x 1.2ml \u23e9 My Lip Filler online store \u27a6 Quality assurance, reviews, ingredients, best prices!","og_url":"https:\/\/mylipfiller.com\/es\/gana-pns-pdrn-filler-1-x-1-2ml\/","og_site_name":"My Lip Filler","article_modified_time":"2024-07-03T15:32:55+00:00","og_image":[{"width":600,"height":600,"url":"https:\/\/cdn.mylipfiller.com\/wp-content\/uploads\/2019\/07\/GANA-PNS.jpg","type":"image\/jpeg"}],"twitter_card":"summary_large_image","twitter_misc":{"Tiempo de lectura":"1 minuto"},"schema":{"@context":"https:\/\/schema.org","@graph":[{"@type":"WebPage","@id":"https:\/\/mylipfiller.com\/gana-pns-pdrn-filler-1-x-1-2ml\/","url":"https:\/\/mylipfiller.com\/gana-pns-pdrn-filler-1-x-1-2ml\/","name":"Compre GANA PNS (relleno PDRN) - 1 x 1,2 ml - Rellenos de My Lip Filler","isPartOf":{"@id":"https:\/\/mylipfiller.com\/#website"},"primaryImageOfPage":{"@id":"https:\/\/mylipfiller.com\/gana-pns-pdrn-filler-1-x-1-2ml\/#primaryimage"},"image":{"@id":"https:\/\/mylipfiller.com\/gana-pns-pdrn-filler-1-x-1-2ml\/#primaryimage"},"thumbnailUrl":"https:\/\/cdn.mylipfiller.com\/wp-content\/uploads\/2019\/07\/GANA-PNS.jpg","datePublished":"2019-07-24T13:35:20+00:00","dateModified":"2024-07-03T15:32:55+00:00","description":"\u2765Compre GANA PNS (relleno PDRN) - 1 x 1,2 ml \u23e9 Tienda online My Lip Filler \u27a6 Garant\u00eda de calidad, rese\u00f1as, ingredientes, \u00a1los mejores precios!","breadcrumb":{"@id":"https:\/\/mylipfiller.com\/gana-pns-pdrn-filler-1-x-1-2ml\/#breadcrumb"},"inLanguage":"es","potentialAction":[{"@type":"ReadAction","target":["https:\/\/mylipfiller.com\/gana-pns-pdrn-filler-1-x-1-2ml\/"]}]},{"@type":"ImageObject","inLanguage":"es","@id":"https:\/\/mylipfiller.com\/gana-pns-pdrn-filler-1-x-1-2ml\/#primaryimage","url":"https:\/\/cdn.mylipfiller.com\/wp-content\/uploads\/2019\/07\/GANA-PNS.jpg","contentUrl":"https:\/\/cdn.mylipfiller.com\/wp-content\/uploads\/2019\/07\/GANA-PNS.jpg","width":600,"height":600,"caption":"GANA PNS"},{"@type":"BreadcrumbList","@id":"https:\/\/mylipfiller.com\/gana-pns-pdrn-filler-1-x-1-2ml\/#breadcrumb","itemListElement":[{"@type":"ListItem","position":1,"name":"Home","item":"https:\/\/mylipfiller.com\/"},{"@type":"ListItem","position":2,"name":"Shop","item":"https:\/\/mylipfiller.com\/shop\/"},{"@type":"ListItem","position":3,"name":"GANA PNS (PDRN filler) \u2013 1 x 1.2ml"}]},{"@type":"WebSite","@id":"https:\/\/mylipfiller.com\/#website","url":"https:\/\/mylipfiller.com\/","name":"Mi relleno de labios","description":"Rellenos d\u00e9rmicos y de labios con \u00e1cido hialur\u00f3nico","publisher":{"@id":"https:\/\/mylipfiller.com\/#organization"},"potentialAction":[{"@type":"SearchAction","target":{"@type":"EntryPoint","urlTemplate":"https:\/\/mylipfiller.com\/?s={search_term_string}"},"query-input":{"@type":"PropertyValueSpecification","valueRequired":true,"valueName":"search_term_string"}}],"inLanguage":"es"},{"@type":"Organization","@id":"https:\/\/mylipfiller.com\/#organization","name":"Mi relleno de labios","url":"https:\/\/mylipfiller.com\/","logo":{"@type":"ImageObject","inLanguage":"es","@id":"https:\/\/mylipfiller.com\/#\/schema\/logo\/image\/","url":"https:\/\/cdn.mylipfiller.com\/wp-content\/uploads\/2019\/02\/cropped-My-Lip-Filler-Logo.png","contentUrl":"https:\/\/cdn.mylipfiller.com\/wp-content\/uploads\/2019\/02\/cropped-My-Lip-Filler-Logo.png","width":240,"height":88,"caption":"My Lip Filler"},"image":{"@id":"https:\/\/mylipfiller.com\/#\/schema\/logo\/image\/"}}]}},"_links":{"self":[{"href":"https:\/\/mylipfiller.com\/es\/wp-json\/wp\/v2\/product\/2974","targetHints":{"allow":["GET"]}}],"collection":[{"href":"https:\/\/mylipfiller.com\/es\/wp-json\/wp\/v2\/product"}],"about":[{"href":"https:\/\/mylipfiller.com\/es\/wp-json\/wp\/v2\/types\/product"}],"wp:featuredmedia":[{"embeddable":true,"href":"https:\/\/mylipfiller.com\/es\/wp-json\/wp\/v2\/media\/2985"}],"wp:attachment":[{"href":"https:\/\/mylipfiller.com\/es\/wp-json\/wp\/v2\/media?parent=2974"}],"wp:term":[{"taxonomy":"product_brand","embeddable":true,"href":"https:\/\/mylipfiller.com\/es\/wp-json\/wp\/v2\/product_brand?post=2974"},{"taxonomy":"product_cat","embeddable":true,"href":"https:\/\/mylipfiller.com\/es\/wp-json\/wp\/v2\/product_cat?post=2974"},{"taxonomy":"product_tag","embeddable":true,"href":"https:\/\/mylipfiller.com\/es\/wp-json\/wp\/v2\/product_tag?post=2974"}],"curies":[{"name":"gracias","href":"https:\/\/api.w.org\/{rel}","templated":true}]}}