{"id":30188,"date":"2021-11-04T17:09:36","date_gmt":"2021-11-04T15:09:36","guid":{"rendered":"https:\/\/mylipfiller.com\/?post_type=product&#038;p=30188"},"modified":"2024-07-03T17:33:04","modified_gmt":"2024-07-03T15:33:04","slug":"lumi-eyes-1-x-1ml","status":"publish","type":"product","link":"https:\/\/mylipfiller.com\/es\/lumi-eyes-1-x-1ml\/","title":{"rendered":"Dermaren Lumi Ojos (1 x 1ml)"},"content":{"rendered":"<h3>\u00bfQu\u00e9 es Dermaren Lumi Eyes y qu\u00e9 hace?<\/h3>\n<p>Dermaren Lumi Eyes es un <u>inyecci\u00f3n de hidrataci\u00f3n y restauraci\u00f3n de la piel<\/u>. Cuando se aplica en la piel, la estimula para producir m\u00e1s col\u00e1geno y elastina. Como resultado, la estructura y apariencia de la dermis y la complexi\u00f3n general del paciente mejoran considerablemente. Adem\u00e1s, el producto ayuda a la piel a recuperarse desde el interior.<\/p>\n<p>El secreto detr\u00e1s de este tratamiento de rejuvenecimiento cosm\u00e9tico es que esta inyecci\u00f3n contiene polinucle\u00f3tido (PDRN) y glutati\u00f3n. Ambos ingredientes son seguros para usar en humanos y no provocan reacciones adversas. En cambio, revitalizan, energizan e hidratan la piel. De hecho, incluso tienen efectos iluminadores de la piel.<\/p>\n<p>Dermaren Lumi Eyes funciona mejor cuando se aplica en la <strong>\u00e1rea alrededor de los ojos<\/strong>. Sin embargo, tambi\u00e9n es un producto muy vers\u00e1til. Por lo tanto, los m\u00e9dicos calificados tambi\u00e9n pueden usar en las siguientes zonas de inyecci\u00f3n:<\/p>\n<ul>\n<li>Dorso de las manos<\/li>\n<li>Cuello<\/li>\n<li>\u00c1rea de la clav\u00edcula<\/li>\n<li>Labios<\/li>\n<\/ul>\n<h3>Dermaren Lumi Eyes - Protocolo de tratamiento<\/h3>\n<p>El producto se aplica mediante inyecci\u00f3n en las zonas problem\u00e1ticas. Por lo general, los tratamientos faciales requieren una dosis no superior a 2 cc. Para obtener resultados \u00f3ptimos, se recomiendan cuatro sesiones de inyecci\u00f3n. Cada uno de ellos debe tener lugar dentro de las 4 semanas posteriores al anterior. Una vez finalizado el tratamiento, los pacientes disfrutar\u00e1n de los resultados de su tratamiento no quir\u00fargico. <u>por hasta 6 meses<\/u>.<\/p>","protected":false},"excerpt":{"rendered":"<p>Dermaren Lumi Eyes es un <em>Inyecci\u00f3n biorivitalizante basada en PDRN para el \u00e1rea de los ojos<\/em> que tiene como objetivo mejorar el estado de la piel desde el interior. El producto utiliza ingredientes purificados y biocompatibles para estimular la regeneraci\u00f3n de las c\u00e9lulas de la piel y mejorar el equilibrio h\u00eddrico de la dermis. Adem\u00e1s, los cirujanos pl\u00e1sticos certificados y los dermat\u00f3logos est\u00e9ticos pueden confiar en \u00e9l para mejorar o actualizar r\u00e1pidamente el tono de la piel.<\/p>","protected":false},"featured_media":30194,"template":"","meta":{"_acf_changed":false},"product_brand":[],"product_cat":[82,32],"product_tag":[144,111,126,117,106,113,146,137,108,119,148,127],"class_list":{"0":"post-30188","1":"product","2":"type-product","3":"status-publish","4":"has-post-thumbnail","6":"product_cat-dermaren","7":"product_cat-soft","8":"product_tag-anti-wrinkle","9":"product_tag-face","10":"product_tag-fine-lines","11":"product_tag-low-density","12":"product_tag-nasolacrimal-furrows","13":"product_tag-periorbital-area","14":"product_tag-smoothing","15":"product_tag-south-korea","16":"product_tag-under-eye","17":"product_tag-up-to-9-months","18":"product_tag-upper-dermis","19":"product_tag-wrinkles-around-the-eyes","21":"first","22":"outofstock","23":"taxable","24":"shipping-taxable","25":"purchasable","26":"product-type-simple"},"acf":[],"yoast_head":"<!-- This site is optimized with the Yoast SEO plugin v27.4 - https:\/\/yoast.com\/product\/yoast-seo-wordpress\/ -->\n<title>Buy Dermaren Lumi Eyes (1 x 1ml) - Fillers from My Lip Filler<\/title>\n<meta name=\"description\" content=\"\u2765Buy Dermaren Lumi Eyes (1 x 1ml) \u23e9 My Lip Filler online store \u27a6 Quality assurance, reviews, ingredients, best prices!\" \/>\n<meta name=\"robots\" content=\"index, follow, max-snippet:-1, max-image-preview:large, max-video-preview:-1\" \/>\n<link rel=\"canonical\" href=\"https:\/\/mylipfiller.com\/es\/lumi-eyes-1-x-1ml\/\" \/>\n<meta property=\"og:locale\" content=\"es_MX\" \/>\n<meta property=\"og:type\" content=\"article\" \/>\n<meta property=\"og:title\" content=\"Buy Dermaren Lumi Eyes (1 x 1ml) - Fillers from My Lip Filler\" \/>\n<meta property=\"og:description\" content=\"\u2765Buy Dermaren Lumi Eyes (1 x 1ml) \u23e9 My Lip Filler online store \u27a6 Quality assurance, reviews, ingredients, best prices!\" \/>\n<meta property=\"og:url\" content=\"https:\/\/mylipfiller.com\/es\/lumi-eyes-1-x-1ml\/\" \/>\n<meta property=\"og:site_name\" content=\"My Lip Filler\" \/>\n<meta property=\"article:modified_time\" content=\"2024-07-03T15:33:04+00:00\" \/>\n<meta property=\"og:image\" content=\"https:\/\/cdn.mylipfiller.com\/wp-content\/uploads\/2021\/11\/Dermaren-Lumi-Eyes.jpg\" \/>\n\t<meta property=\"og:image:width\" content=\"600\" \/>\n\t<meta property=\"og:image:height\" content=\"600\" \/>\n\t<meta property=\"og:image:type\" content=\"image\/jpeg\" \/>\n<meta name=\"twitter:card\" content=\"summary_large_image\" \/>\n<meta name=\"twitter:label1\" content=\"Tiempo de lectura\" \/>\n\t<meta name=\"twitter:data1\" content=\"2 minutos\" \/>\n<script type=\"application\/ld+json\" class=\"yoast-schema-graph\">{\"@context\":\"https:\\\/\\\/schema.org\",\"@graph\":[{\"@type\":\"WebPage\",\"@id\":\"https:\\\/\\\/mylipfiller.com\\\/lumi-eyes-1-x-1ml\\\/\",\"url\":\"https:\\\/\\\/mylipfiller.com\\\/lumi-eyes-1-x-1ml\\\/\",\"name\":\"Buy Dermaren Lumi Eyes (1 x 1ml) - Fillers from My Lip Filler\",\"isPartOf\":{\"@id\":\"https:\\\/\\\/mylipfiller.com\\\/#website\"},\"primaryImageOfPage\":{\"@id\":\"https:\\\/\\\/mylipfiller.com\\\/lumi-eyes-1-x-1ml\\\/#primaryimage\"},\"image\":{\"@id\":\"https:\\\/\\\/mylipfiller.com\\\/lumi-eyes-1-x-1ml\\\/#primaryimage\"},\"thumbnailUrl\":\"https:\\\/\\\/mylipfiller.com\\\/wp-content\\\/uploads\\\/2021\\\/11\\\/Dermaren-Lumi-Eyes.jpg\",\"datePublished\":\"2021-11-04T15:09:36+00:00\",\"dateModified\":\"2024-07-03T15:33:04+00:00\",\"description\":\"\u2765Buy Dermaren Lumi Eyes (1 x 1ml) \u23e9 My Lip Filler online store \u27a6 Quality assurance, reviews, ingredients, best prices!\",\"breadcrumb\":{\"@id\":\"https:\\\/\\\/mylipfiller.com\\\/lumi-eyes-1-x-1ml\\\/#breadcrumb\"},\"inLanguage\":\"es\",\"potentialAction\":[{\"@type\":\"ReadAction\",\"target\":[\"https:\\\/\\\/mylipfiller.com\\\/lumi-eyes-1-x-1ml\\\/\"]}]},{\"@type\":\"ImageObject\",\"inLanguage\":\"es\",\"@id\":\"https:\\\/\\\/mylipfiller.com\\\/lumi-eyes-1-x-1ml\\\/#primaryimage\",\"url\":\"https:\\\/\\\/mylipfiller.com\\\/wp-content\\\/uploads\\\/2021\\\/11\\\/Dermaren-Lumi-Eyes.jpg\",\"contentUrl\":\"https:\\\/\\\/mylipfiller.com\\\/wp-content\\\/uploads\\\/2021\\\/11\\\/Dermaren-Lumi-Eyes.jpg\",\"width\":600,\"height\":600,\"caption\":\"Dermaren Lumi Eyes\"},{\"@type\":\"BreadcrumbList\",\"@id\":\"https:\\\/\\\/mylipfiller.com\\\/lumi-eyes-1-x-1ml\\\/#breadcrumb\",\"itemListElement\":[{\"@type\":\"ListItem\",\"position\":1,\"name\":\"Home\",\"item\":\"https:\\\/\\\/mylipfiller.com\\\/\"},{\"@type\":\"ListItem\",\"position\":2,\"name\":\"Shop\",\"item\":\"https:\\\/\\\/mylipfiller.com\\\/shop\\\/\"},{\"@type\":\"ListItem\",\"position\":3,\"name\":\"Dermaren Lumi Eyes (1 x 1ml)\"}]},{\"@type\":\"WebSite\",\"@id\":\"https:\\\/\\\/mylipfiller.com\\\/#website\",\"url\":\"https:\\\/\\\/mylipfiller.com\\\/\",\"name\":\"My Lip Filler\",\"description\":\"Hyaluronic Acid Lip and Dermal Fillers\",\"publisher\":{\"@id\":\"https:\\\/\\\/mylipfiller.com\\\/#organization\"},\"potentialAction\":[{\"@type\":\"SearchAction\",\"target\":{\"@type\":\"EntryPoint\",\"urlTemplate\":\"https:\\\/\\\/mylipfiller.com\\\/?s={search_term_string}\"},\"query-input\":{\"@type\":\"PropertyValueSpecification\",\"valueRequired\":true,\"valueName\":\"search_term_string\"}}],\"inLanguage\":\"es\"},{\"@type\":\"Organization\",\"@id\":\"https:\\\/\\\/mylipfiller.com\\\/#organization\",\"name\":\"My Lip Filler\",\"url\":\"https:\\\/\\\/mylipfiller.com\\\/\",\"logo\":{\"@type\":\"ImageObject\",\"inLanguage\":\"es\",\"@id\":\"https:\\\/\\\/mylipfiller.com\\\/#\\\/schema\\\/logo\\\/image\\\/\",\"url\":\"https:\\\/\\\/mylipfiller.com\\\/wp-content\\\/uploads\\\/2019\\\/02\\\/cropped-My-Lip-Filler-Logo.png\",\"contentUrl\":\"https:\\\/\\\/mylipfiller.com\\\/wp-content\\\/uploads\\\/2019\\\/02\\\/cropped-My-Lip-Filler-Logo.png\",\"width\":240,\"height\":88,\"caption\":\"My Lip Filler\"},\"image\":{\"@id\":\"https:\\\/\\\/mylipfiller.com\\\/#\\\/schema\\\/logo\\\/image\\\/\"}}]}<\/script>\n<!-- \/ Yoast SEO plugin. -->","yoast_head_json":{"title":"Comprar Dermaren Lumi Eyes (1 x 1ml) - Rellenos de My Lip Filler","description":"\u2765Compra Dermaren Lumi Eyes (1 x 1ml) \u23e9 Tienda online My Lip Filler \u27a6 Garant\u00eda de calidad, rese\u00f1as, ingredientes, \u00a1los mejores precios!","robots":{"index":"index","follow":"follow","max-snippet":"max-snippet:-1","max-image-preview":"max-image-preview:large","max-video-preview":"max-video-preview:-1"},"canonical":"https:\/\/mylipfiller.com\/es\/lumi-eyes-1-x-1ml\/","og_locale":"es_MX","og_type":"article","og_title":"Buy Dermaren Lumi Eyes (1 x 1ml) - Fillers from My Lip Filler","og_description":"\u2765Buy Dermaren Lumi Eyes (1 x 1ml) \u23e9 My Lip Filler online store \u27a6 Quality assurance, reviews, ingredients, best prices!","og_url":"https:\/\/mylipfiller.com\/es\/lumi-eyes-1-x-1ml\/","og_site_name":"My Lip Filler","article_modified_time":"2024-07-03T15:33:04+00:00","og_image":[{"width":600,"height":600,"url":"https:\/\/cdn.mylipfiller.com\/wp-content\/uploads\/2021\/11\/Dermaren-Lumi-Eyes.jpg","type":"image\/jpeg"}],"twitter_card":"summary_large_image","twitter_misc":{"Tiempo de lectura":"2 minutos"},"schema":{"@context":"https:\/\/schema.org","@graph":[{"@type":"WebPage","@id":"https:\/\/mylipfiller.com\/lumi-eyes-1-x-1ml\/","url":"https:\/\/mylipfiller.com\/lumi-eyes-1-x-1ml\/","name":"Comprar Dermaren Lumi Eyes (1 x 1ml) - Rellenos de My Lip Filler","isPartOf":{"@id":"https:\/\/mylipfiller.com\/#website"},"primaryImageOfPage":{"@id":"https:\/\/mylipfiller.com\/lumi-eyes-1-x-1ml\/#primaryimage"},"image":{"@id":"https:\/\/mylipfiller.com\/lumi-eyes-1-x-1ml\/#primaryimage"},"thumbnailUrl":"https:\/\/cdn.mylipfiller.com\/wp-content\/uploads\/2021\/11\/Dermaren-Lumi-Eyes.jpg","datePublished":"2021-11-04T15:09:36+00:00","dateModified":"2024-07-03T15:33:04+00:00","description":"\u2765Compra Dermaren Lumi Eyes (1 x 1ml) \u23e9 Tienda online My Lip Filler \u27a6 Garant\u00eda de calidad, rese\u00f1as, ingredientes, \u00a1los mejores precios!","breadcrumb":{"@id":"https:\/\/mylipfiller.com\/lumi-eyes-1-x-1ml\/#breadcrumb"},"inLanguage":"es","potentialAction":[{"@type":"ReadAction","target":["https:\/\/mylipfiller.com\/lumi-eyes-1-x-1ml\/"]}]},{"@type":"ImageObject","inLanguage":"es","@id":"https:\/\/mylipfiller.com\/lumi-eyes-1-x-1ml\/#primaryimage","url":"https:\/\/cdn.mylipfiller.com\/wp-content\/uploads\/2021\/11\/Dermaren-Lumi-Eyes.jpg","contentUrl":"https:\/\/cdn.mylipfiller.com\/wp-content\/uploads\/2021\/11\/Dermaren-Lumi-Eyes.jpg","width":600,"height":600,"caption":"Dermaren Lumi Eyes"},{"@type":"BreadcrumbList","@id":"https:\/\/mylipfiller.com\/lumi-eyes-1-x-1ml\/#breadcrumb","itemListElement":[{"@type":"ListItem","position":1,"name":"Home","item":"https:\/\/mylipfiller.com\/"},{"@type":"ListItem","position":2,"name":"Shop","item":"https:\/\/mylipfiller.com\/shop\/"},{"@type":"ListItem","position":3,"name":"Dermaren Lumi Eyes (1 x 1ml)"}]},{"@type":"WebSite","@id":"https:\/\/mylipfiller.com\/#website","url":"https:\/\/mylipfiller.com\/","name":"Mi relleno de labios","description":"Rellenos d\u00e9rmicos y de labios con \u00e1cido hialur\u00f3nico","publisher":{"@id":"https:\/\/mylipfiller.com\/#organization"},"potentialAction":[{"@type":"SearchAction","target":{"@type":"EntryPoint","urlTemplate":"https:\/\/mylipfiller.com\/?s={search_term_string}"},"query-input":{"@type":"PropertyValueSpecification","valueRequired":true,"valueName":"search_term_string"}}],"inLanguage":"es"},{"@type":"Organization","@id":"https:\/\/mylipfiller.com\/#organization","name":"Mi relleno de labios","url":"https:\/\/mylipfiller.com\/","logo":{"@type":"ImageObject","inLanguage":"es","@id":"https:\/\/mylipfiller.com\/#\/schema\/logo\/image\/","url":"https:\/\/cdn.mylipfiller.com\/wp-content\/uploads\/2019\/02\/cropped-My-Lip-Filler-Logo.png","contentUrl":"https:\/\/cdn.mylipfiller.com\/wp-content\/uploads\/2019\/02\/cropped-My-Lip-Filler-Logo.png","width":240,"height":88,"caption":"My Lip Filler"},"image":{"@id":"https:\/\/mylipfiller.com\/#\/schema\/logo\/image\/"}}]}},"_links":{"self":[{"href":"https:\/\/mylipfiller.com\/es\/wp-json\/wp\/v2\/product\/30188","targetHints":{"allow":["GET"]}}],"collection":[{"href":"https:\/\/mylipfiller.com\/es\/wp-json\/wp\/v2\/product"}],"about":[{"href":"https:\/\/mylipfiller.com\/es\/wp-json\/wp\/v2\/types\/product"}],"wp:featuredmedia":[{"embeddable":true,"href":"https:\/\/mylipfiller.com\/es\/wp-json\/wp\/v2\/media\/30194"}],"wp:attachment":[{"href":"https:\/\/mylipfiller.com\/es\/wp-json\/wp\/v2\/media?parent=30188"}],"wp:term":[{"taxonomy":"product_brand","embeddable":true,"href":"https:\/\/mylipfiller.com\/es\/wp-json\/wp\/v2\/product_brand?post=30188"},{"taxonomy":"product_cat","embeddable":true,"href":"https:\/\/mylipfiller.com\/es\/wp-json\/wp\/v2\/product_cat?post=30188"},{"taxonomy":"product_tag","embeddable":true,"href":"https:\/\/mylipfiller.com\/es\/wp-json\/wp\/v2\/product_tag?post=30188"}],"curies":[{"name":"gracias","href":"https:\/\/api.w.org\/{rel}","templated":true}]}}