{"id":30199,"date":"2021-11-04T17:51:50","date_gmt":"2021-11-04T15:51:50","guid":{"rendered":"https:\/\/mylipfiller.com\/?post_type=product&#038;p=30199"},"modified":"2024-07-03T17:33:04","modified_gmt":"2024-07-03T15:33:04","slug":"saypha-rich-1-x-1ml","status":"publish","type":"product","link":"https:\/\/mylipfiller.com\/es\/saypha-rich-1-x-1ml\/","title":{"rendered":"Saypha Rich (1 x 1 ml)"},"content":{"rendered":"<h3>Beneficios del tratamiento antienvejecimiento rico en Saypha<\/h3>\n<p>Saypha Rich de Croma Pharma es una soluci\u00f3n de mesoterapia que tiene una larga lista de ventajas. Para empezar, contiene \u00e1cido hialur\u00f3nico que no est\u00e1 reticulado. HA es un ingrediente que se encuentra y produce de forma natural en el cuerpo humano. Entonces, el riesgo de reacciones al\u00e9rgicas es m\u00ednimo. Adem\u00e1s, el hecho de que este \u00e1cido hialur\u00f3nico no est\u00e9 reticulado significa que est\u00e1 libre de BDDE. Este es un agente de reticulaci\u00f3n que a menudo conduce a efectos secundarios como hinchaz\u00f3n y picaz\u00f3n, por ejemplo.<\/p>\n<p>El procedimiento en s\u00ed tambi\u00e9n est\u00e1 libre de riesgos. Aunque debe ser realizado por un cirujano pl\u00e1stico capacitado, toma minutos y <em>100% no quir\u00fargico<\/em>.<\/p>\n<h3>Una soluci\u00f3n de rejuvenecimiento dos en uno<\/h3>\n<p>Saypha Rich tiene los efectos tanto de una mesoterapia como de una inyecci\u00f3n de relleno. En otras palabras, no solo mejora el estado de la piel y su equilibrio h\u00eddrico, sino que tambi\u00e9n la rejuvenece instant\u00e1neamente al <u>rellenando las l\u00edneas superficiales de la piel<\/u> y arrugas.<\/p>\n<ul>\n<li>Seguro y sin riesgos<\/li>\n<li>Procedimiento sencillo y r\u00e1pido de realizar<\/li>\n<li>Resultados duraderos<\/li>\n<li>Uso de tecnolog\u00eda SMART<\/li>\n<\/ul>\n<p>Compre Saypha Rich para un tratamiento antienvejecimiento m\u00ednimamente invasivo completo que ofrece resultados que duran meses.<\/p>","protected":false},"excerpt":{"rendered":"<p>Saypha Rich (antes conocida como Princess Rich) es una <strong>producto de mesoterapia inyectable<\/strong> por Croma Pharma. Se utiliza como tratamiento no quir\u00fargico m\u00ednimamente invasivo que restaura la hidrataci\u00f3n de la piel y mejora y rejuvenece el cutis del paciente. Los principales ingredientes activos de su f\u00f3rmula son el \u00c1cido Hialur\u00f3nico (HA) y el Glicerol. Ambos son humectantes naturales que tambi\u00e9n tienen muchos efectos antienvejecimiento en la piel, como la elasticidad y la mejora del tono de la piel.<\/p>","protected":false},"featured_media":30051,"template":"","meta":{"_acf_changed":false},"product_brand":[],"product_cat":[171,18,83,32],"product_tag":[144,125,111,126,112,128,151,117,146,119,148,127],"class_list":{"0":"post-30199","1":"product","2":"type-product","3":"status-publish","4":"has-post-thumbnail","6":"product_cat-croma-pharma","7":"product_cat-mesotherapy","8":"product_cat-saypha","9":"product_cat-soft","10":"product_tag-anti-wrinkle","11":"product_tag-crows-feet","12":"product_tag-face","13":"product_tag-fine-lines","14":"product_tag-forehead","15":"product_tag-forehead-wrinkles","16":"product_tag-hyaluronic-acid-ha-fillers","17":"product_tag-low-density","18":"product_tag-smoothing","19":"product_tag-up-to-9-months","20":"product_tag-upper-dermis","21":"product_tag-wrinkles-around-the-eyes","23":"first","24":"outofstock","25":"taxable","26":"shipping-taxable","27":"purchasable","28":"product-type-simple"},"acf":[],"yoast_head":"<!-- This site is optimized with the Yoast SEO plugin v27.3 - https:\/\/yoast.com\/product\/yoast-seo-wordpress\/ -->\n<title>Buy Saypha Rich (1 x 1ml) - Fillers from My Lip Filler<\/title>\n<meta name=\"description\" content=\"\u2765Buy Saypha Rich (1 x 1ml) \u23e9 My Lip Filler online store \u27a6 Quality assurance, reviews, ingredients, best prices!\" \/>\n<meta name=\"robots\" content=\"index, follow, max-snippet:-1, max-image-preview:large, max-video-preview:-1\" \/>\n<link rel=\"canonical\" href=\"https:\/\/mylipfiller.com\/es\/saypha-rich-1-x-1ml\/\" \/>\n<meta property=\"og:locale\" content=\"es_MX\" \/>\n<meta property=\"og:type\" content=\"article\" \/>\n<meta property=\"og:title\" content=\"Buy Saypha Rich (1 x 1ml) - Fillers from My Lip Filler\" \/>\n<meta property=\"og:description\" content=\"\u2765Buy Saypha Rich (1 x 1ml) \u23e9 My Lip Filler online store \u27a6 Quality assurance, reviews, ingredients, best prices!\" \/>\n<meta property=\"og:url\" content=\"https:\/\/mylipfiller.com\/es\/saypha-rich-1-x-1ml\/\" \/>\n<meta property=\"og:site_name\" content=\"My Lip Filler\" \/>\n<meta property=\"article:modified_time\" content=\"2024-07-03T15:33:04+00:00\" \/>\n<meta property=\"og:image\" content=\"https:\/\/cdn.mylipfiller.com\/wp-content\/uploads\/2021\/10\/Saypha-Rich.jpg\" \/>\n\t<meta property=\"og:image:width\" content=\"600\" \/>\n\t<meta property=\"og:image:height\" content=\"600\" \/>\n\t<meta property=\"og:image:type\" content=\"image\/jpeg\" \/>\n<meta name=\"twitter:card\" content=\"summary_large_image\" \/>\n<meta name=\"twitter:label1\" content=\"Tiempo de lectura\" \/>\n\t<meta name=\"twitter:data1\" content=\"2 minutos\" \/>\n<script type=\"application\/ld+json\" class=\"yoast-schema-graph\">{\"@context\":\"https:\\\/\\\/schema.org\",\"@graph\":[{\"@type\":\"WebPage\",\"@id\":\"https:\\\/\\\/mylipfiller.com\\\/saypha-rich-1-x-1ml\\\/\",\"url\":\"https:\\\/\\\/mylipfiller.com\\\/saypha-rich-1-x-1ml\\\/\",\"name\":\"Buy Saypha Rich (1 x 1ml) - Fillers from My Lip Filler\",\"isPartOf\":{\"@id\":\"https:\\\/\\\/mylipfiller.com\\\/#website\"},\"primaryImageOfPage\":{\"@id\":\"https:\\\/\\\/mylipfiller.com\\\/saypha-rich-1-x-1ml\\\/#primaryimage\"},\"image\":{\"@id\":\"https:\\\/\\\/mylipfiller.com\\\/saypha-rich-1-x-1ml\\\/#primaryimage\"},\"thumbnailUrl\":\"https:\\\/\\\/mylipfiller.com\\\/wp-content\\\/uploads\\\/2021\\\/10\\\/Saypha-Rich.jpg\",\"datePublished\":\"2021-11-04T15:51:50+00:00\",\"dateModified\":\"2024-07-03T15:33:04+00:00\",\"description\":\"\u2765Buy Saypha Rich (1 x 1ml) \u23e9 My Lip Filler online store \u27a6 Quality assurance, reviews, ingredients, best prices!\",\"breadcrumb\":{\"@id\":\"https:\\\/\\\/mylipfiller.com\\\/saypha-rich-1-x-1ml\\\/#breadcrumb\"},\"inLanguage\":\"es\",\"potentialAction\":[{\"@type\":\"ReadAction\",\"target\":[\"https:\\\/\\\/mylipfiller.com\\\/saypha-rich-1-x-1ml\\\/\"]}]},{\"@type\":\"ImageObject\",\"inLanguage\":\"es\",\"@id\":\"https:\\\/\\\/mylipfiller.com\\\/saypha-rich-1-x-1ml\\\/#primaryimage\",\"url\":\"https:\\\/\\\/mylipfiller.com\\\/wp-content\\\/uploads\\\/2021\\\/10\\\/Saypha-Rich.jpg\",\"contentUrl\":\"https:\\\/\\\/mylipfiller.com\\\/wp-content\\\/uploads\\\/2021\\\/10\\\/Saypha-Rich.jpg\",\"width\":600,\"height\":600,\"caption\":\"Saypha Rich\"},{\"@type\":\"BreadcrumbList\",\"@id\":\"https:\\\/\\\/mylipfiller.com\\\/saypha-rich-1-x-1ml\\\/#breadcrumb\",\"itemListElement\":[{\"@type\":\"ListItem\",\"position\":1,\"name\":\"Home\",\"item\":\"https:\\\/\\\/mylipfiller.com\\\/\"},{\"@type\":\"ListItem\",\"position\":2,\"name\":\"Shop\",\"item\":\"https:\\\/\\\/mylipfiller.com\\\/shop\\\/\"},{\"@type\":\"ListItem\",\"position\":3,\"name\":\"Saypha Rich (1 x 1ml)\"}]},{\"@type\":\"WebSite\",\"@id\":\"https:\\\/\\\/mylipfiller.com\\\/#website\",\"url\":\"https:\\\/\\\/mylipfiller.com\\\/\",\"name\":\"My Lip Filler\",\"description\":\"Hyaluronic Acid Lip and Dermal Fillers\",\"publisher\":{\"@id\":\"https:\\\/\\\/mylipfiller.com\\\/#organization\"},\"potentialAction\":[{\"@type\":\"SearchAction\",\"target\":{\"@type\":\"EntryPoint\",\"urlTemplate\":\"https:\\\/\\\/mylipfiller.com\\\/?s={search_term_string}\"},\"query-input\":{\"@type\":\"PropertyValueSpecification\",\"valueRequired\":true,\"valueName\":\"search_term_string\"}}],\"inLanguage\":\"es\"},{\"@type\":\"Organization\",\"@id\":\"https:\\\/\\\/mylipfiller.com\\\/#organization\",\"name\":\"My Lip Filler\",\"url\":\"https:\\\/\\\/mylipfiller.com\\\/\",\"logo\":{\"@type\":\"ImageObject\",\"inLanguage\":\"es\",\"@id\":\"https:\\\/\\\/mylipfiller.com\\\/#\\\/schema\\\/logo\\\/image\\\/\",\"url\":\"https:\\\/\\\/mylipfiller.com\\\/wp-content\\\/uploads\\\/2019\\\/02\\\/cropped-My-Lip-Filler-Logo.png\",\"contentUrl\":\"https:\\\/\\\/mylipfiller.com\\\/wp-content\\\/uploads\\\/2019\\\/02\\\/cropped-My-Lip-Filler-Logo.png\",\"width\":240,\"height\":88,\"caption\":\"My Lip Filler\"},\"image\":{\"@id\":\"https:\\\/\\\/mylipfiller.com\\\/#\\\/schema\\\/logo\\\/image\\\/\"}}]}<\/script>\n<!-- \/ Yoast SEO plugin. -->","yoast_head_json":{"title":"Comprar Saypha Rich (1 x 1ml) - Rellenos de My Lip Filler","description":"\u2765Compra Saypha Rich (1 x 1ml) \u23e9 Tienda online My Lip Filler \u27a6 Garant\u00eda de calidad, rese\u00f1as, ingredientes, \u00a1los mejores precios!","robots":{"index":"index","follow":"follow","max-snippet":"max-snippet:-1","max-image-preview":"max-image-preview:large","max-video-preview":"max-video-preview:-1"},"canonical":"https:\/\/mylipfiller.com\/es\/saypha-rich-1-x-1ml\/","og_locale":"es_MX","og_type":"article","og_title":"Buy Saypha Rich (1 x 1ml) - Fillers from My Lip Filler","og_description":"\u2765Buy Saypha Rich (1 x 1ml) \u23e9 My Lip Filler online store \u27a6 Quality assurance, reviews, ingredients, best prices!","og_url":"https:\/\/mylipfiller.com\/es\/saypha-rich-1-x-1ml\/","og_site_name":"My Lip Filler","article_modified_time":"2024-07-03T15:33:04+00:00","og_image":[{"width":600,"height":600,"url":"https:\/\/cdn.mylipfiller.com\/wp-content\/uploads\/2021\/10\/Saypha-Rich.jpg","type":"image\/jpeg"}],"twitter_card":"summary_large_image","twitter_misc":{"Tiempo de lectura":"2 minutos"},"schema":{"@context":"https:\/\/schema.org","@graph":[{"@type":"WebPage","@id":"https:\/\/mylipfiller.com\/saypha-rich-1-x-1ml\/","url":"https:\/\/mylipfiller.com\/saypha-rich-1-x-1ml\/","name":"Comprar Saypha Rich (1 x 1ml) - Rellenos de My Lip Filler","isPartOf":{"@id":"https:\/\/mylipfiller.com\/#website"},"primaryImageOfPage":{"@id":"https:\/\/mylipfiller.com\/saypha-rich-1-x-1ml\/#primaryimage"},"image":{"@id":"https:\/\/mylipfiller.com\/saypha-rich-1-x-1ml\/#primaryimage"},"thumbnailUrl":"https:\/\/cdn.mylipfiller.com\/wp-content\/uploads\/2021\/10\/Saypha-Rich.jpg","datePublished":"2021-11-04T15:51:50+00:00","dateModified":"2024-07-03T15:33:04+00:00","description":"\u2765Compra Saypha Rich (1 x 1ml) \u23e9 Tienda online My Lip Filler \u27a6 Garant\u00eda de calidad, rese\u00f1as, ingredientes, \u00a1los mejores precios!","breadcrumb":{"@id":"https:\/\/mylipfiller.com\/saypha-rich-1-x-1ml\/#breadcrumb"},"inLanguage":"es","potentialAction":[{"@type":"ReadAction","target":["https:\/\/mylipfiller.com\/saypha-rich-1-x-1ml\/"]}]},{"@type":"ImageObject","inLanguage":"es","@id":"https:\/\/mylipfiller.com\/saypha-rich-1-x-1ml\/#primaryimage","url":"https:\/\/cdn.mylipfiller.com\/wp-content\/uploads\/2021\/10\/Saypha-Rich.jpg","contentUrl":"https:\/\/cdn.mylipfiller.com\/wp-content\/uploads\/2021\/10\/Saypha-Rich.jpg","width":600,"height":600,"caption":"Saypha Rich"},{"@type":"BreadcrumbList","@id":"https:\/\/mylipfiller.com\/saypha-rich-1-x-1ml\/#breadcrumb","itemListElement":[{"@type":"ListItem","position":1,"name":"Home","item":"https:\/\/mylipfiller.com\/"},{"@type":"ListItem","position":2,"name":"Shop","item":"https:\/\/mylipfiller.com\/shop\/"},{"@type":"ListItem","position":3,"name":"Saypha Rich (1 x 1ml)"}]},{"@type":"WebSite","@id":"https:\/\/mylipfiller.com\/#website","url":"https:\/\/mylipfiller.com\/","name":"Mi relleno de labios","description":"Rellenos d\u00e9rmicos y de labios con \u00e1cido hialur\u00f3nico","publisher":{"@id":"https:\/\/mylipfiller.com\/#organization"},"potentialAction":[{"@type":"SearchAction","target":{"@type":"EntryPoint","urlTemplate":"https:\/\/mylipfiller.com\/?s={search_term_string}"},"query-input":{"@type":"PropertyValueSpecification","valueRequired":true,"valueName":"search_term_string"}}],"inLanguage":"es"},{"@type":"Organization","@id":"https:\/\/mylipfiller.com\/#organization","name":"Mi relleno de labios","url":"https:\/\/mylipfiller.com\/","logo":{"@type":"ImageObject","inLanguage":"es","@id":"https:\/\/mylipfiller.com\/#\/schema\/logo\/image\/","url":"https:\/\/cdn.mylipfiller.com\/wp-content\/uploads\/2019\/02\/cropped-My-Lip-Filler-Logo.png","contentUrl":"https:\/\/cdn.mylipfiller.com\/wp-content\/uploads\/2019\/02\/cropped-My-Lip-Filler-Logo.png","width":240,"height":88,"caption":"My Lip Filler"},"image":{"@id":"https:\/\/mylipfiller.com\/#\/schema\/logo\/image\/"}}]}},"_links":{"self":[{"href":"https:\/\/mylipfiller.com\/es\/wp-json\/wp\/v2\/product\/30199","targetHints":{"allow":["GET"]}}],"collection":[{"href":"https:\/\/mylipfiller.com\/es\/wp-json\/wp\/v2\/product"}],"about":[{"href":"https:\/\/mylipfiller.com\/es\/wp-json\/wp\/v2\/types\/product"}],"wp:featuredmedia":[{"embeddable":true,"href":"https:\/\/mylipfiller.com\/es\/wp-json\/wp\/v2\/media\/30051"}],"wp:attachment":[{"href":"https:\/\/mylipfiller.com\/es\/wp-json\/wp\/v2\/media?parent=30199"}],"wp:term":[{"taxonomy":"product_brand","embeddable":true,"href":"https:\/\/mylipfiller.com\/es\/wp-json\/wp\/v2\/product_brand?post=30199"},{"taxonomy":"product_cat","embeddable":true,"href":"https:\/\/mylipfiller.com\/es\/wp-json\/wp\/v2\/product_cat?post=30199"},{"taxonomy":"product_tag","embeddable":true,"href":"https:\/\/mylipfiller.com\/es\/wp-json\/wp\/v2\/product_tag?post=30199"}],"curies":[{"name":"gracias","href":"https:\/\/api.w.org\/{rel}","templated":true}]}}