{"id":30200,"date":"2021-11-04T17:51:48","date_gmt":"2021-11-04T15:51:48","guid":{"rendered":"https:\/\/mylipfiller.com\/?post_type=product&#038;p=30200"},"modified":"2024-07-08T16:58:40","modified_gmt":"2024-07-08T14:58:40","slug":"saypha-filler-1-x-1ml","status":"publish","type":"product","link":"https:\/\/mylipfiller.com\/es\/saypha-filler-1-x-1ml\/","title":{"rendered":"Relleno Saypha (1 x 1 ml)"},"content":{"rendered":"<h3>\u00bfCu\u00e1les son las ventajas de la inyecci\u00f3n de relleno Saypha?<\/h3>\n<p>Saypha Filler es un relleno para la piel que contiene HA purificado. Ese ingrediente es bien tolerado por el organismo humano ya que nuestros cuerpos pueden producirlo y sintetizarlo. Por tanto, el producto no provoca reacciones adversas. Los \u00fanicos efectos secundarios que se pueden observar despu\u00e9s del tratamiento est\u00e1n relacionados con el proceso de inyecci\u00f3n y generalmente se limitan a enrojecimiento, picaz\u00f3n, hematomas y algo de hinchaz\u00f3n alrededor de las \u00e1reas de aplicaci\u00f3n.<\/p>\n<p>En comparaci\u00f3n con otras inyecciones de relleno a base de HA, Saypha Filler utiliza una tecnolog\u00eda patentada que aumenta su <u>propiedades hidratantes<\/u>. Para los pacientes, esto significa una piel mejor hidratada desde el interior. Como regla general, cuando la dermis tiene un buen equilibrio h\u00eddrico, tambi\u00e9n se ve m\u00e1s suave y fresca.<\/p>\n<ul>\n<li>Resultados inmediatos<\/li>\n<li>HA con mayor poder hidratante cut\u00e1neo<\/li>\n<li>Riesgo reducido de reacciones adversas.<\/li>\n<li>Efectos antiarrugas<\/li>\n<\/ul>\n<h3>Protocolo de tratamiento y zonas de aplicaci\u00f3n<\/h3>\n<p>El tratamiento con Saypha Filler tarda unos minutos en completarse. Adem\u00e1s, los pacientes no necesitan someterse a pruebas cut\u00e1neas preliminares porque el producto no contiene ingredientes agresivos. A\u00fan as\u00ed, solo los cirujanos est\u00e9ticos certificados por la junta deben realizar el procedimiento de inyecci\u00f3n para garantizar resultados de tratamiento seguros y de apariencia natural.<\/p>\n<p>Relleno Saypha <em>se puede utilizar en todas las \u00e1reas faciales<\/em> y puede tratar los pliegues nasolabiales, as\u00ed como dar volumen al ment\u00f3n, las mejillas o los labios.<\/p>","protected":false},"excerpt":{"rendered":"<p>Saypha Filler (formalmente conocida como Princess Filler) es una <strong>relleno d\u00e9rmico anti-envejecimiento<\/strong> que contiene \u00e1cido hialur\u00f3nico reticulado (HA) y fue dise\u00f1ado para corregir arrugas faciales de medianas a severas. Desarrollado por Croma Pharma, el producto tambi\u00e9n se puede utilizar como inyecci\u00f3n en los labios. Como resultado, los cirujanos est\u00e9ticos calificados pueden confiar en \u00e9l para eliminar instant\u00e1neamente las l\u00edneas y arrugas en el \u00e1rea perioral, as\u00ed como para mejorar el contorno y el volumen de los labios.<\/p>","protected":false},"featured_media":30050,"template":"","meta":{"_acf_changed":false},"product_brand":[],"product_cat":[171,33,83],"product_tag":[111,151,133,107,134,120],"class_list":{"0":"post-30200","1":"product","2":"type-product","3":"status-publish","4":"has-post-thumbnail","6":"product_cat-croma-pharma","7":"product_cat-lip","8":"product_cat-saypha","9":"product_tag-face","10":"product_tag-hyaluronic-acid-ha-fillers","11":"product_tag-marionette-lines","12":"product_tag-nasolabial-folds","13":"product_tag-small-lips","14":"product_tag-up-to-12-months","16":"first","17":"instock","18":"taxable","19":"shipping-taxable","20":"purchasable","21":"product-type-simple"},"acf":[],"yoast_head":"<!-- This site is optimized with the Yoast SEO plugin v27.4 - https:\/\/yoast.com\/product\/yoast-seo-wordpress\/ -->\n<title>Buy Saypha Filler (1 x 1ml) - Fillers from My Lip Filler<\/title>\n<meta name=\"description\" content=\"\u2765Buy Saypha Filler (1 x 1ml) \u23e9 My Lip Filler online store \u27a6 Quality assurance, reviews, ingredients, best prices!\" \/>\n<meta name=\"robots\" content=\"index, follow, max-snippet:-1, max-image-preview:large, max-video-preview:-1\" \/>\n<link rel=\"canonical\" href=\"https:\/\/mylipfiller.com\/es\/saypha-filler-1-x-1ml\/\" \/>\n<meta property=\"og:locale\" content=\"es_MX\" \/>\n<meta property=\"og:type\" content=\"article\" \/>\n<meta property=\"og:title\" content=\"Buy Saypha Filler (1 x 1ml) - Fillers from My Lip Filler\" \/>\n<meta property=\"og:description\" content=\"\u2765Buy Saypha Filler (1 x 1ml) \u23e9 My Lip Filler online store \u27a6 Quality assurance, reviews, ingredients, best prices!\" \/>\n<meta property=\"og:url\" content=\"https:\/\/mylipfiller.com\/es\/saypha-filler-1-x-1ml\/\" \/>\n<meta property=\"og:site_name\" content=\"My Lip Filler\" \/>\n<meta property=\"article:modified_time\" content=\"2024-07-08T14:58:40+00:00\" \/>\n<meta property=\"og:image\" content=\"https:\/\/cdn.mylipfiller.com\/wp-content\/uploads\/2021\/10\/Saypha-Filler.jpg\" \/>\n\t<meta property=\"og:image:width\" content=\"600\" \/>\n\t<meta property=\"og:image:height\" content=\"600\" \/>\n\t<meta property=\"og:image:type\" content=\"image\/jpeg\" \/>\n<meta name=\"twitter:card\" content=\"summary_large_image\" \/>\n<meta name=\"twitter:label1\" content=\"Tiempo de lectura\" \/>\n\t<meta name=\"twitter:data1\" content=\"2 minutos\" \/>\n<script type=\"application\/ld+json\" class=\"yoast-schema-graph\">{\"@context\":\"https:\\\/\\\/schema.org\",\"@graph\":[{\"@type\":\"WebPage\",\"@id\":\"https:\\\/\\\/mylipfiller.com\\\/saypha-filler-1-x-1ml\\\/\",\"url\":\"https:\\\/\\\/mylipfiller.com\\\/saypha-filler-1-x-1ml\\\/\",\"name\":\"Buy Saypha Filler (1 x 1ml) - Fillers from My Lip Filler\",\"isPartOf\":{\"@id\":\"https:\\\/\\\/mylipfiller.com\\\/#website\"},\"primaryImageOfPage\":{\"@id\":\"https:\\\/\\\/mylipfiller.com\\\/saypha-filler-1-x-1ml\\\/#primaryimage\"},\"image\":{\"@id\":\"https:\\\/\\\/mylipfiller.com\\\/saypha-filler-1-x-1ml\\\/#primaryimage\"},\"thumbnailUrl\":\"https:\\\/\\\/mylipfiller.com\\\/wp-content\\\/uploads\\\/2021\\\/10\\\/Saypha-Filler.jpg\",\"datePublished\":\"2021-11-04T15:51:48+00:00\",\"dateModified\":\"2024-07-08T14:58:40+00:00\",\"description\":\"\u2765Buy Saypha Filler (1 x 1ml) \u23e9 My Lip Filler online store \u27a6 Quality assurance, reviews, ingredients, best prices!\",\"breadcrumb\":{\"@id\":\"https:\\\/\\\/mylipfiller.com\\\/saypha-filler-1-x-1ml\\\/#breadcrumb\"},\"inLanguage\":\"es\",\"potentialAction\":[{\"@type\":\"ReadAction\",\"target\":[\"https:\\\/\\\/mylipfiller.com\\\/saypha-filler-1-x-1ml\\\/\"]}]},{\"@type\":\"ImageObject\",\"inLanguage\":\"es\",\"@id\":\"https:\\\/\\\/mylipfiller.com\\\/saypha-filler-1-x-1ml\\\/#primaryimage\",\"url\":\"https:\\\/\\\/mylipfiller.com\\\/wp-content\\\/uploads\\\/2021\\\/10\\\/Saypha-Filler.jpg\",\"contentUrl\":\"https:\\\/\\\/mylipfiller.com\\\/wp-content\\\/uploads\\\/2021\\\/10\\\/Saypha-Filler.jpg\",\"width\":600,\"height\":600,\"caption\":\"Saypha Filler\"},{\"@type\":\"BreadcrumbList\",\"@id\":\"https:\\\/\\\/mylipfiller.com\\\/saypha-filler-1-x-1ml\\\/#breadcrumb\",\"itemListElement\":[{\"@type\":\"ListItem\",\"position\":1,\"name\":\"Home\",\"item\":\"https:\\\/\\\/mylipfiller.com\\\/\"},{\"@type\":\"ListItem\",\"position\":2,\"name\":\"Shop\",\"item\":\"https:\\\/\\\/mylipfiller.com\\\/shop\\\/\"},{\"@type\":\"ListItem\",\"position\":3,\"name\":\"Saypha Filler (1 x 1ml)\"}]},{\"@type\":\"WebSite\",\"@id\":\"https:\\\/\\\/mylipfiller.com\\\/#website\",\"url\":\"https:\\\/\\\/mylipfiller.com\\\/\",\"name\":\"My Lip Filler\",\"description\":\"Hyaluronic Acid Lip and Dermal Fillers\",\"publisher\":{\"@id\":\"https:\\\/\\\/mylipfiller.com\\\/#organization\"},\"potentialAction\":[{\"@type\":\"SearchAction\",\"target\":{\"@type\":\"EntryPoint\",\"urlTemplate\":\"https:\\\/\\\/mylipfiller.com\\\/?s={search_term_string}\"},\"query-input\":{\"@type\":\"PropertyValueSpecification\",\"valueRequired\":true,\"valueName\":\"search_term_string\"}}],\"inLanguage\":\"es\"},{\"@type\":\"Organization\",\"@id\":\"https:\\\/\\\/mylipfiller.com\\\/#organization\",\"name\":\"My Lip Filler\",\"url\":\"https:\\\/\\\/mylipfiller.com\\\/\",\"logo\":{\"@type\":\"ImageObject\",\"inLanguage\":\"es\",\"@id\":\"https:\\\/\\\/mylipfiller.com\\\/#\\\/schema\\\/logo\\\/image\\\/\",\"url\":\"https:\\\/\\\/mylipfiller.com\\\/wp-content\\\/uploads\\\/2019\\\/02\\\/cropped-My-Lip-Filler-Logo.png\",\"contentUrl\":\"https:\\\/\\\/mylipfiller.com\\\/wp-content\\\/uploads\\\/2019\\\/02\\\/cropped-My-Lip-Filler-Logo.png\",\"width\":240,\"height\":88,\"caption\":\"My Lip Filler\"},\"image\":{\"@id\":\"https:\\\/\\\/mylipfiller.com\\\/#\\\/schema\\\/logo\\\/image\\\/\"}}]}<\/script>\n<!-- \/ Yoast SEO plugin. -->","yoast_head_json":{"title":"Comprar Saypha Filler (1 x 1ml) - Rellenos de My Lip Filler","description":"\u2765Compra Saypha Filler (1 x 1ml) \u23e9 Tienda online My Lip Filler \u27a6 Garant\u00eda de calidad, rese\u00f1as, ingredientes, \u00a1los mejores precios!","robots":{"index":"index","follow":"follow","max-snippet":"max-snippet:-1","max-image-preview":"max-image-preview:large","max-video-preview":"max-video-preview:-1"},"canonical":"https:\/\/mylipfiller.com\/es\/saypha-filler-1-x-1ml\/","og_locale":"es_MX","og_type":"article","og_title":"Buy Saypha Filler (1 x 1ml) - Fillers from My Lip Filler","og_description":"\u2765Buy Saypha Filler (1 x 1ml) \u23e9 My Lip Filler online store \u27a6 Quality assurance, reviews, ingredients, best prices!","og_url":"https:\/\/mylipfiller.com\/es\/saypha-filler-1-x-1ml\/","og_site_name":"My Lip Filler","article_modified_time":"2024-07-08T14:58:40+00:00","og_image":[{"width":600,"height":600,"url":"https:\/\/cdn.mylipfiller.com\/wp-content\/uploads\/2021\/10\/Saypha-Filler.jpg","type":"image\/jpeg"}],"twitter_card":"summary_large_image","twitter_misc":{"Tiempo de lectura":"2 minutos"},"schema":{"@context":"https:\/\/schema.org","@graph":[{"@type":"WebPage","@id":"https:\/\/mylipfiller.com\/saypha-filler-1-x-1ml\/","url":"https:\/\/mylipfiller.com\/saypha-filler-1-x-1ml\/","name":"Comprar Saypha Filler (1 x 1ml) - Rellenos de My Lip Filler","isPartOf":{"@id":"https:\/\/mylipfiller.com\/#website"},"primaryImageOfPage":{"@id":"https:\/\/mylipfiller.com\/saypha-filler-1-x-1ml\/#primaryimage"},"image":{"@id":"https:\/\/mylipfiller.com\/saypha-filler-1-x-1ml\/#primaryimage"},"thumbnailUrl":"https:\/\/cdn.mylipfiller.com\/wp-content\/uploads\/2021\/10\/Saypha-Filler.jpg","datePublished":"2021-11-04T15:51:48+00:00","dateModified":"2024-07-08T14:58:40+00:00","description":"\u2765Compra Saypha Filler (1 x 1ml) \u23e9 Tienda online My Lip Filler \u27a6 Garant\u00eda de calidad, rese\u00f1as, ingredientes, \u00a1los mejores precios!","breadcrumb":{"@id":"https:\/\/mylipfiller.com\/saypha-filler-1-x-1ml\/#breadcrumb"},"inLanguage":"es","potentialAction":[{"@type":"ReadAction","target":["https:\/\/mylipfiller.com\/saypha-filler-1-x-1ml\/"]}]},{"@type":"ImageObject","inLanguage":"es","@id":"https:\/\/mylipfiller.com\/saypha-filler-1-x-1ml\/#primaryimage","url":"https:\/\/cdn.mylipfiller.com\/wp-content\/uploads\/2021\/10\/Saypha-Filler.jpg","contentUrl":"https:\/\/cdn.mylipfiller.com\/wp-content\/uploads\/2021\/10\/Saypha-Filler.jpg","width":600,"height":600,"caption":"Saypha Filler"},{"@type":"BreadcrumbList","@id":"https:\/\/mylipfiller.com\/saypha-filler-1-x-1ml\/#breadcrumb","itemListElement":[{"@type":"ListItem","position":1,"name":"Home","item":"https:\/\/mylipfiller.com\/"},{"@type":"ListItem","position":2,"name":"Shop","item":"https:\/\/mylipfiller.com\/shop\/"},{"@type":"ListItem","position":3,"name":"Saypha Filler (1 x 1ml)"}]},{"@type":"WebSite","@id":"https:\/\/mylipfiller.com\/#website","url":"https:\/\/mylipfiller.com\/","name":"Mi relleno de labios","description":"Rellenos d\u00e9rmicos y de labios con \u00e1cido hialur\u00f3nico","publisher":{"@id":"https:\/\/mylipfiller.com\/#organization"},"potentialAction":[{"@type":"SearchAction","target":{"@type":"EntryPoint","urlTemplate":"https:\/\/mylipfiller.com\/?s={search_term_string}"},"query-input":{"@type":"PropertyValueSpecification","valueRequired":true,"valueName":"search_term_string"}}],"inLanguage":"es"},{"@type":"Organization","@id":"https:\/\/mylipfiller.com\/#organization","name":"Mi relleno de labios","url":"https:\/\/mylipfiller.com\/","logo":{"@type":"ImageObject","inLanguage":"es","@id":"https:\/\/mylipfiller.com\/#\/schema\/logo\/image\/","url":"https:\/\/cdn.mylipfiller.com\/wp-content\/uploads\/2019\/02\/cropped-My-Lip-Filler-Logo.png","contentUrl":"https:\/\/cdn.mylipfiller.com\/wp-content\/uploads\/2019\/02\/cropped-My-Lip-Filler-Logo.png","width":240,"height":88,"caption":"My Lip Filler"},"image":{"@id":"https:\/\/mylipfiller.com\/#\/schema\/logo\/image\/"}}]}},"_links":{"self":[{"href":"https:\/\/mylipfiller.com\/es\/wp-json\/wp\/v2\/product\/30200","targetHints":{"allow":["GET"]}}],"collection":[{"href":"https:\/\/mylipfiller.com\/es\/wp-json\/wp\/v2\/product"}],"about":[{"href":"https:\/\/mylipfiller.com\/es\/wp-json\/wp\/v2\/types\/product"}],"wp:featuredmedia":[{"embeddable":true,"href":"https:\/\/mylipfiller.com\/es\/wp-json\/wp\/v2\/media\/30050"}],"wp:attachment":[{"href":"https:\/\/mylipfiller.com\/es\/wp-json\/wp\/v2\/media?parent=30200"}],"wp:term":[{"taxonomy":"product_brand","embeddable":true,"href":"https:\/\/mylipfiller.com\/es\/wp-json\/wp\/v2\/product_brand?post=30200"},{"taxonomy":"product_cat","embeddable":true,"href":"https:\/\/mylipfiller.com\/es\/wp-json\/wp\/v2\/product_cat?post=30200"},{"taxonomy":"product_tag","embeddable":true,"href":"https:\/\/mylipfiller.com\/es\/wp-json\/wp\/v2\/product_tag?post=30200"}],"curies":[{"name":"gracias","href":"https:\/\/api.w.org\/{rel}","templated":true}]}}