{"id":30201,"date":"2021-11-04T17:51:45","date_gmt":"2021-11-04T15:51:45","guid":{"rendered":"https:\/\/mylipfiller.com\/?post_type=product&#038;p=30201"},"modified":"2025-02-21T13:26:57","modified_gmt":"2025-02-21T11:26:57","slug":"saypha-volume-1-x-1ml","status":"publish","type":"product","link":"https:\/\/mylipfiller.com\/es\/saypha-volume-1-x-1ml\/","title":{"rendered":"Volumen de Saypha (1 x 1ml)"},"content":{"rendered":"<h3>Tipos de arrugas que elimina el volumen de Saypha<\/h3>\n<p>Saypha Volume de Croma Pharma tiene una concentraci\u00f3n de HA de 23 mg \/ mL y un alto nivel de reticulaci\u00f3n. Estas cualidades y propiedades del producto lo hacen m\u00e1s duradero y denso, pero con una excelente viscoelasticidad. Como resultado, este relleno d\u00e9rmico puede llenar incluso <strong>arrugas profundas y severas<\/strong> y pliegues, especialmente aquellos en zonas m\u00e1s m\u00f3viles de la cara como l\u00edneas profundas de marioneta y pliegues nasolabiales.<\/p>\n<p>Adem\u00e1s, el gel de implante HA en Saypha Volume tiene una estructura monof\u00e1sica. Por lo tanto, en comparaci\u00f3n con otros productos inyectables de esta clase, el riesgo de migraci\u00f3n o formaci\u00f3n de grumos y nudos debajo de la piel se minimiza en gran medida.<\/p>\n<h3>Saypha Volume: una soluci\u00f3n de aumento facial segura<\/h3>\n<p>El relleno de tejidos blandos Saypha Volume tambi\u00e9n est\u00e1 dise\u00f1ado para agregar volumen debajo de la piel. Al hacerlo, puede rejuvenecer el rostro ya que corrige la flacidez causada por el proceso de envejecimiento natural. Lo mejor es que el producto puede mejorar la apariencia general del rostro del paciente, ya que puede usarse durante los siguientes tipos de procedimientos no quir\u00fargicos:<\/p>\n<ul>\n<li>Realce de p\u00f3mulos<\/li>\n<li>Aumento de ment\u00f3n<\/li>\n<li>Esculpido facial<\/li>\n<li>Contorneado del rostro<\/li>\n<\/ul>\n<p>El producto debe inyectarse en la zona subcut\u00e1nea o en la dermis profunda. Para garantizar la comodidad del paciente, los m\u00e9dicos pueden usar anestesia local antes del procedimiento. Por lo general, Saypha Volume proporciona efectos anti-envejecimiento y de aumento facial que duran <u>aproximadamente 9 meses<\/u>.<\/p>","protected":false},"excerpt":{"rendered":"<p>Saypha Volume es un <em>Inyecci\u00f3n de relleno de \u00e1cido hialur\u00f3nico con propiedades voluminizadoras<\/em>. En otras palabras, puede corregir instant\u00e1neamente arrugas y depresiones cut\u00e1neas profundas. Adem\u00e1s, este producto (anteriormente conocido como Princess Volume) agrega r\u00e1pidamente volumen al ment\u00f3n y las mejillas y mejora el contorno del rostro. Por lo general, los efectos del tratamiento duran hasta 9 meses, pero se pueden mantener con inyecciones de retoque realizadas cada varios meses.<\/p>","protected":false},"featured_media":30052,"template":"","meta":{"_acf_changed":false},"product_brand":[],"product_cat":[89,171,34,83],"product_tag":[123,130,131,115,114,111,118,151,141,142,135,110,122,124],"class_list":{"0":"post-30201","1":"product","2":"type-product","3":"status-publish","4":"has-post-thumbnail","6":"product_cat-big-holiday-sale","7":"product_cat-croma-pharma","8":"product_cat-hard","9":"product_cat-saypha","10":"product_tag-asymmetry","11":"product_tag-cheek-volume","12":"product_tag-cheekbone-contour","13":"product_tag-cheekbones","14":"product_tag-chin","15":"product_tag-face","16":"product_tag-high-density","17":"product_tag-hyaluronic-acid-ha-fillers","18":"product_tag-lifting","19":"product_tag-modeling","20":"product_tag-small-chin","21":"product_tag-temple","22":"product_tag-up-to-18-months","23":"product_tag-volume","25":"first","26":"outofstock","27":"taxable","28":"shipping-taxable","29":"purchasable","30":"product-type-simple"},"acf":[],"yoast_head":"<!-- This site is optimized with the Yoast SEO plugin v27.2 - https:\/\/yoast.com\/product\/yoast-seo-wordpress\/ -->\n<title>Buy Saypha Volume (1 x 1ml) - Fillers from My Lip Filler<\/title>\n<meta name=\"description\" content=\"\u2765Buy Saypha Volume (1 x 1ml) \u23e9 My Lip Filler online store \u27a6 Quality assurance, reviews, ingredients, best prices!\" \/>\n<meta name=\"robots\" content=\"index, follow, max-snippet:-1, max-image-preview:large, max-video-preview:-1\" \/>\n<link rel=\"canonical\" href=\"https:\/\/mylipfiller.com\/es\/saypha-volume-1-x-1ml\/\" \/>\n<meta property=\"og:locale\" content=\"es_MX\" \/>\n<meta property=\"og:type\" content=\"article\" \/>\n<meta property=\"og:title\" content=\"Buy Saypha Volume (1 x 1ml) - Fillers from My Lip Filler\" \/>\n<meta property=\"og:description\" content=\"\u2765Buy Saypha Volume (1 x 1ml) \u23e9 My Lip Filler online store \u27a6 Quality assurance, reviews, ingredients, best prices!\" \/>\n<meta property=\"og:url\" content=\"https:\/\/mylipfiller.com\/es\/saypha-volume-1-x-1ml\/\" \/>\n<meta property=\"og:site_name\" content=\"My Lip Filler\" \/>\n<meta property=\"article:modified_time\" content=\"2025-02-21T11:26:57+00:00\" \/>\n<meta property=\"og:image\" content=\"https:\/\/cdn.mylipfiller.com\/wp-content\/uploads\/2021\/10\/Saypha-Volume.jpg\" \/>\n\t<meta property=\"og:image:width\" content=\"600\" \/>\n\t<meta property=\"og:image:height\" content=\"600\" \/>\n\t<meta property=\"og:image:type\" content=\"image\/jpeg\" \/>\n<meta name=\"twitter:card\" content=\"summary_large_image\" \/>\n<meta name=\"twitter:label1\" content=\"Tiempo de lectura\" \/>\n\t<meta name=\"twitter:data1\" content=\"2 minutos\" \/>\n<script type=\"application\/ld+json\" class=\"yoast-schema-graph\">{\"@context\":\"https:\/\/schema.org\",\"@graph\":[{\"@type\":\"WebPage\",\"@id\":\"https:\/\/mylipfiller.com\/saypha-volume-1-x-1ml\/\",\"url\":\"https:\/\/mylipfiller.com\/saypha-volume-1-x-1ml\/\",\"name\":\"Buy Saypha Volume (1 x 1ml) - Fillers from My Lip Filler\",\"isPartOf\":{\"@id\":\"https:\/\/mylipfiller.com\/#website\"},\"primaryImageOfPage\":{\"@id\":\"https:\/\/mylipfiller.com\/saypha-volume-1-x-1ml\/#primaryimage\"},\"image\":{\"@id\":\"https:\/\/mylipfiller.com\/saypha-volume-1-x-1ml\/#primaryimage\"},\"thumbnailUrl\":\"https:\/\/cdn.mylipfiller.com\/wp-content\/uploads\/2021\/10\/Saypha-Volume.jpg\",\"datePublished\":\"2021-11-04T15:51:45+00:00\",\"dateModified\":\"2025-02-21T11:26:57+00:00\",\"description\":\"\u2765Buy Saypha Volume (1 x 1ml) \u23e9 My Lip Filler online store \u27a6 Quality assurance, reviews, ingredients, best prices!\",\"breadcrumb\":{\"@id\":\"https:\/\/mylipfiller.com\/saypha-volume-1-x-1ml\/#breadcrumb\"},\"inLanguage\":\"es\",\"potentialAction\":[{\"@type\":\"ReadAction\",\"target\":[\"https:\/\/mylipfiller.com\/saypha-volume-1-x-1ml\/\"]}]},{\"@type\":\"ImageObject\",\"inLanguage\":\"es\",\"@id\":\"https:\/\/mylipfiller.com\/saypha-volume-1-x-1ml\/#primaryimage\",\"url\":\"https:\/\/cdn.mylipfiller.com\/wp-content\/uploads\/2021\/10\/Saypha-Volume.jpg\",\"contentUrl\":\"https:\/\/cdn.mylipfiller.com\/wp-content\/uploads\/2021\/10\/Saypha-Volume.jpg\",\"width\":600,\"height\":600,\"caption\":\"Saypha Volume\"},{\"@type\":\"BreadcrumbList\",\"@id\":\"https:\/\/mylipfiller.com\/saypha-volume-1-x-1ml\/#breadcrumb\",\"itemListElement\":[{\"@type\":\"ListItem\",\"position\":1,\"name\":\"Home\",\"item\":\"https:\/\/mylipfiller.com\/\"},{\"@type\":\"ListItem\",\"position\":2,\"name\":\"Shop\",\"item\":\"https:\/\/mylipfiller.com\/shop\/\"},{\"@type\":\"ListItem\",\"position\":3,\"name\":\"Saypha Volume (1 x 1ml)\"}]},{\"@type\":\"WebSite\",\"@id\":\"https:\/\/mylipfiller.com\/#website\",\"url\":\"https:\/\/mylipfiller.com\/\",\"name\":\"My Lip Filler\",\"description\":\"Hyaluronic Acid Lip and Dermal Fillers\",\"publisher\":{\"@id\":\"https:\/\/mylipfiller.com\/#organization\"},\"potentialAction\":[{\"@type\":\"SearchAction\",\"target\":{\"@type\":\"EntryPoint\",\"urlTemplate\":\"https:\/\/mylipfiller.com\/?s={search_term_string}\"},\"query-input\":{\"@type\":\"PropertyValueSpecification\",\"valueRequired\":true,\"valueName\":\"search_term_string\"}}],\"inLanguage\":\"es\"},{\"@type\":\"Organization\",\"@id\":\"https:\/\/mylipfiller.com\/#organization\",\"name\":\"My Lip Filler\",\"url\":\"https:\/\/mylipfiller.com\/\",\"logo\":{\"@type\":\"ImageObject\",\"inLanguage\":\"es\",\"@id\":\"https:\/\/mylipfiller.com\/#\/schema\/logo\/image\/\",\"url\":\"https:\/\/cdn.mylipfiller.com\/wp-content\/uploads\/2019\/02\/cropped-My-Lip-Filler-Logo.png\",\"contentUrl\":\"https:\/\/cdn.mylipfiller.com\/wp-content\/uploads\/2019\/02\/cropped-My-Lip-Filler-Logo.png\",\"width\":240,\"height\":88,\"caption\":\"My Lip Filler\"},\"image\":{\"@id\":\"https:\/\/mylipfiller.com\/#\/schema\/logo\/image\/\"}}]}<\/script>\n<!-- \/ Yoast SEO plugin. -->","yoast_head_json":{"title":"Comprar Saypha Volume (1 x 1ml) - Rellenos de My Lip Filler","description":"\u2765Compra Saypha Volume (1 x 1ml) \u23e9 Tienda online My Lip Filler \u27a6 Garant\u00eda de calidad, rese\u00f1as, ingredientes, \u00a1los mejores precios!","robots":{"index":"index","follow":"follow","max-snippet":"max-snippet:-1","max-image-preview":"max-image-preview:large","max-video-preview":"max-video-preview:-1"},"canonical":"https:\/\/mylipfiller.com\/es\/saypha-volume-1-x-1ml\/","og_locale":"es_MX","og_type":"article","og_title":"Buy Saypha Volume (1 x 1ml) - Fillers from My Lip Filler","og_description":"\u2765Buy Saypha Volume (1 x 1ml) \u23e9 My Lip Filler online store \u27a6 Quality assurance, reviews, ingredients, best prices!","og_url":"https:\/\/mylipfiller.com\/es\/saypha-volume-1-x-1ml\/","og_site_name":"My Lip Filler","article_modified_time":"2025-02-21T11:26:57+00:00","og_image":[{"width":600,"height":600,"url":"https:\/\/cdn.mylipfiller.com\/wp-content\/uploads\/2021\/10\/Saypha-Volume.jpg","type":"image\/jpeg"}],"twitter_card":"summary_large_image","twitter_misc":{"Tiempo de lectura":"2 minutos"},"schema":{"@context":"https:\/\/schema.org","@graph":[{"@type":"WebPage","@id":"https:\/\/mylipfiller.com\/saypha-volume-1-x-1ml\/","url":"https:\/\/mylipfiller.com\/saypha-volume-1-x-1ml\/","name":"Comprar Saypha Volume (1 x 1ml) - Rellenos de My Lip Filler","isPartOf":{"@id":"https:\/\/mylipfiller.com\/#website"},"primaryImageOfPage":{"@id":"https:\/\/mylipfiller.com\/saypha-volume-1-x-1ml\/#primaryimage"},"image":{"@id":"https:\/\/mylipfiller.com\/saypha-volume-1-x-1ml\/#primaryimage"},"thumbnailUrl":"https:\/\/cdn.mylipfiller.com\/wp-content\/uploads\/2021\/10\/Saypha-Volume.jpg","datePublished":"2021-11-04T15:51:45+00:00","dateModified":"2025-02-21T11:26:57+00:00","description":"\u2765Compra Saypha Volume (1 x 1ml) \u23e9 Tienda online My Lip Filler \u27a6 Garant\u00eda de calidad, rese\u00f1as, ingredientes, \u00a1los mejores precios!","breadcrumb":{"@id":"https:\/\/mylipfiller.com\/saypha-volume-1-x-1ml\/#breadcrumb"},"inLanguage":"es","potentialAction":[{"@type":"ReadAction","target":["https:\/\/mylipfiller.com\/saypha-volume-1-x-1ml\/"]}]},{"@type":"ImageObject","inLanguage":"es","@id":"https:\/\/mylipfiller.com\/saypha-volume-1-x-1ml\/#primaryimage","url":"https:\/\/cdn.mylipfiller.com\/wp-content\/uploads\/2021\/10\/Saypha-Volume.jpg","contentUrl":"https:\/\/cdn.mylipfiller.com\/wp-content\/uploads\/2021\/10\/Saypha-Volume.jpg","width":600,"height":600,"caption":"Saypha Volume"},{"@type":"BreadcrumbList","@id":"https:\/\/mylipfiller.com\/saypha-volume-1-x-1ml\/#breadcrumb","itemListElement":[{"@type":"ListItem","position":1,"name":"Home","item":"https:\/\/mylipfiller.com\/"},{"@type":"ListItem","position":2,"name":"Shop","item":"https:\/\/mylipfiller.com\/shop\/"},{"@type":"ListItem","position":3,"name":"Saypha Volume (1 x 1ml)"}]},{"@type":"WebSite","@id":"https:\/\/mylipfiller.com\/#website","url":"https:\/\/mylipfiller.com\/","name":"Mi relleno de labios","description":"Rellenos d\u00e9rmicos y de labios con \u00e1cido hialur\u00f3nico","publisher":{"@id":"https:\/\/mylipfiller.com\/#organization"},"potentialAction":[{"@type":"SearchAction","target":{"@type":"EntryPoint","urlTemplate":"https:\/\/mylipfiller.com\/?s={search_term_string}"},"query-input":{"@type":"PropertyValueSpecification","valueRequired":true,"valueName":"search_term_string"}}],"inLanguage":"es"},{"@type":"Organization","@id":"https:\/\/mylipfiller.com\/#organization","name":"Mi relleno de labios","url":"https:\/\/mylipfiller.com\/","logo":{"@type":"ImageObject","inLanguage":"es","@id":"https:\/\/mylipfiller.com\/#\/schema\/logo\/image\/","url":"https:\/\/cdn.mylipfiller.com\/wp-content\/uploads\/2019\/02\/cropped-My-Lip-Filler-Logo.png","contentUrl":"https:\/\/cdn.mylipfiller.com\/wp-content\/uploads\/2019\/02\/cropped-My-Lip-Filler-Logo.png","width":240,"height":88,"caption":"My Lip Filler"},"image":{"@id":"https:\/\/mylipfiller.com\/#\/schema\/logo\/image\/"}}]}},"_links":{"self":[{"href":"https:\/\/mylipfiller.com\/es\/wp-json\/wp\/v2\/product\/30201","targetHints":{"allow":["GET"]}}],"collection":[{"href":"https:\/\/mylipfiller.com\/es\/wp-json\/wp\/v2\/product"}],"about":[{"href":"https:\/\/mylipfiller.com\/es\/wp-json\/wp\/v2\/types\/product"}],"wp:featuredmedia":[{"embeddable":true,"href":"https:\/\/mylipfiller.com\/es\/wp-json\/wp\/v2\/media\/30052"}],"wp:attachment":[{"href":"https:\/\/mylipfiller.com\/es\/wp-json\/wp\/v2\/media?parent=30201"}],"wp:term":[{"taxonomy":"product_brand","embeddable":true,"href":"https:\/\/mylipfiller.com\/es\/wp-json\/wp\/v2\/product_brand?post=30201"},{"taxonomy":"product_cat","embeddable":true,"href":"https:\/\/mylipfiller.com\/es\/wp-json\/wp\/v2\/product_cat?post=30201"},{"taxonomy":"product_tag","embeddable":true,"href":"https:\/\/mylipfiller.com\/es\/wp-json\/wp\/v2\/product_tag?post=30201"}],"curies":[{"name":"gracias","href":"https:\/\/api.w.org\/{rel}","templated":true}]}}