{"id":3075,"date":"2019-07-26T16:19:43","date_gmt":"2019-07-26T14:19:43","guid":{"rendered":"https:\/\/mylipfiller.com\/?post_type=product&#038;p=3075"},"modified":"2024-07-03T17:32:55","modified_gmt":"2024-07-03T15:32:55","slug":"beauty-friends-ii-tomato-essence-mask-sheet-pack","status":"publish","type":"product","link":"https:\/\/mylipfiller.com\/es\/beauty-friends-ii-tomato-essence-mask-sheet-pack\/","title":{"rendered":"Paquete de hojas de mascarilla de esencia de tomate Beauty Friends II"},"content":{"rendered":"<h3>\u00bfQu\u00e9 hace este producto de calidad para el cuidado de la piel?<\/h3>\n<p>Cuando se aplica en la cara, esta magn\u00edfica mascarilla proporciona a la piel una capa protectora que tambi\u00e9n tiene la capacidad de <u>hidratar y rejuvenecer la piel<\/u> a un nivel muy profundo entreg\u00e1ndolo con nutrientes importantes. Como su nombre lo indica, el ingrediente activo clave de Tomato Essence Mask Sheet Pack es el tomate, una fruta conocida por tener <em>propiedades antioxidantes m\u00e1s fuertes<\/em> que la vitamina E y la vitamina C combinadas. Por eso:<\/p>\n<ul>\n<li>Ofrecerle un cuidado de la piel antiedad integral<\/li>\n<li>Aumenta f\u00e1cilmente la elasticidad de la piel<\/li>\n<li>Reducir eficazmente la producci\u00f3n de melanina para reducir las manchas oscuras, por ejemplo<\/li>\n<li>Dale a tu rostro r\u00e1pidamente un brillo natural saludable<\/li>\n<\/ul>\n<p>Los tomates tambi\u00e9n tienen la capacidad de <em>reducir los poros dilatados<\/em>, particularmente los de las mejillas y la nariz.<\/p>\n<h3>\u00bfC\u00f3mo aplicar esta mascarilla?<\/h3>\n<p>El paquete de hojas de mascarilla Tomato Essence de Beauty Friends es sorprendentemente f\u00e1cil de usar y aplicar. Puede utilizar este producto <em>calentado o enfriado<\/em> dependiendo enteramente de sus preferencias personales. Sin embargo, recuerde lavarse bien la cara con agua tonificante antes de pon\u00e9rselo. Una vez que aplique esta mascarilla de primera categor\u00eda, d\u00e9jela <u>aproximadamente 20-30 minutos<\/u>. Despu\u00e9s de quitarlo, no necesitar\u00e1 lavarse la cara.<\/p>","protected":false},"excerpt":{"rendered":"<p>El paquete de hojas de mascarilla de esencia de tomate de Beauty Friends es lo que necesitas si quieres <em>lleve su rutina diaria de cuidado de la piel a un nivel completamente nuevo<\/em>. Contiene Solanum Lycopersicum, com\u00fanmente conocido como tomate, y est\u00e1 libre de ingredientes t\u00f3xicos y agresivos. A pesar de ser de car\u00e1cter tan suave, <u>hidrata profundamente tu piel<\/u>, previene la hiperpigmentaci\u00f3n y le da un aspecto rejuvenecido despu\u00e9s de una sola aplicaci\u00f3n. P\u00eddelo en la tienda en l\u00ednea de My Lip Filler.<\/p>","protected":false},"featured_media":3589,"template":"","meta":{"_acf_changed":false},"product_brand":[],"product_cat":[53,155,54],"product_tag":[111,137],"class_list":{"0":"post-3075","1":"product","2":"type-product","3":"status-publish","4":"has-post-thumbnail","6":"product_cat-beauty-friends","7":"product_cat-coscoi","8":"product_cat-cosmetics","9":"product_tag-face","10":"product_tag-south-korea","12":"first","13":"outofstock","14":"taxable","15":"shipping-taxable","16":"purchasable","17":"product-type-simple"},"acf":[],"yoast_head":"<!-- This site is optimized with the Yoast SEO plugin v27.3 - https:\/\/yoast.com\/product\/yoast-seo-wordpress\/ -->\n<title>Buy Beauty Friends II Tomato Essence Mask Sheet Pack - Fillers from My Lip Filler<\/title>\n<meta name=\"description\" content=\"Buy easy-to-use Tomato Essence Mask Sheet Pack by Beauty Friends via My Lip Filler. Tomato Essence Mask Sheet Pack has anti-aging and hydrating effects.\" \/>\n<meta name=\"robots\" content=\"index, follow, max-snippet:-1, max-image-preview:large, max-video-preview:-1\" \/>\n<link rel=\"canonical\" href=\"https:\/\/mylipfiller.com\/es\/beauty-friends-ii-tomato-essence-mask-sheet-pack\/\" \/>\n<meta property=\"og:locale\" content=\"es_MX\" \/>\n<meta property=\"og:type\" content=\"article\" \/>\n<meta property=\"og:title\" content=\"Buy Beauty Friends II Tomato Essence Mask Sheet Pack - Fillers from My Lip Filler\" \/>\n<meta property=\"og:description\" content=\"Buy easy-to-use Tomato Essence Mask Sheet Pack by Beauty Friends via My Lip Filler. Tomato Essence Mask Sheet Pack has anti-aging and hydrating effects.\" \/>\n<meta property=\"og:url\" content=\"https:\/\/mylipfiller.com\/es\/beauty-friends-ii-tomato-essence-mask-sheet-pack\/\" \/>\n<meta property=\"og:site_name\" content=\"My Lip Filler\" \/>\n<meta property=\"article:modified_time\" content=\"2024-07-03T15:32:55+00:00\" \/>\n<meta property=\"og:image\" content=\"https:\/\/cdn.mylipfiller.com\/wp-content\/uploads\/2019\/07\/Tomato.jpg\" \/>\n\t<meta property=\"og:image:width\" content=\"450\" \/>\n\t<meta property=\"og:image:height\" content=\"450\" \/>\n\t<meta property=\"og:image:type\" content=\"image\/jpeg\" \/>\n<meta name=\"twitter:card\" content=\"summary_large_image\" \/>\n<meta name=\"twitter:label1\" content=\"Tiempo de lectura\" \/>\n\t<meta name=\"twitter:data1\" content=\"1 minuto\" \/>\n<script type=\"application\/ld+json\" class=\"yoast-schema-graph\">{\"@context\":\"https:\\\/\\\/schema.org\",\"@graph\":[{\"@type\":\"WebPage\",\"@id\":\"https:\\\/\\\/mylipfiller.com\\\/beauty-friends-ii-tomato-essence-mask-sheet-pack\\\/\",\"url\":\"https:\\\/\\\/mylipfiller.com\\\/beauty-friends-ii-tomato-essence-mask-sheet-pack\\\/\",\"name\":\"Buy Beauty Friends II Tomato Essence Mask Sheet Pack - Fillers from My Lip Filler\",\"isPartOf\":{\"@id\":\"https:\\\/\\\/mylipfiller.com\\\/#website\"},\"primaryImageOfPage\":{\"@id\":\"https:\\\/\\\/mylipfiller.com\\\/beauty-friends-ii-tomato-essence-mask-sheet-pack\\\/#primaryimage\"},\"image\":{\"@id\":\"https:\\\/\\\/mylipfiller.com\\\/beauty-friends-ii-tomato-essence-mask-sheet-pack\\\/#primaryimage\"},\"thumbnailUrl\":\"https:\\\/\\\/mylipfiller.com\\\/wp-content\\\/uploads\\\/2019\\\/07\\\/Tomato.jpg\",\"datePublished\":\"2019-07-26T14:19:43+00:00\",\"dateModified\":\"2024-07-03T15:32:55+00:00\",\"description\":\"Buy easy-to-use Tomato Essence Mask Sheet Pack by Beauty Friends via My Lip Filler. Tomato Essence Mask Sheet Pack has anti-aging and hydrating effects.\",\"breadcrumb\":{\"@id\":\"https:\\\/\\\/mylipfiller.com\\\/beauty-friends-ii-tomato-essence-mask-sheet-pack\\\/#breadcrumb\"},\"inLanguage\":\"es\",\"potentialAction\":[{\"@type\":\"ReadAction\",\"target\":[\"https:\\\/\\\/mylipfiller.com\\\/beauty-friends-ii-tomato-essence-mask-sheet-pack\\\/\"]}]},{\"@type\":\"ImageObject\",\"inLanguage\":\"es\",\"@id\":\"https:\\\/\\\/mylipfiller.com\\\/beauty-friends-ii-tomato-essence-mask-sheet-pack\\\/#primaryimage\",\"url\":\"https:\\\/\\\/mylipfiller.com\\\/wp-content\\\/uploads\\\/2019\\\/07\\\/Tomato.jpg\",\"contentUrl\":\"https:\\\/\\\/mylipfiller.com\\\/wp-content\\\/uploads\\\/2019\\\/07\\\/Tomato.jpg\",\"width\":450,\"height\":450,\"caption\":\"Tomato\"},{\"@type\":\"BreadcrumbList\",\"@id\":\"https:\\\/\\\/mylipfiller.com\\\/beauty-friends-ii-tomato-essence-mask-sheet-pack\\\/#breadcrumb\",\"itemListElement\":[{\"@type\":\"ListItem\",\"position\":1,\"name\":\"Home\",\"item\":\"https:\\\/\\\/mylipfiller.com\\\/\"},{\"@type\":\"ListItem\",\"position\":2,\"name\":\"Shop\",\"item\":\"https:\\\/\\\/mylipfiller.com\\\/shop\\\/\"},{\"@type\":\"ListItem\",\"position\":3,\"name\":\"Beauty Friends II Tomato Essence Mask Sheet Pack\"}]},{\"@type\":\"WebSite\",\"@id\":\"https:\\\/\\\/mylipfiller.com\\\/#website\",\"url\":\"https:\\\/\\\/mylipfiller.com\\\/\",\"name\":\"My Lip Filler\",\"description\":\"Hyaluronic Acid Lip and Dermal Fillers\",\"publisher\":{\"@id\":\"https:\\\/\\\/mylipfiller.com\\\/#organization\"},\"potentialAction\":[{\"@type\":\"SearchAction\",\"target\":{\"@type\":\"EntryPoint\",\"urlTemplate\":\"https:\\\/\\\/mylipfiller.com\\\/?s={search_term_string}\"},\"query-input\":{\"@type\":\"PropertyValueSpecification\",\"valueRequired\":true,\"valueName\":\"search_term_string\"}}],\"inLanguage\":\"es\"},{\"@type\":\"Organization\",\"@id\":\"https:\\\/\\\/mylipfiller.com\\\/#organization\",\"name\":\"My Lip Filler\",\"url\":\"https:\\\/\\\/mylipfiller.com\\\/\",\"logo\":{\"@type\":\"ImageObject\",\"inLanguage\":\"es\",\"@id\":\"https:\\\/\\\/mylipfiller.com\\\/#\\\/schema\\\/logo\\\/image\\\/\",\"url\":\"https:\\\/\\\/mylipfiller.com\\\/wp-content\\\/uploads\\\/2019\\\/02\\\/cropped-My-Lip-Filler-Logo.png\",\"contentUrl\":\"https:\\\/\\\/mylipfiller.com\\\/wp-content\\\/uploads\\\/2019\\\/02\\\/cropped-My-Lip-Filler-Logo.png\",\"width\":240,\"height\":88,\"caption\":\"My Lip Filler\"},\"image\":{\"@id\":\"https:\\\/\\\/mylipfiller.com\\\/#\\\/schema\\\/logo\\\/image\\\/\"}}]}<\/script>\n<!-- \/ Yoast SEO plugin. -->","yoast_head_json":{"title":"Compre el paquete de hojas de mascarilla con esencia de tomate Beauty Friends II - Rellenos de My Lip Filler","description":"Compre el paquete de hojas de m\u00e1scara de esencia de tomate f\u00e1cil de usar de Beauty Friends a trav\u00e9s de My Lip Filler. Tomato Essence Mask Sheet Pack tiene efectos antienvejecimiento e hidratantes.","robots":{"index":"index","follow":"follow","max-snippet":"max-snippet:-1","max-image-preview":"max-image-preview:large","max-video-preview":"max-video-preview:-1"},"canonical":"https:\/\/mylipfiller.com\/es\/beauty-friends-ii-tomato-essence-mask-sheet-pack\/","og_locale":"es_MX","og_type":"article","og_title":"Buy Beauty Friends II Tomato Essence Mask Sheet Pack - Fillers from My Lip Filler","og_description":"Buy easy-to-use Tomato Essence Mask Sheet Pack by Beauty Friends via My Lip Filler. Tomato Essence Mask Sheet Pack has anti-aging and hydrating effects.","og_url":"https:\/\/mylipfiller.com\/es\/beauty-friends-ii-tomato-essence-mask-sheet-pack\/","og_site_name":"My Lip Filler","article_modified_time":"2024-07-03T15:32:55+00:00","og_image":[{"width":450,"height":450,"url":"https:\/\/cdn.mylipfiller.com\/wp-content\/uploads\/2019\/07\/Tomato.jpg","type":"image\/jpeg"}],"twitter_card":"summary_large_image","twitter_misc":{"Tiempo de lectura":"1 minuto"},"schema":{"@context":"https:\/\/schema.org","@graph":[{"@type":"WebPage","@id":"https:\/\/mylipfiller.com\/beauty-friends-ii-tomato-essence-mask-sheet-pack\/","url":"https:\/\/mylipfiller.com\/beauty-friends-ii-tomato-essence-mask-sheet-pack\/","name":"Compre el paquete de hojas de mascarilla con esencia de tomate Beauty Friends II - Rellenos de My Lip Filler","isPartOf":{"@id":"https:\/\/mylipfiller.com\/#website"},"primaryImageOfPage":{"@id":"https:\/\/mylipfiller.com\/beauty-friends-ii-tomato-essence-mask-sheet-pack\/#primaryimage"},"image":{"@id":"https:\/\/mylipfiller.com\/beauty-friends-ii-tomato-essence-mask-sheet-pack\/#primaryimage"},"thumbnailUrl":"https:\/\/cdn.mylipfiller.com\/wp-content\/uploads\/2019\/07\/Tomato.jpg","datePublished":"2019-07-26T14:19:43+00:00","dateModified":"2024-07-03T15:32:55+00:00","description":"Compre el paquete de hojas de m\u00e1scara de esencia de tomate f\u00e1cil de usar de Beauty Friends a trav\u00e9s de My Lip Filler. Tomato Essence Mask Sheet Pack tiene efectos antienvejecimiento e hidratantes.","breadcrumb":{"@id":"https:\/\/mylipfiller.com\/beauty-friends-ii-tomato-essence-mask-sheet-pack\/#breadcrumb"},"inLanguage":"es","potentialAction":[{"@type":"ReadAction","target":["https:\/\/mylipfiller.com\/beauty-friends-ii-tomato-essence-mask-sheet-pack\/"]}]},{"@type":"ImageObject","inLanguage":"es","@id":"https:\/\/mylipfiller.com\/beauty-friends-ii-tomato-essence-mask-sheet-pack\/#primaryimage","url":"https:\/\/cdn.mylipfiller.com\/wp-content\/uploads\/2019\/07\/Tomato.jpg","contentUrl":"https:\/\/cdn.mylipfiller.com\/wp-content\/uploads\/2019\/07\/Tomato.jpg","width":450,"height":450,"caption":"Tomato"},{"@type":"BreadcrumbList","@id":"https:\/\/mylipfiller.com\/beauty-friends-ii-tomato-essence-mask-sheet-pack\/#breadcrumb","itemListElement":[{"@type":"ListItem","position":1,"name":"Home","item":"https:\/\/mylipfiller.com\/"},{"@type":"ListItem","position":2,"name":"Shop","item":"https:\/\/mylipfiller.com\/shop\/"},{"@type":"ListItem","position":3,"name":"Beauty Friends II Tomato Essence Mask Sheet Pack"}]},{"@type":"WebSite","@id":"https:\/\/mylipfiller.com\/#website","url":"https:\/\/mylipfiller.com\/","name":"Mi relleno de labios","description":"Rellenos d\u00e9rmicos y de labios con \u00e1cido hialur\u00f3nico","publisher":{"@id":"https:\/\/mylipfiller.com\/#organization"},"potentialAction":[{"@type":"SearchAction","target":{"@type":"EntryPoint","urlTemplate":"https:\/\/mylipfiller.com\/?s={search_term_string}"},"query-input":{"@type":"PropertyValueSpecification","valueRequired":true,"valueName":"search_term_string"}}],"inLanguage":"es"},{"@type":"Organization","@id":"https:\/\/mylipfiller.com\/#organization","name":"Mi relleno de labios","url":"https:\/\/mylipfiller.com\/","logo":{"@type":"ImageObject","inLanguage":"es","@id":"https:\/\/mylipfiller.com\/#\/schema\/logo\/image\/","url":"https:\/\/cdn.mylipfiller.com\/wp-content\/uploads\/2019\/02\/cropped-My-Lip-Filler-Logo.png","contentUrl":"https:\/\/cdn.mylipfiller.com\/wp-content\/uploads\/2019\/02\/cropped-My-Lip-Filler-Logo.png","width":240,"height":88,"caption":"My Lip Filler"},"image":{"@id":"https:\/\/mylipfiller.com\/#\/schema\/logo\/image\/"}}]}},"_links":{"self":[{"href":"https:\/\/mylipfiller.com\/es\/wp-json\/wp\/v2\/product\/3075","targetHints":{"allow":["GET"]}}],"collection":[{"href":"https:\/\/mylipfiller.com\/es\/wp-json\/wp\/v2\/product"}],"about":[{"href":"https:\/\/mylipfiller.com\/es\/wp-json\/wp\/v2\/types\/product"}],"wp:featuredmedia":[{"embeddable":true,"href":"https:\/\/mylipfiller.com\/es\/wp-json\/wp\/v2\/media\/3589"}],"wp:attachment":[{"href":"https:\/\/mylipfiller.com\/es\/wp-json\/wp\/v2\/media?parent=3075"}],"wp:term":[{"taxonomy":"product_brand","embeddable":true,"href":"https:\/\/mylipfiller.com\/es\/wp-json\/wp\/v2\/product_brand?post=3075"},{"taxonomy":"product_cat","embeddable":true,"href":"https:\/\/mylipfiller.com\/es\/wp-json\/wp\/v2\/product_cat?post=3075"},{"taxonomy":"product_tag","embeddable":true,"href":"https:\/\/mylipfiller.com\/es\/wp-json\/wp\/v2\/product_tag?post=3075"}],"curies":[{"name":"gracias","href":"https:\/\/api.w.org\/{rel}","templated":true}]}}