{"id":3077,"date":"2019-07-26T16:21:02","date_gmt":"2019-07-26T14:21:02","guid":{"rendered":"https:\/\/mylipfiller.com\/?post_type=product&#038;p=3077"},"modified":"2024-07-03T17:32:55","modified_gmt":"2024-07-03T15:32:55","slug":"beauty-friends-ii-pomegranate-essence-mask-sheet-pack","status":"publish","type":"product","link":"https:\/\/mylipfiller.com\/es\/beauty-friends-ii-pomegranate-essence-mask-sheet-pack\/","title":{"rendered":"Paquete de hojas de mascarilla de esencia de granada Beauty Friends II"},"content":{"rendered":"<h3>Una soluci\u00f3n casera para el cuidado de la piel que debes probar<\/h3>\n<p>A diferencia de otras mascarillas faciales m\u00e1s vendidas, las que forman parte del paquete de hojas de mascarilla Pomegranate Essence son <u>extremadamente f\u00e1cil de aplicar<\/u> y realmente no requieren ninguna preparaci\u00f3n especial. Todo lo que necesita hacer es lavarse la cara, preferiblemente con agua t\u00f3nica. Mantenga el producto hasta media hora y luego simplemente ret\u00edrelo. Ni siquiera tendr\u00e1 que molestarse en lavarse la cara despu\u00e9s de eso porque el extracto de granada en cada una de estas revolucionarias mascarillas es 100% inofensivo y continuar\u00e1 haciendo su magia mucho despu\u00e9s de que haya eliminado este producto de su cara.<\/p>\n<h3>Beneficios de la piel de la granada<\/h3>\n<p>La granada, tambi\u00e9n conocida como Punica granatum, es una fruta \u00fanica que tiene capacidades \u00fanicas para el cuidado de la piel. Este producto, en particular, se anuncia para <u>suavizando la piel \u00e1spera y seca<\/u> y para reducir la apariencia de los poros del rostro. Sin embargo, eso apenas captura la lista completa de superpoderes que este <em>conveniente m\u00e1scara de hoja<\/em> tiene porque tambi\u00e9n puede:<\/p>\n<ul>\n<li>Rejuvenecer la piel<\/li>\n<li>Reducir la apariencia de l\u00edneas finas y arrugas.<\/li>\n<li>Proporciona a la piel del rostro una hidrataci\u00f3n profunda y duradera.<\/li>\n<li>Calma las inflamaciones causadas por el acn\u00e9 y otras irritaciones.<\/li>\n<li>Ofrece protecci\u00f3n contra el estr\u00e9s oxidativo provocado por la luz ultravioleta.<\/li>\n<\/ul>\n<p>Ahora disponible en la tienda en l\u00ednea de My Lip Filler, esta mascarilla para el cuidado de la piel de primera calidad es especialmente adecuada para personas con piel seca.<\/p>","protected":false},"excerpt":{"rendered":"<p>Las mascarillas en hojas fabricadas en Corea son la tendencia de cuidado de la piel m\u00e1s candente en este momento y el paquete de mascarillas Pomegranate Essence es el producto m\u00e1s popular de este tipo en particular. Parte de Beauty Friends &#039; <u>productos de belleza para el hogar de nueva generaci\u00f3n<\/u> y aparece en la selecci\u00f3n de productos de My Lip Filler, incluye varios sobres de mascarillas faciales de vanguardia que son <em>saturado en extracto de granada<\/em>. \u00bfLa raz\u00f3n? Este ingrediente natural es excelente para suavizar la piel y reducir sin dolor los poros dilatados.<\/p>","protected":false},"featured_media":3585,"template":"","meta":{"_acf_changed":false},"product_brand":[],"product_cat":[53,155,54],"product_tag":[111,137],"class_list":{"0":"post-3077","1":"product","2":"type-product","3":"status-publish","4":"has-post-thumbnail","6":"product_cat-beauty-friends","7":"product_cat-coscoi","8":"product_cat-cosmetics","9":"product_tag-face","10":"product_tag-south-korea","12":"first","13":"outofstock","14":"taxable","15":"shipping-taxable","16":"purchasable","17":"product-type-simple"},"acf":[],"yoast_head":"<!-- This site is optimized with the Yoast SEO plugin v27.3 - https:\/\/yoast.com\/product\/yoast-seo-wordpress\/ -->\n<title>Buy Beauty Friends II Pomegranate Essence Mask Sheet Pack - Fillers from My Lip Filler<\/title>\n<meta name=\"description\" content=\"\u2765Buy Beauty Friends II Pomegranate Essence Mask Sheet Pack \u23e9 My Lip Filler online store \u27a6 Quality assurance, reviews, ingredients, best prices!\" \/>\n<meta name=\"robots\" content=\"index, follow, max-snippet:-1, max-image-preview:large, max-video-preview:-1\" \/>\n<link rel=\"canonical\" href=\"https:\/\/mylipfiller.com\/es\/beauty-friends-ii-pomegranate-essence-mask-sheet-pack\/\" \/>\n<meta property=\"og:locale\" content=\"es_MX\" \/>\n<meta property=\"og:type\" content=\"article\" \/>\n<meta property=\"og:title\" content=\"Buy Beauty Friends II Pomegranate Essence Mask Sheet Pack - Fillers from My Lip Filler\" \/>\n<meta property=\"og:description\" content=\"\u2765Buy Beauty Friends II Pomegranate Essence Mask Sheet Pack \u23e9 My Lip Filler online store \u27a6 Quality assurance, reviews, ingredients, best prices!\" \/>\n<meta property=\"og:url\" content=\"https:\/\/mylipfiller.com\/es\/beauty-friends-ii-pomegranate-essence-mask-sheet-pack\/\" \/>\n<meta property=\"og:site_name\" content=\"My Lip Filler\" \/>\n<meta property=\"article:modified_time\" content=\"2024-07-03T15:32:55+00:00\" \/>\n<meta property=\"og:image\" content=\"https:\/\/cdn.mylipfiller.com\/wp-content\/uploads\/2019\/08\/Pomegranate.jpg\" \/>\n\t<meta property=\"og:image:width\" content=\"450\" \/>\n\t<meta property=\"og:image:height\" content=\"450\" \/>\n\t<meta property=\"og:image:type\" content=\"image\/jpeg\" \/>\n<meta name=\"twitter:card\" content=\"summary_large_image\" \/>\n<meta name=\"twitter:label1\" content=\"Tiempo de lectura\" \/>\n\t<meta name=\"twitter:data1\" content=\"2 minutos\" \/>\n<script type=\"application\/ld+json\" class=\"yoast-schema-graph\">{\"@context\":\"https:\\\/\\\/schema.org\",\"@graph\":[{\"@type\":\"WebPage\",\"@id\":\"https:\\\/\\\/mylipfiller.com\\\/beauty-friends-ii-pomegranate-essence-mask-sheet-pack\\\/\",\"url\":\"https:\\\/\\\/mylipfiller.com\\\/beauty-friends-ii-pomegranate-essence-mask-sheet-pack\\\/\",\"name\":\"Buy Beauty Friends II Pomegranate Essence Mask Sheet Pack - Fillers from My Lip Filler\",\"isPartOf\":{\"@id\":\"https:\\\/\\\/mylipfiller.com\\\/#website\"},\"primaryImageOfPage\":{\"@id\":\"https:\\\/\\\/mylipfiller.com\\\/beauty-friends-ii-pomegranate-essence-mask-sheet-pack\\\/#primaryimage\"},\"image\":{\"@id\":\"https:\\\/\\\/mylipfiller.com\\\/beauty-friends-ii-pomegranate-essence-mask-sheet-pack\\\/#primaryimage\"},\"thumbnailUrl\":\"https:\\\/\\\/mylipfiller.com\\\/wp-content\\\/uploads\\\/2019\\\/08\\\/Pomegranate.jpg\",\"datePublished\":\"2019-07-26T14:21:02+00:00\",\"dateModified\":\"2024-07-03T15:32:55+00:00\",\"description\":\"\u2765Buy Beauty Friends II Pomegranate Essence Mask Sheet Pack \u23e9 My Lip Filler online store \u27a6 Quality assurance, reviews, ingredients, best prices!\",\"breadcrumb\":{\"@id\":\"https:\\\/\\\/mylipfiller.com\\\/beauty-friends-ii-pomegranate-essence-mask-sheet-pack\\\/#breadcrumb\"},\"inLanguage\":\"es\",\"potentialAction\":[{\"@type\":\"ReadAction\",\"target\":[\"https:\\\/\\\/mylipfiller.com\\\/beauty-friends-ii-pomegranate-essence-mask-sheet-pack\\\/\"]}]},{\"@type\":\"ImageObject\",\"inLanguage\":\"es\",\"@id\":\"https:\\\/\\\/mylipfiller.com\\\/beauty-friends-ii-pomegranate-essence-mask-sheet-pack\\\/#primaryimage\",\"url\":\"https:\\\/\\\/mylipfiller.com\\\/wp-content\\\/uploads\\\/2019\\\/08\\\/Pomegranate.jpg\",\"contentUrl\":\"https:\\\/\\\/mylipfiller.com\\\/wp-content\\\/uploads\\\/2019\\\/08\\\/Pomegranate.jpg\",\"width\":450,\"height\":450,\"caption\":\"Pomegranate\"},{\"@type\":\"BreadcrumbList\",\"@id\":\"https:\\\/\\\/mylipfiller.com\\\/beauty-friends-ii-pomegranate-essence-mask-sheet-pack\\\/#breadcrumb\",\"itemListElement\":[{\"@type\":\"ListItem\",\"position\":1,\"name\":\"Home\",\"item\":\"https:\\\/\\\/mylipfiller.com\\\/\"},{\"@type\":\"ListItem\",\"position\":2,\"name\":\"Shop\",\"item\":\"https:\\\/\\\/mylipfiller.com\\\/shop\\\/\"},{\"@type\":\"ListItem\",\"position\":3,\"name\":\"Beauty Friends II Pomegranate Essence Mask Sheet Pack\"}]},{\"@type\":\"WebSite\",\"@id\":\"https:\\\/\\\/mylipfiller.com\\\/#website\",\"url\":\"https:\\\/\\\/mylipfiller.com\\\/\",\"name\":\"My Lip Filler\",\"description\":\"Hyaluronic Acid Lip and Dermal Fillers\",\"publisher\":{\"@id\":\"https:\\\/\\\/mylipfiller.com\\\/#organization\"},\"potentialAction\":[{\"@type\":\"SearchAction\",\"target\":{\"@type\":\"EntryPoint\",\"urlTemplate\":\"https:\\\/\\\/mylipfiller.com\\\/?s={search_term_string}\"},\"query-input\":{\"@type\":\"PropertyValueSpecification\",\"valueRequired\":true,\"valueName\":\"search_term_string\"}}],\"inLanguage\":\"es\"},{\"@type\":\"Organization\",\"@id\":\"https:\\\/\\\/mylipfiller.com\\\/#organization\",\"name\":\"My Lip Filler\",\"url\":\"https:\\\/\\\/mylipfiller.com\\\/\",\"logo\":{\"@type\":\"ImageObject\",\"inLanguage\":\"es\",\"@id\":\"https:\\\/\\\/mylipfiller.com\\\/#\\\/schema\\\/logo\\\/image\\\/\",\"url\":\"https:\\\/\\\/mylipfiller.com\\\/wp-content\\\/uploads\\\/2019\\\/02\\\/cropped-My-Lip-Filler-Logo.png\",\"contentUrl\":\"https:\\\/\\\/mylipfiller.com\\\/wp-content\\\/uploads\\\/2019\\\/02\\\/cropped-My-Lip-Filler-Logo.png\",\"width\":240,\"height\":88,\"caption\":\"My Lip Filler\"},\"image\":{\"@id\":\"https:\\\/\\\/mylipfiller.com\\\/#\\\/schema\\\/logo\\\/image\\\/\"}}]}<\/script>\n<!-- \/ Yoast SEO plugin. -->","yoast_head_json":{"title":"Compre el paquete de hojas de mascarilla con esencia de granada Beauty Friends II - Rellenos de My Lip Filler","description":"\u2765Compre Beauty Friends II Paquete de hojas de mascarilla con esencia de granada \u23e9 Tienda en l\u00ednea My Lip Filler \u27a6 Garant\u00eda de calidad, rese\u00f1as, ingredientes, \u00a1los mejores precios!","robots":{"index":"index","follow":"follow","max-snippet":"max-snippet:-1","max-image-preview":"max-image-preview:large","max-video-preview":"max-video-preview:-1"},"canonical":"https:\/\/mylipfiller.com\/es\/beauty-friends-ii-pomegranate-essence-mask-sheet-pack\/","og_locale":"es_MX","og_type":"article","og_title":"Buy Beauty Friends II Pomegranate Essence Mask Sheet Pack - Fillers from My Lip Filler","og_description":"\u2765Buy Beauty Friends II Pomegranate Essence Mask Sheet Pack \u23e9 My Lip Filler online store \u27a6 Quality assurance, reviews, ingredients, best prices!","og_url":"https:\/\/mylipfiller.com\/es\/beauty-friends-ii-pomegranate-essence-mask-sheet-pack\/","og_site_name":"My Lip Filler","article_modified_time":"2024-07-03T15:32:55+00:00","og_image":[{"width":450,"height":450,"url":"https:\/\/cdn.mylipfiller.com\/wp-content\/uploads\/2019\/08\/Pomegranate.jpg","type":"image\/jpeg"}],"twitter_card":"summary_large_image","twitter_misc":{"Tiempo de lectura":"2 minutos"},"schema":{"@context":"https:\/\/schema.org","@graph":[{"@type":"WebPage","@id":"https:\/\/mylipfiller.com\/beauty-friends-ii-pomegranate-essence-mask-sheet-pack\/","url":"https:\/\/mylipfiller.com\/beauty-friends-ii-pomegranate-essence-mask-sheet-pack\/","name":"Compre el paquete de hojas de mascarilla con esencia de granada Beauty Friends II - Rellenos de My Lip Filler","isPartOf":{"@id":"https:\/\/mylipfiller.com\/#website"},"primaryImageOfPage":{"@id":"https:\/\/mylipfiller.com\/beauty-friends-ii-pomegranate-essence-mask-sheet-pack\/#primaryimage"},"image":{"@id":"https:\/\/mylipfiller.com\/beauty-friends-ii-pomegranate-essence-mask-sheet-pack\/#primaryimage"},"thumbnailUrl":"https:\/\/cdn.mylipfiller.com\/wp-content\/uploads\/2019\/08\/Pomegranate.jpg","datePublished":"2019-07-26T14:21:02+00:00","dateModified":"2024-07-03T15:32:55+00:00","description":"\u2765Compre Beauty Friends II Paquete de hojas de mascarilla con esencia de granada \u23e9 Tienda en l\u00ednea My Lip Filler \u27a6 Garant\u00eda de calidad, rese\u00f1as, ingredientes, \u00a1los mejores precios!","breadcrumb":{"@id":"https:\/\/mylipfiller.com\/beauty-friends-ii-pomegranate-essence-mask-sheet-pack\/#breadcrumb"},"inLanguage":"es","potentialAction":[{"@type":"ReadAction","target":["https:\/\/mylipfiller.com\/beauty-friends-ii-pomegranate-essence-mask-sheet-pack\/"]}]},{"@type":"ImageObject","inLanguage":"es","@id":"https:\/\/mylipfiller.com\/beauty-friends-ii-pomegranate-essence-mask-sheet-pack\/#primaryimage","url":"https:\/\/cdn.mylipfiller.com\/wp-content\/uploads\/2019\/08\/Pomegranate.jpg","contentUrl":"https:\/\/cdn.mylipfiller.com\/wp-content\/uploads\/2019\/08\/Pomegranate.jpg","width":450,"height":450,"caption":"Pomegranate"},{"@type":"BreadcrumbList","@id":"https:\/\/mylipfiller.com\/beauty-friends-ii-pomegranate-essence-mask-sheet-pack\/#breadcrumb","itemListElement":[{"@type":"ListItem","position":1,"name":"Home","item":"https:\/\/mylipfiller.com\/"},{"@type":"ListItem","position":2,"name":"Shop","item":"https:\/\/mylipfiller.com\/shop\/"},{"@type":"ListItem","position":3,"name":"Beauty Friends II Pomegranate Essence Mask Sheet Pack"}]},{"@type":"WebSite","@id":"https:\/\/mylipfiller.com\/#website","url":"https:\/\/mylipfiller.com\/","name":"Mi relleno de labios","description":"Rellenos d\u00e9rmicos y de labios con \u00e1cido hialur\u00f3nico","publisher":{"@id":"https:\/\/mylipfiller.com\/#organization"},"potentialAction":[{"@type":"SearchAction","target":{"@type":"EntryPoint","urlTemplate":"https:\/\/mylipfiller.com\/?s={search_term_string}"},"query-input":{"@type":"PropertyValueSpecification","valueRequired":true,"valueName":"search_term_string"}}],"inLanguage":"es"},{"@type":"Organization","@id":"https:\/\/mylipfiller.com\/#organization","name":"Mi relleno de labios","url":"https:\/\/mylipfiller.com\/","logo":{"@type":"ImageObject","inLanguage":"es","@id":"https:\/\/mylipfiller.com\/#\/schema\/logo\/image\/","url":"https:\/\/cdn.mylipfiller.com\/wp-content\/uploads\/2019\/02\/cropped-My-Lip-Filler-Logo.png","contentUrl":"https:\/\/cdn.mylipfiller.com\/wp-content\/uploads\/2019\/02\/cropped-My-Lip-Filler-Logo.png","width":240,"height":88,"caption":"My Lip Filler"},"image":{"@id":"https:\/\/mylipfiller.com\/#\/schema\/logo\/image\/"}}]}},"_links":{"self":[{"href":"https:\/\/mylipfiller.com\/es\/wp-json\/wp\/v2\/product\/3077","targetHints":{"allow":["GET"]}}],"collection":[{"href":"https:\/\/mylipfiller.com\/es\/wp-json\/wp\/v2\/product"}],"about":[{"href":"https:\/\/mylipfiller.com\/es\/wp-json\/wp\/v2\/types\/product"}],"wp:featuredmedia":[{"embeddable":true,"href":"https:\/\/mylipfiller.com\/es\/wp-json\/wp\/v2\/media\/3585"}],"wp:attachment":[{"href":"https:\/\/mylipfiller.com\/es\/wp-json\/wp\/v2\/media?parent=3077"}],"wp:term":[{"taxonomy":"product_brand","embeddable":true,"href":"https:\/\/mylipfiller.com\/es\/wp-json\/wp\/v2\/product_brand?post=3077"},{"taxonomy":"product_cat","embeddable":true,"href":"https:\/\/mylipfiller.com\/es\/wp-json\/wp\/v2\/product_cat?post=3077"},{"taxonomy":"product_tag","embeddable":true,"href":"https:\/\/mylipfiller.com\/es\/wp-json\/wp\/v2\/product_tag?post=3077"}],"curies":[{"name":"gracias","href":"https:\/\/api.w.org\/{rel}","templated":true}]}}