{"id":31721,"date":"2021-12-22T17:28:28","date_gmt":"2021-12-22T15:28:28","guid":{"rendered":"https:\/\/mylipfiller.com\/?post_type=product&#038;p=31721"},"modified":"2024-08-07T10:34:23","modified_gmt":"2024-08-07T08:34:23","slug":"stylage-m-with-lidocaine-2-x-1ml","status":"publish","type":"product","link":"https:\/\/mylipfiller.com\/es\/stylage-m-with-lidocaine-2-x-1ml\/","title":{"rendered":"Stylage M con lidoca\u00edna (2 x 1ml)"},"content":{"rendered":"<p>Stylage M con lidoca\u00edna es un relleno saludable con una aplicaci\u00f3n flexible y una excelente saturaci\u00f3n de uso. Desde los labios hasta la nariz, permite a los dermat\u00f3logos corregir con precisi\u00f3n las imperfecciones de la piel y los rasgos faciales, con la m\u00e1xima calidad y confiabilidad garantizadas por la tecnolog\u00eda patentada similar a IPN de Vivacy.<\/p>\n<p>En la pr\u00e1ctica, una vez inyectado, el gel puede ofrecer un volumen mejorado y \/ o suavizar y rellenar los pliegues profundos de la piel hasta por un a\u00f1o. Sin embargo, a diferencia de las soluciones m\u00e1s econ\u00f3micas, Stylage M no solo aumenta el volumen de la piel con gel HA, sino que tambi\u00e9n mejora su estado general. Uno de los componentes clave de los rellenos M de Stylage es el manitol. Este antioxidante natural muy poderoso es una de las barreras m\u00e1s efectivas contra el efecto nocivo de los radicales cut\u00e1neos sobre la piel. Stylage M mejorar\u00e1 activamente el estado general de la piel en el \u00e1rea de aplicaci\u00f3n y retrasar\u00e1, o incluso revertir\u00e1, los signos prematuros del envejecimiento de la piel.<\/p>\n<h3>\u00bfD\u00f3nde se aplica Stlyage M con lidoca\u00edna?<\/h3>\n<p>Como se se\u00f1al\u00f3, este es uno de los rellenos de gel de \u00e1cido hiaur\u00f3nico m\u00e1s efectivos del mercado. Los profesionales de la belleza pueden utilizarlo para procedimientos como:<\/p>\n<ul>\n<li>Aumento de labios: Stylage M aumentar\u00e1 y mejorar\u00e1 en general el volumen de los labios de los pacientes;<\/li>\n<li>Tratamiento del pliegue nasolabial: soluci\u00f3n especialmente eficaz para rellenar pliegues profundos a muy profundos en el \u00e1rea nasolabial;<\/li>\n<li>Eliminaci\u00f3n de arrugas en las mejillas: un poco m\u00e1s grueso que la mayor\u00eda de los rellenos de su clase, Stylage M es perfecto para tratar ciertos tipos de pliegues de la piel en el \u00e1rea de las mejillas;<\/li>\n<li>Rinoplastia: uno de los pocos rellenos d\u00e9rmicos que son apropiados para el uso de los labios, pero tambi\u00e9n lo suficientemente espesos para intervenciones menores en la l\u00ednea de la nariz;<\/li>\n<\/ul>","protected":false},"excerpt":{"rendered":"<p>Esta es la contraparte indolora del Stylage M regular de Vivacy Laboratories. Contiene exactamente el mismo gel a base de \u00e1cido hialur\u00f3nico purificado y esterilizado de alta calidad (20 mg \/ ml), tambi\u00e9n cuenta con una soluci\u00f3n de lidoca\u00edna 0.3% para reducir al m\u00ednimo cualquier malestar y dolor de la aplicaci\u00f3n del relleno. El relleno Stylage M con lidoca\u00edna es uno de los mejores rellenos de labios del mercado, igualmente adecuado para tratar los pliegues y arrugas profundas de la piel, ofreciendo hasta doce meses de apariencia rejuvenecida y m\u00e1s joven.<\/p>","protected":false},"featured_media":31722,"template":"","meta":{"_acf_changed":false},"product_brand":[],"product_cat":[33,51,181],"product_tag":[111,136,151,133,107,134,120,116],"class_list":{"0":"post-31721","1":"product","2":"type-product","3":"status-publish","4":"has-post-thumbnail","6":"product_cat-lip","7":"product_cat-stylage","8":"product_cat-vivacy","9":"product_tag-face","10":"product_tag-france","11":"product_tag-hyaluronic-acid-ha-fillers","12":"product_tag-marionette-lines","13":"product_tag-nasolabial-folds","14":"product_tag-small-lips","15":"product_tag-up-to-12-months","16":"product_tag-with-lidocaine","18":"first","19":"instock","20":"taxable","21":"shipping-taxable","22":"purchasable","23":"product-type-simple"},"acf":[],"yoast_head":"<!-- This site is optimized with the Yoast SEO plugin v27.2 - https:\/\/yoast.com\/product\/yoast-seo-wordpress\/ -->\n<title>Stylage M - Buy Stylage M for Lips &amp; Lidocaine. Shop at My Lip Filler<\/title>\n<meta name=\"description\" content=\"Get Stylage M with Lidocaine and Stylage M for lips at great prices. Shop now for the best deals on Stylage products at My Lip Filler\" \/>\n<meta name=\"robots\" content=\"index, follow, max-snippet:-1, max-image-preview:large, max-video-preview:-1\" \/>\n<link rel=\"canonical\" href=\"https:\/\/mylipfiller.com\/es\/stylage-m-with-lidocaine-2-x-1ml\/\" \/>\n<meta property=\"og:locale\" content=\"es_MX\" \/>\n<meta property=\"og:type\" content=\"article\" \/>\n<meta property=\"og:title\" content=\"Stylage M - Buy Stylage M for Lips &amp; Lidocaine. Shop at My Lip Filler\" \/>\n<meta property=\"og:description\" content=\"Get Stylage M with Lidocaine and Stylage M for lips at great prices. Shop now for the best deals on Stylage products at My Lip Filler\" \/>\n<meta property=\"og:url\" content=\"https:\/\/mylipfiller.com\/es\/stylage-m-with-lidocaine-2-x-1ml\/\" \/>\n<meta property=\"og:site_name\" content=\"My Lip Filler\" \/>\n<meta property=\"article:modified_time\" content=\"2024-08-07T08:34:23+00:00\" \/>\n<meta property=\"og:image\" content=\"https:\/\/cdn.mylipfiller.com\/wp-content\/uploads\/2021\/12\/Stylage-M-Lidocaine.jpg\" \/>\n\t<meta property=\"og:image:width\" content=\"600\" \/>\n\t<meta property=\"og:image:height\" content=\"600\" \/>\n\t<meta property=\"og:image:type\" content=\"image\/jpeg\" \/>\n<meta name=\"twitter:card\" content=\"summary_large_image\" \/>\n<meta name=\"twitter:label1\" content=\"Tiempo de lectura\" \/>\n\t<meta name=\"twitter:data1\" content=\"2 minutos\" \/>\n<script type=\"application\/ld+json\" class=\"yoast-schema-graph\">{\"@context\":\"https:\/\/schema.org\",\"@graph\":[{\"@type\":\"WebPage\",\"@id\":\"https:\/\/mylipfiller.com\/stylage-m-with-lidocaine-2-x-1ml\/\",\"url\":\"https:\/\/mylipfiller.com\/stylage-m-with-lidocaine-2-x-1ml\/\",\"name\":\"Stylage M - Buy Stylage M for Lips & Lidocaine. Shop at My Lip Filler\",\"isPartOf\":{\"@id\":\"https:\/\/mylipfiller.com\/#website\"},\"primaryImageOfPage\":{\"@id\":\"https:\/\/mylipfiller.com\/stylage-m-with-lidocaine-2-x-1ml\/#primaryimage\"},\"image\":{\"@id\":\"https:\/\/mylipfiller.com\/stylage-m-with-lidocaine-2-x-1ml\/#primaryimage\"},\"thumbnailUrl\":\"https:\/\/cdn.mylipfiller.com\/wp-content\/uploads\/2021\/12\/Stylage-M-Lidocaine.jpg\",\"datePublished\":\"2021-12-22T15:28:28+00:00\",\"dateModified\":\"2024-08-07T08:34:23+00:00\",\"description\":\"Get Stylage M with Lidocaine and Stylage M for lips at great prices. Shop now for the best deals on Stylage products at My Lip Filler\",\"breadcrumb\":{\"@id\":\"https:\/\/mylipfiller.com\/stylage-m-with-lidocaine-2-x-1ml\/#breadcrumb\"},\"inLanguage\":\"es\",\"potentialAction\":[{\"@type\":\"ReadAction\",\"target\":[\"https:\/\/mylipfiller.com\/stylage-m-with-lidocaine-2-x-1ml\/\"]}]},{\"@type\":\"ImageObject\",\"inLanguage\":\"es\",\"@id\":\"https:\/\/mylipfiller.com\/stylage-m-with-lidocaine-2-x-1ml\/#primaryimage\",\"url\":\"https:\/\/cdn.mylipfiller.com\/wp-content\/uploads\/2021\/12\/Stylage-M-Lidocaine.jpg\",\"contentUrl\":\"https:\/\/cdn.mylipfiller.com\/wp-content\/uploads\/2021\/12\/Stylage-M-Lidocaine.jpg\",\"width\":600,\"height\":600,\"caption\":\"Stylage M\"},{\"@type\":\"BreadcrumbList\",\"@id\":\"https:\/\/mylipfiller.com\/stylage-m-with-lidocaine-2-x-1ml\/#breadcrumb\",\"itemListElement\":[{\"@type\":\"ListItem\",\"position\":1,\"name\":\"Home\",\"item\":\"https:\/\/mylipfiller.com\/\"},{\"@type\":\"ListItem\",\"position\":2,\"name\":\"Shop\",\"item\":\"https:\/\/mylipfiller.com\/shop\/\"},{\"@type\":\"ListItem\",\"position\":3,\"name\":\"Stylage M with Lidocaine (2 x 1ml)\"}]},{\"@type\":\"WebSite\",\"@id\":\"https:\/\/mylipfiller.com\/#website\",\"url\":\"https:\/\/mylipfiller.com\/\",\"name\":\"My Lip Filler\",\"description\":\"Hyaluronic Acid Lip and Dermal Fillers\",\"publisher\":{\"@id\":\"https:\/\/mylipfiller.com\/#organization\"},\"potentialAction\":[{\"@type\":\"SearchAction\",\"target\":{\"@type\":\"EntryPoint\",\"urlTemplate\":\"https:\/\/mylipfiller.com\/?s={search_term_string}\"},\"query-input\":{\"@type\":\"PropertyValueSpecification\",\"valueRequired\":true,\"valueName\":\"search_term_string\"}}],\"inLanguage\":\"es\"},{\"@type\":\"Organization\",\"@id\":\"https:\/\/mylipfiller.com\/#organization\",\"name\":\"My Lip Filler\",\"url\":\"https:\/\/mylipfiller.com\/\",\"logo\":{\"@type\":\"ImageObject\",\"inLanguage\":\"es\",\"@id\":\"https:\/\/mylipfiller.com\/#\/schema\/logo\/image\/\",\"url\":\"https:\/\/cdn.mylipfiller.com\/wp-content\/uploads\/2019\/02\/cropped-My-Lip-Filler-Logo.png\",\"contentUrl\":\"https:\/\/cdn.mylipfiller.com\/wp-content\/uploads\/2019\/02\/cropped-My-Lip-Filler-Logo.png\",\"width\":240,\"height\":88,\"caption\":\"My Lip Filler\"},\"image\":{\"@id\":\"https:\/\/mylipfiller.com\/#\/schema\/logo\/image\/\"}}]}<\/script>\n<!-- \/ Yoast SEO plugin. -->","yoast_head_json":{"title":"Stylage M - Compre Stylage M para labios y lidoca\u00edna. Compre en My Lip Filler","description":"Consigue Stylage M con Lidoca\u00edna y Stylage M para labios a excelentes precios. Compre ahora las mejores ofertas en productos Stylage en My Lip Filler","robots":{"index":"index","follow":"follow","max-snippet":"max-snippet:-1","max-image-preview":"max-image-preview:large","max-video-preview":"max-video-preview:-1"},"canonical":"https:\/\/mylipfiller.com\/es\/stylage-m-with-lidocaine-2-x-1ml\/","og_locale":"es_MX","og_type":"article","og_title":"Stylage M - Buy Stylage M for Lips & Lidocaine. Shop at My Lip Filler","og_description":"Get Stylage M with Lidocaine and Stylage M for lips at great prices. Shop now for the best deals on Stylage products at My Lip Filler","og_url":"https:\/\/mylipfiller.com\/es\/stylage-m-with-lidocaine-2-x-1ml\/","og_site_name":"My Lip Filler","article_modified_time":"2024-08-07T08:34:23+00:00","og_image":[{"width":600,"height":600,"url":"https:\/\/cdn.mylipfiller.com\/wp-content\/uploads\/2021\/12\/Stylage-M-Lidocaine.jpg","type":"image\/jpeg"}],"twitter_card":"summary_large_image","twitter_misc":{"Tiempo de lectura":"2 minutos"},"schema":{"@context":"https:\/\/schema.org","@graph":[{"@type":"WebPage","@id":"https:\/\/mylipfiller.com\/stylage-m-with-lidocaine-2-x-1ml\/","url":"https:\/\/mylipfiller.com\/stylage-m-with-lidocaine-2-x-1ml\/","name":"Stylage M - Compre Stylage M para labios y lidoca\u00edna. Compre en My Lip Filler","isPartOf":{"@id":"https:\/\/mylipfiller.com\/#website"},"primaryImageOfPage":{"@id":"https:\/\/mylipfiller.com\/stylage-m-with-lidocaine-2-x-1ml\/#primaryimage"},"image":{"@id":"https:\/\/mylipfiller.com\/stylage-m-with-lidocaine-2-x-1ml\/#primaryimage"},"thumbnailUrl":"https:\/\/cdn.mylipfiller.com\/wp-content\/uploads\/2021\/12\/Stylage-M-Lidocaine.jpg","datePublished":"2021-12-22T15:28:28+00:00","dateModified":"2024-08-07T08:34:23+00:00","description":"Consigue Stylage M con Lidoca\u00edna y Stylage M para labios a excelentes precios. Compre ahora las mejores ofertas en productos Stylage en My Lip Filler","breadcrumb":{"@id":"https:\/\/mylipfiller.com\/stylage-m-with-lidocaine-2-x-1ml\/#breadcrumb"},"inLanguage":"es","potentialAction":[{"@type":"ReadAction","target":["https:\/\/mylipfiller.com\/stylage-m-with-lidocaine-2-x-1ml\/"]}]},{"@type":"ImageObject","inLanguage":"es","@id":"https:\/\/mylipfiller.com\/stylage-m-with-lidocaine-2-x-1ml\/#primaryimage","url":"https:\/\/cdn.mylipfiller.com\/wp-content\/uploads\/2021\/12\/Stylage-M-Lidocaine.jpg","contentUrl":"https:\/\/cdn.mylipfiller.com\/wp-content\/uploads\/2021\/12\/Stylage-M-Lidocaine.jpg","width":600,"height":600,"caption":"Stylage M"},{"@type":"BreadcrumbList","@id":"https:\/\/mylipfiller.com\/stylage-m-with-lidocaine-2-x-1ml\/#breadcrumb","itemListElement":[{"@type":"ListItem","position":1,"name":"Home","item":"https:\/\/mylipfiller.com\/"},{"@type":"ListItem","position":2,"name":"Shop","item":"https:\/\/mylipfiller.com\/shop\/"},{"@type":"ListItem","position":3,"name":"Stylage M with Lidocaine (2 x 1ml)"}]},{"@type":"WebSite","@id":"https:\/\/mylipfiller.com\/#website","url":"https:\/\/mylipfiller.com\/","name":"Mi relleno de labios","description":"Rellenos d\u00e9rmicos y de labios con \u00e1cido hialur\u00f3nico","publisher":{"@id":"https:\/\/mylipfiller.com\/#organization"},"potentialAction":[{"@type":"SearchAction","target":{"@type":"EntryPoint","urlTemplate":"https:\/\/mylipfiller.com\/?s={search_term_string}"},"query-input":{"@type":"PropertyValueSpecification","valueRequired":true,"valueName":"search_term_string"}}],"inLanguage":"es"},{"@type":"Organization","@id":"https:\/\/mylipfiller.com\/#organization","name":"Mi relleno de labios","url":"https:\/\/mylipfiller.com\/","logo":{"@type":"ImageObject","inLanguage":"es","@id":"https:\/\/mylipfiller.com\/#\/schema\/logo\/image\/","url":"https:\/\/cdn.mylipfiller.com\/wp-content\/uploads\/2019\/02\/cropped-My-Lip-Filler-Logo.png","contentUrl":"https:\/\/cdn.mylipfiller.com\/wp-content\/uploads\/2019\/02\/cropped-My-Lip-Filler-Logo.png","width":240,"height":88,"caption":"My Lip Filler"},"image":{"@id":"https:\/\/mylipfiller.com\/#\/schema\/logo\/image\/"}}]}},"_links":{"self":[{"href":"https:\/\/mylipfiller.com\/es\/wp-json\/wp\/v2\/product\/31721","targetHints":{"allow":["GET"]}}],"collection":[{"href":"https:\/\/mylipfiller.com\/es\/wp-json\/wp\/v2\/product"}],"about":[{"href":"https:\/\/mylipfiller.com\/es\/wp-json\/wp\/v2\/types\/product"}],"wp:featuredmedia":[{"embeddable":true,"href":"https:\/\/mylipfiller.com\/es\/wp-json\/wp\/v2\/media\/31722"}],"wp:attachment":[{"href":"https:\/\/mylipfiller.com\/es\/wp-json\/wp\/v2\/media?parent=31721"}],"wp:term":[{"taxonomy":"product_brand","embeddable":true,"href":"https:\/\/mylipfiller.com\/es\/wp-json\/wp\/v2\/product_brand?post=31721"},{"taxonomy":"product_cat","embeddable":true,"href":"https:\/\/mylipfiller.com\/es\/wp-json\/wp\/v2\/product_cat?post=31721"},{"taxonomy":"product_tag","embeddable":true,"href":"https:\/\/mylipfiller.com\/es\/wp-json\/wp\/v2\/product_tag?post=31721"}],"curies":[{"name":"gracias","href":"https:\/\/api.w.org\/{rel}","templated":true}]}}