{"id":31723,"date":"2021-12-22T18:03:19","date_gmt":"2021-12-22T16:03:19","guid":{"rendered":"https:\/\/mylipfiller.com\/?post_type=product&#038;p=31723"},"modified":"2025-04-03T17:25:30","modified_gmt":"2025-04-03T15:25:30","slug":"stylage-special-lips-with-lidocaine-1-x-1ml","status":"publish","type":"product","link":"https:\/\/mylipfiller.com\/es\/stylage-special-lips-with-lidocaine-1-x-1ml\/","title":{"rendered":"Labios especiales Stylage con lidoca\u00edna (1 x 1ml)"},"content":{"rendered":"<p>Normalmente, los rellenos de labios solo se asocian como una soluci\u00f3n para aumentar el volumen de los labios y mejorar la apariencia percibida de los labios. Sin embargo, los rellenos de labios especializados como Stylage Special Lips tienen como objetivo proporcionar mucho m\u00e1s que mejoras est\u00e9ticas. Una multitud de factores tienen un efecto (muy) adverso en el labio de una persona. Incluso las personas con labios m\u00e1s llenos pueden experimentar p\u00e9rdida de volumen con el tiempo, generalmente como resultado del envejecimiento, factores ambientales da\u00f1inos, tabaquismo y mucho m\u00e1s. Para detener y revertir este efecto negativo en los labios, es necesario aplicar un relleno de labios HA de alta calidad que no solo trate la p\u00e9rdida de volumen, sino tambi\u00e9n la causa del problema inicial.<\/p>\n<p>Aqu\u00ed es donde realmente destaca Stylage Special Lips with Lidocaine. Si bien su gel est\u00e1 hecho de \u00e1cido hialur\u00f3nico purificado y esterilizado, de la m\u00e1s alta calidad (origen no animal). Si bien la concentraci\u00f3n de HA es &quot;solo&quot; 18,5 mg \/ ml, la tecnolog\u00eda especial y patentada similar a IPN de Vivacy y el cuidadoso equilibrio de ingredientes y la reticulaci\u00f3n altamente eficaz del gel garantizan que el producto final sea excelente.<\/p>\n<h3>Stylage Special Lips: m\u00e1s que volumen de labios<\/h3>\n<p>Como se se\u00f1al\u00f3, Stylage Special Lips hace m\u00e1s que aumentar el volumen o contornear el labio. Como los otros rellenos Stylage, contiene manitol, un antioxidante preferido por la industria cosm\u00e9tica, que es muy eficaz para prevenir y revertir el efecto negativo de los radicales libres.<\/p>\n<p>Una vez aplicado, el relleno de labios tendr\u00e1 un notable efecto de aumento de volumen de hasta 9 meses, mientras que al mismo tiempo revitalizar\u00e1 la piel de los labios y aumentar\u00e1 la producci\u00f3n de col\u00e1geno.<\/p>","protected":false},"excerpt":{"rendered":"<p>Como sugiere el nombre, Stylage Special Lips es un gel inyectable a base de \u00e1cido hialur\u00f3nico, dise\u00f1ado espec\u00edficamente para su aplicaci\u00f3n en los labios y el \u00e1rea inmediata alrededor de la montura. Es una de las soluciones de relleno m\u00e1s efectivas para el aumento de labios en general, as\u00ed como para el contorno y la correcci\u00f3n de la l\u00ednea de los labios, as\u00ed como para tratar problemas como las l\u00edneas de fumador. Esta es la variaci\u00f3n que contiene lidoca\u00edna del relleno Vivacy, que proporciona a los pacientes una experiencia pr\u00e1cticamente libre de dolor e incomodidad, con resultados \u00f3ptimos de mejora de los labios.<\/p>","protected":false},"featured_media":31724,"template":"","meta":{"_acf_changed":false},"product_brand":[],"product_cat":[33,51,181],"product_tag":[111,136,151,133,107,134,120,116],"class_list":{"0":"post-31723","1":"product","2":"type-product","3":"status-publish","4":"has-post-thumbnail","6":"product_cat-lip","7":"product_cat-stylage","8":"product_cat-vivacy","9":"product_tag-face","10":"product_tag-france","11":"product_tag-hyaluronic-acid-ha-fillers","12":"product_tag-marionette-lines","13":"product_tag-nasolabial-folds","14":"product_tag-small-lips","15":"product_tag-up-to-12-months","16":"product_tag-with-lidocaine","18":"first","19":"instock","20":"taxable","21":"shipping-taxable","22":"purchasable","23":"product-type-simple"},"acf":[],"yoast_head":"<!-- This site is optimized with the Yoast SEO plugin v27.2 - https:\/\/yoast.com\/product\/yoast-seo-wordpress\/ -->\n<title>Buy Stylage Special Lips with Lidocaine (1 x 1ml) - Fillers from My Lip Filler<\/title>\n<meta name=\"description\" content=\"\u2765Buy Stylage Special Lips with Lidocaine (1 x 1ml) \u23e9 My Lip Filler online store \u27a6 Quality assurance, reviews, ingredients, best prices!\" \/>\n<meta name=\"robots\" content=\"index, follow, max-snippet:-1, max-image-preview:large, max-video-preview:-1\" \/>\n<link rel=\"canonical\" href=\"https:\/\/mylipfiller.com\/es\/stylage-special-lips-with-lidocaine-1-x-1ml\/\" \/>\n<meta property=\"og:locale\" content=\"es_MX\" \/>\n<meta property=\"og:type\" content=\"article\" \/>\n<meta property=\"og:title\" content=\"Buy Stylage Special Lips with Lidocaine (1 x 1ml) - Fillers from My Lip Filler\" \/>\n<meta property=\"og:description\" content=\"\u2765Buy Stylage Special Lips with Lidocaine (1 x 1ml) \u23e9 My Lip Filler online store \u27a6 Quality assurance, reviews, ingredients, best prices!\" \/>\n<meta property=\"og:url\" content=\"https:\/\/mylipfiller.com\/es\/stylage-special-lips-with-lidocaine-1-x-1ml\/\" \/>\n<meta property=\"og:site_name\" content=\"My Lip Filler\" \/>\n<meta property=\"article:modified_time\" content=\"2025-04-03T15:25:30+00:00\" \/>\n<meta property=\"og:image\" content=\"https:\/\/cdn.mylipfiller.com\/wp-content\/uploads\/2021\/12\/Stylage-Lips-Lidocaine.jpg\" \/>\n\t<meta property=\"og:image:width\" content=\"600\" \/>\n\t<meta property=\"og:image:height\" content=\"600\" \/>\n\t<meta property=\"og:image:type\" content=\"image\/jpeg\" \/>\n<meta name=\"twitter:card\" content=\"summary_large_image\" \/>\n<meta name=\"twitter:label1\" content=\"Tiempo de lectura\" \/>\n\t<meta name=\"twitter:data1\" content=\"1 minuto\" \/>\n<script type=\"application\/ld+json\" class=\"yoast-schema-graph\">{\"@context\":\"https:\/\/schema.org\",\"@graph\":[{\"@type\":\"WebPage\",\"@id\":\"https:\/\/mylipfiller.com\/stylage-special-lips-with-lidocaine-1-x-1ml\/\",\"url\":\"https:\/\/mylipfiller.com\/stylage-special-lips-with-lidocaine-1-x-1ml\/\",\"name\":\"Buy Stylage Special Lips with Lidocaine (1 x 1ml) - Fillers from My Lip Filler\",\"isPartOf\":{\"@id\":\"https:\/\/mylipfiller.com\/#website\"},\"primaryImageOfPage\":{\"@id\":\"https:\/\/mylipfiller.com\/stylage-special-lips-with-lidocaine-1-x-1ml\/#primaryimage\"},\"image\":{\"@id\":\"https:\/\/mylipfiller.com\/stylage-special-lips-with-lidocaine-1-x-1ml\/#primaryimage\"},\"thumbnailUrl\":\"https:\/\/cdn.mylipfiller.com\/wp-content\/uploads\/2021\/12\/Stylage-Lips-Lidocaine.jpg\",\"datePublished\":\"2021-12-22T16:03:19+00:00\",\"dateModified\":\"2025-04-03T15:25:30+00:00\",\"description\":\"\u2765Buy Stylage Special Lips with Lidocaine (1 x 1ml) \u23e9 My Lip Filler online store \u27a6 Quality assurance, reviews, ingredients, best prices!\",\"breadcrumb\":{\"@id\":\"https:\/\/mylipfiller.com\/stylage-special-lips-with-lidocaine-1-x-1ml\/#breadcrumb\"},\"inLanguage\":\"es\",\"potentialAction\":[{\"@type\":\"ReadAction\",\"target\":[\"https:\/\/mylipfiller.com\/stylage-special-lips-with-lidocaine-1-x-1ml\/\"]}]},{\"@type\":\"ImageObject\",\"inLanguage\":\"es\",\"@id\":\"https:\/\/mylipfiller.com\/stylage-special-lips-with-lidocaine-1-x-1ml\/#primaryimage\",\"url\":\"https:\/\/cdn.mylipfiller.com\/wp-content\/uploads\/2021\/12\/Stylage-Lips-Lidocaine.jpg\",\"contentUrl\":\"https:\/\/cdn.mylipfiller.com\/wp-content\/uploads\/2021\/12\/Stylage-Lips-Lidocaine.jpg\",\"width\":600,\"height\":600,\"caption\":\"Stylage Lips Lidocaine\"},{\"@type\":\"BreadcrumbList\",\"@id\":\"https:\/\/mylipfiller.com\/stylage-special-lips-with-lidocaine-1-x-1ml\/#breadcrumb\",\"itemListElement\":[{\"@type\":\"ListItem\",\"position\":1,\"name\":\"Home\",\"item\":\"https:\/\/mylipfiller.com\/\"},{\"@type\":\"ListItem\",\"position\":2,\"name\":\"Shop\",\"item\":\"https:\/\/mylipfiller.com\/shop\/\"},{\"@type\":\"ListItem\",\"position\":3,\"name\":\"Stylage Special Lips with Lidocaine (1 x 1ml)\"}]},{\"@type\":\"WebSite\",\"@id\":\"https:\/\/mylipfiller.com\/#website\",\"url\":\"https:\/\/mylipfiller.com\/\",\"name\":\"My Lip Filler\",\"description\":\"Hyaluronic Acid Lip and Dermal Fillers\",\"publisher\":{\"@id\":\"https:\/\/mylipfiller.com\/#organization\"},\"potentialAction\":[{\"@type\":\"SearchAction\",\"target\":{\"@type\":\"EntryPoint\",\"urlTemplate\":\"https:\/\/mylipfiller.com\/?s={search_term_string}\"},\"query-input\":{\"@type\":\"PropertyValueSpecification\",\"valueRequired\":true,\"valueName\":\"search_term_string\"}}],\"inLanguage\":\"es\"},{\"@type\":\"Organization\",\"@id\":\"https:\/\/mylipfiller.com\/#organization\",\"name\":\"My Lip Filler\",\"url\":\"https:\/\/mylipfiller.com\/\",\"logo\":{\"@type\":\"ImageObject\",\"inLanguage\":\"es\",\"@id\":\"https:\/\/mylipfiller.com\/#\/schema\/logo\/image\/\",\"url\":\"https:\/\/cdn.mylipfiller.com\/wp-content\/uploads\/2019\/02\/cropped-My-Lip-Filler-Logo.png\",\"contentUrl\":\"https:\/\/cdn.mylipfiller.com\/wp-content\/uploads\/2019\/02\/cropped-My-Lip-Filler-Logo.png\",\"width\":240,\"height\":88,\"caption\":\"My Lip Filler\"},\"image\":{\"@id\":\"https:\/\/mylipfiller.com\/#\/schema\/logo\/image\/\"}}]}<\/script>\n<!-- \/ Yoast SEO plugin. -->","yoast_head_json":{"title":"Compre Stylage Special Lips con lidoca\u00edna (1 x 1 ml) - Rellenos de My Lip Filler","description":"\u2765Compra Stylage Special Lips con Lidoca\u00edna (1 x 1ml) \u23e9 Tienda online My Lip Filler \u27a6 Garant\u00eda de calidad, rese\u00f1as, ingredientes, \u00a1los mejores precios!","robots":{"index":"index","follow":"follow","max-snippet":"max-snippet:-1","max-image-preview":"max-image-preview:large","max-video-preview":"max-video-preview:-1"},"canonical":"https:\/\/mylipfiller.com\/es\/stylage-special-lips-with-lidocaine-1-x-1ml\/","og_locale":"es_MX","og_type":"article","og_title":"Buy Stylage Special Lips with Lidocaine (1 x 1ml) - Fillers from My Lip Filler","og_description":"\u2765Buy Stylage Special Lips with Lidocaine (1 x 1ml) \u23e9 My Lip Filler online store \u27a6 Quality assurance, reviews, ingredients, best prices!","og_url":"https:\/\/mylipfiller.com\/es\/stylage-special-lips-with-lidocaine-1-x-1ml\/","og_site_name":"My Lip Filler","article_modified_time":"2025-04-03T15:25:30+00:00","og_image":[{"width":600,"height":600,"url":"https:\/\/cdn.mylipfiller.com\/wp-content\/uploads\/2021\/12\/Stylage-Lips-Lidocaine.jpg","type":"image\/jpeg"}],"twitter_card":"summary_large_image","twitter_misc":{"Tiempo de lectura":"1 minuto"},"schema":{"@context":"https:\/\/schema.org","@graph":[{"@type":"WebPage","@id":"https:\/\/mylipfiller.com\/stylage-special-lips-with-lidocaine-1-x-1ml\/","url":"https:\/\/mylipfiller.com\/stylage-special-lips-with-lidocaine-1-x-1ml\/","name":"Compre Stylage Special Lips con lidoca\u00edna (1 x 1 ml) - Rellenos de My Lip Filler","isPartOf":{"@id":"https:\/\/mylipfiller.com\/#website"},"primaryImageOfPage":{"@id":"https:\/\/mylipfiller.com\/stylage-special-lips-with-lidocaine-1-x-1ml\/#primaryimage"},"image":{"@id":"https:\/\/mylipfiller.com\/stylage-special-lips-with-lidocaine-1-x-1ml\/#primaryimage"},"thumbnailUrl":"https:\/\/cdn.mylipfiller.com\/wp-content\/uploads\/2021\/12\/Stylage-Lips-Lidocaine.jpg","datePublished":"2021-12-22T16:03:19+00:00","dateModified":"2025-04-03T15:25:30+00:00","description":"\u2765Compra Stylage Special Lips con Lidoca\u00edna (1 x 1ml) \u23e9 Tienda online My Lip Filler \u27a6 Garant\u00eda de calidad, rese\u00f1as, ingredientes, \u00a1los mejores precios!","breadcrumb":{"@id":"https:\/\/mylipfiller.com\/stylage-special-lips-with-lidocaine-1-x-1ml\/#breadcrumb"},"inLanguage":"es","potentialAction":[{"@type":"ReadAction","target":["https:\/\/mylipfiller.com\/stylage-special-lips-with-lidocaine-1-x-1ml\/"]}]},{"@type":"ImageObject","inLanguage":"es","@id":"https:\/\/mylipfiller.com\/stylage-special-lips-with-lidocaine-1-x-1ml\/#primaryimage","url":"https:\/\/cdn.mylipfiller.com\/wp-content\/uploads\/2021\/12\/Stylage-Lips-Lidocaine.jpg","contentUrl":"https:\/\/cdn.mylipfiller.com\/wp-content\/uploads\/2021\/12\/Stylage-Lips-Lidocaine.jpg","width":600,"height":600,"caption":"Stylage Lips Lidocaine"},{"@type":"BreadcrumbList","@id":"https:\/\/mylipfiller.com\/stylage-special-lips-with-lidocaine-1-x-1ml\/#breadcrumb","itemListElement":[{"@type":"ListItem","position":1,"name":"Home","item":"https:\/\/mylipfiller.com\/"},{"@type":"ListItem","position":2,"name":"Shop","item":"https:\/\/mylipfiller.com\/shop\/"},{"@type":"ListItem","position":3,"name":"Stylage Special Lips with Lidocaine (1 x 1ml)"}]},{"@type":"WebSite","@id":"https:\/\/mylipfiller.com\/#website","url":"https:\/\/mylipfiller.com\/","name":"Mi relleno de labios","description":"Rellenos d\u00e9rmicos y de labios con \u00e1cido hialur\u00f3nico","publisher":{"@id":"https:\/\/mylipfiller.com\/#organization"},"potentialAction":[{"@type":"SearchAction","target":{"@type":"EntryPoint","urlTemplate":"https:\/\/mylipfiller.com\/?s={search_term_string}"},"query-input":{"@type":"PropertyValueSpecification","valueRequired":true,"valueName":"search_term_string"}}],"inLanguage":"es"},{"@type":"Organization","@id":"https:\/\/mylipfiller.com\/#organization","name":"Mi relleno de labios","url":"https:\/\/mylipfiller.com\/","logo":{"@type":"ImageObject","inLanguage":"es","@id":"https:\/\/mylipfiller.com\/#\/schema\/logo\/image\/","url":"https:\/\/cdn.mylipfiller.com\/wp-content\/uploads\/2019\/02\/cropped-My-Lip-Filler-Logo.png","contentUrl":"https:\/\/cdn.mylipfiller.com\/wp-content\/uploads\/2019\/02\/cropped-My-Lip-Filler-Logo.png","width":240,"height":88,"caption":"My Lip Filler"},"image":{"@id":"https:\/\/mylipfiller.com\/#\/schema\/logo\/image\/"}}]}},"_links":{"self":[{"href":"https:\/\/mylipfiller.com\/es\/wp-json\/wp\/v2\/product\/31723","targetHints":{"allow":["GET"]}}],"collection":[{"href":"https:\/\/mylipfiller.com\/es\/wp-json\/wp\/v2\/product"}],"about":[{"href":"https:\/\/mylipfiller.com\/es\/wp-json\/wp\/v2\/types\/product"}],"wp:featuredmedia":[{"embeddable":true,"href":"https:\/\/mylipfiller.com\/es\/wp-json\/wp\/v2\/media\/31724"}],"wp:attachment":[{"href":"https:\/\/mylipfiller.com\/es\/wp-json\/wp\/v2\/media?parent=31723"}],"wp:term":[{"taxonomy":"product_brand","embeddable":true,"href":"https:\/\/mylipfiller.com\/es\/wp-json\/wp\/v2\/product_brand?post=31723"},{"taxonomy":"product_cat","embeddable":true,"href":"https:\/\/mylipfiller.com\/es\/wp-json\/wp\/v2\/product_cat?post=31723"},{"taxonomy":"product_tag","embeddable":true,"href":"https:\/\/mylipfiller.com\/es\/wp-json\/wp\/v2\/product_tag?post=31723"}],"curies":[{"name":"gracias","href":"https:\/\/api.w.org\/{rel}","templated":true}]}}