{"id":32183,"date":"2022-01-13T12:40:50","date_gmt":"2022-01-13T10:40:50","guid":{"rendered":"https:\/\/mylipfiller.com\/?post_type=product&#038;p=32183"},"modified":"2024-07-03T17:33:03","modified_gmt":"2024-07-03T15:33:03","slug":"aptos-visage-excellence-method-threads","status":"publish","type":"product","link":"https:\/\/mylipfiller.com\/es\/aptos-visage-excellence-method-threads\/","title":{"rendered":"Subprocesos del m\u00e9todo Aptos Visage Excellence"},"content":{"rendered":"<h3>\u00bfC\u00f3mo funciona Aptos Visage Excellence Threads?<\/h3>\n<p>Los poderes antienvejecimiento de estos hilos reabsorbibles provienen de su estructura y del hecho de que contienen HA. Para empezar, estos productos tienen p\u00faas especiales que brindan mayor soporte y elevaci\u00f3n de los tejidos blandos cuando se aplican. Por lo tanto, el tratamiento no solo suavizar\u00e1 las l\u00edneas y arrugas, sino que tambi\u00e9n <u>mejorar el contorno de la cara<\/u>.<\/p>\n<p>En segundo lugar, el \u00e1cido hialur\u00f3nico de los hilos quir\u00fargicos estimula la piel para que produzca col\u00e1geno y elastina adicionales. Como resultado, su textura y elasticidad tambi\u00e9n mejorar\u00e1n.<\/p>\n<h3>\u00bfQu\u00e9 aspecto tiene un procedimiento con el m\u00e9todo Aptos Visage Excellence?<\/h3>\n<p>El tratamiento con hilos Aptos Visage Excellence Method es r\u00e1pido y f\u00e1cil. El procedimiento en s\u00ed es m\u00ednimamente invasivo y lleva varios minutos completarlo. A\u00fan as\u00ed, para obtener resultados \u00f3ptimos y duraderos, siempre debe ser realizado por un cirujano pl\u00e1stico certificado por la junta.<\/p>\n<p>Los hilos quir\u00fargicos se insertan en el tejido subd\u00e9rmico blando a trav\u00e9s de una c\u00e1nula con punta redonda. Las \u00e1reas de tratamiento pueden variar seg\u00fan los resultados finales deseados e incluyen:<\/p>\n<ul>\n<li>Zona del p\u00f3mulo<\/li>\n<li>El cuello<\/li>\n<li>cejas<\/li>\n<li>La cara<\/li>\n<\/ul>\n<p>El AH de este producto prolongar\u00e1 los efectos de este tratamiento de esculpido y lifting facial. Por lo tanto, aunque los hilos Aptos Visage Excellence Method se disolver\u00e1n y ser\u00e1n completamente absorbidos por los tejidos 1,5 a\u00f1os despu\u00e9s del tratamiento, sus efectos rejuvenecedores de la piel se mantendr\u00e1n. <u>durar alrededor de 2 a\u00f1os<\/u>.<\/p>","protected":false},"excerpt":{"rendered":"<p>Aptos Visage Excellence Method son <strong>Hilos quir\u00fargicos HA <\/strong>que se utilizan para el lifting y el rejuvenecimiento de la piel m\u00ednimamente invasivos. Est\u00e1n formados por p\u00faas multidireccionales que levantan y sujetan los tejidos blandos dando al paciente una apariencia m\u00e1s juvenil y sin arrugas. Asimismo, los hilos cuentan con \u00c1cido Hialur\u00f3nico en su composici\u00f3n. Como resultado, tienen mayores cualidades bio-revitalizantes de la piel en comparaci\u00f3n con otros productos similares de esta categor\u00eda.<\/p>","protected":false},"featured_media":32184,"template":"","meta":{"_acf_changed":false},"product_brand":[],"product_cat":[84,89,81],"product_tag":[91,111],"class_list":{"0":"post-32183","1":"product","2":"type-product","3":"status-publish","4":"has-post-thumbnail","6":"product_cat-aptos","7":"product_cat-big-holiday-sale","8":"product_cat-threads","9":"product_tag-91","10":"product_tag-face","12":"first","13":"outofstock","14":"sale","15":"taxable","16":"shipping-taxable","17":"purchasable","18":"product-type-simple"},"acf":[],"yoast_head":"<!-- This site is optimized with the Yoast SEO plugin v27.4 - https:\/\/yoast.com\/product\/yoast-seo-wordpress\/ -->\n<title>Buy Aptos Visage Excellence Method Threads - Fillers from My Lip Filler<\/title>\n<meta name=\"description\" content=\"\u2765Buy Aptos Visage Excellence Method Threads \u23e9 My Lip Filler online store \u27a6 Quality assurance, reviews, ingredients, best prices!\" \/>\n<meta name=\"robots\" content=\"index, follow, max-snippet:-1, max-image-preview:large, max-video-preview:-1\" \/>\n<link rel=\"canonical\" href=\"https:\/\/mylipfiller.com\/es\/aptos-visage-excellence-method-threads\/\" \/>\n<meta property=\"og:locale\" content=\"es_MX\" \/>\n<meta property=\"og:type\" content=\"article\" \/>\n<meta property=\"og:title\" content=\"Buy Aptos Visage Excellence Method Threads - Fillers from My Lip Filler\" \/>\n<meta property=\"og:description\" content=\"\u2765Buy Aptos Visage Excellence Method Threads \u23e9 My Lip Filler online store \u27a6 Quality assurance, reviews, ingredients, best prices!\" \/>\n<meta property=\"og:url\" content=\"https:\/\/mylipfiller.com\/es\/aptos-visage-excellence-method-threads\/\" \/>\n<meta property=\"og:site_name\" content=\"My Lip Filler\" \/>\n<meta property=\"article:modified_time\" content=\"2024-07-03T15:33:03+00:00\" \/>\n<meta property=\"og:image\" content=\"https:\/\/cdn.mylipfiller.com\/wp-content\/uploads\/2022\/01\/Aptos-Visage-Exellence.jpg\" \/>\n\t<meta property=\"og:image:width\" content=\"600\" \/>\n\t<meta property=\"og:image:height\" content=\"600\" \/>\n\t<meta property=\"og:image:type\" content=\"image\/jpeg\" \/>\n<meta name=\"twitter:card\" content=\"summary_large_image\" \/>\n<meta name=\"twitter:label1\" content=\"Tiempo de lectura\" \/>\n\t<meta name=\"twitter:data1\" content=\"2 minutos\" \/>\n<script type=\"application\/ld+json\" class=\"yoast-schema-graph\">{\"@context\":\"https:\\\/\\\/schema.org\",\"@graph\":[{\"@type\":\"WebPage\",\"@id\":\"https:\\\/\\\/mylipfiller.com\\\/aptos-visage-excellence-method-threads\\\/\",\"url\":\"https:\\\/\\\/mylipfiller.com\\\/aptos-visage-excellence-method-threads\\\/\",\"name\":\"Buy Aptos Visage Excellence Method Threads - Fillers from My Lip Filler\",\"isPartOf\":{\"@id\":\"https:\\\/\\\/mylipfiller.com\\\/#website\"},\"primaryImageOfPage\":{\"@id\":\"https:\\\/\\\/mylipfiller.com\\\/aptos-visage-excellence-method-threads\\\/#primaryimage\"},\"image\":{\"@id\":\"https:\\\/\\\/mylipfiller.com\\\/aptos-visage-excellence-method-threads\\\/#primaryimage\"},\"thumbnailUrl\":\"https:\\\/\\\/mylipfiller.com\\\/wp-content\\\/uploads\\\/2022\\\/01\\\/Aptos-Visage-Exellence.jpg\",\"datePublished\":\"2022-01-13T10:40:50+00:00\",\"dateModified\":\"2024-07-03T15:33:03+00:00\",\"description\":\"\u2765Buy Aptos Visage Excellence Method Threads \u23e9 My Lip Filler online store \u27a6 Quality assurance, reviews, ingredients, best prices!\",\"breadcrumb\":{\"@id\":\"https:\\\/\\\/mylipfiller.com\\\/aptos-visage-excellence-method-threads\\\/#breadcrumb\"},\"inLanguage\":\"es\",\"potentialAction\":[{\"@type\":\"ReadAction\",\"target\":[\"https:\\\/\\\/mylipfiller.com\\\/aptos-visage-excellence-method-threads\\\/\"]}]},{\"@type\":\"ImageObject\",\"inLanguage\":\"es\",\"@id\":\"https:\\\/\\\/mylipfiller.com\\\/aptos-visage-excellence-method-threads\\\/#primaryimage\",\"url\":\"https:\\\/\\\/mylipfiller.com\\\/wp-content\\\/uploads\\\/2022\\\/01\\\/Aptos-Visage-Exellence.jpg\",\"contentUrl\":\"https:\\\/\\\/mylipfiller.com\\\/wp-content\\\/uploads\\\/2022\\\/01\\\/Aptos-Visage-Exellence.jpg\",\"width\":600,\"height\":600,\"caption\":\"Aptos Visage Exellence\"},{\"@type\":\"BreadcrumbList\",\"@id\":\"https:\\\/\\\/mylipfiller.com\\\/aptos-visage-excellence-method-threads\\\/#breadcrumb\",\"itemListElement\":[{\"@type\":\"ListItem\",\"position\":1,\"name\":\"Home\",\"item\":\"https:\\\/\\\/mylipfiller.com\\\/\"},{\"@type\":\"ListItem\",\"position\":2,\"name\":\"Shop\",\"item\":\"https:\\\/\\\/mylipfiller.com\\\/shop\\\/\"},{\"@type\":\"ListItem\",\"position\":3,\"name\":\"Aptos Visage Excellence Method Threads\"}]},{\"@type\":\"WebSite\",\"@id\":\"https:\\\/\\\/mylipfiller.com\\\/#website\",\"url\":\"https:\\\/\\\/mylipfiller.com\\\/\",\"name\":\"My Lip Filler\",\"description\":\"Hyaluronic Acid Lip and Dermal Fillers\",\"publisher\":{\"@id\":\"https:\\\/\\\/mylipfiller.com\\\/#organization\"},\"potentialAction\":[{\"@type\":\"SearchAction\",\"target\":{\"@type\":\"EntryPoint\",\"urlTemplate\":\"https:\\\/\\\/mylipfiller.com\\\/?s={search_term_string}\"},\"query-input\":{\"@type\":\"PropertyValueSpecification\",\"valueRequired\":true,\"valueName\":\"search_term_string\"}}],\"inLanguage\":\"es\"},{\"@type\":\"Organization\",\"@id\":\"https:\\\/\\\/mylipfiller.com\\\/#organization\",\"name\":\"My Lip Filler\",\"url\":\"https:\\\/\\\/mylipfiller.com\\\/\",\"logo\":{\"@type\":\"ImageObject\",\"inLanguage\":\"es\",\"@id\":\"https:\\\/\\\/mylipfiller.com\\\/#\\\/schema\\\/logo\\\/image\\\/\",\"url\":\"https:\\\/\\\/mylipfiller.com\\\/wp-content\\\/uploads\\\/2019\\\/02\\\/cropped-My-Lip-Filler-Logo.png\",\"contentUrl\":\"https:\\\/\\\/mylipfiller.com\\\/wp-content\\\/uploads\\\/2019\\\/02\\\/cropped-My-Lip-Filler-Logo.png\",\"width\":240,\"height\":88,\"caption\":\"My Lip Filler\"},\"image\":{\"@id\":\"https:\\\/\\\/mylipfiller.com\\\/#\\\/schema\\\/logo\\\/image\\\/\"}}]}<\/script>\n<!-- \/ Yoast SEO plugin. -->","yoast_head_json":{"title":"Compre hilos del m\u00e9todo Aptos Visage Excellence - Rellenos de My Lip Filler","description":"\u2765Compra Hilos M\u00e9todo Aptos Visage Excellence \u23e9 Tienda online My Lip Filler \u27a6 Garant\u00eda de calidad, rese\u00f1as, ingredientes, \u00a1los mejores precios!","robots":{"index":"index","follow":"follow","max-snippet":"max-snippet:-1","max-image-preview":"max-image-preview:large","max-video-preview":"max-video-preview:-1"},"canonical":"https:\/\/mylipfiller.com\/es\/aptos-visage-excellence-method-threads\/","og_locale":"es_MX","og_type":"article","og_title":"Buy Aptos Visage Excellence Method Threads - Fillers from My Lip Filler","og_description":"\u2765Buy Aptos Visage Excellence Method Threads \u23e9 My Lip Filler online store \u27a6 Quality assurance, reviews, ingredients, best prices!","og_url":"https:\/\/mylipfiller.com\/es\/aptos-visage-excellence-method-threads\/","og_site_name":"My Lip Filler","article_modified_time":"2024-07-03T15:33:03+00:00","og_image":[{"width":600,"height":600,"url":"https:\/\/cdn.mylipfiller.com\/wp-content\/uploads\/2022\/01\/Aptos-Visage-Exellence.jpg","type":"image\/jpeg"}],"twitter_card":"summary_large_image","twitter_misc":{"Tiempo de lectura":"2 minutos"},"schema":{"@context":"https:\/\/schema.org","@graph":[{"@type":"WebPage","@id":"https:\/\/mylipfiller.com\/aptos-visage-excellence-method-threads\/","url":"https:\/\/mylipfiller.com\/aptos-visage-excellence-method-threads\/","name":"Compre hilos del m\u00e9todo Aptos Visage Excellence - Rellenos de My Lip Filler","isPartOf":{"@id":"https:\/\/mylipfiller.com\/#website"},"primaryImageOfPage":{"@id":"https:\/\/mylipfiller.com\/aptos-visage-excellence-method-threads\/#primaryimage"},"image":{"@id":"https:\/\/mylipfiller.com\/aptos-visage-excellence-method-threads\/#primaryimage"},"thumbnailUrl":"https:\/\/cdn.mylipfiller.com\/wp-content\/uploads\/2022\/01\/Aptos-Visage-Exellence.jpg","datePublished":"2022-01-13T10:40:50+00:00","dateModified":"2024-07-03T15:33:03+00:00","description":"\u2765Compra Hilos M\u00e9todo Aptos Visage Excellence \u23e9 Tienda online My Lip Filler \u27a6 Garant\u00eda de calidad, rese\u00f1as, ingredientes, \u00a1los mejores precios!","breadcrumb":{"@id":"https:\/\/mylipfiller.com\/aptos-visage-excellence-method-threads\/#breadcrumb"},"inLanguage":"es","potentialAction":[{"@type":"ReadAction","target":["https:\/\/mylipfiller.com\/aptos-visage-excellence-method-threads\/"]}]},{"@type":"ImageObject","inLanguage":"es","@id":"https:\/\/mylipfiller.com\/aptos-visage-excellence-method-threads\/#primaryimage","url":"https:\/\/cdn.mylipfiller.com\/wp-content\/uploads\/2022\/01\/Aptos-Visage-Exellence.jpg","contentUrl":"https:\/\/cdn.mylipfiller.com\/wp-content\/uploads\/2022\/01\/Aptos-Visage-Exellence.jpg","width":600,"height":600,"caption":"Aptos Visage Exellence"},{"@type":"BreadcrumbList","@id":"https:\/\/mylipfiller.com\/aptos-visage-excellence-method-threads\/#breadcrumb","itemListElement":[{"@type":"ListItem","position":1,"name":"Home","item":"https:\/\/mylipfiller.com\/"},{"@type":"ListItem","position":2,"name":"Shop","item":"https:\/\/mylipfiller.com\/shop\/"},{"@type":"ListItem","position":3,"name":"Aptos Visage Excellence Method Threads"}]},{"@type":"WebSite","@id":"https:\/\/mylipfiller.com\/#website","url":"https:\/\/mylipfiller.com\/","name":"Mi relleno de labios","description":"Rellenos d\u00e9rmicos y de labios con \u00e1cido hialur\u00f3nico","publisher":{"@id":"https:\/\/mylipfiller.com\/#organization"},"potentialAction":[{"@type":"SearchAction","target":{"@type":"EntryPoint","urlTemplate":"https:\/\/mylipfiller.com\/?s={search_term_string}"},"query-input":{"@type":"PropertyValueSpecification","valueRequired":true,"valueName":"search_term_string"}}],"inLanguage":"es"},{"@type":"Organization","@id":"https:\/\/mylipfiller.com\/#organization","name":"Mi relleno de labios","url":"https:\/\/mylipfiller.com\/","logo":{"@type":"ImageObject","inLanguage":"es","@id":"https:\/\/mylipfiller.com\/#\/schema\/logo\/image\/","url":"https:\/\/cdn.mylipfiller.com\/wp-content\/uploads\/2019\/02\/cropped-My-Lip-Filler-Logo.png","contentUrl":"https:\/\/cdn.mylipfiller.com\/wp-content\/uploads\/2019\/02\/cropped-My-Lip-Filler-Logo.png","width":240,"height":88,"caption":"My Lip Filler"},"image":{"@id":"https:\/\/mylipfiller.com\/#\/schema\/logo\/image\/"}}]}},"_links":{"self":[{"href":"https:\/\/mylipfiller.com\/es\/wp-json\/wp\/v2\/product\/32183","targetHints":{"allow":["GET"]}}],"collection":[{"href":"https:\/\/mylipfiller.com\/es\/wp-json\/wp\/v2\/product"}],"about":[{"href":"https:\/\/mylipfiller.com\/es\/wp-json\/wp\/v2\/types\/product"}],"wp:featuredmedia":[{"embeddable":true,"href":"https:\/\/mylipfiller.com\/es\/wp-json\/wp\/v2\/media\/32184"}],"wp:attachment":[{"href":"https:\/\/mylipfiller.com\/es\/wp-json\/wp\/v2\/media?parent=32183"}],"wp:term":[{"taxonomy":"product_brand","embeddable":true,"href":"https:\/\/mylipfiller.com\/es\/wp-json\/wp\/v2\/product_brand?post=32183"},{"taxonomy":"product_cat","embeddable":true,"href":"https:\/\/mylipfiller.com\/es\/wp-json\/wp\/v2\/product_cat?post=32183"},{"taxonomy":"product_tag","embeddable":true,"href":"https:\/\/mylipfiller.com\/es\/wp-json\/wp\/v2\/product_tag?post=32183"}],"curies":[{"name":"gracias","href":"https:\/\/api.w.org\/{rel}","templated":true}]}}