{"id":32185,"date":"2022-01-13T15:52:05","date_gmt":"2022-01-13T13:52:05","guid":{"rendered":"https:\/\/mylipfiller.com\/?post_type=product&#038;p=32185"},"modified":"2024-07-03T17:33:03","modified_gmt":"2024-07-03T15:33:03","slug":"dermaheal-stem-crum-6-x-6ml-6-powder-vials","status":"publish","type":"product","link":"https:\/\/mylipfiller.com\/es\/dermaheal-stem-crum-6-x-6ml-6-powder-vials\/","title":{"rendered":"Dermaheal Stem C&#039;rum"},"content":{"rendered":"<p>Como la mayor\u00eda de las soluciones fabricadas por Caregen, Dermaheal Stem Crum se basa en el efecto de los p\u00e9ptidos. La lista de ingredientes incluye: extracto de medios acondicionados de adipocitos humanos, niacinamida, sh-oligop\u00e9ptido-1 (CG-EGF), sh-polip\u00e9ptido-11 (CG-aFGF), sh-polip\u00e9ptido-1 (CG-bFGF), sh-polip\u00e9ptido -2 (CG-TRX), sh-Polip\u00e9ptido-5 (CG-TGF-\u00df3), sh-Oligop\u00e9ptido-2 (CG-IGF1). Se sabe que los productos Dermaheal contienen un c\u00f3ctel de p\u00e9ptidos perfectamente equilibrado para ofrecer los mejores resultados para los prop\u00f3sitos previstos del tratamiento de la piel. Sin embargo, con Dermaheal Stem C&#039;rum, este efecto se ve enormemente amplificado por el extracto de medios acondicionados de adipocitos humanos (extracto de c\u00e9lulas madre) y los nutrientes adicionales.<\/p>\n<h3>\u00bfC\u00f3mo se utiliza Dermaheal Stem C&#039;rum?<\/h3>\n<p>Al igual que los otros productos de la serie Stem C&#039;rum, esta soluci\u00f3n viene con viales que contienen l\u00edquidos y polvos, que deben mezclarse. Hay un total de 6 pares de viales en el paquete, con un vial mixto, siendo la dosis recomendada para una semana de uso. Basta con aplicar una muy peque\u00f1a cantidad del producto una vez por la ma\u00f1ana y otra por la noche, para conseguir resultados \u00f3ptimos. El m\u00e9todo de aplicaci\u00f3n normal es simplemente frotar y masajear sobre la piel limpia, aunque tambi\u00e9n es posible usar el dermaroller. El producto tambi\u00e9n se puede inyectar directamente en la piel, pero solo por un dermat\u00f3logo profesional, seg\u00fan su recomendaci\u00f3n.<\/p>\n<h3>Beneficios de usar la mesoterapia de suero de tallo Dermaheal<\/h3>\n<p>Esta es una soluci\u00f3n para el cuidado de la piel, ante todo. Su objetivo principal es restaurar la piel cansada y da\u00f1ada. La piel seca, como resultado del envejecimiento o de factores ambientales, es un objetivo principal, pero tambi\u00e9n es muy eficaz despu\u00e9s de procedimientos meso espec\u00edficos con una m\u00e1quina de belleza y otros tratamientos para la piel que tienden a dejar la piel irritada y seca. Dermaheal Stem Crum potencia las propiedades naturales de autocuraci\u00f3n de la piel y ofrece una restauraci\u00f3n r\u00e1pida en t\u00e9rminos de elasticidad y aumento de la producci\u00f3n de col\u00e1geno.<\/p>\n<p>Los beneficios adicionales de la mesoterapia con Dermaheal Stem C&#039;rum incluyen el tratamiento y la reversi\u00f3n de los efectos de la hiperpigmentaci\u00f3n de la piel, el aumento de la cicatrizaci\u00f3n de las heridas de la piel y la eliminaci\u00f3n de los tejidos cicatriciales. El producto tambi\u00e9n puede tener un buen efecto contra la ca\u00edda del cabello, mejorando sustancialmente la salud del cuero cabelludo, si se aplica all\u00ed.<\/p>\n<p><em>*Nota: El lote disponible de este producto vence el 5 de febrero de 2022. La oferta de liquidaci\u00f3n es v\u00e1lida solo hasta que se agote el lote actual del producto.<\/em><\/p>","protected":false},"excerpt":{"rendered":"<p>La marca Dermaheal es el est\u00e1ndar de oro para la mesoterapia cuando se trata de soluciones de tratamiento para el cuidado de la piel de Corea. Y el pin\u00e1culo de su I+D es, con diferencia, la l\u00ednea de productos Stem C&#039;rum. El producto principal: Dermaheal Stem C&#039;rum es una soluci\u00f3n de mesoterapia potente, eficaz e intensiva para el rejuvenecimiento de la piel y el brillo, basada en c\u00e9lulas madre som\u00e1ticas, que tambi\u00e9n tiene un efecto notable contra la ca\u00edda del cabello. Un tratamiento completo, este producto tendr\u00e1 resultados duraderos en la mejora de la vitalidad, elasticidad y suavidad de la piel. Se puede combinar con otras formas de mesoterapia, as\u00ed como con el tratamiento posterior a la m\u00e1quina de belleza de la piel.<\/p>","protected":false},"featured_media":32187,"template":"","meta":{"_acf_changed":false},"product_brand":[],"product_cat":[158,21,18],"product_tag":[138,111,147,145,143,139,137],"class_list":{"0":"post-32185","1":"product","2":"type-product","3":"status-publish","4":"has-post-thumbnail","6":"product_cat-caregen","7":"product_cat-dermaheal","8":"product_cat-mesotherapy","9":"product_tag-anti-aging","10":"product_tag-face","11":"product_tag-moisturizing","12":"product_tag-nourishing","13":"product_tag-rejuvenating","14":"product_tag-restoration","15":"product_tag-south-korea","17":"first","18":"outofstock","19":"taxable","20":"shipping-taxable","21":"purchasable","22":"product-type-simple"},"acf":[],"yoast_head":"<!-- This site is optimized with the Yoast SEO plugin v27.4 - https:\/\/yoast.com\/product\/yoast-seo-wordpress\/ -->\n<title>Buy Dermaheal Stem C&#039;rum - Fillers from My Lip Filler<\/title>\n<meta name=\"description\" content=\"\u2765Buy Dermaheal Stem C&#039;rum \u23e9 My Lip Filler online store \u27a6 Quality assurance, reviews, ingredients, best prices!\" \/>\n<meta name=\"robots\" content=\"index, follow, max-snippet:-1, max-image-preview:large, max-video-preview:-1\" \/>\n<link rel=\"canonical\" href=\"https:\/\/mylipfiller.com\/es\/dermaheal-stem-crum-6-x-6ml-6-powder-vials\/\" \/>\n<meta property=\"og:locale\" content=\"es_MX\" \/>\n<meta property=\"og:type\" content=\"article\" \/>\n<meta property=\"og:title\" content=\"Buy Dermaheal Stem C&#039;rum - Fillers from My Lip Filler\" \/>\n<meta property=\"og:description\" content=\"\u2765Buy Dermaheal Stem C&#039;rum \u23e9 My Lip Filler online store \u27a6 Quality assurance, reviews, ingredients, best prices!\" \/>\n<meta property=\"og:url\" content=\"https:\/\/mylipfiller.com\/es\/dermaheal-stem-crum-6-x-6ml-6-powder-vials\/\" \/>\n<meta property=\"og:site_name\" content=\"My Lip Filler\" \/>\n<meta property=\"article:modified_time\" content=\"2024-07-03T15:33:03+00:00\" \/>\n<meta property=\"og:image\" content=\"https:\/\/cdn.mylipfiller.com\/wp-content\/uploads\/2022\/01\/Dermaheal-Stem-Crum.jpg\" \/>\n\t<meta property=\"og:image:width\" content=\"600\" \/>\n\t<meta property=\"og:image:height\" content=\"600\" \/>\n\t<meta property=\"og:image:type\" content=\"image\/jpeg\" \/>\n<meta name=\"twitter:card\" content=\"summary_large_image\" \/>\n<meta name=\"twitter:label1\" content=\"Tiempo de lectura\" \/>\n\t<meta name=\"twitter:data1\" content=\"2 minutos\" \/>\n<script type=\"application\/ld+json\" class=\"yoast-schema-graph\">{\"@context\":\"https:\\\/\\\/schema.org\",\"@graph\":[{\"@type\":\"WebPage\",\"@id\":\"https:\\\/\\\/mylipfiller.com\\\/dermaheal-stem-crum-6-x-6ml-6-powder-vials\\\/\",\"url\":\"https:\\\/\\\/mylipfiller.com\\\/dermaheal-stem-crum-6-x-6ml-6-powder-vials\\\/\",\"name\":\"Buy Dermaheal Stem C'rum - Fillers from My Lip Filler\",\"isPartOf\":{\"@id\":\"https:\\\/\\\/mylipfiller.com\\\/#website\"},\"primaryImageOfPage\":{\"@id\":\"https:\\\/\\\/mylipfiller.com\\\/dermaheal-stem-crum-6-x-6ml-6-powder-vials\\\/#primaryimage\"},\"image\":{\"@id\":\"https:\\\/\\\/mylipfiller.com\\\/dermaheal-stem-crum-6-x-6ml-6-powder-vials\\\/#primaryimage\"},\"thumbnailUrl\":\"https:\\\/\\\/mylipfiller.com\\\/wp-content\\\/uploads\\\/2022\\\/01\\\/Dermaheal-Stem-Crum.jpg\",\"datePublished\":\"2022-01-13T13:52:05+00:00\",\"dateModified\":\"2024-07-03T15:33:03+00:00\",\"description\":\"\u2765Buy Dermaheal Stem C'rum \u23e9 My Lip Filler online store \u27a6 Quality assurance, reviews, ingredients, best prices!\",\"breadcrumb\":{\"@id\":\"https:\\\/\\\/mylipfiller.com\\\/dermaheal-stem-crum-6-x-6ml-6-powder-vials\\\/#breadcrumb\"},\"inLanguage\":\"es\",\"potentialAction\":[{\"@type\":\"ReadAction\",\"target\":[\"https:\\\/\\\/mylipfiller.com\\\/dermaheal-stem-crum-6-x-6ml-6-powder-vials\\\/\"]}]},{\"@type\":\"ImageObject\",\"inLanguage\":\"es\",\"@id\":\"https:\\\/\\\/mylipfiller.com\\\/dermaheal-stem-crum-6-x-6ml-6-powder-vials\\\/#primaryimage\",\"url\":\"https:\\\/\\\/mylipfiller.com\\\/wp-content\\\/uploads\\\/2022\\\/01\\\/Dermaheal-Stem-Crum.jpg\",\"contentUrl\":\"https:\\\/\\\/mylipfiller.com\\\/wp-content\\\/uploads\\\/2022\\\/01\\\/Dermaheal-Stem-Crum.jpg\",\"width\":600,\"height\":600,\"caption\":\"Dermaheal Stem Crum\"},{\"@type\":\"BreadcrumbList\",\"@id\":\"https:\\\/\\\/mylipfiller.com\\\/dermaheal-stem-crum-6-x-6ml-6-powder-vials\\\/#breadcrumb\",\"itemListElement\":[{\"@type\":\"ListItem\",\"position\":1,\"name\":\"Home\",\"item\":\"https:\\\/\\\/mylipfiller.com\\\/\"},{\"@type\":\"ListItem\",\"position\":2,\"name\":\"Shop\",\"item\":\"https:\\\/\\\/mylipfiller.com\\\/shop\\\/\"},{\"@type\":\"ListItem\",\"position\":3,\"name\":\"Dermaheal Stem C&#8217;rum\"}]},{\"@type\":\"WebSite\",\"@id\":\"https:\\\/\\\/mylipfiller.com\\\/#website\",\"url\":\"https:\\\/\\\/mylipfiller.com\\\/\",\"name\":\"My Lip Filler\",\"description\":\"Hyaluronic Acid Lip and Dermal Fillers\",\"publisher\":{\"@id\":\"https:\\\/\\\/mylipfiller.com\\\/#organization\"},\"potentialAction\":[{\"@type\":\"SearchAction\",\"target\":{\"@type\":\"EntryPoint\",\"urlTemplate\":\"https:\\\/\\\/mylipfiller.com\\\/?s={search_term_string}\"},\"query-input\":{\"@type\":\"PropertyValueSpecification\",\"valueRequired\":true,\"valueName\":\"search_term_string\"}}],\"inLanguage\":\"es\"},{\"@type\":\"Organization\",\"@id\":\"https:\\\/\\\/mylipfiller.com\\\/#organization\",\"name\":\"My Lip Filler\",\"url\":\"https:\\\/\\\/mylipfiller.com\\\/\",\"logo\":{\"@type\":\"ImageObject\",\"inLanguage\":\"es\",\"@id\":\"https:\\\/\\\/mylipfiller.com\\\/#\\\/schema\\\/logo\\\/image\\\/\",\"url\":\"https:\\\/\\\/mylipfiller.com\\\/wp-content\\\/uploads\\\/2019\\\/02\\\/cropped-My-Lip-Filler-Logo.png\",\"contentUrl\":\"https:\\\/\\\/mylipfiller.com\\\/wp-content\\\/uploads\\\/2019\\\/02\\\/cropped-My-Lip-Filler-Logo.png\",\"width\":240,\"height\":88,\"caption\":\"My Lip Filler\"},\"image\":{\"@id\":\"https:\\\/\\\/mylipfiller.com\\\/#\\\/schema\\\/logo\\\/image\\\/\"}}]}<\/script>\n<!-- \/ Yoast SEO plugin. -->","yoast_head_json":{"title":"Comprar Dermaheal Stem C'rum - Rellenos de My Lip Filler","description":"\u2765Compra Dermaheal Stem C'rum \u23e9 Tienda online My Lip Filler \u27a6 Garant\u00eda de calidad, rese\u00f1as, ingredientes, \u00a1los mejores precios!","robots":{"index":"index","follow":"follow","max-snippet":"max-snippet:-1","max-image-preview":"max-image-preview:large","max-video-preview":"max-video-preview:-1"},"canonical":"https:\/\/mylipfiller.com\/es\/dermaheal-stem-crum-6-x-6ml-6-powder-vials\/","og_locale":"es_MX","og_type":"article","og_title":"Buy Dermaheal Stem C'rum - Fillers from My Lip Filler","og_description":"\u2765Buy Dermaheal Stem C'rum \u23e9 My Lip Filler online store \u27a6 Quality assurance, reviews, ingredients, best prices!","og_url":"https:\/\/mylipfiller.com\/es\/dermaheal-stem-crum-6-x-6ml-6-powder-vials\/","og_site_name":"My Lip Filler","article_modified_time":"2024-07-03T15:33:03+00:00","og_image":[{"width":600,"height":600,"url":"https:\/\/cdn.mylipfiller.com\/wp-content\/uploads\/2022\/01\/Dermaheal-Stem-Crum.jpg","type":"image\/jpeg"}],"twitter_card":"summary_large_image","twitter_misc":{"Tiempo de lectura":"2 minutos"},"schema":{"@context":"https:\/\/schema.org","@graph":[{"@type":"WebPage","@id":"https:\/\/mylipfiller.com\/dermaheal-stem-crum-6-x-6ml-6-powder-vials\/","url":"https:\/\/mylipfiller.com\/dermaheal-stem-crum-6-x-6ml-6-powder-vials\/","name":"Comprar Dermaheal Stem C'rum - Rellenos de My Lip Filler","isPartOf":{"@id":"https:\/\/mylipfiller.com\/#website"},"primaryImageOfPage":{"@id":"https:\/\/mylipfiller.com\/dermaheal-stem-crum-6-x-6ml-6-powder-vials\/#primaryimage"},"image":{"@id":"https:\/\/mylipfiller.com\/dermaheal-stem-crum-6-x-6ml-6-powder-vials\/#primaryimage"},"thumbnailUrl":"https:\/\/cdn.mylipfiller.com\/wp-content\/uploads\/2022\/01\/Dermaheal-Stem-Crum.jpg","datePublished":"2022-01-13T13:52:05+00:00","dateModified":"2024-07-03T15:33:03+00:00","description":"\u2765Compra Dermaheal Stem C'rum \u23e9 Tienda online My Lip Filler \u27a6 Garant\u00eda de calidad, rese\u00f1as, ingredientes, \u00a1los mejores precios!","breadcrumb":{"@id":"https:\/\/mylipfiller.com\/dermaheal-stem-crum-6-x-6ml-6-powder-vials\/#breadcrumb"},"inLanguage":"es","potentialAction":[{"@type":"ReadAction","target":["https:\/\/mylipfiller.com\/dermaheal-stem-crum-6-x-6ml-6-powder-vials\/"]}]},{"@type":"ImageObject","inLanguage":"es","@id":"https:\/\/mylipfiller.com\/dermaheal-stem-crum-6-x-6ml-6-powder-vials\/#primaryimage","url":"https:\/\/cdn.mylipfiller.com\/wp-content\/uploads\/2022\/01\/Dermaheal-Stem-Crum.jpg","contentUrl":"https:\/\/cdn.mylipfiller.com\/wp-content\/uploads\/2022\/01\/Dermaheal-Stem-Crum.jpg","width":600,"height":600,"caption":"Dermaheal Stem Crum"},{"@type":"BreadcrumbList","@id":"https:\/\/mylipfiller.com\/dermaheal-stem-crum-6-x-6ml-6-powder-vials\/#breadcrumb","itemListElement":[{"@type":"ListItem","position":1,"name":"Home","item":"https:\/\/mylipfiller.com\/"},{"@type":"ListItem","position":2,"name":"Shop","item":"https:\/\/mylipfiller.com\/shop\/"},{"@type":"ListItem","position":3,"name":"Dermaheal Stem C&#8217;rum"}]},{"@type":"WebSite","@id":"https:\/\/mylipfiller.com\/#website","url":"https:\/\/mylipfiller.com\/","name":"Mi relleno de labios","description":"Rellenos d\u00e9rmicos y de labios con \u00e1cido hialur\u00f3nico","publisher":{"@id":"https:\/\/mylipfiller.com\/#organization"},"potentialAction":[{"@type":"SearchAction","target":{"@type":"EntryPoint","urlTemplate":"https:\/\/mylipfiller.com\/?s={search_term_string}"},"query-input":{"@type":"PropertyValueSpecification","valueRequired":true,"valueName":"search_term_string"}}],"inLanguage":"es"},{"@type":"Organization","@id":"https:\/\/mylipfiller.com\/#organization","name":"Mi relleno de labios","url":"https:\/\/mylipfiller.com\/","logo":{"@type":"ImageObject","inLanguage":"es","@id":"https:\/\/mylipfiller.com\/#\/schema\/logo\/image\/","url":"https:\/\/cdn.mylipfiller.com\/wp-content\/uploads\/2019\/02\/cropped-My-Lip-Filler-Logo.png","contentUrl":"https:\/\/cdn.mylipfiller.com\/wp-content\/uploads\/2019\/02\/cropped-My-Lip-Filler-Logo.png","width":240,"height":88,"caption":"My Lip Filler"},"image":{"@id":"https:\/\/mylipfiller.com\/#\/schema\/logo\/image\/"}}]}},"_links":{"self":[{"href":"https:\/\/mylipfiller.com\/es\/wp-json\/wp\/v2\/product\/32185","targetHints":{"allow":["GET"]}}],"collection":[{"href":"https:\/\/mylipfiller.com\/es\/wp-json\/wp\/v2\/product"}],"about":[{"href":"https:\/\/mylipfiller.com\/es\/wp-json\/wp\/v2\/types\/product"}],"wp:featuredmedia":[{"embeddable":true,"href":"https:\/\/mylipfiller.com\/es\/wp-json\/wp\/v2\/media\/32187"}],"wp:attachment":[{"href":"https:\/\/mylipfiller.com\/es\/wp-json\/wp\/v2\/media?parent=32185"}],"wp:term":[{"taxonomy":"product_brand","embeddable":true,"href":"https:\/\/mylipfiller.com\/es\/wp-json\/wp\/v2\/product_brand?post=32185"},{"taxonomy":"product_cat","embeddable":true,"href":"https:\/\/mylipfiller.com\/es\/wp-json\/wp\/v2\/product_cat?post=32185"},{"taxonomy":"product_tag","embeddable":true,"href":"https:\/\/mylipfiller.com\/es\/wp-json\/wp\/v2\/product_tag?post=32185"}],"curies":[{"name":"gracias","href":"https:\/\/api.w.org\/{rel}","templated":true}]}}