{"id":32215,"date":"2022-01-13T18:14:33","date_gmt":"2022-01-13T16:14:33","guid":{"rendered":"https:\/\/mylipfiller.com\/?post_type=product&#038;p=32215"},"modified":"2024-07-03T17:33:03","modified_gmt":"2024-07-03T15:33:03","slug":"dermaheal-stem-crum-hl-5-x-5ml","status":"publish","type":"product","link":"https:\/\/mylipfiller.com\/es\/dermaheal-stem-crum-hl-5-x-5ml\/","title":{"rendered":"Dermaheal Stem C&#039;rum HL (5 x 5ml)"},"content":{"rendered":"<p>La ca\u00edda del cabello es uno de los problemas m\u00e1s comunes relacionados con la \u201cbelleza\u201d. M\u00e1s prevalente en los hombres, pero que tambi\u00e9n afecta pr\u00e1cticamente a todas las mujeres, es un problema dif\u00edcil de abordar. Y aunque el mercado est\u00e1 inundado de todo tipo de productos que supuestamente detienen e incluso revierten la ca\u00edda del cabello, la efectividad de la gran mayor\u00eda de ellos es dudosa.<\/p>\n<p>Sin embargo, Dermaheal Stem C&#039;rum HL es diferente. Fabricada por el fabricante m\u00e1s reputado de cosm\u00e9ticos y productos de mesoterapia coreanos, Caregen, esta es una soluci\u00f3n avanzada para el tratamiento del cuero cabelludo que brinda resultados r\u00e1pidos y duraderos para mejorar la salud y el tama\u00f1o del fol\u00edculo piloso, regulando la hidrataci\u00f3n de la piel en la parte superior y posterior del cabello. la cabeza y mejorando la circulaci\u00f3n sangu\u00ednea del cuero cabelludo.<\/p>\n<p>Este producto contiene un polvo de p\u00e9ptidos especialmente seleccionados, con conocido efecto beneficioso sobre el cabello y el cuero cabelludo, que se combinan con extracto de c\u00e9lulas madre derivadas de tejido adiposo (Human Adipose Conditioned Media Extract), lo que aumenta significativamente la eficacia del tratamiento.<\/p>\n<h3>Ingredientes y uso de Dermaheal Stem C&#039;rum HL<\/h3>\n<p>La lista de ingredientes de Dermaheal Stem Crum HL incluye: extracto de medios acondicionados de adipocitos humanos, biotina, sh-polip\u00e9ptido-1 (CG-bFGF), cobre trip\u00e9ptido-1, sh-polip\u00e9ptido-9 (CG-VEGF), sh-polip\u00e9ptido-1 (CG -bFGF). Juntos, forman uno de los productos de mesoterapia antica\u00edda m\u00e1s efectivos del mercado. El protocolo de aplicaci\u00f3n es de uno a dos viales por semana (sesiones separadas). Los resultados notables se pueden ver tan pronto como dos semanas despu\u00e9s del tratamiento.<\/p>","protected":false},"excerpt":{"rendered":"<p>Caregen ofrece a sus clientes una herramienta eficaz en la lucha contra la ca\u00edda del cabello. Con el poder de las c\u00e9lulas madre combinado con el c\u00f3ctel de p\u00e9ptidos patentado del fabricante coreano, Dermaheal Stem C&#039;rum HL garantiza que los procedimientos de mesoterapia en el cuero cabelludo dan como resultado una mejora r\u00e1pida y notable de la salud tanto de la piel del cuero cabelludo como del fol\u00edculo piloso, en menos de un mes de tratamiento.<\/p>","protected":false},"featured_media":32216,"template":"","meta":{"_acf_changed":false},"product_brand":[],"product_cat":[158,21,18],"product_tag":[137,149],"class_list":{"0":"post-32215","1":"product","2":"type-product","3":"status-publish","4":"has-post-thumbnail","6":"product_cat-caregen","7":"product_cat-dermaheal","8":"product_cat-mesotherapy","9":"product_tag-south-korea","10":"product_tag-volume-5-ml","12":"first","13":"outofstock","14":"taxable","15":"shipping-taxable","16":"purchasable","17":"product-type-simple"},"acf":[],"yoast_head":"<!-- This site is optimized with the Yoast SEO plugin v27.3 - https:\/\/yoast.com\/product\/yoast-seo-wordpress\/ -->\n<title>Buy Dermaheal Stem C\u2019rum HL (5 x 5ml) - Fillers from My Lip Filler<\/title>\n<meta name=\"description\" content=\"\u2765Buy Dermaheal Stem C\u2019rum HL (5 x 5ml) \u23e9 My Lip Filler online store \u27a6 Quality assurance, reviews, ingredients, best prices!\" \/>\n<meta name=\"robots\" content=\"index, follow, max-snippet:-1, max-image-preview:large, max-video-preview:-1\" \/>\n<link rel=\"canonical\" href=\"https:\/\/mylipfiller.com\/es\/dermaheal-stem-crum-hl-5-x-5ml\/\" \/>\n<meta property=\"og:locale\" content=\"es_MX\" \/>\n<meta property=\"og:type\" content=\"article\" \/>\n<meta property=\"og:title\" content=\"Buy Dermaheal Stem C\u2019rum HL (5 x 5ml) - Fillers from My Lip Filler\" \/>\n<meta property=\"og:description\" content=\"\u2765Buy Dermaheal Stem C\u2019rum HL (5 x 5ml) \u23e9 My Lip Filler online store \u27a6 Quality assurance, reviews, ingredients, best prices!\" \/>\n<meta property=\"og:url\" content=\"https:\/\/mylipfiller.com\/es\/dermaheal-stem-crum-hl-5-x-5ml\/\" \/>\n<meta property=\"og:site_name\" content=\"My Lip Filler\" \/>\n<meta property=\"article:modified_time\" content=\"2024-07-03T15:33:03+00:00\" \/>\n<meta property=\"og:image\" content=\"https:\/\/cdn.mylipfiller.com\/wp-content\/uploads\/2022\/01\/Dermaheal-Stem-Crum-HL.jpg\" \/>\n\t<meta property=\"og:image:width\" content=\"600\" \/>\n\t<meta property=\"og:image:height\" content=\"600\" \/>\n\t<meta property=\"og:image:type\" content=\"image\/jpeg\" \/>\n<meta name=\"twitter:card\" content=\"summary_large_image\" \/>\n<meta name=\"twitter:label1\" content=\"Tiempo de lectura\" \/>\n\t<meta name=\"twitter:data1\" content=\"2 minutos\" \/>\n<script type=\"application\/ld+json\" class=\"yoast-schema-graph\">{\"@context\":\"https:\\\/\\\/schema.org\",\"@graph\":[{\"@type\":\"WebPage\",\"@id\":\"https:\\\/\\\/mylipfiller.com\\\/dermaheal-stem-crum-hl-5-x-5ml\\\/\",\"url\":\"https:\\\/\\\/mylipfiller.com\\\/dermaheal-stem-crum-hl-5-x-5ml\\\/\",\"name\":\"Buy Dermaheal Stem C\u2019rum HL (5 x 5ml) - Fillers from My Lip Filler\",\"isPartOf\":{\"@id\":\"https:\\\/\\\/mylipfiller.com\\\/#website\"},\"primaryImageOfPage\":{\"@id\":\"https:\\\/\\\/mylipfiller.com\\\/dermaheal-stem-crum-hl-5-x-5ml\\\/#primaryimage\"},\"image\":{\"@id\":\"https:\\\/\\\/mylipfiller.com\\\/dermaheal-stem-crum-hl-5-x-5ml\\\/#primaryimage\"},\"thumbnailUrl\":\"https:\\\/\\\/mylipfiller.com\\\/wp-content\\\/uploads\\\/2022\\\/01\\\/Dermaheal-Stem-Crum-HL.jpg\",\"datePublished\":\"2022-01-13T16:14:33+00:00\",\"dateModified\":\"2024-07-03T15:33:03+00:00\",\"description\":\"\u2765Buy Dermaheal Stem C\u2019rum HL (5 x 5ml) \u23e9 My Lip Filler online store \u27a6 Quality assurance, reviews, ingredients, best prices!\",\"breadcrumb\":{\"@id\":\"https:\\\/\\\/mylipfiller.com\\\/dermaheal-stem-crum-hl-5-x-5ml\\\/#breadcrumb\"},\"inLanguage\":\"es\",\"potentialAction\":[{\"@type\":\"ReadAction\",\"target\":[\"https:\\\/\\\/mylipfiller.com\\\/dermaheal-stem-crum-hl-5-x-5ml\\\/\"]}]},{\"@type\":\"ImageObject\",\"inLanguage\":\"es\",\"@id\":\"https:\\\/\\\/mylipfiller.com\\\/dermaheal-stem-crum-hl-5-x-5ml\\\/#primaryimage\",\"url\":\"https:\\\/\\\/mylipfiller.com\\\/wp-content\\\/uploads\\\/2022\\\/01\\\/Dermaheal-Stem-Crum-HL.jpg\",\"contentUrl\":\"https:\\\/\\\/mylipfiller.com\\\/wp-content\\\/uploads\\\/2022\\\/01\\\/Dermaheal-Stem-Crum-HL.jpg\",\"width\":600,\"height\":600,\"caption\":\"Dermaheal Stem Crum HL\"},{\"@type\":\"BreadcrumbList\",\"@id\":\"https:\\\/\\\/mylipfiller.com\\\/dermaheal-stem-crum-hl-5-x-5ml\\\/#breadcrumb\",\"itemListElement\":[{\"@type\":\"ListItem\",\"position\":1,\"name\":\"Home\",\"item\":\"https:\\\/\\\/mylipfiller.com\\\/\"},{\"@type\":\"ListItem\",\"position\":2,\"name\":\"Shop\",\"item\":\"https:\\\/\\\/mylipfiller.com\\\/shop\\\/\"},{\"@type\":\"ListItem\",\"position\":3,\"name\":\"Dermaheal Stem C\u2019rum HL (5 x 5ml)\"}]},{\"@type\":\"WebSite\",\"@id\":\"https:\\\/\\\/mylipfiller.com\\\/#website\",\"url\":\"https:\\\/\\\/mylipfiller.com\\\/\",\"name\":\"My Lip Filler\",\"description\":\"Hyaluronic Acid Lip and Dermal Fillers\",\"publisher\":{\"@id\":\"https:\\\/\\\/mylipfiller.com\\\/#organization\"},\"potentialAction\":[{\"@type\":\"SearchAction\",\"target\":{\"@type\":\"EntryPoint\",\"urlTemplate\":\"https:\\\/\\\/mylipfiller.com\\\/?s={search_term_string}\"},\"query-input\":{\"@type\":\"PropertyValueSpecification\",\"valueRequired\":true,\"valueName\":\"search_term_string\"}}],\"inLanguage\":\"es\"},{\"@type\":\"Organization\",\"@id\":\"https:\\\/\\\/mylipfiller.com\\\/#organization\",\"name\":\"My Lip Filler\",\"url\":\"https:\\\/\\\/mylipfiller.com\\\/\",\"logo\":{\"@type\":\"ImageObject\",\"inLanguage\":\"es\",\"@id\":\"https:\\\/\\\/mylipfiller.com\\\/#\\\/schema\\\/logo\\\/image\\\/\",\"url\":\"https:\\\/\\\/mylipfiller.com\\\/wp-content\\\/uploads\\\/2019\\\/02\\\/cropped-My-Lip-Filler-Logo.png\",\"contentUrl\":\"https:\\\/\\\/mylipfiller.com\\\/wp-content\\\/uploads\\\/2019\\\/02\\\/cropped-My-Lip-Filler-Logo.png\",\"width\":240,\"height\":88,\"caption\":\"My Lip Filler\"},\"image\":{\"@id\":\"https:\\\/\\\/mylipfiller.com\\\/#\\\/schema\\\/logo\\\/image\\\/\"}}]}<\/script>\n<!-- \/ Yoast SEO plugin. -->","yoast_head_json":{"title":"Compre Dermaheal Stem C\u2019rum HL (5 x 5 ml) - Rellenos de My Lip Filler","description":"\u2765Compra Dermaheal Stem C\u2019rum HL (5 x 5ml) \u23e9 Tienda online My Lip Filler \u27a6 Garant\u00eda de calidad, rese\u00f1as, ingredientes, \u00a1los mejores precios!","robots":{"index":"index","follow":"follow","max-snippet":"max-snippet:-1","max-image-preview":"max-image-preview:large","max-video-preview":"max-video-preview:-1"},"canonical":"https:\/\/mylipfiller.com\/es\/dermaheal-stem-crum-hl-5-x-5ml\/","og_locale":"es_MX","og_type":"article","og_title":"Buy Dermaheal Stem C\u2019rum HL (5 x 5ml) - Fillers from My Lip Filler","og_description":"\u2765Buy Dermaheal Stem C\u2019rum HL (5 x 5ml) \u23e9 My Lip Filler online store \u27a6 Quality assurance, reviews, ingredients, best prices!","og_url":"https:\/\/mylipfiller.com\/es\/dermaheal-stem-crum-hl-5-x-5ml\/","og_site_name":"My Lip Filler","article_modified_time":"2024-07-03T15:33:03+00:00","og_image":[{"width":600,"height":600,"url":"https:\/\/cdn.mylipfiller.com\/wp-content\/uploads\/2022\/01\/Dermaheal-Stem-Crum-HL.jpg","type":"image\/jpeg"}],"twitter_card":"summary_large_image","twitter_misc":{"Tiempo de lectura":"2 minutos"},"schema":{"@context":"https:\/\/schema.org","@graph":[{"@type":"WebPage","@id":"https:\/\/mylipfiller.com\/dermaheal-stem-crum-hl-5-x-5ml\/","url":"https:\/\/mylipfiller.com\/dermaheal-stem-crum-hl-5-x-5ml\/","name":"Compre Dermaheal Stem C\u2019rum HL (5 x 5 ml) - Rellenos de My Lip Filler","isPartOf":{"@id":"https:\/\/mylipfiller.com\/#website"},"primaryImageOfPage":{"@id":"https:\/\/mylipfiller.com\/dermaheal-stem-crum-hl-5-x-5ml\/#primaryimage"},"image":{"@id":"https:\/\/mylipfiller.com\/dermaheal-stem-crum-hl-5-x-5ml\/#primaryimage"},"thumbnailUrl":"https:\/\/cdn.mylipfiller.com\/wp-content\/uploads\/2022\/01\/Dermaheal-Stem-Crum-HL.jpg","datePublished":"2022-01-13T16:14:33+00:00","dateModified":"2024-07-03T15:33:03+00:00","description":"\u2765Compra Dermaheal Stem C\u2019rum HL (5 x 5ml) \u23e9 Tienda online My Lip Filler \u27a6 Garant\u00eda de calidad, rese\u00f1as, ingredientes, \u00a1los mejores precios!","breadcrumb":{"@id":"https:\/\/mylipfiller.com\/dermaheal-stem-crum-hl-5-x-5ml\/#breadcrumb"},"inLanguage":"es","potentialAction":[{"@type":"ReadAction","target":["https:\/\/mylipfiller.com\/dermaheal-stem-crum-hl-5-x-5ml\/"]}]},{"@type":"ImageObject","inLanguage":"es","@id":"https:\/\/mylipfiller.com\/dermaheal-stem-crum-hl-5-x-5ml\/#primaryimage","url":"https:\/\/cdn.mylipfiller.com\/wp-content\/uploads\/2022\/01\/Dermaheal-Stem-Crum-HL.jpg","contentUrl":"https:\/\/cdn.mylipfiller.com\/wp-content\/uploads\/2022\/01\/Dermaheal-Stem-Crum-HL.jpg","width":600,"height":600,"caption":"Dermaheal Stem Crum HL"},{"@type":"BreadcrumbList","@id":"https:\/\/mylipfiller.com\/dermaheal-stem-crum-hl-5-x-5ml\/#breadcrumb","itemListElement":[{"@type":"ListItem","position":1,"name":"Home","item":"https:\/\/mylipfiller.com\/"},{"@type":"ListItem","position":2,"name":"Shop","item":"https:\/\/mylipfiller.com\/shop\/"},{"@type":"ListItem","position":3,"name":"Dermaheal Stem C\u2019rum HL (5 x 5ml)"}]},{"@type":"WebSite","@id":"https:\/\/mylipfiller.com\/#website","url":"https:\/\/mylipfiller.com\/","name":"Mi relleno de labios","description":"Rellenos d\u00e9rmicos y de labios con \u00e1cido hialur\u00f3nico","publisher":{"@id":"https:\/\/mylipfiller.com\/#organization"},"potentialAction":[{"@type":"SearchAction","target":{"@type":"EntryPoint","urlTemplate":"https:\/\/mylipfiller.com\/?s={search_term_string}"},"query-input":{"@type":"PropertyValueSpecification","valueRequired":true,"valueName":"search_term_string"}}],"inLanguage":"es"},{"@type":"Organization","@id":"https:\/\/mylipfiller.com\/#organization","name":"Mi relleno de labios","url":"https:\/\/mylipfiller.com\/","logo":{"@type":"ImageObject","inLanguage":"es","@id":"https:\/\/mylipfiller.com\/#\/schema\/logo\/image\/","url":"https:\/\/cdn.mylipfiller.com\/wp-content\/uploads\/2019\/02\/cropped-My-Lip-Filler-Logo.png","contentUrl":"https:\/\/cdn.mylipfiller.com\/wp-content\/uploads\/2019\/02\/cropped-My-Lip-Filler-Logo.png","width":240,"height":88,"caption":"My Lip Filler"},"image":{"@id":"https:\/\/mylipfiller.com\/#\/schema\/logo\/image\/"}}]}},"_links":{"self":[{"href":"https:\/\/mylipfiller.com\/es\/wp-json\/wp\/v2\/product\/32215","targetHints":{"allow":["GET"]}}],"collection":[{"href":"https:\/\/mylipfiller.com\/es\/wp-json\/wp\/v2\/product"}],"about":[{"href":"https:\/\/mylipfiller.com\/es\/wp-json\/wp\/v2\/types\/product"}],"wp:featuredmedia":[{"embeddable":true,"href":"https:\/\/mylipfiller.com\/es\/wp-json\/wp\/v2\/media\/32216"}],"wp:attachment":[{"href":"https:\/\/mylipfiller.com\/es\/wp-json\/wp\/v2\/media?parent=32215"}],"wp:term":[{"taxonomy":"product_brand","embeddable":true,"href":"https:\/\/mylipfiller.com\/es\/wp-json\/wp\/v2\/product_brand?post=32215"},{"taxonomy":"product_cat","embeddable":true,"href":"https:\/\/mylipfiller.com\/es\/wp-json\/wp\/v2\/product_cat?post=32215"},{"taxonomy":"product_tag","embeddable":true,"href":"https:\/\/mylipfiller.com\/es\/wp-json\/wp\/v2\/product_tag?post=32215"}],"curies":[{"name":"gracias","href":"https:\/\/api.w.org\/{rel}","templated":true}]}}