{"id":32217,"date":"2022-01-13T18:40:25","date_gmt":"2022-01-13T16:40:25","guid":{"rendered":"https:\/\/mylipfiller.com\/?post_type=product&#038;p=32217"},"modified":"2024-07-03T17:33:03","modified_gmt":"2024-07-03T15:33:03","slug":"dermaheal-stem-crum-sr-5-x-5ml","status":"publish","type":"product","link":"https:\/\/mylipfiller.com\/es\/dermaheal-stem-crum-sr-5-x-5ml\/","title":{"rendered":"Dermaheal Stem C&#039;rum SR (5 x 5ml)"},"content":{"rendered":"<p>Caregen son los l\u00edderes indiscutibles en Corea, cuando se trata de fabricar productos de mesoterapia altamente efectivos. Su l\u00ednea de soluciones cubre pr\u00e1cticamente cualquier forma de mesotratamiento. Sin embargo, los productos Stem C&#039;rum son diferentes. Basados en extracto de c\u00e9lulas madre derivadas de tejido adiposo, son mucho m\u00e1s potentes que la mayor\u00eda de las meso soluciones en la tarea de mejorar significativamente la condici\u00f3n general de la piel.<\/p>\n<h3>Dermaheal Stem C&#039;rum SR \u2013 Los efectos<\/h3>\n<p>Despu\u00e9s de un curso de tratamiento completo (la dosis recomendada es un vial por sesi\u00f3n, una vez a la semana), el paciente notar\u00e1 una mejora sustancial en la condici\u00f3n general de la piel, incluida una mejora significativa en la capacidad de la piel para mantenerse hidratada. Esto ayuda con la sequedad de la piel relacionada con la edad y el medio ambiente, pero tambi\u00e9n con el estilo de vida y el estr\u00e9s. Tambi\u00e9n se puede ver un aumento comprobado de la producci\u00f3n de col\u00e1geno de la piel, solo dos sesiones en el curso del tratamiento.<\/p>\n<p>Los p\u00e9ptidos de Dermaheal Stem C&#039;rum SR (sh-Oligop\u00e9ptido-1, sh-Oligop\u00e9ptido-2, sh-Polip\u00e9ptido-1, sh-Polip\u00e9ptido-2, sh-Polip\u00e9ptido-5, sh-Polip\u00e9ptido-11), abordan varios factores nocivos que afectan la piel y brindan excelentes resultados al potenciar las propiedades revitalizantes naturales de la piel, trabajando en sinergia con el extracto de c\u00e9lulas madre.<\/p>","protected":false},"excerpt":{"rendered":"<p>Dermaheal Stem C&#039;rum SR puede considerarse la versi\u00f3n avanzada de la soluci\u00f3n est\u00e1ndar de mesoterapia SR de Caregen. Combinando los poderosos efectos rejuvenecedores de la piel de los p\u00e9ptidos y combin\u00e1ndolos con las potentes propiedades curativas y revitalizantes de un extracto de c\u00e9lulas madre, este mesoproducto abordar\u00e1 un amplio espectro de problemas de la piel una vez aplicado. Desde las arrugas hasta la sequedad de la piel, resultados r\u00e1pidos de lograr, pero duraderos, est\u00e1n garantizados con esta mesoterapia restauradora de la piel.<\/p>","protected":false},"featured_media":32218,"template":"","meta":{"_acf_changed":false},"product_brand":[],"product_cat":[158,21,18],"product_tag":[138,111,147,145,143,139,137,149],"class_list":{"0":"post-32217","1":"product","2":"type-product","3":"status-publish","4":"has-post-thumbnail","6":"product_cat-caregen","7":"product_cat-dermaheal","8":"product_cat-mesotherapy","9":"product_tag-anti-aging","10":"product_tag-face","11":"product_tag-moisturizing","12":"product_tag-nourishing","13":"product_tag-rejuvenating","14":"product_tag-restoration","15":"product_tag-south-korea","16":"product_tag-volume-5-ml","18":"first","19":"outofstock","20":"taxable","21":"shipping-taxable","22":"purchasable","23":"product-type-simple"},"acf":[],"yoast_head":"<!-- This site is optimized with the Yoast SEO plugin v27.2 - https:\/\/yoast.com\/product\/yoast-seo-wordpress\/ -->\n<title>Buy Dermaheal Stem C\u2019rum SR (5 x 5ml) - Fillers from My Lip Filler<\/title>\n<meta name=\"description\" content=\"\u2765Buy Dermaheal Stem C\u2019rum SR (5 x 5ml) \u23e9 My Lip Filler online store \u27a6 Quality assurance, reviews, ingredients, best prices!\" \/>\n<meta name=\"robots\" content=\"index, follow, max-snippet:-1, max-image-preview:large, max-video-preview:-1\" \/>\n<link rel=\"canonical\" href=\"https:\/\/mylipfiller.com\/es\/dermaheal-stem-crum-sr-5-x-5ml\/\" \/>\n<meta property=\"og:locale\" content=\"es_MX\" \/>\n<meta property=\"og:type\" content=\"article\" \/>\n<meta property=\"og:title\" content=\"Buy Dermaheal Stem C\u2019rum SR (5 x 5ml) - Fillers from My Lip Filler\" \/>\n<meta property=\"og:description\" content=\"\u2765Buy Dermaheal Stem C\u2019rum SR (5 x 5ml) \u23e9 My Lip Filler online store \u27a6 Quality assurance, reviews, ingredients, best prices!\" \/>\n<meta property=\"og:url\" content=\"https:\/\/mylipfiller.com\/es\/dermaheal-stem-crum-sr-5-x-5ml\/\" \/>\n<meta property=\"og:site_name\" content=\"My Lip Filler\" \/>\n<meta property=\"article:modified_time\" content=\"2024-07-03T15:33:03+00:00\" \/>\n<meta property=\"og:image\" content=\"https:\/\/cdn.mylipfiller.com\/wp-content\/uploads\/2022\/01\/Dermaheal-Stem-Crum-SR.jpg\" \/>\n\t<meta property=\"og:image:width\" content=\"600\" \/>\n\t<meta property=\"og:image:height\" content=\"600\" \/>\n\t<meta property=\"og:image:type\" content=\"image\/jpeg\" \/>\n<meta name=\"twitter:card\" content=\"summary_large_image\" \/>\n<meta name=\"twitter:label1\" content=\"Tiempo de lectura\" \/>\n\t<meta name=\"twitter:data1\" content=\"1 minuto\" \/>\n<script type=\"application\/ld+json\" class=\"yoast-schema-graph\">{\"@context\":\"https:\/\/schema.org\",\"@graph\":[{\"@type\":\"WebPage\",\"@id\":\"https:\/\/mylipfiller.com\/dermaheal-stem-crum-sr-5-x-5ml\/\",\"url\":\"https:\/\/mylipfiller.com\/dermaheal-stem-crum-sr-5-x-5ml\/\",\"name\":\"Buy Dermaheal Stem C\u2019rum SR (5 x 5ml) - Fillers from My Lip Filler\",\"isPartOf\":{\"@id\":\"https:\/\/mylipfiller.com\/#website\"},\"primaryImageOfPage\":{\"@id\":\"https:\/\/mylipfiller.com\/dermaheal-stem-crum-sr-5-x-5ml\/#primaryimage\"},\"image\":{\"@id\":\"https:\/\/mylipfiller.com\/dermaheal-stem-crum-sr-5-x-5ml\/#primaryimage\"},\"thumbnailUrl\":\"https:\/\/cdn.mylipfiller.com\/wp-content\/uploads\/2022\/01\/Dermaheal-Stem-Crum-SR.jpg\",\"datePublished\":\"2022-01-13T16:40:25+00:00\",\"dateModified\":\"2024-07-03T15:33:03+00:00\",\"description\":\"\u2765Buy Dermaheal Stem C\u2019rum SR (5 x 5ml) \u23e9 My Lip Filler online store \u27a6 Quality assurance, reviews, ingredients, best prices!\",\"breadcrumb\":{\"@id\":\"https:\/\/mylipfiller.com\/dermaheal-stem-crum-sr-5-x-5ml\/#breadcrumb\"},\"inLanguage\":\"es\",\"potentialAction\":[{\"@type\":\"ReadAction\",\"target\":[\"https:\/\/mylipfiller.com\/dermaheal-stem-crum-sr-5-x-5ml\/\"]}]},{\"@type\":\"ImageObject\",\"inLanguage\":\"es\",\"@id\":\"https:\/\/mylipfiller.com\/dermaheal-stem-crum-sr-5-x-5ml\/#primaryimage\",\"url\":\"https:\/\/cdn.mylipfiller.com\/wp-content\/uploads\/2022\/01\/Dermaheal-Stem-Crum-SR.jpg\",\"contentUrl\":\"https:\/\/cdn.mylipfiller.com\/wp-content\/uploads\/2022\/01\/Dermaheal-Stem-Crum-SR.jpg\",\"width\":600,\"height\":600,\"caption\":\"Dermaheal Stem Crum SR\"},{\"@type\":\"BreadcrumbList\",\"@id\":\"https:\/\/mylipfiller.com\/dermaheal-stem-crum-sr-5-x-5ml\/#breadcrumb\",\"itemListElement\":[{\"@type\":\"ListItem\",\"position\":1,\"name\":\"Home\",\"item\":\"https:\/\/mylipfiller.com\/\"},{\"@type\":\"ListItem\",\"position\":2,\"name\":\"Shop\",\"item\":\"https:\/\/mylipfiller.com\/shop\/\"},{\"@type\":\"ListItem\",\"position\":3,\"name\":\"Dermaheal Stem C\u2019rum SR (5 x 5ml)\"}]},{\"@type\":\"WebSite\",\"@id\":\"https:\/\/mylipfiller.com\/#website\",\"url\":\"https:\/\/mylipfiller.com\/\",\"name\":\"My Lip Filler\",\"description\":\"Hyaluronic Acid Lip and Dermal Fillers\",\"publisher\":{\"@id\":\"https:\/\/mylipfiller.com\/#organization\"},\"potentialAction\":[{\"@type\":\"SearchAction\",\"target\":{\"@type\":\"EntryPoint\",\"urlTemplate\":\"https:\/\/mylipfiller.com\/?s={search_term_string}\"},\"query-input\":{\"@type\":\"PropertyValueSpecification\",\"valueRequired\":true,\"valueName\":\"search_term_string\"}}],\"inLanguage\":\"es\"},{\"@type\":\"Organization\",\"@id\":\"https:\/\/mylipfiller.com\/#organization\",\"name\":\"My Lip Filler\",\"url\":\"https:\/\/mylipfiller.com\/\",\"logo\":{\"@type\":\"ImageObject\",\"inLanguage\":\"es\",\"@id\":\"https:\/\/mylipfiller.com\/#\/schema\/logo\/image\/\",\"url\":\"https:\/\/cdn.mylipfiller.com\/wp-content\/uploads\/2019\/02\/cropped-My-Lip-Filler-Logo.png\",\"contentUrl\":\"https:\/\/cdn.mylipfiller.com\/wp-content\/uploads\/2019\/02\/cropped-My-Lip-Filler-Logo.png\",\"width\":240,\"height\":88,\"caption\":\"My Lip Filler\"},\"image\":{\"@id\":\"https:\/\/mylipfiller.com\/#\/schema\/logo\/image\/\"}}]}<\/script>\n<!-- \/ Yoast SEO plugin. -->","yoast_head_json":{"title":"Compre Dermaheal Stem C\u2019rum SR (5 x 5 ml) - Rellenos de My Lip Filler","description":"\u2765Compra Dermaheal Stem C\u2019rum SR (5 x 5ml) \u23e9 Tienda online My Lip Filler \u27a6 Garant\u00eda de calidad, rese\u00f1as, ingredientes, \u00a1los mejores precios!","robots":{"index":"index","follow":"follow","max-snippet":"max-snippet:-1","max-image-preview":"max-image-preview:large","max-video-preview":"max-video-preview:-1"},"canonical":"https:\/\/mylipfiller.com\/es\/dermaheal-stem-crum-sr-5-x-5ml\/","og_locale":"es_MX","og_type":"article","og_title":"Buy Dermaheal Stem C\u2019rum SR (5 x 5ml) - Fillers from My Lip Filler","og_description":"\u2765Buy Dermaheal Stem C\u2019rum SR (5 x 5ml) \u23e9 My Lip Filler online store \u27a6 Quality assurance, reviews, ingredients, best prices!","og_url":"https:\/\/mylipfiller.com\/es\/dermaheal-stem-crum-sr-5-x-5ml\/","og_site_name":"My Lip Filler","article_modified_time":"2024-07-03T15:33:03+00:00","og_image":[{"width":600,"height":600,"url":"https:\/\/cdn.mylipfiller.com\/wp-content\/uploads\/2022\/01\/Dermaheal-Stem-Crum-SR.jpg","type":"image\/jpeg"}],"twitter_card":"summary_large_image","twitter_misc":{"Tiempo de lectura":"1 minuto"},"schema":{"@context":"https:\/\/schema.org","@graph":[{"@type":"WebPage","@id":"https:\/\/mylipfiller.com\/dermaheal-stem-crum-sr-5-x-5ml\/","url":"https:\/\/mylipfiller.com\/dermaheal-stem-crum-sr-5-x-5ml\/","name":"Compre Dermaheal Stem C\u2019rum SR (5 x 5 ml) - Rellenos de My Lip Filler","isPartOf":{"@id":"https:\/\/mylipfiller.com\/#website"},"primaryImageOfPage":{"@id":"https:\/\/mylipfiller.com\/dermaheal-stem-crum-sr-5-x-5ml\/#primaryimage"},"image":{"@id":"https:\/\/mylipfiller.com\/dermaheal-stem-crum-sr-5-x-5ml\/#primaryimage"},"thumbnailUrl":"https:\/\/cdn.mylipfiller.com\/wp-content\/uploads\/2022\/01\/Dermaheal-Stem-Crum-SR.jpg","datePublished":"2022-01-13T16:40:25+00:00","dateModified":"2024-07-03T15:33:03+00:00","description":"\u2765Compra Dermaheal Stem C\u2019rum SR (5 x 5ml) \u23e9 Tienda online My Lip Filler \u27a6 Garant\u00eda de calidad, rese\u00f1as, ingredientes, \u00a1los mejores precios!","breadcrumb":{"@id":"https:\/\/mylipfiller.com\/dermaheal-stem-crum-sr-5-x-5ml\/#breadcrumb"},"inLanguage":"es","potentialAction":[{"@type":"ReadAction","target":["https:\/\/mylipfiller.com\/dermaheal-stem-crum-sr-5-x-5ml\/"]}]},{"@type":"ImageObject","inLanguage":"es","@id":"https:\/\/mylipfiller.com\/dermaheal-stem-crum-sr-5-x-5ml\/#primaryimage","url":"https:\/\/cdn.mylipfiller.com\/wp-content\/uploads\/2022\/01\/Dermaheal-Stem-Crum-SR.jpg","contentUrl":"https:\/\/cdn.mylipfiller.com\/wp-content\/uploads\/2022\/01\/Dermaheal-Stem-Crum-SR.jpg","width":600,"height":600,"caption":"Dermaheal Stem Crum SR"},{"@type":"BreadcrumbList","@id":"https:\/\/mylipfiller.com\/dermaheal-stem-crum-sr-5-x-5ml\/#breadcrumb","itemListElement":[{"@type":"ListItem","position":1,"name":"Home","item":"https:\/\/mylipfiller.com\/"},{"@type":"ListItem","position":2,"name":"Shop","item":"https:\/\/mylipfiller.com\/shop\/"},{"@type":"ListItem","position":3,"name":"Dermaheal Stem C\u2019rum SR (5 x 5ml)"}]},{"@type":"WebSite","@id":"https:\/\/mylipfiller.com\/#website","url":"https:\/\/mylipfiller.com\/","name":"Mi relleno de labios","description":"Rellenos d\u00e9rmicos y de labios con \u00e1cido hialur\u00f3nico","publisher":{"@id":"https:\/\/mylipfiller.com\/#organization"},"potentialAction":[{"@type":"SearchAction","target":{"@type":"EntryPoint","urlTemplate":"https:\/\/mylipfiller.com\/?s={search_term_string}"},"query-input":{"@type":"PropertyValueSpecification","valueRequired":true,"valueName":"search_term_string"}}],"inLanguage":"es"},{"@type":"Organization","@id":"https:\/\/mylipfiller.com\/#organization","name":"Mi relleno de labios","url":"https:\/\/mylipfiller.com\/","logo":{"@type":"ImageObject","inLanguage":"es","@id":"https:\/\/mylipfiller.com\/#\/schema\/logo\/image\/","url":"https:\/\/cdn.mylipfiller.com\/wp-content\/uploads\/2019\/02\/cropped-My-Lip-Filler-Logo.png","contentUrl":"https:\/\/cdn.mylipfiller.com\/wp-content\/uploads\/2019\/02\/cropped-My-Lip-Filler-Logo.png","width":240,"height":88,"caption":"My Lip Filler"},"image":{"@id":"https:\/\/mylipfiller.com\/#\/schema\/logo\/image\/"}}]}},"_links":{"self":[{"href":"https:\/\/mylipfiller.com\/es\/wp-json\/wp\/v2\/product\/32217","targetHints":{"allow":["GET"]}}],"collection":[{"href":"https:\/\/mylipfiller.com\/es\/wp-json\/wp\/v2\/product"}],"about":[{"href":"https:\/\/mylipfiller.com\/es\/wp-json\/wp\/v2\/types\/product"}],"wp:featuredmedia":[{"embeddable":true,"href":"https:\/\/mylipfiller.com\/es\/wp-json\/wp\/v2\/media\/32218"}],"wp:attachment":[{"href":"https:\/\/mylipfiller.com\/es\/wp-json\/wp\/v2\/media?parent=32217"}],"wp:term":[{"taxonomy":"product_brand","embeddable":true,"href":"https:\/\/mylipfiller.com\/es\/wp-json\/wp\/v2\/product_brand?post=32217"},{"taxonomy":"product_cat","embeddable":true,"href":"https:\/\/mylipfiller.com\/es\/wp-json\/wp\/v2\/product_cat?post=32217"},{"taxonomy":"product_tag","embeddable":true,"href":"https:\/\/mylipfiller.com\/es\/wp-json\/wp\/v2\/product_tag?post=32217"}],"curies":[{"name":"gracias","href":"https:\/\/api.w.org\/{rel}","templated":true}]}}