{"id":3558,"date":"2019-08-06T10:51:23","date_gmt":"2019-08-06T08:51:23","guid":{"rendered":"https:\/\/mylipfiller.com\/?post_type=product&#038;p=3558"},"modified":"2024-07-03T17:32:55","modified_gmt":"2024-07-03T15:32:55","slug":"beauty-friends-ii-lemon-essence-mask-sheet-pack","status":"publish","type":"product","link":"https:\/\/mylipfiller.com\/es\/beauty-friends-ii-lemon-essence-mask-sheet-pack\/","title":{"rendered":"Paquete de hojas de mascarilla de esencia de lim\u00f3n Beauty Friends II"},"content":{"rendered":"<h3>Un tratamiento completo para el cuidado de la piel<\/h3>\n<p>Un extracto purificado de frutas c\u00edtricas de lim\u00f3n sirve como ingrediente activo clave en el paquete de l\u00e1minas de mascarilla de esencia de lim\u00f3n. Contiene tanto <u>Vitamina C<\/u> que tiene un r\u00e1pido efecto anti-envejecimiento y el poder de mejorar la textura de la piel aumentando considerablemente su elasticidad.<\/p>\n<ul>\n<li>Reducci\u00f3n eficaz del acn\u00e9 y las cicatrices del acn\u00e9.<\/li>\n<li>Correcci\u00f3n garantizada del tono de piel.<\/li>\n<li>Eliminaci\u00f3n de puntos negros de forma r\u00e1pida<\/li>\n<li>Exfoliaci\u00f3n de c\u00e9lulas muertas sin complicaciones<\/li>\n<\/ul>\n<h3>Calentado o refrigerado: \u00bfc\u00f3mo usar correctamente esta mascarilla de hoja?<\/h3>\n<p>A diferencia de muchas otras mascarillas faciales para el hogar, el paquete de hojas de mascarilla de esencia de lim\u00f3n se puede aplicar sobre la piel fr\u00eda o caliente. <u>Para enfriarlo<\/u>, simplemente p\u00f3ngalo en el refrigerador y \u00faselo cuando alcance la temperatura deseada. <u>Para calentarlo,<\/u> ponga el paquete en agua tibia durante no m\u00e1s de 3 minutos. H\u00e1galo poco antes de pon\u00e9rselo. Cuando se enfr\u00eda, esta mascarilla de calidad ofrece una sensaci\u00f3n refrescante y, cuando se calienta, calma y relaja la piel. Limpia tu rostro antes de la aplicaci\u00f3n y deja actuar el producto durante media hora aproximadamente. Una vez que lo quite, no ser\u00e1 necesario que lo enjuague.<\/p>","protected":false},"excerpt":{"rendered":"<p>El paquete de hojas de m\u00e1scara de esencia de lim\u00f3n es una m\u00e1scara de hoja de vanguardia que <em>se dirige a una amplia gama de problemas de la piel<\/em> - desde puntos negros y acn\u00e9 hasta signos de envejecimiento y poros dilatados. Con su f\u00f3rmula a base de c\u00edtricos, tiene una s\u00f3lida capacidad de rejuvenecimiento cosm\u00e9tico. Compre este impresionante producto t\u00f3pico para el cuidado de la piel a trav\u00e9s de My Lip Filler para mejorar la elasticidad de su piel en la comodidad de su hogar ya un precio de ganga.<\/p>","protected":false},"featured_media":3581,"template":"","meta":{"_acf_changed":false},"product_brand":[],"product_cat":[53,155,54],"product_tag":[111,137],"class_list":{"0":"post-3558","1":"product","2":"type-product","3":"status-publish","4":"has-post-thumbnail","6":"product_cat-beauty-friends","7":"product_cat-coscoi","8":"product_cat-cosmetics","9":"product_tag-face","10":"product_tag-south-korea","12":"first","13":"outofstock","14":"taxable","15":"shipping-taxable","16":"purchasable","17":"product-type-simple"},"acf":[],"yoast_head":"<!-- This site is optimized with the Yoast SEO plugin v27.2 - https:\/\/yoast.com\/product\/yoast-seo-wordpress\/ -->\n<title>Buy Beauty Friends II Lemon Essence Mask Sheet Pack - Fillers from My Lip Filler<\/title>\n<meta name=\"description\" content=\"\u2765Buy Beauty Friends II Lemon Essence Mask Sheet Pack \u23e9 My Lip Filler online store \u27a6 Quality assurance, reviews, ingredients, best prices!\" \/>\n<meta name=\"robots\" content=\"index, follow, max-snippet:-1, max-image-preview:large, max-video-preview:-1\" \/>\n<link rel=\"canonical\" href=\"https:\/\/mylipfiller.com\/es\/beauty-friends-ii-lemon-essence-mask-sheet-pack\/\" \/>\n<meta property=\"og:locale\" content=\"es_MX\" \/>\n<meta property=\"og:type\" content=\"article\" \/>\n<meta property=\"og:title\" content=\"Buy Beauty Friends II Lemon Essence Mask Sheet Pack - Fillers from My Lip Filler\" \/>\n<meta property=\"og:description\" content=\"\u2765Buy Beauty Friends II Lemon Essence Mask Sheet Pack \u23e9 My Lip Filler online store \u27a6 Quality assurance, reviews, ingredients, best prices!\" \/>\n<meta property=\"og:url\" content=\"https:\/\/mylipfiller.com\/es\/beauty-friends-ii-lemon-essence-mask-sheet-pack\/\" \/>\n<meta property=\"og:site_name\" content=\"My Lip Filler\" \/>\n<meta property=\"article:modified_time\" content=\"2024-07-03T15:32:55+00:00\" \/>\n<meta property=\"og:image\" content=\"https:\/\/cdn.mylipfiller.com\/wp-content\/uploads\/2019\/08\/Lemon.jpg\" \/>\n\t<meta property=\"og:image:width\" content=\"450\" \/>\n\t<meta property=\"og:image:height\" content=\"450\" \/>\n\t<meta property=\"og:image:type\" content=\"image\/jpeg\" \/>\n<meta name=\"twitter:card\" content=\"summary_large_image\" \/>\n<meta name=\"twitter:label1\" content=\"Tiempo de lectura\" \/>\n\t<meta name=\"twitter:data1\" content=\"2 minutos\" \/>\n<script type=\"application\/ld+json\" class=\"yoast-schema-graph\">{\"@context\":\"https:\/\/schema.org\",\"@graph\":[{\"@type\":\"WebPage\",\"@id\":\"https:\/\/mylipfiller.com\/beauty-friends-ii-lemon-essence-mask-sheet-pack\/\",\"url\":\"https:\/\/mylipfiller.com\/beauty-friends-ii-lemon-essence-mask-sheet-pack\/\",\"name\":\"Buy Beauty Friends II Lemon Essence Mask Sheet Pack - Fillers from My Lip Filler\",\"isPartOf\":{\"@id\":\"https:\/\/mylipfiller.com\/#website\"},\"primaryImageOfPage\":{\"@id\":\"https:\/\/mylipfiller.com\/beauty-friends-ii-lemon-essence-mask-sheet-pack\/#primaryimage\"},\"image\":{\"@id\":\"https:\/\/mylipfiller.com\/beauty-friends-ii-lemon-essence-mask-sheet-pack\/#primaryimage\"},\"thumbnailUrl\":\"https:\/\/cdn.mylipfiller.com\/wp-content\/uploads\/2019\/08\/Lemon.jpg\",\"datePublished\":\"2019-08-06T08:51:23+00:00\",\"dateModified\":\"2024-07-03T15:32:55+00:00\",\"description\":\"\u2765Buy Beauty Friends II Lemon Essence Mask Sheet Pack \u23e9 My Lip Filler online store \u27a6 Quality assurance, reviews, ingredients, best prices!\",\"breadcrumb\":{\"@id\":\"https:\/\/mylipfiller.com\/beauty-friends-ii-lemon-essence-mask-sheet-pack\/#breadcrumb\"},\"inLanguage\":\"es\",\"potentialAction\":[{\"@type\":\"ReadAction\",\"target\":[\"https:\/\/mylipfiller.com\/beauty-friends-ii-lemon-essence-mask-sheet-pack\/\"]}]},{\"@type\":\"ImageObject\",\"inLanguage\":\"es\",\"@id\":\"https:\/\/mylipfiller.com\/beauty-friends-ii-lemon-essence-mask-sheet-pack\/#primaryimage\",\"url\":\"https:\/\/cdn.mylipfiller.com\/wp-content\/uploads\/2019\/08\/Lemon.jpg\",\"contentUrl\":\"https:\/\/cdn.mylipfiller.com\/wp-content\/uploads\/2019\/08\/Lemon.jpg\",\"width\":450,\"height\":450,\"caption\":\"Lemon\"},{\"@type\":\"BreadcrumbList\",\"@id\":\"https:\/\/mylipfiller.com\/beauty-friends-ii-lemon-essence-mask-sheet-pack\/#breadcrumb\",\"itemListElement\":[{\"@type\":\"ListItem\",\"position\":1,\"name\":\"Home\",\"item\":\"https:\/\/mylipfiller.com\/\"},{\"@type\":\"ListItem\",\"position\":2,\"name\":\"Shop\",\"item\":\"https:\/\/mylipfiller.com\/shop\/\"},{\"@type\":\"ListItem\",\"position\":3,\"name\":\"Beauty Friends II Lemon Essence Mask Sheet Pack\"}]},{\"@type\":\"WebSite\",\"@id\":\"https:\/\/mylipfiller.com\/#website\",\"url\":\"https:\/\/mylipfiller.com\/\",\"name\":\"My Lip Filler\",\"description\":\"Hyaluronic Acid Lip and Dermal Fillers\",\"publisher\":{\"@id\":\"https:\/\/mylipfiller.com\/#organization\"},\"potentialAction\":[{\"@type\":\"SearchAction\",\"target\":{\"@type\":\"EntryPoint\",\"urlTemplate\":\"https:\/\/mylipfiller.com\/?s={search_term_string}\"},\"query-input\":{\"@type\":\"PropertyValueSpecification\",\"valueRequired\":true,\"valueName\":\"search_term_string\"}}],\"inLanguage\":\"es\"},{\"@type\":\"Organization\",\"@id\":\"https:\/\/mylipfiller.com\/#organization\",\"name\":\"My Lip Filler\",\"url\":\"https:\/\/mylipfiller.com\/\",\"logo\":{\"@type\":\"ImageObject\",\"inLanguage\":\"es\",\"@id\":\"https:\/\/mylipfiller.com\/#\/schema\/logo\/image\/\",\"url\":\"https:\/\/cdn.mylipfiller.com\/wp-content\/uploads\/2019\/02\/cropped-My-Lip-Filler-Logo.png\",\"contentUrl\":\"https:\/\/cdn.mylipfiller.com\/wp-content\/uploads\/2019\/02\/cropped-My-Lip-Filler-Logo.png\",\"width\":240,\"height\":88,\"caption\":\"My Lip Filler\"},\"image\":{\"@id\":\"https:\/\/mylipfiller.com\/#\/schema\/logo\/image\/\"}}]}<\/script>\n<!-- \/ Yoast SEO plugin. -->","yoast_head_json":{"title":"Compre el paquete de hojas de mascarilla con esencia de lim\u00f3n Beauty Friends II - Rellenos de My Lip Filler","description":"\u2765Compre Beauty Friends II Paquete de hojas de mascarilla con esencia de lim\u00f3n \u23e9 Tienda online My Lip Filler \u27a6 Garant\u00eda de calidad, rese\u00f1as, ingredientes, \u00a1los mejores precios!","robots":{"index":"index","follow":"follow","max-snippet":"max-snippet:-1","max-image-preview":"max-image-preview:large","max-video-preview":"max-video-preview:-1"},"canonical":"https:\/\/mylipfiller.com\/es\/beauty-friends-ii-lemon-essence-mask-sheet-pack\/","og_locale":"es_MX","og_type":"article","og_title":"Buy Beauty Friends II Lemon Essence Mask Sheet Pack - Fillers from My Lip Filler","og_description":"\u2765Buy Beauty Friends II Lemon Essence Mask Sheet Pack \u23e9 My Lip Filler online store \u27a6 Quality assurance, reviews, ingredients, best prices!","og_url":"https:\/\/mylipfiller.com\/es\/beauty-friends-ii-lemon-essence-mask-sheet-pack\/","og_site_name":"My Lip Filler","article_modified_time":"2024-07-03T15:32:55+00:00","og_image":[{"width":450,"height":450,"url":"https:\/\/cdn.mylipfiller.com\/wp-content\/uploads\/2019\/08\/Lemon.jpg","type":"image\/jpeg"}],"twitter_card":"summary_large_image","twitter_misc":{"Tiempo de lectura":"2 minutos"},"schema":{"@context":"https:\/\/schema.org","@graph":[{"@type":"WebPage","@id":"https:\/\/mylipfiller.com\/beauty-friends-ii-lemon-essence-mask-sheet-pack\/","url":"https:\/\/mylipfiller.com\/beauty-friends-ii-lemon-essence-mask-sheet-pack\/","name":"Compre el paquete de hojas de mascarilla con esencia de lim\u00f3n Beauty Friends II - Rellenos de My Lip Filler","isPartOf":{"@id":"https:\/\/mylipfiller.com\/#website"},"primaryImageOfPage":{"@id":"https:\/\/mylipfiller.com\/beauty-friends-ii-lemon-essence-mask-sheet-pack\/#primaryimage"},"image":{"@id":"https:\/\/mylipfiller.com\/beauty-friends-ii-lemon-essence-mask-sheet-pack\/#primaryimage"},"thumbnailUrl":"https:\/\/cdn.mylipfiller.com\/wp-content\/uploads\/2019\/08\/Lemon.jpg","datePublished":"2019-08-06T08:51:23+00:00","dateModified":"2024-07-03T15:32:55+00:00","description":"\u2765Compre Beauty Friends II Paquete de hojas de mascarilla con esencia de lim\u00f3n \u23e9 Tienda online My Lip Filler \u27a6 Garant\u00eda de calidad, rese\u00f1as, ingredientes, \u00a1los mejores precios!","breadcrumb":{"@id":"https:\/\/mylipfiller.com\/beauty-friends-ii-lemon-essence-mask-sheet-pack\/#breadcrumb"},"inLanguage":"es","potentialAction":[{"@type":"ReadAction","target":["https:\/\/mylipfiller.com\/beauty-friends-ii-lemon-essence-mask-sheet-pack\/"]}]},{"@type":"ImageObject","inLanguage":"es","@id":"https:\/\/mylipfiller.com\/beauty-friends-ii-lemon-essence-mask-sheet-pack\/#primaryimage","url":"https:\/\/cdn.mylipfiller.com\/wp-content\/uploads\/2019\/08\/Lemon.jpg","contentUrl":"https:\/\/cdn.mylipfiller.com\/wp-content\/uploads\/2019\/08\/Lemon.jpg","width":450,"height":450,"caption":"Lemon"},{"@type":"BreadcrumbList","@id":"https:\/\/mylipfiller.com\/beauty-friends-ii-lemon-essence-mask-sheet-pack\/#breadcrumb","itemListElement":[{"@type":"ListItem","position":1,"name":"Home","item":"https:\/\/mylipfiller.com\/"},{"@type":"ListItem","position":2,"name":"Shop","item":"https:\/\/mylipfiller.com\/shop\/"},{"@type":"ListItem","position":3,"name":"Beauty Friends II Lemon Essence Mask Sheet Pack"}]},{"@type":"WebSite","@id":"https:\/\/mylipfiller.com\/#website","url":"https:\/\/mylipfiller.com\/","name":"Mi relleno de labios","description":"Rellenos d\u00e9rmicos y de labios con \u00e1cido hialur\u00f3nico","publisher":{"@id":"https:\/\/mylipfiller.com\/#organization"},"potentialAction":[{"@type":"SearchAction","target":{"@type":"EntryPoint","urlTemplate":"https:\/\/mylipfiller.com\/?s={search_term_string}"},"query-input":{"@type":"PropertyValueSpecification","valueRequired":true,"valueName":"search_term_string"}}],"inLanguage":"es"},{"@type":"Organization","@id":"https:\/\/mylipfiller.com\/#organization","name":"Mi relleno de labios","url":"https:\/\/mylipfiller.com\/","logo":{"@type":"ImageObject","inLanguage":"es","@id":"https:\/\/mylipfiller.com\/#\/schema\/logo\/image\/","url":"https:\/\/cdn.mylipfiller.com\/wp-content\/uploads\/2019\/02\/cropped-My-Lip-Filler-Logo.png","contentUrl":"https:\/\/cdn.mylipfiller.com\/wp-content\/uploads\/2019\/02\/cropped-My-Lip-Filler-Logo.png","width":240,"height":88,"caption":"My Lip Filler"},"image":{"@id":"https:\/\/mylipfiller.com\/#\/schema\/logo\/image\/"}}]}},"_links":{"self":[{"href":"https:\/\/mylipfiller.com\/es\/wp-json\/wp\/v2\/product\/3558","targetHints":{"allow":["GET"]}}],"collection":[{"href":"https:\/\/mylipfiller.com\/es\/wp-json\/wp\/v2\/product"}],"about":[{"href":"https:\/\/mylipfiller.com\/es\/wp-json\/wp\/v2\/types\/product"}],"wp:featuredmedia":[{"embeddable":true,"href":"https:\/\/mylipfiller.com\/es\/wp-json\/wp\/v2\/media\/3581"}],"wp:attachment":[{"href":"https:\/\/mylipfiller.com\/es\/wp-json\/wp\/v2\/media?parent=3558"}],"wp:term":[{"taxonomy":"product_brand","embeddable":true,"href":"https:\/\/mylipfiller.com\/es\/wp-json\/wp\/v2\/product_brand?post=3558"},{"taxonomy":"product_cat","embeddable":true,"href":"https:\/\/mylipfiller.com\/es\/wp-json\/wp\/v2\/product_cat?post=3558"},{"taxonomy":"product_tag","embeddable":true,"href":"https:\/\/mylipfiller.com\/es\/wp-json\/wp\/v2\/product_tag?post=3558"}],"curies":[{"name":"gracias","href":"https:\/\/api.w.org\/{rel}","templated":true}]}}