{"id":3593,"date":"2019-08-06T11:12:42","date_gmt":"2019-08-06T09:12:42","guid":{"rendered":"https:\/\/mylipfiller.com\/?post_type=product&#038;p=3593"},"modified":"2024-07-03T17:32:54","modified_gmt":"2024-07-03T15:32:54","slug":"beauty-friends-ii-marine-algae-essence-mask-sheet-pack","status":"publish","type":"product","link":"https:\/\/mylipfiller.com\/es\/beauty-friends-ii-marine-algae-essence-mask-sheet-pack\/","title":{"rendered":"Paquete de hojas de mascarilla de esencia de algas marinas Beauty Friends II"},"content":{"rendered":"<h3>\u00bfQu\u00e9 hace esta m\u00e1scara de hoja de primera categor\u00eda?<\/h3>\n<p>La f\u00f3rmula \u00fanica de Marine Algae Essence Mask Sheet Pack se basa en un extracto de algas marinas, un tipo de alga que ha existido durante miles de millones de a\u00f1os y sus excepcionales habilidades para el cuidado de la piel se conocen desde la antig\u00fcedad. Gracias a este ingrediente especial, esta mascarilla facial optimizada es <u>abundantes son valiosos minerales, vitaminas y nutrientes<\/u> algunos de los cuales son:<\/p>\n<ul>\n<li>Zinc<\/li>\n<li>Vitaminas A, B, C, D, E y K<\/li>\n<li>Cobre<\/li>\n<li>Calcio<\/li>\n<li>F\u00f3sforo<\/li>\n<li>Planchar<\/li>\n<li>Magnesio<\/li>\n<li>Yodo<\/li>\n<li>Potasio<\/li>\n<\/ul>\n<p>Dada esta larga lista de s\u00faper ingredientes, no deber\u00eda sorprender que este producto cosm\u00e9tico f\u00e1cil de usar tenga m\u00e1s de una propiedades asombrosas para el cuidado de la piel. Para empezar, la mezcla de vitaminas en su composici\u00f3n le permite <strong>tonifica, hidrata y rellena la piel<\/strong> de la cara. Adem\u00e1s, esta mascarilla en l\u00e1mina de primera categor\u00eda de Beauty Friends es conocida por sus efectos antienvejecimiento, ya que tambi\u00e9n <u>corrige varios signos del envejecimiento<\/u>.<\/p>\n<h3>\u00bfQui\u00e9n debe evitar el uso de este producto?<\/h3>\n<p>Esta es una mascarilla de hoja muy confiable que es <em>seguro de usar en todo tipo de piel<\/em> tanto por hombres como por mujeres de diferentes edades. No obstante, si despu\u00e9s de usar este producto experimenta sensaciones desagradables y efectos secundarios como enrojecimiento, picor, hinchaz\u00f3n, etc., es recomendable dejar de aplicarlo. Las personas que padecen dermatitis y que tengan una herida en la zona de aplicaci\u00f3n tambi\u00e9n deben evitar el uso de este producto.<\/p>","protected":false},"excerpt":{"rendered":"<p>El paquete de hojas de mascarilla de esencia de algas marinas es un <u>mascarilla facial de primera calidad<\/u> dise\u00f1ado y fabricado por la notable marca coreana Beauty Friends. Con \u00e9l, puede disfrutar de una desintoxicaci\u00f3n de la piel econ\u00f3mica y orientada a resultados. Este producto de belleza excepcional es especialmente adecuado para personas con piel sensible y tiene <em>rejuvenecimiento cosm\u00e9tico garantizado<\/em> propiedades. P\u00eddelo a trav\u00e9s de My Lip Filler para experimentar sus impresionantes poderes de hidrataci\u00f3n y limpieza.<\/p>","protected":false},"featured_media":3582,"template":"","meta":{"_acf_changed":false},"product_brand":[],"product_cat":[53,155,54],"product_tag":[111,137],"class_list":{"0":"post-3593","1":"product","2":"type-product","3":"status-publish","4":"has-post-thumbnail","6":"product_cat-beauty-friends","7":"product_cat-coscoi","8":"product_cat-cosmetics","9":"product_tag-face","10":"product_tag-south-korea","12":"first","13":"outofstock","14":"taxable","15":"shipping-taxable","16":"purchasable","17":"product-type-simple"},"acf":[],"yoast_head":"<!-- This site is optimized with the Yoast SEO plugin v27.4 - https:\/\/yoast.com\/product\/yoast-seo-wordpress\/ -->\n<title>Buy Beauty Friends II Marine Algae Essence Mask Sheet Pack - Fillers from My Lip Filler<\/title>\n<meta name=\"description\" content=\"\u2765Buy Beauty Friends II Marine Algae Essence Mask Sheet Pack \u23e9 My Lip Filler online store \u27a6 Quality assurance, reviews, ingredients, best prices!\" \/>\n<meta name=\"robots\" content=\"index, follow, max-snippet:-1, max-image-preview:large, max-video-preview:-1\" \/>\n<link rel=\"canonical\" href=\"https:\/\/mylipfiller.com\/es\/beauty-friends-ii-marine-algae-essence-mask-sheet-pack\/\" \/>\n<meta property=\"og:locale\" content=\"es_MX\" \/>\n<meta property=\"og:type\" content=\"article\" \/>\n<meta property=\"og:title\" content=\"Buy Beauty Friends II Marine Algae Essence Mask Sheet Pack - Fillers from My Lip Filler\" \/>\n<meta property=\"og:description\" content=\"\u2765Buy Beauty Friends II Marine Algae Essence Mask Sheet Pack \u23e9 My Lip Filler online store \u27a6 Quality assurance, reviews, ingredients, best prices!\" \/>\n<meta property=\"og:url\" content=\"https:\/\/mylipfiller.com\/es\/beauty-friends-ii-marine-algae-essence-mask-sheet-pack\/\" \/>\n<meta property=\"og:site_name\" content=\"My Lip Filler\" \/>\n<meta property=\"article:modified_time\" content=\"2024-07-03T15:32:54+00:00\" \/>\n<meta property=\"og:image\" content=\"https:\/\/cdn.mylipfiller.com\/wp-content\/uploads\/2019\/08\/Marine-Algae.jpg\" \/>\n\t<meta property=\"og:image:width\" content=\"450\" \/>\n\t<meta property=\"og:image:height\" content=\"450\" \/>\n\t<meta property=\"og:image:type\" content=\"image\/jpeg\" \/>\n<meta name=\"twitter:card\" content=\"summary_large_image\" \/>\n<meta name=\"twitter:label1\" content=\"Tiempo de lectura\" \/>\n\t<meta name=\"twitter:data1\" content=\"2 minutos\" \/>\n<script type=\"application\/ld+json\" class=\"yoast-schema-graph\">{\"@context\":\"https:\\\/\\\/schema.org\",\"@graph\":[{\"@type\":\"WebPage\",\"@id\":\"https:\\\/\\\/mylipfiller.com\\\/beauty-friends-ii-marine-algae-essence-mask-sheet-pack\\\/\",\"url\":\"https:\\\/\\\/mylipfiller.com\\\/beauty-friends-ii-marine-algae-essence-mask-sheet-pack\\\/\",\"name\":\"Buy Beauty Friends II Marine Algae Essence Mask Sheet Pack - Fillers from My Lip Filler\",\"isPartOf\":{\"@id\":\"https:\\\/\\\/mylipfiller.com\\\/#website\"},\"primaryImageOfPage\":{\"@id\":\"https:\\\/\\\/mylipfiller.com\\\/beauty-friends-ii-marine-algae-essence-mask-sheet-pack\\\/#primaryimage\"},\"image\":{\"@id\":\"https:\\\/\\\/mylipfiller.com\\\/beauty-friends-ii-marine-algae-essence-mask-sheet-pack\\\/#primaryimage\"},\"thumbnailUrl\":\"https:\\\/\\\/mylipfiller.com\\\/wp-content\\\/uploads\\\/2019\\\/08\\\/Marine-Algae.jpg\",\"datePublished\":\"2019-08-06T09:12:42+00:00\",\"dateModified\":\"2024-07-03T15:32:54+00:00\",\"description\":\"\u2765Buy Beauty Friends II Marine Algae Essence Mask Sheet Pack \u23e9 My Lip Filler online store \u27a6 Quality assurance, reviews, ingredients, best prices!\",\"breadcrumb\":{\"@id\":\"https:\\\/\\\/mylipfiller.com\\\/beauty-friends-ii-marine-algae-essence-mask-sheet-pack\\\/#breadcrumb\"},\"inLanguage\":\"es\",\"potentialAction\":[{\"@type\":\"ReadAction\",\"target\":[\"https:\\\/\\\/mylipfiller.com\\\/beauty-friends-ii-marine-algae-essence-mask-sheet-pack\\\/\"]}]},{\"@type\":\"ImageObject\",\"inLanguage\":\"es\",\"@id\":\"https:\\\/\\\/mylipfiller.com\\\/beauty-friends-ii-marine-algae-essence-mask-sheet-pack\\\/#primaryimage\",\"url\":\"https:\\\/\\\/mylipfiller.com\\\/wp-content\\\/uploads\\\/2019\\\/08\\\/Marine-Algae.jpg\",\"contentUrl\":\"https:\\\/\\\/mylipfiller.com\\\/wp-content\\\/uploads\\\/2019\\\/08\\\/Marine-Algae.jpg\",\"width\":450,\"height\":450,\"caption\":\"Marine Algae\"},{\"@type\":\"BreadcrumbList\",\"@id\":\"https:\\\/\\\/mylipfiller.com\\\/beauty-friends-ii-marine-algae-essence-mask-sheet-pack\\\/#breadcrumb\",\"itemListElement\":[{\"@type\":\"ListItem\",\"position\":1,\"name\":\"Home\",\"item\":\"https:\\\/\\\/mylipfiller.com\\\/\"},{\"@type\":\"ListItem\",\"position\":2,\"name\":\"Shop\",\"item\":\"https:\\\/\\\/mylipfiller.com\\\/shop\\\/\"},{\"@type\":\"ListItem\",\"position\":3,\"name\":\"Beauty Friends II Marine Algae Essence Mask Sheet Pack\"}]},{\"@type\":\"WebSite\",\"@id\":\"https:\\\/\\\/mylipfiller.com\\\/#website\",\"url\":\"https:\\\/\\\/mylipfiller.com\\\/\",\"name\":\"My Lip Filler\",\"description\":\"Hyaluronic Acid Lip and Dermal Fillers\",\"publisher\":{\"@id\":\"https:\\\/\\\/mylipfiller.com\\\/#organization\"},\"potentialAction\":[{\"@type\":\"SearchAction\",\"target\":{\"@type\":\"EntryPoint\",\"urlTemplate\":\"https:\\\/\\\/mylipfiller.com\\\/?s={search_term_string}\"},\"query-input\":{\"@type\":\"PropertyValueSpecification\",\"valueRequired\":true,\"valueName\":\"search_term_string\"}}],\"inLanguage\":\"es\"},{\"@type\":\"Organization\",\"@id\":\"https:\\\/\\\/mylipfiller.com\\\/#organization\",\"name\":\"My Lip Filler\",\"url\":\"https:\\\/\\\/mylipfiller.com\\\/\",\"logo\":{\"@type\":\"ImageObject\",\"inLanguage\":\"es\",\"@id\":\"https:\\\/\\\/mylipfiller.com\\\/#\\\/schema\\\/logo\\\/image\\\/\",\"url\":\"https:\\\/\\\/mylipfiller.com\\\/wp-content\\\/uploads\\\/2019\\\/02\\\/cropped-My-Lip-Filler-Logo.png\",\"contentUrl\":\"https:\\\/\\\/mylipfiller.com\\\/wp-content\\\/uploads\\\/2019\\\/02\\\/cropped-My-Lip-Filler-Logo.png\",\"width\":240,\"height\":88,\"caption\":\"My Lip Filler\"},\"image\":{\"@id\":\"https:\\\/\\\/mylipfiller.com\\\/#\\\/schema\\\/logo\\\/image\\\/\"}}]}<\/script>\n<!-- \/ Yoast SEO plugin. -->","yoast_head_json":{"title":"Compre paquete de hojas de mascarilla con esencia de algas marinas Beauty Friends II - Rellenos de My Lip Filler","description":"\u2765Compre Beauty Friends II Paquete de hojas de mascarilla con esencia de algas marinas \u23e9 Tienda en l\u00ednea My Lip Filler \u27a6 Garant\u00eda de calidad, rese\u00f1as, ingredientes, \u00a1los mejores precios!","robots":{"index":"index","follow":"follow","max-snippet":"max-snippet:-1","max-image-preview":"max-image-preview:large","max-video-preview":"max-video-preview:-1"},"canonical":"https:\/\/mylipfiller.com\/es\/beauty-friends-ii-marine-algae-essence-mask-sheet-pack\/","og_locale":"es_MX","og_type":"article","og_title":"Buy Beauty Friends II Marine Algae Essence Mask Sheet Pack - Fillers from My Lip Filler","og_description":"\u2765Buy Beauty Friends II Marine Algae Essence Mask Sheet Pack \u23e9 My Lip Filler online store \u27a6 Quality assurance, reviews, ingredients, best prices!","og_url":"https:\/\/mylipfiller.com\/es\/beauty-friends-ii-marine-algae-essence-mask-sheet-pack\/","og_site_name":"My Lip Filler","article_modified_time":"2024-07-03T15:32:54+00:00","og_image":[{"width":450,"height":450,"url":"https:\/\/cdn.mylipfiller.com\/wp-content\/uploads\/2019\/08\/Marine-Algae.jpg","type":"image\/jpeg"}],"twitter_card":"summary_large_image","twitter_misc":{"Tiempo de lectura":"2 minutos"},"schema":{"@context":"https:\/\/schema.org","@graph":[{"@type":"WebPage","@id":"https:\/\/mylipfiller.com\/beauty-friends-ii-marine-algae-essence-mask-sheet-pack\/","url":"https:\/\/mylipfiller.com\/beauty-friends-ii-marine-algae-essence-mask-sheet-pack\/","name":"Compre paquete de hojas de mascarilla con esencia de algas marinas Beauty Friends II - Rellenos de My Lip Filler","isPartOf":{"@id":"https:\/\/mylipfiller.com\/#website"},"primaryImageOfPage":{"@id":"https:\/\/mylipfiller.com\/beauty-friends-ii-marine-algae-essence-mask-sheet-pack\/#primaryimage"},"image":{"@id":"https:\/\/mylipfiller.com\/beauty-friends-ii-marine-algae-essence-mask-sheet-pack\/#primaryimage"},"thumbnailUrl":"https:\/\/cdn.mylipfiller.com\/wp-content\/uploads\/2019\/08\/Marine-Algae.jpg","datePublished":"2019-08-06T09:12:42+00:00","dateModified":"2024-07-03T15:32:54+00:00","description":"\u2765Compre Beauty Friends II Paquete de hojas de mascarilla con esencia de algas marinas \u23e9 Tienda en l\u00ednea My Lip Filler \u27a6 Garant\u00eda de calidad, rese\u00f1as, ingredientes, \u00a1los mejores precios!","breadcrumb":{"@id":"https:\/\/mylipfiller.com\/beauty-friends-ii-marine-algae-essence-mask-sheet-pack\/#breadcrumb"},"inLanguage":"es","potentialAction":[{"@type":"ReadAction","target":["https:\/\/mylipfiller.com\/beauty-friends-ii-marine-algae-essence-mask-sheet-pack\/"]}]},{"@type":"ImageObject","inLanguage":"es","@id":"https:\/\/mylipfiller.com\/beauty-friends-ii-marine-algae-essence-mask-sheet-pack\/#primaryimage","url":"https:\/\/cdn.mylipfiller.com\/wp-content\/uploads\/2019\/08\/Marine-Algae.jpg","contentUrl":"https:\/\/cdn.mylipfiller.com\/wp-content\/uploads\/2019\/08\/Marine-Algae.jpg","width":450,"height":450,"caption":"Marine Algae"},{"@type":"BreadcrumbList","@id":"https:\/\/mylipfiller.com\/beauty-friends-ii-marine-algae-essence-mask-sheet-pack\/#breadcrumb","itemListElement":[{"@type":"ListItem","position":1,"name":"Home","item":"https:\/\/mylipfiller.com\/"},{"@type":"ListItem","position":2,"name":"Shop","item":"https:\/\/mylipfiller.com\/shop\/"},{"@type":"ListItem","position":3,"name":"Beauty Friends II Marine Algae Essence Mask Sheet Pack"}]},{"@type":"WebSite","@id":"https:\/\/mylipfiller.com\/#website","url":"https:\/\/mylipfiller.com\/","name":"Mi relleno de labios","description":"Rellenos d\u00e9rmicos y de labios con \u00e1cido hialur\u00f3nico","publisher":{"@id":"https:\/\/mylipfiller.com\/#organization"},"potentialAction":[{"@type":"SearchAction","target":{"@type":"EntryPoint","urlTemplate":"https:\/\/mylipfiller.com\/?s={search_term_string}"},"query-input":{"@type":"PropertyValueSpecification","valueRequired":true,"valueName":"search_term_string"}}],"inLanguage":"es"},{"@type":"Organization","@id":"https:\/\/mylipfiller.com\/#organization","name":"Mi relleno de labios","url":"https:\/\/mylipfiller.com\/","logo":{"@type":"ImageObject","inLanguage":"es","@id":"https:\/\/mylipfiller.com\/#\/schema\/logo\/image\/","url":"https:\/\/cdn.mylipfiller.com\/wp-content\/uploads\/2019\/02\/cropped-My-Lip-Filler-Logo.png","contentUrl":"https:\/\/cdn.mylipfiller.com\/wp-content\/uploads\/2019\/02\/cropped-My-Lip-Filler-Logo.png","width":240,"height":88,"caption":"My Lip Filler"},"image":{"@id":"https:\/\/mylipfiller.com\/#\/schema\/logo\/image\/"}}]}},"_links":{"self":[{"href":"https:\/\/mylipfiller.com\/es\/wp-json\/wp\/v2\/product\/3593","targetHints":{"allow":["GET"]}}],"collection":[{"href":"https:\/\/mylipfiller.com\/es\/wp-json\/wp\/v2\/product"}],"about":[{"href":"https:\/\/mylipfiller.com\/es\/wp-json\/wp\/v2\/types\/product"}],"wp:featuredmedia":[{"embeddable":true,"href":"https:\/\/mylipfiller.com\/es\/wp-json\/wp\/v2\/media\/3582"}],"wp:attachment":[{"href":"https:\/\/mylipfiller.com\/es\/wp-json\/wp\/v2\/media?parent=3593"}],"wp:term":[{"taxonomy":"product_brand","embeddable":true,"href":"https:\/\/mylipfiller.com\/es\/wp-json\/wp\/v2\/product_brand?post=3593"},{"taxonomy":"product_cat","embeddable":true,"href":"https:\/\/mylipfiller.com\/es\/wp-json\/wp\/v2\/product_cat?post=3593"},{"taxonomy":"product_tag","embeddable":true,"href":"https:\/\/mylipfiller.com\/es\/wp-json\/wp\/v2\/product_tag?post=3593"}],"curies":[{"name":"gracias","href":"https:\/\/api.w.org\/{rel}","templated":true}]}}