{"id":3595,"date":"2019-08-06T11:13:09","date_gmt":"2019-08-06T09:13:09","guid":{"rendered":"https:\/\/mylipfiller.com\/?post_type=product&#038;p=3595"},"modified":"2024-07-03T17:32:54","modified_gmt":"2024-07-03T15:32:54","slug":"beauty-friends-ii-mung-bean-essence-mask-sheet-pack","status":"publish","type":"product","link":"https:\/\/mylipfiller.com\/es\/beauty-friends-ii-mung-bean-essence-mask-sheet-pack\/","title":{"rendered":"Paquete de hojas de mascarilla Beauty Friends II Mung Bean Essence"},"content":{"rendered":"<h3>\u00bfQu\u00e9 es Mung Bean y c\u00f3mo ayuda a la piel?<\/h3>\n<p>El frijol mungo, tambi\u00e9n conocido como Phaseolus irradia extracto de semilla, es el ingrediente clave en este <em>mascarilla de hoja en casa<\/em>. Esta planta se puede encontrar en diferentes \u00e1reas de Am\u00e9rica del Norte y Europa y se la conoce con varios nombres (por ejemplo, gramo dorado, gramo verde, frijoles Moong, etc.). En los \u00faltimos a\u00f1os, ha encontrado una aplicaci\u00f3n cada vez mayor en la industria del cuidado de la piel y la belleza porque:<\/p>\n<ul>\n<li>Mejora significativamente el tono de la piel.<\/li>\n<li>Elimina con \u00e9xito las manchas de la edad, las imperfecciones, las pecas y m\u00e1s<\/li>\n<li>Reduce f\u00e1cilmente el acn\u00e9 y previene futuros brotes de acn\u00e9 gracias a sus poderes exfoliantes.<\/li>\n<li>Limpia y desintoxica profundamente la piel<\/li>\n<\/ul>\n<p>Los consumidores que han probado Mung Bean Essence Mask Sheet Pack al menos una vez, tambi\u00e9n informan que ha <u>incre\u00edbles habilidades hidratantes<\/u> y sus efectos son especialmente beneficiosos para la piel que parece cansada, da\u00f1ada o \u00e1spera.<\/p>\n<h3>Desarrollado y producido por una marca de confianza.<\/h3>\n<p>Mung Bean Essence Mask Sheet Pack es parte de una gama de mascarillas faciales de primer nivel de Beauty Friends. Es muy elogiado por contener solo <em>ingredientes naturales 100% seguros<\/em> como extractos de plantas y sustancias que se encuentran naturalmente en el cuerpo humano. El hecho de que se pueda aplicar r\u00e1pidamente sin ninguna preparaci\u00f3n o experiencia especial la convierte en una de las soluciones de belleza m\u00e1s f\u00e1ciles de usar para el cliente en el amplio cat\u00e1logo de productos de My Lip Filler.<\/p>","protected":false},"excerpt":{"rendered":"<p>\u00bfEres propenso a tener problemas de acn\u00e9, pecas y manchas en la piel? \u00bfQuieres que la piel de tu rostro se sienta m\u00e1s suave y luzca m\u00e1s joven? Si es as\u00ed, Mung Bean Essence Mask Sheet Pack es la respuesta a sus oraciones. Ahora distribuido por nosotros, de My Lip Filler, este <u>excelente mascarilla facial de Beauty Friends<\/u> le dar\u00e1 a su piel un brillo saludable, un resplandor juvenil y <em>eliminar eficazmente una amplia gama de imperfecciones<\/em>.<\/p>","protected":false},"featured_media":3583,"template":"","meta":{"_acf_changed":false},"product_brand":[],"product_cat":[53,155,54],"product_tag":[111,137],"class_list":{"0":"post-3595","1":"product","2":"type-product","3":"status-publish","4":"has-post-thumbnail","6":"product_cat-beauty-friends","7":"product_cat-coscoi","8":"product_cat-cosmetics","9":"product_tag-face","10":"product_tag-south-korea","12":"first","13":"outofstock","14":"taxable","15":"shipping-taxable","16":"purchasable","17":"product-type-simple"},"acf":[],"yoast_head":"<!-- This site is optimized with the Yoast SEO plugin v27.3 - https:\/\/yoast.com\/product\/yoast-seo-wordpress\/ -->\n<title>Buy Beauty Friends II Mung Bean Essence Mask Sheet Pack - Fillers from My Lip Filler<\/title>\n<meta name=\"description\" content=\"\u2765Buy Beauty Friends II Mung Bean Essence Mask Sheet Pack \u23e9 My Lip Filler online store \u27a6 Quality assurance, reviews, ingredients, best prices!\" \/>\n<meta name=\"robots\" content=\"index, follow, max-snippet:-1, max-image-preview:large, max-video-preview:-1\" \/>\n<link rel=\"canonical\" href=\"https:\/\/mylipfiller.com\/es\/beauty-friends-ii-mung-bean-essence-mask-sheet-pack\/\" \/>\n<meta property=\"og:locale\" content=\"es_MX\" \/>\n<meta property=\"og:type\" content=\"article\" \/>\n<meta property=\"og:title\" content=\"Buy Beauty Friends II Mung Bean Essence Mask Sheet Pack - Fillers from My Lip Filler\" \/>\n<meta property=\"og:description\" content=\"\u2765Buy Beauty Friends II Mung Bean Essence Mask Sheet Pack \u23e9 My Lip Filler online store \u27a6 Quality assurance, reviews, ingredients, best prices!\" \/>\n<meta property=\"og:url\" content=\"https:\/\/mylipfiller.com\/es\/beauty-friends-ii-mung-bean-essence-mask-sheet-pack\/\" \/>\n<meta property=\"og:site_name\" content=\"My Lip Filler\" \/>\n<meta property=\"article:modified_time\" content=\"2024-07-03T15:32:54+00:00\" \/>\n<meta property=\"og:image\" content=\"https:\/\/cdn.mylipfiller.com\/wp-content\/uploads\/2019\/08\/Mung-Bean.jpg\" \/>\n\t<meta property=\"og:image:width\" content=\"450\" \/>\n\t<meta property=\"og:image:height\" content=\"450\" \/>\n\t<meta property=\"og:image:type\" content=\"image\/jpeg\" \/>\n<meta name=\"twitter:card\" content=\"summary_large_image\" \/>\n<meta name=\"twitter:label1\" content=\"Tiempo de lectura\" \/>\n\t<meta name=\"twitter:data1\" content=\"2 minutos\" \/>\n<script type=\"application\/ld+json\" class=\"yoast-schema-graph\">{\"@context\":\"https:\\\/\\\/schema.org\",\"@graph\":[{\"@type\":\"WebPage\",\"@id\":\"https:\\\/\\\/mylipfiller.com\\\/beauty-friends-ii-mung-bean-essence-mask-sheet-pack\\\/\",\"url\":\"https:\\\/\\\/mylipfiller.com\\\/beauty-friends-ii-mung-bean-essence-mask-sheet-pack\\\/\",\"name\":\"Buy Beauty Friends II Mung Bean Essence Mask Sheet Pack - Fillers from My Lip Filler\",\"isPartOf\":{\"@id\":\"https:\\\/\\\/mylipfiller.com\\\/#website\"},\"primaryImageOfPage\":{\"@id\":\"https:\\\/\\\/mylipfiller.com\\\/beauty-friends-ii-mung-bean-essence-mask-sheet-pack\\\/#primaryimage\"},\"image\":{\"@id\":\"https:\\\/\\\/mylipfiller.com\\\/beauty-friends-ii-mung-bean-essence-mask-sheet-pack\\\/#primaryimage\"},\"thumbnailUrl\":\"https:\\\/\\\/mylipfiller.com\\\/wp-content\\\/uploads\\\/2019\\\/08\\\/Mung-Bean.jpg\",\"datePublished\":\"2019-08-06T09:13:09+00:00\",\"dateModified\":\"2024-07-03T15:32:54+00:00\",\"description\":\"\u2765Buy Beauty Friends II Mung Bean Essence Mask Sheet Pack \u23e9 My Lip Filler online store \u27a6 Quality assurance, reviews, ingredients, best prices!\",\"breadcrumb\":{\"@id\":\"https:\\\/\\\/mylipfiller.com\\\/beauty-friends-ii-mung-bean-essence-mask-sheet-pack\\\/#breadcrumb\"},\"inLanguage\":\"es\",\"potentialAction\":[{\"@type\":\"ReadAction\",\"target\":[\"https:\\\/\\\/mylipfiller.com\\\/beauty-friends-ii-mung-bean-essence-mask-sheet-pack\\\/\"]}]},{\"@type\":\"ImageObject\",\"inLanguage\":\"es\",\"@id\":\"https:\\\/\\\/mylipfiller.com\\\/beauty-friends-ii-mung-bean-essence-mask-sheet-pack\\\/#primaryimage\",\"url\":\"https:\\\/\\\/mylipfiller.com\\\/wp-content\\\/uploads\\\/2019\\\/08\\\/Mung-Bean.jpg\",\"contentUrl\":\"https:\\\/\\\/mylipfiller.com\\\/wp-content\\\/uploads\\\/2019\\\/08\\\/Mung-Bean.jpg\",\"width\":450,\"height\":450,\"caption\":\"Mung Bean\"},{\"@type\":\"BreadcrumbList\",\"@id\":\"https:\\\/\\\/mylipfiller.com\\\/beauty-friends-ii-mung-bean-essence-mask-sheet-pack\\\/#breadcrumb\",\"itemListElement\":[{\"@type\":\"ListItem\",\"position\":1,\"name\":\"Home\",\"item\":\"https:\\\/\\\/mylipfiller.com\\\/\"},{\"@type\":\"ListItem\",\"position\":2,\"name\":\"Shop\",\"item\":\"https:\\\/\\\/mylipfiller.com\\\/shop\\\/\"},{\"@type\":\"ListItem\",\"position\":3,\"name\":\"Beauty Friends II Mung Bean Essence Mask Sheet Pack\"}]},{\"@type\":\"WebSite\",\"@id\":\"https:\\\/\\\/mylipfiller.com\\\/#website\",\"url\":\"https:\\\/\\\/mylipfiller.com\\\/\",\"name\":\"My Lip Filler\",\"description\":\"Hyaluronic Acid Lip and Dermal Fillers\",\"publisher\":{\"@id\":\"https:\\\/\\\/mylipfiller.com\\\/#organization\"},\"potentialAction\":[{\"@type\":\"SearchAction\",\"target\":{\"@type\":\"EntryPoint\",\"urlTemplate\":\"https:\\\/\\\/mylipfiller.com\\\/?s={search_term_string}\"},\"query-input\":{\"@type\":\"PropertyValueSpecification\",\"valueRequired\":true,\"valueName\":\"search_term_string\"}}],\"inLanguage\":\"es\"},{\"@type\":\"Organization\",\"@id\":\"https:\\\/\\\/mylipfiller.com\\\/#organization\",\"name\":\"My Lip Filler\",\"url\":\"https:\\\/\\\/mylipfiller.com\\\/\",\"logo\":{\"@type\":\"ImageObject\",\"inLanguage\":\"es\",\"@id\":\"https:\\\/\\\/mylipfiller.com\\\/#\\\/schema\\\/logo\\\/image\\\/\",\"url\":\"https:\\\/\\\/mylipfiller.com\\\/wp-content\\\/uploads\\\/2019\\\/02\\\/cropped-My-Lip-Filler-Logo.png\",\"contentUrl\":\"https:\\\/\\\/mylipfiller.com\\\/wp-content\\\/uploads\\\/2019\\\/02\\\/cropped-My-Lip-Filler-Logo.png\",\"width\":240,\"height\":88,\"caption\":\"My Lip Filler\"},\"image\":{\"@id\":\"https:\\\/\\\/mylipfiller.com\\\/#\\\/schema\\\/logo\\\/image\\\/\"}}]}<\/script>\n<!-- \/ Yoast SEO plugin. -->","yoast_head_json":{"title":"Compre el paquete de hojas de mascarilla con esencia de frijol mungo Beauty Friends II - Rellenos de My Lip Filler","description":"\u2765Compre Beauty Friends II Paquete de hojas de mascarilla con esencia de frijol mungo \u23e9 Tienda en l\u00ednea My Lip Filler \u27a6 Garant\u00eda de calidad, rese\u00f1as, ingredientes, \u00a1los mejores precios!","robots":{"index":"index","follow":"follow","max-snippet":"max-snippet:-1","max-image-preview":"max-image-preview:large","max-video-preview":"max-video-preview:-1"},"canonical":"https:\/\/mylipfiller.com\/es\/beauty-friends-ii-mung-bean-essence-mask-sheet-pack\/","og_locale":"es_MX","og_type":"article","og_title":"Buy Beauty Friends II Mung Bean Essence Mask Sheet Pack - Fillers from My Lip Filler","og_description":"\u2765Buy Beauty Friends II Mung Bean Essence Mask Sheet Pack \u23e9 My Lip Filler online store \u27a6 Quality assurance, reviews, ingredients, best prices!","og_url":"https:\/\/mylipfiller.com\/es\/beauty-friends-ii-mung-bean-essence-mask-sheet-pack\/","og_site_name":"My Lip Filler","article_modified_time":"2024-07-03T15:32:54+00:00","og_image":[{"width":450,"height":450,"url":"https:\/\/cdn.mylipfiller.com\/wp-content\/uploads\/2019\/08\/Mung-Bean.jpg","type":"image\/jpeg"}],"twitter_card":"summary_large_image","twitter_misc":{"Tiempo de lectura":"2 minutos"},"schema":{"@context":"https:\/\/schema.org","@graph":[{"@type":"WebPage","@id":"https:\/\/mylipfiller.com\/beauty-friends-ii-mung-bean-essence-mask-sheet-pack\/","url":"https:\/\/mylipfiller.com\/beauty-friends-ii-mung-bean-essence-mask-sheet-pack\/","name":"Compre el paquete de hojas de mascarilla con esencia de frijol mungo Beauty Friends II - Rellenos de My Lip Filler","isPartOf":{"@id":"https:\/\/mylipfiller.com\/#website"},"primaryImageOfPage":{"@id":"https:\/\/mylipfiller.com\/beauty-friends-ii-mung-bean-essence-mask-sheet-pack\/#primaryimage"},"image":{"@id":"https:\/\/mylipfiller.com\/beauty-friends-ii-mung-bean-essence-mask-sheet-pack\/#primaryimage"},"thumbnailUrl":"https:\/\/cdn.mylipfiller.com\/wp-content\/uploads\/2019\/08\/Mung-Bean.jpg","datePublished":"2019-08-06T09:13:09+00:00","dateModified":"2024-07-03T15:32:54+00:00","description":"\u2765Compre Beauty Friends II Paquete de hojas de mascarilla con esencia de frijol mungo \u23e9 Tienda en l\u00ednea My Lip Filler \u27a6 Garant\u00eda de calidad, rese\u00f1as, ingredientes, \u00a1los mejores precios!","breadcrumb":{"@id":"https:\/\/mylipfiller.com\/beauty-friends-ii-mung-bean-essence-mask-sheet-pack\/#breadcrumb"},"inLanguage":"es","potentialAction":[{"@type":"ReadAction","target":["https:\/\/mylipfiller.com\/beauty-friends-ii-mung-bean-essence-mask-sheet-pack\/"]}]},{"@type":"ImageObject","inLanguage":"es","@id":"https:\/\/mylipfiller.com\/beauty-friends-ii-mung-bean-essence-mask-sheet-pack\/#primaryimage","url":"https:\/\/cdn.mylipfiller.com\/wp-content\/uploads\/2019\/08\/Mung-Bean.jpg","contentUrl":"https:\/\/cdn.mylipfiller.com\/wp-content\/uploads\/2019\/08\/Mung-Bean.jpg","width":450,"height":450,"caption":"Mung Bean"},{"@type":"BreadcrumbList","@id":"https:\/\/mylipfiller.com\/beauty-friends-ii-mung-bean-essence-mask-sheet-pack\/#breadcrumb","itemListElement":[{"@type":"ListItem","position":1,"name":"Home","item":"https:\/\/mylipfiller.com\/"},{"@type":"ListItem","position":2,"name":"Shop","item":"https:\/\/mylipfiller.com\/shop\/"},{"@type":"ListItem","position":3,"name":"Beauty Friends II Mung Bean Essence Mask Sheet Pack"}]},{"@type":"WebSite","@id":"https:\/\/mylipfiller.com\/#website","url":"https:\/\/mylipfiller.com\/","name":"Mi relleno de labios","description":"Rellenos d\u00e9rmicos y de labios con \u00e1cido hialur\u00f3nico","publisher":{"@id":"https:\/\/mylipfiller.com\/#organization"},"potentialAction":[{"@type":"SearchAction","target":{"@type":"EntryPoint","urlTemplate":"https:\/\/mylipfiller.com\/?s={search_term_string}"},"query-input":{"@type":"PropertyValueSpecification","valueRequired":true,"valueName":"search_term_string"}}],"inLanguage":"es"},{"@type":"Organization","@id":"https:\/\/mylipfiller.com\/#organization","name":"Mi relleno de labios","url":"https:\/\/mylipfiller.com\/","logo":{"@type":"ImageObject","inLanguage":"es","@id":"https:\/\/mylipfiller.com\/#\/schema\/logo\/image\/","url":"https:\/\/cdn.mylipfiller.com\/wp-content\/uploads\/2019\/02\/cropped-My-Lip-Filler-Logo.png","contentUrl":"https:\/\/cdn.mylipfiller.com\/wp-content\/uploads\/2019\/02\/cropped-My-Lip-Filler-Logo.png","width":240,"height":88,"caption":"My Lip Filler"},"image":{"@id":"https:\/\/mylipfiller.com\/#\/schema\/logo\/image\/"}}]}},"_links":{"self":[{"href":"https:\/\/mylipfiller.com\/es\/wp-json\/wp\/v2\/product\/3595","targetHints":{"allow":["GET"]}}],"collection":[{"href":"https:\/\/mylipfiller.com\/es\/wp-json\/wp\/v2\/product"}],"about":[{"href":"https:\/\/mylipfiller.com\/es\/wp-json\/wp\/v2\/types\/product"}],"wp:featuredmedia":[{"embeddable":true,"href":"https:\/\/mylipfiller.com\/es\/wp-json\/wp\/v2\/media\/3583"}],"wp:attachment":[{"href":"https:\/\/mylipfiller.com\/es\/wp-json\/wp\/v2\/media?parent=3595"}],"wp:term":[{"taxonomy":"product_brand","embeddable":true,"href":"https:\/\/mylipfiller.com\/es\/wp-json\/wp\/v2\/product_brand?post=3595"},{"taxonomy":"product_cat","embeddable":true,"href":"https:\/\/mylipfiller.com\/es\/wp-json\/wp\/v2\/product_cat?post=3595"},{"taxonomy":"product_tag","embeddable":true,"href":"https:\/\/mylipfiller.com\/es\/wp-json\/wp\/v2\/product_tag?post=3595"}],"curies":[{"name":"gracias","href":"https:\/\/api.w.org\/{rel}","templated":true}]}}