{"id":3597,"date":"2019-08-06T11:13:36","date_gmt":"2019-08-06T09:13:36","guid":{"rendered":"https:\/\/mylipfiller.com\/?post_type=product&#038;p=3597"},"modified":"2024-07-03T17:32:54","modified_gmt":"2024-07-03T15:32:54","slug":"beauty-friends-ii-aroma-essence-mask-sheet-pack","status":"publish","type":"product","link":"https:\/\/mylipfiller.com\/es\/beauty-friends-ii-aroma-essence-mask-sheet-pack\/","title":{"rendered":"Paquete de hojas de mascarilla Aroma Essence Beauty Friends II"},"content":{"rendered":"<h3>Una mascarilla de confianza que contiene una planta milagrosa<\/h3>\n<p>El paquete de hojas de mascarilla Aroma Essence contiene un extracto de una planta llamada Portulaca Oleracea. Por eso, no solo tiene un aroma agradable, sino que tambi\u00e9n contiene muchas vitaminas, minerales y otros ingredientes que mejoran la apariencia de la piel a trav\u00e9s de <u>limpieza, hidrataci\u00f3n y rejuvenecimiento<\/u> eso. Estos ingredientes incluyen:<\/p>\n<ul>\n<li>\u00c1cidos grasos omega-3<\/li>\n<li>Potasio<\/li>\n<li>Vitaminas A, E y C<\/li>\n<li>Calcio<\/li>\n<li>Fosforoso<\/li>\n<li>Magnesio<\/li>\n<\/ul>\n<p>Portulaca Oleracea a menudo se llama &quot;planta milagrosa&quot; porque es una planta extremadamente <u>rica fuente de \u00e1cidos grasos Omega-3<\/u>, tan rico que no hay ninguna otra especie vegetal conocida por la humanidad que contenga niveles mayores de esta sustancia. Por eso, esta mascarilla facial de calidad ralentiza el envejecimiento, reduce la s\u00edntesis de melanina e hidrata la piel seca.<\/p>\n<h3>Ventajas que tiene esta mascarilla de hoja avanzada sobre sus rivales<\/h3>\n<p>El paquete de hojas de mascarilla Aroma Essence es sorprendentemente asequible y ha demostrado ser completamente seguro. Eso lo hace adecuado para su uso regular y prolongado por hombres y mujeres de diversas edades. Tambi\u00e9n puede ser <em>aplicado fr\u00edo o calentado<\/em> y sus propiedades milagrosas tardan menos de media hora en hacer efecto. Cons\u00edguelo hoy a trav\u00e9s de My Lip Filler.<\/p>","protected":false},"excerpt":{"rendered":"<p>Un aroma inmensamente agradable, junto con excepcionales propiedades antienvejecimiento, antial\u00e9rgicas, antioxidantes y antiinflamatorias: esto es solo un peque\u00f1o adelanto de los incre\u00edbles poderes para el cuidado de la piel de Aroma Essence Mask Sheet Pack. Vendido por My Lip Filler y parte de la diversa gama de Beauty Friends de <u>m\u00e1scaras de hoja optimizadas<\/u>, este impresionante producto se basa en extracto de Portulaca Oleracea y ser\u00e1 <em>restaurar el equilibrio h\u00eddrico de la piel cansada y \/ o sensible<\/em>, haci\u00e9ndolo m\u00e1s suave y d\u00e1ndole un aspecto rejuvenecido.<\/p>","protected":false},"featured_media":3573,"template":"","meta":{"_acf_changed":false},"product_brand":[],"product_cat":[53,155,54],"product_tag":[111,137],"class_list":{"0":"post-3597","1":"product","2":"type-product","3":"status-publish","4":"has-post-thumbnail","6":"product_cat-beauty-friends","7":"product_cat-coscoi","8":"product_cat-cosmetics","9":"product_tag-face","10":"product_tag-south-korea","12":"first","13":"outofstock","14":"taxable","15":"shipping-taxable","16":"purchasable","17":"product-type-simple"},"acf":[],"yoast_head":"<!-- This site is optimized with the Yoast SEO plugin v27.2 - https:\/\/yoast.com\/product\/yoast-seo-wordpress\/ -->\n<title>Buy Beauty Friends II Aroma Essence Mask Sheet Pack - Fillers from My Lip Filler<\/title>\n<meta name=\"description\" content=\"\u2765Buy Beauty Friends II Aroma Essence Mask Sheet Pack \u23e9 My Lip Filler online store \u27a6 Quality assurance, reviews, ingredients, best prices!\" \/>\n<meta name=\"robots\" content=\"index, follow, max-snippet:-1, max-image-preview:large, max-video-preview:-1\" \/>\n<link rel=\"canonical\" href=\"https:\/\/mylipfiller.com\/es\/beauty-friends-ii-aroma-essence-mask-sheet-pack\/\" \/>\n<meta property=\"og:locale\" content=\"es_MX\" \/>\n<meta property=\"og:type\" content=\"article\" \/>\n<meta property=\"og:title\" content=\"Buy Beauty Friends II Aroma Essence Mask Sheet Pack - Fillers from My Lip Filler\" \/>\n<meta property=\"og:description\" content=\"\u2765Buy Beauty Friends II Aroma Essence Mask Sheet Pack \u23e9 My Lip Filler online store \u27a6 Quality assurance, reviews, ingredients, best prices!\" \/>\n<meta property=\"og:url\" content=\"https:\/\/mylipfiller.com\/es\/beauty-friends-ii-aroma-essence-mask-sheet-pack\/\" \/>\n<meta property=\"og:site_name\" content=\"My Lip Filler\" \/>\n<meta property=\"article:modified_time\" content=\"2024-07-03T15:32:54+00:00\" \/>\n<meta property=\"og:image\" content=\"https:\/\/cdn.mylipfiller.com\/wp-content\/uploads\/2019\/08\/Aroma.jpg\" \/>\n\t<meta property=\"og:image:width\" content=\"450\" \/>\n\t<meta property=\"og:image:height\" content=\"450\" \/>\n\t<meta property=\"og:image:type\" content=\"image\/jpeg\" \/>\n<meta name=\"twitter:card\" content=\"summary_large_image\" \/>\n<meta name=\"twitter:label1\" content=\"Tiempo de lectura\" \/>\n\t<meta name=\"twitter:data1\" content=\"2 minutos\" \/>\n<script type=\"application\/ld+json\" class=\"yoast-schema-graph\">{\"@context\":\"https:\/\/schema.org\",\"@graph\":[{\"@type\":\"WebPage\",\"@id\":\"https:\/\/mylipfiller.com\/beauty-friends-ii-aroma-essence-mask-sheet-pack\/\",\"url\":\"https:\/\/mylipfiller.com\/beauty-friends-ii-aroma-essence-mask-sheet-pack\/\",\"name\":\"Buy Beauty Friends II Aroma Essence Mask Sheet Pack - Fillers from My Lip Filler\",\"isPartOf\":{\"@id\":\"https:\/\/mylipfiller.com\/#website\"},\"primaryImageOfPage\":{\"@id\":\"https:\/\/mylipfiller.com\/beauty-friends-ii-aroma-essence-mask-sheet-pack\/#primaryimage\"},\"image\":{\"@id\":\"https:\/\/mylipfiller.com\/beauty-friends-ii-aroma-essence-mask-sheet-pack\/#primaryimage\"},\"thumbnailUrl\":\"https:\/\/cdn.mylipfiller.com\/wp-content\/uploads\/2019\/08\/Aroma.jpg\",\"datePublished\":\"2019-08-06T09:13:36+00:00\",\"dateModified\":\"2024-07-03T15:32:54+00:00\",\"description\":\"\u2765Buy Beauty Friends II Aroma Essence Mask Sheet Pack \u23e9 My Lip Filler online store \u27a6 Quality assurance, reviews, ingredients, best prices!\",\"breadcrumb\":{\"@id\":\"https:\/\/mylipfiller.com\/beauty-friends-ii-aroma-essence-mask-sheet-pack\/#breadcrumb\"},\"inLanguage\":\"es\",\"potentialAction\":[{\"@type\":\"ReadAction\",\"target\":[\"https:\/\/mylipfiller.com\/beauty-friends-ii-aroma-essence-mask-sheet-pack\/\"]}]},{\"@type\":\"ImageObject\",\"inLanguage\":\"es\",\"@id\":\"https:\/\/mylipfiller.com\/beauty-friends-ii-aroma-essence-mask-sheet-pack\/#primaryimage\",\"url\":\"https:\/\/cdn.mylipfiller.com\/wp-content\/uploads\/2019\/08\/Aroma.jpg\",\"contentUrl\":\"https:\/\/cdn.mylipfiller.com\/wp-content\/uploads\/2019\/08\/Aroma.jpg\",\"width\":450,\"height\":450,\"caption\":\"Aroma\"},{\"@type\":\"BreadcrumbList\",\"@id\":\"https:\/\/mylipfiller.com\/beauty-friends-ii-aroma-essence-mask-sheet-pack\/#breadcrumb\",\"itemListElement\":[{\"@type\":\"ListItem\",\"position\":1,\"name\":\"Home\",\"item\":\"https:\/\/mylipfiller.com\/\"},{\"@type\":\"ListItem\",\"position\":2,\"name\":\"Shop\",\"item\":\"https:\/\/mylipfiller.com\/shop\/\"},{\"@type\":\"ListItem\",\"position\":3,\"name\":\"Beauty Friends II Aroma Essence Mask Sheet Pack\"}]},{\"@type\":\"WebSite\",\"@id\":\"https:\/\/mylipfiller.com\/#website\",\"url\":\"https:\/\/mylipfiller.com\/\",\"name\":\"My Lip Filler\",\"description\":\"Hyaluronic Acid Lip and Dermal Fillers\",\"publisher\":{\"@id\":\"https:\/\/mylipfiller.com\/#organization\"},\"potentialAction\":[{\"@type\":\"SearchAction\",\"target\":{\"@type\":\"EntryPoint\",\"urlTemplate\":\"https:\/\/mylipfiller.com\/?s={search_term_string}\"},\"query-input\":{\"@type\":\"PropertyValueSpecification\",\"valueRequired\":true,\"valueName\":\"search_term_string\"}}],\"inLanguage\":\"es\"},{\"@type\":\"Organization\",\"@id\":\"https:\/\/mylipfiller.com\/#organization\",\"name\":\"My Lip Filler\",\"url\":\"https:\/\/mylipfiller.com\/\",\"logo\":{\"@type\":\"ImageObject\",\"inLanguage\":\"es\",\"@id\":\"https:\/\/mylipfiller.com\/#\/schema\/logo\/image\/\",\"url\":\"https:\/\/cdn.mylipfiller.com\/wp-content\/uploads\/2019\/02\/cropped-My-Lip-Filler-Logo.png\",\"contentUrl\":\"https:\/\/cdn.mylipfiller.com\/wp-content\/uploads\/2019\/02\/cropped-My-Lip-Filler-Logo.png\",\"width\":240,\"height\":88,\"caption\":\"My Lip Filler\"},\"image\":{\"@id\":\"https:\/\/mylipfiller.com\/#\/schema\/logo\/image\/\"}}]}<\/script>\n<!-- \/ Yoast SEO plugin. -->","yoast_head_json":{"title":"Compre el paquete de hojas de mascarilla Aroma Essence Beauty Friends II - Rellenos de My Lip Filler","description":"\u2765Compre Beauty Friends II Paquete de hojas de mascarilla Aroma Essence \u23e9 Tienda en l\u00ednea My Lip Filler \u27a6 Garant\u00eda de calidad, rese\u00f1as, ingredientes, \u00a1los mejores precios!","robots":{"index":"index","follow":"follow","max-snippet":"max-snippet:-1","max-image-preview":"max-image-preview:large","max-video-preview":"max-video-preview:-1"},"canonical":"https:\/\/mylipfiller.com\/es\/beauty-friends-ii-aroma-essence-mask-sheet-pack\/","og_locale":"es_MX","og_type":"article","og_title":"Buy Beauty Friends II Aroma Essence Mask Sheet Pack - Fillers from My Lip Filler","og_description":"\u2765Buy Beauty Friends II Aroma Essence Mask Sheet Pack \u23e9 My Lip Filler online store \u27a6 Quality assurance, reviews, ingredients, best prices!","og_url":"https:\/\/mylipfiller.com\/es\/beauty-friends-ii-aroma-essence-mask-sheet-pack\/","og_site_name":"My Lip Filler","article_modified_time":"2024-07-03T15:32:54+00:00","og_image":[{"width":450,"height":450,"url":"https:\/\/cdn.mylipfiller.com\/wp-content\/uploads\/2019\/08\/Aroma.jpg","type":"image\/jpeg"}],"twitter_card":"summary_large_image","twitter_misc":{"Tiempo de lectura":"2 minutos"},"schema":{"@context":"https:\/\/schema.org","@graph":[{"@type":"WebPage","@id":"https:\/\/mylipfiller.com\/beauty-friends-ii-aroma-essence-mask-sheet-pack\/","url":"https:\/\/mylipfiller.com\/beauty-friends-ii-aroma-essence-mask-sheet-pack\/","name":"Compre el paquete de hojas de mascarilla Aroma Essence Beauty Friends II - Rellenos de My Lip Filler","isPartOf":{"@id":"https:\/\/mylipfiller.com\/#website"},"primaryImageOfPage":{"@id":"https:\/\/mylipfiller.com\/beauty-friends-ii-aroma-essence-mask-sheet-pack\/#primaryimage"},"image":{"@id":"https:\/\/mylipfiller.com\/beauty-friends-ii-aroma-essence-mask-sheet-pack\/#primaryimage"},"thumbnailUrl":"https:\/\/cdn.mylipfiller.com\/wp-content\/uploads\/2019\/08\/Aroma.jpg","datePublished":"2019-08-06T09:13:36+00:00","dateModified":"2024-07-03T15:32:54+00:00","description":"\u2765Compre Beauty Friends II Paquete de hojas de mascarilla Aroma Essence \u23e9 Tienda en l\u00ednea My Lip Filler \u27a6 Garant\u00eda de calidad, rese\u00f1as, ingredientes, \u00a1los mejores precios!","breadcrumb":{"@id":"https:\/\/mylipfiller.com\/beauty-friends-ii-aroma-essence-mask-sheet-pack\/#breadcrumb"},"inLanguage":"es","potentialAction":[{"@type":"ReadAction","target":["https:\/\/mylipfiller.com\/beauty-friends-ii-aroma-essence-mask-sheet-pack\/"]}]},{"@type":"ImageObject","inLanguage":"es","@id":"https:\/\/mylipfiller.com\/beauty-friends-ii-aroma-essence-mask-sheet-pack\/#primaryimage","url":"https:\/\/cdn.mylipfiller.com\/wp-content\/uploads\/2019\/08\/Aroma.jpg","contentUrl":"https:\/\/cdn.mylipfiller.com\/wp-content\/uploads\/2019\/08\/Aroma.jpg","width":450,"height":450,"caption":"Aroma"},{"@type":"BreadcrumbList","@id":"https:\/\/mylipfiller.com\/beauty-friends-ii-aroma-essence-mask-sheet-pack\/#breadcrumb","itemListElement":[{"@type":"ListItem","position":1,"name":"Home","item":"https:\/\/mylipfiller.com\/"},{"@type":"ListItem","position":2,"name":"Shop","item":"https:\/\/mylipfiller.com\/shop\/"},{"@type":"ListItem","position":3,"name":"Beauty Friends II Aroma Essence Mask Sheet Pack"}]},{"@type":"WebSite","@id":"https:\/\/mylipfiller.com\/#website","url":"https:\/\/mylipfiller.com\/","name":"Mi relleno de labios","description":"Rellenos d\u00e9rmicos y de labios con \u00e1cido hialur\u00f3nico","publisher":{"@id":"https:\/\/mylipfiller.com\/#organization"},"potentialAction":[{"@type":"SearchAction","target":{"@type":"EntryPoint","urlTemplate":"https:\/\/mylipfiller.com\/?s={search_term_string}"},"query-input":{"@type":"PropertyValueSpecification","valueRequired":true,"valueName":"search_term_string"}}],"inLanguage":"es"},{"@type":"Organization","@id":"https:\/\/mylipfiller.com\/#organization","name":"Mi relleno de labios","url":"https:\/\/mylipfiller.com\/","logo":{"@type":"ImageObject","inLanguage":"es","@id":"https:\/\/mylipfiller.com\/#\/schema\/logo\/image\/","url":"https:\/\/cdn.mylipfiller.com\/wp-content\/uploads\/2019\/02\/cropped-My-Lip-Filler-Logo.png","contentUrl":"https:\/\/cdn.mylipfiller.com\/wp-content\/uploads\/2019\/02\/cropped-My-Lip-Filler-Logo.png","width":240,"height":88,"caption":"My Lip Filler"},"image":{"@id":"https:\/\/mylipfiller.com\/#\/schema\/logo\/image\/"}}]}},"_links":{"self":[{"href":"https:\/\/mylipfiller.com\/es\/wp-json\/wp\/v2\/product\/3597","targetHints":{"allow":["GET"]}}],"collection":[{"href":"https:\/\/mylipfiller.com\/es\/wp-json\/wp\/v2\/product"}],"about":[{"href":"https:\/\/mylipfiller.com\/es\/wp-json\/wp\/v2\/types\/product"}],"wp:featuredmedia":[{"embeddable":true,"href":"https:\/\/mylipfiller.com\/es\/wp-json\/wp\/v2\/media\/3573"}],"wp:attachment":[{"href":"https:\/\/mylipfiller.com\/es\/wp-json\/wp\/v2\/media?parent=3597"}],"wp:term":[{"taxonomy":"product_brand","embeddable":true,"href":"https:\/\/mylipfiller.com\/es\/wp-json\/wp\/v2\/product_brand?post=3597"},{"taxonomy":"product_cat","embeddable":true,"href":"https:\/\/mylipfiller.com\/es\/wp-json\/wp\/v2\/product_cat?post=3597"},{"taxonomy":"product_tag","embeddable":true,"href":"https:\/\/mylipfiller.com\/es\/wp-json\/wp\/v2\/product_tag?post=3597"}],"curies":[{"name":"gracias","href":"https:\/\/api.w.org\/{rel}","templated":true}]}}