{"id":36967,"date":"2022-08-25T13:44:35","date_gmt":"2022-08-25T11:44:35","guid":{"rendered":"https:\/\/mylipfiller.com\/?post_type=product&#038;p=36967"},"modified":"2024-03-25T16:12:20","modified_gmt":"2024-03-25T14:12:20","slug":"elasty-f-double-filler-2-x-1ml","status":"publish","type":"product","link":"https:\/\/mylipfiller.com\/es\/elasty-f-double-filler-2-x-1ml\/","title":{"rendered":"Elasty F Doble Relleno (2 x 1ml)"},"content":{"rendered":"<p>La l\u00ednea de productos de Elasty est\u00e1 especialmente desarrollada utilizando la Tecnolog\u00eda de Enredos Naturales Preservados (o simple PNET). En esencia, esto significa que el relleno se fabrica utilizando un m\u00e9todo de baja reticulaci\u00f3n, que a\u00fan utiliza el efecto de reticulaci\u00f3n 3D. En la pr\u00e1ctica, esto permite una soluci\u00f3n de relleno de \u00e1cido hialur\u00f3nico que posee la viscoelasticidad y la fluidez para permitir que los dermat\u00f3logos manejen f\u00e1cilmente los tratamientos de arrugas superficiales.<\/p>\n<p>Los resultados del uso de Elasty F no solo son duraderos en el tiempo, sino que son pr\u00e1cticamente indistinguibles del aspecto natural del paciente y lo ser\u00e1n durante un per\u00edodo de tiempo prolongado. Una vez aplicado correctamente, se garantiza que el relleno no cambiar\u00e1, formar\u00e1 bultos ni ninguna otra deformidad. La piel de arriba permanecer\u00e1 suave y natural a la vista.<\/p>\n<p>Adem\u00e1s, dado que el per\u00edodo de disoluci\u00f3n del relleno hialur\u00f3nico Elasty F es bastante largo, la piel en el \u00e1rea donde se inyecta permanecer\u00e1 adecuadamente hidratada, ya que las mol\u00e9culas de \u00e1cido hialur\u00f3nico en el gel se liberan lentamente en la piel, con el tiempo.<\/p>\n<p>Cada caja incluye:<\/p>\n<ul>\n<li>Dos jeringas de relleno de piel suave de alta calidad Elasty F<\/li>\n<li>Cuatro 27 \u00bd G innecesarios<\/li>\n<li>Manual de instrucciones con el uso de la aplicaci\u00f3n y las contraindicaciones enumeradas<\/li>\n<\/ul>\n<p>Esta es una soluci\u00f3n HA de paquete doble, lo que significa que hay dos rellenos por caja, lo que convierte a Elasty F en una de las mejores opciones para los procedimientos prolongados de eliminaci\u00f3n de arrugas.<\/p>","protected":false},"excerpt":{"rendered":"<p>Elasty F es el relleno d\u00e9rmico perfecto para usar para cuidar las l\u00edneas finas de la piel y las arrugas superficiales. Un relleno HA suave con viscoelasticidad finamente ajustada, este producto es ideal para manejar depresiones superficiales y delgadas de la piel con el cuidado adecuado para garantizar resultados de apariencia natural. Ideal para aplicar debajo de los ojos, encima de la boca y en el \u00e1rea del cuello, esta es una soluci\u00f3n de relleno suave que garantizar\u00e1 resultados muy duraderos para su clase.<\/p>","protected":false},"featured_media":36972,"template":"","meta":{"_acf_changed":false},"product_brand":[],"product_cat":[89,161,88,32],"product_tag":[90,144,125,111,126,112,128,151,117,146,137,119,148,116,127],"class_list":{"0":"post-36967","1":"product","2":"type-product","3":"status-publish","4":"has-post-thumbnail","6":"product_cat-big-holiday-sale","7":"product_cat-dongbang-medical","8":"product_cat-elasty","9":"product_cat-soft","10":"product_tag-90","11":"product_tag-anti-wrinkle","12":"product_tag-crows-feet","13":"product_tag-face","14":"product_tag-fine-lines","15":"product_tag-forehead","16":"product_tag-forehead-wrinkles","17":"product_tag-hyaluronic-acid-ha-fillers","18":"product_tag-low-density","19":"product_tag-smoothing","20":"product_tag-south-korea","21":"product_tag-up-to-9-months","22":"product_tag-upper-dermis","23":"product_tag-with-lidocaine","24":"product_tag-wrinkles-around-the-eyes","26":"first","27":"instock","28":"sale","29":"taxable","30":"shipping-taxable","31":"purchasable","32":"product-type-simple"},"acf":[],"yoast_head":"<!-- This site is optimized with the Yoast SEO plugin v27.3 - https:\/\/yoast.com\/product\/yoast-seo-wordpress\/ -->\n<title>Buy Elasty F Double Filler (2 x 1ml) - Fillers from My Lip Filler<\/title>\n<meta name=\"description\" content=\"\u2765Buy Elasty F Double Filler (2 x 1ml) \u23e9 My Lip Filler online store \u27a6 Quality assurance, reviews, ingredients, best prices!\" \/>\n<meta name=\"robots\" content=\"index, follow, max-snippet:-1, max-image-preview:large, max-video-preview:-1\" \/>\n<link rel=\"canonical\" href=\"https:\/\/mylipfiller.com\/es\/elasty-f-double-filler-2-x-1ml\/\" \/>\n<meta property=\"og:locale\" content=\"es_MX\" \/>\n<meta property=\"og:type\" content=\"article\" \/>\n<meta property=\"og:title\" content=\"Buy Elasty F Double Filler (2 x 1ml) - Fillers from My Lip Filler\" \/>\n<meta property=\"og:description\" content=\"\u2765Buy Elasty F Double Filler (2 x 1ml) \u23e9 My Lip Filler online store \u27a6 Quality assurance, reviews, ingredients, best prices!\" \/>\n<meta property=\"og:url\" content=\"https:\/\/mylipfiller.com\/es\/elasty-f-double-filler-2-x-1ml\/\" \/>\n<meta property=\"og:site_name\" content=\"My Lip Filler\" \/>\n<meta property=\"article:modified_time\" content=\"2024-03-25T14:12:20+00:00\" \/>\n<meta property=\"og:image\" content=\"https:\/\/cdn.mylipfiller.com\/wp-content\/uploads\/2022\/08\/Elasty-F.jpg\" \/>\n\t<meta property=\"og:image:width\" content=\"600\" \/>\n\t<meta property=\"og:image:height\" content=\"600\" \/>\n\t<meta property=\"og:image:type\" content=\"image\/jpeg\" \/>\n<meta name=\"twitter:card\" content=\"summary_large_image\" \/>\n<meta name=\"twitter:label1\" content=\"Tiempo de lectura\" \/>\n\t<meta name=\"twitter:data1\" content=\"2 minutos\" \/>\n<script type=\"application\/ld+json\" class=\"yoast-schema-graph\">{\"@context\":\"https:\\\/\\\/schema.org\",\"@graph\":[{\"@type\":\"WebPage\",\"@id\":\"https:\\\/\\\/mylipfiller.com\\\/elasty-f-double-filler-2-x-1ml\\\/\",\"url\":\"https:\\\/\\\/mylipfiller.com\\\/elasty-f-double-filler-2-x-1ml\\\/\",\"name\":\"Buy Elasty F Double Filler (2 x 1ml) - Fillers from My Lip Filler\",\"isPartOf\":{\"@id\":\"https:\\\/\\\/mylipfiller.com\\\/#website\"},\"primaryImageOfPage\":{\"@id\":\"https:\\\/\\\/mylipfiller.com\\\/elasty-f-double-filler-2-x-1ml\\\/#primaryimage\"},\"image\":{\"@id\":\"https:\\\/\\\/mylipfiller.com\\\/elasty-f-double-filler-2-x-1ml\\\/#primaryimage\"},\"thumbnailUrl\":\"https:\\\/\\\/mylipfiller.com\\\/wp-content\\\/uploads\\\/2022\\\/08\\\/Elasty-F.jpg\",\"datePublished\":\"2022-08-25T11:44:35+00:00\",\"dateModified\":\"2024-03-25T14:12:20+00:00\",\"description\":\"\u2765Buy Elasty F Double Filler (2 x 1ml) \u23e9 My Lip Filler online store \u27a6 Quality assurance, reviews, ingredients, best prices!\",\"breadcrumb\":{\"@id\":\"https:\\\/\\\/mylipfiller.com\\\/elasty-f-double-filler-2-x-1ml\\\/#breadcrumb\"},\"inLanguage\":\"es\",\"potentialAction\":[{\"@type\":\"ReadAction\",\"target\":[\"https:\\\/\\\/mylipfiller.com\\\/elasty-f-double-filler-2-x-1ml\\\/\"]}]},{\"@type\":\"ImageObject\",\"inLanguage\":\"es\",\"@id\":\"https:\\\/\\\/mylipfiller.com\\\/elasty-f-double-filler-2-x-1ml\\\/#primaryimage\",\"url\":\"https:\\\/\\\/mylipfiller.com\\\/wp-content\\\/uploads\\\/2022\\\/08\\\/Elasty-F.jpg\",\"contentUrl\":\"https:\\\/\\\/mylipfiller.com\\\/wp-content\\\/uploads\\\/2022\\\/08\\\/Elasty-F.jpg\",\"width\":600,\"height\":600,\"caption\":\"Elasty F\"},{\"@type\":\"BreadcrumbList\",\"@id\":\"https:\\\/\\\/mylipfiller.com\\\/elasty-f-double-filler-2-x-1ml\\\/#breadcrumb\",\"itemListElement\":[{\"@type\":\"ListItem\",\"position\":1,\"name\":\"Home\",\"item\":\"https:\\\/\\\/mylipfiller.com\\\/\"},{\"@type\":\"ListItem\",\"position\":2,\"name\":\"Shop\",\"item\":\"https:\\\/\\\/mylipfiller.com\\\/shop\\\/\"},{\"@type\":\"ListItem\",\"position\":3,\"name\":\"Elasty F Double Filler (2 x 1ml)\"}]},{\"@type\":\"WebSite\",\"@id\":\"https:\\\/\\\/mylipfiller.com\\\/#website\",\"url\":\"https:\\\/\\\/mylipfiller.com\\\/\",\"name\":\"My Lip Filler\",\"description\":\"Hyaluronic Acid Lip and Dermal Fillers\",\"publisher\":{\"@id\":\"https:\\\/\\\/mylipfiller.com\\\/#organization\"},\"potentialAction\":[{\"@type\":\"SearchAction\",\"target\":{\"@type\":\"EntryPoint\",\"urlTemplate\":\"https:\\\/\\\/mylipfiller.com\\\/?s={search_term_string}\"},\"query-input\":{\"@type\":\"PropertyValueSpecification\",\"valueRequired\":true,\"valueName\":\"search_term_string\"}}],\"inLanguage\":\"es\"},{\"@type\":\"Organization\",\"@id\":\"https:\\\/\\\/mylipfiller.com\\\/#organization\",\"name\":\"My Lip Filler\",\"url\":\"https:\\\/\\\/mylipfiller.com\\\/\",\"logo\":{\"@type\":\"ImageObject\",\"inLanguage\":\"es\",\"@id\":\"https:\\\/\\\/mylipfiller.com\\\/#\\\/schema\\\/logo\\\/image\\\/\",\"url\":\"https:\\\/\\\/mylipfiller.com\\\/wp-content\\\/uploads\\\/2019\\\/02\\\/cropped-My-Lip-Filler-Logo.png\",\"contentUrl\":\"https:\\\/\\\/mylipfiller.com\\\/wp-content\\\/uploads\\\/2019\\\/02\\\/cropped-My-Lip-Filler-Logo.png\",\"width\":240,\"height\":88,\"caption\":\"My Lip Filler\"},\"image\":{\"@id\":\"https:\\\/\\\/mylipfiller.com\\\/#\\\/schema\\\/logo\\\/image\\\/\"}}]}<\/script>\n<!-- \/ Yoast SEO plugin. -->","yoast_head_json":{"title":"Comprar Elasty F Double Filler (2 x 1ml) - Rellenos de My Lip Filler","description":"\u2765Compra Elasty F Double Filler (2 x 1ml) \u23e9 Tienda online My Lip Filler \u27a6 Garant\u00eda de calidad, rese\u00f1as, ingredientes, \u00a1los mejores precios!","robots":{"index":"index","follow":"follow","max-snippet":"max-snippet:-1","max-image-preview":"max-image-preview:large","max-video-preview":"max-video-preview:-1"},"canonical":"https:\/\/mylipfiller.com\/es\/elasty-f-double-filler-2-x-1ml\/","og_locale":"es_MX","og_type":"article","og_title":"Buy Elasty F Double Filler (2 x 1ml) - Fillers from My Lip Filler","og_description":"\u2765Buy Elasty F Double Filler (2 x 1ml) \u23e9 My Lip Filler online store \u27a6 Quality assurance, reviews, ingredients, best prices!","og_url":"https:\/\/mylipfiller.com\/es\/elasty-f-double-filler-2-x-1ml\/","og_site_name":"My Lip Filler","article_modified_time":"2024-03-25T14:12:20+00:00","og_image":[{"width":600,"height":600,"url":"https:\/\/cdn.mylipfiller.com\/wp-content\/uploads\/2022\/08\/Elasty-F.jpg","type":"image\/jpeg"}],"twitter_card":"summary_large_image","twitter_misc":{"Tiempo de lectura":"2 minutos"},"schema":{"@context":"https:\/\/schema.org","@graph":[{"@type":"WebPage","@id":"https:\/\/mylipfiller.com\/elasty-f-double-filler-2-x-1ml\/","url":"https:\/\/mylipfiller.com\/elasty-f-double-filler-2-x-1ml\/","name":"Comprar Elasty F Double Filler (2 x 1ml) - Rellenos de My Lip Filler","isPartOf":{"@id":"https:\/\/mylipfiller.com\/#website"},"primaryImageOfPage":{"@id":"https:\/\/mylipfiller.com\/elasty-f-double-filler-2-x-1ml\/#primaryimage"},"image":{"@id":"https:\/\/mylipfiller.com\/elasty-f-double-filler-2-x-1ml\/#primaryimage"},"thumbnailUrl":"https:\/\/cdn.mylipfiller.com\/wp-content\/uploads\/2022\/08\/Elasty-F.jpg","datePublished":"2022-08-25T11:44:35+00:00","dateModified":"2024-03-25T14:12:20+00:00","description":"\u2765Compra Elasty F Double Filler (2 x 1ml) \u23e9 Tienda online My Lip Filler \u27a6 Garant\u00eda de calidad, rese\u00f1as, ingredientes, \u00a1los mejores precios!","breadcrumb":{"@id":"https:\/\/mylipfiller.com\/elasty-f-double-filler-2-x-1ml\/#breadcrumb"},"inLanguage":"es","potentialAction":[{"@type":"ReadAction","target":["https:\/\/mylipfiller.com\/elasty-f-double-filler-2-x-1ml\/"]}]},{"@type":"ImageObject","inLanguage":"es","@id":"https:\/\/mylipfiller.com\/elasty-f-double-filler-2-x-1ml\/#primaryimage","url":"https:\/\/cdn.mylipfiller.com\/wp-content\/uploads\/2022\/08\/Elasty-F.jpg","contentUrl":"https:\/\/cdn.mylipfiller.com\/wp-content\/uploads\/2022\/08\/Elasty-F.jpg","width":600,"height":600,"caption":"Elasty F"},{"@type":"BreadcrumbList","@id":"https:\/\/mylipfiller.com\/elasty-f-double-filler-2-x-1ml\/#breadcrumb","itemListElement":[{"@type":"ListItem","position":1,"name":"Home","item":"https:\/\/mylipfiller.com\/"},{"@type":"ListItem","position":2,"name":"Shop","item":"https:\/\/mylipfiller.com\/shop\/"},{"@type":"ListItem","position":3,"name":"Elasty F Double Filler (2 x 1ml)"}]},{"@type":"WebSite","@id":"https:\/\/mylipfiller.com\/#website","url":"https:\/\/mylipfiller.com\/","name":"Mi relleno de labios","description":"Rellenos d\u00e9rmicos y de labios con \u00e1cido hialur\u00f3nico","publisher":{"@id":"https:\/\/mylipfiller.com\/#organization"},"potentialAction":[{"@type":"SearchAction","target":{"@type":"EntryPoint","urlTemplate":"https:\/\/mylipfiller.com\/?s={search_term_string}"},"query-input":{"@type":"PropertyValueSpecification","valueRequired":true,"valueName":"search_term_string"}}],"inLanguage":"es"},{"@type":"Organization","@id":"https:\/\/mylipfiller.com\/#organization","name":"Mi relleno de labios","url":"https:\/\/mylipfiller.com\/","logo":{"@type":"ImageObject","inLanguage":"es","@id":"https:\/\/mylipfiller.com\/#\/schema\/logo\/image\/","url":"https:\/\/cdn.mylipfiller.com\/wp-content\/uploads\/2019\/02\/cropped-My-Lip-Filler-Logo.png","contentUrl":"https:\/\/cdn.mylipfiller.com\/wp-content\/uploads\/2019\/02\/cropped-My-Lip-Filler-Logo.png","width":240,"height":88,"caption":"My Lip Filler"},"image":{"@id":"https:\/\/mylipfiller.com\/#\/schema\/logo\/image\/"}}]}},"_links":{"self":[{"href":"https:\/\/mylipfiller.com\/es\/wp-json\/wp\/v2\/product\/36967","targetHints":{"allow":["GET"]}}],"collection":[{"href":"https:\/\/mylipfiller.com\/es\/wp-json\/wp\/v2\/product"}],"about":[{"href":"https:\/\/mylipfiller.com\/es\/wp-json\/wp\/v2\/types\/product"}],"wp:featuredmedia":[{"embeddable":true,"href":"https:\/\/mylipfiller.com\/es\/wp-json\/wp\/v2\/media\/36972"}],"wp:attachment":[{"href":"https:\/\/mylipfiller.com\/es\/wp-json\/wp\/v2\/media?parent=36967"}],"wp:term":[{"taxonomy":"product_brand","embeddable":true,"href":"https:\/\/mylipfiller.com\/es\/wp-json\/wp\/v2\/product_brand?post=36967"},{"taxonomy":"product_cat","embeddable":true,"href":"https:\/\/mylipfiller.com\/es\/wp-json\/wp\/v2\/product_cat?post=36967"},{"taxonomy":"product_tag","embeddable":true,"href":"https:\/\/mylipfiller.com\/es\/wp-json\/wp\/v2\/product_tag?post=36967"}],"curies":[{"name":"gracias","href":"https:\/\/api.w.org\/{rel}","templated":true}]}}