{"id":36968,"date":"2022-08-25T13:46:56","date_gmt":"2022-08-25T11:46:56","guid":{"rendered":"https:\/\/mylipfiller.com\/?post_type=product&#038;p=36968"},"modified":"2024-08-07T10:35:52","modified_gmt":"2024-08-07T08:35:52","slug":"elasty-d-plus-double-filler-2-x-1ml","status":"publish","type":"product","link":"https:\/\/mylipfiller.com\/es\/elasty-d-plus-double-filler-2-x-1ml\/","title":{"rendered":"Elasty D Plus Doble Relleno (2 x 1ml)"},"content":{"rendered":"<p>Todos los rellenos Elasty se desarrollan y fabrican con la plena utilizaci\u00f3n de la tecnolog\u00eda patentada PNET. La tecnolog\u00eda de enredo natural preservado es un nuevo m\u00e9todo de producci\u00f3n del gel de \u00e1cido hialur\u00f3nico para el relleno, que permite alcanzar los niveles perfectos de viscoelasticidad, relaci\u00f3n de reticulaci\u00f3n y estabilidad del gel inyectable. El resultado pr\u00e1ctico es una soluci\u00f3n HA confiable, con una aplicaci\u00f3n vers\u00e1til para aumentos de belleza y eliminaci\u00f3n de arrugas profundas en varias \u00e1reas de la cara.<\/p>\n<p>Uno de los usos (si no el principal) del relleno Elasty D Plus HA es el realce de labios. La caja que contiene no uno, sino dos rellenos de 1 ml permite a los m\u00e9dicos y expertos en belleza no solo manejar el procedimiento inicial de aumento de labios, sino tambi\u00e9n manejar f\u00e1cilmente el procedimiento de retoque posterior para mantener el volumen y la forma \u00f3ptimos de los labios para que luzcan m\u00e1s pr\u00edstinos. posible.<\/p>\n<h3>Elasty D Plus \u2013 pliegues nasolabiales y l\u00edneas de marioneta<\/h3>\n<p>M\u00e1s all\u00e1 de los labios, Elasty D Plus es una herramienta de relleno vers\u00e1til para una multitud de otros problemas. Al ser un gel hialur\u00f3nico moderadamente espeso, el producto se inyecta en las capas profundas de la piel, lo que significa que es m\u00e1s efectivo para tratar las l\u00edneas y arrugas pronunciadas de la piel (especialmente los pliegues nasolabiales) y restaurar el volumen de la piel en \u00e1reas de la cara, donde los rellenos suaves no tienen el espesor necesario para que quede firme, una vez aplicado.<\/p>","protected":false},"excerpt":{"rendered":"<p>Elasty D Plus es la soluci\u00f3n ideal para los pliegues y arrugas de la piel de moderados a profundos, as\u00ed como para el contorno efectivo de los labios con resultados perfectamente naturales. La aplicaci\u00f3n adecuada del relleno Elasty D permitir\u00e1 a los dermat\u00f3logos corregir por completo las l\u00edneas nasolabiales y de marioneta profundas. Adem\u00e1s, se puede utilizar por completo para aumentar la forma y el contorno de los labios para obtener ganancias sustanciales en t\u00e9rminos de volumen y apariencia general. Este relleno hialur\u00f3nico viene en un paquete doble y puede ofrecer hasta un a\u00f1o (o m\u00e1s) de relleno efectivo de la depresi\u00f3n de la piel y\/o realce de los labios.<\/p>","protected":false},"featured_media":36974,"template":"","meta":{"_acf_changed":false},"product_brand":[],"product_cat":[89,161,88,33],"product_tag":[90,111,151,133,107,134,137,120,116],"class_list":{"0":"post-36968","1":"product","2":"type-product","3":"status-publish","4":"has-post-thumbnail","6":"product_cat-big-holiday-sale","7":"product_cat-dongbang-medical","8":"product_cat-elasty","9":"product_cat-lip","10":"product_tag-90","11":"product_tag-face","12":"product_tag-hyaluronic-acid-ha-fillers","13":"product_tag-marionette-lines","14":"product_tag-nasolabial-folds","15":"product_tag-small-lips","16":"product_tag-south-korea","17":"product_tag-up-to-12-months","18":"product_tag-with-lidocaine","20":"first","21":"instock","22":"sale","23":"taxable","24":"shipping-taxable","25":"purchasable","26":"product-type-simple"},"acf":[],"yoast_head":"<!-- This site is optimized with the Yoast SEO plugin v27.4 - https:\/\/yoast.com\/product\/yoast-seo-wordpress\/ -->\n<title>Elasty D Plus Filler - Buy Elasty D Plus Now at My Lip Filler<\/title>\n<meta name=\"description\" content=\"Get Elasty D Plus Filler and Elasty D Plus for stunning results. Shop now at MyLipFiller for the best quality and deals on your favorite fillers\" \/>\n<meta name=\"robots\" content=\"index, follow, max-snippet:-1, max-image-preview:large, max-video-preview:-1\" \/>\n<link rel=\"canonical\" href=\"https:\/\/mylipfiller.com\/es\/elasty-d-plus-double-filler-2-x-1ml\/\" \/>\n<meta property=\"og:locale\" content=\"es_MX\" \/>\n<meta property=\"og:type\" content=\"article\" \/>\n<meta property=\"og:title\" content=\"Elasty D Plus Filler - Buy Elasty D Plus Now at My Lip Filler\" \/>\n<meta property=\"og:description\" content=\"Get Elasty D Plus Filler and Elasty D Plus for stunning results. Shop now at MyLipFiller for the best quality and deals on your favorite fillers\" \/>\n<meta property=\"og:url\" content=\"https:\/\/mylipfiller.com\/es\/elasty-d-plus-double-filler-2-x-1ml\/\" \/>\n<meta property=\"og:site_name\" content=\"My Lip Filler\" \/>\n<meta property=\"article:modified_time\" content=\"2024-08-07T08:35:52+00:00\" \/>\n<meta property=\"og:image\" content=\"https:\/\/cdn.mylipfiller.com\/wp-content\/uploads\/2022\/08\/Elasty-D-Plus.jpg\" \/>\n\t<meta property=\"og:image:width\" content=\"600\" \/>\n\t<meta property=\"og:image:height\" content=\"600\" \/>\n\t<meta property=\"og:image:type\" content=\"image\/jpeg\" \/>\n<meta name=\"twitter:card\" content=\"summary_large_image\" \/>\n<meta name=\"twitter:label1\" content=\"Tiempo de lectura\" \/>\n\t<meta name=\"twitter:data1\" content=\"2 minutos\" \/>\n<script type=\"application\/ld+json\" class=\"yoast-schema-graph\">{\"@context\":\"https:\\\/\\\/schema.org\",\"@graph\":[{\"@type\":\"WebPage\",\"@id\":\"https:\\\/\\\/mylipfiller.com\\\/elasty-d-plus-double-filler-2-x-1ml\\\/\",\"url\":\"https:\\\/\\\/mylipfiller.com\\\/elasty-d-plus-double-filler-2-x-1ml\\\/\",\"name\":\"Elasty D Plus Filler - Buy Elasty D Plus Now at My Lip Filler\",\"isPartOf\":{\"@id\":\"https:\\\/\\\/mylipfiller.com\\\/#website\"},\"primaryImageOfPage\":{\"@id\":\"https:\\\/\\\/mylipfiller.com\\\/elasty-d-plus-double-filler-2-x-1ml\\\/#primaryimage\"},\"image\":{\"@id\":\"https:\\\/\\\/mylipfiller.com\\\/elasty-d-plus-double-filler-2-x-1ml\\\/#primaryimage\"},\"thumbnailUrl\":\"https:\\\/\\\/mylipfiller.com\\\/wp-content\\\/uploads\\\/2022\\\/08\\\/Elasty-D-Plus.jpg\",\"datePublished\":\"2022-08-25T11:46:56+00:00\",\"dateModified\":\"2024-08-07T08:35:52+00:00\",\"description\":\"Get Elasty D Plus Filler and Elasty D Plus for stunning results. Shop now at MyLipFiller for the best quality and deals on your favorite fillers\",\"breadcrumb\":{\"@id\":\"https:\\\/\\\/mylipfiller.com\\\/elasty-d-plus-double-filler-2-x-1ml\\\/#breadcrumb\"},\"inLanguage\":\"es\",\"potentialAction\":[{\"@type\":\"ReadAction\",\"target\":[\"https:\\\/\\\/mylipfiller.com\\\/elasty-d-plus-double-filler-2-x-1ml\\\/\"]}]},{\"@type\":\"ImageObject\",\"inLanguage\":\"es\",\"@id\":\"https:\\\/\\\/mylipfiller.com\\\/elasty-d-plus-double-filler-2-x-1ml\\\/#primaryimage\",\"url\":\"https:\\\/\\\/mylipfiller.com\\\/wp-content\\\/uploads\\\/2022\\\/08\\\/Elasty-D-Plus.jpg\",\"contentUrl\":\"https:\\\/\\\/mylipfiller.com\\\/wp-content\\\/uploads\\\/2022\\\/08\\\/Elasty-D-Plus.jpg\",\"width\":600,\"height\":600,\"caption\":\"Elasty D Plus\"},{\"@type\":\"BreadcrumbList\",\"@id\":\"https:\\\/\\\/mylipfiller.com\\\/elasty-d-plus-double-filler-2-x-1ml\\\/#breadcrumb\",\"itemListElement\":[{\"@type\":\"ListItem\",\"position\":1,\"name\":\"Home\",\"item\":\"https:\\\/\\\/mylipfiller.com\\\/\"},{\"@type\":\"ListItem\",\"position\":2,\"name\":\"Shop\",\"item\":\"https:\\\/\\\/mylipfiller.com\\\/shop\\\/\"},{\"@type\":\"ListItem\",\"position\":3,\"name\":\"Elasty D Plus Double Filler (2 x 1ml)\"}]},{\"@type\":\"WebSite\",\"@id\":\"https:\\\/\\\/mylipfiller.com\\\/#website\",\"url\":\"https:\\\/\\\/mylipfiller.com\\\/\",\"name\":\"My Lip Filler\",\"description\":\"Hyaluronic Acid Lip and Dermal Fillers\",\"publisher\":{\"@id\":\"https:\\\/\\\/mylipfiller.com\\\/#organization\"},\"potentialAction\":[{\"@type\":\"SearchAction\",\"target\":{\"@type\":\"EntryPoint\",\"urlTemplate\":\"https:\\\/\\\/mylipfiller.com\\\/?s={search_term_string}\"},\"query-input\":{\"@type\":\"PropertyValueSpecification\",\"valueRequired\":true,\"valueName\":\"search_term_string\"}}],\"inLanguage\":\"es\"},{\"@type\":\"Organization\",\"@id\":\"https:\\\/\\\/mylipfiller.com\\\/#organization\",\"name\":\"My Lip Filler\",\"url\":\"https:\\\/\\\/mylipfiller.com\\\/\",\"logo\":{\"@type\":\"ImageObject\",\"inLanguage\":\"es\",\"@id\":\"https:\\\/\\\/mylipfiller.com\\\/#\\\/schema\\\/logo\\\/image\\\/\",\"url\":\"https:\\\/\\\/mylipfiller.com\\\/wp-content\\\/uploads\\\/2019\\\/02\\\/cropped-My-Lip-Filler-Logo.png\",\"contentUrl\":\"https:\\\/\\\/mylipfiller.com\\\/wp-content\\\/uploads\\\/2019\\\/02\\\/cropped-My-Lip-Filler-Logo.png\",\"width\":240,\"height\":88,\"caption\":\"My Lip Filler\"},\"image\":{\"@id\":\"https:\\\/\\\/mylipfiller.com\\\/#\\\/schema\\\/logo\\\/image\\\/\"}}]}<\/script>\n<!-- \/ Yoast SEO plugin. -->","yoast_head_json":{"title":"Relleno Elasty D Plus - Compre Elasty D Plus ahora en My Lip Filler","description":"Obtenga Elasty D Plus Filler y Elasty D Plus para obtener resultados sorprendentes. Compre ahora en MyLipFiller para obtener la mejor calidad y ofertas en sus rellenos favoritos","robots":{"index":"index","follow":"follow","max-snippet":"max-snippet:-1","max-image-preview":"max-image-preview:large","max-video-preview":"max-video-preview:-1"},"canonical":"https:\/\/mylipfiller.com\/es\/elasty-d-plus-double-filler-2-x-1ml\/","og_locale":"es_MX","og_type":"article","og_title":"Elasty D Plus Filler - Buy Elasty D Plus Now at My Lip Filler","og_description":"Get Elasty D Plus Filler and Elasty D Plus for stunning results. Shop now at MyLipFiller for the best quality and deals on your favorite fillers","og_url":"https:\/\/mylipfiller.com\/es\/elasty-d-plus-double-filler-2-x-1ml\/","og_site_name":"My Lip Filler","article_modified_time":"2024-08-07T08:35:52+00:00","og_image":[{"width":600,"height":600,"url":"https:\/\/cdn.mylipfiller.com\/wp-content\/uploads\/2022\/08\/Elasty-D-Plus.jpg","type":"image\/jpeg"}],"twitter_card":"summary_large_image","twitter_misc":{"Tiempo de lectura":"2 minutos"},"schema":{"@context":"https:\/\/schema.org","@graph":[{"@type":"WebPage","@id":"https:\/\/mylipfiller.com\/elasty-d-plus-double-filler-2-x-1ml\/","url":"https:\/\/mylipfiller.com\/elasty-d-plus-double-filler-2-x-1ml\/","name":"Relleno Elasty D Plus - Compre Elasty D Plus ahora en My Lip Filler","isPartOf":{"@id":"https:\/\/mylipfiller.com\/#website"},"primaryImageOfPage":{"@id":"https:\/\/mylipfiller.com\/elasty-d-plus-double-filler-2-x-1ml\/#primaryimage"},"image":{"@id":"https:\/\/mylipfiller.com\/elasty-d-plus-double-filler-2-x-1ml\/#primaryimage"},"thumbnailUrl":"https:\/\/cdn.mylipfiller.com\/wp-content\/uploads\/2022\/08\/Elasty-D-Plus.jpg","datePublished":"2022-08-25T11:46:56+00:00","dateModified":"2024-08-07T08:35:52+00:00","description":"Obtenga Elasty D Plus Filler y Elasty D Plus para obtener resultados sorprendentes. Compre ahora en MyLipFiller para obtener la mejor calidad y ofertas en sus rellenos favoritos","breadcrumb":{"@id":"https:\/\/mylipfiller.com\/elasty-d-plus-double-filler-2-x-1ml\/#breadcrumb"},"inLanguage":"es","potentialAction":[{"@type":"ReadAction","target":["https:\/\/mylipfiller.com\/elasty-d-plus-double-filler-2-x-1ml\/"]}]},{"@type":"ImageObject","inLanguage":"es","@id":"https:\/\/mylipfiller.com\/elasty-d-plus-double-filler-2-x-1ml\/#primaryimage","url":"https:\/\/cdn.mylipfiller.com\/wp-content\/uploads\/2022\/08\/Elasty-D-Plus.jpg","contentUrl":"https:\/\/cdn.mylipfiller.com\/wp-content\/uploads\/2022\/08\/Elasty-D-Plus.jpg","width":600,"height":600,"caption":"Elasty D Plus"},{"@type":"BreadcrumbList","@id":"https:\/\/mylipfiller.com\/elasty-d-plus-double-filler-2-x-1ml\/#breadcrumb","itemListElement":[{"@type":"ListItem","position":1,"name":"Home","item":"https:\/\/mylipfiller.com\/"},{"@type":"ListItem","position":2,"name":"Shop","item":"https:\/\/mylipfiller.com\/shop\/"},{"@type":"ListItem","position":3,"name":"Elasty D Plus Double Filler (2 x 1ml)"}]},{"@type":"WebSite","@id":"https:\/\/mylipfiller.com\/#website","url":"https:\/\/mylipfiller.com\/","name":"Mi relleno de labios","description":"Rellenos d\u00e9rmicos y de labios con \u00e1cido hialur\u00f3nico","publisher":{"@id":"https:\/\/mylipfiller.com\/#organization"},"potentialAction":[{"@type":"SearchAction","target":{"@type":"EntryPoint","urlTemplate":"https:\/\/mylipfiller.com\/?s={search_term_string}"},"query-input":{"@type":"PropertyValueSpecification","valueRequired":true,"valueName":"search_term_string"}}],"inLanguage":"es"},{"@type":"Organization","@id":"https:\/\/mylipfiller.com\/#organization","name":"Mi relleno de labios","url":"https:\/\/mylipfiller.com\/","logo":{"@type":"ImageObject","inLanguage":"es","@id":"https:\/\/mylipfiller.com\/#\/schema\/logo\/image\/","url":"https:\/\/cdn.mylipfiller.com\/wp-content\/uploads\/2019\/02\/cropped-My-Lip-Filler-Logo.png","contentUrl":"https:\/\/cdn.mylipfiller.com\/wp-content\/uploads\/2019\/02\/cropped-My-Lip-Filler-Logo.png","width":240,"height":88,"caption":"My Lip Filler"},"image":{"@id":"https:\/\/mylipfiller.com\/#\/schema\/logo\/image\/"}}]}},"_links":{"self":[{"href":"https:\/\/mylipfiller.com\/es\/wp-json\/wp\/v2\/product\/36968","targetHints":{"allow":["GET"]}}],"collection":[{"href":"https:\/\/mylipfiller.com\/es\/wp-json\/wp\/v2\/product"}],"about":[{"href":"https:\/\/mylipfiller.com\/es\/wp-json\/wp\/v2\/types\/product"}],"wp:featuredmedia":[{"embeddable":true,"href":"https:\/\/mylipfiller.com\/es\/wp-json\/wp\/v2\/media\/36974"}],"wp:attachment":[{"href":"https:\/\/mylipfiller.com\/es\/wp-json\/wp\/v2\/media?parent=36968"}],"wp:term":[{"taxonomy":"product_brand","embeddable":true,"href":"https:\/\/mylipfiller.com\/es\/wp-json\/wp\/v2\/product_brand?post=36968"},{"taxonomy":"product_cat","embeddable":true,"href":"https:\/\/mylipfiller.com\/es\/wp-json\/wp\/v2\/product_cat?post=36968"},{"taxonomy":"product_tag","embeddable":true,"href":"https:\/\/mylipfiller.com\/es\/wp-json\/wp\/v2\/product_tag?post=36968"}],"curies":[{"name":"gracias","href":"https:\/\/api.w.org\/{rel}","templated":true}]}}