{"id":36969,"date":"2022-08-25T13:47:10","date_gmt":"2022-08-25T11:47:10","guid":{"rendered":"https:\/\/mylipfiller.com\/?post_type=product&#038;p=36969"},"modified":"2024-03-25T16:12:12","modified_gmt":"2024-03-25T14:12:12","slug":"elasty-g-plus-double-filler-2-x-1ml","status":"publish","type":"product","link":"https:\/\/mylipfiller.com\/es\/elasty-g-plus-double-filler-2-x-1ml\/","title":{"rendered":"Elasty G Plus Doble Relleno (2 x 1ml)"},"content":{"rendered":"<p>Elegir el relleno de contorno correcto es extremadamente importante para el tipo de correcciones faciales que se realizan con este tipo de productos. Elasty G Plus ofrece la combinaci\u00f3n perfecta de calidad, propiedades del producto y par\u00e1metros para cubrir las necesidades de casi todos los clientes, lo que brinda una verdadera relaci\u00f3n calidad-precio. Todos los productos Elasty se basan en la tecnolog\u00eda PNET patentada por el fabricante. En el caso del relleno G, garantiza un efecto de mejora de volumen muy duradero en la zona tratada del rostro.<\/p>\n<h3>Aumento de apariencia natural con Elasty G<\/h3>\n<p>La estabilidad lo es todo cuando se trata de esculpir rellenos y Elasty G no defrauda. Proporcionar\u00e1 resultados de apariencia completamente natural, con movimiento del gel a diferentes partes de la cara. Utilizando este gel hialur\u00f3nico, es f\u00e1cil lograr mejoras sustanciales, as\u00ed como la correcci\u00f3n de imperfecciones o aumentos como:<\/p>\n<ul>\n<li>Contorno de la mand\u00edbula<\/li>\n<li>Esculpir el ment\u00f3n<\/li>\n<li>Correcciones de nariz (rinoplastia menor)<\/li>\n<li>acento de p\u00f3mulo<\/li>\n<li>Restauraci\u00f3n del volumen de las mejillas<\/li>\n<li>Relleno severo de l\u00edneas glabelares y de marionetas<\/li>\n<\/ul>\n<p>El paquete viene con dos rellenos e instrucciones de uso con las contraindicaciones enumeradas. El relleno Elasty G Plus es f\u00e1cil de usar por un profesional y garantizar\u00e1 una experiencia c\u00f3moda y sin dolor del procedimiento de aumento y contorneado facial para el paciente.<\/p>","protected":false},"excerpt":{"rendered":"<p>La entrada m\u00e1s gruesa en la serie de la marca, el relleno Elasty G Plus es la soluci\u00f3n para aquellos que buscan aumentar el contorno de la cara. Uno de los mejores rellenos de contorno del mercado, The Elasty G es un gel hialur\u00f3nico denso que es ideal para esculpir la l\u00ednea de la mand\u00edbula, el ment\u00f3n y el \u00f3valo facial. Los p\u00f3mulos pueden ser sustancialmente m\u00e1s pronunciados una vez que se aplica el gel en el \u00e1rea. No limitado a eso, este relleno facial es una soluci\u00f3n preferida entre dermat\u00f3logos, cirujanos pl\u00e1sticos y profesionales de la belleza que se ocupan de depresiones cut\u00e1neas severas, especialmente las formas m\u00e1s pronunciadas de l\u00edneas glabelares.<\/p>","protected":false},"featured_media":36973,"template":"","meta":{"_acf_changed":false},"product_brand":[],"product_cat":[89,161,88,34],"product_tag":[90,123,130,131,115,114,111,118,151,141,142,135,137,110,122,124,116],"class_list":{"0":"post-36969","1":"product","2":"type-product","3":"status-publish","4":"has-post-thumbnail","6":"product_cat-big-holiday-sale","7":"product_cat-dongbang-medical","8":"product_cat-elasty","9":"product_cat-hard","10":"product_tag-90","11":"product_tag-asymmetry","12":"product_tag-cheek-volume","13":"product_tag-cheekbone-contour","14":"product_tag-cheekbones","15":"product_tag-chin","16":"product_tag-face","17":"product_tag-high-density","18":"product_tag-hyaluronic-acid-ha-fillers","19":"product_tag-lifting","20":"product_tag-modeling","21":"product_tag-small-chin","22":"product_tag-south-korea","23":"product_tag-temple","24":"product_tag-up-to-18-months","25":"product_tag-volume","26":"product_tag-with-lidocaine","28":"first","29":"instock","30":"sale","31":"taxable","32":"shipping-taxable","33":"purchasable","34":"product-type-simple"},"acf":[],"yoast_head":"<!-- This site is optimized with the Yoast SEO plugin v27.2 - https:\/\/yoast.com\/product\/yoast-seo-wordpress\/ -->\n<title>Buy Elasty G Plus Double Filler (2 x 1ml) - Fillers from My Lip Filler<\/title>\n<meta name=\"description\" content=\"\u2765Buy Elasty G Plus Double Filler (2 x 1ml) \u23e9 My Lip Filler online store \u27a6 Quality assurance, reviews, ingredients, best prices!\" \/>\n<meta name=\"robots\" content=\"index, follow, max-snippet:-1, max-image-preview:large, max-video-preview:-1\" \/>\n<link rel=\"canonical\" href=\"https:\/\/mylipfiller.com\/es\/elasty-g-plus-double-filler-2-x-1ml\/\" \/>\n<meta property=\"og:locale\" content=\"es_MX\" \/>\n<meta property=\"og:type\" content=\"article\" \/>\n<meta property=\"og:title\" content=\"Buy Elasty G Plus Double Filler (2 x 1ml) - Fillers from My Lip Filler\" \/>\n<meta property=\"og:description\" content=\"\u2765Buy Elasty G Plus Double Filler (2 x 1ml) \u23e9 My Lip Filler online store \u27a6 Quality assurance, reviews, ingredients, best prices!\" \/>\n<meta property=\"og:url\" content=\"https:\/\/mylipfiller.com\/es\/elasty-g-plus-double-filler-2-x-1ml\/\" \/>\n<meta property=\"og:site_name\" content=\"My Lip Filler\" \/>\n<meta property=\"article:modified_time\" content=\"2024-03-25T14:12:12+00:00\" \/>\n<meta property=\"og:image\" content=\"https:\/\/cdn.mylipfiller.com\/wp-content\/uploads\/2022\/08\/Elasty-G-Plus.jpg\" \/>\n\t<meta property=\"og:image:width\" content=\"600\" \/>\n\t<meta property=\"og:image:height\" content=\"600\" \/>\n\t<meta property=\"og:image:type\" content=\"image\/jpeg\" \/>\n<meta name=\"twitter:card\" content=\"summary_large_image\" \/>\n<meta name=\"twitter:label1\" content=\"Tiempo de lectura\" \/>\n\t<meta name=\"twitter:data1\" content=\"1 minuto\" \/>\n<script type=\"application\/ld+json\" class=\"yoast-schema-graph\">{\"@context\":\"https:\/\/schema.org\",\"@graph\":[{\"@type\":\"WebPage\",\"@id\":\"https:\/\/mylipfiller.com\/elasty-g-plus-double-filler-2-x-1ml\/\",\"url\":\"https:\/\/mylipfiller.com\/elasty-g-plus-double-filler-2-x-1ml\/\",\"name\":\"Buy Elasty G Plus Double Filler (2 x 1ml) - Fillers from My Lip Filler\",\"isPartOf\":{\"@id\":\"https:\/\/mylipfiller.com\/#website\"},\"primaryImageOfPage\":{\"@id\":\"https:\/\/mylipfiller.com\/elasty-g-plus-double-filler-2-x-1ml\/#primaryimage\"},\"image\":{\"@id\":\"https:\/\/mylipfiller.com\/elasty-g-plus-double-filler-2-x-1ml\/#primaryimage\"},\"thumbnailUrl\":\"https:\/\/cdn.mylipfiller.com\/wp-content\/uploads\/2022\/08\/Elasty-G-Plus.jpg\",\"datePublished\":\"2022-08-25T11:47:10+00:00\",\"dateModified\":\"2024-03-25T14:12:12+00:00\",\"description\":\"\u2765Buy Elasty G Plus Double Filler (2 x 1ml) \u23e9 My Lip Filler online store \u27a6 Quality assurance, reviews, ingredients, best prices!\",\"breadcrumb\":{\"@id\":\"https:\/\/mylipfiller.com\/elasty-g-plus-double-filler-2-x-1ml\/#breadcrumb\"},\"inLanguage\":\"es\",\"potentialAction\":[{\"@type\":\"ReadAction\",\"target\":[\"https:\/\/mylipfiller.com\/elasty-g-plus-double-filler-2-x-1ml\/\"]}]},{\"@type\":\"ImageObject\",\"inLanguage\":\"es\",\"@id\":\"https:\/\/mylipfiller.com\/elasty-g-plus-double-filler-2-x-1ml\/#primaryimage\",\"url\":\"https:\/\/cdn.mylipfiller.com\/wp-content\/uploads\/2022\/08\/Elasty-G-Plus.jpg\",\"contentUrl\":\"https:\/\/cdn.mylipfiller.com\/wp-content\/uploads\/2022\/08\/Elasty-G-Plus.jpg\",\"width\":600,\"height\":600,\"caption\":\"Elasty G Plus\"},{\"@type\":\"BreadcrumbList\",\"@id\":\"https:\/\/mylipfiller.com\/elasty-g-plus-double-filler-2-x-1ml\/#breadcrumb\",\"itemListElement\":[{\"@type\":\"ListItem\",\"position\":1,\"name\":\"Home\",\"item\":\"https:\/\/mylipfiller.com\/\"},{\"@type\":\"ListItem\",\"position\":2,\"name\":\"Shop\",\"item\":\"https:\/\/mylipfiller.com\/shop\/\"},{\"@type\":\"ListItem\",\"position\":3,\"name\":\"Elasty G Plus Double Filler (2 x 1ml)\"}]},{\"@type\":\"WebSite\",\"@id\":\"https:\/\/mylipfiller.com\/#website\",\"url\":\"https:\/\/mylipfiller.com\/\",\"name\":\"My Lip Filler\",\"description\":\"Hyaluronic Acid Lip and Dermal Fillers\",\"publisher\":{\"@id\":\"https:\/\/mylipfiller.com\/#organization\"},\"potentialAction\":[{\"@type\":\"SearchAction\",\"target\":{\"@type\":\"EntryPoint\",\"urlTemplate\":\"https:\/\/mylipfiller.com\/?s={search_term_string}\"},\"query-input\":{\"@type\":\"PropertyValueSpecification\",\"valueRequired\":true,\"valueName\":\"search_term_string\"}}],\"inLanguage\":\"es\"},{\"@type\":\"Organization\",\"@id\":\"https:\/\/mylipfiller.com\/#organization\",\"name\":\"My Lip Filler\",\"url\":\"https:\/\/mylipfiller.com\/\",\"logo\":{\"@type\":\"ImageObject\",\"inLanguage\":\"es\",\"@id\":\"https:\/\/mylipfiller.com\/#\/schema\/logo\/image\/\",\"url\":\"https:\/\/cdn.mylipfiller.com\/wp-content\/uploads\/2019\/02\/cropped-My-Lip-Filler-Logo.png\",\"contentUrl\":\"https:\/\/cdn.mylipfiller.com\/wp-content\/uploads\/2019\/02\/cropped-My-Lip-Filler-Logo.png\",\"width\":240,\"height\":88,\"caption\":\"My Lip Filler\"},\"image\":{\"@id\":\"https:\/\/mylipfiller.com\/#\/schema\/logo\/image\/\"}}]}<\/script>\n<!-- \/ Yoast SEO plugin. -->","yoast_head_json":{"title":"Comprar Elasty G Plus Double Filler (2 x 1ml) - Rellenos de My Lip Filler","description":"\u2765Compra Elasty G Plus Double Filler (2 x 1ml) \u23e9 Tienda online My Lip Filler \u27a6 Garant\u00eda de calidad, rese\u00f1as, ingredientes, \u00a1los mejores precios!","robots":{"index":"index","follow":"follow","max-snippet":"max-snippet:-1","max-image-preview":"max-image-preview:large","max-video-preview":"max-video-preview:-1"},"canonical":"https:\/\/mylipfiller.com\/es\/elasty-g-plus-double-filler-2-x-1ml\/","og_locale":"es_MX","og_type":"article","og_title":"Buy Elasty G Plus Double Filler (2 x 1ml) - Fillers from My Lip Filler","og_description":"\u2765Buy Elasty G Plus Double Filler (2 x 1ml) \u23e9 My Lip Filler online store \u27a6 Quality assurance, reviews, ingredients, best prices!","og_url":"https:\/\/mylipfiller.com\/es\/elasty-g-plus-double-filler-2-x-1ml\/","og_site_name":"My Lip Filler","article_modified_time":"2024-03-25T14:12:12+00:00","og_image":[{"width":600,"height":600,"url":"https:\/\/cdn.mylipfiller.com\/wp-content\/uploads\/2022\/08\/Elasty-G-Plus.jpg","type":"image\/jpeg"}],"twitter_card":"summary_large_image","twitter_misc":{"Tiempo de lectura":"1 minuto"},"schema":{"@context":"https:\/\/schema.org","@graph":[{"@type":"WebPage","@id":"https:\/\/mylipfiller.com\/elasty-g-plus-double-filler-2-x-1ml\/","url":"https:\/\/mylipfiller.com\/elasty-g-plus-double-filler-2-x-1ml\/","name":"Comprar Elasty G Plus Double Filler (2 x 1ml) - Rellenos de My Lip Filler","isPartOf":{"@id":"https:\/\/mylipfiller.com\/#website"},"primaryImageOfPage":{"@id":"https:\/\/mylipfiller.com\/elasty-g-plus-double-filler-2-x-1ml\/#primaryimage"},"image":{"@id":"https:\/\/mylipfiller.com\/elasty-g-plus-double-filler-2-x-1ml\/#primaryimage"},"thumbnailUrl":"https:\/\/cdn.mylipfiller.com\/wp-content\/uploads\/2022\/08\/Elasty-G-Plus.jpg","datePublished":"2022-08-25T11:47:10+00:00","dateModified":"2024-03-25T14:12:12+00:00","description":"\u2765Compra Elasty G Plus Double Filler (2 x 1ml) \u23e9 Tienda online My Lip Filler \u27a6 Garant\u00eda de calidad, rese\u00f1as, ingredientes, \u00a1los mejores precios!","breadcrumb":{"@id":"https:\/\/mylipfiller.com\/elasty-g-plus-double-filler-2-x-1ml\/#breadcrumb"},"inLanguage":"es","potentialAction":[{"@type":"ReadAction","target":["https:\/\/mylipfiller.com\/elasty-g-plus-double-filler-2-x-1ml\/"]}]},{"@type":"ImageObject","inLanguage":"es","@id":"https:\/\/mylipfiller.com\/elasty-g-plus-double-filler-2-x-1ml\/#primaryimage","url":"https:\/\/cdn.mylipfiller.com\/wp-content\/uploads\/2022\/08\/Elasty-G-Plus.jpg","contentUrl":"https:\/\/cdn.mylipfiller.com\/wp-content\/uploads\/2022\/08\/Elasty-G-Plus.jpg","width":600,"height":600,"caption":"Elasty G Plus"},{"@type":"BreadcrumbList","@id":"https:\/\/mylipfiller.com\/elasty-g-plus-double-filler-2-x-1ml\/#breadcrumb","itemListElement":[{"@type":"ListItem","position":1,"name":"Home","item":"https:\/\/mylipfiller.com\/"},{"@type":"ListItem","position":2,"name":"Shop","item":"https:\/\/mylipfiller.com\/shop\/"},{"@type":"ListItem","position":3,"name":"Elasty G Plus Double Filler (2 x 1ml)"}]},{"@type":"WebSite","@id":"https:\/\/mylipfiller.com\/#website","url":"https:\/\/mylipfiller.com\/","name":"Mi relleno de labios","description":"Rellenos d\u00e9rmicos y de labios con \u00e1cido hialur\u00f3nico","publisher":{"@id":"https:\/\/mylipfiller.com\/#organization"},"potentialAction":[{"@type":"SearchAction","target":{"@type":"EntryPoint","urlTemplate":"https:\/\/mylipfiller.com\/?s={search_term_string}"},"query-input":{"@type":"PropertyValueSpecification","valueRequired":true,"valueName":"search_term_string"}}],"inLanguage":"es"},{"@type":"Organization","@id":"https:\/\/mylipfiller.com\/#organization","name":"Mi relleno de labios","url":"https:\/\/mylipfiller.com\/","logo":{"@type":"ImageObject","inLanguage":"es","@id":"https:\/\/mylipfiller.com\/#\/schema\/logo\/image\/","url":"https:\/\/cdn.mylipfiller.com\/wp-content\/uploads\/2019\/02\/cropped-My-Lip-Filler-Logo.png","contentUrl":"https:\/\/cdn.mylipfiller.com\/wp-content\/uploads\/2019\/02\/cropped-My-Lip-Filler-Logo.png","width":240,"height":88,"caption":"My Lip Filler"},"image":{"@id":"https:\/\/mylipfiller.com\/#\/schema\/logo\/image\/"}}]}},"_links":{"self":[{"href":"https:\/\/mylipfiller.com\/es\/wp-json\/wp\/v2\/product\/36969","targetHints":{"allow":["GET"]}}],"collection":[{"href":"https:\/\/mylipfiller.com\/es\/wp-json\/wp\/v2\/product"}],"about":[{"href":"https:\/\/mylipfiller.com\/es\/wp-json\/wp\/v2\/types\/product"}],"wp:featuredmedia":[{"embeddable":true,"href":"https:\/\/mylipfiller.com\/es\/wp-json\/wp\/v2\/media\/36973"}],"wp:attachment":[{"href":"https:\/\/mylipfiller.com\/es\/wp-json\/wp\/v2\/media?parent=36969"}],"wp:term":[{"taxonomy":"product_brand","embeddable":true,"href":"https:\/\/mylipfiller.com\/es\/wp-json\/wp\/v2\/product_brand?post=36969"},{"taxonomy":"product_cat","embeddable":true,"href":"https:\/\/mylipfiller.com\/es\/wp-json\/wp\/v2\/product_cat?post=36969"},{"taxonomy":"product_tag","embeddable":true,"href":"https:\/\/mylipfiller.com\/es\/wp-json\/wp\/v2\/product_tag?post=36969"}],"curies":[{"name":"gracias","href":"https:\/\/api.w.org\/{rel}","templated":true}]}}