{"id":3756,"date":"2023-10-26T16:46:24","date_gmt":"2023-10-26T14:46:24","guid":{"rendered":"https:\/\/mylipfiller.com\/?post_type=product&#038;p=3756"},"modified":"2024-07-03T17:33:01","modified_gmt":"2024-07-03T15:33:01","slug":"neo-mono-thread","status":"publish","type":"product","link":"https:\/\/mylipfiller.com\/es\/neo-mono-thread\/","title":{"rendered":"Hilo Neo Mono"},"content":{"rendered":"<h3>Un producto asequible pero muy fiable.<\/h3>\n<p>La empresa detr\u00e1s de Neo Mono Thread es NeoGenesis. Es ampliamente conocido no s\u00f3lo por desarrollar sino tambi\u00e9n por fabricar todos sus excepcionales productos cosm\u00e9ticos y est\u00e9ticos, incluido este. Precisamente por eso, este innovador hilo de filamento se puede adquirir a un precio sorprendentemente competitivo. Es m\u00e1s, este producto <em>ofrece una incre\u00edble relaci\u00f3n calidad-precio<\/em> ya que es una soluci\u00f3n m\u00e9dica certificada CE y KFDA y est\u00e1 hecha de PDO o polidioxanona de primera calidad. Gracias a eso, se ha demostrado que este hilo mono de primera categor\u00eda es muy seguro. La DOP con la que est\u00e1 elaborado proporcionar\u00e1 un efecto lifting duradero a <u>corregir eficazmente la flacidez de la piel<\/u> y potenciar\u00e1 la s\u00edntesis de col\u00e1geno y elastina en la piel alrededor de las zonas de tratamiento. Esto se debe a que el organismo humano reconoce el hilo como un cuerpo extra\u00f1o, provocando una reacci\u00f3n que aumenta los niveles de elastina y col\u00e1geno en la piel.<\/p>\n<h3>\u00bfQu\u00e9 se puede esperar despu\u00e9s del tratamiento con Neo Mono Thread?<\/h3>\n<p>Dependiendo de las \u00e1reas objetivo y de los resultados deseados, el tratamiento con Neo Mono Thread suele durar <em>15 a 30 minutos<\/em> y es:<\/p>\n<ul>\n<li>Casi <u>sin dolor<\/u> como se hace bajo anestesia local<\/li>\n<li><u>Conveniente<\/u> porque no requiere tiempo de inactividad<\/li>\n<li><u>Sin riesgo<\/u> ya que no produce efectos adversos nocivos<\/li>\n<li><u>Eficaz<\/u> para proporcionar resultados inmediatos de elevaci\u00f3n y rejuvenecimiento.<\/li>\n<\/ul>","protected":false},"excerpt":{"rendered":"<p>Neo Mono Thread de la empresa surcoreana NeoGenesis es un producto innovador dise\u00f1ado para aplicarse durante procedimientos m\u00ednimamente invasivos para la correcci\u00f3n indolora de la papada. <u>rostro y contorno corporal de apariencia natural<\/u>. Esta <em>Hilo PDO pionero<\/em> Puede rejuvenecer r\u00e1pidamente la piel estimulando la producci\u00f3n de col\u00e1geno y elastina. Tambi\u00e9n tiene impresionantes capacidades de elevaci\u00f3n que pueden suavizar y brindar una satisfacci\u00f3n al paciente dif\u00edcil de igualar. Este asequible producto ahora es a\u00fan m\u00e1s asequible gracias a My Lip Filler.<\/p>","protected":false},"featured_media":3765,"template":"","meta":{"_acf_changed":false},"product_brand":[],"product_cat":[18],"product_tag":[111,141,132,137],"class_list":{"0":"post-3756","1":"product","2":"type-product","3":"status-publish","4":"has-post-thumbnail","6":"product_cat-mesotherapy","7":"product_tag-face","8":"product_tag-lifting","9":"product_tag-sagging-skin","10":"product_tag-south-korea","12":"first","13":"outofstock","14":"taxable","15":"shipping-taxable","16":"product-type-simple"},"acf":[],"yoast_head":"<!-- This site is optimized with the Yoast SEO plugin v27.2 - https:\/\/yoast.com\/product\/yoast-seo-wordpress\/ -->\n<title>Buy Neo Mono Thread - Fillers from My Lip Filler<\/title>\n<meta name=\"description\" content=\"\u2765Buy Neo Mono Thread \u23e9 My Lip Filler online store \u27a6 Quality assurance, reviews, ingredients, best prices!\" \/>\n<meta name=\"robots\" content=\"index, follow, max-snippet:-1, max-image-preview:large, max-video-preview:-1\" \/>\n<link rel=\"canonical\" href=\"https:\/\/mylipfiller.com\/es\/neo-mono-thread\/\" \/>\n<meta property=\"og:locale\" content=\"es_MX\" \/>\n<meta property=\"og:type\" content=\"article\" \/>\n<meta property=\"og:title\" content=\"Buy Neo Mono Thread - Fillers from My Lip Filler\" \/>\n<meta property=\"og:description\" content=\"\u2765Buy Neo Mono Thread \u23e9 My Lip Filler online store \u27a6 Quality assurance, reviews, ingredients, best prices!\" \/>\n<meta property=\"og:url\" content=\"https:\/\/mylipfiller.com\/es\/neo-mono-thread\/\" \/>\n<meta property=\"og:site_name\" content=\"My Lip Filler\" \/>\n<meta property=\"article:modified_time\" content=\"2024-07-03T15:33:01+00:00\" \/>\n<meta property=\"og:image\" content=\"https:\/\/cdn.mylipfiller.com\/wp-content\/uploads\/2019\/08\/NEO-Mono-Thread.jpg\" \/>\n\t<meta property=\"og:image:width\" content=\"600\" \/>\n\t<meta property=\"og:image:height\" content=\"600\" \/>\n\t<meta property=\"og:image:type\" content=\"image\/jpeg\" \/>\n<meta name=\"twitter:card\" content=\"summary_large_image\" \/>\n<meta name=\"twitter:label1\" content=\"Tiempo de lectura\" \/>\n\t<meta name=\"twitter:data1\" content=\"2 minutos\" \/>\n<script type=\"application\/ld+json\" class=\"yoast-schema-graph\">{\"@context\":\"https:\/\/schema.org\",\"@graph\":[{\"@type\":\"WebPage\",\"@id\":\"https:\/\/mylipfiller.com\/neo-mono-thread\/\",\"url\":\"https:\/\/mylipfiller.com\/neo-mono-thread\/\",\"name\":\"Buy Neo Mono Thread - Fillers from My Lip Filler\",\"isPartOf\":{\"@id\":\"https:\/\/mylipfiller.com\/#website\"},\"primaryImageOfPage\":{\"@id\":\"https:\/\/mylipfiller.com\/neo-mono-thread\/#primaryimage\"},\"image\":{\"@id\":\"https:\/\/mylipfiller.com\/neo-mono-thread\/#primaryimage\"},\"thumbnailUrl\":\"https:\/\/cdn.mylipfiller.com\/wp-content\/uploads\/2019\/08\/NEO-Mono-Thread.jpg\",\"datePublished\":\"2023-10-26T14:46:24+00:00\",\"dateModified\":\"2024-07-03T15:33:01+00:00\",\"description\":\"\u2765Buy Neo Mono Thread \u23e9 My Lip Filler online store \u27a6 Quality assurance, reviews, ingredients, best prices!\",\"breadcrumb\":{\"@id\":\"https:\/\/mylipfiller.com\/neo-mono-thread\/#breadcrumb\"},\"inLanguage\":\"es\",\"potentialAction\":[{\"@type\":\"ReadAction\",\"target\":[\"https:\/\/mylipfiller.com\/neo-mono-thread\/\"]}]},{\"@type\":\"ImageObject\",\"inLanguage\":\"es\",\"@id\":\"https:\/\/mylipfiller.com\/neo-mono-thread\/#primaryimage\",\"url\":\"https:\/\/cdn.mylipfiller.com\/wp-content\/uploads\/2019\/08\/NEO-Mono-Thread.jpg\",\"contentUrl\":\"https:\/\/cdn.mylipfiller.com\/wp-content\/uploads\/2019\/08\/NEO-Mono-Thread.jpg\",\"width\":600,\"height\":600,\"caption\":\"NEO Mono Thread\"},{\"@type\":\"BreadcrumbList\",\"@id\":\"https:\/\/mylipfiller.com\/neo-mono-thread\/#breadcrumb\",\"itemListElement\":[{\"@type\":\"ListItem\",\"position\":1,\"name\":\"Home\",\"item\":\"https:\/\/mylipfiller.com\/\"},{\"@type\":\"ListItem\",\"position\":2,\"name\":\"Shop\",\"item\":\"https:\/\/mylipfiller.com\/shop\/\"},{\"@type\":\"ListItem\",\"position\":3,\"name\":\"Neo Mono Thread\"}]},{\"@type\":\"WebSite\",\"@id\":\"https:\/\/mylipfiller.com\/#website\",\"url\":\"https:\/\/mylipfiller.com\/\",\"name\":\"My Lip Filler\",\"description\":\"Hyaluronic Acid Lip and Dermal Fillers\",\"publisher\":{\"@id\":\"https:\/\/mylipfiller.com\/#organization\"},\"potentialAction\":[{\"@type\":\"SearchAction\",\"target\":{\"@type\":\"EntryPoint\",\"urlTemplate\":\"https:\/\/mylipfiller.com\/?s={search_term_string}\"},\"query-input\":{\"@type\":\"PropertyValueSpecification\",\"valueRequired\":true,\"valueName\":\"search_term_string\"}}],\"inLanguage\":\"es\"},{\"@type\":\"Organization\",\"@id\":\"https:\/\/mylipfiller.com\/#organization\",\"name\":\"My Lip Filler\",\"url\":\"https:\/\/mylipfiller.com\/\",\"logo\":{\"@type\":\"ImageObject\",\"inLanguage\":\"es\",\"@id\":\"https:\/\/mylipfiller.com\/#\/schema\/logo\/image\/\",\"url\":\"https:\/\/cdn.mylipfiller.com\/wp-content\/uploads\/2019\/02\/cropped-My-Lip-Filler-Logo.png\",\"contentUrl\":\"https:\/\/cdn.mylipfiller.com\/wp-content\/uploads\/2019\/02\/cropped-My-Lip-Filler-Logo.png\",\"width\":240,\"height\":88,\"caption\":\"My Lip Filler\"},\"image\":{\"@id\":\"https:\/\/mylipfiller.com\/#\/schema\/logo\/image\/\"}}]}<\/script>\n<!-- \/ Yoast SEO plugin. -->","yoast_head_json":{"title":"Comprar Neo Mono Rosca - Rellenos de My Lip Filler","description":"\u2765Compra Neo Mono Hilo \u23e9 Tienda online My Lip Filler \u27a6 Garant\u00eda de calidad, opiniones, ingredientes, \u00a1los mejores precios!","robots":{"index":"index","follow":"follow","max-snippet":"max-snippet:-1","max-image-preview":"max-image-preview:large","max-video-preview":"max-video-preview:-1"},"canonical":"https:\/\/mylipfiller.com\/es\/neo-mono-thread\/","og_locale":"es_MX","og_type":"article","og_title":"Buy Neo Mono Thread - Fillers from My Lip Filler","og_description":"\u2765Buy Neo Mono Thread \u23e9 My Lip Filler online store \u27a6 Quality assurance, reviews, ingredients, best prices!","og_url":"https:\/\/mylipfiller.com\/es\/neo-mono-thread\/","og_site_name":"My Lip Filler","article_modified_time":"2024-07-03T15:33:01+00:00","og_image":[{"width":600,"height":600,"url":"https:\/\/cdn.mylipfiller.com\/wp-content\/uploads\/2019\/08\/NEO-Mono-Thread.jpg","type":"image\/jpeg"}],"twitter_card":"summary_large_image","twitter_misc":{"Tiempo de lectura":"2 minutos"},"schema":{"@context":"https:\/\/schema.org","@graph":[{"@type":"WebPage","@id":"https:\/\/mylipfiller.com\/neo-mono-thread\/","url":"https:\/\/mylipfiller.com\/neo-mono-thread\/","name":"Comprar Neo Mono Rosca - Rellenos de My Lip Filler","isPartOf":{"@id":"https:\/\/mylipfiller.com\/#website"},"primaryImageOfPage":{"@id":"https:\/\/mylipfiller.com\/neo-mono-thread\/#primaryimage"},"image":{"@id":"https:\/\/mylipfiller.com\/neo-mono-thread\/#primaryimage"},"thumbnailUrl":"https:\/\/cdn.mylipfiller.com\/wp-content\/uploads\/2019\/08\/NEO-Mono-Thread.jpg","datePublished":"2023-10-26T14:46:24+00:00","dateModified":"2024-07-03T15:33:01+00:00","description":"\u2765Compra Neo Mono Hilo \u23e9 Tienda online My Lip Filler \u27a6 Garant\u00eda de calidad, opiniones, ingredientes, \u00a1los mejores precios!","breadcrumb":{"@id":"https:\/\/mylipfiller.com\/neo-mono-thread\/#breadcrumb"},"inLanguage":"es","potentialAction":[{"@type":"ReadAction","target":["https:\/\/mylipfiller.com\/neo-mono-thread\/"]}]},{"@type":"ImageObject","inLanguage":"es","@id":"https:\/\/mylipfiller.com\/neo-mono-thread\/#primaryimage","url":"https:\/\/cdn.mylipfiller.com\/wp-content\/uploads\/2019\/08\/NEO-Mono-Thread.jpg","contentUrl":"https:\/\/cdn.mylipfiller.com\/wp-content\/uploads\/2019\/08\/NEO-Mono-Thread.jpg","width":600,"height":600,"caption":"NEO Mono Thread"},{"@type":"BreadcrumbList","@id":"https:\/\/mylipfiller.com\/neo-mono-thread\/#breadcrumb","itemListElement":[{"@type":"ListItem","position":1,"name":"Home","item":"https:\/\/mylipfiller.com\/"},{"@type":"ListItem","position":2,"name":"Shop","item":"https:\/\/mylipfiller.com\/shop\/"},{"@type":"ListItem","position":3,"name":"Neo Mono Thread"}]},{"@type":"WebSite","@id":"https:\/\/mylipfiller.com\/#website","url":"https:\/\/mylipfiller.com\/","name":"Mi relleno de labios","description":"Rellenos d\u00e9rmicos y de labios con \u00e1cido hialur\u00f3nico","publisher":{"@id":"https:\/\/mylipfiller.com\/#organization"},"potentialAction":[{"@type":"SearchAction","target":{"@type":"EntryPoint","urlTemplate":"https:\/\/mylipfiller.com\/?s={search_term_string}"},"query-input":{"@type":"PropertyValueSpecification","valueRequired":true,"valueName":"search_term_string"}}],"inLanguage":"es"},{"@type":"Organization","@id":"https:\/\/mylipfiller.com\/#organization","name":"Mi relleno de labios","url":"https:\/\/mylipfiller.com\/","logo":{"@type":"ImageObject","inLanguage":"es","@id":"https:\/\/mylipfiller.com\/#\/schema\/logo\/image\/","url":"https:\/\/cdn.mylipfiller.com\/wp-content\/uploads\/2019\/02\/cropped-My-Lip-Filler-Logo.png","contentUrl":"https:\/\/cdn.mylipfiller.com\/wp-content\/uploads\/2019\/02\/cropped-My-Lip-Filler-Logo.png","width":240,"height":88,"caption":"My Lip Filler"},"image":{"@id":"https:\/\/mylipfiller.com\/#\/schema\/logo\/image\/"}}]}},"_links":{"self":[{"href":"https:\/\/mylipfiller.com\/es\/wp-json\/wp\/v2\/product\/3756","targetHints":{"allow":["GET"]}}],"collection":[{"href":"https:\/\/mylipfiller.com\/es\/wp-json\/wp\/v2\/product"}],"about":[{"href":"https:\/\/mylipfiller.com\/es\/wp-json\/wp\/v2\/types\/product"}],"wp:featuredmedia":[{"embeddable":true,"href":"https:\/\/mylipfiller.com\/es\/wp-json\/wp\/v2\/media\/3765"}],"wp:attachment":[{"href":"https:\/\/mylipfiller.com\/es\/wp-json\/wp\/v2\/media?parent=3756"}],"wp:term":[{"taxonomy":"product_brand","embeddable":true,"href":"https:\/\/mylipfiller.com\/es\/wp-json\/wp\/v2\/product_brand?post=3756"},{"taxonomy":"product_cat","embeddable":true,"href":"https:\/\/mylipfiller.com\/es\/wp-json\/wp\/v2\/product_cat?post=3756"},{"taxonomy":"product_tag","embeddable":true,"href":"https:\/\/mylipfiller.com\/es\/wp-json\/wp\/v2\/product_tag?post=3756"}],"curies":[{"name":"gracias","href":"https:\/\/api.w.org\/{rel}","templated":true}]}}