{"id":3757,"date":"2023-10-26T16:46:24","date_gmt":"2023-10-26T14:46:24","guid":{"rendered":"https:\/\/mylipfiller.com\/?post_type=product&#038;p=3757"},"modified":"2024-07-03T17:33:01","modified_gmt":"2024-07-03T15:33:01","slug":"neo-multi-thread","status":"publish","type":"product","link":"https:\/\/mylipfiller.com\/es\/neo-multi-thread\/","title":{"rendered":"Neo hilo m\u00faltiple"},"content":{"rendered":"<h3>\u00bfC\u00f3mo le va a Neo Multi Thread frente a sus rivales?<\/h3>\n<p>En comparaci\u00f3n con los hilos simples, Neo Multi Thread ofrece una apariencia mucho m\u00e1s visible y <u>resultados de levantamiento m\u00e1s fuertes y duraderos<\/u> simplemente porque viene con varios hilos en lugar de uno solo. Dado que este producto est\u00e1 hecho de polidioxanona sint\u00e9tica (PDO), tambi\u00e9n tiene la capacidad especial de <em>aumentar la producci\u00f3n de col\u00e1geno y elastina<\/em> en la piel: dos sustancias muy importantes que est\u00e1n presentes de forma natural en el organismo humano pero que disminuyen a medida que envejecemos, lo que provoca flacidez de la piel, arrugas, tono desigual de la piel y otros signos naturales del envejecimiento. Este hilo de filamento confiable es a\u00fan m\u00e1s eficaz para rejuvenecer y revitalizar la piel que otros hilos m\u00faltiples porque tiene una estructura de hilo diferenciada que ofrece los siguientes beneficios:<\/p>\n<ul>\n<li>Mejores efectos lifting gracias a sus m\u00faltiples hilos.<\/li>\n<li>Varias aplicaciones (se puede utilizar con una larga lista de terapias celulares)<\/li>\n<li>Tiene un efecto de relleno tambi\u00e9n.<\/li>\n<li>Disponible en diferentes tama\u00f1os<\/li>\n<\/ul>\n<p>Este fant\u00e1stico producto se ofrece con diferentes calibres y longitudes de aguja, lo que permite a los dermat\u00f3logos est\u00e9ticos capacitados y a los cirujanos pl\u00e1sticos con amplia certificaci\u00f3n brindar a los pacientes una <em>Tratamiento antienvejecimiento personalizado<\/em>.<\/p>\n<h3>Un efecto lifting instant\u00e1neo y duradero<\/h3>\n<p>En comparaci\u00f3n con la cirug\u00eda est\u00e9tica invasiva, un procedimiento con Neo Multi Thread llena y llena inmediatamente <em>contornea la barbilla y las mejillas<\/em>. Tambi\u00e9n se puede utilizar para un rejuvenecimiento no quir\u00fargico pero duradero de la delicada zona periorbitaria.<\/p>","protected":false},"excerpt":{"rendered":"<p>Neo Multi Thread de NeoGenesis es un producto \u00fanico. Es <u>un poderoso hilo de veinte hebras<\/u> que se puede utilizar durante tratamientos no quir\u00fargicos que tienen como objetivo <em>eliminar de forma segura las l\u00edneas finas o incluso las arrugas profundas<\/em>. Esta doble acci\u00f3n se debe a las excelentes propiedades reafirmantes y voluminizadoras de este producto. Tambi\u00e9n se puede combinar con terapia celular para obtener resultados antienvejecimiento a\u00fan m\u00e1s impresionantes. Nosotros, de My Lip Filler, estamos entre los principales distribuidores en l\u00ednea de este hilo PDO amigable para el paciente.<\/p>","protected":false},"featured_media":3766,"template":"","meta":{"_acf_changed":false},"product_brand":[],"product_cat":[18],"product_tag":[111,141,132,137],"class_list":{"0":"post-3757","1":"product","2":"type-product","3":"status-publish","4":"has-post-thumbnail","6":"product_cat-mesotherapy","7":"product_tag-face","8":"product_tag-lifting","9":"product_tag-sagging-skin","10":"product_tag-south-korea","12":"first","13":"outofstock","14":"taxable","15":"shipping-taxable","16":"product-type-simple"},"acf":[],"yoast_head":"<!-- This site is optimized with the Yoast SEO plugin v27.3 - https:\/\/yoast.com\/product\/yoast-seo-wordpress\/ -->\n<title>Buy Neo Multi Thread - Fillers from My Lip Filler<\/title>\n<meta name=\"description\" content=\"Visit My Lip Filler to get Neo Multi Thread for non-surgical face-lifting results. Neo Multi Thread can be used in combination with cell therapies.\" \/>\n<meta name=\"robots\" content=\"index, follow, max-snippet:-1, max-image-preview:large, max-video-preview:-1\" \/>\n<link rel=\"canonical\" href=\"https:\/\/mylipfiller.com\/es\/neo-multi-thread\/\" \/>\n<meta property=\"og:locale\" content=\"es_MX\" \/>\n<meta property=\"og:type\" content=\"article\" \/>\n<meta property=\"og:title\" content=\"Buy Neo Multi Thread - Fillers from My Lip Filler\" \/>\n<meta property=\"og:description\" content=\"Visit My Lip Filler to get Neo Multi Thread for non-surgical face-lifting results. Neo Multi Thread can be used in combination with cell therapies.\" \/>\n<meta property=\"og:url\" content=\"https:\/\/mylipfiller.com\/es\/neo-multi-thread\/\" \/>\n<meta property=\"og:site_name\" content=\"My Lip Filler\" \/>\n<meta property=\"article:modified_time\" content=\"2024-07-03T15:33:01+00:00\" \/>\n<meta property=\"og:image\" content=\"https:\/\/cdn.mylipfiller.com\/wp-content\/uploads\/2019\/08\/NEO-Multi-Thread.jpg\" \/>\n\t<meta property=\"og:image:width\" content=\"600\" \/>\n\t<meta property=\"og:image:height\" content=\"600\" \/>\n\t<meta property=\"og:image:type\" content=\"image\/jpeg\" \/>\n<meta name=\"twitter:card\" content=\"summary_large_image\" \/>\n<meta name=\"twitter:label1\" content=\"Tiempo de lectura\" \/>\n\t<meta name=\"twitter:data1\" content=\"1 minuto\" \/>\n<script type=\"application\/ld+json\" class=\"yoast-schema-graph\">{\"@context\":\"https:\\\/\\\/schema.org\",\"@graph\":[{\"@type\":\"WebPage\",\"@id\":\"https:\\\/\\\/mylipfiller.com\\\/neo-multi-thread\\\/\",\"url\":\"https:\\\/\\\/mylipfiller.com\\\/neo-multi-thread\\\/\",\"name\":\"Buy Neo Multi Thread - Fillers from My Lip Filler\",\"isPartOf\":{\"@id\":\"https:\\\/\\\/mylipfiller.com\\\/#website\"},\"primaryImageOfPage\":{\"@id\":\"https:\\\/\\\/mylipfiller.com\\\/neo-multi-thread\\\/#primaryimage\"},\"image\":{\"@id\":\"https:\\\/\\\/mylipfiller.com\\\/neo-multi-thread\\\/#primaryimage\"},\"thumbnailUrl\":\"https:\\\/\\\/mylipfiller.com\\\/wp-content\\\/uploads\\\/2019\\\/08\\\/NEO-Multi-Thread.jpg\",\"datePublished\":\"2023-10-26T14:46:24+00:00\",\"dateModified\":\"2024-07-03T15:33:01+00:00\",\"description\":\"Visit My Lip Filler to get Neo Multi Thread for non-surgical face-lifting results. Neo Multi Thread can be used in combination with cell therapies.\",\"breadcrumb\":{\"@id\":\"https:\\\/\\\/mylipfiller.com\\\/neo-multi-thread\\\/#breadcrumb\"},\"inLanguage\":\"es\",\"potentialAction\":[{\"@type\":\"ReadAction\",\"target\":[\"https:\\\/\\\/mylipfiller.com\\\/neo-multi-thread\\\/\"]}]},{\"@type\":\"ImageObject\",\"inLanguage\":\"es\",\"@id\":\"https:\\\/\\\/mylipfiller.com\\\/neo-multi-thread\\\/#primaryimage\",\"url\":\"https:\\\/\\\/mylipfiller.com\\\/wp-content\\\/uploads\\\/2019\\\/08\\\/NEO-Multi-Thread.jpg\",\"contentUrl\":\"https:\\\/\\\/mylipfiller.com\\\/wp-content\\\/uploads\\\/2019\\\/08\\\/NEO-Multi-Thread.jpg\",\"width\":600,\"height\":600,\"caption\":\"NEO Multi Thread\"},{\"@type\":\"BreadcrumbList\",\"@id\":\"https:\\\/\\\/mylipfiller.com\\\/neo-multi-thread\\\/#breadcrumb\",\"itemListElement\":[{\"@type\":\"ListItem\",\"position\":1,\"name\":\"Home\",\"item\":\"https:\\\/\\\/mylipfiller.com\\\/\"},{\"@type\":\"ListItem\",\"position\":2,\"name\":\"Shop\",\"item\":\"https:\\\/\\\/mylipfiller.com\\\/shop\\\/\"},{\"@type\":\"ListItem\",\"position\":3,\"name\":\"Neo Multi Thread\"}]},{\"@type\":\"WebSite\",\"@id\":\"https:\\\/\\\/mylipfiller.com\\\/#website\",\"url\":\"https:\\\/\\\/mylipfiller.com\\\/\",\"name\":\"My Lip Filler\",\"description\":\"Hyaluronic Acid Lip and Dermal Fillers\",\"publisher\":{\"@id\":\"https:\\\/\\\/mylipfiller.com\\\/#organization\"},\"potentialAction\":[{\"@type\":\"SearchAction\",\"target\":{\"@type\":\"EntryPoint\",\"urlTemplate\":\"https:\\\/\\\/mylipfiller.com\\\/?s={search_term_string}\"},\"query-input\":{\"@type\":\"PropertyValueSpecification\",\"valueRequired\":true,\"valueName\":\"search_term_string\"}}],\"inLanguage\":\"es\"},{\"@type\":\"Organization\",\"@id\":\"https:\\\/\\\/mylipfiller.com\\\/#organization\",\"name\":\"My Lip Filler\",\"url\":\"https:\\\/\\\/mylipfiller.com\\\/\",\"logo\":{\"@type\":\"ImageObject\",\"inLanguage\":\"es\",\"@id\":\"https:\\\/\\\/mylipfiller.com\\\/#\\\/schema\\\/logo\\\/image\\\/\",\"url\":\"https:\\\/\\\/mylipfiller.com\\\/wp-content\\\/uploads\\\/2019\\\/02\\\/cropped-My-Lip-Filler-Logo.png\",\"contentUrl\":\"https:\\\/\\\/mylipfiller.com\\\/wp-content\\\/uploads\\\/2019\\\/02\\\/cropped-My-Lip-Filler-Logo.png\",\"width\":240,\"height\":88,\"caption\":\"My Lip Filler\"},\"image\":{\"@id\":\"https:\\\/\\\/mylipfiller.com\\\/#\\\/schema\\\/logo\\\/image\\\/\"}}]}<\/script>\n<!-- \/ Yoast SEO plugin. -->","yoast_head_json":{"title":"Comprar Neo Multi Thread - Rellenos de My Lip Filler","description":"Visite My Lip Filler para obtener Neo Multi Thread y obtener resultados de estiramiento facial no quir\u00fargico. Neo Multi Thread se puede utilizar en combinaci\u00f3n con terapias celulares.","robots":{"index":"index","follow":"follow","max-snippet":"max-snippet:-1","max-image-preview":"max-image-preview:large","max-video-preview":"max-video-preview:-1"},"canonical":"https:\/\/mylipfiller.com\/es\/neo-multi-thread\/","og_locale":"es_MX","og_type":"article","og_title":"Buy Neo Multi Thread - Fillers from My Lip Filler","og_description":"Visit My Lip Filler to get Neo Multi Thread for non-surgical face-lifting results. Neo Multi Thread can be used in combination with cell therapies.","og_url":"https:\/\/mylipfiller.com\/es\/neo-multi-thread\/","og_site_name":"My Lip Filler","article_modified_time":"2024-07-03T15:33:01+00:00","og_image":[{"width":600,"height":600,"url":"https:\/\/cdn.mylipfiller.com\/wp-content\/uploads\/2019\/08\/NEO-Multi-Thread.jpg","type":"image\/jpeg"}],"twitter_card":"summary_large_image","twitter_misc":{"Tiempo de lectura":"1 minuto"},"schema":{"@context":"https:\/\/schema.org","@graph":[{"@type":"WebPage","@id":"https:\/\/mylipfiller.com\/neo-multi-thread\/","url":"https:\/\/mylipfiller.com\/neo-multi-thread\/","name":"Comprar Neo Multi Thread - Rellenos de My Lip Filler","isPartOf":{"@id":"https:\/\/mylipfiller.com\/#website"},"primaryImageOfPage":{"@id":"https:\/\/mylipfiller.com\/neo-multi-thread\/#primaryimage"},"image":{"@id":"https:\/\/mylipfiller.com\/neo-multi-thread\/#primaryimage"},"thumbnailUrl":"https:\/\/cdn.mylipfiller.com\/wp-content\/uploads\/2019\/08\/NEO-Multi-Thread.jpg","datePublished":"2023-10-26T14:46:24+00:00","dateModified":"2024-07-03T15:33:01+00:00","description":"Visite My Lip Filler para obtener Neo Multi Thread y obtener resultados de estiramiento facial no quir\u00fargico. Neo Multi Thread se puede utilizar en combinaci\u00f3n con terapias celulares.","breadcrumb":{"@id":"https:\/\/mylipfiller.com\/neo-multi-thread\/#breadcrumb"},"inLanguage":"es","potentialAction":[{"@type":"ReadAction","target":["https:\/\/mylipfiller.com\/neo-multi-thread\/"]}]},{"@type":"ImageObject","inLanguage":"es","@id":"https:\/\/mylipfiller.com\/neo-multi-thread\/#primaryimage","url":"https:\/\/cdn.mylipfiller.com\/wp-content\/uploads\/2019\/08\/NEO-Multi-Thread.jpg","contentUrl":"https:\/\/cdn.mylipfiller.com\/wp-content\/uploads\/2019\/08\/NEO-Multi-Thread.jpg","width":600,"height":600,"caption":"NEO Multi Thread"},{"@type":"BreadcrumbList","@id":"https:\/\/mylipfiller.com\/neo-multi-thread\/#breadcrumb","itemListElement":[{"@type":"ListItem","position":1,"name":"Home","item":"https:\/\/mylipfiller.com\/"},{"@type":"ListItem","position":2,"name":"Shop","item":"https:\/\/mylipfiller.com\/shop\/"},{"@type":"ListItem","position":3,"name":"Neo Multi Thread"}]},{"@type":"WebSite","@id":"https:\/\/mylipfiller.com\/#website","url":"https:\/\/mylipfiller.com\/","name":"Mi relleno de labios","description":"Rellenos d\u00e9rmicos y de labios con \u00e1cido hialur\u00f3nico","publisher":{"@id":"https:\/\/mylipfiller.com\/#organization"},"potentialAction":[{"@type":"SearchAction","target":{"@type":"EntryPoint","urlTemplate":"https:\/\/mylipfiller.com\/?s={search_term_string}"},"query-input":{"@type":"PropertyValueSpecification","valueRequired":true,"valueName":"search_term_string"}}],"inLanguage":"es"},{"@type":"Organization","@id":"https:\/\/mylipfiller.com\/#organization","name":"Mi relleno de labios","url":"https:\/\/mylipfiller.com\/","logo":{"@type":"ImageObject","inLanguage":"es","@id":"https:\/\/mylipfiller.com\/#\/schema\/logo\/image\/","url":"https:\/\/cdn.mylipfiller.com\/wp-content\/uploads\/2019\/02\/cropped-My-Lip-Filler-Logo.png","contentUrl":"https:\/\/cdn.mylipfiller.com\/wp-content\/uploads\/2019\/02\/cropped-My-Lip-Filler-Logo.png","width":240,"height":88,"caption":"My Lip Filler"},"image":{"@id":"https:\/\/mylipfiller.com\/#\/schema\/logo\/image\/"}}]}},"_links":{"self":[{"href":"https:\/\/mylipfiller.com\/es\/wp-json\/wp\/v2\/product\/3757","targetHints":{"allow":["GET"]}}],"collection":[{"href":"https:\/\/mylipfiller.com\/es\/wp-json\/wp\/v2\/product"}],"about":[{"href":"https:\/\/mylipfiller.com\/es\/wp-json\/wp\/v2\/types\/product"}],"wp:featuredmedia":[{"embeddable":true,"href":"https:\/\/mylipfiller.com\/es\/wp-json\/wp\/v2\/media\/3766"}],"wp:attachment":[{"href":"https:\/\/mylipfiller.com\/es\/wp-json\/wp\/v2\/media?parent=3757"}],"wp:term":[{"taxonomy":"product_brand","embeddable":true,"href":"https:\/\/mylipfiller.com\/es\/wp-json\/wp\/v2\/product_brand?post=3757"},{"taxonomy":"product_cat","embeddable":true,"href":"https:\/\/mylipfiller.com\/es\/wp-json\/wp\/v2\/product_cat?post=3757"},{"taxonomy":"product_tag","embeddable":true,"href":"https:\/\/mylipfiller.com\/es\/wp-json\/wp\/v2\/product_tag?post=3757"}],"curies":[{"name":"gracias","href":"https:\/\/api.w.org\/{rel}","templated":true}]}}