{"id":3758,"date":"2023-10-26T16:46:25","date_gmt":"2023-10-26T14:46:25","guid":{"rendered":"https:\/\/mylipfiller.com\/?post_type=product&#038;p=3758"},"modified":"2024-07-03T17:33:01","modified_gmt":"2024-07-03T15:33:01","slug":"neo-cog-thread","status":"publish","type":"product","link":"https:\/\/mylipfiller.com\/es\/neo-cog-thread\/","title":{"rendered":"Hilo Neo Cog"},"content":{"rendered":"<h3>Aplicaciones y zonas de tratamiento de Neo Cog Thread<\/h3>\n<p>Este es un hilo de contorno mejorado que proporciona resultados de levantamiento consistentes. Y aunque la mayor\u00eda de los dem\u00e1s productos de esta categor\u00eda suelen limitarse a eso, Neo Cog Thread va m\u00e1s all\u00e1 ya que tambi\u00e9n es capaz de ofrecer un <em>tratamiento integral rejuvenecedor de la piel<\/em> que implica:<\/p>\n<ul>\n<li>Contorno facial y corporal instant\u00e1neo<\/li>\n<li>Correcci\u00f3n indolora de papada<\/li>\n<li>Reducci\u00f3n garantizada de l\u00edneas y arrugas superficiales.<\/li>\n<li>Aumento r\u00e1pido de la producci\u00f3n de col\u00e1geno y elastina.<\/li>\n<\/ul>\n<p>Sus capacidades lifting y antiflacidez sin riesgos mejorar\u00e1n el contorno de la cara y\/o el cuerpo del paciente en cuesti\u00f3n de minutos, pero los resultados permanecer\u00e1n visibles durante varios meses. Finalmente, el <u>El hilo basado en PDO se disolver\u00e1<\/u>. Pero mientras el PDO todav\u00eda est\u00e9 presente debajo de la piel, afectar\u00e1 la actividad de los fibroblastos y desencadenar\u00e1 una reacci\u00f3n inflamatoria inofensiva que aumentar\u00e1 considerablemente los niveles de col\u00e1geno y elastina en la piel, un atajo hacia una apariencia revitalizada y rejuvenecida. Mientras tanto, las magn\u00edficas capacidades voluminizadoras de este hilo dentado de calidad profesional eliminar\u00e1n f\u00e1cilmente las arrugas superficiales.<\/p>\n<h3>Ventajas clave de este producto.<\/h3>\n<p>Los impresionantes resultados antienvejecimiento logrados con un lifting que implica el uso de Neo Cog Thread pueden ser temporales, pero se pueden notar inmediatamente despu\u00e9s del procedimiento. El tratamiento no es muy doloroso y <em>rara vez causa molestias<\/em> o efectos secundarios. Compre este producto a trav\u00e9s de My Lip Filler a un precio econ\u00f3mico.<\/p>","protected":false},"excerpt":{"rendered":"<p>Con Neo Cog Thread, los procedimientos de levantamiento m\u00ednimamente invasivos son m\u00e1s simples, r\u00e1pidos, indoloros y efectivos. Este <strong>hilo revolucionario de NeoGenesis<\/strong> Tiene forma de espina y est\u00e1 elaborado con PDO absorbible, lo que permite un tratamiento anti-envejecimiento semipermanente. <em>Reducci\u00f3n visible de las arrugas<\/em> y un levantamiento impresionante de la piel fl\u00e1cida son dos cosas que este producto hace de manera excelente. Nosotros, en My Lip Filler, te ayudaremos a presenciar sus poderes cosm\u00e9ticos rejuvenecedores desde una experiencia de primera mano.<\/p>","protected":false},"featured_media":3767,"template":"","meta":{"_acf_changed":false},"product_brand":[],"product_cat":[18],"product_tag":[111,141,132,137],"class_list":{"0":"post-3758","1":"product","2":"type-product","3":"status-publish","4":"has-post-thumbnail","6":"product_cat-mesotherapy","7":"product_tag-face","8":"product_tag-lifting","9":"product_tag-sagging-skin","10":"product_tag-south-korea","12":"first","13":"outofstock","14":"taxable","15":"shipping-taxable","16":"product-type-simple"},"acf":[],"yoast_head":"<!-- This site is optimized with the Yoast SEO plugin v27.3 - https:\/\/yoast.com\/product\/yoast-seo-wordpress\/ -->\n<title>Buy Neo Cog Thread - Fillers from My Lip Filler<\/title>\n<meta name=\"description\" content=\"\u2765Buy Neo Cog Thread \u23e9 My Lip Filler online store \u27a6 Quality assurance, reviews, ingredients, best prices!\" \/>\n<meta name=\"robots\" content=\"index, follow, max-snippet:-1, max-image-preview:large, max-video-preview:-1\" \/>\n<link rel=\"canonical\" href=\"https:\/\/mylipfiller.com\/es\/neo-cog-thread\/\" \/>\n<meta property=\"og:locale\" content=\"es_MX\" \/>\n<meta property=\"og:type\" content=\"article\" \/>\n<meta property=\"og:title\" content=\"Buy Neo Cog Thread - Fillers from My Lip Filler\" \/>\n<meta property=\"og:description\" content=\"\u2765Buy Neo Cog Thread \u23e9 My Lip Filler online store \u27a6 Quality assurance, reviews, ingredients, best prices!\" \/>\n<meta property=\"og:url\" content=\"https:\/\/mylipfiller.com\/es\/neo-cog-thread\/\" \/>\n<meta property=\"og:site_name\" content=\"My Lip Filler\" \/>\n<meta property=\"article:modified_time\" content=\"2024-07-03T15:33:01+00:00\" \/>\n<meta property=\"og:image\" content=\"https:\/\/cdn.mylipfiller.com\/wp-content\/uploads\/2019\/08\/NEO-Cog-Thread.jpg\" \/>\n\t<meta property=\"og:image:width\" content=\"600\" \/>\n\t<meta property=\"og:image:height\" content=\"600\" \/>\n\t<meta property=\"og:image:type\" content=\"image\/jpeg\" \/>\n<meta name=\"twitter:card\" content=\"summary_large_image\" \/>\n<meta name=\"twitter:label1\" content=\"Tiempo de lectura\" \/>\n\t<meta name=\"twitter:data1\" content=\"2 minutos\" \/>\n<script type=\"application\/ld+json\" class=\"yoast-schema-graph\">{\"@context\":\"https:\\\/\\\/schema.org\",\"@graph\":[{\"@type\":\"WebPage\",\"@id\":\"https:\\\/\\\/mylipfiller.com\\\/neo-cog-thread\\\/\",\"url\":\"https:\\\/\\\/mylipfiller.com\\\/neo-cog-thread\\\/\",\"name\":\"Buy Neo Cog Thread - Fillers from My Lip Filler\",\"isPartOf\":{\"@id\":\"https:\\\/\\\/mylipfiller.com\\\/#website\"},\"primaryImageOfPage\":{\"@id\":\"https:\\\/\\\/mylipfiller.com\\\/neo-cog-thread\\\/#primaryimage\"},\"image\":{\"@id\":\"https:\\\/\\\/mylipfiller.com\\\/neo-cog-thread\\\/#primaryimage\"},\"thumbnailUrl\":\"https:\\\/\\\/mylipfiller.com\\\/wp-content\\\/uploads\\\/2019\\\/08\\\/NEO-Cog-Thread.jpg\",\"datePublished\":\"2023-10-26T14:46:25+00:00\",\"dateModified\":\"2024-07-03T15:33:01+00:00\",\"description\":\"\u2765Buy Neo Cog Thread \u23e9 My Lip Filler online store \u27a6 Quality assurance, reviews, ingredients, best prices!\",\"breadcrumb\":{\"@id\":\"https:\\\/\\\/mylipfiller.com\\\/neo-cog-thread\\\/#breadcrumb\"},\"inLanguage\":\"es\",\"potentialAction\":[{\"@type\":\"ReadAction\",\"target\":[\"https:\\\/\\\/mylipfiller.com\\\/neo-cog-thread\\\/\"]}]},{\"@type\":\"ImageObject\",\"inLanguage\":\"es\",\"@id\":\"https:\\\/\\\/mylipfiller.com\\\/neo-cog-thread\\\/#primaryimage\",\"url\":\"https:\\\/\\\/mylipfiller.com\\\/wp-content\\\/uploads\\\/2019\\\/08\\\/NEO-Cog-Thread.jpg\",\"contentUrl\":\"https:\\\/\\\/mylipfiller.com\\\/wp-content\\\/uploads\\\/2019\\\/08\\\/NEO-Cog-Thread.jpg\",\"width\":600,\"height\":600,\"caption\":\"NEO Cog Thread\"},{\"@type\":\"BreadcrumbList\",\"@id\":\"https:\\\/\\\/mylipfiller.com\\\/neo-cog-thread\\\/#breadcrumb\",\"itemListElement\":[{\"@type\":\"ListItem\",\"position\":1,\"name\":\"Home\",\"item\":\"https:\\\/\\\/mylipfiller.com\\\/\"},{\"@type\":\"ListItem\",\"position\":2,\"name\":\"Shop\",\"item\":\"https:\\\/\\\/mylipfiller.com\\\/shop\\\/\"},{\"@type\":\"ListItem\",\"position\":3,\"name\":\"Neo Cog Thread\"}]},{\"@type\":\"WebSite\",\"@id\":\"https:\\\/\\\/mylipfiller.com\\\/#website\",\"url\":\"https:\\\/\\\/mylipfiller.com\\\/\",\"name\":\"My Lip Filler\",\"description\":\"Hyaluronic Acid Lip and Dermal Fillers\",\"publisher\":{\"@id\":\"https:\\\/\\\/mylipfiller.com\\\/#organization\"},\"potentialAction\":[{\"@type\":\"SearchAction\",\"target\":{\"@type\":\"EntryPoint\",\"urlTemplate\":\"https:\\\/\\\/mylipfiller.com\\\/?s={search_term_string}\"},\"query-input\":{\"@type\":\"PropertyValueSpecification\",\"valueRequired\":true,\"valueName\":\"search_term_string\"}}],\"inLanguage\":\"es\"},{\"@type\":\"Organization\",\"@id\":\"https:\\\/\\\/mylipfiller.com\\\/#organization\",\"name\":\"My Lip Filler\",\"url\":\"https:\\\/\\\/mylipfiller.com\\\/\",\"logo\":{\"@type\":\"ImageObject\",\"inLanguage\":\"es\",\"@id\":\"https:\\\/\\\/mylipfiller.com\\\/#\\\/schema\\\/logo\\\/image\\\/\",\"url\":\"https:\\\/\\\/mylipfiller.com\\\/wp-content\\\/uploads\\\/2019\\\/02\\\/cropped-My-Lip-Filler-Logo.png\",\"contentUrl\":\"https:\\\/\\\/mylipfiller.com\\\/wp-content\\\/uploads\\\/2019\\\/02\\\/cropped-My-Lip-Filler-Logo.png\",\"width\":240,\"height\":88,\"caption\":\"My Lip Filler\"},\"image\":{\"@id\":\"https:\\\/\\\/mylipfiller.com\\\/#\\\/schema\\\/logo\\\/image\\\/\"}}]}<\/script>\n<!-- \/ Yoast SEO plugin. -->","yoast_head_json":{"title":"Compre Hilo Dentado Neo - Rellenos de My Lip Filler","description":"\u2765Comprar Hilo Cog Neo \u23e9 Tienda online My Lip Filler \u27a6 Garant\u00eda de calidad, rese\u00f1as, ingredientes, \u00a1los mejores precios!","robots":{"index":"index","follow":"follow","max-snippet":"max-snippet:-1","max-image-preview":"max-image-preview:large","max-video-preview":"max-video-preview:-1"},"canonical":"https:\/\/mylipfiller.com\/es\/neo-cog-thread\/","og_locale":"es_MX","og_type":"article","og_title":"Buy Neo Cog Thread - Fillers from My Lip Filler","og_description":"\u2765Buy Neo Cog Thread \u23e9 My Lip Filler online store \u27a6 Quality assurance, reviews, ingredients, best prices!","og_url":"https:\/\/mylipfiller.com\/es\/neo-cog-thread\/","og_site_name":"My Lip Filler","article_modified_time":"2024-07-03T15:33:01+00:00","og_image":[{"width":600,"height":600,"url":"https:\/\/cdn.mylipfiller.com\/wp-content\/uploads\/2019\/08\/NEO-Cog-Thread.jpg","type":"image\/jpeg"}],"twitter_card":"summary_large_image","twitter_misc":{"Tiempo de lectura":"2 minutos"},"schema":{"@context":"https:\/\/schema.org","@graph":[{"@type":"WebPage","@id":"https:\/\/mylipfiller.com\/neo-cog-thread\/","url":"https:\/\/mylipfiller.com\/neo-cog-thread\/","name":"Compre Hilo Dentado Neo - Rellenos de My Lip Filler","isPartOf":{"@id":"https:\/\/mylipfiller.com\/#website"},"primaryImageOfPage":{"@id":"https:\/\/mylipfiller.com\/neo-cog-thread\/#primaryimage"},"image":{"@id":"https:\/\/mylipfiller.com\/neo-cog-thread\/#primaryimage"},"thumbnailUrl":"https:\/\/cdn.mylipfiller.com\/wp-content\/uploads\/2019\/08\/NEO-Cog-Thread.jpg","datePublished":"2023-10-26T14:46:25+00:00","dateModified":"2024-07-03T15:33:01+00:00","description":"\u2765Comprar Hilo Cog Neo \u23e9 Tienda online My Lip Filler \u27a6 Garant\u00eda de calidad, rese\u00f1as, ingredientes, \u00a1los mejores precios!","breadcrumb":{"@id":"https:\/\/mylipfiller.com\/neo-cog-thread\/#breadcrumb"},"inLanguage":"es","potentialAction":[{"@type":"ReadAction","target":["https:\/\/mylipfiller.com\/neo-cog-thread\/"]}]},{"@type":"ImageObject","inLanguage":"es","@id":"https:\/\/mylipfiller.com\/neo-cog-thread\/#primaryimage","url":"https:\/\/cdn.mylipfiller.com\/wp-content\/uploads\/2019\/08\/NEO-Cog-Thread.jpg","contentUrl":"https:\/\/cdn.mylipfiller.com\/wp-content\/uploads\/2019\/08\/NEO-Cog-Thread.jpg","width":600,"height":600,"caption":"NEO Cog Thread"},{"@type":"BreadcrumbList","@id":"https:\/\/mylipfiller.com\/neo-cog-thread\/#breadcrumb","itemListElement":[{"@type":"ListItem","position":1,"name":"Home","item":"https:\/\/mylipfiller.com\/"},{"@type":"ListItem","position":2,"name":"Shop","item":"https:\/\/mylipfiller.com\/shop\/"},{"@type":"ListItem","position":3,"name":"Neo Cog Thread"}]},{"@type":"WebSite","@id":"https:\/\/mylipfiller.com\/#website","url":"https:\/\/mylipfiller.com\/","name":"Mi relleno de labios","description":"Rellenos d\u00e9rmicos y de labios con \u00e1cido hialur\u00f3nico","publisher":{"@id":"https:\/\/mylipfiller.com\/#organization"},"potentialAction":[{"@type":"SearchAction","target":{"@type":"EntryPoint","urlTemplate":"https:\/\/mylipfiller.com\/?s={search_term_string}"},"query-input":{"@type":"PropertyValueSpecification","valueRequired":true,"valueName":"search_term_string"}}],"inLanguage":"es"},{"@type":"Organization","@id":"https:\/\/mylipfiller.com\/#organization","name":"Mi relleno de labios","url":"https:\/\/mylipfiller.com\/","logo":{"@type":"ImageObject","inLanguage":"es","@id":"https:\/\/mylipfiller.com\/#\/schema\/logo\/image\/","url":"https:\/\/cdn.mylipfiller.com\/wp-content\/uploads\/2019\/02\/cropped-My-Lip-Filler-Logo.png","contentUrl":"https:\/\/cdn.mylipfiller.com\/wp-content\/uploads\/2019\/02\/cropped-My-Lip-Filler-Logo.png","width":240,"height":88,"caption":"My Lip Filler"},"image":{"@id":"https:\/\/mylipfiller.com\/#\/schema\/logo\/image\/"}}]}},"_links":{"self":[{"href":"https:\/\/mylipfiller.com\/es\/wp-json\/wp\/v2\/product\/3758","targetHints":{"allow":["GET"]}}],"collection":[{"href":"https:\/\/mylipfiller.com\/es\/wp-json\/wp\/v2\/product"}],"about":[{"href":"https:\/\/mylipfiller.com\/es\/wp-json\/wp\/v2\/types\/product"}],"wp:featuredmedia":[{"embeddable":true,"href":"https:\/\/mylipfiller.com\/es\/wp-json\/wp\/v2\/media\/3767"}],"wp:attachment":[{"href":"https:\/\/mylipfiller.com\/es\/wp-json\/wp\/v2\/media?parent=3758"}],"wp:term":[{"taxonomy":"product_brand","embeddable":true,"href":"https:\/\/mylipfiller.com\/es\/wp-json\/wp\/v2\/product_brand?post=3758"},{"taxonomy":"product_cat","embeddable":true,"href":"https:\/\/mylipfiller.com\/es\/wp-json\/wp\/v2\/product_cat?post=3758"},{"taxonomy":"product_tag","embeddable":true,"href":"https:\/\/mylipfiller.com\/es\/wp-json\/wp\/v2\/product_tag?post=3758"}],"curies":[{"name":"gracias","href":"https:\/\/api.w.org\/{rel}","templated":true}]}}