{"id":3760,"date":"2023-10-26T16:46:23","date_gmt":"2023-10-26T14:46:23","guid":{"rendered":"https:\/\/mylipfiller.com\/?post_type=product&#038;p=3760"},"modified":"2024-07-03T17:33:01","modified_gmt":"2024-07-03T15:33:01","slug":"neo-nose-thread","status":"publish","type":"product","link":"https:\/\/mylipfiller.com\/es\/neo-nose-thread\/","title":{"rendered":"Hilo de nariz neo"},"content":{"rendered":"<h3>Neo Nose Thread ofrece un aumento de nariz r\u00e1pido y sin riesgos<\/h3>\n<p>Si bien los procedimientos de rinoplastia est\u00e1ndar requieren un per\u00edodo de recuperaci\u00f3n prolongado e implican bastante dolor y sensaciones desagradables, un aumento r\u00e1pido de la nariz realizado con Neo Nose Thread apenas provocar\u00e1 molestias al paciente. La estructura revolucionaria de este producto excepcional ha sido especialmente dise\u00f1ada para:<\/p>\n<ul>\n<li>Prevenir cicatrices<\/li>\n<li>Ofrece resultados duraderos y de aspecto natural.<\/li>\n<li>Minimizar efectos adversos como hematomas, hinchaz\u00f3n, etc.<\/li>\n<li>Estar libre de cualquier riesgo<\/li>\n<\/ul>\n<p>Este hilo de primer nivel s\u00f3lo se puede insertar a trav\u00e9s de una aguja en la nariz para r\u00e1pidamente <u>levantar el puente nasal<\/u> y para <em>encoger la base de la nariz<\/em>.<\/p>\n<h3>\u00bfQu\u00e9 implica un procedimiento con este producto?<\/h3>\n<p>Un tratamiento t\u00edpico con Neo Nose Thread es muy r\u00e1pido y sencillo de realizar. Puede durar s\u00f3lo unos minutos pero siempre debe ser realizado por un cirujano est\u00e9tico cualificado. Antes del procedimiento, es necesario administrar un anest\u00e9sico local. El hilo se inserta debajo de la piel de la nariz mediante una aguja muy fina, despu\u00e9s de lo cual levanta y retiene la piel en la posici\u00f3n deseada. Este incre\u00edble efecto <u>dura unos meses<\/u> con este producto porque est\u00e1 hecho de PDO o Polidioxanona que se disuelve gradualmente en la piel. Con My Lip Filler, tienes la garant\u00eda de obtener el producto aut\u00e9ntico.<\/p>","protected":false},"excerpt":{"rendered":"<p>Neo Nose Thread es un producto pionero desarrollado espec\u00edficamente para el <u>aumento no quir\u00fargico de la nariz<\/u>. Esto altamente <em>hilo m\u00faltiple avanzado<\/em> ofrece resultados instant\u00e1neos de remodelaci\u00f3n de la nariz sin la necesidad de una intervenci\u00f3n quir\u00fargica indolora. Est\u00e1 elaborado por NeoGenesis, una empresa coreana l\u00edder que cuenta con una amplia gama de filamentos de hilo confiables, los m\u00e1s vendidos. My Lip Filler es la tienda en l\u00ednea ideal si desea comprar este y otros productos de medicina est\u00e9tica de pr\u00f3xima aparici\u00f3n.<\/p>","protected":false},"featured_media":3769,"template":"","meta":{"_acf_changed":false},"product_brand":[],"product_cat":[18],"product_tag":[111,141,132,137],"class_list":{"0":"post-3760","1":"product","2":"type-product","3":"status-publish","4":"has-post-thumbnail","6":"product_cat-mesotherapy","7":"product_tag-face","8":"product_tag-lifting","9":"product_tag-sagging-skin","10":"product_tag-south-korea","12":"first","13":"outofstock","14":"taxable","15":"shipping-taxable","16":"product-type-simple"},"acf":[],"yoast_head":"<!-- This site is optimized with the Yoast SEO plugin v27.4 - https:\/\/yoast.com\/product\/yoast-seo-wordpress\/ -->\n<title>Buy Neo Nose Thread - Fillers from My Lip Filler<\/title>\n<meta name=\"description\" content=\"\u2765Buy Neo Nose Thread \u23e9 My Lip Filler online store \u27a6 Quality assurance, reviews, ingredients, best prices!\" \/>\n<meta name=\"robots\" content=\"index, follow, max-snippet:-1, max-image-preview:large, max-video-preview:-1\" \/>\n<link rel=\"canonical\" href=\"https:\/\/mylipfiller.com\/es\/neo-nose-thread\/\" \/>\n<meta property=\"og:locale\" content=\"es_MX\" \/>\n<meta property=\"og:type\" content=\"article\" \/>\n<meta property=\"og:title\" content=\"Buy Neo Nose Thread - Fillers from My Lip Filler\" \/>\n<meta property=\"og:description\" content=\"\u2765Buy Neo Nose Thread \u23e9 My Lip Filler online store \u27a6 Quality assurance, reviews, ingredients, best prices!\" \/>\n<meta property=\"og:url\" content=\"https:\/\/mylipfiller.com\/es\/neo-nose-thread\/\" \/>\n<meta property=\"og:site_name\" content=\"My Lip Filler\" \/>\n<meta property=\"article:modified_time\" content=\"2024-07-03T15:33:01+00:00\" \/>\n<meta property=\"og:image\" content=\"https:\/\/cdn.mylipfiller.com\/wp-content\/uploads\/2019\/08\/NEO-Nose-Thread.jpg\" \/>\n\t<meta property=\"og:image:width\" content=\"600\" \/>\n\t<meta property=\"og:image:height\" content=\"600\" \/>\n\t<meta property=\"og:image:type\" content=\"image\/jpeg\" \/>\n<meta name=\"twitter:card\" content=\"summary_large_image\" \/>\n<meta name=\"twitter:label1\" content=\"Tiempo de lectura\" \/>\n\t<meta name=\"twitter:data1\" content=\"1 minuto\" \/>\n<script type=\"application\/ld+json\" class=\"yoast-schema-graph\">{\"@context\":\"https:\\\/\\\/schema.org\",\"@graph\":[{\"@type\":\"WebPage\",\"@id\":\"https:\\\/\\\/mylipfiller.com\\\/neo-nose-thread\\\/\",\"url\":\"https:\\\/\\\/mylipfiller.com\\\/neo-nose-thread\\\/\",\"name\":\"Buy Neo Nose Thread - Fillers from My Lip Filler\",\"isPartOf\":{\"@id\":\"https:\\\/\\\/mylipfiller.com\\\/#website\"},\"primaryImageOfPage\":{\"@id\":\"https:\\\/\\\/mylipfiller.com\\\/neo-nose-thread\\\/#primaryimage\"},\"image\":{\"@id\":\"https:\\\/\\\/mylipfiller.com\\\/neo-nose-thread\\\/#primaryimage\"},\"thumbnailUrl\":\"https:\\\/\\\/mylipfiller.com\\\/wp-content\\\/uploads\\\/2019\\\/08\\\/NEO-Nose-Thread.jpg\",\"datePublished\":\"2023-10-26T14:46:23+00:00\",\"dateModified\":\"2024-07-03T15:33:01+00:00\",\"description\":\"\u2765Buy Neo Nose Thread \u23e9 My Lip Filler online store \u27a6 Quality assurance, reviews, ingredients, best prices!\",\"breadcrumb\":{\"@id\":\"https:\\\/\\\/mylipfiller.com\\\/neo-nose-thread\\\/#breadcrumb\"},\"inLanguage\":\"es\",\"potentialAction\":[{\"@type\":\"ReadAction\",\"target\":[\"https:\\\/\\\/mylipfiller.com\\\/neo-nose-thread\\\/\"]}]},{\"@type\":\"ImageObject\",\"inLanguage\":\"es\",\"@id\":\"https:\\\/\\\/mylipfiller.com\\\/neo-nose-thread\\\/#primaryimage\",\"url\":\"https:\\\/\\\/mylipfiller.com\\\/wp-content\\\/uploads\\\/2019\\\/08\\\/NEO-Nose-Thread.jpg\",\"contentUrl\":\"https:\\\/\\\/mylipfiller.com\\\/wp-content\\\/uploads\\\/2019\\\/08\\\/NEO-Nose-Thread.jpg\",\"width\":600,\"height\":600,\"caption\":\"NEO Nose Thread\"},{\"@type\":\"BreadcrumbList\",\"@id\":\"https:\\\/\\\/mylipfiller.com\\\/neo-nose-thread\\\/#breadcrumb\",\"itemListElement\":[{\"@type\":\"ListItem\",\"position\":1,\"name\":\"Home\",\"item\":\"https:\\\/\\\/mylipfiller.com\\\/\"},{\"@type\":\"ListItem\",\"position\":2,\"name\":\"Shop\",\"item\":\"https:\\\/\\\/mylipfiller.com\\\/shop\\\/\"},{\"@type\":\"ListItem\",\"position\":3,\"name\":\"Neo Nose Thread\"}]},{\"@type\":\"WebSite\",\"@id\":\"https:\\\/\\\/mylipfiller.com\\\/#website\",\"url\":\"https:\\\/\\\/mylipfiller.com\\\/\",\"name\":\"My Lip Filler\",\"description\":\"Hyaluronic Acid Lip and Dermal Fillers\",\"publisher\":{\"@id\":\"https:\\\/\\\/mylipfiller.com\\\/#organization\"},\"potentialAction\":[{\"@type\":\"SearchAction\",\"target\":{\"@type\":\"EntryPoint\",\"urlTemplate\":\"https:\\\/\\\/mylipfiller.com\\\/?s={search_term_string}\"},\"query-input\":{\"@type\":\"PropertyValueSpecification\",\"valueRequired\":true,\"valueName\":\"search_term_string\"}}],\"inLanguage\":\"es\"},{\"@type\":\"Organization\",\"@id\":\"https:\\\/\\\/mylipfiller.com\\\/#organization\",\"name\":\"My Lip Filler\",\"url\":\"https:\\\/\\\/mylipfiller.com\\\/\",\"logo\":{\"@type\":\"ImageObject\",\"inLanguage\":\"es\",\"@id\":\"https:\\\/\\\/mylipfiller.com\\\/#\\\/schema\\\/logo\\\/image\\\/\",\"url\":\"https:\\\/\\\/mylipfiller.com\\\/wp-content\\\/uploads\\\/2019\\\/02\\\/cropped-My-Lip-Filler-Logo.png\",\"contentUrl\":\"https:\\\/\\\/mylipfiller.com\\\/wp-content\\\/uploads\\\/2019\\\/02\\\/cropped-My-Lip-Filler-Logo.png\",\"width\":240,\"height\":88,\"caption\":\"My Lip Filler\"},\"image\":{\"@id\":\"https:\\\/\\\/mylipfiller.com\\\/#\\\/schema\\\/logo\\\/image\\\/\"}}]}<\/script>\n<!-- \/ Yoast SEO plugin. -->","yoast_head_json":{"title":"Compre Hilo Nasal Neo - Rellenos de My Lip Filler","description":"\u2765Comprar Hilo Nariz Neo \u23e9 Tienda online My Lip Filler \u27a6 Garant\u00eda de calidad, rese\u00f1as, ingredientes, \u00a1los mejores precios!","robots":{"index":"index","follow":"follow","max-snippet":"max-snippet:-1","max-image-preview":"max-image-preview:large","max-video-preview":"max-video-preview:-1"},"canonical":"https:\/\/mylipfiller.com\/es\/neo-nose-thread\/","og_locale":"es_MX","og_type":"article","og_title":"Buy Neo Nose Thread - Fillers from My Lip Filler","og_description":"\u2765Buy Neo Nose Thread \u23e9 My Lip Filler online store \u27a6 Quality assurance, reviews, ingredients, best prices!","og_url":"https:\/\/mylipfiller.com\/es\/neo-nose-thread\/","og_site_name":"My Lip Filler","article_modified_time":"2024-07-03T15:33:01+00:00","og_image":[{"width":600,"height":600,"url":"https:\/\/cdn.mylipfiller.com\/wp-content\/uploads\/2019\/08\/NEO-Nose-Thread.jpg","type":"image\/jpeg"}],"twitter_card":"summary_large_image","twitter_misc":{"Tiempo de lectura":"1 minuto"},"schema":{"@context":"https:\/\/schema.org","@graph":[{"@type":"WebPage","@id":"https:\/\/mylipfiller.com\/neo-nose-thread\/","url":"https:\/\/mylipfiller.com\/neo-nose-thread\/","name":"Compre Hilo Nasal Neo - Rellenos de My Lip Filler","isPartOf":{"@id":"https:\/\/mylipfiller.com\/#website"},"primaryImageOfPage":{"@id":"https:\/\/mylipfiller.com\/neo-nose-thread\/#primaryimage"},"image":{"@id":"https:\/\/mylipfiller.com\/neo-nose-thread\/#primaryimage"},"thumbnailUrl":"https:\/\/cdn.mylipfiller.com\/wp-content\/uploads\/2019\/08\/NEO-Nose-Thread.jpg","datePublished":"2023-10-26T14:46:23+00:00","dateModified":"2024-07-03T15:33:01+00:00","description":"\u2765Comprar Hilo Nariz Neo \u23e9 Tienda online My Lip Filler \u27a6 Garant\u00eda de calidad, rese\u00f1as, ingredientes, \u00a1los mejores precios!","breadcrumb":{"@id":"https:\/\/mylipfiller.com\/neo-nose-thread\/#breadcrumb"},"inLanguage":"es","potentialAction":[{"@type":"ReadAction","target":["https:\/\/mylipfiller.com\/neo-nose-thread\/"]}]},{"@type":"ImageObject","inLanguage":"es","@id":"https:\/\/mylipfiller.com\/neo-nose-thread\/#primaryimage","url":"https:\/\/cdn.mylipfiller.com\/wp-content\/uploads\/2019\/08\/NEO-Nose-Thread.jpg","contentUrl":"https:\/\/cdn.mylipfiller.com\/wp-content\/uploads\/2019\/08\/NEO-Nose-Thread.jpg","width":600,"height":600,"caption":"NEO Nose Thread"},{"@type":"BreadcrumbList","@id":"https:\/\/mylipfiller.com\/neo-nose-thread\/#breadcrumb","itemListElement":[{"@type":"ListItem","position":1,"name":"Home","item":"https:\/\/mylipfiller.com\/"},{"@type":"ListItem","position":2,"name":"Shop","item":"https:\/\/mylipfiller.com\/shop\/"},{"@type":"ListItem","position":3,"name":"Neo Nose Thread"}]},{"@type":"WebSite","@id":"https:\/\/mylipfiller.com\/#website","url":"https:\/\/mylipfiller.com\/","name":"Mi relleno de labios","description":"Rellenos d\u00e9rmicos y de labios con \u00e1cido hialur\u00f3nico","publisher":{"@id":"https:\/\/mylipfiller.com\/#organization"},"potentialAction":[{"@type":"SearchAction","target":{"@type":"EntryPoint","urlTemplate":"https:\/\/mylipfiller.com\/?s={search_term_string}"},"query-input":{"@type":"PropertyValueSpecification","valueRequired":true,"valueName":"search_term_string"}}],"inLanguage":"es"},{"@type":"Organization","@id":"https:\/\/mylipfiller.com\/#organization","name":"Mi relleno de labios","url":"https:\/\/mylipfiller.com\/","logo":{"@type":"ImageObject","inLanguage":"es","@id":"https:\/\/mylipfiller.com\/#\/schema\/logo\/image\/","url":"https:\/\/cdn.mylipfiller.com\/wp-content\/uploads\/2019\/02\/cropped-My-Lip-Filler-Logo.png","contentUrl":"https:\/\/cdn.mylipfiller.com\/wp-content\/uploads\/2019\/02\/cropped-My-Lip-Filler-Logo.png","width":240,"height":88,"caption":"My Lip Filler"},"image":{"@id":"https:\/\/mylipfiller.com\/#\/schema\/logo\/image\/"}}]}},"_links":{"self":[{"href":"https:\/\/mylipfiller.com\/es\/wp-json\/wp\/v2\/product\/3760","targetHints":{"allow":["GET"]}}],"collection":[{"href":"https:\/\/mylipfiller.com\/es\/wp-json\/wp\/v2\/product"}],"about":[{"href":"https:\/\/mylipfiller.com\/es\/wp-json\/wp\/v2\/types\/product"}],"wp:featuredmedia":[{"embeddable":true,"href":"https:\/\/mylipfiller.com\/es\/wp-json\/wp\/v2\/media\/3769"}],"wp:attachment":[{"href":"https:\/\/mylipfiller.com\/es\/wp-json\/wp\/v2\/media?parent=3760"}],"wp:term":[{"taxonomy":"product_brand","embeddable":true,"href":"https:\/\/mylipfiller.com\/es\/wp-json\/wp\/v2\/product_brand?post=3760"},{"taxonomy":"product_cat","embeddable":true,"href":"https:\/\/mylipfiller.com\/es\/wp-json\/wp\/v2\/product_cat?post=3760"},{"taxonomy":"product_tag","embeddable":true,"href":"https:\/\/mylipfiller.com\/es\/wp-json\/wp\/v2\/product_tag?post=3760"}],"curies":[{"name":"gracias","href":"https:\/\/api.w.org\/{rel}","templated":true}]}}