{"id":38944,"date":"2023-01-27T16:58:17","date_gmt":"2023-01-27T14:58:17","guid":{"rendered":"https:\/\/mylipfiller.com\/?post_type=product&#038;p=38944"},"modified":"2026-01-16T10:55:57","modified_gmt":"2026-01-16T08:55:57","slug":"rrs-ha-eyes-12-x-15ml","status":"publish","type":"product","link":"https:\/\/mylipfiller.com\/es\/rrs-ha-eyes-12-x-15ml\/","title":{"rendered":"RRS\u00ae HA OJOS (12 x 1,5ml)"},"content":{"rendered":"<h3>\u00c1reas de tratamiento y descripci\u00f3n de RRS HA EYES<\/h3>\n<p>Este producto se usa para el tratamiento inyectable no quir\u00fargico de las siguientes \u00e1reas de la cara\/problemas de la piel:<\/p>\n<ul>\n<li><strong>Arrugas alrededor de los ojos <\/strong><\/li>\n<li><strong>Ojeras<\/strong><strong>, piel hinchada <\/strong><strong>debajo de los ojos<\/strong><\/li>\n<li><strong>Circulos oscuros, <\/strong><strong>signos de <\/strong><strong>cansancio <\/strong><\/li>\n<\/ul>\n<p>Se inyecta una cantidad muy peque\u00f1a del producto para la piel en un par de lugares alrededor de los ojos con el uso de una microaguja est\u00e9ril. Un m\u00e1ximo de 0,75 mililitros es suficiente para cada lado de la cara. Las inyecciones pueden repetirse cada dos semanas. Se necesitan un total de 4 procedimientos para un curso completo de mesoterapia para la eliminaci\u00f3n de arrugas y ojeras.<\/p>\n<p>Su m\u00e9dico especialista puede usar una crema anest\u00e9sica o un anest\u00e9sico local para minimizar las molestias durante el tratamiento de la piel y reducir los hematomas y la hinchaz\u00f3n despu\u00e9s. Se recomienda evitar la exposici\u00f3n al sol (y, en general, a la luz ultravioleta), la aplicaci\u00f3n de maquillaje y la sauna durante al menos 24 horas despu\u00e9s de finalizar el tratamiento RRS HA Eyes.<\/p>\n<h3>Composici\u00f3n de las ampollas de mesoterapia<\/h3>\n<p>Cada ampolla (1,5ml) de RRS EYES contiene:<\/p>\n<ul>\n<li>Hialuronato de sodio (\u00e1cido hialur\u00f3nico) \u2013 7,5 mg por mililitro<\/li>\n<li>Tamp\u00f3n protector: 40,95 mg por mililitro<br \/>\nEl tamp\u00f3n protector contiene silicio org\u00e1nico, antioxidantes, flavonoides, saponinas, polifenoles y p\u00e9ptidos.<\/li>\n<\/ul>\n<h3>Premios de este producto<\/h3>\n<p>RRS\u00ae HA Eyes fue premiado <strong>\u201cEl mejor producto inyectable para el \u00e1rea de los ojos\u201d<\/strong> en la categor\u00eda \u201cDermatolog\u00eda est\u00e9tica\u201d de la Sociedad Polaca de Dermatolog\u00eda Est\u00e9tica en 2014.<\/p>\n<p>Todos los productos RRS\u00ae HA deben ser utilizados \u00fanicamente por profesionales m\u00e9dicos certificados e inyectados siguiendo el protocolo del fabricante.<\/p>","protected":false},"excerpt":{"rendered":"<p>RRS HA EYES es un producto de primera clase utilizado para procedimientos de mesoterapia de rejuvenecimiento de la piel y eliminaci\u00f3n de arrugas. Est\u00e1 basado en \u00e1cido hialur\u00f3nico no reticulado, que se combina con <u>antioxidantes, flavonoides y p\u00e9ptidos<\/u> para aumentar el efecto beneficioso sobre la piel. Esta incre\u00edble combinaci\u00f3n garantiza un efecto m\u00e1ximo en la batalla contra las bolsas, las ojeras y las arrugas superficiales en el contorno de los ojos.<\/p>","protected":false},"featured_media":38940,"template":"","meta":{"_acf_changed":false},"product_brand":[],"product_cat":[18],"product_tag":[138,111,150,147,145,143],"class_list":{"0":"post-38944","1":"product","2":"type-product","3":"status-publish","4":"has-post-thumbnail","6":"product_cat-mesotherapy","7":"product_tag-anti-aging","8":"product_tag-face","9":"product_tag-mesococktails","10":"product_tag-moisturizing","11":"product_tag-nourishing","12":"product_tag-rejuvenating","14":"first","15":"instock","16":"taxable","17":"shipping-taxable","18":"purchasable","19":"product-type-simple"},"acf":[],"yoast_head":"<!-- This site is optimized with the Yoast SEO plugin v27.4 - https:\/\/yoast.com\/product\/yoast-seo-wordpress\/ -->\n<title>RRS HA Eyes - Buy RRS HA Eyes Injectable. Shop Now at My Lip Filler<\/title>\n<meta name=\"description\" content=\"Shop RRS HA Eyes for effective eye treatments. Get RRS HA Eyes Injectable for visible results. Buy now at My Lip Filler and enhance your look today\" \/>\n<meta name=\"robots\" content=\"index, follow, max-snippet:-1, max-image-preview:large, max-video-preview:-1\" \/>\n<link rel=\"canonical\" href=\"https:\/\/mylipfiller.com\/es\/rrs-ha-eyes-12-x-15ml\/\" \/>\n<meta property=\"og:locale\" content=\"es_MX\" \/>\n<meta property=\"og:type\" content=\"article\" \/>\n<meta property=\"og:title\" content=\"RRS HA Eyes - Buy RRS HA Eyes Injectable. Shop Now at My Lip Filler\" \/>\n<meta property=\"og:description\" content=\"Shop RRS HA Eyes for effective eye treatments. Get RRS HA Eyes Injectable for visible results. Buy now at My Lip Filler and enhance your look today\" \/>\n<meta property=\"og:url\" content=\"https:\/\/mylipfiller.com\/es\/rrs-ha-eyes-12-x-15ml\/\" \/>\n<meta property=\"og:site_name\" content=\"My Lip Filler\" \/>\n<meta property=\"article:modified_time\" content=\"2026-01-16T08:55:57+00:00\" \/>\n<meta property=\"og:image\" content=\"https:\/\/cdn.mylipfiller.com\/wp-content\/uploads\/2023\/01\/RRS-HA-EYES-1.jpg\" \/>\n\t<meta property=\"og:image:width\" content=\"600\" \/>\n\t<meta property=\"og:image:height\" content=\"600\" \/>\n\t<meta property=\"og:image:type\" content=\"image\/jpeg\" \/>\n<meta name=\"twitter:card\" content=\"summary_large_image\" \/>\n<meta name=\"twitter:label1\" content=\"Tiempo de lectura\" \/>\n\t<meta name=\"twitter:data1\" content=\"2 minutos\" \/>\n<script type=\"application\/ld+json\" class=\"yoast-schema-graph\">{\"@context\":\"https:\\\/\\\/schema.org\",\"@graph\":[{\"@type\":\"WebPage\",\"@id\":\"https:\\\/\\\/mylipfiller.com\\\/rrs-ha-eyes-12-x-15ml\\\/\",\"url\":\"https:\\\/\\\/mylipfiller.com\\\/rrs-ha-eyes-12-x-15ml\\\/\",\"name\":\"RRS HA Eyes - Buy RRS HA Eyes Injectable. Shop Now at My Lip Filler\",\"isPartOf\":{\"@id\":\"https:\\\/\\\/mylipfiller.com\\\/#website\"},\"primaryImageOfPage\":{\"@id\":\"https:\\\/\\\/mylipfiller.com\\\/rrs-ha-eyes-12-x-15ml\\\/#primaryimage\"},\"image\":{\"@id\":\"https:\\\/\\\/mylipfiller.com\\\/rrs-ha-eyes-12-x-15ml\\\/#primaryimage\"},\"thumbnailUrl\":\"https:\\\/\\\/mylipfiller.com\\\/wp-content\\\/uploads\\\/2023\\\/01\\\/RRS-HA-EYES-1.jpg\",\"datePublished\":\"2023-01-27T14:58:17+00:00\",\"dateModified\":\"2026-01-16T08:55:57+00:00\",\"description\":\"Shop RRS HA Eyes for effective eye treatments. Get RRS HA Eyes Injectable for visible results. Buy now at My Lip Filler and enhance your look today\",\"breadcrumb\":{\"@id\":\"https:\\\/\\\/mylipfiller.com\\\/rrs-ha-eyes-12-x-15ml\\\/#breadcrumb\"},\"inLanguage\":\"es\",\"potentialAction\":[{\"@type\":\"ReadAction\",\"target\":[\"https:\\\/\\\/mylipfiller.com\\\/rrs-ha-eyes-12-x-15ml\\\/\"]}]},{\"@type\":\"ImageObject\",\"inLanguage\":\"es\",\"@id\":\"https:\\\/\\\/mylipfiller.com\\\/rrs-ha-eyes-12-x-15ml\\\/#primaryimage\",\"url\":\"https:\\\/\\\/mylipfiller.com\\\/wp-content\\\/uploads\\\/2023\\\/01\\\/RRS-HA-EYES-1.jpg\",\"contentUrl\":\"https:\\\/\\\/mylipfiller.com\\\/wp-content\\\/uploads\\\/2023\\\/01\\\/RRS-HA-EYES-1.jpg\",\"width\":600,\"height\":600,\"caption\":\"RRS HA EYES\"},{\"@type\":\"BreadcrumbList\",\"@id\":\"https:\\\/\\\/mylipfiller.com\\\/rrs-ha-eyes-12-x-15ml\\\/#breadcrumb\",\"itemListElement\":[{\"@type\":\"ListItem\",\"position\":1,\"name\":\"Home\",\"item\":\"https:\\\/\\\/mylipfiller.com\\\/\"},{\"@type\":\"ListItem\",\"position\":2,\"name\":\"Shop\",\"item\":\"https:\\\/\\\/mylipfiller.com\\\/shop\\\/\"},{\"@type\":\"ListItem\",\"position\":3,\"name\":\"RRS\u00ae HA EYES (12 x 1,5ml)\"}]},{\"@type\":\"WebSite\",\"@id\":\"https:\\\/\\\/mylipfiller.com\\\/#website\",\"url\":\"https:\\\/\\\/mylipfiller.com\\\/\",\"name\":\"My Lip Filler\",\"description\":\"Hyaluronic Acid Lip and Dermal Fillers\",\"publisher\":{\"@id\":\"https:\\\/\\\/mylipfiller.com\\\/#organization\"},\"potentialAction\":[{\"@type\":\"SearchAction\",\"target\":{\"@type\":\"EntryPoint\",\"urlTemplate\":\"https:\\\/\\\/mylipfiller.com\\\/?s={search_term_string}\"},\"query-input\":{\"@type\":\"PropertyValueSpecification\",\"valueRequired\":true,\"valueName\":\"search_term_string\"}}],\"inLanguage\":\"es\"},{\"@type\":\"Organization\",\"@id\":\"https:\\\/\\\/mylipfiller.com\\\/#organization\",\"name\":\"My Lip Filler\",\"url\":\"https:\\\/\\\/mylipfiller.com\\\/\",\"logo\":{\"@type\":\"ImageObject\",\"inLanguage\":\"es\",\"@id\":\"https:\\\/\\\/mylipfiller.com\\\/#\\\/schema\\\/logo\\\/image\\\/\",\"url\":\"https:\\\/\\\/mylipfiller.com\\\/wp-content\\\/uploads\\\/2019\\\/02\\\/cropped-My-Lip-Filler-Logo.png\",\"contentUrl\":\"https:\\\/\\\/mylipfiller.com\\\/wp-content\\\/uploads\\\/2019\\\/02\\\/cropped-My-Lip-Filler-Logo.png\",\"width\":240,\"height\":88,\"caption\":\"My Lip Filler\"},\"image\":{\"@id\":\"https:\\\/\\\/mylipfiller.com\\\/#\\\/schema\\\/logo\\\/image\\\/\"}}]}<\/script>\n<!-- \/ Yoast SEO plugin. -->","yoast_head_json":{"title":"RRS HA Ojos - Comprar RRS HA Ojos Inyectable. Compre ahora en My Lip Filler","description":"Compre RRS HA Eyes para tratamientos oculares eficaces. Obtenga RRS HA Eyes Injectable para obtener resultados visibles. Compra ahora en My Lip Filler y mejora tu mirada hoy","robots":{"index":"index","follow":"follow","max-snippet":"max-snippet:-1","max-image-preview":"max-image-preview:large","max-video-preview":"max-video-preview:-1"},"canonical":"https:\/\/mylipfiller.com\/es\/rrs-ha-eyes-12-x-15ml\/","og_locale":"es_MX","og_type":"article","og_title":"RRS HA Eyes - Buy RRS HA Eyes Injectable. Shop Now at My Lip Filler","og_description":"Shop RRS HA Eyes for effective eye treatments. Get RRS HA Eyes Injectable for visible results. Buy now at My Lip Filler and enhance your look today","og_url":"https:\/\/mylipfiller.com\/es\/rrs-ha-eyes-12-x-15ml\/","og_site_name":"My Lip Filler","article_modified_time":"2026-01-16T08:55:57+00:00","og_image":[{"width":600,"height":600,"url":"https:\/\/cdn.mylipfiller.com\/wp-content\/uploads\/2023\/01\/RRS-HA-EYES-1.jpg","type":"image\/jpeg"}],"twitter_card":"summary_large_image","twitter_misc":{"Tiempo de lectura":"2 minutos"},"schema":{"@context":"https:\/\/schema.org","@graph":[{"@type":"WebPage","@id":"https:\/\/mylipfiller.com\/rrs-ha-eyes-12-x-15ml\/","url":"https:\/\/mylipfiller.com\/rrs-ha-eyes-12-x-15ml\/","name":"RRS HA Ojos - Comprar RRS HA Ojos Inyectable. Compre ahora en My Lip Filler","isPartOf":{"@id":"https:\/\/mylipfiller.com\/#website"},"primaryImageOfPage":{"@id":"https:\/\/mylipfiller.com\/rrs-ha-eyes-12-x-15ml\/#primaryimage"},"image":{"@id":"https:\/\/mylipfiller.com\/rrs-ha-eyes-12-x-15ml\/#primaryimage"},"thumbnailUrl":"https:\/\/cdn.mylipfiller.com\/wp-content\/uploads\/2023\/01\/RRS-HA-EYES-1.jpg","datePublished":"2023-01-27T14:58:17+00:00","dateModified":"2026-01-16T08:55:57+00:00","description":"Compre RRS HA Eyes para tratamientos oculares eficaces. Obtenga RRS HA Eyes Injectable para obtener resultados visibles. Compra ahora en My Lip Filler y mejora tu mirada hoy","breadcrumb":{"@id":"https:\/\/mylipfiller.com\/rrs-ha-eyes-12-x-15ml\/#breadcrumb"},"inLanguage":"es","potentialAction":[{"@type":"ReadAction","target":["https:\/\/mylipfiller.com\/rrs-ha-eyes-12-x-15ml\/"]}]},{"@type":"ImageObject","inLanguage":"es","@id":"https:\/\/mylipfiller.com\/rrs-ha-eyes-12-x-15ml\/#primaryimage","url":"https:\/\/cdn.mylipfiller.com\/wp-content\/uploads\/2023\/01\/RRS-HA-EYES-1.jpg","contentUrl":"https:\/\/cdn.mylipfiller.com\/wp-content\/uploads\/2023\/01\/RRS-HA-EYES-1.jpg","width":600,"height":600,"caption":"RRS HA EYES"},{"@type":"BreadcrumbList","@id":"https:\/\/mylipfiller.com\/rrs-ha-eyes-12-x-15ml\/#breadcrumb","itemListElement":[{"@type":"ListItem","position":1,"name":"Home","item":"https:\/\/mylipfiller.com\/"},{"@type":"ListItem","position":2,"name":"Shop","item":"https:\/\/mylipfiller.com\/shop\/"},{"@type":"ListItem","position":3,"name":"RRS\u00ae HA EYES (12 x 1,5ml)"}]},{"@type":"WebSite","@id":"https:\/\/mylipfiller.com\/#website","url":"https:\/\/mylipfiller.com\/","name":"Mi relleno de labios","description":"Rellenos d\u00e9rmicos y de labios con \u00e1cido hialur\u00f3nico","publisher":{"@id":"https:\/\/mylipfiller.com\/#organization"},"potentialAction":[{"@type":"SearchAction","target":{"@type":"EntryPoint","urlTemplate":"https:\/\/mylipfiller.com\/?s={search_term_string}"},"query-input":{"@type":"PropertyValueSpecification","valueRequired":true,"valueName":"search_term_string"}}],"inLanguage":"es"},{"@type":"Organization","@id":"https:\/\/mylipfiller.com\/#organization","name":"Mi relleno de labios","url":"https:\/\/mylipfiller.com\/","logo":{"@type":"ImageObject","inLanguage":"es","@id":"https:\/\/mylipfiller.com\/#\/schema\/logo\/image\/","url":"https:\/\/cdn.mylipfiller.com\/wp-content\/uploads\/2019\/02\/cropped-My-Lip-Filler-Logo.png","contentUrl":"https:\/\/cdn.mylipfiller.com\/wp-content\/uploads\/2019\/02\/cropped-My-Lip-Filler-Logo.png","width":240,"height":88,"caption":"My Lip Filler"},"image":{"@id":"https:\/\/mylipfiller.com\/#\/schema\/logo\/image\/"}}]}},"_links":{"self":[{"href":"https:\/\/mylipfiller.com\/es\/wp-json\/wp\/v2\/product\/38944","targetHints":{"allow":["GET"]}}],"collection":[{"href":"https:\/\/mylipfiller.com\/es\/wp-json\/wp\/v2\/product"}],"about":[{"href":"https:\/\/mylipfiller.com\/es\/wp-json\/wp\/v2\/types\/product"}],"wp:featuredmedia":[{"embeddable":true,"href":"https:\/\/mylipfiller.com\/es\/wp-json\/wp\/v2\/media\/38940"}],"wp:attachment":[{"href":"https:\/\/mylipfiller.com\/es\/wp-json\/wp\/v2\/media?parent=38944"}],"wp:term":[{"taxonomy":"product_brand","embeddable":true,"href":"https:\/\/mylipfiller.com\/es\/wp-json\/wp\/v2\/product_brand?post=38944"},{"taxonomy":"product_cat","embeddable":true,"href":"https:\/\/mylipfiller.com\/es\/wp-json\/wp\/v2\/product_cat?post=38944"},{"taxonomy":"product_tag","embeddable":true,"href":"https:\/\/mylipfiller.com\/es\/wp-json\/wp\/v2\/product_tag?post=38944"}],"curies":[{"name":"gracias","href":"https:\/\/api.w.org\/{rel}","templated":true}]}}