{"id":38945,"date":"2023-01-27T16:59:08","date_gmt":"2023-01-27T14:59:08","guid":{"rendered":"https:\/\/mylipfiller.com\/?post_type=product&#038;p=38945"},"modified":"2025-07-08T10:49:34","modified_gmt":"2025-07-08T08:49:34","slug":"rrs-ha-injectable-6x5ml","status":"publish","type":"product","link":"https:\/\/mylipfiller.com\/es\/rrs-ha-injectable-6x5ml\/","title":{"rendered":"RRS\u00ae HA INYECTABLE (6x5ml)"},"content":{"rendered":"<p>Esta meso soluci\u00f3n inyectable es adecuada para numerosos problemas de la piel. Algunas de las condiciones que se pueden tratar son:<\/p>\n<ul>\n<li><u>Estr\u00edas<\/u>: las condiciones como Striae Distensae pueden mejorar dr\u00e1sticamente con la mesoterapia<\/li>\n<li><u>Arrugas<\/u>: efecto de rejuvenecimiento e hidrataci\u00f3n de la piel<\/li>\n<li><u>Piel da\u00f1ada<\/u>: los problemas de pigmentaci\u00f3n o decoloraci\u00f3n se pueden tratar con \u00e9xito<\/li>\n<li><u>fotoenvejecimiento<\/u>: los cambios degenerativos en la dermis se minimizan con la ayuda de un par de procedimientos<\/li>\n<\/ul>\n<h3>Casos de uso de RRS\u00ae HA INYECTABLE<\/h3>\n<p>Las \u00e1reas de tratamiento incluyen la cara, el cuello, el escote, las manos, los brazos, los muslos y el \u00e1rea del abdomen. Los inyectables RRS se pueden combinar para que se adapten a las necesidades de la piel de cada cliente individual. Se permite el uso de crema anest\u00e9sica si la piel del paciente se irrita f\u00e1cilmente, con bajo riesgo de efectos adversos.<\/p>\n<h3>Ingredientes activos<\/h3>\n<p>Cada vial de RRS HA Inyectable contiene:<\/p>\n<ul>\n<li><strong>Un tamp\u00f3n protector <\/strong>que sirve como medio de disoluci\u00f3n: silicio org\u00e1nico, flavonoides, vitaminas, antioxidantes, amino\u00e1cidos, polifenoles, oligoelementos y coenzimas<\/li>\n<li><strong>Hialuronato de sodio<\/strong> \u2013 HA de origen no animal, no reticulado \u2013 30mg por 5ml<\/li>\n<\/ul>\n<p>La caja original contiene 6 viales del producto.<\/p>\n<p>Las inyecciones de mesoterapia deben ser realizadas \u00fanicamente por un profesional m\u00e9dico autorizado, que est\u00e9 familiarizado con el protocolo de inyecci\u00f3n.<\/p>","protected":false},"excerpt":{"rendered":"<p>RRS\u00ae HA INYECTABLE es parte de la l\u00ednea de productos de mesoterapia RRS. Trata numerosos problemas y afecciones de la piel con la ayuda de 72 principios activos y un \u00e1cido hialur\u00f3nico purificado de mayor calidad. La aplicaci\u00f3n del producto es mesoterapia para la eliminaci\u00f3n de depresiones de la piel, como estr\u00edas en el cuerpo y pliegues nasolabiales en el \u00e1rea facial.<\/p>","protected":false},"featured_media":38941,"template":"","meta":{"_acf_changed":false},"product_brand":[],"product_cat":[89,18],"product_tag":[90,111,150,145,143,149],"class_list":{"0":"post-38945","1":"product","2":"type-product","3":"status-publish","4":"has-post-thumbnail","6":"product_cat-big-holiday-sale","7":"product_cat-mesotherapy","8":"product_tag-90","9":"product_tag-face","10":"product_tag-mesococktails","11":"product_tag-nourishing","12":"product_tag-rejuvenating","13":"product_tag-volume-5-ml","15":"first","16":"outofstock","17":"taxable","18":"shipping-taxable","19":"purchasable","20":"product-type-simple"},"acf":[],"yoast_head":"<!-- This site is optimized with the Yoast SEO plugin v27.4 - https:\/\/yoast.com\/product\/yoast-seo-wordpress\/ -->\n<title>Buy RRS\u00ae HA INJECTABLE (6x5ml) - Fillers from My Lip Filler<\/title>\n<meta name=\"description\" content=\"\u2765Buy RRS\u00ae HA INJECTABLE (6x5ml) \u23e9 My Lip Filler online store \u27a6 Quality assurance, reviews, ingredients, best prices!\" \/>\n<meta name=\"robots\" content=\"index, follow, max-snippet:-1, max-image-preview:large, max-video-preview:-1\" \/>\n<link rel=\"canonical\" href=\"https:\/\/mylipfiller.com\/es\/rrs-ha-injectable-6x5ml\/\" \/>\n<meta property=\"og:locale\" content=\"es_MX\" \/>\n<meta property=\"og:type\" content=\"article\" \/>\n<meta property=\"og:title\" content=\"Buy RRS\u00ae HA INJECTABLE (6x5ml) - Fillers from My Lip Filler\" \/>\n<meta property=\"og:description\" content=\"\u2765Buy RRS\u00ae HA INJECTABLE (6x5ml) \u23e9 My Lip Filler online store \u27a6 Quality assurance, reviews, ingredients, best prices!\" \/>\n<meta property=\"og:url\" content=\"https:\/\/mylipfiller.com\/es\/rrs-ha-injectable-6x5ml\/\" \/>\n<meta property=\"og:site_name\" content=\"My Lip Filler\" \/>\n<meta property=\"article:modified_time\" content=\"2025-07-08T08:49:34+00:00\" \/>\n<meta property=\"og:image\" content=\"https:\/\/cdn.mylipfiller.com\/wp-content\/uploads\/2023\/01\/RRS-HA-INJECTABLE-1.jpg\" \/>\n\t<meta property=\"og:image:width\" content=\"600\" \/>\n\t<meta property=\"og:image:height\" content=\"600\" \/>\n\t<meta property=\"og:image:type\" content=\"image\/jpeg\" \/>\n<meta name=\"twitter:card\" content=\"summary_large_image\" \/>\n<meta name=\"twitter:label1\" content=\"Tiempo de lectura\" \/>\n\t<meta name=\"twitter:data1\" content=\"1 minuto\" \/>\n<script type=\"application\/ld+json\" class=\"yoast-schema-graph\">{\"@context\":\"https:\\\/\\\/schema.org\",\"@graph\":[{\"@type\":\"WebPage\",\"@id\":\"https:\\\/\\\/mylipfiller.com\\\/rrs-ha-injectable-6x5ml\\\/\",\"url\":\"https:\\\/\\\/mylipfiller.com\\\/rrs-ha-injectable-6x5ml\\\/\",\"name\":\"Buy RRS\u00ae HA INJECTABLE (6x5ml) - Fillers from My Lip Filler\",\"isPartOf\":{\"@id\":\"https:\\\/\\\/mylipfiller.com\\\/#website\"},\"primaryImageOfPage\":{\"@id\":\"https:\\\/\\\/mylipfiller.com\\\/rrs-ha-injectable-6x5ml\\\/#primaryimage\"},\"image\":{\"@id\":\"https:\\\/\\\/mylipfiller.com\\\/rrs-ha-injectable-6x5ml\\\/#primaryimage\"},\"thumbnailUrl\":\"https:\\\/\\\/mylipfiller.com\\\/wp-content\\\/uploads\\\/2023\\\/01\\\/RRS-HA-INJECTABLE-1.jpg\",\"datePublished\":\"2023-01-27T14:59:08+00:00\",\"dateModified\":\"2025-07-08T08:49:34+00:00\",\"description\":\"\u2765Buy RRS\u00ae HA INJECTABLE (6x5ml) \u23e9 My Lip Filler online store \u27a6 Quality assurance, reviews, ingredients, best prices!\",\"breadcrumb\":{\"@id\":\"https:\\\/\\\/mylipfiller.com\\\/rrs-ha-injectable-6x5ml\\\/#breadcrumb\"},\"inLanguage\":\"es\",\"potentialAction\":[{\"@type\":\"ReadAction\",\"target\":[\"https:\\\/\\\/mylipfiller.com\\\/rrs-ha-injectable-6x5ml\\\/\"]}]},{\"@type\":\"ImageObject\",\"inLanguage\":\"es\",\"@id\":\"https:\\\/\\\/mylipfiller.com\\\/rrs-ha-injectable-6x5ml\\\/#primaryimage\",\"url\":\"https:\\\/\\\/mylipfiller.com\\\/wp-content\\\/uploads\\\/2023\\\/01\\\/RRS-HA-INJECTABLE-1.jpg\",\"contentUrl\":\"https:\\\/\\\/mylipfiller.com\\\/wp-content\\\/uploads\\\/2023\\\/01\\\/RRS-HA-INJECTABLE-1.jpg\",\"width\":600,\"height\":600,\"caption\":\"RRS HA INJECTABLE\"},{\"@type\":\"BreadcrumbList\",\"@id\":\"https:\\\/\\\/mylipfiller.com\\\/rrs-ha-injectable-6x5ml\\\/#breadcrumb\",\"itemListElement\":[{\"@type\":\"ListItem\",\"position\":1,\"name\":\"Home\",\"item\":\"https:\\\/\\\/mylipfiller.com\\\/\"},{\"@type\":\"ListItem\",\"position\":2,\"name\":\"Shop\",\"item\":\"https:\\\/\\\/mylipfiller.com\\\/shop\\\/\"},{\"@type\":\"ListItem\",\"position\":3,\"name\":\"RRS\u00ae HA INJECTABLE (6x5ml)\"}]},{\"@type\":\"WebSite\",\"@id\":\"https:\\\/\\\/mylipfiller.com\\\/#website\",\"url\":\"https:\\\/\\\/mylipfiller.com\\\/\",\"name\":\"My Lip Filler\",\"description\":\"Hyaluronic Acid Lip and Dermal Fillers\",\"publisher\":{\"@id\":\"https:\\\/\\\/mylipfiller.com\\\/#organization\"},\"potentialAction\":[{\"@type\":\"SearchAction\",\"target\":{\"@type\":\"EntryPoint\",\"urlTemplate\":\"https:\\\/\\\/mylipfiller.com\\\/?s={search_term_string}\"},\"query-input\":{\"@type\":\"PropertyValueSpecification\",\"valueRequired\":true,\"valueName\":\"search_term_string\"}}],\"inLanguage\":\"es\"},{\"@type\":\"Organization\",\"@id\":\"https:\\\/\\\/mylipfiller.com\\\/#organization\",\"name\":\"My Lip Filler\",\"url\":\"https:\\\/\\\/mylipfiller.com\\\/\",\"logo\":{\"@type\":\"ImageObject\",\"inLanguage\":\"es\",\"@id\":\"https:\\\/\\\/mylipfiller.com\\\/#\\\/schema\\\/logo\\\/image\\\/\",\"url\":\"https:\\\/\\\/mylipfiller.com\\\/wp-content\\\/uploads\\\/2019\\\/02\\\/cropped-My-Lip-Filler-Logo.png\",\"contentUrl\":\"https:\\\/\\\/mylipfiller.com\\\/wp-content\\\/uploads\\\/2019\\\/02\\\/cropped-My-Lip-Filler-Logo.png\",\"width\":240,\"height\":88,\"caption\":\"My Lip Filler\"},\"image\":{\"@id\":\"https:\\\/\\\/mylipfiller.com\\\/#\\\/schema\\\/logo\\\/image\\\/\"}}]}<\/script>\n<!-- \/ Yoast SEO plugin. -->","yoast_head_json":{"title":"Comprar RRS\u00ae HA INJECTABLE (6x5ml) - Rellenos de My Lip Filler","description":"\u2765Compra RRS\u00ae HA INJECTABLE (6x5ml) \u23e9 Tienda online My Lip Filler \u27a6 Garant\u00eda de calidad, rese\u00f1as, ingredientes, \u00a1los mejores precios!","robots":{"index":"index","follow":"follow","max-snippet":"max-snippet:-1","max-image-preview":"max-image-preview:large","max-video-preview":"max-video-preview:-1"},"canonical":"https:\/\/mylipfiller.com\/es\/rrs-ha-injectable-6x5ml\/","og_locale":"es_MX","og_type":"article","og_title":"Buy RRS\u00ae HA INJECTABLE (6x5ml) - Fillers from My Lip Filler","og_description":"\u2765Buy RRS\u00ae HA INJECTABLE (6x5ml) \u23e9 My Lip Filler online store \u27a6 Quality assurance, reviews, ingredients, best prices!","og_url":"https:\/\/mylipfiller.com\/es\/rrs-ha-injectable-6x5ml\/","og_site_name":"My Lip Filler","article_modified_time":"2025-07-08T08:49:34+00:00","og_image":[{"width":600,"height":600,"url":"https:\/\/cdn.mylipfiller.com\/wp-content\/uploads\/2023\/01\/RRS-HA-INJECTABLE-1.jpg","type":"image\/jpeg"}],"twitter_card":"summary_large_image","twitter_misc":{"Tiempo de lectura":"1 minuto"},"schema":{"@context":"https:\/\/schema.org","@graph":[{"@type":"WebPage","@id":"https:\/\/mylipfiller.com\/rrs-ha-injectable-6x5ml\/","url":"https:\/\/mylipfiller.com\/rrs-ha-injectable-6x5ml\/","name":"Comprar RRS\u00ae HA INJECTABLE (6x5ml) - Rellenos de My Lip Filler","isPartOf":{"@id":"https:\/\/mylipfiller.com\/#website"},"primaryImageOfPage":{"@id":"https:\/\/mylipfiller.com\/rrs-ha-injectable-6x5ml\/#primaryimage"},"image":{"@id":"https:\/\/mylipfiller.com\/rrs-ha-injectable-6x5ml\/#primaryimage"},"thumbnailUrl":"https:\/\/cdn.mylipfiller.com\/wp-content\/uploads\/2023\/01\/RRS-HA-INJECTABLE-1.jpg","datePublished":"2023-01-27T14:59:08+00:00","dateModified":"2025-07-08T08:49:34+00:00","description":"\u2765Compra RRS\u00ae HA INJECTABLE (6x5ml) \u23e9 Tienda online My Lip Filler \u27a6 Garant\u00eda de calidad, rese\u00f1as, ingredientes, \u00a1los mejores precios!","breadcrumb":{"@id":"https:\/\/mylipfiller.com\/rrs-ha-injectable-6x5ml\/#breadcrumb"},"inLanguage":"es","potentialAction":[{"@type":"ReadAction","target":["https:\/\/mylipfiller.com\/rrs-ha-injectable-6x5ml\/"]}]},{"@type":"ImageObject","inLanguage":"es","@id":"https:\/\/mylipfiller.com\/rrs-ha-injectable-6x5ml\/#primaryimage","url":"https:\/\/cdn.mylipfiller.com\/wp-content\/uploads\/2023\/01\/RRS-HA-INJECTABLE-1.jpg","contentUrl":"https:\/\/cdn.mylipfiller.com\/wp-content\/uploads\/2023\/01\/RRS-HA-INJECTABLE-1.jpg","width":600,"height":600,"caption":"RRS HA INJECTABLE"},{"@type":"BreadcrumbList","@id":"https:\/\/mylipfiller.com\/rrs-ha-injectable-6x5ml\/#breadcrumb","itemListElement":[{"@type":"ListItem","position":1,"name":"Home","item":"https:\/\/mylipfiller.com\/"},{"@type":"ListItem","position":2,"name":"Shop","item":"https:\/\/mylipfiller.com\/shop\/"},{"@type":"ListItem","position":3,"name":"RRS\u00ae HA INJECTABLE (6x5ml)"}]},{"@type":"WebSite","@id":"https:\/\/mylipfiller.com\/#website","url":"https:\/\/mylipfiller.com\/","name":"Mi relleno de labios","description":"Rellenos d\u00e9rmicos y de labios con \u00e1cido hialur\u00f3nico","publisher":{"@id":"https:\/\/mylipfiller.com\/#organization"},"potentialAction":[{"@type":"SearchAction","target":{"@type":"EntryPoint","urlTemplate":"https:\/\/mylipfiller.com\/?s={search_term_string}"},"query-input":{"@type":"PropertyValueSpecification","valueRequired":true,"valueName":"search_term_string"}}],"inLanguage":"es"},{"@type":"Organization","@id":"https:\/\/mylipfiller.com\/#organization","name":"Mi relleno de labios","url":"https:\/\/mylipfiller.com\/","logo":{"@type":"ImageObject","inLanguage":"es","@id":"https:\/\/mylipfiller.com\/#\/schema\/logo\/image\/","url":"https:\/\/cdn.mylipfiller.com\/wp-content\/uploads\/2019\/02\/cropped-My-Lip-Filler-Logo.png","contentUrl":"https:\/\/cdn.mylipfiller.com\/wp-content\/uploads\/2019\/02\/cropped-My-Lip-Filler-Logo.png","width":240,"height":88,"caption":"My Lip Filler"},"image":{"@id":"https:\/\/mylipfiller.com\/#\/schema\/logo\/image\/"}}]}},"_links":{"self":[{"href":"https:\/\/mylipfiller.com\/es\/wp-json\/wp\/v2\/product\/38945","targetHints":{"allow":["GET"]}}],"collection":[{"href":"https:\/\/mylipfiller.com\/es\/wp-json\/wp\/v2\/product"}],"about":[{"href":"https:\/\/mylipfiller.com\/es\/wp-json\/wp\/v2\/types\/product"}],"wp:featuredmedia":[{"embeddable":true,"href":"https:\/\/mylipfiller.com\/es\/wp-json\/wp\/v2\/media\/38941"}],"wp:attachment":[{"href":"https:\/\/mylipfiller.com\/es\/wp-json\/wp\/v2\/media?parent=38945"}],"wp:term":[{"taxonomy":"product_brand","embeddable":true,"href":"https:\/\/mylipfiller.com\/es\/wp-json\/wp\/v2\/product_brand?post=38945"},{"taxonomy":"product_cat","embeddable":true,"href":"https:\/\/mylipfiller.com\/es\/wp-json\/wp\/v2\/product_cat?post=38945"},{"taxonomy":"product_tag","embeddable":true,"href":"https:\/\/mylipfiller.com\/es\/wp-json\/wp\/v2\/product_tag?post=38945"}],"curies":[{"name":"gracias","href":"https:\/\/api.w.org\/{rel}","templated":true}]}}