{"id":38947,"date":"2023-01-27T16:25:06","date_gmt":"2023-01-27T14:25:06","guid":{"rendered":"https:\/\/mylipfiller.com\/?post_type=product&#038;p=38947"},"modified":"2025-07-08T10:49:34","modified_gmt":"2025-07-08T08:49:34","slug":"rrs-ha-skin-relax-6-x-3ml","status":"publish","type":"product","link":"https:\/\/mylipfiller.com\/es\/rrs-ha-skin-relax-6-x-3ml\/","title":{"rendered":"RRS\u00ae HA RELAJACI\u00d3N DE LA PIEL (6 x 3ml)"},"content":{"rendered":"<p>Esta entrada RRS est\u00e1 especialmente dise\u00f1ada para <u>relajaci\u00f3n profunda de la piel<\/u> y se puede aplicar en las siguientes \u00e1reas:<\/p>\n<ul>\n<li>Cara<\/li>\n<li>Cuello<\/li>\n<li>escote<\/li>\n<\/ul>\n<h3>RRS\u00ae HA Skin Relax: la nueva f\u00f3rmula para una mesoterapia excepcional<\/h3>\n<p>Estas ampollas a base de HA para mesoterapia suavizar\u00e1n y suavizar\u00e1n su piel, rellenar\u00e1n l\u00edneas peque\u00f1as a medianas, combatir\u00e1n con \u00e9xito las arrugas faciales y crear\u00e1n una apariencia juvenil y m\u00e1s saludable en general. Los pacientes necesitar\u00e1n tres tratamientos iniciales, que luego pueden repetirse despu\u00e9s de dos o tres semanas. M\u00e1s tarde, los procedimientos de refuerzo de la piel se pueden realizar cada tres meses al a\u00f1o para mantener la elasticidad y la suavidad de la piel. Esta forma de tratamiento antiarrugas no es invasiva y se realiza con el uso de microagujas que causan una m\u00ednima molestia.<\/p>\n<h3>Contenido del producto para la piel<\/h3>\n<p>Skin Tech Pharma Group junto con numerosos grupos de investigaci\u00f3n crearon el innovador<em> F\u00f3rmula Bonta 568<\/em>. Esta f\u00f3rmula \u00fanica en su tipo combina \u00e1cido hialur\u00f3nico con una variedad de p\u00e9ptidos para lograr un efecto duradero de refuerzo y rejuvenecimiento de la piel.<\/p>\n<p>Cada ampolla RRS Skin Relax contiene:<\/p>\n<ul>\n<li>5 pentap\u00e9ptidos<\/li>\n<li>6 hexap\u00e9ptidos<\/li>\n<li>8 octap\u00e9ptidos<\/li>\n<li>\u00c1cido hialur\u00f3nico no reticulado de primera calidad (1,0 mg\/ml)<\/li>\n<\/ul>\n<h3>\u00bfQu\u00e9 contiene una caja de producto meso?<\/h3>\n<p>Cada paquete contiene <strong>6 ampollas<\/strong> (3 ml cada uno) inyectables de clase III.<\/p>\n<p>Este producto debe ser comprado y aplicado \u00fanicamente por profesionales en el campo de la cosmetolog\u00eda y la medicina est\u00e9tica que puedan aplicar de manera segura y adecuada las soluciones para la piel RRS.<\/p>","protected":false},"excerpt":{"rendered":"<p>RRS HA Skin Relax es una innovadora soluci\u00f3n meso utilizada para restaurar la tersura y suavidad de la piel. Es adecuado para pacientes que necesitan procedimientos de relajaci\u00f3n d\u00e9rmica en las \u00e1reas de la cara, el cuello y el escote. RRS\u00ae HA es una l\u00ednea de soluciones para la piel a base de \u00e1cido hialur\u00f3nico no reticulado y purificado.<\/p>","protected":false},"featured_media":38942,"template":"","meta":{"_acf_changed":false},"product_brand":[],"product_cat":[89,18],"product_tag":[90,138,111,150,147],"class_list":{"0":"post-38947","1":"product","2":"type-product","3":"status-publish","4":"has-post-thumbnail","6":"product_cat-big-holiday-sale","7":"product_cat-mesotherapy","8":"product_tag-90","9":"product_tag-anti-aging","10":"product_tag-face","11":"product_tag-mesococktails","12":"product_tag-moisturizing","14":"first","15":"outofstock","16":"taxable","17":"shipping-taxable","18":"purchasable","19":"product-type-simple"},"acf":[],"yoast_head":"<!-- This site is optimized with the Yoast SEO plugin v27.4 - https:\/\/yoast.com\/product\/yoast-seo-wordpress\/ -->\n<title>Buy RRS\u00ae HA SKIN RELAX (6 x 3ml) - Fillers from My Lip Filler<\/title>\n<meta name=\"description\" content=\"\u2765Buy RRS\u00ae HA SKIN RELAX (6 x 3ml) \u23e9 My Lip Filler online store \u27a6 Quality assurance, reviews, ingredients, best prices!\" \/>\n<meta name=\"robots\" content=\"index, follow, max-snippet:-1, max-image-preview:large, max-video-preview:-1\" \/>\n<link rel=\"canonical\" href=\"https:\/\/mylipfiller.com\/es\/rrs-ha-skin-relax-6-x-3ml\/\" \/>\n<meta property=\"og:locale\" content=\"es_MX\" \/>\n<meta property=\"og:type\" content=\"article\" \/>\n<meta property=\"og:title\" content=\"Buy RRS\u00ae HA SKIN RELAX (6 x 3ml) - Fillers from My Lip Filler\" \/>\n<meta property=\"og:description\" content=\"\u2765Buy RRS\u00ae HA SKIN RELAX (6 x 3ml) \u23e9 My Lip Filler online store \u27a6 Quality assurance, reviews, ingredients, best prices!\" \/>\n<meta property=\"og:url\" content=\"https:\/\/mylipfiller.com\/es\/rrs-ha-skin-relax-6-x-3ml\/\" \/>\n<meta property=\"og:site_name\" content=\"My Lip Filler\" \/>\n<meta property=\"article:modified_time\" content=\"2025-07-08T08:49:34+00:00\" \/>\n<meta property=\"og:image\" content=\"https:\/\/cdn.mylipfiller.com\/wp-content\/uploads\/2023\/01\/RRS-HA-SKIN-RELAX-1.jpg\" \/>\n\t<meta property=\"og:image:width\" content=\"600\" \/>\n\t<meta property=\"og:image:height\" content=\"600\" \/>\n\t<meta property=\"og:image:type\" content=\"image\/jpeg\" \/>\n<meta name=\"twitter:card\" content=\"summary_large_image\" \/>\n<meta name=\"twitter:label1\" content=\"Tiempo de lectura\" \/>\n\t<meta name=\"twitter:data1\" content=\"2 minutos\" \/>\n<script type=\"application\/ld+json\" class=\"yoast-schema-graph\">{\"@context\":\"https:\\\/\\\/schema.org\",\"@graph\":[{\"@type\":\"WebPage\",\"@id\":\"https:\\\/\\\/mylipfiller.com\\\/rrs-ha-skin-relax-6-x-3ml\\\/\",\"url\":\"https:\\\/\\\/mylipfiller.com\\\/rrs-ha-skin-relax-6-x-3ml\\\/\",\"name\":\"Buy RRS\u00ae HA SKIN RELAX (6 x 3ml) - Fillers from My Lip Filler\",\"isPartOf\":{\"@id\":\"https:\\\/\\\/mylipfiller.com\\\/#website\"},\"primaryImageOfPage\":{\"@id\":\"https:\\\/\\\/mylipfiller.com\\\/rrs-ha-skin-relax-6-x-3ml\\\/#primaryimage\"},\"image\":{\"@id\":\"https:\\\/\\\/mylipfiller.com\\\/rrs-ha-skin-relax-6-x-3ml\\\/#primaryimage\"},\"thumbnailUrl\":\"https:\\\/\\\/mylipfiller.com\\\/wp-content\\\/uploads\\\/2023\\\/01\\\/RRS-HA-SKIN-RELAX-1.jpg\",\"datePublished\":\"2023-01-27T14:25:06+00:00\",\"dateModified\":\"2025-07-08T08:49:34+00:00\",\"description\":\"\u2765Buy RRS\u00ae HA SKIN RELAX (6 x 3ml) \u23e9 My Lip Filler online store \u27a6 Quality assurance, reviews, ingredients, best prices!\",\"breadcrumb\":{\"@id\":\"https:\\\/\\\/mylipfiller.com\\\/rrs-ha-skin-relax-6-x-3ml\\\/#breadcrumb\"},\"inLanguage\":\"es\",\"potentialAction\":[{\"@type\":\"ReadAction\",\"target\":[\"https:\\\/\\\/mylipfiller.com\\\/rrs-ha-skin-relax-6-x-3ml\\\/\"]}]},{\"@type\":\"ImageObject\",\"inLanguage\":\"es\",\"@id\":\"https:\\\/\\\/mylipfiller.com\\\/rrs-ha-skin-relax-6-x-3ml\\\/#primaryimage\",\"url\":\"https:\\\/\\\/mylipfiller.com\\\/wp-content\\\/uploads\\\/2023\\\/01\\\/RRS-HA-SKIN-RELAX-1.jpg\",\"contentUrl\":\"https:\\\/\\\/mylipfiller.com\\\/wp-content\\\/uploads\\\/2023\\\/01\\\/RRS-HA-SKIN-RELAX-1.jpg\",\"width\":600,\"height\":600,\"caption\":\"RRS HA SKIN RELAX\"},{\"@type\":\"BreadcrumbList\",\"@id\":\"https:\\\/\\\/mylipfiller.com\\\/rrs-ha-skin-relax-6-x-3ml\\\/#breadcrumb\",\"itemListElement\":[{\"@type\":\"ListItem\",\"position\":1,\"name\":\"Home\",\"item\":\"https:\\\/\\\/mylipfiller.com\\\/\"},{\"@type\":\"ListItem\",\"position\":2,\"name\":\"Shop\",\"item\":\"https:\\\/\\\/mylipfiller.com\\\/shop\\\/\"},{\"@type\":\"ListItem\",\"position\":3,\"name\":\"RRS\u00ae HA SKIN RELAX (6 x 3ml)\"}]},{\"@type\":\"WebSite\",\"@id\":\"https:\\\/\\\/mylipfiller.com\\\/#website\",\"url\":\"https:\\\/\\\/mylipfiller.com\\\/\",\"name\":\"My Lip Filler\",\"description\":\"Hyaluronic Acid Lip and Dermal Fillers\",\"publisher\":{\"@id\":\"https:\\\/\\\/mylipfiller.com\\\/#organization\"},\"potentialAction\":[{\"@type\":\"SearchAction\",\"target\":{\"@type\":\"EntryPoint\",\"urlTemplate\":\"https:\\\/\\\/mylipfiller.com\\\/?s={search_term_string}\"},\"query-input\":{\"@type\":\"PropertyValueSpecification\",\"valueRequired\":true,\"valueName\":\"search_term_string\"}}],\"inLanguage\":\"es\"},{\"@type\":\"Organization\",\"@id\":\"https:\\\/\\\/mylipfiller.com\\\/#organization\",\"name\":\"My Lip Filler\",\"url\":\"https:\\\/\\\/mylipfiller.com\\\/\",\"logo\":{\"@type\":\"ImageObject\",\"inLanguage\":\"es\",\"@id\":\"https:\\\/\\\/mylipfiller.com\\\/#\\\/schema\\\/logo\\\/image\\\/\",\"url\":\"https:\\\/\\\/mylipfiller.com\\\/wp-content\\\/uploads\\\/2019\\\/02\\\/cropped-My-Lip-Filler-Logo.png\",\"contentUrl\":\"https:\\\/\\\/mylipfiller.com\\\/wp-content\\\/uploads\\\/2019\\\/02\\\/cropped-My-Lip-Filler-Logo.png\",\"width\":240,\"height\":88,\"caption\":\"My Lip Filler\"},\"image\":{\"@id\":\"https:\\\/\\\/mylipfiller.com\\\/#\\\/schema\\\/logo\\\/image\\\/\"}}]}<\/script>\n<!-- \/ Yoast SEO plugin. -->","yoast_head_json":{"title":"Comprar RRS\u00ae HA SKIN RELAX (6 x 3ml) - Rellenos de My Lip Filler","description":"\u2765Compra RRS\u00ae HA SKIN RELAX (6 x 3ml) \u23e9 Tienda online My Lip Filler \u27a6 Garant\u00eda de calidad, rese\u00f1as, ingredientes, \u00a1los mejores precios!","robots":{"index":"index","follow":"follow","max-snippet":"max-snippet:-1","max-image-preview":"max-image-preview:large","max-video-preview":"max-video-preview:-1"},"canonical":"https:\/\/mylipfiller.com\/es\/rrs-ha-skin-relax-6-x-3ml\/","og_locale":"es_MX","og_type":"article","og_title":"Buy RRS\u00ae HA SKIN RELAX (6 x 3ml) - Fillers from My Lip Filler","og_description":"\u2765Buy RRS\u00ae HA SKIN RELAX (6 x 3ml) \u23e9 My Lip Filler online store \u27a6 Quality assurance, reviews, ingredients, best prices!","og_url":"https:\/\/mylipfiller.com\/es\/rrs-ha-skin-relax-6-x-3ml\/","og_site_name":"My Lip Filler","article_modified_time":"2025-07-08T08:49:34+00:00","og_image":[{"width":600,"height":600,"url":"https:\/\/cdn.mylipfiller.com\/wp-content\/uploads\/2023\/01\/RRS-HA-SKIN-RELAX-1.jpg","type":"image\/jpeg"}],"twitter_card":"summary_large_image","twitter_misc":{"Tiempo de lectura":"2 minutos"},"schema":{"@context":"https:\/\/schema.org","@graph":[{"@type":"WebPage","@id":"https:\/\/mylipfiller.com\/rrs-ha-skin-relax-6-x-3ml\/","url":"https:\/\/mylipfiller.com\/rrs-ha-skin-relax-6-x-3ml\/","name":"Comprar RRS\u00ae HA SKIN RELAX (6 x 3ml) - Rellenos de My Lip Filler","isPartOf":{"@id":"https:\/\/mylipfiller.com\/#website"},"primaryImageOfPage":{"@id":"https:\/\/mylipfiller.com\/rrs-ha-skin-relax-6-x-3ml\/#primaryimage"},"image":{"@id":"https:\/\/mylipfiller.com\/rrs-ha-skin-relax-6-x-3ml\/#primaryimage"},"thumbnailUrl":"https:\/\/cdn.mylipfiller.com\/wp-content\/uploads\/2023\/01\/RRS-HA-SKIN-RELAX-1.jpg","datePublished":"2023-01-27T14:25:06+00:00","dateModified":"2025-07-08T08:49:34+00:00","description":"\u2765Compra RRS\u00ae HA SKIN RELAX (6 x 3ml) \u23e9 Tienda online My Lip Filler \u27a6 Garant\u00eda de calidad, rese\u00f1as, ingredientes, \u00a1los mejores precios!","breadcrumb":{"@id":"https:\/\/mylipfiller.com\/rrs-ha-skin-relax-6-x-3ml\/#breadcrumb"},"inLanguage":"es","potentialAction":[{"@type":"ReadAction","target":["https:\/\/mylipfiller.com\/rrs-ha-skin-relax-6-x-3ml\/"]}]},{"@type":"ImageObject","inLanguage":"es","@id":"https:\/\/mylipfiller.com\/rrs-ha-skin-relax-6-x-3ml\/#primaryimage","url":"https:\/\/cdn.mylipfiller.com\/wp-content\/uploads\/2023\/01\/RRS-HA-SKIN-RELAX-1.jpg","contentUrl":"https:\/\/cdn.mylipfiller.com\/wp-content\/uploads\/2023\/01\/RRS-HA-SKIN-RELAX-1.jpg","width":600,"height":600,"caption":"RRS HA SKIN RELAX"},{"@type":"BreadcrumbList","@id":"https:\/\/mylipfiller.com\/rrs-ha-skin-relax-6-x-3ml\/#breadcrumb","itemListElement":[{"@type":"ListItem","position":1,"name":"Home","item":"https:\/\/mylipfiller.com\/"},{"@type":"ListItem","position":2,"name":"Shop","item":"https:\/\/mylipfiller.com\/shop\/"},{"@type":"ListItem","position":3,"name":"RRS\u00ae HA SKIN RELAX (6 x 3ml)"}]},{"@type":"WebSite","@id":"https:\/\/mylipfiller.com\/#website","url":"https:\/\/mylipfiller.com\/","name":"Mi relleno de labios","description":"Rellenos d\u00e9rmicos y de labios con \u00e1cido hialur\u00f3nico","publisher":{"@id":"https:\/\/mylipfiller.com\/#organization"},"potentialAction":[{"@type":"SearchAction","target":{"@type":"EntryPoint","urlTemplate":"https:\/\/mylipfiller.com\/?s={search_term_string}"},"query-input":{"@type":"PropertyValueSpecification","valueRequired":true,"valueName":"search_term_string"}}],"inLanguage":"es"},{"@type":"Organization","@id":"https:\/\/mylipfiller.com\/#organization","name":"Mi relleno de labios","url":"https:\/\/mylipfiller.com\/","logo":{"@type":"ImageObject","inLanguage":"es","@id":"https:\/\/mylipfiller.com\/#\/schema\/logo\/image\/","url":"https:\/\/cdn.mylipfiller.com\/wp-content\/uploads\/2019\/02\/cropped-My-Lip-Filler-Logo.png","contentUrl":"https:\/\/cdn.mylipfiller.com\/wp-content\/uploads\/2019\/02\/cropped-My-Lip-Filler-Logo.png","width":240,"height":88,"caption":"My Lip Filler"},"image":{"@id":"https:\/\/mylipfiller.com\/#\/schema\/logo\/image\/"}}]}},"_links":{"self":[{"href":"https:\/\/mylipfiller.com\/es\/wp-json\/wp\/v2\/product\/38947","targetHints":{"allow":["GET"]}}],"collection":[{"href":"https:\/\/mylipfiller.com\/es\/wp-json\/wp\/v2\/product"}],"about":[{"href":"https:\/\/mylipfiller.com\/es\/wp-json\/wp\/v2\/types\/product"}],"wp:featuredmedia":[{"embeddable":true,"href":"https:\/\/mylipfiller.com\/es\/wp-json\/wp\/v2\/media\/38942"}],"wp:attachment":[{"href":"https:\/\/mylipfiller.com\/es\/wp-json\/wp\/v2\/media?parent=38947"}],"wp:term":[{"taxonomy":"product_brand","embeddable":true,"href":"https:\/\/mylipfiller.com\/es\/wp-json\/wp\/v2\/product_brand?post=38947"},{"taxonomy":"product_cat","embeddable":true,"href":"https:\/\/mylipfiller.com\/es\/wp-json\/wp\/v2\/product_cat?post=38947"},{"taxonomy":"product_tag","embeddable":true,"href":"https:\/\/mylipfiller.com\/es\/wp-json\/wp\/v2\/product_tag?post=38947"}],"curies":[{"name":"gracias","href":"https:\/\/api.w.org\/{rel}","templated":true}]}}