{"id":38948,"date":"2023-01-27T17:00:29","date_gmt":"2023-01-27T15:00:29","guid":{"rendered":"https:\/\/mylipfiller.com\/?post_type=product&#038;p=38948"},"modified":"2024-07-03T17:33:02","modified_gmt":"2024-07-03T15:33:02","slug":"rrs-ha-tensor-lift-6-x-5ml","status":"publish","type":"product","link":"https:\/\/mylipfiller.com\/es\/rrs-ha-tensor-lift-6-x-5ml\/","title":{"rendered":"RRS\u00ae HA TENSOR LIFT (6 x 5ml)"},"content":{"rendered":"<h3>\u00bfQui\u00e9n puede beneficiarse de RRS HA TENSOR LIFT?<\/h3>\n<p>Esta soluci\u00f3n para la piel ayudar\u00e1 a los pacientes que necesitan tratamiento para:<\/p>\n<ul>\n<li><u>hipotrofia d\u00e9rmica <\/u><\/li>\n<li><u>atrofia d\u00e9rmica<\/u> o la disminuci\u00f3n del grosor de la dermis<\/li>\n<li><u>laxitud d\u00e9rmica <\/u>(cutis laxa) o piel floja e inel\u00e1stica<\/li>\n<li><u>elastosis de la piel<\/u> o arrugas profundas, piel amarilla, falta de s\u00edntesis de elastina<\/li>\n<\/ul>\n<p>La mesoterapia puede combinarse con otros inyectables, para una forma m\u00e1s personalizada de rejuvenecimiento y cuidado de la piel.<\/p>\n<h3>Composici\u00f3n de TENSOR LIFT<\/h3>\n<p>Cada ampolla de 5 mililitros de RRS HA TENSOR LIFT contiene:<\/p>\n<ul>\n<li>Hialuronato de Sodio (\u00c1cido Hialur\u00f3nico de origen biotecnol\u00f3gico no animal) \u2013 30mg por 5ml<\/li>\n<li>Tamp\u00f3n protector (silicio org\u00e1nico, flavonoides, DMAE \u2013 Dimetiletanolamina, vitaminas, antioxidantes, amino\u00e1cidos, polifenoles, oligoelementos, coenzimas) \u2013 50,6mg por 5ml<\/li>\n<\/ul>\n<h3>Direcci\u00f3n para uso<\/h3>\n<p>Todos los productos de \u00e1cido hialur\u00f3nico de RRS se inyectan en la dermis con la ayuda de agujas est\u00e9riles, en este caso una aguja de 32 G. Un procedimiento RRS HA Tensor Lift se puede repetir un par de veces durante un ciclo completo para garantizar resultados \u00f3ptimos. Se puede evitar una mejor adaptaci\u00f3n durante y despu\u00e9s de las irritaciones de la piel mediante el uso de crema anest\u00e9sica.<\/p>","protected":false},"excerpt":{"rendered":"<p>RRS HA TENSOR LIFT es un producto inyectable de mesoterapia para el tratamiento de la piel. Combina las propiedades naturales del \u00e1cido hialur\u00f3nico que estimulan la piel junto con una variedad de vitaminas, antioxidantes, amino\u00e1cidos y flavonoides que aumentan sus efectos. Esta combinaci\u00f3n innovadora fue creada para pacientes que sufren diferentes cambios degenerativos de los tejidos d\u00e9rmicos, incluidas afecciones relacionadas con <strong>fotoenvejecimiento<\/strong> o <strong>deficiencia de elastina<\/strong>.<\/p>","protected":false},"featured_media":38943,"template":"","meta":{"_acf_changed":false},"product_brand":[],"product_cat":[18],"product_tag":[138,111,141,150,132,149],"class_list":{"0":"post-38948","1":"product","2":"type-product","3":"status-publish","4":"has-post-thumbnail","6":"product_cat-mesotherapy","7":"product_tag-anti-aging","8":"product_tag-face","9":"product_tag-lifting","10":"product_tag-mesococktails","11":"product_tag-sagging-skin","12":"product_tag-volume-5-ml","14":"first","15":"outofstock","16":"taxable","17":"shipping-taxable","18":"purchasable","19":"product-type-simple"},"acf":[],"yoast_head":"<!-- This site is optimized with the Yoast SEO plugin v27.4 - https:\/\/yoast.com\/product\/yoast-seo-wordpress\/ -->\n<title>Buy RRS\u00ae HA TENSOR LIFT (6 x 5ml) - Fillers from My Lip Filler<\/title>\n<meta name=\"description\" content=\"\u2765Buy RRS\u00ae HA TENSOR LIFT (6 x 5ml) \u23e9 My Lip Filler online store \u27a6 Quality assurance, reviews, ingredients, best prices!\" \/>\n<meta name=\"robots\" content=\"index, follow, max-snippet:-1, max-image-preview:large, max-video-preview:-1\" \/>\n<link rel=\"canonical\" href=\"https:\/\/mylipfiller.com\/es\/rrs-ha-tensor-lift-6-x-5ml\/\" \/>\n<meta property=\"og:locale\" content=\"es_MX\" \/>\n<meta property=\"og:type\" content=\"article\" \/>\n<meta property=\"og:title\" content=\"Buy RRS\u00ae HA TENSOR LIFT (6 x 5ml) - Fillers from My Lip Filler\" \/>\n<meta property=\"og:description\" content=\"\u2765Buy RRS\u00ae HA TENSOR LIFT (6 x 5ml) \u23e9 My Lip Filler online store \u27a6 Quality assurance, reviews, ingredients, best prices!\" \/>\n<meta property=\"og:url\" content=\"https:\/\/mylipfiller.com\/es\/rrs-ha-tensor-lift-6-x-5ml\/\" \/>\n<meta property=\"og:site_name\" content=\"My Lip Filler\" \/>\n<meta property=\"article:modified_time\" content=\"2024-07-03T15:33:02+00:00\" \/>\n<meta property=\"og:image\" content=\"https:\/\/cdn.mylipfiller.com\/wp-content\/uploads\/2023\/01\/RRS-HA-TENSOR-LIFT-1.jpg\" \/>\n\t<meta property=\"og:image:width\" content=\"600\" \/>\n\t<meta property=\"og:image:height\" content=\"600\" \/>\n\t<meta property=\"og:image:type\" content=\"image\/jpeg\" \/>\n<meta name=\"twitter:card\" content=\"summary_large_image\" \/>\n<meta name=\"twitter:label1\" content=\"Tiempo de lectura\" \/>\n\t<meta name=\"twitter:data1\" content=\"1 minuto\" \/>\n<script type=\"application\/ld+json\" class=\"yoast-schema-graph\">{\"@context\":\"https:\\\/\\\/schema.org\",\"@graph\":[{\"@type\":\"WebPage\",\"@id\":\"https:\\\/\\\/mylipfiller.com\\\/rrs-ha-tensor-lift-6-x-5ml\\\/\",\"url\":\"https:\\\/\\\/mylipfiller.com\\\/rrs-ha-tensor-lift-6-x-5ml\\\/\",\"name\":\"Buy RRS\u00ae HA TENSOR LIFT (6 x 5ml) - Fillers from My Lip Filler\",\"isPartOf\":{\"@id\":\"https:\\\/\\\/mylipfiller.com\\\/#website\"},\"primaryImageOfPage\":{\"@id\":\"https:\\\/\\\/mylipfiller.com\\\/rrs-ha-tensor-lift-6-x-5ml\\\/#primaryimage\"},\"image\":{\"@id\":\"https:\\\/\\\/mylipfiller.com\\\/rrs-ha-tensor-lift-6-x-5ml\\\/#primaryimage\"},\"thumbnailUrl\":\"https:\\\/\\\/mylipfiller.com\\\/wp-content\\\/uploads\\\/2023\\\/01\\\/RRS-HA-TENSOR-LIFT-1.jpg\",\"datePublished\":\"2023-01-27T15:00:29+00:00\",\"dateModified\":\"2024-07-03T15:33:02+00:00\",\"description\":\"\u2765Buy RRS\u00ae HA TENSOR LIFT (6 x 5ml) \u23e9 My Lip Filler online store \u27a6 Quality assurance, reviews, ingredients, best prices!\",\"breadcrumb\":{\"@id\":\"https:\\\/\\\/mylipfiller.com\\\/rrs-ha-tensor-lift-6-x-5ml\\\/#breadcrumb\"},\"inLanguage\":\"es\",\"potentialAction\":[{\"@type\":\"ReadAction\",\"target\":[\"https:\\\/\\\/mylipfiller.com\\\/rrs-ha-tensor-lift-6-x-5ml\\\/\"]}]},{\"@type\":\"ImageObject\",\"inLanguage\":\"es\",\"@id\":\"https:\\\/\\\/mylipfiller.com\\\/rrs-ha-tensor-lift-6-x-5ml\\\/#primaryimage\",\"url\":\"https:\\\/\\\/mylipfiller.com\\\/wp-content\\\/uploads\\\/2023\\\/01\\\/RRS-HA-TENSOR-LIFT-1.jpg\",\"contentUrl\":\"https:\\\/\\\/mylipfiller.com\\\/wp-content\\\/uploads\\\/2023\\\/01\\\/RRS-HA-TENSOR-LIFT-1.jpg\",\"width\":600,\"height\":600,\"caption\":\"RRS HA TENSOR LIFT\"},{\"@type\":\"BreadcrumbList\",\"@id\":\"https:\\\/\\\/mylipfiller.com\\\/rrs-ha-tensor-lift-6-x-5ml\\\/#breadcrumb\",\"itemListElement\":[{\"@type\":\"ListItem\",\"position\":1,\"name\":\"Home\",\"item\":\"https:\\\/\\\/mylipfiller.com\\\/\"},{\"@type\":\"ListItem\",\"position\":2,\"name\":\"Shop\",\"item\":\"https:\\\/\\\/mylipfiller.com\\\/shop\\\/\"},{\"@type\":\"ListItem\",\"position\":3,\"name\":\"RRS\u00ae HA TENSOR LIFT (6 x 5ml)\"}]},{\"@type\":\"WebSite\",\"@id\":\"https:\\\/\\\/mylipfiller.com\\\/#website\",\"url\":\"https:\\\/\\\/mylipfiller.com\\\/\",\"name\":\"My Lip Filler\",\"description\":\"Hyaluronic Acid Lip and Dermal Fillers\",\"publisher\":{\"@id\":\"https:\\\/\\\/mylipfiller.com\\\/#organization\"},\"potentialAction\":[{\"@type\":\"SearchAction\",\"target\":{\"@type\":\"EntryPoint\",\"urlTemplate\":\"https:\\\/\\\/mylipfiller.com\\\/?s={search_term_string}\"},\"query-input\":{\"@type\":\"PropertyValueSpecification\",\"valueRequired\":true,\"valueName\":\"search_term_string\"}}],\"inLanguage\":\"es\"},{\"@type\":\"Organization\",\"@id\":\"https:\\\/\\\/mylipfiller.com\\\/#organization\",\"name\":\"My Lip Filler\",\"url\":\"https:\\\/\\\/mylipfiller.com\\\/\",\"logo\":{\"@type\":\"ImageObject\",\"inLanguage\":\"es\",\"@id\":\"https:\\\/\\\/mylipfiller.com\\\/#\\\/schema\\\/logo\\\/image\\\/\",\"url\":\"https:\\\/\\\/mylipfiller.com\\\/wp-content\\\/uploads\\\/2019\\\/02\\\/cropped-My-Lip-Filler-Logo.png\",\"contentUrl\":\"https:\\\/\\\/mylipfiller.com\\\/wp-content\\\/uploads\\\/2019\\\/02\\\/cropped-My-Lip-Filler-Logo.png\",\"width\":240,\"height\":88,\"caption\":\"My Lip Filler\"},\"image\":{\"@id\":\"https:\\\/\\\/mylipfiller.com\\\/#\\\/schema\\\/logo\\\/image\\\/\"}}]}<\/script>\n<!-- \/ Yoast SEO plugin. -->","yoast_head_json":{"title":"Compre RRS\u00ae HA TENSOR LIFT (6 x 5 ml) - Rellenos de My Lip Filler","description":"\u2765Compra RRS\u00ae HA TENSOR LIFT (6 x 5ml) \u23e9 Tienda online My Lip Filler \u27a6 Garant\u00eda de calidad, rese\u00f1as, ingredientes, \u00a1los mejores precios!","robots":{"index":"index","follow":"follow","max-snippet":"max-snippet:-1","max-image-preview":"max-image-preview:large","max-video-preview":"max-video-preview:-1"},"canonical":"https:\/\/mylipfiller.com\/es\/rrs-ha-tensor-lift-6-x-5ml\/","og_locale":"es_MX","og_type":"article","og_title":"Buy RRS\u00ae HA TENSOR LIFT (6 x 5ml) - Fillers from My Lip Filler","og_description":"\u2765Buy RRS\u00ae HA TENSOR LIFT (6 x 5ml) \u23e9 My Lip Filler online store \u27a6 Quality assurance, reviews, ingredients, best prices!","og_url":"https:\/\/mylipfiller.com\/es\/rrs-ha-tensor-lift-6-x-5ml\/","og_site_name":"My Lip Filler","article_modified_time":"2024-07-03T15:33:02+00:00","og_image":[{"width":600,"height":600,"url":"https:\/\/cdn.mylipfiller.com\/wp-content\/uploads\/2023\/01\/RRS-HA-TENSOR-LIFT-1.jpg","type":"image\/jpeg"}],"twitter_card":"summary_large_image","twitter_misc":{"Tiempo de lectura":"1 minuto"},"schema":{"@context":"https:\/\/schema.org","@graph":[{"@type":"WebPage","@id":"https:\/\/mylipfiller.com\/rrs-ha-tensor-lift-6-x-5ml\/","url":"https:\/\/mylipfiller.com\/rrs-ha-tensor-lift-6-x-5ml\/","name":"Compre RRS\u00ae HA TENSOR LIFT (6 x 5 ml) - Rellenos de My Lip Filler","isPartOf":{"@id":"https:\/\/mylipfiller.com\/#website"},"primaryImageOfPage":{"@id":"https:\/\/mylipfiller.com\/rrs-ha-tensor-lift-6-x-5ml\/#primaryimage"},"image":{"@id":"https:\/\/mylipfiller.com\/rrs-ha-tensor-lift-6-x-5ml\/#primaryimage"},"thumbnailUrl":"https:\/\/cdn.mylipfiller.com\/wp-content\/uploads\/2023\/01\/RRS-HA-TENSOR-LIFT-1.jpg","datePublished":"2023-01-27T15:00:29+00:00","dateModified":"2024-07-03T15:33:02+00:00","description":"\u2765Compra RRS\u00ae HA TENSOR LIFT (6 x 5ml) \u23e9 Tienda online My Lip Filler \u27a6 Garant\u00eda de calidad, rese\u00f1as, ingredientes, \u00a1los mejores precios!","breadcrumb":{"@id":"https:\/\/mylipfiller.com\/rrs-ha-tensor-lift-6-x-5ml\/#breadcrumb"},"inLanguage":"es","potentialAction":[{"@type":"ReadAction","target":["https:\/\/mylipfiller.com\/rrs-ha-tensor-lift-6-x-5ml\/"]}]},{"@type":"ImageObject","inLanguage":"es","@id":"https:\/\/mylipfiller.com\/rrs-ha-tensor-lift-6-x-5ml\/#primaryimage","url":"https:\/\/cdn.mylipfiller.com\/wp-content\/uploads\/2023\/01\/RRS-HA-TENSOR-LIFT-1.jpg","contentUrl":"https:\/\/cdn.mylipfiller.com\/wp-content\/uploads\/2023\/01\/RRS-HA-TENSOR-LIFT-1.jpg","width":600,"height":600,"caption":"RRS HA TENSOR LIFT"},{"@type":"BreadcrumbList","@id":"https:\/\/mylipfiller.com\/rrs-ha-tensor-lift-6-x-5ml\/#breadcrumb","itemListElement":[{"@type":"ListItem","position":1,"name":"Home","item":"https:\/\/mylipfiller.com\/"},{"@type":"ListItem","position":2,"name":"Shop","item":"https:\/\/mylipfiller.com\/shop\/"},{"@type":"ListItem","position":3,"name":"RRS\u00ae HA TENSOR LIFT (6 x 5ml)"}]},{"@type":"WebSite","@id":"https:\/\/mylipfiller.com\/#website","url":"https:\/\/mylipfiller.com\/","name":"Mi relleno de labios","description":"Rellenos d\u00e9rmicos y de labios con \u00e1cido hialur\u00f3nico","publisher":{"@id":"https:\/\/mylipfiller.com\/#organization"},"potentialAction":[{"@type":"SearchAction","target":{"@type":"EntryPoint","urlTemplate":"https:\/\/mylipfiller.com\/?s={search_term_string}"},"query-input":{"@type":"PropertyValueSpecification","valueRequired":true,"valueName":"search_term_string"}}],"inLanguage":"es"},{"@type":"Organization","@id":"https:\/\/mylipfiller.com\/#organization","name":"Mi relleno de labios","url":"https:\/\/mylipfiller.com\/","logo":{"@type":"ImageObject","inLanguage":"es","@id":"https:\/\/mylipfiller.com\/#\/schema\/logo\/image\/","url":"https:\/\/cdn.mylipfiller.com\/wp-content\/uploads\/2019\/02\/cropped-My-Lip-Filler-Logo.png","contentUrl":"https:\/\/cdn.mylipfiller.com\/wp-content\/uploads\/2019\/02\/cropped-My-Lip-Filler-Logo.png","width":240,"height":88,"caption":"My Lip Filler"},"image":{"@id":"https:\/\/mylipfiller.com\/#\/schema\/logo\/image\/"}}]}},"_links":{"self":[{"href":"https:\/\/mylipfiller.com\/es\/wp-json\/wp\/v2\/product\/38948","targetHints":{"allow":["GET"]}}],"collection":[{"href":"https:\/\/mylipfiller.com\/es\/wp-json\/wp\/v2\/product"}],"about":[{"href":"https:\/\/mylipfiller.com\/es\/wp-json\/wp\/v2\/types\/product"}],"wp:featuredmedia":[{"embeddable":true,"href":"https:\/\/mylipfiller.com\/es\/wp-json\/wp\/v2\/media\/38943"}],"wp:attachment":[{"href":"https:\/\/mylipfiller.com\/es\/wp-json\/wp\/v2\/media?parent=38948"}],"wp:term":[{"taxonomy":"product_brand","embeddable":true,"href":"https:\/\/mylipfiller.com\/es\/wp-json\/wp\/v2\/product_brand?post=38948"},{"taxonomy":"product_cat","embeddable":true,"href":"https:\/\/mylipfiller.com\/es\/wp-json\/wp\/v2\/product_cat?post=38948"},{"taxonomy":"product_tag","embeddable":true,"href":"https:\/\/mylipfiller.com\/es\/wp-json\/wp\/v2\/product_tag?post=38948"}],"curies":[{"name":"gracias","href":"https:\/\/api.w.org\/{rel}","templated":true}]}}