{"id":38949,"date":"2023-01-27T17:00:54","date_gmt":"2023-01-27T15:00:54","guid":{"rendered":"https:\/\/mylipfiller.com\/?post_type=product&#038;p=38949"},"modified":"2024-07-03T17:33:02","modified_gmt":"2024-07-03T15:33:02","slug":"rrs-ha-whitening-6-x-3ml","status":"publish","type":"product","link":"https:\/\/mylipfiller.com\/es\/rrs-ha-whitening-6-x-3ml\/","title":{"rendered":"RRS\u00ae HA WHITENING (6 x 3ml)"},"content":{"rendered":"<p>Esta es una soluci\u00f3n para el tratamiento de la piel, especialmente dise\u00f1ada para pacientes que experimentan los siguientes problemas:<\/p>\n<ul>\n<li>Piel<strong> descoloramiento <\/strong><\/li>\n<li><strong>Manchas de la edad<\/strong> en la cara, escote y manos<\/li>\n<li>Desigual <strong>pigmentaci\u00f3n<\/strong>, manchas con diferente color<\/li>\n<li><strong>Piel da\u00f1ada<\/strong>, incluidas las estr\u00edas<\/li>\n<\/ul>\n<p>RRS Whitening se puede inyectar en la zona del rostro, cuello, antebrazos, brazos, manos, abdomen y escote.<\/p>\n<h3>Beneficios de RRS para blanquear la piel<\/h3>\n<p>Un curso completo de tratamiento meso tiene muchos beneficios para los pacientes, que incluyen:<\/p>\n<ul>\n<li><u>Piel m\u00e1s saludable<\/u>, hidratado y provisto de todas las vitaminas y nutrientes necesarios de manera no invasiva<\/li>\n<li>Aumento del brillo de la piel, m\u00e1s <u>apariencia juvenil<\/u><\/li>\n<li><u>Efecto antienvejecimiento <\/u><\/li>\n<\/ul>\n<p>RRS HA Whitening es apropiado para combinar con otras formas de tratamiento de mesoterapia, lo que permite una terapia d\u00e9rmica m\u00e1s vers\u00e1til y eficaz.<\/p>\n<h3>Composici\u00f3n de RRS\u00ae HA WHITENING<\/h3>\n<p>Cada ampolla contiene:<\/p>\n<ul>\n<li>\u00c1cido hialur\u00f3nico, no reticulado (hialuronato de sodio) \u2013 3 mg por 3 ml<\/li>\n<li>Tamp\u00f3n protector (arbutina, \u00e1cido aminoetilfosf\u00ednico, palmitato de retinilo, extracto de hoja de Morus alba (morera blanca), vitamina C, vitamina A, vitamina E, extracto de ra\u00edz de Glycyrrhiza glabra (regaliz)) \u2013 142,8 mg por 3 ml<\/li>\n<\/ul>\n<p>Cada paquete de RRS HA Whitening contiene seis ampollas. Las inyecciones deben realizarse en las capas superficiales de la dermis con la ayuda de una aguja est\u00e9ril de 32 G.<\/p>","protected":false},"excerpt":{"rendered":"<p>RRS HA WHITENING es parte de la innovadora l\u00ednea de productos de mesoterapia RRS. Este es un c\u00f3ctel de mesoterapia de \u00e1cido hialur\u00f3nico no reticulado y un tamp\u00f3n especial que combina numerosas vitaminas, nutrientes y componentes efectivos. Combinados, pueden ayudar a los pacientes que luchan contra las manchas de la edad, la piel da\u00f1ada o la decoloraci\u00f3n, o la edad o problemas de pigmentaci\u00f3n de la piel relacionados con el medio ambiente.<\/p>","protected":false},"featured_media":38935,"template":"","meta":{"_acf_changed":false},"product_brand":[],"product_cat":[18],"product_tag":[111,150],"class_list":{"0":"post-38949","1":"product","2":"type-product","3":"status-publish","4":"has-post-thumbnail","6":"product_cat-mesotherapy","7":"product_tag-face","8":"product_tag-mesococktails","10":"first","11":"outofstock","12":"taxable","13":"shipping-taxable","14":"purchasable","15":"product-type-simple"},"acf":[],"yoast_head":"<!-- This site is optimized with the Yoast SEO plugin v27.2 - https:\/\/yoast.com\/product\/yoast-seo-wordpress\/ -->\n<title>Buy RRS\u00ae HA WHITENING (6 x 3ml) - Fillers from My Lip Filler<\/title>\n<meta name=\"description\" content=\"\u2765Buy RRS\u00ae HA WHITENING (6 x 3ml) \u23e9 My Lip Filler online store \u27a6 Quality assurance, reviews, ingredients, best prices!\" \/>\n<meta name=\"robots\" content=\"index, follow, max-snippet:-1, max-image-preview:large, max-video-preview:-1\" \/>\n<link rel=\"canonical\" href=\"https:\/\/mylipfiller.com\/es\/rrs-ha-whitening-6-x-3ml\/\" \/>\n<meta property=\"og:locale\" content=\"es_MX\" \/>\n<meta property=\"og:type\" content=\"article\" \/>\n<meta property=\"og:title\" content=\"Buy RRS\u00ae HA WHITENING (6 x 3ml) - Fillers from My Lip Filler\" \/>\n<meta property=\"og:description\" content=\"\u2765Buy RRS\u00ae HA WHITENING (6 x 3ml) \u23e9 My Lip Filler online store \u27a6 Quality assurance, reviews, ingredients, best prices!\" \/>\n<meta property=\"og:url\" content=\"https:\/\/mylipfiller.com\/es\/rrs-ha-whitening-6-x-3ml\/\" \/>\n<meta property=\"og:site_name\" content=\"My Lip Filler\" \/>\n<meta property=\"article:modified_time\" content=\"2024-07-03T15:33:02+00:00\" \/>\n<meta property=\"og:image\" content=\"https:\/\/cdn.mylipfiller.com\/wp-content\/uploads\/2023\/01\/RRS-HA-WHITENING-1.jpg\" \/>\n\t<meta property=\"og:image:width\" content=\"600\" \/>\n\t<meta property=\"og:image:height\" content=\"600\" \/>\n\t<meta property=\"og:image:type\" content=\"image\/jpeg\" \/>\n<meta name=\"twitter:card\" content=\"summary_large_image\" \/>\n<meta name=\"twitter:label1\" content=\"Tiempo de lectura\" \/>\n\t<meta name=\"twitter:data1\" content=\"2 minutos\" \/>\n<script type=\"application\/ld+json\" class=\"yoast-schema-graph\">{\"@context\":\"https:\/\/schema.org\",\"@graph\":[{\"@type\":\"WebPage\",\"@id\":\"https:\/\/mylipfiller.com\/rrs-ha-whitening-6-x-3ml\/\",\"url\":\"https:\/\/mylipfiller.com\/rrs-ha-whitening-6-x-3ml\/\",\"name\":\"Buy RRS\u00ae HA WHITENING (6 x 3ml) - Fillers from My Lip Filler\",\"isPartOf\":{\"@id\":\"https:\/\/mylipfiller.com\/#website\"},\"primaryImageOfPage\":{\"@id\":\"https:\/\/mylipfiller.com\/rrs-ha-whitening-6-x-3ml\/#primaryimage\"},\"image\":{\"@id\":\"https:\/\/mylipfiller.com\/rrs-ha-whitening-6-x-3ml\/#primaryimage\"},\"thumbnailUrl\":\"https:\/\/cdn.mylipfiller.com\/wp-content\/uploads\/2023\/01\/RRS-HA-WHITENING-1.jpg\",\"datePublished\":\"2023-01-27T15:00:54+00:00\",\"dateModified\":\"2024-07-03T15:33:02+00:00\",\"description\":\"\u2765Buy RRS\u00ae HA WHITENING (6 x 3ml) \u23e9 My Lip Filler online store \u27a6 Quality assurance, reviews, ingredients, best prices!\",\"breadcrumb\":{\"@id\":\"https:\/\/mylipfiller.com\/rrs-ha-whitening-6-x-3ml\/#breadcrumb\"},\"inLanguage\":\"es\",\"potentialAction\":[{\"@type\":\"ReadAction\",\"target\":[\"https:\/\/mylipfiller.com\/rrs-ha-whitening-6-x-3ml\/\"]}]},{\"@type\":\"ImageObject\",\"inLanguage\":\"es\",\"@id\":\"https:\/\/mylipfiller.com\/rrs-ha-whitening-6-x-3ml\/#primaryimage\",\"url\":\"https:\/\/cdn.mylipfiller.com\/wp-content\/uploads\/2023\/01\/RRS-HA-WHITENING-1.jpg\",\"contentUrl\":\"https:\/\/cdn.mylipfiller.com\/wp-content\/uploads\/2023\/01\/RRS-HA-WHITENING-1.jpg\",\"width\":600,\"height\":600,\"caption\":\"RRS HA WHITENING\"},{\"@type\":\"BreadcrumbList\",\"@id\":\"https:\/\/mylipfiller.com\/rrs-ha-whitening-6-x-3ml\/#breadcrumb\",\"itemListElement\":[{\"@type\":\"ListItem\",\"position\":1,\"name\":\"Home\",\"item\":\"https:\/\/mylipfiller.com\/\"},{\"@type\":\"ListItem\",\"position\":2,\"name\":\"Shop\",\"item\":\"https:\/\/mylipfiller.com\/shop\/\"},{\"@type\":\"ListItem\",\"position\":3,\"name\":\"RRS\u00ae HA WHITENING (6 x 3ml)\"}]},{\"@type\":\"WebSite\",\"@id\":\"https:\/\/mylipfiller.com\/#website\",\"url\":\"https:\/\/mylipfiller.com\/\",\"name\":\"My Lip Filler\",\"description\":\"Hyaluronic Acid Lip and Dermal Fillers\",\"publisher\":{\"@id\":\"https:\/\/mylipfiller.com\/#organization\"},\"potentialAction\":[{\"@type\":\"SearchAction\",\"target\":{\"@type\":\"EntryPoint\",\"urlTemplate\":\"https:\/\/mylipfiller.com\/?s={search_term_string}\"},\"query-input\":{\"@type\":\"PropertyValueSpecification\",\"valueRequired\":true,\"valueName\":\"search_term_string\"}}],\"inLanguage\":\"es\"},{\"@type\":\"Organization\",\"@id\":\"https:\/\/mylipfiller.com\/#organization\",\"name\":\"My Lip Filler\",\"url\":\"https:\/\/mylipfiller.com\/\",\"logo\":{\"@type\":\"ImageObject\",\"inLanguage\":\"es\",\"@id\":\"https:\/\/mylipfiller.com\/#\/schema\/logo\/image\/\",\"url\":\"https:\/\/cdn.mylipfiller.com\/wp-content\/uploads\/2019\/02\/cropped-My-Lip-Filler-Logo.png\",\"contentUrl\":\"https:\/\/cdn.mylipfiller.com\/wp-content\/uploads\/2019\/02\/cropped-My-Lip-Filler-Logo.png\",\"width\":240,\"height\":88,\"caption\":\"My Lip Filler\"},\"image\":{\"@id\":\"https:\/\/mylipfiller.com\/#\/schema\/logo\/image\/\"}}]}<\/script>\n<!-- \/ Yoast SEO plugin. -->","yoast_head_json":{"title":"Comprar RRS\u00ae HA WHITENING (6 x 3ml) - Rellenos de My Lip Filler","description":"\u2765Compra RRS\u00ae HA WHITENING (6 x 3ml) \u23e9 Tienda online My Lip Filler \u27a6 Garant\u00eda de calidad, rese\u00f1as, ingredientes, \u00a1los mejores precios!","robots":{"index":"index","follow":"follow","max-snippet":"max-snippet:-1","max-image-preview":"max-image-preview:large","max-video-preview":"max-video-preview:-1"},"canonical":"https:\/\/mylipfiller.com\/es\/rrs-ha-whitening-6-x-3ml\/","og_locale":"es_MX","og_type":"article","og_title":"Buy RRS\u00ae HA WHITENING (6 x 3ml) - Fillers from My Lip Filler","og_description":"\u2765Buy RRS\u00ae HA WHITENING (6 x 3ml) \u23e9 My Lip Filler online store \u27a6 Quality assurance, reviews, ingredients, best prices!","og_url":"https:\/\/mylipfiller.com\/es\/rrs-ha-whitening-6-x-3ml\/","og_site_name":"My Lip Filler","article_modified_time":"2024-07-03T15:33:02+00:00","og_image":[{"width":600,"height":600,"url":"https:\/\/cdn.mylipfiller.com\/wp-content\/uploads\/2023\/01\/RRS-HA-WHITENING-1.jpg","type":"image\/jpeg"}],"twitter_card":"summary_large_image","twitter_misc":{"Tiempo de lectura":"2 minutos"},"schema":{"@context":"https:\/\/schema.org","@graph":[{"@type":"WebPage","@id":"https:\/\/mylipfiller.com\/rrs-ha-whitening-6-x-3ml\/","url":"https:\/\/mylipfiller.com\/rrs-ha-whitening-6-x-3ml\/","name":"Comprar RRS\u00ae HA WHITENING (6 x 3ml) - Rellenos de My Lip Filler","isPartOf":{"@id":"https:\/\/mylipfiller.com\/#website"},"primaryImageOfPage":{"@id":"https:\/\/mylipfiller.com\/rrs-ha-whitening-6-x-3ml\/#primaryimage"},"image":{"@id":"https:\/\/mylipfiller.com\/rrs-ha-whitening-6-x-3ml\/#primaryimage"},"thumbnailUrl":"https:\/\/cdn.mylipfiller.com\/wp-content\/uploads\/2023\/01\/RRS-HA-WHITENING-1.jpg","datePublished":"2023-01-27T15:00:54+00:00","dateModified":"2024-07-03T15:33:02+00:00","description":"\u2765Compra RRS\u00ae HA WHITENING (6 x 3ml) \u23e9 Tienda online My Lip Filler \u27a6 Garant\u00eda de calidad, rese\u00f1as, ingredientes, \u00a1los mejores precios!","breadcrumb":{"@id":"https:\/\/mylipfiller.com\/rrs-ha-whitening-6-x-3ml\/#breadcrumb"},"inLanguage":"es","potentialAction":[{"@type":"ReadAction","target":["https:\/\/mylipfiller.com\/rrs-ha-whitening-6-x-3ml\/"]}]},{"@type":"ImageObject","inLanguage":"es","@id":"https:\/\/mylipfiller.com\/rrs-ha-whitening-6-x-3ml\/#primaryimage","url":"https:\/\/cdn.mylipfiller.com\/wp-content\/uploads\/2023\/01\/RRS-HA-WHITENING-1.jpg","contentUrl":"https:\/\/cdn.mylipfiller.com\/wp-content\/uploads\/2023\/01\/RRS-HA-WHITENING-1.jpg","width":600,"height":600,"caption":"RRS HA WHITENING"},{"@type":"BreadcrumbList","@id":"https:\/\/mylipfiller.com\/rrs-ha-whitening-6-x-3ml\/#breadcrumb","itemListElement":[{"@type":"ListItem","position":1,"name":"Home","item":"https:\/\/mylipfiller.com\/"},{"@type":"ListItem","position":2,"name":"Shop","item":"https:\/\/mylipfiller.com\/shop\/"},{"@type":"ListItem","position":3,"name":"RRS\u00ae HA WHITENING (6 x 3ml)"}]},{"@type":"WebSite","@id":"https:\/\/mylipfiller.com\/#website","url":"https:\/\/mylipfiller.com\/","name":"Mi relleno de labios","description":"Rellenos d\u00e9rmicos y de labios con \u00e1cido hialur\u00f3nico","publisher":{"@id":"https:\/\/mylipfiller.com\/#organization"},"potentialAction":[{"@type":"SearchAction","target":{"@type":"EntryPoint","urlTemplate":"https:\/\/mylipfiller.com\/?s={search_term_string}"},"query-input":{"@type":"PropertyValueSpecification","valueRequired":true,"valueName":"search_term_string"}}],"inLanguage":"es"},{"@type":"Organization","@id":"https:\/\/mylipfiller.com\/#organization","name":"Mi relleno de labios","url":"https:\/\/mylipfiller.com\/","logo":{"@type":"ImageObject","inLanguage":"es","@id":"https:\/\/mylipfiller.com\/#\/schema\/logo\/image\/","url":"https:\/\/cdn.mylipfiller.com\/wp-content\/uploads\/2019\/02\/cropped-My-Lip-Filler-Logo.png","contentUrl":"https:\/\/cdn.mylipfiller.com\/wp-content\/uploads\/2019\/02\/cropped-My-Lip-Filler-Logo.png","width":240,"height":88,"caption":"My Lip Filler"},"image":{"@id":"https:\/\/mylipfiller.com\/#\/schema\/logo\/image\/"}}]}},"_links":{"self":[{"href":"https:\/\/mylipfiller.com\/es\/wp-json\/wp\/v2\/product\/38949","targetHints":{"allow":["GET"]}}],"collection":[{"href":"https:\/\/mylipfiller.com\/es\/wp-json\/wp\/v2\/product"}],"about":[{"href":"https:\/\/mylipfiller.com\/es\/wp-json\/wp\/v2\/types\/product"}],"wp:featuredmedia":[{"embeddable":true,"href":"https:\/\/mylipfiller.com\/es\/wp-json\/wp\/v2\/media\/38935"}],"wp:attachment":[{"href":"https:\/\/mylipfiller.com\/es\/wp-json\/wp\/v2\/media?parent=38949"}],"wp:term":[{"taxonomy":"product_brand","embeddable":true,"href":"https:\/\/mylipfiller.com\/es\/wp-json\/wp\/v2\/product_brand?post=38949"},{"taxonomy":"product_cat","embeddable":true,"href":"https:\/\/mylipfiller.com\/es\/wp-json\/wp\/v2\/product_cat?post=38949"},{"taxonomy":"product_tag","embeddable":true,"href":"https:\/\/mylipfiller.com\/es\/wp-json\/wp\/v2\/product_tag?post=38949"}],"curies":[{"name":"gracias","href":"https:\/\/api.w.org\/{rel}","templated":true}]}}