{"id":38950,"date":"2023-01-27T18:27:49","date_gmt":"2023-01-27T16:27:49","guid":{"rendered":"https:\/\/mylipfiller.com\/?post_type=product&#038;p=38950"},"modified":"2024-11-18T14:54:24","modified_gmt":"2024-11-18T12:54:24","slug":"rrs-hyalift-75-6-x-5ml","status":"publish","type":"product","link":"https:\/\/mylipfiller.com\/es\/rrs-hyalift-75-6-x-5ml\/","title":{"rendered":"RRS\u00ae HYALIFT\u00ae 75 (6 x 5ml)"},"content":{"rendered":"<p>Las principales zonas de aplicaci\u00f3n del Hyalift 75 de la l\u00ednea RRS son rostro, cuello, escote y manos. La aplicaci\u00f3n recomendada es mediante microinyecci\u00f3n a intervalos de medio cent\u00edmetro (hasta 1 cm) en la zona de piel deseada. Los m\u00e9todos adicionales de inyecci\u00f3n incluyen t\u00e9cnicas de inyecci\u00f3n como inyecciones intrad\u00e9rmicas, pistola de mesoterapia o c\u00e1nula. El resultado es una piel notablemente m\u00e1s firme y suave con una apariencia m\u00e1s juvenil.<\/p>\n<p>El secreto es el \u00e1cido hialur\u00f3nico no reticulado que mejora instant\u00e1neamente la hidrataci\u00f3n de la piel, t\u00edpico de la gama de productos RRS, fabricados por Skin Tech Pharma Group, uno de los principales fabricantes espa\u00f1oles de dispositivos m\u00e9dicos y cosm\u00e9ticos, con m\u00e1s de 25 a\u00f1os. de experiencia. Su l\u00ednea RRS es una gama completa de soluciones de productos antienvejecimiento, que se pueden usar para una variedad de problemas de la piel. De estos, el RRS Hyalift 75 es una soluci\u00f3n de mesoterapia altamente efectiva para pacientes que buscan volver a una apariencia de piel joven y firme.<\/p>\n<h3>RRS Hyalift 75 \u2013 \u00e1reas de aplicaci\u00f3n:<\/h3>\n<ul>\n<li>Cara<\/li>\n<li>Cuello<\/li>\n<li>Escote<\/li>\n<li>Manos<\/li>\n<\/ul>\n<h3>Efecto del producto RRS<\/h3>\n<p>Adem\u00e1s del \u00e1cido hialur\u00f3nico, RRS Hyalift 75 Proactive contiene un complejo de nutrientes especialmente seleccionado para la biorevitalizaci\u00f3n de la piel, por lo que es adecuado para la hidrataci\u00f3n, el relleno de las arrugas finas, el antienvejecimiento y la mejora de la calidad de la piel. Este producto meso es m\u00e1s efectivo para pacientes de 35 a\u00f1os o m\u00e1s, y ofrece una terapia de rejuvenecimiento de la piel flexible para varias \u00e1reas de la cara y el cuerpo, como el cuello, el escote y el dorso de las manos.<\/p>","protected":false},"excerpt":{"rendered":"<p>RRS Hyalift 75 es un tratamiento especializado de alto perfil que se enfoca y suaviza de manera efectiva las arrugas finas y levanta la piel fl\u00e1cida. A base de \u00e1cido hialur\u00f3nico (HA) no reticulado altamente concentrado, es una soluci\u00f3n de mesoterapia que ayuda a regenerar la piel desde el interior, alisando y rellenando las arrugas m\u00e1s peque\u00f1as y finas. Tiene un efecto inmediato en la eliminaci\u00f3n de l\u00edneas de la piel. Una sola sesi\u00f3n con RRS Hyalift 75 da como resultado una piel m\u00e1s firme, combinada con un efecto duradero en el transcurso de las siguientes dos semanas, despu\u00e9s del procedimiento.<\/p>","protected":false},"featured_media":38937,"template":"","meta":{"_acf_changed":false},"product_brand":[],"product_cat":[18],"product_tag":[138,111,141,150,147,129,145,143,132,149],"class_list":{"0":"post-38950","1":"product","2":"type-product","3":"status-publish","4":"has-post-thumbnail","6":"product_cat-mesotherapy","7":"product_tag-anti-aging","8":"product_tag-face","9":"product_tag-lifting","10":"product_tag-mesococktails","11":"product_tag-moisturizing","12":"product_tag-neck-wrinkles","13":"product_tag-nourishing","14":"product_tag-rejuvenating","15":"product_tag-sagging-skin","16":"product_tag-volume-5-ml","18":"first","19":"outofstock","20":"sale","21":"taxable","22":"shipping-taxable","23":"purchasable","24":"product-type-simple"},"acf":[],"yoast_head":"<!-- This site is optimized with the Yoast SEO plugin v27.4 - https:\/\/yoast.com\/product\/yoast-seo-wordpress\/ -->\n<title>Buy RRS\u00ae HYALIFT\u00ae 75 (6 x 5ml) - Fillers from My Lip Filler<\/title>\n<meta name=\"description\" content=\"\u2765Buy RRS\u00ae HYALIFT\u00ae 75 (6 x 5ml) \u23e9 My Lip Filler online store \u27a6 Quality assurance, reviews, ingredients, best prices!\" \/>\n<meta name=\"robots\" content=\"index, follow, max-snippet:-1, max-image-preview:large, max-video-preview:-1\" \/>\n<link rel=\"canonical\" href=\"https:\/\/mylipfiller.com\/es\/rrs-hyalift-75-6-x-5ml\/\" \/>\n<meta property=\"og:locale\" content=\"es_MX\" \/>\n<meta property=\"og:type\" content=\"article\" \/>\n<meta property=\"og:title\" content=\"Buy RRS\u00ae HYALIFT\u00ae 75 (6 x 5ml) - Fillers from My Lip Filler\" \/>\n<meta property=\"og:description\" content=\"\u2765Buy RRS\u00ae HYALIFT\u00ae 75 (6 x 5ml) \u23e9 My Lip Filler online store \u27a6 Quality assurance, reviews, ingredients, best prices!\" \/>\n<meta property=\"og:url\" content=\"https:\/\/mylipfiller.com\/es\/rrs-hyalift-75-6-x-5ml\/\" \/>\n<meta property=\"og:site_name\" content=\"My Lip Filler\" \/>\n<meta property=\"article:modified_time\" content=\"2024-11-18T12:54:24+00:00\" \/>\n<meta property=\"og:image\" content=\"https:\/\/cdn.mylipfiller.com\/wp-content\/uploads\/2023\/01\/RRS-HYALIFT-75-1.jpg\" \/>\n\t<meta property=\"og:image:width\" content=\"600\" \/>\n\t<meta property=\"og:image:height\" content=\"600\" \/>\n\t<meta property=\"og:image:type\" content=\"image\/jpeg\" \/>\n<meta name=\"twitter:card\" content=\"summary_large_image\" \/>\n<meta name=\"twitter:label1\" content=\"Tiempo de lectura\" \/>\n\t<meta name=\"twitter:data1\" content=\"2 minutos\" \/>\n<script type=\"application\/ld+json\" class=\"yoast-schema-graph\">{\"@context\":\"https:\\\/\\\/schema.org\",\"@graph\":[{\"@type\":\"WebPage\",\"@id\":\"https:\\\/\\\/mylipfiller.com\\\/rrs-hyalift-75-6-x-5ml\\\/\",\"url\":\"https:\\\/\\\/mylipfiller.com\\\/rrs-hyalift-75-6-x-5ml\\\/\",\"name\":\"Buy RRS\u00ae HYALIFT\u00ae 75 (6 x 5ml) - Fillers from My Lip Filler\",\"isPartOf\":{\"@id\":\"https:\\\/\\\/mylipfiller.com\\\/#website\"},\"primaryImageOfPage\":{\"@id\":\"https:\\\/\\\/mylipfiller.com\\\/rrs-hyalift-75-6-x-5ml\\\/#primaryimage\"},\"image\":{\"@id\":\"https:\\\/\\\/mylipfiller.com\\\/rrs-hyalift-75-6-x-5ml\\\/#primaryimage\"},\"thumbnailUrl\":\"https:\\\/\\\/mylipfiller.com\\\/wp-content\\\/uploads\\\/2023\\\/01\\\/RRS-HYALIFT-75-1.jpg\",\"datePublished\":\"2023-01-27T16:27:49+00:00\",\"dateModified\":\"2024-11-18T12:54:24+00:00\",\"description\":\"\u2765Buy RRS\u00ae HYALIFT\u00ae 75 (6 x 5ml) \u23e9 My Lip Filler online store \u27a6 Quality assurance, reviews, ingredients, best prices!\",\"breadcrumb\":{\"@id\":\"https:\\\/\\\/mylipfiller.com\\\/rrs-hyalift-75-6-x-5ml\\\/#breadcrumb\"},\"inLanguage\":\"es\",\"potentialAction\":[{\"@type\":\"ReadAction\",\"target\":[\"https:\\\/\\\/mylipfiller.com\\\/rrs-hyalift-75-6-x-5ml\\\/\"]}]},{\"@type\":\"ImageObject\",\"inLanguage\":\"es\",\"@id\":\"https:\\\/\\\/mylipfiller.com\\\/rrs-hyalift-75-6-x-5ml\\\/#primaryimage\",\"url\":\"https:\\\/\\\/mylipfiller.com\\\/wp-content\\\/uploads\\\/2023\\\/01\\\/RRS-HYALIFT-75-1.jpg\",\"contentUrl\":\"https:\\\/\\\/mylipfiller.com\\\/wp-content\\\/uploads\\\/2023\\\/01\\\/RRS-HYALIFT-75-1.jpg\",\"width\":600,\"height\":600,\"caption\":\"RRS HYALIFT 75\"},{\"@type\":\"BreadcrumbList\",\"@id\":\"https:\\\/\\\/mylipfiller.com\\\/rrs-hyalift-75-6-x-5ml\\\/#breadcrumb\",\"itemListElement\":[{\"@type\":\"ListItem\",\"position\":1,\"name\":\"Home\",\"item\":\"https:\\\/\\\/mylipfiller.com\\\/\"},{\"@type\":\"ListItem\",\"position\":2,\"name\":\"Shop\",\"item\":\"https:\\\/\\\/mylipfiller.com\\\/shop\\\/\"},{\"@type\":\"ListItem\",\"position\":3,\"name\":\"RRS\u00ae HYALIFT\u00ae 75 (6 x 5ml)\"}]},{\"@type\":\"WebSite\",\"@id\":\"https:\\\/\\\/mylipfiller.com\\\/#website\",\"url\":\"https:\\\/\\\/mylipfiller.com\\\/\",\"name\":\"My Lip Filler\",\"description\":\"Hyaluronic Acid Lip and Dermal Fillers\",\"publisher\":{\"@id\":\"https:\\\/\\\/mylipfiller.com\\\/#organization\"},\"potentialAction\":[{\"@type\":\"SearchAction\",\"target\":{\"@type\":\"EntryPoint\",\"urlTemplate\":\"https:\\\/\\\/mylipfiller.com\\\/?s={search_term_string}\"},\"query-input\":{\"@type\":\"PropertyValueSpecification\",\"valueRequired\":true,\"valueName\":\"search_term_string\"}}],\"inLanguage\":\"es\"},{\"@type\":\"Organization\",\"@id\":\"https:\\\/\\\/mylipfiller.com\\\/#organization\",\"name\":\"My Lip Filler\",\"url\":\"https:\\\/\\\/mylipfiller.com\\\/\",\"logo\":{\"@type\":\"ImageObject\",\"inLanguage\":\"es\",\"@id\":\"https:\\\/\\\/mylipfiller.com\\\/#\\\/schema\\\/logo\\\/image\\\/\",\"url\":\"https:\\\/\\\/mylipfiller.com\\\/wp-content\\\/uploads\\\/2019\\\/02\\\/cropped-My-Lip-Filler-Logo.png\",\"contentUrl\":\"https:\\\/\\\/mylipfiller.com\\\/wp-content\\\/uploads\\\/2019\\\/02\\\/cropped-My-Lip-Filler-Logo.png\",\"width\":240,\"height\":88,\"caption\":\"My Lip Filler\"},\"image\":{\"@id\":\"https:\\\/\\\/mylipfiller.com\\\/#\\\/schema\\\/logo\\\/image\\\/\"}}]}<\/script>\n<!-- \/ Yoast SEO plugin. -->","yoast_head_json":{"title":"Comprar RRS\u00ae HYALIFT\u00ae 75 (6 x 5ml) - Rellenos de My Lip Filler","description":"\u2765Compra RRS\u00ae HYALIFT\u00ae 75 (6 x 5ml) \u23e9 Tienda online My Lip Filler \u27a6 Garant\u00eda de calidad, rese\u00f1as, ingredientes, \u00a1los mejores precios!","robots":{"index":"index","follow":"follow","max-snippet":"max-snippet:-1","max-image-preview":"max-image-preview:large","max-video-preview":"max-video-preview:-1"},"canonical":"https:\/\/mylipfiller.com\/es\/rrs-hyalift-75-6-x-5ml\/","og_locale":"es_MX","og_type":"article","og_title":"Buy RRS\u00ae HYALIFT\u00ae 75 (6 x 5ml) - Fillers from My Lip Filler","og_description":"\u2765Buy RRS\u00ae HYALIFT\u00ae 75 (6 x 5ml) \u23e9 My Lip Filler online store \u27a6 Quality assurance, reviews, ingredients, best prices!","og_url":"https:\/\/mylipfiller.com\/es\/rrs-hyalift-75-6-x-5ml\/","og_site_name":"My Lip Filler","article_modified_time":"2024-11-18T12:54:24+00:00","og_image":[{"width":600,"height":600,"url":"https:\/\/cdn.mylipfiller.com\/wp-content\/uploads\/2023\/01\/RRS-HYALIFT-75-1.jpg","type":"image\/jpeg"}],"twitter_card":"summary_large_image","twitter_misc":{"Tiempo de lectura":"2 minutos"},"schema":{"@context":"https:\/\/schema.org","@graph":[{"@type":"WebPage","@id":"https:\/\/mylipfiller.com\/rrs-hyalift-75-6-x-5ml\/","url":"https:\/\/mylipfiller.com\/rrs-hyalift-75-6-x-5ml\/","name":"Comprar RRS\u00ae HYALIFT\u00ae 75 (6 x 5ml) - Rellenos de My Lip Filler","isPartOf":{"@id":"https:\/\/mylipfiller.com\/#website"},"primaryImageOfPage":{"@id":"https:\/\/mylipfiller.com\/rrs-hyalift-75-6-x-5ml\/#primaryimage"},"image":{"@id":"https:\/\/mylipfiller.com\/rrs-hyalift-75-6-x-5ml\/#primaryimage"},"thumbnailUrl":"https:\/\/cdn.mylipfiller.com\/wp-content\/uploads\/2023\/01\/RRS-HYALIFT-75-1.jpg","datePublished":"2023-01-27T16:27:49+00:00","dateModified":"2024-11-18T12:54:24+00:00","description":"\u2765Compra RRS\u00ae HYALIFT\u00ae 75 (6 x 5ml) \u23e9 Tienda online My Lip Filler \u27a6 Garant\u00eda de calidad, rese\u00f1as, ingredientes, \u00a1los mejores precios!","breadcrumb":{"@id":"https:\/\/mylipfiller.com\/rrs-hyalift-75-6-x-5ml\/#breadcrumb"},"inLanguage":"es","potentialAction":[{"@type":"ReadAction","target":["https:\/\/mylipfiller.com\/rrs-hyalift-75-6-x-5ml\/"]}]},{"@type":"ImageObject","inLanguage":"es","@id":"https:\/\/mylipfiller.com\/rrs-hyalift-75-6-x-5ml\/#primaryimage","url":"https:\/\/cdn.mylipfiller.com\/wp-content\/uploads\/2023\/01\/RRS-HYALIFT-75-1.jpg","contentUrl":"https:\/\/cdn.mylipfiller.com\/wp-content\/uploads\/2023\/01\/RRS-HYALIFT-75-1.jpg","width":600,"height":600,"caption":"RRS HYALIFT 75"},{"@type":"BreadcrumbList","@id":"https:\/\/mylipfiller.com\/rrs-hyalift-75-6-x-5ml\/#breadcrumb","itemListElement":[{"@type":"ListItem","position":1,"name":"Home","item":"https:\/\/mylipfiller.com\/"},{"@type":"ListItem","position":2,"name":"Shop","item":"https:\/\/mylipfiller.com\/shop\/"},{"@type":"ListItem","position":3,"name":"RRS\u00ae HYALIFT\u00ae 75 (6 x 5ml)"}]},{"@type":"WebSite","@id":"https:\/\/mylipfiller.com\/#website","url":"https:\/\/mylipfiller.com\/","name":"Mi relleno de labios","description":"Rellenos d\u00e9rmicos y de labios con \u00e1cido hialur\u00f3nico","publisher":{"@id":"https:\/\/mylipfiller.com\/#organization"},"potentialAction":[{"@type":"SearchAction","target":{"@type":"EntryPoint","urlTemplate":"https:\/\/mylipfiller.com\/?s={search_term_string}"},"query-input":{"@type":"PropertyValueSpecification","valueRequired":true,"valueName":"search_term_string"}}],"inLanguage":"es"},{"@type":"Organization","@id":"https:\/\/mylipfiller.com\/#organization","name":"Mi relleno de labios","url":"https:\/\/mylipfiller.com\/","logo":{"@type":"ImageObject","inLanguage":"es","@id":"https:\/\/mylipfiller.com\/#\/schema\/logo\/image\/","url":"https:\/\/cdn.mylipfiller.com\/wp-content\/uploads\/2019\/02\/cropped-My-Lip-Filler-Logo.png","contentUrl":"https:\/\/cdn.mylipfiller.com\/wp-content\/uploads\/2019\/02\/cropped-My-Lip-Filler-Logo.png","width":240,"height":88,"caption":"My Lip Filler"},"image":{"@id":"https:\/\/mylipfiller.com\/#\/schema\/logo\/image\/"}}]}},"_links":{"self":[{"href":"https:\/\/mylipfiller.com\/es\/wp-json\/wp\/v2\/product\/38950","targetHints":{"allow":["GET"]}}],"collection":[{"href":"https:\/\/mylipfiller.com\/es\/wp-json\/wp\/v2\/product"}],"about":[{"href":"https:\/\/mylipfiller.com\/es\/wp-json\/wp\/v2\/types\/product"}],"wp:featuredmedia":[{"embeddable":true,"href":"https:\/\/mylipfiller.com\/es\/wp-json\/wp\/v2\/media\/38937"}],"wp:attachment":[{"href":"https:\/\/mylipfiller.com\/es\/wp-json\/wp\/v2\/media?parent=38950"}],"wp:term":[{"taxonomy":"product_brand","embeddable":true,"href":"https:\/\/mylipfiller.com\/es\/wp-json\/wp\/v2\/product_brand?post=38950"},{"taxonomy":"product_cat","embeddable":true,"href":"https:\/\/mylipfiller.com\/es\/wp-json\/wp\/v2\/product_cat?post=38950"},{"taxonomy":"product_tag","embeddable":true,"href":"https:\/\/mylipfiller.com\/es\/wp-json\/wp\/v2\/product_tag?post=38950"}],"curies":[{"name":"gracias","href":"https:\/\/api.w.org\/{rel}","templated":true}]}}