{"id":38951,"date":"2023-01-27T18:29:19","date_gmt":"2023-01-27T16:29:19","guid":{"rendered":"https:\/\/mylipfiller.com\/?post_type=product&#038;p=38951"},"modified":"2025-07-08T10:49:34","modified_gmt":"2025-07-08T08:49:34","slug":"rrs-hyalift-75-proactive-6-x-5ml","status":"publish","type":"product","link":"https:\/\/mylipfiller.com\/es\/rrs-hyalift-75-proactive-6-x-5ml\/","title":{"rendered":"RRS\u00ae HYALIFT\u00ae 75 PROACTIVO (6 x 5ml)"},"content":{"rendered":"<p>Una diferencia notable de RRS Hyalift 75 ProActive con respecto a otros productos meso HA son los diferentes pesos moleculares del \u00e1cido hialur\u00f3nico. Como ingrediente activo no reticulado, el inyectable llega a las partes del tejido de la piel donde tendr\u00e1 el mayor efecto. Las arrugas finas y las l\u00edneas superficiales se eliminan r\u00e1pidamente despu\u00e9s del tratamiento, y la piel fl\u00e1cida se levanta y se vuelve m\u00e1s firme.<\/p>\n<p>Adem\u00e1s del \u00e1cido hialur\u00f3nico de alta calidad, RRS Hyalift 75 ProActive tambi\u00e9n contiene 16 amino\u00e1cidos, 5 polifenoles y 6 antioxidantes para restaurar eficazmente la piel a su condici\u00f3n juvenil. El resultado es una apariencia regordeta, saludable y juvenil.<\/p>\n<p>La l\u00ednea de productos RRS est\u00e1 desarrollada por Skin Tech Pharma Group, que es un fabricante espa\u00f1ol de dispositivos m\u00e9dicos, cosm\u00e9ticos y productos de mesoterapia, con m\u00e1s de 25 a\u00f1os de experiencia. Ofrecen una de las gamas m\u00e1s completas de productos antienvejecimiento del mercado, proporcionando la soluci\u00f3n adecuada para casi todas las necesidades.<\/p>\n<h3>\u00c1reas de tratamiento:<\/h3>\n<ul>\n<li>Cara<\/li>\n<li>Cuello<\/li>\n<li>Escote<\/li>\n<li>Manos<\/li>\n<\/ul>\n<p>Cada caja de meso skin solution, contiene 6 ampollas de 5ml cada una.<\/p>\n<p>Hyalift 75 ProActive es un c\u00f3ctel de \u00e1cido hialur\u00f3nico (no reticulado), 16 amino\u00e1cidos, 5 polifenoles y 6 antioxidantes, que combinados ofrecen un cuidado \u00f3ptimo de la piel con un notable rejuvenecimiento.<\/p>\n<p>Los ingredientes principales de RRS Hyalift 75 ProActive son:<\/p>\n<ul>\n<li>HA (\u00c1cido Hialur\u00f3nico) no reticulado 75mg\/5ml<\/li>\n<li>16 amino\u00e1cidos<\/li>\n<li>5 polifenoles<\/li>\n<li>6 antioxidantes.<\/li>\n<\/ul>","protected":false},"excerpt":{"rendered":"<p>RRS Hyalift 75 ProActive es una soluci\u00f3n potente e innovadora para revitalizar la piel y suavizar las l\u00edneas finas de la cara, el cuello, el escote y las manos, que tambi\u00e9n restaura la elasticidad y la suavidad de la piel. Los resultados de este producto de mesoterapia est\u00e1n cient\u00edficamente comprobados con <em>primeros resultados de rejuvenecimiento<\/em> de la piel garantizado.<\/p>","protected":false},"featured_media":38936,"template":"","meta":{"_acf_changed":false},"product_brand":[],"product_cat":[89,18],"product_tag":[90,138,111,141,150,147,129,145,143,132,149],"class_list":{"0":"post-38951","1":"product","2":"type-product","3":"status-publish","4":"has-post-thumbnail","6":"product_cat-big-holiday-sale","7":"product_cat-mesotherapy","8":"product_tag-90","9":"product_tag-anti-aging","10":"product_tag-face","11":"product_tag-lifting","12":"product_tag-mesococktails","13":"product_tag-moisturizing","14":"product_tag-neck-wrinkles","15":"product_tag-nourishing","16":"product_tag-rejuvenating","17":"product_tag-sagging-skin","18":"product_tag-volume-5-ml","20":"first","21":"outofstock","22":"taxable","23":"shipping-taxable","24":"purchasable","25":"product-type-simple"},"acf":[],"yoast_head":"<!-- This site is optimized with the Yoast SEO plugin v27.4 - https:\/\/yoast.com\/product\/yoast-seo-wordpress\/ -->\n<title>Buy RRS\u00ae HYALIFT\u00ae 75 PROACTIVE (6 x 5ml) - Fillers from My Lip Filler<\/title>\n<meta name=\"description\" content=\"\u2765Buy RRS\u00ae HYALIFT\u00ae 75 PROACTIVE (6 x 5ml) \u23e9 My Lip Filler online store \u27a6 Quality assurance, reviews, ingredients, best prices!\" \/>\n<meta name=\"robots\" content=\"index, follow, max-snippet:-1, max-image-preview:large, max-video-preview:-1\" \/>\n<link rel=\"canonical\" href=\"https:\/\/mylipfiller.com\/es\/rrs-hyalift-75-proactive-6-x-5ml\/\" \/>\n<meta property=\"og:locale\" content=\"es_MX\" \/>\n<meta property=\"og:type\" content=\"article\" \/>\n<meta property=\"og:title\" content=\"Buy RRS\u00ae HYALIFT\u00ae 75 PROACTIVE (6 x 5ml) - Fillers from My Lip Filler\" \/>\n<meta property=\"og:description\" content=\"\u2765Buy RRS\u00ae HYALIFT\u00ae 75 PROACTIVE (6 x 5ml) \u23e9 My Lip Filler online store \u27a6 Quality assurance, reviews, ingredients, best prices!\" \/>\n<meta property=\"og:url\" content=\"https:\/\/mylipfiller.com\/es\/rrs-hyalift-75-proactive-6-x-5ml\/\" \/>\n<meta property=\"og:site_name\" content=\"My Lip Filler\" \/>\n<meta property=\"article:modified_time\" content=\"2025-07-08T08:49:34+00:00\" \/>\n<meta property=\"og:image\" content=\"https:\/\/cdn.mylipfiller.com\/wp-content\/uploads\/2023\/01\/RRS-HYALIFT-75-PROACTIVE-1.jpg\" \/>\n\t<meta property=\"og:image:width\" content=\"600\" \/>\n\t<meta property=\"og:image:height\" content=\"600\" \/>\n\t<meta property=\"og:image:type\" content=\"image\/jpeg\" \/>\n<meta name=\"twitter:card\" content=\"summary_large_image\" \/>\n<meta name=\"twitter:label1\" content=\"Tiempo de lectura\" \/>\n\t<meta name=\"twitter:data1\" content=\"2 minutos\" \/>\n<script type=\"application\/ld+json\" class=\"yoast-schema-graph\">{\"@context\":\"https:\\\/\\\/schema.org\",\"@graph\":[{\"@type\":\"WebPage\",\"@id\":\"https:\\\/\\\/mylipfiller.com\\\/rrs-hyalift-75-proactive-6-x-5ml\\\/\",\"url\":\"https:\\\/\\\/mylipfiller.com\\\/rrs-hyalift-75-proactive-6-x-5ml\\\/\",\"name\":\"Buy RRS\u00ae HYALIFT\u00ae 75 PROACTIVE (6 x 5ml) - Fillers from My Lip Filler\",\"isPartOf\":{\"@id\":\"https:\\\/\\\/mylipfiller.com\\\/#website\"},\"primaryImageOfPage\":{\"@id\":\"https:\\\/\\\/mylipfiller.com\\\/rrs-hyalift-75-proactive-6-x-5ml\\\/#primaryimage\"},\"image\":{\"@id\":\"https:\\\/\\\/mylipfiller.com\\\/rrs-hyalift-75-proactive-6-x-5ml\\\/#primaryimage\"},\"thumbnailUrl\":\"https:\\\/\\\/mylipfiller.com\\\/wp-content\\\/uploads\\\/2023\\\/01\\\/RRS-HYALIFT-75-PROACTIVE-1.jpg\",\"datePublished\":\"2023-01-27T16:29:19+00:00\",\"dateModified\":\"2025-07-08T08:49:34+00:00\",\"description\":\"\u2765Buy RRS\u00ae HYALIFT\u00ae 75 PROACTIVE (6 x 5ml) \u23e9 My Lip Filler online store \u27a6 Quality assurance, reviews, ingredients, best prices!\",\"breadcrumb\":{\"@id\":\"https:\\\/\\\/mylipfiller.com\\\/rrs-hyalift-75-proactive-6-x-5ml\\\/#breadcrumb\"},\"inLanguage\":\"es\",\"potentialAction\":[{\"@type\":\"ReadAction\",\"target\":[\"https:\\\/\\\/mylipfiller.com\\\/rrs-hyalift-75-proactive-6-x-5ml\\\/\"]}]},{\"@type\":\"ImageObject\",\"inLanguage\":\"es\",\"@id\":\"https:\\\/\\\/mylipfiller.com\\\/rrs-hyalift-75-proactive-6-x-5ml\\\/#primaryimage\",\"url\":\"https:\\\/\\\/mylipfiller.com\\\/wp-content\\\/uploads\\\/2023\\\/01\\\/RRS-HYALIFT-75-PROACTIVE-1.jpg\",\"contentUrl\":\"https:\\\/\\\/mylipfiller.com\\\/wp-content\\\/uploads\\\/2023\\\/01\\\/RRS-HYALIFT-75-PROACTIVE-1.jpg\",\"width\":600,\"height\":600,\"caption\":\"RRS HYALIFT 75 PROACTIVE\"},{\"@type\":\"BreadcrumbList\",\"@id\":\"https:\\\/\\\/mylipfiller.com\\\/rrs-hyalift-75-proactive-6-x-5ml\\\/#breadcrumb\",\"itemListElement\":[{\"@type\":\"ListItem\",\"position\":1,\"name\":\"Home\",\"item\":\"https:\\\/\\\/mylipfiller.com\\\/\"},{\"@type\":\"ListItem\",\"position\":2,\"name\":\"Shop\",\"item\":\"https:\\\/\\\/mylipfiller.com\\\/shop\\\/\"},{\"@type\":\"ListItem\",\"position\":3,\"name\":\"RRS\u00ae HYALIFT\u00ae 75 PROACTIVE (6 x 5ml)\"}]},{\"@type\":\"WebSite\",\"@id\":\"https:\\\/\\\/mylipfiller.com\\\/#website\",\"url\":\"https:\\\/\\\/mylipfiller.com\\\/\",\"name\":\"My Lip Filler\",\"description\":\"Hyaluronic Acid Lip and Dermal Fillers\",\"publisher\":{\"@id\":\"https:\\\/\\\/mylipfiller.com\\\/#organization\"},\"potentialAction\":[{\"@type\":\"SearchAction\",\"target\":{\"@type\":\"EntryPoint\",\"urlTemplate\":\"https:\\\/\\\/mylipfiller.com\\\/?s={search_term_string}\"},\"query-input\":{\"@type\":\"PropertyValueSpecification\",\"valueRequired\":true,\"valueName\":\"search_term_string\"}}],\"inLanguage\":\"es\"},{\"@type\":\"Organization\",\"@id\":\"https:\\\/\\\/mylipfiller.com\\\/#organization\",\"name\":\"My Lip Filler\",\"url\":\"https:\\\/\\\/mylipfiller.com\\\/\",\"logo\":{\"@type\":\"ImageObject\",\"inLanguage\":\"es\",\"@id\":\"https:\\\/\\\/mylipfiller.com\\\/#\\\/schema\\\/logo\\\/image\\\/\",\"url\":\"https:\\\/\\\/mylipfiller.com\\\/wp-content\\\/uploads\\\/2019\\\/02\\\/cropped-My-Lip-Filler-Logo.png\",\"contentUrl\":\"https:\\\/\\\/mylipfiller.com\\\/wp-content\\\/uploads\\\/2019\\\/02\\\/cropped-My-Lip-Filler-Logo.png\",\"width\":240,\"height\":88,\"caption\":\"My Lip Filler\"},\"image\":{\"@id\":\"https:\\\/\\\/mylipfiller.com\\\/#\\\/schema\\\/logo\\\/image\\\/\"}}]}<\/script>\n<!-- \/ Yoast SEO plugin. -->","yoast_head_json":{"title":"Comprar RRS\u00ae HYALIFT\u00ae 75 PROACTIVE (6 x 5ml) - Rellenos de My Lip Filler","description":"\u2765Compra RRS\u00ae HYALIFT\u00ae 75 PROACTIVE (6 x 5ml) \u23e9 Tienda online My Lip Filler \u27a6 Garant\u00eda de calidad, rese\u00f1as, ingredientes, \u00a1los mejores precios!","robots":{"index":"index","follow":"follow","max-snippet":"max-snippet:-1","max-image-preview":"max-image-preview:large","max-video-preview":"max-video-preview:-1"},"canonical":"https:\/\/mylipfiller.com\/es\/rrs-hyalift-75-proactive-6-x-5ml\/","og_locale":"es_MX","og_type":"article","og_title":"Buy RRS\u00ae HYALIFT\u00ae 75 PROACTIVE (6 x 5ml) - Fillers from My Lip Filler","og_description":"\u2765Buy RRS\u00ae HYALIFT\u00ae 75 PROACTIVE (6 x 5ml) \u23e9 My Lip Filler online store \u27a6 Quality assurance, reviews, ingredients, best prices!","og_url":"https:\/\/mylipfiller.com\/es\/rrs-hyalift-75-proactive-6-x-5ml\/","og_site_name":"My Lip Filler","article_modified_time":"2025-07-08T08:49:34+00:00","og_image":[{"width":600,"height":600,"url":"https:\/\/cdn.mylipfiller.com\/wp-content\/uploads\/2023\/01\/RRS-HYALIFT-75-PROACTIVE-1.jpg","type":"image\/jpeg"}],"twitter_card":"summary_large_image","twitter_misc":{"Tiempo de lectura":"2 minutos"},"schema":{"@context":"https:\/\/schema.org","@graph":[{"@type":"WebPage","@id":"https:\/\/mylipfiller.com\/rrs-hyalift-75-proactive-6-x-5ml\/","url":"https:\/\/mylipfiller.com\/rrs-hyalift-75-proactive-6-x-5ml\/","name":"Comprar RRS\u00ae HYALIFT\u00ae 75 PROACTIVE (6 x 5ml) - Rellenos de My Lip Filler","isPartOf":{"@id":"https:\/\/mylipfiller.com\/#website"},"primaryImageOfPage":{"@id":"https:\/\/mylipfiller.com\/rrs-hyalift-75-proactive-6-x-5ml\/#primaryimage"},"image":{"@id":"https:\/\/mylipfiller.com\/rrs-hyalift-75-proactive-6-x-5ml\/#primaryimage"},"thumbnailUrl":"https:\/\/cdn.mylipfiller.com\/wp-content\/uploads\/2023\/01\/RRS-HYALIFT-75-PROACTIVE-1.jpg","datePublished":"2023-01-27T16:29:19+00:00","dateModified":"2025-07-08T08:49:34+00:00","description":"\u2765Compra RRS\u00ae HYALIFT\u00ae 75 PROACTIVE (6 x 5ml) \u23e9 Tienda online My Lip Filler \u27a6 Garant\u00eda de calidad, rese\u00f1as, ingredientes, \u00a1los mejores precios!","breadcrumb":{"@id":"https:\/\/mylipfiller.com\/rrs-hyalift-75-proactive-6-x-5ml\/#breadcrumb"},"inLanguage":"es","potentialAction":[{"@type":"ReadAction","target":["https:\/\/mylipfiller.com\/rrs-hyalift-75-proactive-6-x-5ml\/"]}]},{"@type":"ImageObject","inLanguage":"es","@id":"https:\/\/mylipfiller.com\/rrs-hyalift-75-proactive-6-x-5ml\/#primaryimage","url":"https:\/\/cdn.mylipfiller.com\/wp-content\/uploads\/2023\/01\/RRS-HYALIFT-75-PROACTIVE-1.jpg","contentUrl":"https:\/\/cdn.mylipfiller.com\/wp-content\/uploads\/2023\/01\/RRS-HYALIFT-75-PROACTIVE-1.jpg","width":600,"height":600,"caption":"RRS HYALIFT 75 PROACTIVE"},{"@type":"BreadcrumbList","@id":"https:\/\/mylipfiller.com\/rrs-hyalift-75-proactive-6-x-5ml\/#breadcrumb","itemListElement":[{"@type":"ListItem","position":1,"name":"Home","item":"https:\/\/mylipfiller.com\/"},{"@type":"ListItem","position":2,"name":"Shop","item":"https:\/\/mylipfiller.com\/shop\/"},{"@type":"ListItem","position":3,"name":"RRS\u00ae HYALIFT\u00ae 75 PROACTIVE (6 x 5ml)"}]},{"@type":"WebSite","@id":"https:\/\/mylipfiller.com\/#website","url":"https:\/\/mylipfiller.com\/","name":"Mi relleno de labios","description":"Rellenos d\u00e9rmicos y de labios con \u00e1cido hialur\u00f3nico","publisher":{"@id":"https:\/\/mylipfiller.com\/#organization"},"potentialAction":[{"@type":"SearchAction","target":{"@type":"EntryPoint","urlTemplate":"https:\/\/mylipfiller.com\/?s={search_term_string}"},"query-input":{"@type":"PropertyValueSpecification","valueRequired":true,"valueName":"search_term_string"}}],"inLanguage":"es"},{"@type":"Organization","@id":"https:\/\/mylipfiller.com\/#organization","name":"Mi relleno de labios","url":"https:\/\/mylipfiller.com\/","logo":{"@type":"ImageObject","inLanguage":"es","@id":"https:\/\/mylipfiller.com\/#\/schema\/logo\/image\/","url":"https:\/\/cdn.mylipfiller.com\/wp-content\/uploads\/2019\/02\/cropped-My-Lip-Filler-Logo.png","contentUrl":"https:\/\/cdn.mylipfiller.com\/wp-content\/uploads\/2019\/02\/cropped-My-Lip-Filler-Logo.png","width":240,"height":88,"caption":"My Lip Filler"},"image":{"@id":"https:\/\/mylipfiller.com\/#\/schema\/logo\/image\/"}}]}},"_links":{"self":[{"href":"https:\/\/mylipfiller.com\/es\/wp-json\/wp\/v2\/product\/38951","targetHints":{"allow":["GET"]}}],"collection":[{"href":"https:\/\/mylipfiller.com\/es\/wp-json\/wp\/v2\/product"}],"about":[{"href":"https:\/\/mylipfiller.com\/es\/wp-json\/wp\/v2\/types\/product"}],"wp:featuredmedia":[{"embeddable":true,"href":"https:\/\/mylipfiller.com\/es\/wp-json\/wp\/v2\/media\/38936"}],"wp:attachment":[{"href":"https:\/\/mylipfiller.com\/es\/wp-json\/wp\/v2\/media?parent=38951"}],"wp:term":[{"taxonomy":"product_brand","embeddable":true,"href":"https:\/\/mylipfiller.com\/es\/wp-json\/wp\/v2\/product_brand?post=38951"},{"taxonomy":"product_cat","embeddable":true,"href":"https:\/\/mylipfiller.com\/es\/wp-json\/wp\/v2\/product_cat?post=38951"},{"taxonomy":"product_tag","embeddable":true,"href":"https:\/\/mylipfiller.com\/es\/wp-json\/wp\/v2\/product_tag?post=38951"}],"curies":[{"name":"gracias","href":"https:\/\/api.w.org\/{rel}","templated":true}]}}